{"id":1,"date":"2010-03-02T21:50:15","date_gmt":"2010-03-03T02:50:15","guid":{"rendered":"http:\/\/ww1.bareoaks.ca\/?page_id=1"},"modified":"2021-12-28T13:31:40","modified_gmt":"2021-12-28T18:31:40","slug":"home","status":"publish","type":"page","link":"https:\/\/www.bareoaks.ca\/fr\/","title":{"rendered":"Accueil"},"content":{"rendered":"<p>Le parc naturiste familial Bare Oaks est un parc naturiste ouvert toute l'ann\u00e9e pr\u00e8s de Toronto, au Canada, o\u00f9 toute la famille peut faire l'exp\u00e9rience des valeurs naturistes traditionnelles dans un cadre moderne. Nous sommes nich\u00e9s dans la nature sauvage de la ceinture verte de l'Ontario et de la moraine d'Oak Ridges. Notre paysage vari\u00e9 comprend des espaces ouverts, des for\u00eats, des \u00e9tangs, des ruisseaux et un petit lac. Nous disposons \u00e9galement de nombreuses installations de loisirs. Notre clubhouse offre des services tout au long de l'ann\u00e9e, notamment des saunas et un bain \u00e0 remous. Bare Oaks propose des abonnements de jour et des emplacements de camping saisonniers, mais accueille \u00e9galement les visiteurs et les voyageurs.<\/p>\n\n\n\n<p>Certains pourraient utiliser les termes nudiste et nudisme pour nous d\u00e9crire et d\u00e9crire ce que nous faisons. Mais nous pr\u00e9f\u00e9rons naturiste et naturisme parce que notre credo est bien plus que le simple fait de se d\u00e9shabiller. Il s'agit d'une philosophie de vie qui pr\u00e9sente des avantages physiques, psychologiques, environnementaux, sociaux et moraux. Nous allons au-del\u00e0 d'une simple activit\u00e9 r\u00e9cr\u00e9ative et promouvons un naturisme \u00e9thique. Nous nous effor\u00e7ons de vivre une vie naturiste et la nudit\u00e9 est essentielle \u00e0 l'acceptation du corps et fait partie int\u00e9grante de notre philosophie naturiste. En tant que tels, nous ne sommes pas v\u00eatus de mani\u00e8re facultative. Les v\u00eatements ne sont port\u00e9s que pour se prot\u00e9ger. Mais nous donnons aux nouveaux visiteurs une chance de s'adapter.<\/p>\n\n\n\n<p>Situ\u00e9 entre Toronto et la porte d'entr\u00e9e de la r\u00e9gion des cottages de l'Ontario, c'est l'endroit id\u00e9al pour s\u00e9journer lors de votre visite \u00e0 Toronto. Un court trajet en voiture vers le sud sur l'autoroute #404 vous permet de rejoindre Toronto en 30 minutes environ.<\/p>\n\n\n\n<div class=\"wp-block-columns has-accent-font-background-color has-background is-layout-flex wp-container-core-columns-is-layout-9d6595d7 wp-block-columns-is-layout-flex\">\n<div class=\"wp-block-column is-layout-flow wp-block-column-is-layout-flow\">\n<figure class=\"wp-block-image size-large is-style-default\"><a href=\"https:\/\/www.bareoaks.ca\/fr\/?page_id=4\"><img loading=\"lazy\" decoding=\"async\" width=\"145\" height=\"145\" src=\"https:\/\/www.bareoaks.ca\/wp-content\/uploads\/2010\/08\/icon-accommodations.jpg\" alt=\"\" class=\"wp-image-27253\"\/><\/a><figcaption><a href=\"\/fr\/?page_id=4\">H\u00e9bergement<\/a><\/figcaption><\/figure>\n<\/div>\n\n\n\n<div class=\"wp-block-column is-layout-flow wp-block-column-is-layout-flow\">\n<figure class=\"wp-block-image size-large is-style-default\"><a href=\"https:\/\/www.bareoaks.ca\/fr\/?page_id=5\"><img loading=\"lazy\" decoding=\"async\" width=\"145\" height=\"145\" src=\"https:\/\/www.bareoaks.ca\/wp-content\/uploads\/2010\/08\/icon-rates.jpg\" alt=\"\" class=\"wp-image-27323\"\/><\/a><figcaption><a href=\"\/fr\/?page_id=5\">Tarifs<\/a><\/figcaption><\/figure>\n<\/div>\n\n\n\n<div class=\"wp-block-column is-layout-flow wp-block-column-is-layout-flow\">\n<figure class=\"wp-block-image size-large is-resized is-style-default\"><a href=\"https:\/\/www.bareoaks.ca\/fr\/?page_id=7\"><img loading=\"lazy\" decoding=\"async\" src=\"https:\/\/www.bareoaks.ca\/wp-content\/uploads\/2010\/08\/icon-bare-bistro-restaurant.jpg\" alt=\"\" class=\"wp-image-27273\" width=\"145\" height=\"145\"\/><\/a><figcaption><a href=\"\/fr\/?page_id=7\">Restaurant Bare Bistro<\/a><\/figcaption><\/figure>\n<\/div>\n\n\n\n<div class=\"wp-block-column is-layout-flow wp-block-column-is-layout-flow\">\n<figure class=\"wp-block-image size-large is-style-default\"><a href=\"https:\/\/www.bareoaks.ca\/fr\/?page_id=20\"><img loading=\"lazy\" decoding=\"async\" width=\"145\" height=\"145\" src=\"https:\/\/www.bareoaks.ca\/wp-content\/uploads\/2010\/08\/icon-trailer-sale.jpg\" alt=\"\" class=\"wp-image-27343\"\/><\/a><figcaption><a href=\"\/fr\/?page_id=20\">Vente de remorques<\/a><\/figcaption><\/figure>\n<\/div>\n\n\n\n<div class=\"wp-block-column is-layout-flow wp-block-column-is-layout-flow\">\n<figure class=\"wp-block-image size-large is-style-default\"><a href=\"https:\/\/www.bareoaks.ca\/fr\/?page_id=8\"><img loading=\"lazy\" decoding=\"async\" width=\"145\" height=\"145\" src=\"https:\/\/www.bareoaks.ca\/wp-content\/uploads\/2010\/08\/icon-policies-regulations.jpg\" alt=\"\" class=\"wp-image-27313\"\/><\/a><figcaption><a href=\"\/fr\/member-and-visitor-agreement\/\">Politiques et r\u00e8glements<\/a><\/figcaption><\/figure>\n<\/div>\n\n\n\n<div class=\"wp-block-column is-layout-flow wp-block-column-is-layout-flow\">\n<figure class=\"wp-block-image size-large is-style-default\"><a href=\"https:\/\/www.bareoaks.ca\/fr\/?page_id=18\"><img loading=\"lazy\" decoding=\"async\" width=\"145\" height=\"145\" src=\"https:\/\/www.bareoaks.ca\/wp-content\/uploads\/2010\/03\/directions-145x145.jpg\" alt=\"\" class=\"wp-image-29155\"\/><\/a><figcaption><a href=\"\/fr\/?page_id=18\">Directions<\/a><\/figcaption><\/figure>\n<\/div>\n<\/div>","protected":false},"excerpt":{"rendered":"<p>Le parc naturiste familial Bare Oaks est un parc naturiste ouvert toute l'ann\u00e9e pr\u00e8s de Toronto, au Canada, o\u00f9 toute la famille peut faire l'exp\u00e9rience des valeurs naturistes traditionnelles dans un cadre moderne. Nous sommes nich\u00e9s dans la nature sauvage de la ceinture verte de l'Ontario et de la moraine d'Oak Ridges. Notre paysage vari\u00e9 comprend des espaces ouverts, des for\u00eats, des \u00e9tangs, des ruisseaux et un petit lac. Nous disposons \u00e9galement de nombreuses installations de loisirs. Notre clubhouse offre des services tout au long de l'ann\u00e9e, notamment des saunas et un bain \u00e0 remous. Bare Oaks propose des abonnements \u00e0 la journ\u00e9e et des emplacements de camping saisonniers, mais accueille \u00e9galement les visiteurs et les voyageurs. Certains pourraient utiliser les termes nudiste et nudisme pour nous d\u00e9crire et d\u00e9crire ce que nous faisons. Mais nous pr\u00e9f\u00e9rons naturiste et<a class=\"more-link\" href=\"https:\/\/www.bareoaks.ca\/fr\/\">Lire la suite \u2192<\/a><\/p>","protected":false},"author":73,"featured_media":0,"parent":0,"menu_order":23,"comment_status":"closed","ping_status":"closed","template":"","meta":{"_themeisle_gutenberg_block_has_review":false,"footnotes":""},"class_list":["entry","author-sdeschenes","post-1","page","type-page","status-publish"],"yoast_head":"<!-- This site is optimized with the Yoast SEO plugin v27.4 - https:\/\/yoast.com\/product\/yoast-seo-wordpress\/ -->\n<title>Home &#8226; Bare Oaks Family Naturist Park<\/title>\n<meta name=\"robots\" content=\"index, follow, max-snippet:-1, max-image-preview:large, max-video-preview:-1\" \/>\n<link rel=\"canonical\" href=\"https:\/\/www.bareoaks.ca\/fr\/\" \/>\n<meta property=\"og:locale\" content=\"fr_CA\" \/>\n<meta property=\"og:type\" content=\"article\" \/>\n<meta property=\"og:title\" content=\"Home &#8226; Bare Oaks Family Naturist Park\" \/>\n<meta property=\"og:description\" content=\"Bare Oaks Family Naturist Park is a year-round naturist park near Toronto in Canada where the entire family can experience traditional naturist values in a modern setting. We are nestled among the natural wilderness of the Ontario Greenbelt and Oak Ridges Moraine. Our varied landscape includes open spaces, forests, ponds, streams and a small lake. We also have many recreational facilities. Our clubhouse provides year-round amenities including saunas and a whirlpool. Bare Oaks offers day-use memberships and seasonal campsites but also welcomes visitors and travellers. Some might use the terms nudist and nudism to describe us and what we do. But we prefer naturist andRead More &rarr;\" \/>\n<meta property=\"og:url\" content=\"https:\/\/www.bareoaks.ca\/fr\/\" \/>\n<meta property=\"og:site_name\" content=\"Bare Oaks Family Naturist Park\" \/>\n<meta property=\"article:publisher\" content=\"https:\/\/www.facebook.com\/BareOaksPark\" \/>\n<meta property=\"article:modified_time\" content=\"2021-12-28T18:31:40+00:00\" \/>\n<meta property=\"og:image\" content=\"https:\/\/www.bareoaks.ca\/wp-content\/uploads\/2010\/08\/icon-accommodations.jpg\" \/>\n<meta name=\"twitter:card\" content=\"summary_large_image\" \/>\n<meta name=\"twitter:site\" content=\"@BareOaksPark\" \/>\n<meta name=\"twitter:label1\" content=\"Estimation du temps de lecture\" \/>\n\t<meta name=\"twitter:data1\" content=\"3 minutes\" \/>\n<script type=\"application\/ld+json\" class=\"yoast-schema-graph\">{\"@context\":\"https:\\\/\\\/schema.org\",\"@graph\":[{\"@type\":\"WebPage\",\"@id\":\"https:\\\/\\\/www.bareoaks.ca\\\/\",\"url\":\"https:\\\/\\\/www.bareoaks.ca\\\/\",\"name\":\"Home &#8226; Bare Oaks Family Naturist Park\",\"isPartOf\":{\"@id\":\"https:\\\/\\\/www.bareoaks.ca\\\/#website\"},\"primaryImageOfPage\":{\"@id\":\"https:\\\/\\\/www.bareoaks.ca\\\/#primaryimage\"},\"image\":{\"@id\":\"https:\\\/\\\/www.bareoaks.ca\\\/#primaryimage\"},\"thumbnailUrl\":\"https:\\\/\\\/www.bareoaks.ca\\\/wp-content\\\/uploads\\\/2010\\\/08\\\/icon-accommodations.jpg\",\"datePublished\":\"2010-03-03T02:50:15+00:00\",\"dateModified\":\"2021-12-28T18:31:40+00:00\",\"breadcrumb\":{\"@id\":\"https:\\\/\\\/www.bareoaks.ca\\\/#breadcrumb\"},\"inLanguage\":\"fr-CA\",\"potentialAction\":[{\"@type\":\"ReadAction\",\"target\":[\"https:\\\/\\\/www.bareoaks.ca\\\/\"]}]},{\"@type\":\"ImageObject\",\"inLanguage\":\"fr-CA\",\"@id\":\"https:\\\/\\\/www.bareoaks.ca\\\/#primaryimage\",\"url\":\"https:\\\/\\\/www.bareoaks.ca\\\/wp-content\\\/uploads\\\/2010\\\/08\\\/icon-accommodations.jpg\",\"contentUrl\":\"https:\\\/\\\/www.bareoaks.ca\\\/wp-content\\\/uploads\\\/2010\\\/08\\\/icon-accommodations.jpg\"},{\"@type\":\"BreadcrumbList\",\"@id\":\"https:\\\/\\\/www.bareoaks.ca\\\/#breadcrumb\",\"itemListElement\":[{\"@type\":\"ListItem\",\"position\":1,\"name\":\"Home\",\"item\":\"https:\\\/\\\/www.bareoaks.ca\\\/\"},{\"@type\":\"ListItem\",\"position\":2,\"name\":\"Home\"}]},{\"@type\":\"WebSite\",\"@id\":\"https:\\\/\\\/www.bareoaks.ca\\\/#website\",\"url\":\"https:\\\/\\\/www.bareoaks.ca\\\/\",\"name\":\"Bare Oaks Family Naturist Park\",\"description\":\"Traditional naturist values in a modern setting\",\"publisher\":{\"@id\":\"https:\\\/\\\/www.bareoaks.ca\\\/#organization\"},\"potentialAction\":[{\"@type\":\"SearchAction\",\"target\":{\"@type\":\"EntryPoint\",\"urlTemplate\":\"https:\\\/\\\/www.bareoaks.ca\\\/?s={search_term_string}\"},\"query-input\":{\"@type\":\"PropertyValueSpecification\",\"valueRequired\":true,\"valueName\":\"search_term_string\"}}],\"inLanguage\":\"fr-CA\"},{\"@type\":\"Organization\",\"@id\":\"https:\\\/\\\/www.bareoaks.ca\\\/#organization\",\"name\":\"Bare Oaks Family Naturist Park\",\"url\":\"https:\\\/\\\/www.bareoaks.ca\\\/\",\"logo\":{\"@type\":\"ImageObject\",\"inLanguage\":\"fr-CA\",\"@id\":\"https:\\\/\\\/www.bareoaks.ca\\\/#\\\/schema\\\/logo\\\/image\\\/\",\"url\":\"https:\\\/\\\/www.bareoaks.ca\\\/wp-content\\\/uploads\\\/2025\\\/07\\\/BareOaksLogo_website.png\",\"contentUrl\":\"https:\\\/\\\/www.bareoaks.ca\\\/wp-content\\\/uploads\\\/2025\\\/07\\\/BareOaksLogo_website.png\",\"width\":250,\"height\":132,\"caption\":\"Bare Oaks Family Naturist Park\"},\"image\":{\"@id\":\"https:\\\/\\\/www.bareoaks.ca\\\/#\\\/schema\\\/logo\\\/image\\\/\"},\"sameAs\":[\"https:\\\/\\\/www.facebook.com\\\/BareOaksPark\",\"https:\\\/\\\/x.com\\\/BareOaksPark\",\"https:\\\/\\\/www.instagram.com\\\/bareoaks\\\/\",\"http:\\\/\\\/www.linkedin.com\\\/company\\\/bare-oaks-family-naturist-park\",\"https:\\\/\\\/www.youtube.com\\\/user\\\/BareOaks\",\"https:\\\/\\\/en.wikipedia.org\\\/wiki\\\/Bare_Oaks_Family_Naturist_Park\"]}]}<\/script>\n<!-- \/ Yoast SEO plugin. -->","yoast_head_json":{"title":"Accueil - Parc naturiste familial Bare Oaks","robots":{"index":"index","follow":"follow","max-snippet":"max-snippet:-1","max-image-preview":"max-image-preview:large","max-video-preview":"max-video-preview:-1"},"canonical":"https:\/\/www.bareoaks.ca\/fr\/","og_locale":"fr_CA","og_type":"article","og_title":"Home &#8226; Bare Oaks Family Naturist Park","og_description":"Bare Oaks Family Naturist Park is a year-round naturist park near Toronto in Canada where the entire family can experience traditional naturist values in a modern setting. We are nestled among the natural wilderness of the Ontario Greenbelt and Oak Ridges Moraine. Our varied landscape includes open spaces, forests, ponds, streams and a small lake. We also have many recreational facilities. Our clubhouse provides year-round amenities including saunas and a whirlpool. Bare Oaks offers day-use memberships and seasonal campsites but also welcomes visitors and travellers. Some might use the terms nudist and nudism to describe us and what we do. But we prefer naturist andRead More &rarr;","og_url":"https:\/\/www.bareoaks.ca\/fr\/","og_site_name":"Bare Oaks Family Naturist Park","article_publisher":"https:\/\/www.facebook.com\/BareOaksPark","article_modified_time":"2021-12-28T18:31:40+00:00","og_image":[{"url":"https:\/\/www.bareoaks.ca\/wp-content\/uploads\/2010\/08\/icon-accommodations.jpg","type":"","width":"","height":""}],"twitter_card":"summary_large_image","twitter_site":"@BareOaksPark","twitter_misc":{"Estimation du temps de lecture":"3 minutes"},"schema":{"@context":"https:\/\/schema.org","@graph":[{"@type":"WebPage","@id":"https:\/\/www.bareoaks.ca\/","url":"https:\/\/www.bareoaks.ca\/","name":"Accueil - Parc naturiste familial Bare Oaks","isPartOf":{"@id":"https:\/\/www.bareoaks.ca\/#website"},"primaryImageOfPage":{"@id":"https:\/\/www.bareoaks.ca\/#primaryimage"},"image":{"@id":"https:\/\/www.bareoaks.ca\/#primaryimage"},"thumbnailUrl":"https:\/\/www.bareoaks.ca\/wp-content\/uploads\/2010\/08\/icon-accommodations.jpg","datePublished":"2010-03-03T02:50:15+00:00","dateModified":"2021-12-28T18:31:40+00:00","breadcrumb":{"@id":"https:\/\/www.bareoaks.ca\/#breadcrumb"},"inLanguage":"fr-CA","potentialAction":[{"@type":"ReadAction","target":["https:\/\/www.bareoaks.ca\/"]}]},{"@type":"ImageObject","inLanguage":"fr-CA","@id":"https:\/\/www.bareoaks.ca\/#primaryimage","url":"https:\/\/www.bareoaks.ca\/wp-content\/uploads\/2010\/08\/icon-accommodations.jpg","contentUrl":"https:\/\/www.bareoaks.ca\/wp-content\/uploads\/2010\/08\/icon-accommodations.jpg"},{"@type":"BreadcrumbList","@id":"https:\/\/www.bareoaks.ca\/#breadcrumb","itemListElement":[{"@type":"ListItem","position":1,"name":"Home","item":"https:\/\/www.bareoaks.ca\/"},{"@type":"ListItem","position":2,"name":"Home"}]},{"@type":"WebSite","@id":"https:\/\/www.bareoaks.ca\/#website","url":"https:\/\/www.bareoaks.ca\/","name":"Parc naturiste familial Bare Oaks","description":"Des valeurs naturistes traditionnelles dans un cadre moderne","publisher":{"@id":"https:\/\/www.bareoaks.ca\/#organization"},"potentialAction":[{"@type":"SearchAction","target":{"@type":"EntryPoint","urlTemplate":"https:\/\/www.bareoaks.ca\/?s={search_term_string}"},"query-input":{"@type":"PropertyValueSpecification","valueRequired":true,"valueName":"search_term_string"}}],"inLanguage":"fr-CA"},{"@type":"Organization","@id":"https:\/\/www.bareoaks.ca\/#organization","name":"Parc naturiste familial Bare Oaks","url":"https:\/\/www.bareoaks.ca\/","logo":{"@type":"ImageObject","inLanguage":"fr-CA","@id":"https:\/\/www.bareoaks.ca\/#\/schema\/logo\/image\/","url":"https:\/\/www.bareoaks.ca\/wp-content\/uploads\/2025\/07\/BareOaksLogo_website.png","contentUrl":"https:\/\/www.bareoaks.ca\/wp-content\/uploads\/2025\/07\/BareOaksLogo_website.png","width":250,"height":132,"caption":"Bare Oaks Family Naturist Park"},"image":{"@id":"https:\/\/www.bareoaks.ca\/#\/schema\/logo\/image\/"},"sameAs":["https:\/\/www.facebook.com\/BareOaksPark","https:\/\/x.com\/BareOaksPark","https:\/\/www.instagram.com\/bareoaks\/","http:\/\/www.linkedin.com\/company\/bare-oaks-family-naturist-park","https:\/\/www.youtube.com\/user\/BareOaks","https:\/\/en.wikipedia.org\/wiki\/Bare_Oaks_Family_Naturist_Park"]}]}},"_links":{"self":[{"href":"https:\/\/www.bareoaks.ca\/fr\/wp-json\/wp\/v2\/pages\/1","targetHints":{"allow":["GET"]}}],"collection":[{"href":"https:\/\/www.bareoaks.ca\/fr\/wp-json\/wp\/v2\/pages"}],"about":[{"href":"https:\/\/www.bareoaks.ca\/fr\/wp-json\/wp\/v2\/types\/page"}],"author":[{"embeddable":true,"href":"https:\/\/www.bareoaks.ca\/fr\/wp-json\/wp\/v2\/users\/73"}],"replies":[{"embeddable":true,"href":"https:\/\/www.bareoaks.ca\/fr\/wp-json\/wp\/v2\/comments?post=1"}],"version-history":[{"count":17,"href":"https:\/\/www.bareoaks.ca\/fr\/wp-json\/wp\/v2\/pages\/1\/revisions"}],"predecessor-version":[{"id":72867,"href":"https:\/\/www.bareoaks.ca\/fr\/wp-json\/wp\/v2\/pages\/1\/revisions\/72867"}],"wp:attachment":[{"href":"https:\/\/www.bareoaks.ca\/fr\/wp-json\/wp\/v2\/media?parent=1"}],"curies":[{"name":"wp","href":"https:\/\/api.w.org\/{rel}","templated":true}]}}