{"id":10,"date":"2010-03-02T22:10:34","date_gmt":"2010-03-03T03:10:34","guid":{"rendered":"http:\/\/ww1.bareoaks.ca\/?page_id=10"},"modified":"2021-12-28T11:53:15","modified_gmt":"2021-12-28T16:53:15","slug":"historical-info","status":"publish","type":"page","link":"https:\/\/www.bareoaks.ca\/fr\/historical-info\/","title":{"rendered":"Informations historiques sur Bare Oaks"},"content":{"rendered":"<div class=\"wp-block-image is-style-default\"><figure class=\"aligncenter\"><img loading=\"lazy\" decoding=\"async\" width=\"1040\" height=\"250\" src=\"https:\/\/www.bareoaks.ca\/wp-content\/uploads\/2018\/02\/BareOaksHistoryTopBanner1040x250.jpg\" alt=\"\" class=\"wp-image-29615\" srcset=\"https:\/\/www.bareoaks.ca\/wp-content\/uploads\/2018\/02\/BareOaksHistoryTopBanner1040x250.jpg 1040w, https:\/\/www.bareoaks.ca\/wp-content\/uploads\/2018\/02\/BareOaksHistoryTopBanner1040x250-300x72.jpg 300w, https:\/\/www.bareoaks.ca\/wp-content\/uploads\/2018\/02\/BareOaksHistoryTopBanner1040x250-768x185.jpg 768w, https:\/\/www.bareoaks.ca\/wp-content\/uploads\/2018\/02\/BareOaksHistoryTopBanner1040x250-1024x246.jpg 1024w, https:\/\/www.bareoaks.ca\/wp-content\/uploads\/2018\/02\/BareOaksHistoryTopBanner1040x250-425x102.jpg 425w\" sizes=\"auto, (max-width: 1040px) 100vw, 1040px\" \/><\/figure><\/div>\n\n\n\n<div class=\"wp-block-image is-style-default\"><figure class=\"alignright is-resized\"><img loading=\"lazy\" decoding=\"async\" src=\"https:\/\/www.bareoaks.ca\/wp-content\/uploads\/2018\/02\/mid1961_retouched.jpg\" alt=\"\" class=\"wp-image-29625\" width=\"517\" height=\"281\" srcset=\"https:\/\/www.bareoaks.ca\/wp-content\/uploads\/2018\/02\/mid1961_retouched.jpg 600w, https:\/\/www.bareoaks.ca\/wp-content\/uploads\/2018\/02\/mid1961_retouched-300x163.jpg 300w, https:\/\/www.bareoaks.ca\/wp-content\/uploads\/2018\/02\/mid1961_retouched-425x231.jpg 425w\" sizes=\"auto, (max-width: 517px) 100vw, 517px\" \/><\/figure><\/div>\n\n\n\n<p>Tout a commenc\u00e9 avec Eric et June Jarvis. Ils ont d'abord rejoint Sun Valley Gardens (1954-1982) au nord de Fonthill, en Ontario, dans la r\u00e9gion de Niagara.<\/p>\n\n\n\n<p>Le propri\u00e9taire, Karl Ruehle, \u00e9tait connu pour \u00eatre un individu particuli\u00e8rement autocratique et tatillon. Lorsque Eric faisait des suggestions, Karl lui disait que \"si cela ne vous pla\u00eet pas, partez\".<\/p>\n\n\n\n<p>Ils ont ensuite rejoint le Glen Echo Family Nudist Park (alias The Toronto Gymnosophical Society) et en sont rest\u00e9s membres pendant 9 ans. Mais \u00e0 ce moment-l\u00e0, Eric a ses propres id\u00e9es sur la fa\u00e7on de g\u00e9rer un club. Il engage un agent immobilier pour rechercher une propri\u00e9t\u00e9 convenable.<\/p>\n\n\n\n<p>Ils ont achet\u00e9 la propri\u00e9t\u00e9 de 20,25 hectares (50 acres) en 1972.<\/p>\n\n\n\n<p>Le terrain se composait d'une route menant \u00e0 un pont sur la rivi\u00e8re et de trois zones d\u00e9frich\u00e9es couvertes de foug\u00e8res et de ronces.<\/p>\n\n\n\n<div class=\"wp-block-image is-style-default\"><figure class=\"alignleft\"><img loading=\"lazy\" decoding=\"async\" width=\"332\" height=\"189\" src=\"https:\/\/www.bareoaks.ca\/wp-content\/uploads\/2010\/03\/6.png\" alt=\"6\" class=\"wp-image-1873\" srcset=\"https:\/\/www.bareoaks.ca\/wp-content\/uploads\/2010\/03\/6.png 332w, https:\/\/www.bareoaks.ca\/wp-content\/uploads\/2010\/03\/6-300x171.png 300w\" sizes=\"auto, (max-width: 332px) 100vw, 332px\" \/><\/figure><\/div>\n\n\n\n<p>La premi\u00e8re ann\u00e9e a \u00e9t\u00e9 consacr\u00e9e au dragage d'un lac aliment\u00e9 par un ruisseau et des sources naturelles (aujourd'hui connu sous le nom de Jarvis Pond). (Ils ont \u00e9galement creus\u00e9 un puits pour l'eau potable, travaillant les week-ends et vivant \u00e0 Toronto tout en conservant un emploi pendant la semaine. 1973 est leur premi\u00e8re ann\u00e9e en tant que club nudiste officiel. Ils l'ont appel\u00e9 la Toronto Helios Society au Haytor Leisure Park (<a title=\"Panneau de la Toronto Helios Society et du parc de loisirs Haytor\" href=\"http:\/\/www.flickr.com\/photos\/bareoaks\/3412591756\/\" target=\"_blank\" rel=\"noopener noreferrer\">le panneau disait<\/a> que le parc de loisirs de Haytor \u00e9tait ouvert au public pour les activit\u00e9s hivernales). Seuls huit couples se sont inscrits cette premi\u00e8re ann\u00e9e. La plupart des visiteurs ont trouv\u00e9 les installations trop rudimentaires.<\/p>\n\n\n\n<div class=\"wp-block-image is-style-default\"><figure class=\"alignright\"><img loading=\"lazy\" decoding=\"async\" width=\"327\" height=\"185\" src=\"https:\/\/www.bareoaks.ca\/wp-content\/uploads\/2010\/03\/7.png\" alt=\"7\" class=\"wp-image-1883\" srcset=\"https:\/\/www.bareoaks.ca\/wp-content\/uploads\/2010\/03\/7.png 327w, https:\/\/www.bareoaks.ca\/wp-content\/uploads\/2010\/03\/7-300x170.png 300w\" sizes=\"auto, (max-width: 327px) 100vw, 327px\" \/><\/figure><\/div>\n\n\n\n<p>D\u00e9\u00e7us de leur premi\u00e8re ann\u00e9e, ils pers\u00e9v\u00e8rent et ajoutent progressivement des installations, notamment un autre pont, une extension du lac, des raccordements pour les caravanes, de vastes travaux d'ensemencement et de nivellement pour de nouvelles pelouses, et un pavillon qui est aujourd'hui connu sous le nom de \"The Outback\". En 1978, les Jarvis entament la construction d'une nouvelle maison de 3 000 m\u00b2 pour eux-m\u00eames et d'un sous-sol complet qui servira de clubhouse d'hiver pour les soir\u00e9es dansantes et les f\u00eates. Ils ajoutent \u00e9galement des toilettes \u00e0 chasse d'eau et des douches dans les espaces r\u00e9serv\u00e9s aux tentes et aux caravanes. Ils emm\u00e9nagent dans la nouvelle maison en septembre 1979.<\/p>\n\n\n\n<p>En mai 1984, Eric et June Jarvis ont inform\u00e9 l'ASA (aujourd'hui AANR) qu'ils ne pouvaient plus exploiter le Toronto Helios en tant que club r\u00e9serv\u00e9 aux nudistes et qu'ils le transformaient en un parc de caravanes ouvert au grand public. Selon Eric, il s'agissait d'une triste d\u00e9cision fond\u00e9e sur divers facteurs (augmentation des taxes sur la propri\u00e9t\u00e9 de $1200 suppl\u00e9mentaires, perte d'emploi pour Eric, etc.) Ils esp\u00e9raient qu'en le transformant en terrain de camping normal, les revenus augmenteraient et donneraient \u00e0 Eric un emploi r\u00e9mun\u00e9rateur.<\/p>\n\n\n\n<div class=\"wp-block-image is-style-default\"><figure class=\"alignright\"><img loading=\"lazy\" decoding=\"async\" width=\"296\" height=\"222\" src=\"https:\/\/www.bareoaks.ca\/wp-content\/uploads\/2010\/03\/9.png\" alt=\"9\" class=\"wp-image-1903\"\/><\/figure><\/div>\n\n\n\n<div class=\"wp-block-image is-style-default\"><figure class=\"alignleft\"><img loading=\"lazy\" decoding=\"async\" width=\"289\" height=\"223\" src=\"https:\/\/www.bareoaks.ca\/wp-content\/uploads\/2010\/03\/8.png\" alt=\"8\" class=\"wp-image-1893\"\/><\/figure><\/div>\n\n\n\n<p>Le 29 avril 1992, Eric et June Jarvis vendent la propri\u00e9t\u00e9 \u00e0 Town &amp; Country Resort Inc. Pendant les huit ann\u00e9es qui ont suivi, le terrain a accueilli diverses entreprises non naturalistes, y compris une tentative d'ouverture d'un terrain de camping KOA.<\/p>\n\n\n\n<p>Le 12 f\u00e9vrier 2001, Carol et Larry Bean ont achet\u00e9 les actifs de Town &amp; Country Resorts Inc. avec l'intention de lui redonner son statut d'ancien club naturiste. Ils l'ont rebaptis\u00e9 The New Forest Family Naturist Resort. Malheureusement, la propri\u00e9t\u00e9 n'avait pas \u00e9t\u00e9 bien entretenue au cours des derni\u00e8res ann\u00e9es et une grande partie de l'infrastructure n\u00e9cessitait des travaux importants.<\/p>\n\n\n\n<p>Ils ont remodel\u00e9 le clubhouse principal et ajout\u00e9 6 nouvelles chambres de motel. La salle d'\u00e9v\u00e9nements a \u00e9t\u00e9 enti\u00e8rement r\u00e9nov\u00e9e avec de nouvelles toilettes et une nouvelle piste de danse. Le toit du bain \u00e0 remous \u00e9tait pourri et a d\u00fb \u00eatre enti\u00e8rement reconstruit. Le magasin et le bureau ont \u00e9galement \u00e9t\u00e9 r\u00e9am\u00e9nag\u00e9s et reconstruits.<\/p>\n\n\n\n<p>L'infrastructure de la propri\u00e9t\u00e9 a \u00e9t\u00e9 enti\u00e8rement remise \u00e0 neuf. Les fosses septiques ont \u00e9t\u00e9 r\u00e9par\u00e9es ou remplac\u00e9es. De nouveaux syst\u00e8mes de traitement et de distribution de l'eau ont \u00e9t\u00e9 ajout\u00e9s.<\/p>\n\n\n\n<div class=\"wp-block-image is-style-default\"><figure class=\"alignleft\"><img loading=\"lazy\" decoding=\"async\" width=\"282\" height=\"212\" src=\"https:\/\/www.bareoaks.ca\/wp-content\/uploads\/2010\/03\/10.png\" alt=\"10\" class=\"wp-image-1913\"\/><\/figure><\/div>\n\n\n\n<p>L'ensemble du r\u00e9seau \u00e9lectrique du parc a \u00e9t\u00e9 remplac\u00e9 par un nouveau syst\u00e8me souterrain qui fournit un minimum de 30 amp\u00e8res \u00e0 tous les campings. Les routes et les parkings ont \u00e9t\u00e9 reconstruits et agrandis.<\/p>\n\n\n\n<p>Des installations ont \u00e9galement \u00e9t\u00e9 ajout\u00e9es ou am\u00e9lior\u00e9es. Un b\u00e2timent moderne de douches et de toilettes a \u00e9t\u00e9 construit pour les campings saisonniers. Des chaises longues, des balan\u00e7oires, un terrain de volley-ball et une salle d'exercice ont \u00e9t\u00e9 ajout\u00e9s.<\/p>\n\n\n\n<p>Mais l'impact le plus visible de Carol et Larry sur la propri\u00e9t\u00e9 a \u00e9t\u00e9 la construction d'un nouveau lac d'un hectare. Il constitue un nouveau point central pour le club et offre de nombreuses nouvelles possibilit\u00e9s de loisirs.<\/p>\n\n\n\n<p>Le 22 d\u00e9cembre 2006, Carol et Larry ont vendu la propri\u00e9t\u00e9 \u00e0 Linda et St\u00e9phane Desch\u00eanes. Il s'agissait plus d'une transition que d'une vente, car Carol et Larry ont veill\u00e9 \u00e0 ce que la propri\u00e9t\u00e9 soit vendue \u00e0 quelqu'un qui continuerait \u00e0 d\u00e9velopper le parc en tant que club naturiste. Le parc a \u00e9t\u00e9 rebaptis\u00e9 Bare Oaks Family Naturist Park pour diverses raisons de marketing et pour faire un jeu de mots sur leur nom de famille. (Il appartient maintenant \u00e0 St\u00e9phane et Linda de d\u00e9velopper le club et d'assurer la p\u00e9rennit\u00e9 du naturisme au 21\u00e8me si\u00e8cle.<\/p>\n\n\n\n<p>Pour une histoire compl\u00e8te du naturisme, vous pouvez lire le livre du Dr James Woycke, <a href=\"http:\/\/www.bareboutique.ca\/index.php?main_page=product_info&amp;cPath=23&amp;products_id=184\" target=\"_blank\" rel=\"noopener noreferrer\">Au Naturel : L'histoire du nudisme au Canada<\/a>disponible dans la rubrique <a title=\"La boutique en ligne Bare\" href=\"http:\/\/www.bareboutique.ca\/\" target=\"_blank\" rel=\"noopener noreferrer\">Bare Boutique<\/a>.<\/p>\n\n\n\n<p>De nombreux indices sur l'histoire de Bare Oaks sont pr\u00e9sents dans les noms que vous trouverez dans le parc. Pour en savoir plus <a href=\"?page_id=11\">cliquez ici.<\/a><\/p>\n\n\n\n<hr class=\"wp-block-separator is-style-wide\"\/>\n\n\n\n<p><a href=\"http:\/\/www.youtube.com\/bareoaks#p\/u\/14\/i80themy9W8\" target=\"_blank\" rel=\"noopener noreferrer\"><img loading=\"lazy\" decoding=\"async\" class=\"size-full wp-image-1923\" style=\"vertical-align: middle;\" src=\"https:\/\/www.bareoaks.ca\/wp-content\/uploads\/2010\/03\/Social%20Media%20Icons_youtube_32.png\" alt=\"YouTube\" width=\"32\" height=\"32\"> Cliquez ici pour regarder une vid\u00e9o d'Eric Jarvis et du parc de loisirs Haytor sur Youtube<\/a><\/p>\n\n\n\n<p><a href=\"http:\/\/www.flickr.com\/photos\/bareoaks\/sets\/72157616259096027\/\" target=\"_blank\" rel=\"noopener noreferrer\"><img loading=\"lazy\" decoding=\"async\" class=\"size-full wp-image-1933\" style=\"vertical-align: middle;\" src=\"https:\/\/www.bareoaks.ca\/wp-content\/uploads\/2010\/03\/Social%20Media%20Icons_flickr_32.png\" alt=\"Flickr\" width=\"32\" height=\"32\"> Cliquez ici pour voir d'anciennes photos de Haytor Park et de la Toronto Helios Society sur Flickr.<\/a><\/p>\n\n\n\n<hr class=\"wp-block-separator is-style-wide\"\/>\n\n\n\n<div class=\"wp-block-columns is-layout-flex wp-container-core-columns-is-layout-9d6595d7 wp-block-columns-is-layout-flex\">\n<div class=\"wp-block-column is-layout-flow wp-block-column-is-layout-flow\"><\/div>\n\n\n\n<div class=\"wp-block-column is-layout-flow wp-block-column-is-layout-flow\">\n<figure class=\"wp-block-image size-large is-style-default\"><a href=\"https:\/\/www.bareoaks.ca\/fr\/historical-info\/?page_id=28\"><img loading=\"lazy\" decoding=\"async\" width=\"145\" height=\"145\" src=\"https:\/\/www.bareoaks.ca\/wp-content\/uploads\/2010\/03\/20-1.png\" alt=\"\" class=\"wp-image-29175\"\/><\/a><figcaption><a href=\"\/fr\/?page_id=28\">Environnement naturel<\/a><\/figcaption><\/figure>\n<\/div>\n\n\n\n<div class=\"wp-block-column is-layout-flow wp-block-column-is-layout-flow\">\n<figure class=\"wp-block-image size-large is-style-default\"><a href=\"https:\/\/www.bareoaks.ca\/fr\/historical-info\/?page_id=11\"><img loading=\"lazy\" decoding=\"async\" width=\"145\" height=\"145\" src=\"https:\/\/www.bareoaks.ca\/wp-content\/uploads\/2010\/03\/street.png\" alt=\"\" class=\"wp-image-29205\"\/><\/a><figcaption><a href=\"\/fr\/?page_id=11\">Noms de nos routes<\/a><\/figcaption><\/figure>\n<\/div>\n\n\n\n<div class=\"wp-block-column is-layout-flow wp-block-column-is-layout-flow\"><\/div>\n<\/div>","protected":false},"excerpt":{"rendered":"<p>Tout a commenc\u00e9 avec Eric et June Jarvis. Ils ont d'abord rejoint Sun Valley Gardens (1954-1982) au nord de Fonthill, en Ontario, dans la r\u00e9gion de Niagara. Le propri\u00e9taire, Karl Ruehle, \u00e9tait connu pour \u00eatre un individu particuli\u00e8rement autocratique et tatillon. Lorsque Eric faisait des suggestions, Karl lui disait que \"si vous n'aimez pas, partez\". Ils ont alors rejoint le Glen Echo Family Nudist Park (alias The Toronto Gymnosophical Society) et en sont rest\u00e9s membres pendant 9 ans. Mais \u00e0 ce moment-l\u00e0, Eric a ses propres id\u00e9es sur la fa\u00e7on de g\u00e9rer un club. Il engage un agent immobilier pour rechercher une propri\u00e9t\u00e9 convenable. Ils ach\u00e8tent un terrain de 20,25 hectares (50 acres).<a class=\"more-link\" href=\"https:\/\/www.bareoaks.ca\/fr\/historical-info\/\">Lire la suite \u2192<\/a><\/p>","protected":false},"author":73,"featured_media":0,"parent":0,"menu_order":15,"comment_status":"closed","ping_status":"closed","template":"","meta":{"_themeisle_gutenberg_block_has_review":false,"footnotes":""},"class_list":["entry","author-sdeschenes","post-10","page","type-page","status-publish"],"yoast_head":"<!-- This site is optimized with the Yoast SEO plugin v27.5 - https:\/\/yoast.com\/product\/yoast-seo-wordpress\/ -->\n<title>Bare Oaks Historical Information &#8226; Bare Oaks Family Naturist Park<\/title>\n<meta name=\"description\" content=\"Historical info\" \/>\n<meta name=\"robots\" content=\"index, follow, max-snippet:-1, max-image-preview:large, max-video-preview:-1\" \/>\n<link rel=\"canonical\" href=\"https:\/\/www.bareoaks.ca\/fr\/historical-info\/\" \/>\n<meta property=\"og:locale\" content=\"fr_CA\" \/>\n<meta property=\"og:type\" content=\"article\" \/>\n<meta property=\"og:title\" content=\"Bare Oaks Historical Information &#8226; Bare Oaks Family Naturist Park\" \/>\n<meta property=\"og:description\" content=\"Historical info\" \/>\n<meta property=\"og:url\" content=\"https:\/\/www.bareoaks.ca\/fr\/historical-info\/\" \/>\n<meta property=\"og:site_name\" content=\"Bare Oaks Family Naturist Park\" \/>\n<meta property=\"article:publisher\" content=\"https:\/\/www.facebook.com\/BareOaksPark\" \/>\n<meta property=\"article:modified_time\" content=\"2021-12-28T16:53:15+00:00\" \/>\n<meta property=\"og:image\" content=\"https:\/\/www.bareoaks.ca\/wp-content\/uploads\/2018\/02\/BareOaksHistoryTopBanner1040x250.jpg\" \/>\n<meta name=\"twitter:card\" content=\"summary_large_image\" \/>\n<meta name=\"twitter:site\" content=\"@BareOaksPark\" \/>\n<meta name=\"twitter:label1\" content=\"Estimation du temps de lecture\" \/>\n\t<meta name=\"twitter:data1\" content=\"6 minutes\" \/>\n<script type=\"application\/ld+json\" class=\"yoast-schema-graph\">{\"@context\":\"https:\\\/\\\/schema.org\",\"@graph\":[{\"@type\":\"WebPage\",\"@id\":\"https:\\\/\\\/www.bareoaks.ca\\\/historical-info\\\/\",\"url\":\"https:\\\/\\\/www.bareoaks.ca\\\/historical-info\\\/\",\"name\":\"Bare Oaks Historical Information &#8226; Bare Oaks Family Naturist Park\",\"isPartOf\":{\"@id\":\"https:\\\/\\\/www.bareoaks.ca\\\/#website\"},\"primaryImageOfPage\":{\"@id\":\"https:\\\/\\\/www.bareoaks.ca\\\/historical-info\\\/#primaryimage\"},\"image\":{\"@id\":\"https:\\\/\\\/www.bareoaks.ca\\\/historical-info\\\/#primaryimage\"},\"thumbnailUrl\":\"https:\\\/\\\/www.bareoaks.ca\\\/wp-content\\\/uploads\\\/2018\\\/02\\\/BareOaksHistoryTopBanner1040x250.jpg\",\"datePublished\":\"2010-03-03T03:10:34+00:00\",\"dateModified\":\"2021-12-28T16:53:15+00:00\",\"description\":\"Historical info\",\"breadcrumb\":{\"@id\":\"https:\\\/\\\/www.bareoaks.ca\\\/historical-info\\\/#breadcrumb\"},\"inLanguage\":\"fr-CA\",\"potentialAction\":[{\"@type\":\"ReadAction\",\"target\":[\"https:\\\/\\\/www.bareoaks.ca\\\/historical-info\\\/\"]}]},{\"@type\":\"ImageObject\",\"inLanguage\":\"fr-CA\",\"@id\":\"https:\\\/\\\/www.bareoaks.ca\\\/historical-info\\\/#primaryimage\",\"url\":\"https:\\\/\\\/www.bareoaks.ca\\\/wp-content\\\/uploads\\\/2018\\\/02\\\/BareOaksHistoryTopBanner1040x250.jpg\",\"contentUrl\":\"https:\\\/\\\/www.bareoaks.ca\\\/wp-content\\\/uploads\\\/2018\\\/02\\\/BareOaksHistoryTopBanner1040x250.jpg\"},{\"@type\":\"BreadcrumbList\",\"@id\":\"https:\\\/\\\/www.bareoaks.ca\\\/historical-info\\\/#breadcrumb\",\"itemListElement\":[{\"@type\":\"ListItem\",\"position\":1,\"name\":\"Home\",\"item\":\"https:\\\/\\\/www.bareoaks.ca\\\/\"},{\"@type\":\"ListItem\",\"position\":2,\"name\":\"Bare Oaks Historical Information\"}]},{\"@type\":\"WebSite\",\"@id\":\"https:\\\/\\\/www.bareoaks.ca\\\/#website\",\"url\":\"https:\\\/\\\/www.bareoaks.ca\\\/\",\"name\":\"Bare Oaks Family Naturist Park\",\"description\":\"Traditional naturist values in a modern setting\",\"publisher\":{\"@id\":\"https:\\\/\\\/www.bareoaks.ca\\\/#organization\"},\"potentialAction\":[{\"@type\":\"SearchAction\",\"target\":{\"@type\":\"EntryPoint\",\"urlTemplate\":\"https:\\\/\\\/www.bareoaks.ca\\\/?s={search_term_string}\"},\"query-input\":{\"@type\":\"PropertyValueSpecification\",\"valueRequired\":true,\"valueName\":\"search_term_string\"}}],\"inLanguage\":\"fr-CA\"},{\"@type\":\"Organization\",\"@id\":\"https:\\\/\\\/www.bareoaks.ca\\\/#organization\",\"name\":\"Bare Oaks Family Naturist Park\",\"url\":\"https:\\\/\\\/www.bareoaks.ca\\\/\",\"logo\":{\"@type\":\"ImageObject\",\"inLanguage\":\"fr-CA\",\"@id\":\"https:\\\/\\\/www.bareoaks.ca\\\/#\\\/schema\\\/logo\\\/image\\\/\",\"url\":\"https:\\\/\\\/www.bareoaks.ca\\\/wp-content\\\/uploads\\\/2025\\\/07\\\/BareOaksLogo_website.png\",\"contentUrl\":\"https:\\\/\\\/www.bareoaks.ca\\\/wp-content\\\/uploads\\\/2025\\\/07\\\/BareOaksLogo_website.png\",\"width\":250,\"height\":132,\"caption\":\"Bare Oaks Family Naturist Park\"},\"image\":{\"@id\":\"https:\\\/\\\/www.bareoaks.ca\\\/#\\\/schema\\\/logo\\\/image\\\/\"},\"sameAs\":[\"https:\\\/\\\/www.facebook.com\\\/BareOaksPark\",\"https:\\\/\\\/x.com\\\/BareOaksPark\",\"https:\\\/\\\/www.instagram.com\\\/bareoaks\\\/\",\"http:\\\/\\\/www.linkedin.com\\\/company\\\/bare-oaks-family-naturist-park\",\"https:\\\/\\\/www.youtube.com\\\/user\\\/BareOaks\",\"https:\\\/\\\/en.wikipedia.org\\\/wiki\\\/Bare_Oaks_Family_Naturist_Park\"]}]}<\/script>\n<!-- \/ Yoast SEO plugin. -->","yoast_head_json":{"title":"Bare Oaks Historical Information &#8226; Bare Oaks Family Naturist Park","description":"Historical info","robots":{"index":"index","follow":"follow","max-snippet":"max-snippet:-1","max-image-preview":"max-image-preview:large","max-video-preview":"max-video-preview:-1"},"canonical":"https:\/\/www.bareoaks.ca\/fr\/historical-info\/","og_locale":"fr_CA","og_type":"article","og_title":"Bare Oaks Historical Information &#8226; Bare Oaks Family Naturist Park","og_description":"Historical info","og_url":"https:\/\/www.bareoaks.ca\/fr\/historical-info\/","og_site_name":"Bare Oaks Family Naturist Park","article_publisher":"https:\/\/www.facebook.com\/BareOaksPark","article_modified_time":"2021-12-28T16:53:15+00:00","og_image":[{"url":"https:\/\/www.bareoaks.ca\/wp-content\/uploads\/2018\/02\/BareOaksHistoryTopBanner1040x250.jpg","type":"","width":"","height":""}],"twitter_card":"summary_large_image","twitter_site":"@BareOaksPark","twitter_misc":{"Estimation du temps de lecture":"6 minutes"},"schema":{"@context":"https:\/\/schema.org","@graph":[{"@type":"WebPage","@id":"https:\/\/www.bareoaks.ca\/historical-info\/","url":"https:\/\/www.bareoaks.ca\/historical-info\/","name":"Bare Oaks Historical Information &#8226; Bare Oaks Family Naturist Park","isPartOf":{"@id":"https:\/\/www.bareoaks.ca\/#website"},"primaryImageOfPage":{"@id":"https:\/\/www.bareoaks.ca\/historical-info\/#primaryimage"},"image":{"@id":"https:\/\/www.bareoaks.ca\/historical-info\/#primaryimage"},"thumbnailUrl":"https:\/\/www.bareoaks.ca\/wp-content\/uploads\/2018\/02\/BareOaksHistoryTopBanner1040x250.jpg","datePublished":"2010-03-03T03:10:34+00:00","dateModified":"2021-12-28T16:53:15+00:00","description":"Historical info","breadcrumb":{"@id":"https:\/\/www.bareoaks.ca\/historical-info\/#breadcrumb"},"inLanguage":"fr-CA","potentialAction":[{"@type":"ReadAction","target":["https:\/\/www.bareoaks.ca\/historical-info\/"]}]},{"@type":"ImageObject","inLanguage":"fr-CA","@id":"https:\/\/www.bareoaks.ca\/historical-info\/#primaryimage","url":"https:\/\/www.bareoaks.ca\/wp-content\/uploads\/2018\/02\/BareOaksHistoryTopBanner1040x250.jpg","contentUrl":"https:\/\/www.bareoaks.ca\/wp-content\/uploads\/2018\/02\/BareOaksHistoryTopBanner1040x250.jpg"},{"@type":"BreadcrumbList","@id":"https:\/\/www.bareoaks.ca\/historical-info\/#breadcrumb","itemListElement":[{"@type":"ListItem","position":1,"name":"Home","item":"https:\/\/www.bareoaks.ca\/"},{"@type":"ListItem","position":2,"name":"Bare Oaks Historical Information"}]},{"@type":"WebSite","@id":"https:\/\/www.bareoaks.ca\/#website","url":"https:\/\/www.bareoaks.ca\/","name":"Parc naturiste familial Bare Oaks","description":"Des valeurs naturistes traditionnelles dans un cadre moderne","publisher":{"@id":"https:\/\/www.bareoaks.ca\/#organization"},"potentialAction":[{"@type":"SearchAction","target":{"@type":"EntryPoint","urlTemplate":"https:\/\/www.bareoaks.ca\/?s={search_term_string}"},"query-input":{"@type":"PropertyValueSpecification","valueRequired":true,"valueName":"search_term_string"}}],"inLanguage":"fr-CA"},{"@type":"Organization","@id":"https:\/\/www.bareoaks.ca\/#organization","name":"Parc naturiste familial Bare Oaks","url":"https:\/\/www.bareoaks.ca\/","logo":{"@type":"ImageObject","inLanguage":"fr-CA","@id":"https:\/\/www.bareoaks.ca\/#\/schema\/logo\/image\/","url":"https:\/\/www.bareoaks.ca\/wp-content\/uploads\/2025\/07\/BareOaksLogo_website.png","contentUrl":"https:\/\/www.bareoaks.ca\/wp-content\/uploads\/2025\/07\/BareOaksLogo_website.png","width":250,"height":132,"caption":"Bare Oaks Family Naturist Park"},"image":{"@id":"https:\/\/www.bareoaks.ca\/#\/schema\/logo\/image\/"},"sameAs":["https:\/\/www.facebook.com\/BareOaksPark","https:\/\/x.com\/BareOaksPark","https:\/\/www.instagram.com\/bareoaks\/","http:\/\/www.linkedin.com\/company\/bare-oaks-family-naturist-park","https:\/\/www.youtube.com\/user\/BareOaks","https:\/\/en.wikipedia.org\/wiki\/Bare_Oaks_Family_Naturist_Park"]}]}},"_links":{"self":[{"href":"https:\/\/www.bareoaks.ca\/fr\/wp-json\/wp\/v2\/pages\/10","targetHints":{"allow":["GET"]}}],"collection":[{"href":"https:\/\/www.bareoaks.ca\/fr\/wp-json\/wp\/v2\/pages"}],"about":[{"href":"https:\/\/www.bareoaks.ca\/fr\/wp-json\/wp\/v2\/types\/page"}],"author":[{"embeddable":true,"href":"https:\/\/www.bareoaks.ca\/fr\/wp-json\/wp\/v2\/users\/73"}],"replies":[{"embeddable":true,"href":"https:\/\/www.bareoaks.ca\/fr\/wp-json\/wp\/v2\/comments?post=10"}],"version-history":[{"count":11,"href":"https:\/\/www.bareoaks.ca\/fr\/wp-json\/wp\/v2\/pages\/10\/revisions"}],"predecessor-version":[{"id":72597,"href":"https:\/\/www.bareoaks.ca\/fr\/wp-json\/wp\/v2\/pages\/10\/revisions\/72597"}],"wp:attachment":[{"href":"https:\/\/www.bareoaks.ca\/fr\/wp-json\/wp\/v2\/media?parent=10"}],"curies":[{"name":"wp","href":"https:\/\/api.w.org\/{rel}","templated":true}]}}