{"id":11,"date":"2010-03-02T22:11:00","date_gmt":"2010-03-03T03:11:00","guid":{"rendered":"http:\/\/ww1.bareoaks.ca\/?page_id=11"},"modified":"2021-12-23T09:50:43","modified_gmt":"2021-12-23T14:50:43","slug":"names","status":"publish","type":"page","link":"https:\/\/www.bareoaks.ca\/fr\/names\/","title":{"rendered":"Les noms de nos routes, de nos b\u00e2timents et de nos caract\u00e9ristiques physiques"},"content":{"rendered":"<h3 class=\"wp-block-heading\">Nos noms refl\u00e8tent notre histoire<\/h3>\n\n\n\n<div class=\"wp-block-image is-style-default\"><figure class=\"alignleft\"><img loading=\"lazy\" decoding=\"async\" width=\"205\" height=\"137\" src=\"https:\/\/www.bareoaks.ca\/wp-content\/uploads\/2010\/03\/beckett.jpg\" alt=\"beckett\" class=\"wp-image-1373\"\/><\/figure><\/div>\n\n\n\n<div class=\"wp-block-image is-style-default\"><figure class=\"alignleft\"><img loading=\"lazy\" decoding=\"async\" width=\"205\" height=\"136\" src=\"https:\/\/www.bareoaks.ca\/wp-content\/uploads\/2010\/03\/helios.jpg\" alt=\"helios\" class=\"wp-image-1383\"\/><\/figure><\/div>\n\n\n\n<div class=\"wp-block-image is-style-default\"><figure class=\"alignleft\"><img loading=\"lazy\" decoding=\"async\" width=\"205\" height=\"136\" src=\"https:\/\/www.bareoaks.ca\/wp-content\/uploads\/2010\/03\/vais.jpg\" alt=\"vais\" class=\"wp-image-1393\"\/><\/figure><\/div>\n\n\n\n<div style=\"height:10px\" aria-hidden=\"true\" class=\"wp-block-spacer\"><\/div>\n\n\n\n<p>Les routes, les b\u00e2timents et les \u00e9l\u00e9ments situ\u00e9s autour du Bare Oaks Family Naturist Park sont nomm\u00e9s afin de faciliter l'orientation des visiteurs. Mais ces noms n'ont pas \u00e9t\u00e9 choisis au hasard. Chaque nom a une signification particuli\u00e8re par rapport au mouvement naturiste. L'histoire de Bare Oaks peut \u00eatre consult\u00e9e en cliquant sur <a title=\"Histoire.html\" href=\"\/fr\/historical-info\/\">ici<\/a><a href=\"index.php?option=com_content&amp;view=article&amp;id=27:park-history&amp;catid=1&amp;Itemid=46\">.<\/a> Vous trouverez ci-dessous une explication de la signification de chaque nom.<\/p>\n\n\n\n<div class=\"wp-block-image is-style-default\"><figure class=\"alignleft size-large\"><img loading=\"lazy\" decoding=\"async\" width=\"129\" height=\"174\" src=\"https:\/\/www.bareoaks.ca\/wp-content\/uploads\/2010\/03\/15.png\" alt=\"15\" class=\"wp-image-1403\"\/><\/figure><\/div>\n\n\n\n<h4 class=\"wp-block-heading\">Connett Drive<\/h4>\n\n\n\n<p>Ray et Mildred Connett ont \u00e9t\u00e9 les premiers pionniers du naturisme au Canada. \u00c0 la fin des ann\u00e9es 1940, l'id\u00e9e m\u00eame du naturisme \u00e9tait consid\u00e9r\u00e9e comme subversive. Peu soucieux de leur r\u00e9putation personnelle, Ray et Mildrid sont devenus des promoteurs publics du naturisme. Ray est un auteur prolifique sur le sujet et aide \u00e0 organiser les Canadiens qui s'int\u00e9ressent au naturisme. \u00c0 une \u00e9poque o\u00f9 les journaux ne diffusaient pas de publicit\u00e9 sur le naturisme, les Connett sont devenus un point de contact essentiel pour les personnes \u00e0 la recherche de clubs dans leur r\u00e9gion. Ils constituaient \u00e9galement une ressource importante pour les clubs qui venaient tout juste d'\u00eatre cr\u00e9\u00e9s. En 1939, des cofondateurs du Van Tan Club ont particip\u00e9 \u00e0 la cr\u00e9ation de ce club. Ils ont ensuite cr\u00e9\u00e9 leur propre club, Sunny Trails, en 1952. <a href=\"\/fr\/connett\/\">Cliquez ici pour en savoir plus sur Ray &amp; Mildred Connett<\/a><\/p>\n\n\n\n<h4 class=\"wp-block-heading\">Cercle H\u00e9lios<\/h4>\n\n\n\n<div class=\"wp-block-image is-style-default\"><figure class=\"alignright\"><img loading=\"lazy\" decoding=\"async\" width=\"176\" height=\"134\" src=\"https:\/\/www.bareoaks.ca\/wp-content\/uploads\/2010\/03\/16.png\" alt=\"\" class=\"wp-image-1413\"\/><\/figure><\/div>\n\n\n\n<p>La Toronto Helios Society a \u00e9t\u00e9 le premier club naturiste sur la propri\u00e9t\u00e9 de Bare Oaks. Il a \u00e9t\u00e9 cr\u00e9\u00e9 en 1972 par Eric et June Jarvis. Lorsqu'ils ont achet\u00e9 la propri\u00e9t\u00e9, il n'y avait aucune commodit\u00e9 - pas m\u00eame de toilettes ext\u00e9rieures ! Les premiers membres n'ont pas eu la vie facile. Ils campaient sans \u00e9lectricit\u00e9 ni eau potable. Mais ils ont pers\u00e9v\u00e9r\u00e9 et ont ajout\u00e9 des routes, des emplacements de camping, des \u00e9tangs, des pelouses, une piscine, etc. Le plan de base du terrain que vous voyez aujourd'hui a \u00e9t\u00e9 cr\u00e9\u00e9 par June et Eric. Ils avaient \u00e9t\u00e9 membres de la Toronto Gymnosophical Society, ce qui a sans aucun doute inspir\u00e9 le nom Toronto Helios Society. Helios signifie \"soleil\" en grec.<\/p>\n\n\n\n<h4 class=\"wp-block-heading\">Cercle Beckett<\/h4>\n\n\n\n<p>Doug et Helen Beckett ont fond\u00e9 le <a href=\"http:\/\/www.fcn.ca\/\" target=\"_blank\" rel=\"noopener noreferrer\">F\u00e9d\u00e9ration des Naturistes Canadiens (FCN)<\/a> et son magazine Going Natural en 1986. Apr\u00e8s l'\u00e9clatement de l'Association canadienne des bains de soleil en 1953 et l'\u00e9chec de l'Association des bains de soleil de l'Est du Canada (ECSA) en 1960, il n'y avait pas d'association anglophone repr\u00e9sentant le Canada. Doug a vu la n\u00e9cessit\u00e9 d'une organisation nationale pour unir tous les naturistes canadiens et promouvoir le naturisme aupr\u00e8s du grand public. Avec le soutien de la FQN, la FCN a \u00e9t\u00e9 cr\u00e9\u00e9e et, ensemble, les deux organisations repr\u00e9sentent aujourd'hui le Canada au sein de l'Union europ\u00e9enne. <a href=\"http:\/\/www.inf-fni.org\/\" target=\"_blank\" rel=\"noopener noreferrer\">F\u00e9d\u00e9ration internationale des naturistes (INF)<\/a>.<\/p>\n\n\n\n<h4 class=\"wp-block-heading\">Va\u00efs Lane<\/h4>\n\n\n\n<div class=\"wp-block-image is-style-default\"><figure class=\"alignright\"><img loading=\"lazy\" decoding=\"async\" width=\"133\" height=\"105\" src=\"https:\/\/www.bareoaks.ca\/wp-content\/uploads\/2010\/03\/17.png\" alt=\"17\" class=\"wp-image-1423\"\/><\/figure><\/div>\n\n\n\n<p>Michel Va\u00ees a fond\u00e9 le <a href=\"http:\/\/www.fqn.qc.ca\/\" target=\"_blank\" rel=\"noopener noreferrer\">F\u00e9d\u00e9ration qu\u00e9b\u00e9coise de naturisme (FQN)<\/a> en 1977 et la revue Au Naturel. Jusqu'alors, il n'y avait pas d'organisations francophones au Canada. Michel, qui a beaucoup voyag\u00e9, est responsable de l'introduction des id\u00e9aux naturistes europ\u00e9ens au Canada. C'est gr\u00e2ce aux premiers efforts de Michel que le Canada a maintenu sa pr\u00e9sence sur la sc\u00e8ne naturiste internationale. Michel et la FQN \u00e9taient \u00e9galement des partisans du naturisme canadien et ils ont aid\u00e9 \u00e0 fonder la FCN.<\/p>\n\n\n\n<h4 class=\"wp-block-heading\"><img loading=\"lazy\" decoding=\"async\" class=\"alignleft wp-image-1433\" src=\"https:\/\/www.bareoaks.ca\/wp-content\/uploads\/2010\/03\/18.jpg\" alt=\"18\" width=\"176\" height=\"132\">Lac Beamor<\/h4>\n\n\n\n<p>En 2001, Carol et Larry Bean ont sauv\u00e9 le parc et lui ont redonn\u00e9 son statut de parc naturiste. (Beamor est le nom qu'ils ont demand\u00e9 et est une combinaison du nom de famille de Larry et du nom de jeune fille de Carol). Entre le moment o\u00f9 Eric et June Jarvis ont vendu le parc et celui o\u00f9 Carol et Larry l'ont achet\u00e9, la propri\u00e9t\u00e9 s'est consid\u00e9rablement d\u00e9grad\u00e9e. Au cours des cinq ann\u00e9es suivantes, ils ont entrepris un grand nombre de travaux d'am\u00e9lioration de l'infrastructure. Celle qui a eu le plus grand impact visuel a \u00e9t\u00e9 la construction de ce magnifique lac qui offre aujourd'hui une grande vari\u00e9t\u00e9 de possibilit\u00e9s de loisirs.<\/p>\n\n\n\n<h4 class=\"wp-block-heading\">\u00c9tang de Gymnos<\/h4>\n\n\n\n<p>En grec, Gymnos signifie \"nu\". C'est un terme couramment utilis\u00e9 dans les d\u00e9buts du naturisme. Non loin de Bare Oaks existait un club connu sous le nom de Toronto Gymnosophical Society (TGS) qui se r\u00e9unissait pr\u00e8s du village de Pottageville. Les premiers naturistes devaient \u00eatre tr\u00e8s discrets sur leur philosophie et des mots comme gymnos et helios (\"soleil\" en grec) \u00e9taient souvent utilis\u00e9s pour dissimuler au grand public ce dont il s'agissait. Gymnos est \u00e9galement la racine du mot anglais \"gymnasium\". Dans la Gr\u00e8ce antique, les Jeux olympiques et le sport en g\u00e9n\u00e9ral \u00e9taient pratiqu\u00e9s nus, d'o\u00f9 l'origine du mot \"gymnase\". Gymnophobie est le terme clinique pour la peur de la nudit\u00e9 - une maladie qui semble affecter la plupart de la soci\u00e9t\u00e9 d'aujourd'hui ! La plupart des naturistes sont donc des gymnophiles.<\/p>\n\n\n\n<h4 class=\"wp-block-heading\">\u00c9tang Jarvis<\/h4>\n\n\n\n<div class=\"wp-block-image is-style-default\"><figure class=\"alignright\"><img loading=\"lazy\" decoding=\"async\" width=\"193\" height=\"126\" src=\"https:\/\/www.bareoaks.ca\/wp-content\/uploads\/2010\/03\/19.png\" alt=\"19\" class=\"wp-image-1443\"\/><\/figure><\/div>\n\n\n\n<p>Lorsque Eric et June Jarvis ont achet\u00e9 la propri\u00e9t\u00e9, il n'y avait ni \u00e9tangs ni lacs. Les seuls points d'eau \u00e9taient le ruisseau Harrisson et la rivi\u00e8re Black. La baignade nue \u00e9tant l'un des plaisirs fondamentaux du naturisme, ils ont imm\u00e9diatement entrepris d'endiguer le ruisseau Harrisson et de creuser un \u00e9tang de baignade. La partie orientale a \u00e9t\u00e9 creus\u00e9e en premier. Quelques ann\u00e9es plus tard, ils l'ont \u00e9tendue \u00e0 l'ouest. Aujourd'hui encore, vous pouvez discerner les deux parties initiales de l'\u00e9tang.<\/p>\n\n\n\n<h4 class=\"wp-block-heading\">La rivi\u00e8re Noire et le ruisseau Harrison<\/h4>\n\n\n\n<p>Il y a deux rivi\u00e8res \u00e0 Bare Oaks. Harrison Creek coule le long de l'extr\u00e9mit\u00e9 nord de la propri\u00e9t\u00e9 et rejoint la Black River qui traverse notre terrain. Nous sommes \u00e0 la source de la rivi\u00e8re Black. Lorsqu'elle se jette dans le lac Simcoe \u00e0 <a href=\"http:\/\/maps.google.com\/maps?client=safari&amp;ie=UTF8&amp;oe=UTF-8&amp;hl=en&amp;ll=44.320379,-79.347124&amp;spn=0.017593,0.034075&amp;t=h&amp;z=15\" target=\"_blank\" rel=\"noopener noreferrer\">Sutton<\/a>Il s'agit d'une rivi\u00e8re importante. Ces deux rivi\u00e8res sont extr\u00eamement importantes pour l'habitat naturel de Bare Oaks et sont responsables de l'incroyable diversit\u00e9 de la faune et de la flore que l'on peut trouver sur notre propri\u00e9t\u00e9. Pour en savoir plus sur l'environnement naturel de Bare Oaks, consultez les sites suivants <a href=\"?page_id=28\" target=\"_blank\" rel=\"noopener noreferrer\">en cliquant ici<\/a>.<\/p>","protected":false},"excerpt":{"rendered":"<p>Nos noms refl\u00e8tent notre histoire Les routes, les b\u00e2timents et les \u00e9l\u00e9ments qui entourent le Bare Oaks Family Naturist Park ont \u00e9t\u00e9 nomm\u00e9s pour faciliter l'orientation des visiteurs. Mais les noms n'ont pas \u00e9t\u00e9 choisis au hasard. Chaque nom a une signification particuli\u00e8re par rapport au mouvement naturiste. Vous trouverez l'histoire de Bare Oaks en cliquant ici. Vous trouverez ci-dessous une explication de la signification de chaque nom. Conduite Connett Ray et Mildred Connett ont \u00e9t\u00e9 les premiers pionniers du naturisme au Canada. \u00c0 la fin des ann\u00e9es 1940, l'id\u00e9e m\u00eame du naturisme \u00e9tait consid\u00e9r\u00e9e comme subversive. Peu soucieux d'entacher leur r\u00e9putation personnelle, Ray et Mildred sont devenus un groupe d'amis.<a class=\"more-link\" href=\"https:\/\/www.bareoaks.ca\/fr\/names\/\">Lire la suite \u2192<\/a><\/p>","protected":false},"author":73,"featured_media":0,"parent":0,"menu_order":14,"comment_status":"closed","ping_status":"closed","template":"","meta":{"_themeisle_gutenberg_block_has_review":false,"footnotes":""},"class_list":["entry","author-sdeschenes","post-11","page","type-page","status-publish"],"yoast_head":"<!-- This site is optimized with the Yoast SEO plugin v27.4 - https:\/\/yoast.com\/product\/yoast-seo-wordpress\/ -->\n<title>The Names of our Roads, Buildings, and Physical Features &#8226; Bare Oaks Family Naturist Park<\/title>\n<meta name=\"description\" content=\"The story behind the names of the roads, buildings, and other features at Bare Oaks Family Naturist Park.\" \/>\n<meta name=\"robots\" content=\"index, follow, max-snippet:-1, max-image-preview:large, max-video-preview:-1\" \/>\n<link rel=\"canonical\" href=\"https:\/\/www.bareoaks.ca\/fr\/names\/\" \/>\n<meta property=\"og:locale\" content=\"fr_CA\" \/>\n<meta property=\"og:type\" content=\"article\" \/>\n<meta property=\"og:title\" content=\"The Names of our Roads, Buildings, and Physical Features &#8226; Bare Oaks Family Naturist Park\" \/>\n<meta property=\"og:description\" content=\"The story behind the names of the roads, buildings, and other features at Bare Oaks Family Naturist Park.\" \/>\n<meta property=\"og:url\" content=\"https:\/\/www.bareoaks.ca\/fr\/names\/\" \/>\n<meta property=\"og:site_name\" content=\"Bare Oaks Family Naturist Park\" \/>\n<meta property=\"article:publisher\" content=\"https:\/\/www.facebook.com\/BareOaksPark\" \/>\n<meta property=\"article:modified_time\" content=\"2021-12-23T14:50:43+00:00\" \/>\n<meta property=\"og:image\" content=\"https:\/\/www.bareoaks.ca\/wp-content\/uploads\/2010\/03\/beckett.jpg\" \/>\n<meta name=\"twitter:card\" content=\"summary_large_image\" \/>\n<meta name=\"twitter:site\" content=\"@BareOaksPark\" \/>\n<meta name=\"twitter:label1\" content=\"Estimation du temps de lecture\" \/>\n\t<meta name=\"twitter:data1\" content=\"6 minutes\" \/>\n<script type=\"application\/ld+json\" class=\"yoast-schema-graph\">{\"@context\":\"https:\\\/\\\/schema.org\",\"@graph\":[{\"@type\":\"WebPage\",\"@id\":\"https:\\\/\\\/www.bareoaks.ca\\\/names\\\/\",\"url\":\"https:\\\/\\\/www.bareoaks.ca\\\/names\\\/\",\"name\":\"The Names of our Roads, Buildings, and Physical Features &#8226; Bare Oaks Family Naturist Park\",\"isPartOf\":{\"@id\":\"https:\\\/\\\/www.bareoaks.ca\\\/#website\"},\"primaryImageOfPage\":{\"@id\":\"https:\\\/\\\/www.bareoaks.ca\\\/names\\\/#primaryimage\"},\"image\":{\"@id\":\"https:\\\/\\\/www.bareoaks.ca\\\/names\\\/#primaryimage\"},\"thumbnailUrl\":\"https:\\\/\\\/www.bareoaks.ca\\\/wp-content\\\/uploads\\\/2010\\\/03\\\/beckett.jpg\",\"datePublished\":\"2010-03-03T03:11:00+00:00\",\"dateModified\":\"2021-12-23T14:50:43+00:00\",\"description\":\"The story behind the names of the roads, buildings, and other features at Bare Oaks Family Naturist Park.\",\"breadcrumb\":{\"@id\":\"https:\\\/\\\/www.bareoaks.ca\\\/names\\\/#breadcrumb\"},\"inLanguage\":\"fr-CA\",\"potentialAction\":[{\"@type\":\"ReadAction\",\"target\":[\"https:\\\/\\\/www.bareoaks.ca\\\/names\\\/\"]}]},{\"@type\":\"ImageObject\",\"inLanguage\":\"fr-CA\",\"@id\":\"https:\\\/\\\/www.bareoaks.ca\\\/names\\\/#primaryimage\",\"url\":\"https:\\\/\\\/www.bareoaks.ca\\\/wp-content\\\/uploads\\\/2010\\\/03\\\/beckett.jpg\",\"contentUrl\":\"https:\\\/\\\/www.bareoaks.ca\\\/wp-content\\\/uploads\\\/2010\\\/03\\\/beckett.jpg\"},{\"@type\":\"BreadcrumbList\",\"@id\":\"https:\\\/\\\/www.bareoaks.ca\\\/names\\\/#breadcrumb\",\"itemListElement\":[{\"@type\":\"ListItem\",\"position\":1,\"name\":\"Home\",\"item\":\"https:\\\/\\\/www.bareoaks.ca\\\/\"},{\"@type\":\"ListItem\",\"position\":2,\"name\":\"The Names of our Roads, Buildings, and Physical Features\"}]},{\"@type\":\"WebSite\",\"@id\":\"https:\\\/\\\/www.bareoaks.ca\\\/#website\",\"url\":\"https:\\\/\\\/www.bareoaks.ca\\\/\",\"name\":\"Bare Oaks Family Naturist Park\",\"description\":\"Traditional naturist values in a modern setting\",\"publisher\":{\"@id\":\"https:\\\/\\\/www.bareoaks.ca\\\/#organization\"},\"potentialAction\":[{\"@type\":\"SearchAction\",\"target\":{\"@type\":\"EntryPoint\",\"urlTemplate\":\"https:\\\/\\\/www.bareoaks.ca\\\/?s={search_term_string}\"},\"query-input\":{\"@type\":\"PropertyValueSpecification\",\"valueRequired\":true,\"valueName\":\"search_term_string\"}}],\"inLanguage\":\"fr-CA\"},{\"@type\":\"Organization\",\"@id\":\"https:\\\/\\\/www.bareoaks.ca\\\/#organization\",\"name\":\"Bare Oaks Family Naturist Park\",\"url\":\"https:\\\/\\\/www.bareoaks.ca\\\/\",\"logo\":{\"@type\":\"ImageObject\",\"inLanguage\":\"fr-CA\",\"@id\":\"https:\\\/\\\/www.bareoaks.ca\\\/#\\\/schema\\\/logo\\\/image\\\/\",\"url\":\"https:\\\/\\\/www.bareoaks.ca\\\/wp-content\\\/uploads\\\/2025\\\/07\\\/BareOaksLogo_website.png\",\"contentUrl\":\"https:\\\/\\\/www.bareoaks.ca\\\/wp-content\\\/uploads\\\/2025\\\/07\\\/BareOaksLogo_website.png\",\"width\":250,\"height\":132,\"caption\":\"Bare Oaks Family Naturist Park\"},\"image\":{\"@id\":\"https:\\\/\\\/www.bareoaks.ca\\\/#\\\/schema\\\/logo\\\/image\\\/\"},\"sameAs\":[\"https:\\\/\\\/www.facebook.com\\\/BareOaksPark\",\"https:\\\/\\\/x.com\\\/BareOaksPark\",\"https:\\\/\\\/www.instagram.com\\\/bareoaks\\\/\",\"http:\\\/\\\/www.linkedin.com\\\/company\\\/bare-oaks-family-naturist-park\",\"https:\\\/\\\/www.youtube.com\\\/user\\\/BareOaks\",\"https:\\\/\\\/en.wikipedia.org\\\/wiki\\\/Bare_Oaks_Family_Naturist_Park\"]}]}<\/script>\n<!-- \/ Yoast SEO plugin. -->","yoast_head_json":{"title":"The Names of our Roads, Buildings, and Physical Features &#8226; Bare Oaks Family Naturist Park","description":"The story behind the names of the roads, buildings, and other features at Bare Oaks Family Naturist Park.","robots":{"index":"index","follow":"follow","max-snippet":"max-snippet:-1","max-image-preview":"max-image-preview:large","max-video-preview":"max-video-preview:-1"},"canonical":"https:\/\/www.bareoaks.ca\/fr\/names\/","og_locale":"fr_CA","og_type":"article","og_title":"The Names of our Roads, Buildings, and Physical Features &#8226; Bare Oaks Family Naturist Park","og_description":"The story behind the names of the roads, buildings, and other features at Bare Oaks Family Naturist Park.","og_url":"https:\/\/www.bareoaks.ca\/fr\/names\/","og_site_name":"Bare Oaks Family Naturist Park","article_publisher":"https:\/\/www.facebook.com\/BareOaksPark","article_modified_time":"2021-12-23T14:50:43+00:00","og_image":[{"url":"https:\/\/www.bareoaks.ca\/wp-content\/uploads\/2010\/03\/beckett.jpg","type":"","width":"","height":""}],"twitter_card":"summary_large_image","twitter_site":"@BareOaksPark","twitter_misc":{"Estimation du temps de lecture":"6 minutes"},"schema":{"@context":"https:\/\/schema.org","@graph":[{"@type":"WebPage","@id":"https:\/\/www.bareoaks.ca\/names\/","url":"https:\/\/www.bareoaks.ca\/names\/","name":"The Names of our Roads, Buildings, and Physical Features &#8226; Bare Oaks Family Naturist Park","isPartOf":{"@id":"https:\/\/www.bareoaks.ca\/#website"},"primaryImageOfPage":{"@id":"https:\/\/www.bareoaks.ca\/names\/#primaryimage"},"image":{"@id":"https:\/\/www.bareoaks.ca\/names\/#primaryimage"},"thumbnailUrl":"https:\/\/www.bareoaks.ca\/wp-content\/uploads\/2010\/03\/beckett.jpg","datePublished":"2010-03-03T03:11:00+00:00","dateModified":"2021-12-23T14:50:43+00:00","description":"The story behind the names of the roads, buildings, and other features at Bare Oaks Family Naturist Park.","breadcrumb":{"@id":"https:\/\/www.bareoaks.ca\/names\/#breadcrumb"},"inLanguage":"fr-CA","potentialAction":[{"@type":"ReadAction","target":["https:\/\/www.bareoaks.ca\/names\/"]}]},{"@type":"ImageObject","inLanguage":"fr-CA","@id":"https:\/\/www.bareoaks.ca\/names\/#primaryimage","url":"https:\/\/www.bareoaks.ca\/wp-content\/uploads\/2010\/03\/beckett.jpg","contentUrl":"https:\/\/www.bareoaks.ca\/wp-content\/uploads\/2010\/03\/beckett.jpg"},{"@type":"BreadcrumbList","@id":"https:\/\/www.bareoaks.ca\/names\/#breadcrumb","itemListElement":[{"@type":"ListItem","position":1,"name":"Home","item":"https:\/\/www.bareoaks.ca\/"},{"@type":"ListItem","position":2,"name":"The Names of our Roads, Buildings, and Physical Features"}]},{"@type":"WebSite","@id":"https:\/\/www.bareoaks.ca\/#website","url":"https:\/\/www.bareoaks.ca\/","name":"Parc naturiste familial Bare Oaks","description":"Des valeurs naturistes traditionnelles dans un cadre moderne","publisher":{"@id":"https:\/\/www.bareoaks.ca\/#organization"},"potentialAction":[{"@type":"SearchAction","target":{"@type":"EntryPoint","urlTemplate":"https:\/\/www.bareoaks.ca\/?s={search_term_string}"},"query-input":{"@type":"PropertyValueSpecification","valueRequired":true,"valueName":"search_term_string"}}],"inLanguage":"fr-CA"},{"@type":"Organization","@id":"https:\/\/www.bareoaks.ca\/#organization","name":"Parc naturiste familial Bare Oaks","url":"https:\/\/www.bareoaks.ca\/","logo":{"@type":"ImageObject","inLanguage":"fr-CA","@id":"https:\/\/www.bareoaks.ca\/#\/schema\/logo\/image\/","url":"https:\/\/www.bareoaks.ca\/wp-content\/uploads\/2025\/07\/BareOaksLogo_website.png","contentUrl":"https:\/\/www.bareoaks.ca\/wp-content\/uploads\/2025\/07\/BareOaksLogo_website.png","width":250,"height":132,"caption":"Bare Oaks Family Naturist Park"},"image":{"@id":"https:\/\/www.bareoaks.ca\/#\/schema\/logo\/image\/"},"sameAs":["https:\/\/www.facebook.com\/BareOaksPark","https:\/\/x.com\/BareOaksPark","https:\/\/www.instagram.com\/bareoaks\/","http:\/\/www.linkedin.com\/company\/bare-oaks-family-naturist-park","https:\/\/www.youtube.com\/user\/BareOaks","https:\/\/en.wikipedia.org\/wiki\/Bare_Oaks_Family_Naturist_Park"]}]}},"_links":{"self":[{"href":"https:\/\/www.bareoaks.ca\/fr\/wp-json\/wp\/v2\/pages\/11","targetHints":{"allow":["GET"]}}],"collection":[{"href":"https:\/\/www.bareoaks.ca\/fr\/wp-json\/wp\/v2\/pages"}],"about":[{"href":"https:\/\/www.bareoaks.ca\/fr\/wp-json\/wp\/v2\/types\/page"}],"author":[{"embeddable":true,"href":"https:\/\/www.bareoaks.ca\/fr\/wp-json\/wp\/v2\/users\/73"}],"replies":[{"embeddable":true,"href":"https:\/\/www.bareoaks.ca\/fr\/wp-json\/wp\/v2\/comments?post=11"}],"version-history":[{"count":5,"href":"https:\/\/www.bareoaks.ca\/fr\/wp-json\/wp\/v2\/pages\/11\/revisions"}],"predecessor-version":[{"id":72577,"href":"https:\/\/www.bareoaks.ca\/fr\/wp-json\/wp\/v2\/pages\/11\/revisions\/72577"}],"wp:attachment":[{"href":"https:\/\/www.bareoaks.ca\/fr\/wp-json\/wp\/v2\/media?parent=11"}],"curies":[{"name":"wp","href":"https:\/\/api.w.org\/{rel}","templated":true}]}}