{"id":12,"date":"2010-03-02T22:11:30","date_gmt":"2010-03-03T03:11:30","guid":{"rendered":"http:\/\/ww1.bareoaks.ca\/?page_id=12"},"modified":"2025-07-11T13:03:53","modified_gmt":"2025-07-11T17:03:53","slug":"about-naturism","status":"publish","type":"page","link":"https:\/\/www.bareoaks.ca\/fr\/about-naturism\/","title":{"rendered":"\u00c0 propos du naturisme"},"content":{"rendered":"<h3 class=\"wp-block-heading\">Naturiste, Nudiste, Gymnosophe - Quelle est la diff\u00e9rence ? Qu'est-ce que ce mouvement ?<\/h3>\n\n\n\n<!--more-->\n\n\n\n<p>Le naturisme est la pratique de la nudit\u00e9 compl\u00e8te dans un cadre social. Bien que la nudit\u00e9 soit l'aspect le plus \u00e9vident du naturisme, elle s'inscrit dans un contexte beaucoup plus large :<\/p>\n\n\n\n<div class=\"wp-block-columns is-layout-flex wp-container-core-columns-is-layout-9d6595d7 wp-block-columns-is-layout-flex\">\n<div class=\"wp-block-column is-layout-flow wp-block-column-is-layout-flow\">\n<figure class=\"wp-block-image size-large is-style-default\"><a href=\"https:\/\/www.bareoaks.ca\/fr\/?page_id=64\"><img loading=\"lazy\" decoding=\"async\" width=\"210\" height=\"210\" src=\"https:\/\/www.bareoaks.ca\/wp-content\/uploads\/2010\/03\/hp-first-visit.jpg\" alt=\"\" class=\"wp-image-27183\" srcset=\"https:\/\/www.bareoaks.ca\/wp-content\/uploads\/2010\/03\/hp-first-visit.jpg 210w, https:\/\/www.bareoaks.ca\/wp-content\/uploads\/2010\/03\/hp-first-visit-150x150.jpg 150w\" sizes=\"auto, (max-width: 210px) 100vw, 210px\" \/><\/a><figcaption class=\"wp-element-caption\"><a href=\"\/fr\/?page_id=64\">Premi\u00e8re fois<\/a><\/figcaption><\/figure>\n<\/div>\n\n\n\n<div class=\"wp-block-column is-layout-flow wp-block-column-is-layout-flow\">\n<figure class=\"wp-block-image size-large is-style-default\"><a href=\"https:\/\/www.bareoaks.ca\/fr\/?page_id=50\"><img loading=\"lazy\" decoding=\"async\" width=\"145\" height=\"145\" src=\"https:\/\/www.bareoaks.ca\/wp-content\/uploads\/2010\/03\/icon-children.jpg\" alt=\"\" class=\"wp-image-28503\"\/><\/a><figcaption class=\"wp-element-caption\"><a href=\"\/fr\/?page_id=50\">Les enfants<\/a><\/figcaption><\/figure>\n<\/div>\n\n\n\n<div class=\"wp-block-column is-layout-flow wp-block-column-is-layout-flow\">\n<figure class=\"wp-block-image size-large is-style-default\"><a href=\"https:\/\/www.bareoaks.ca\/fr\/?page_id=35\"><img loading=\"lazy\" decoding=\"async\" width=\"145\" height=\"145\" src=\"https:\/\/www.bareoaks.ca\/wp-content\/uploads\/2010\/03\/icon-friends.jpg\" alt=\"\" class=\"wp-image-28513\"\/><\/a><figcaption class=\"wp-element-caption\"><a href=\"\/fr\/?page_id=35\">Se faire des amis<\/a><\/figcaption><\/figure>\n<\/div>\n\n\n\n<div class=\"wp-block-column is-layout-flow wp-block-column-is-layout-flow\">\n<figure class=\"wp-block-image size-large is-style-default\"><a href=\"https:\/\/www.bareoaks.ca\/fr\/?page_id=82\"><img loading=\"lazy\" decoding=\"async\" width=\"145\" height=\"145\" src=\"https:\/\/www.bareoaks.ca\/wp-content\/uploads\/2010\/03\/icon-ethic.jpg\" alt=\"\" class=\"wp-image-28523\"\/><\/a><figcaption class=\"wp-element-caption\"><a href=\"\/fr\/?page_id=82\">L'\u00e9thique<\/a><\/figcaption><\/figure>\n<\/div>\n\n\n\n<div class=\"wp-block-column is-layout-flow wp-block-column-is-layout-flow\">\n<figure class=\"wp-block-image size-large is-style-default\"><a href=\"https:\/\/www.bareoaks.ca\/fr\/?page_id=81\"><img loading=\"lazy\" decoding=\"async\" width=\"145\" height=\"145\" src=\"https:\/\/www.bareoaks.ca\/wp-content\/uploads\/2010\/03\/icon-phobia.jpg\" alt=\"\" class=\"wp-image-28493\"\/><\/a><figcaption class=\"wp-element-caption\"><a href=\"\/fr\/?page_id=81\">Phobie<\/a><\/figcaption><\/figure>\n<\/div>\n\n\n\n<div class=\"wp-block-column is-layout-flow wp-block-column-is-layout-flow\">\n<figure class=\"wp-block-image size-large is-style-default\"><a href=\"https:\/\/www.bareoaks.ca\/fr\/?page_id=28845\"><img loading=\"lazy\" decoding=\"async\" width=\"1024\" height=\"1024\" src=\"https:\/\/www.bareoaks.ca\/wp-content\/uploads\/2010\/03\/naturistlivingshowfulllogo-1024x1024.jpg\" alt=\"\" class=\"wp-image-28483\" srcset=\"https:\/\/www.bareoaks.ca\/wp-content\/uploads\/2010\/03\/naturistlivingshowfulllogo-1024x1024.jpg 1024w, https:\/\/www.bareoaks.ca\/wp-content\/uploads\/2010\/03\/naturistlivingshowfulllogo-150x150.jpg 150w, https:\/\/www.bareoaks.ca\/wp-content\/uploads\/2010\/03\/naturistlivingshowfulllogo-300x300.jpg 300w, https:\/\/www.bareoaks.ca\/wp-content\/uploads\/2010\/03\/naturistlivingshowfulllogo-768x768.jpg 768w, https:\/\/www.bareoaks.ca\/wp-content\/uploads\/2010\/03\/naturistlivingshowfulllogo-425x425.jpg 425w, https:\/\/www.bareoaks.ca\/wp-content\/uploads\/2010\/03\/naturistlivingshowfulllogo.jpg 1200w\" sizes=\"auto, (max-width: 1024px) 100vw, 1024px\" \/><\/a><figcaption class=\"wp-element-caption\"><a href=\"\/fr\/?page_id=28845\">Podcast<\/a><\/figcaption><\/figure>\n<\/div>\n\n\n\n<div class=\"wp-block-column is-layout-flow wp-block-column-is-layout-flow\">\n<figure class=\"wp-block-image size-large is-style-default\"><img loading=\"lazy\" decoding=\"async\" width=\"145\" height=\"145\" src=\"https:\/\/www.bareoaks.ca\/wp-content\/uploads\/2010\/08\/icon-history.jpg\" alt=\"\" class=\"wp-image-27303\"\/><figcaption class=\"wp-element-caption\"><a href=\"\/fr\/?page_id=25203\">Informations historiques<\/a><\/figcaption><\/figure>\n<\/div>\n<\/div>\n\n\n\n<div class=\"wp-block-columns is-layout-flex wp-container-core-columns-is-layout-9d6595d7 wp-block-columns-is-layout-flex\">\n<div class=\"wp-block-column is-layout-flow wp-block-column-is-layout-flow\" style=\"flex-basis:100%\">\n<blockquote class=\"wp-block-quote is-layout-flow wp-block-quote-is-layout-flow\">\n<p>\u00ab Le naturisme est une mani\u00e8re de vivre en harmonie avec la nature caract\u00e9ris\u00e9e par une pratique de la nudit\u00e9 en commun qui a pour but de favoriser le respect de soi-m\u00eame, le respect des autres et celui de l'environnement. \u00bb<\/p>\n<cite>\u00c9crit par Francis Schelstraete, fondateur de l'association <a href=\"http:\/\/www.belezy.com\/\" target=\"_blank\" rel=\"noreferrer noopener\">Domaine de B\u00e9l\u00e9zy<\/a>,<br>et adopt\u00e9 par le <a href=\"http:\/\/www.inf-fni.org\" target=\"_blank\" rel=\"noreferrer noopener\">F\u00e9d\u00e9ration internationale des naturistes<\/a> lors de son congr\u00e8s de 1974.<\/cite><\/blockquote>\n<\/div>\n<\/div>\n\n\n<div class=\"wp-block-image is-style-default\">\n<figure class=\"alignleft\"><img loading=\"lazy\" decoding=\"async\" width=\"200\" height=\"200\" src=\"https:\/\/www.bareoaks.ca\/wp-content\/uploads\/2010\/03\/purpose.jpg\" alt=\"\" class=\"wp-image-28533\" srcset=\"https:\/\/www.bareoaks.ca\/wp-content\/uploads\/2010\/03\/purpose.jpg 200w, https:\/\/www.bareoaks.ca\/wp-content\/uploads\/2010\/03\/purpose-150x150.jpg 150w\" sizes=\"auto, (max-width: 200px) 100vw, 200px\" \/><\/figure>\n<\/div>\n\n\n<p>Le but du naturisme est de promouvoir la sant\u00e9 et la stabilit\u00e9 du corps, de l'\u00e2me et de l'esprit humains. Ces valeurs sont plus faciles \u00e0 atteindre pour ceux qui se d\u00e9barrassent de l'encombrement psychologique et social des v\u00eatements, pour voir et respecter le corps humain tel qu'il a \u00e9t\u00e9 cr\u00e9\u00e9.<\/p>\n\n\n\n<p>Le naturisme favorise \u00e9galement une sant\u00e9 optimale gr\u00e2ce \u00e0 un contact complet du corps avec les \u00e9l\u00e9ments naturels. Il est pratiqu\u00e9 autant que possible dans des environnements exempts de la pollution et du stress de la soci\u00e9t\u00e9 moderne. Il est donc associ\u00e9 \u00e0 une approche \u00e9clair\u00e9e et holistique de la nutrition, de l'activit\u00e9 physique, de la sant\u00e9 mentale et de l'interaction sociale.<\/p>\n\n\n\n<p>Pour comprendre la diff\u00e9rence entre les diff\u00e9rentes terminologies, telles que naturiste, nudiste et gymnosophe, veuillez lire le document suivant <a href=\"https:\/\/www.bareoaks.ca\/fr\/ethical-naturism\/\">page sur l'\u00e9thique<\/a>.<\/p>\n\n\n\n<hr class=\"wp-block-separator has-css-opacity is-style-wide\"\/>\n\n\n\n<h3 class=\"wp-block-heading\">Pourquoi pas \"v\u00eatements facultatifs\" ?<\/h3>\n\n\n\n<p>\u00c0 Bare Oaks, les v\u00eatements ne sont port\u00e9s que pour se prot\u00e9ger. Veuillez lire la section \"Code vestimentaire\" de notre site web. <a href=\"https:\/\/www.bareoaks.ca\/fr\/?page_id=8\">Accord entre membres et visiteurs.<\/a><\/p>\n\n\n\n<p>Comme expliqu\u00e9 sur cette page, la nudit\u00e9 est un \u00e9l\u00e9ment cl\u00e9 de l'acceptation du corps et fait partie int\u00e9grante de notre philosophie naturiste.<\/p>\n\n\n\n<p>Pour des informations plus d\u00e9taill\u00e9es, veuillez consulter le&nbsp;<a href=\"\/fr\/?page_id=9\">\"page \"pourquoi la nudit\u00e9 est requise<\/a>. Le naturisme est fond\u00e9 sur la participation de la famille. Les enfants des familles naturistes apprennent \u00e0 appr\u00e9cier leur corps comme faisant partie de leur environnement naturel. Ils grandissent avec des attitudes saines et acceptent la nature physique des deux sexes et de tous les \u00e2ges sans peur ni honte.<\/p>\n\n\n\n<p>La vie nue supprime ainsi les obstacles \u00e0 la communication entre les personnes et favorise l'appr\u00e9ciation de l'environnement. Elle conduit \u00e0 une vie plus saine et plus humaine : plus riche, plus simple et \u00e9clair\u00e9e par la joie et la libert\u00e9.<\/p>\n\n\n\n<p><em>Mais au niveau le plus fondamental, <strong>Le naturisme, c'est amusant !<\/strong><\/em> Les jeunes enfants appr\u00e9cient de mani\u00e8re inn\u00e9e le fait de courir nus et la plupart des adultes ont connu la joie pure de se baigner nus la nuit. Le naturisme permet aux gens de retrouver ce plaisir dans leur vie quotidienne.<\/p>\n\n\n\n<p>Selon un sondage r\u00e9alis\u00e9 en 2014, environ 14% des Canadiens se rendraient sur une plage nue ou dans une station baln\u00e9aire naturiste. <a href=\"http:\/\/www.naturism.ca\/2014-FCN-FQN-survey.pdf\" target=\"_blank\" rel=\"noopener noreferrer\">Cliquez ici pour plus de d\u00e9tails.<\/a><\/p>\n\n\n\n<p>Pour mieux comprendre le naturisme, veuillez cliquer sur l'une des sections ci-dessous :<\/p>\n\n\n\n<ul class=\"wp-block-list\">\n<li><a href=\"\/fr\/?page_id=64\">Questions courantes pour les personnes qui d\u00e9couvrent le naturisme<\/a><\/li>\n\n\n\n<li><a href=\"\/fr\/history-of-naturism-2\/\" target=\"_blank\" rel=\"noopener noreferrer\">L'histoire du naturisme<\/a><\/li>\n\n\n\n<li><a href=\"\/fr\/?page_id=28845\">\u00c9couter un podcast sur le naturisme<\/a><\/li>\n<\/ul>","protected":false},"excerpt":{"rendered":"<p>Naturiste, Nudiste, Gymnosophe - Quelle est la diff\u00e9rence ? Qu'est-ce que ce mouvement ?<a class=\"more-link\" href=\"https:\/\/www.bareoaks.ca\/fr\/about-naturism\/\">Lire la suite \u2192<\/a><\/p>","protected":false},"author":73,"featured_media":27153,"parent":0,"menu_order":9,"comment_status":"closed","ping_status":"closed","template":"","meta":{"_themeisle_gutenberg_block_has_review":false,"footnotes":""},"class_list":["entry","author-sdeschenes","has-excerpt","has-more-link","post-12","page","type-page","status-publish","has-post-thumbnail"],"yoast_head":"<!-- This site is optimized with the Yoast SEO plugin v27.3 - https:\/\/yoast.com\/product\/yoast-seo-wordpress\/ -->\n<title>About Naturism &#8226; Bare Oaks Family Naturist Park<\/title>\n<meta name=\"description\" content=\"General information about naturism and naturists.\" \/>\n<meta name=\"robots\" content=\"index, follow, max-snippet:-1, max-image-preview:large, max-video-preview:-1\" \/>\n<link rel=\"canonical\" href=\"https:\/\/www.bareoaks.ca\/fr\/about-naturism\/\" \/>\n<meta property=\"og:locale\" content=\"fr_CA\" \/>\n<meta property=\"og:type\" content=\"article\" \/>\n<meta property=\"og:title\" content=\"About Naturism &#8226; Bare Oaks Family Naturist Park\" \/>\n<meta property=\"og:description\" content=\"General information about naturism and naturists.\" \/>\n<meta property=\"og:url\" content=\"https:\/\/www.bareoaks.ca\/fr\/about-naturism\/\" \/>\n<meta property=\"og:site_name\" content=\"Bare Oaks Family Naturist Park\" \/>\n<meta property=\"article:publisher\" content=\"https:\/\/www.facebook.com\/BareOaksPark\" \/>\n<meta property=\"article:modified_time\" content=\"2025-07-11T17:03:53+00:00\" \/>\n<meta property=\"og:image\" content=\"https:\/\/www.bareoaks.ca\/wp-content\/uploads\/2010\/03\/hp-about-naturism.jpg\" \/>\n\t<meta property=\"og:image:width\" content=\"210\" \/>\n\t<meta property=\"og:image:height\" content=\"210\" \/>\n\t<meta property=\"og:image:type\" content=\"image\/jpeg\" \/>\n<meta name=\"twitter:card\" content=\"summary_large_image\" \/>\n<meta name=\"twitter:site\" content=\"@BareOaksPark\" \/>\n<meta name=\"twitter:label1\" content=\"Estimation du temps de lecture\" \/>\n\t<meta name=\"twitter:data1\" content=\"4 minutes\" \/>\n<script type=\"application\/ld+json\" class=\"yoast-schema-graph\">{\"@context\":\"https:\\\/\\\/schema.org\",\"@graph\":[{\"@type\":\"WebPage\",\"@id\":\"https:\\\/\\\/www.bareoaks.ca\\\/about-naturism\\\/\",\"url\":\"https:\\\/\\\/www.bareoaks.ca\\\/about-naturism\\\/\",\"name\":\"About Naturism &#8226; Bare Oaks Family Naturist Park\",\"isPartOf\":{\"@id\":\"https:\\\/\\\/www.bareoaks.ca\\\/#website\"},\"primaryImageOfPage\":{\"@id\":\"https:\\\/\\\/www.bareoaks.ca\\\/about-naturism\\\/#primaryimage\"},\"image\":{\"@id\":\"https:\\\/\\\/www.bareoaks.ca\\\/about-naturism\\\/#primaryimage\"},\"thumbnailUrl\":\"https:\\\/\\\/www.bareoaks.ca\\\/wp-content\\\/uploads\\\/2010\\\/03\\\/hp-about-naturism.jpg\",\"datePublished\":\"2010-03-03T03:11:30+00:00\",\"dateModified\":\"2025-07-11T17:03:53+00:00\",\"description\":\"General information about naturism and naturists.\",\"breadcrumb\":{\"@id\":\"https:\\\/\\\/www.bareoaks.ca\\\/about-naturism\\\/#breadcrumb\"},\"inLanguage\":\"fr-CA\",\"potentialAction\":[{\"@type\":\"ReadAction\",\"target\":[\"https:\\\/\\\/www.bareoaks.ca\\\/about-naturism\\\/\"]}]},{\"@type\":\"ImageObject\",\"inLanguage\":\"fr-CA\",\"@id\":\"https:\\\/\\\/www.bareoaks.ca\\\/about-naturism\\\/#primaryimage\",\"url\":\"https:\\\/\\\/www.bareoaks.ca\\\/wp-content\\\/uploads\\\/2010\\\/03\\\/hp-about-naturism.jpg\",\"contentUrl\":\"https:\\\/\\\/www.bareoaks.ca\\\/wp-content\\\/uploads\\\/2010\\\/03\\\/hp-about-naturism.jpg\",\"width\":210,\"height\":210},{\"@type\":\"BreadcrumbList\",\"@id\":\"https:\\\/\\\/www.bareoaks.ca\\\/about-naturism\\\/#breadcrumb\",\"itemListElement\":[{\"@type\":\"ListItem\",\"position\":1,\"name\":\"Home\",\"item\":\"https:\\\/\\\/www.bareoaks.ca\\\/\"},{\"@type\":\"ListItem\",\"position\":2,\"name\":\"About Naturism\"}]},{\"@type\":\"WebSite\",\"@id\":\"https:\\\/\\\/www.bareoaks.ca\\\/#website\",\"url\":\"https:\\\/\\\/www.bareoaks.ca\\\/\",\"name\":\"Bare Oaks Family Naturist Park\",\"description\":\"Traditional naturist values in a modern setting\",\"publisher\":{\"@id\":\"https:\\\/\\\/www.bareoaks.ca\\\/#organization\"},\"potentialAction\":[{\"@type\":\"SearchAction\",\"target\":{\"@type\":\"EntryPoint\",\"urlTemplate\":\"https:\\\/\\\/www.bareoaks.ca\\\/?s={search_term_string}\"},\"query-input\":{\"@type\":\"PropertyValueSpecification\",\"valueRequired\":true,\"valueName\":\"search_term_string\"}}],\"inLanguage\":\"fr-CA\"},{\"@type\":\"Organization\",\"@id\":\"https:\\\/\\\/www.bareoaks.ca\\\/#organization\",\"name\":\"Bare Oaks Family Naturist Park\",\"url\":\"https:\\\/\\\/www.bareoaks.ca\\\/\",\"logo\":{\"@type\":\"ImageObject\",\"inLanguage\":\"fr-CA\",\"@id\":\"https:\\\/\\\/www.bareoaks.ca\\\/#\\\/schema\\\/logo\\\/image\\\/\",\"url\":\"https:\\\/\\\/www.bareoaks.ca\\\/wp-content\\\/uploads\\\/2025\\\/07\\\/BareOaksLogo_website.png\",\"contentUrl\":\"https:\\\/\\\/www.bareoaks.ca\\\/wp-content\\\/uploads\\\/2025\\\/07\\\/BareOaksLogo_website.png\",\"width\":250,\"height\":132,\"caption\":\"Bare Oaks Family Naturist Park\"},\"image\":{\"@id\":\"https:\\\/\\\/www.bareoaks.ca\\\/#\\\/schema\\\/logo\\\/image\\\/\"},\"sameAs\":[\"https:\\\/\\\/www.facebook.com\\\/BareOaksPark\",\"https:\\\/\\\/x.com\\\/BareOaksPark\",\"https:\\\/\\\/www.instagram.com\\\/bareoaks\\\/\",\"http:\\\/\\\/www.linkedin.com\\\/company\\\/bare-oaks-family-naturist-park\",\"https:\\\/\\\/www.youtube.com\\\/user\\\/BareOaks\",\"https:\\\/\\\/en.wikipedia.org\\\/wiki\\\/Bare_Oaks_Family_Naturist_Park\"]}]}<\/script>\n<!-- \/ Yoast SEO plugin. -->","yoast_head_json":{"title":"\u00c0 propos du naturisme - Bare Oaks Family Naturist Park","description":"Informations g\u00e9n\u00e9rales sur le naturisme et les naturistes.","robots":{"index":"index","follow":"follow","max-snippet":"max-snippet:-1","max-image-preview":"max-image-preview:large","max-video-preview":"max-video-preview:-1"},"canonical":"https:\/\/www.bareoaks.ca\/fr\/about-naturism\/","og_locale":"fr_CA","og_type":"article","og_title":"About Naturism &#8226; Bare Oaks Family Naturist Park","og_description":"General information about naturism and naturists.","og_url":"https:\/\/www.bareoaks.ca\/fr\/about-naturism\/","og_site_name":"Bare Oaks Family Naturist Park","article_publisher":"https:\/\/www.facebook.com\/BareOaksPark","article_modified_time":"2025-07-11T17:03:53+00:00","og_image":[{"width":210,"height":210,"url":"https:\/\/www.bareoaks.ca\/wp-content\/uploads\/2010\/03\/hp-about-naturism.jpg","type":"image\/jpeg"}],"twitter_card":"summary_large_image","twitter_site":"@BareOaksPark","twitter_misc":{"Estimation du temps de lecture":"4 minutes"},"schema":{"@context":"https:\/\/schema.org","@graph":[{"@type":"WebPage","@id":"https:\/\/www.bareoaks.ca\/about-naturism\/","url":"https:\/\/www.bareoaks.ca\/about-naturism\/","name":"\u00c0 propos du naturisme - Bare Oaks Family Naturist Park","isPartOf":{"@id":"https:\/\/www.bareoaks.ca\/#website"},"primaryImageOfPage":{"@id":"https:\/\/www.bareoaks.ca\/about-naturism\/#primaryimage"},"image":{"@id":"https:\/\/www.bareoaks.ca\/about-naturism\/#primaryimage"},"thumbnailUrl":"https:\/\/www.bareoaks.ca\/wp-content\/uploads\/2010\/03\/hp-about-naturism.jpg","datePublished":"2010-03-03T03:11:30+00:00","dateModified":"2025-07-11T17:03:53+00:00","description":"Informations g\u00e9n\u00e9rales sur le naturisme et les naturistes.","breadcrumb":{"@id":"https:\/\/www.bareoaks.ca\/about-naturism\/#breadcrumb"},"inLanguage":"fr-CA","potentialAction":[{"@type":"ReadAction","target":["https:\/\/www.bareoaks.ca\/about-naturism\/"]}]},{"@type":"ImageObject","inLanguage":"fr-CA","@id":"https:\/\/www.bareoaks.ca\/about-naturism\/#primaryimage","url":"https:\/\/www.bareoaks.ca\/wp-content\/uploads\/2010\/03\/hp-about-naturism.jpg","contentUrl":"https:\/\/www.bareoaks.ca\/wp-content\/uploads\/2010\/03\/hp-about-naturism.jpg","width":210,"height":210},{"@type":"BreadcrumbList","@id":"https:\/\/www.bareoaks.ca\/about-naturism\/#breadcrumb","itemListElement":[{"@type":"ListItem","position":1,"name":"Home","item":"https:\/\/www.bareoaks.ca\/"},{"@type":"ListItem","position":2,"name":"About Naturism"}]},{"@type":"WebSite","@id":"https:\/\/www.bareoaks.ca\/#website","url":"https:\/\/www.bareoaks.ca\/","name":"Parc naturiste familial Bare Oaks","description":"Des valeurs naturistes traditionnelles dans un cadre moderne","publisher":{"@id":"https:\/\/www.bareoaks.ca\/#organization"},"potentialAction":[{"@type":"SearchAction","target":{"@type":"EntryPoint","urlTemplate":"https:\/\/www.bareoaks.ca\/?s={search_term_string}"},"query-input":{"@type":"PropertyValueSpecification","valueRequired":true,"valueName":"search_term_string"}}],"inLanguage":"fr-CA"},{"@type":"Organization","@id":"https:\/\/www.bareoaks.ca\/#organization","name":"Parc naturiste familial Bare Oaks","url":"https:\/\/www.bareoaks.ca\/","logo":{"@type":"ImageObject","inLanguage":"fr-CA","@id":"https:\/\/www.bareoaks.ca\/#\/schema\/logo\/image\/","url":"https:\/\/www.bareoaks.ca\/wp-content\/uploads\/2025\/07\/BareOaksLogo_website.png","contentUrl":"https:\/\/www.bareoaks.ca\/wp-content\/uploads\/2025\/07\/BareOaksLogo_website.png","width":250,"height":132,"caption":"Bare Oaks Family Naturist Park"},"image":{"@id":"https:\/\/www.bareoaks.ca\/#\/schema\/logo\/image\/"},"sameAs":["https:\/\/www.facebook.com\/BareOaksPark","https:\/\/x.com\/BareOaksPark","https:\/\/www.instagram.com\/bareoaks\/","http:\/\/www.linkedin.com\/company\/bare-oaks-family-naturist-park","https:\/\/www.youtube.com\/user\/BareOaks","https:\/\/en.wikipedia.org\/wiki\/Bare_Oaks_Family_Naturist_Park"]}]}},"_links":{"self":[{"href":"https:\/\/www.bareoaks.ca\/fr\/wp-json\/wp\/v2\/pages\/12","targetHints":{"allow":["GET"]}}],"collection":[{"href":"https:\/\/www.bareoaks.ca\/fr\/wp-json\/wp\/v2\/pages"}],"about":[{"href":"https:\/\/www.bareoaks.ca\/fr\/wp-json\/wp\/v2\/types\/page"}],"author":[{"embeddable":true,"href":"https:\/\/www.bareoaks.ca\/fr\/wp-json\/wp\/v2\/users\/73"}],"replies":[{"embeddable":true,"href":"https:\/\/www.bareoaks.ca\/fr\/wp-json\/wp\/v2\/comments?post=12"}],"version-history":[{"count":31,"href":"https:\/\/www.bareoaks.ca\/fr\/wp-json\/wp\/v2\/pages\/12\/revisions"}],"predecessor-version":[{"id":80658,"href":"https:\/\/www.bareoaks.ca\/fr\/wp-json\/wp\/v2\/pages\/12\/revisions\/80658"}],"wp:featuredmedia":[{"embeddable":true,"href":"https:\/\/www.bareoaks.ca\/fr\/wp-json\/wp\/v2\/media\/27153"}],"wp:attachment":[{"href":"https:\/\/www.bareoaks.ca\/fr\/wp-json\/wp\/v2\/media?parent=12"}],"curies":[{"name":"wp","href":"https:\/\/api.w.org\/{rel}","templated":true}]}}