{"id":17,"date":"2010-03-02T22:13:24","date_gmt":"2010-03-03T03:13:24","guid":{"rendered":"http:\/\/ww1.bareoaks.ca\/?page_id=17"},"modified":"2026-01-04T18:18:27","modified_gmt":"2026-01-04T23:18:27","slug":"news","status":"publish","type":"page","link":"https:\/\/www.bareoaks.ca\/fr\/news\/","title":{"rendered":"Actualit\u00e9s"},"content":{"rendered":"<div class=\"wp-block-columns is-layout-flex wp-container-core-columns-is-layout-9d6595d7 wp-block-columns-is-layout-flex\">\n<div class=\"wp-block-column is-layout-flow wp-block-column-is-layout-flow\" style=\"flex-basis:66.66%\">\n<p>Pour les \u00e9v\u00e9nements, veuillez consulter notre <a href=\"https:\/\/www.bareoaks.ca\/fr\/events\/\">page des \u00e9v\u00e9nements<\/a> et <a href=\"https:\/\/calendar.google.com\/calendar\/embed?src=422s6e12r8dfkjbqa50drkbmks%40group.calendar.google.com&amp;ctz=America%2FToronto\" target=\"_blank\" rel=\"noopener\">Google Agenda<\/a>.<\/p>\n\n\n\n<p>Les principales nouvelles et annonces sont affich\u00e9es sur le site <a href=\"https:\/\/www.bareoaks.ca\/fr\/bare-oaks-blog\/\">Blog de Bare Oaks<\/a><\/p>\n\n\n\n<p>Vous pouvez recevoir les mises \u00e0 jour du blog par courrier \u00e9lectronique :<\/p>\n\n\n\n<div class=\"tnp tnp-subscription-minimal\"><form action=\"https:\/\/www.bareoaks.ca\/fr\/?na=s\" method=\"post\" style=\"text-align: center\" data-trp-original-action=\"https:\/\/www.bareoaks.ca\/fr\/?na=s\"><input type='hidden' name='nl[]' value='1'>\n<input type=\"hidden\" name=\"nr\" value=\"minimal\">\n<input type=\"hidden\" name=\"nlang\" value=\"\">\n<input class=\"tnp-email\" type=\"email\" required name=\"ne\" value=\"\" placeholder=\"Courriel\"><input class=\"tnp-submit\" type=\"submit\" value=\"S&#039;abonner\" style=\"\">\n<div class=\"tnp-field tnp-privacy-field\"><label><input type=\"checkbox\" name=\"ny\" required class=\"tnp-privacy\"> <a target=\"_blank\" href=\"https:\/\/www.bareoaks.ca\/fr\/privacy\/\">En continuant, vous acceptez la politique de confidentialit\u00e9<\/a><\/label><\/div><input type=\"hidden\" name=\"trp-form-language\" value=\"fr\"\/><\/form><\/div>\n\n\n\n\n<p>Vous pouvez \u00e9galement recevoir des mises \u00e0 jour via :<\/p>\n\n\n\n<p><a href=\"http:\/\/Facebook.com\/BareOaksPark\" target=\"_blank\" rel=\"noopener\"><img loading=\"lazy\" decoding=\"async\" class=\"size-full wp-image-1543\" style=\"vertical-align: middle;\" src=\"https:\/\/www.bareoaks.ca\/wp-content\/uploads\/2010\/03\/Social%20Media%20Icons_facebook_32.png\" alt=\"Bare Oaks Family Naturist Park on Facebook\" width=\"32\" height=\"32\"><\/a> <a href=\"http:\/\/Facebook.com\/BareOaksPark\" target=\"_blank\" rel=\"noopener\">Facebook.com\/BareOaksPark<\/a><\/p>\n\n\n\n<p><img loading=\"lazy\" decoding=\"async\" class=\"size-full wp-image-1553\" style=\"vertical-align: middle;\" src=\"https:\/\/www.bareoaks.ca\/wp-content\/uploads\/2010\/03\/Social%20Media%20Icons_feed_32.png\" alt=\"Bare Oaks Blog RSS Feed\" width=\"32\" height=\"32\"> <a href=\"https:\/\/www.bareoaks.ca\/fr\/bare-oaks-blog\/\" rel=\"noopener\">Blog de Bare Oaks<\/a><\/p>\n<\/div>\n\n\n\n<div class=\"wp-block-column is-vertically-aligned-top color-columns-block-yellow is-layout-flow wp-block-column-is-layout-flow\" style=\"flex-basis:25%\"><div class=\"wp-block-image is-style-default\">\n<figure class=\"aligncenter size-large is-resized\"><img loading=\"lazy\" decoding=\"async\" width=\"1600\" height=\"1600\" src=\"https:\/\/www.bareoaks.ca\/wp-content\/uploads\/2018\/02\/BareOaksStatus2.png\" alt=\"\" class=\"wp-image-47775\" style=\"width:150px;height:150px\"\/><\/figure>\n<\/div>\n\n\n<h5 class=\"wp-block-heading column-margin-block-20\">Mises \u00e0 jour du statut<\/h5>\n\n\n\n<p class=\"column-margin-block-30\">Nous envoyons des mises \u00e0 jour de statut (par exemple, piscine, jacuzzi, eau, etc...)&nbsp;<em><strong>seulement<\/strong><\/em>&nbsp;via notre site d\u00e9di\u00e9&nbsp;&nbsp;<a href=\"http:\/\/twitter.com\/BareOaksStatus\" target=\"_blank\" rel=\"noreferrer noopener\">Compte Twitter Bare Oaks Status<\/a>.<\/p>\n\n\n\n<h5 class=\"wp-block-heading column-margin-block-20\"><\/h5>\n<\/div>\n<\/div>\n\n\n\n<hr class=\"wp-block-separator has-css-opacity is-style-wide\"\/>\n\n\n<div class=\"is-style-boxed wp-block-themeisle-blocks-posts-grid\" id=\"wp-block-themeisle-blocks-posts-grid-e24f6570\"><div class=\"is-grid o-posts-grid-columns-3\"><div class=\"o-posts-grid-post-blog o-posts-grid-post-plain\"><div class=\"o-posts-grid-post\"><div class=\"o-posts-grid-post-body is-full\"><h4 class=\"o-posts-grid-post-title\"><a href=\"https:\/\/www.bareoaks.ca\/fr\/office-closures-reno\/\">Fermeture des bureaux la semaine prochaine (30 mars - 3 avril)<\/a><\/h4><p class=\"o-posts-grid-post-meta\">Publi\u00e9 le <time datetime=\"2026-03-27T17:18:02-04:00\">27 mars 2026<\/time> <\/p><div class=\"o-posts-grid-post-description\"><p>Le sol du bureau sera refait la semaine prochaine. Cela limitera consid\u00e9rablement notre capacit\u00e9 \u00e0 fournir des o...<\/p><a class=\"o-posts-read-more\" href=\"https:\/\/www.bareoaks.ca\/fr\/office-closures-reno\/\">Lire la suite<\/a><\/div><\/div><\/div><\/div><div class=\"o-posts-grid-post-blog o-posts-grid-post-plain\"><div class=\"o-posts-grid-post\"><div class=\"o-posts-grid-post-body is-full\"><h4 class=\"o-posts-grid-post-title\"><a href=\"https:\/\/www.bareoaks.ca\/fr\/naked-dressing\/\">Naked Dressing ??<\/a><\/h4><p class=\"o-posts-grid-post-meta\">Publi\u00e9 le <time datetime=\"2026-03-24T09:56:29-04:00\">24 mars 2026<\/time> <\/p><div class=\"o-posts-grid-post-description\"><p>Le \"Naked Dressing\" est devenu une tendance chez les c\u00e9l\u00e9brit\u00e9s. Cela contribue-t-il \u00e0 l'acceptation du corps ? Est-il coh\u00e9rent avec...<\/p><a class=\"o-posts-read-more\" href=\"https:\/\/www.bareoaks.ca\/fr\/naked-dressing\/\">Lire la suite<\/a><\/div><\/div><\/div><\/div><div class=\"o-posts-grid-post-blog o-posts-grid-post-plain\"><div class=\"o-posts-grid-post\"><div class=\"o-posts-grid-post-body is-full\"><h4 class=\"o-posts-grid-post-title\"><a href=\"https:\/\/www.bareoaks.ca\/fr\/hottubsaga\/\">La saga des jacuzzis mise \u00e0 jour<\/a><\/h4><p class=\"o-posts-grid-post-meta\">Publi\u00e9 le <time datetime=\"2026-03-20T15:12:37-04:00\">20 mars 2026<\/time> <\/p><div class=\"o-posts-grid-post-description\"><p>Mise \u00e0 jour du 20 mars 2026 - Plusieurs tuyaux et joints ont \u00e9t\u00e9 remplac\u00e9s. Des capteurs d\u00e9fectueux ont \u00e9galement \u00e9t\u00e9 ...<\/p><a class=\"o-posts-read-more\" href=\"https:\/\/www.bareoaks.ca\/fr\/hottubsaga\/\">Lire la suite<\/a><\/div><\/div><\/div><\/div><div class=\"o-posts-grid-post-blog o-posts-grid-post-plain\"><div class=\"o-posts-grid-post\"><div class=\"o-posts-grid-post-body is-full\"><h4 class=\"o-posts-grid-post-title\"><a href=\"https:\/\/www.bareoaks.ca\/fr\/new-dates-for-volleyball\/\">Nouvelles dates pour le volley-ball<\/a><\/h4><p class=\"o-posts-grid-post-meta\">Publi\u00e9 le <time datetime=\"2026-01-01T18:17:36-05:00\">1er janvier 2026<\/time> <\/p><div class=\"o-posts-grid-post-description\"><p>Les deux tournois de volley-ball naturiste de la r\u00e9gion du Grand Toronto ont de nouvelles dates \u00e0 partir de 2026 pour...<\/p><a class=\"o-posts-read-more\" href=\"https:\/\/www.bareoaks.ca\/fr\/new-dates-for-volleyball\/\">Lire la suite<\/a><\/div><\/div><\/div><\/div><div class=\"o-posts-grid-post-blog o-posts-grid-post-plain\"><div class=\"o-posts-grid-post\"><div class=\"o-posts-grid-post-body is-full\"><h4 class=\"o-posts-grid-post-title\"><a href=\"https:\/\/www.bareoaks.ca\/fr\/office-closure\/\">Fermeture du bureau<\/a><\/h4><p class=\"o-posts-grid-post-meta\">Publi\u00e9 le <time datetime=\"2025-10-27T18:32:42-04:00\">27 octobre 2025<\/time> <\/p><div class=\"o-posts-grid-post-description\"><p>Afin d'\u00eatre plus efficace, nous fermerons le bureau et le restaurant les lundis et mardis ...<\/p><a class=\"o-posts-read-more\" href=\"https:\/\/www.bareoaks.ca\/fr\/office-closure\/\">Lire la suite<\/a><\/div><\/div><\/div><\/div><div class=\"o-posts-grid-post-blog o-posts-grid-post-plain\"><div class=\"o-posts-grid-post\"><div class=\"o-posts-grid-post-body is-full\"><h4 class=\"o-posts-grid-post-title\"><a href=\"https:\/\/www.bareoaks.ca\/fr\/the-naturist-colouring-book\/\">Le livre de coloriage naturiste<\/a><\/h4><p class=\"o-posts-grid-post-meta\">Publi\u00e9 le <time datetime=\"2025-08-20T11:47:02-04:00\">20 ao\u00fbt 2025<\/time> <\/p><div class=\"o-posts-grid-post-description\"><p>Aujourd'hui, nous publions le livre de coloriage naturiste dans le cadre d'une campagne permanente de promotion de la...<\/p><a class=\"o-posts-read-more\" href=\"https:\/\/www.bareoaks.ca\/fr\/the-naturist-colouring-book\/\">Lire la suite<\/a><\/div><\/div><\/div><\/div><\/div> <div class=\"o-posts-grid-pag\"><span aria-current=\"page\" class=\"page-numbers current\">1<\/span>\n<a class=\"page-numbers\" href=\"https:\/\/www.bareoaks.ca\/fr\/wp-json\/wp\/v2\/pages\/17\/?paged=2\">2<\/a>\n<a class=\"page-numbers\" href=\"https:\/\/www.bareoaks.ca\/fr\/wp-json\/wp\/v2\/pages\/17\/?paged=3\">3<\/a>\n<span class=\"page-numbers dots\">...<\/span>\n<a class=\"page-numbers\" href=\"https:\/\/www.bareoaks.ca\/fr\/wp-json\/wp\/v2\/pages\/17\/?paged=74\">74<\/a>\n<a class=\"next page-numbers\" href=\"https:\/\/www.bareoaks.ca\/fr\/wp-json\/wp\/v2\/pages\/17\/?paged=2\">Suivant<\/a><\/div><\/div>\n\n\n<p><\/p>","protected":false},"excerpt":{"rendered":"<p>Pour les \u00e9v\u00e9nements, veuillez consulter notre page d'\u00e9v\u00e9nements et notre calendrier Google. Les principales nouvelles et annonces sont publi\u00e9es sur le blog de Bare Oaks. Vous pouvez recevoir les mises \u00e0 jour du blog par courrier \u00e9lectronique : Vous pouvez \u00e9galement recevoir des mises \u00e0 jour via : Facebook.com\/BareOaksPark Bare Oaks Blog Status updates Nous envoyons des mises \u00e0 jour de statut (par ex. piscine, jacuzzi, eau, etc.) uniquement via notre compte Twitter d\u00e9di\u00e9 Bare Oaks Status.<a class=\"more-link\" href=\"https:\/\/www.bareoaks.ca\/fr\/news\/\">Lire la suite \u2192<\/a><\/p>","protected":false},"author":73,"featured_media":0,"parent":0,"menu_order":1,"comment_status":"closed","ping_status":"closed","template":"","meta":{"_themeisle_gutenberg_block_has_review":false,"footnotes":""},"class_list":["entry","author-sdeschenes","post-17","page","type-page","status-publish"],"yoast_head":"<!-- This site is optimized with the Yoast SEO plugin v27.4 - https:\/\/yoast.com\/product\/yoast-seo-wordpress\/ -->\n<title>News &#8226; Bare Oaks Family Naturist Park<\/title>\n<meta name=\"description\" content=\"News and events at Bare Oaks Family Naturist Park.\" \/>\n<meta name=\"robots\" content=\"index, follow, max-snippet:-1, max-image-preview:large, max-video-preview:-1\" \/>\n<link rel=\"canonical\" href=\"https:\/\/www.bareoaks.ca\/fr\/news\/\" \/>\n<meta property=\"og:locale\" content=\"fr_CA\" \/>\n<meta property=\"og:type\" content=\"article\" \/>\n<meta property=\"og:title\" content=\"News &#8226; Bare Oaks Family Naturist Park\" \/>\n<meta property=\"og:description\" content=\"News and events at Bare Oaks Family Naturist Park.\" \/>\n<meta property=\"og:url\" content=\"https:\/\/www.bareoaks.ca\/fr\/news\/\" \/>\n<meta property=\"og:site_name\" content=\"Bare Oaks Family Naturist Park\" \/>\n<meta property=\"article:publisher\" content=\"https:\/\/www.facebook.com\/BareOaksPark\" \/>\n<meta property=\"article:modified_time\" content=\"2026-01-04T23:18:27+00:00\" \/>\n<meta property=\"og:image\" content=\"https:\/\/www.bareoaks.ca\/wp-content\/uploads\/2010\/03\/Social%20Media%20Icons_facebook_32.png\" \/>\n\t<meta property=\"og:image:width\" content=\"32\" \/>\n\t<meta property=\"og:image:height\" content=\"32\" \/>\n\t<meta property=\"og:image:type\" content=\"image\/png\" \/>\n<meta name=\"twitter:card\" content=\"summary_large_image\" \/>\n<meta name=\"twitter:site\" content=\"@BareOaksPark\" \/>\n<meta name=\"twitter:label1\" content=\"Estimation du temps de lecture\" \/>\n\t<meta name=\"twitter:data1\" content=\"1 minute\" \/>\n<script type=\"application\/ld+json\" class=\"yoast-schema-graph\">{\"@context\":\"https:\\\/\\\/schema.org\",\"@graph\":[{\"@type\":\"WebPage\",\"@id\":\"https:\\\/\\\/www.bareoaks.ca\\\/news\\\/\",\"url\":\"https:\\\/\\\/www.bareoaks.ca\\\/news\\\/\",\"name\":\"News &#8226; Bare Oaks Family Naturist Park\",\"isPartOf\":{\"@id\":\"https:\\\/\\\/www.bareoaks.ca\\\/#website\"},\"primaryImageOfPage\":{\"@id\":\"https:\\\/\\\/www.bareoaks.ca\\\/news\\\/#primaryimage\"},\"image\":{\"@id\":\"https:\\\/\\\/www.bareoaks.ca\\\/news\\\/#primaryimage\"},\"thumbnailUrl\":\"https:\\\/\\\/www.bareoaks.ca\\\/wp-content\\\/uploads\\\/2010\\\/03\\\/Social%20Media%20Icons_facebook_32.png\",\"datePublished\":\"2010-03-03T03:13:24+00:00\",\"dateModified\":\"2026-01-04T23:18:27+00:00\",\"description\":\"News and events at Bare Oaks Family Naturist Park.\",\"breadcrumb\":{\"@id\":\"https:\\\/\\\/www.bareoaks.ca\\\/news\\\/#breadcrumb\"},\"inLanguage\":\"fr-CA\",\"potentialAction\":[{\"@type\":\"ReadAction\",\"target\":[\"https:\\\/\\\/www.bareoaks.ca\\\/news\\\/\"]}]},{\"@type\":\"ImageObject\",\"inLanguage\":\"fr-CA\",\"@id\":\"https:\\\/\\\/www.bareoaks.ca\\\/news\\\/#primaryimage\",\"url\":\"https:\\\/\\\/www.bareoaks.ca\\\/wp-content\\\/uploads\\\/2010\\\/03\\\/Social%20Media%20Icons_facebook_32.png\",\"contentUrl\":\"https:\\\/\\\/www.bareoaks.ca\\\/wp-content\\\/uploads\\\/2010\\\/03\\\/Social%20Media%20Icons_facebook_32.png\"},{\"@type\":\"BreadcrumbList\",\"@id\":\"https:\\\/\\\/www.bareoaks.ca\\\/news\\\/#breadcrumb\",\"itemListElement\":[{\"@type\":\"ListItem\",\"position\":1,\"name\":\"Home\",\"item\":\"https:\\\/\\\/www.bareoaks.ca\\\/\"},{\"@type\":\"ListItem\",\"position\":2,\"name\":\"News\"}]},{\"@type\":\"WebSite\",\"@id\":\"https:\\\/\\\/www.bareoaks.ca\\\/#website\",\"url\":\"https:\\\/\\\/www.bareoaks.ca\\\/\",\"name\":\"Bare Oaks Family Naturist Park\",\"description\":\"Traditional naturist values in a modern setting\",\"publisher\":{\"@id\":\"https:\\\/\\\/www.bareoaks.ca\\\/#organization\"},\"potentialAction\":[{\"@type\":\"SearchAction\",\"target\":{\"@type\":\"EntryPoint\",\"urlTemplate\":\"https:\\\/\\\/www.bareoaks.ca\\\/?s={search_term_string}\"},\"query-input\":{\"@type\":\"PropertyValueSpecification\",\"valueRequired\":true,\"valueName\":\"search_term_string\"}}],\"inLanguage\":\"fr-CA\"},{\"@type\":\"Organization\",\"@id\":\"https:\\\/\\\/www.bareoaks.ca\\\/#organization\",\"name\":\"Bare Oaks Family Naturist Park\",\"url\":\"https:\\\/\\\/www.bareoaks.ca\\\/\",\"logo\":{\"@type\":\"ImageObject\",\"inLanguage\":\"fr-CA\",\"@id\":\"https:\\\/\\\/www.bareoaks.ca\\\/#\\\/schema\\\/logo\\\/image\\\/\",\"url\":\"https:\\\/\\\/www.bareoaks.ca\\\/wp-content\\\/uploads\\\/2025\\\/07\\\/BareOaksLogo_website.png\",\"contentUrl\":\"https:\\\/\\\/www.bareoaks.ca\\\/wp-content\\\/uploads\\\/2025\\\/07\\\/BareOaksLogo_website.png\",\"width\":250,\"height\":132,\"caption\":\"Bare Oaks Family Naturist Park\"},\"image\":{\"@id\":\"https:\\\/\\\/www.bareoaks.ca\\\/#\\\/schema\\\/logo\\\/image\\\/\"},\"sameAs\":[\"https:\\\/\\\/www.facebook.com\\\/BareOaksPark\",\"https:\\\/\\\/x.com\\\/BareOaksPark\",\"https:\\\/\\\/www.instagram.com\\\/bareoaks\\\/\",\"http:\\\/\\\/www.linkedin.com\\\/company\\\/bare-oaks-family-naturist-park\",\"https:\\\/\\\/www.youtube.com\\\/user\\\/BareOaks\",\"https:\\\/\\\/en.wikipedia.org\\\/wiki\\\/Bare_Oaks_Family_Naturist_Park\"]}]}<\/script>\n<!-- \/ Yoast SEO plugin. -->","yoast_head_json":{"title":"Actualit\u00e9s - Parc naturiste familial Bare Oaks","description":"Nouvelles et \u00e9v\u00e9nements au parc naturiste familial de Bare Oaks.","robots":{"index":"index","follow":"follow","max-snippet":"max-snippet:-1","max-image-preview":"max-image-preview:large","max-video-preview":"max-video-preview:-1"},"canonical":"https:\/\/www.bareoaks.ca\/fr\/news\/","og_locale":"fr_CA","og_type":"article","og_title":"News &#8226; Bare Oaks Family Naturist Park","og_description":"News and events at Bare Oaks Family Naturist Park.","og_url":"https:\/\/www.bareoaks.ca\/fr\/news\/","og_site_name":"Bare Oaks Family Naturist Park","article_publisher":"https:\/\/www.facebook.com\/BareOaksPark","article_modified_time":"2026-01-04T23:18:27+00:00","og_image":[{"width":32,"height":32,"url":"https:\/\/www.bareoaks.ca\/wp-content\/uploads\/2010\/03\/Social Media Icons_facebook_32.png","type":"image\/png"}],"twitter_card":"summary_large_image","twitter_site":"@BareOaksPark","twitter_misc":{"Estimation du temps de lecture":"1 minute"},"schema":{"@context":"https:\/\/schema.org","@graph":[{"@type":"WebPage","@id":"https:\/\/www.bareoaks.ca\/news\/","url":"https:\/\/www.bareoaks.ca\/news\/","name":"Actualit\u00e9s - Parc naturiste familial Bare Oaks","isPartOf":{"@id":"https:\/\/www.bareoaks.ca\/#website"},"primaryImageOfPage":{"@id":"https:\/\/www.bareoaks.ca\/news\/#primaryimage"},"image":{"@id":"https:\/\/www.bareoaks.ca\/news\/#primaryimage"},"thumbnailUrl":"https:\/\/www.bareoaks.ca\/wp-content\/uploads\/2010\/03\/Social%20Media%20Icons_facebook_32.png","datePublished":"2010-03-03T03:13:24+00:00","dateModified":"2026-01-04T23:18:27+00:00","description":"Nouvelles et \u00e9v\u00e9nements au parc naturiste familial de Bare Oaks.","breadcrumb":{"@id":"https:\/\/www.bareoaks.ca\/news\/#breadcrumb"},"inLanguage":"fr-CA","potentialAction":[{"@type":"ReadAction","target":["https:\/\/www.bareoaks.ca\/news\/"]}]},{"@type":"ImageObject","inLanguage":"fr-CA","@id":"https:\/\/www.bareoaks.ca\/news\/#primaryimage","url":"https:\/\/www.bareoaks.ca\/wp-content\/uploads\/2010\/03\/Social%20Media%20Icons_facebook_32.png","contentUrl":"https:\/\/www.bareoaks.ca\/wp-content\/uploads\/2010\/03\/Social%20Media%20Icons_facebook_32.png"},{"@type":"BreadcrumbList","@id":"https:\/\/www.bareoaks.ca\/news\/#breadcrumb","itemListElement":[{"@type":"ListItem","position":1,"name":"Home","item":"https:\/\/www.bareoaks.ca\/"},{"@type":"ListItem","position":2,"name":"News"}]},{"@type":"WebSite","@id":"https:\/\/www.bareoaks.ca\/#website","url":"https:\/\/www.bareoaks.ca\/","name":"Parc naturiste familial Bare Oaks","description":"Des valeurs naturistes traditionnelles dans un cadre moderne","publisher":{"@id":"https:\/\/www.bareoaks.ca\/#organization"},"potentialAction":[{"@type":"SearchAction","target":{"@type":"EntryPoint","urlTemplate":"https:\/\/www.bareoaks.ca\/?s={search_term_string}"},"query-input":{"@type":"PropertyValueSpecification","valueRequired":true,"valueName":"search_term_string"}}],"inLanguage":"fr-CA"},{"@type":"Organization","@id":"https:\/\/www.bareoaks.ca\/#organization","name":"Parc naturiste familial Bare Oaks","url":"https:\/\/www.bareoaks.ca\/","logo":{"@type":"ImageObject","inLanguage":"fr-CA","@id":"https:\/\/www.bareoaks.ca\/#\/schema\/logo\/image\/","url":"https:\/\/www.bareoaks.ca\/wp-content\/uploads\/2025\/07\/BareOaksLogo_website.png","contentUrl":"https:\/\/www.bareoaks.ca\/wp-content\/uploads\/2025\/07\/BareOaksLogo_website.png","width":250,"height":132,"caption":"Bare Oaks Family Naturist Park"},"image":{"@id":"https:\/\/www.bareoaks.ca\/#\/schema\/logo\/image\/"},"sameAs":["https:\/\/www.facebook.com\/BareOaksPark","https:\/\/x.com\/BareOaksPark","https:\/\/www.instagram.com\/bareoaks\/","http:\/\/www.linkedin.com\/company\/bare-oaks-family-naturist-park","https:\/\/www.youtube.com\/user\/BareOaks","https:\/\/en.wikipedia.org\/wiki\/Bare_Oaks_Family_Naturist_Park"]}]}},"_links":{"self":[{"href":"https:\/\/www.bareoaks.ca\/fr\/wp-json\/wp\/v2\/pages\/17","targetHints":{"allow":["GET"]}}],"collection":[{"href":"https:\/\/www.bareoaks.ca\/fr\/wp-json\/wp\/v2\/pages"}],"about":[{"href":"https:\/\/www.bareoaks.ca\/fr\/wp-json\/wp\/v2\/types\/page"}],"author":[{"embeddable":true,"href":"https:\/\/www.bareoaks.ca\/fr\/wp-json\/wp\/v2\/users\/73"}],"replies":[{"embeddable":true,"href":"https:\/\/www.bareoaks.ca\/fr\/wp-json\/wp\/v2\/comments?post=17"}],"version-history":[{"count":21,"href":"https:\/\/www.bareoaks.ca\/fr\/wp-json\/wp\/v2\/pages\/17\/revisions"}],"predecessor-version":[{"id":82227,"href":"https:\/\/www.bareoaks.ca\/fr\/wp-json\/wp\/v2\/pages\/17\/revisions\/82227"}],"wp:attachment":[{"href":"https:\/\/www.bareoaks.ca\/fr\/wp-json\/wp\/v2\/media?parent=17"}],"curies":[{"name":"wp","href":"https:\/\/api.w.org\/{rel}","templated":true}]}}