{"id":183,"date":"2012-10-30T18:36:53","date_gmt":"2012-10-30T22:36:53","guid":{"rendered":"http:\/\/ww1.bareoaks.ca\/?page_id=183"},"modified":"2021-12-18T09:01:05","modified_gmt":"2021-12-18T14:01:05","slug":"montalivet-trip-2014","status":"publish","type":"page","link":"https:\/\/www.bareoaks.ca\/fr\/montalivet-trip-2014\/","title":{"rendered":"2014 Voyage au CHM Montalivet, France"},"content":{"rendered":"<div class=\"wp-block-image is-style-default\"><figure class=\"alignright is-resized\"><img loading=\"lazy\" decoding=\"async\" src=\"https:\/\/www.bareoaks.ca\/wp-content\/uploads\/2012\/10\/Montalivet-trip_chm-Montalivet-page1.jpg\" alt=\"CHM Montalivet, France\" class=\"wp-image-3473\" width=\"400\" height=\"515\" srcset=\"https:\/\/www.bareoaks.ca\/wp-content\/uploads\/2012\/10\/Montalivet-trip_chm-Montalivet-page1.jpg 1240w, https:\/\/www.bareoaks.ca\/wp-content\/uploads\/2012\/10\/Montalivet-trip_chm-Montalivet-page1-233x300.jpg 233w, https:\/\/www.bareoaks.ca\/wp-content\/uploads\/2012\/10\/Montalivet-trip_chm-Montalivet-page1-768x988.jpg 768w, https:\/\/www.bareoaks.ca\/wp-content\/uploads\/2012\/10\/Montalivet-trip_chm-Montalivet-page1-796x1024.jpg 796w, https:\/\/www.bareoaks.ca\/wp-content\/uploads\/2012\/10\/Montalivet-trip_chm-Montalivet-page1-705x907.jpg 705w\" sizes=\"auto, (max-width: 400px) 100vw, 400px\" \/><\/figure><\/div>\n\n\n\n<h3 class=\"wp-block-heading\">Vacances naturistes en France !<\/h3>\n\n\n\n<p>Apr\u00e8s le succ\u00e8s du voyage de 2013, nous avons d\u00e9cid\u00e9 de le refaire ! Mais sur la base des retours d'exp\u00e9rience, nous offrons cette fois-ci plus de flexibilit\u00e9. Cette ann\u00e9e, vous avez le choix entre 1 ou 2 semaines au CHM Montalivet et un voyage suppl\u00e9mentaire \u00e0 Paris est \u00e9galement possible. Le billet d'avion n'est plus inclus afin de permettre plusieurs points de d\u00e9part et de vous donner plus de flexibilit\u00e9. (par exemple, certaines personnes souhaitent utiliser des points de fid\u00e9lit\u00e9 pour se rendre sur place).<\/p>\n\n\n\n<p>50 personnes au maximum, soit 25 couples ou 12 familles (deux adultes et deux enfants). Premier arriv\u00e9, premier servi ! Derni\u00e8re date de r\u00e9servation : 28 f\u00e9vrier ou lorsque le nombre maximum de places est atteint.<\/p>\n\n\n\n<p>Tarifs de groupe forfaitaires incluant pratiquement tous les co\u00fbts \u00e0 l'exception des repas :<\/p>\n\n\n\n<p class=\"has-text-align-center\"><strong>28 juin - 5 juillet (une semaine)<br>ou<br>28 juin - 12 juillet (deux semaines)<\/strong><\/p>\n\n\n\n<ul class=\"wp-block-list\"><li style=\"list-style-type: none;\">\n<ul>\n<li style=\"list-style-type: none;\">\n<ul>\n<li>Bus depuis\/vers la gare ou l'a\u00e9roport de Bordeaux vers\/depuis CHM Montalivet<\/li>\n<li><a href=\"http:\/\/www.naturist-camping-chm-montalivet.co.uk\/naturist-campsite-france\/naturist-rentals\/accommodation-mobile-home-46.html\" target=\"_blank\" rel=\"noopener\">H\u00e9bergement complet (chambre, cuisine, salle de bain)<\/a> au CHM Montalivet. Pr\u00e9parez votre propre nourriture (magasins sur place) ou mangez dans l'un des nombreux restaurants.<\/li>\n<li>Toutes les commodit\u00e9s et activit\u00e9s sont incluses<br>(\u00e0 l'exception de la nourriture, des le\u00e7ons, de l'artisanat, de l'internet et des services de spa)<\/li>\n<li>Excursions optionnelles (co\u00fbt suppl\u00e9mentaire) vers les attractions de la r\u00e9gion (par exemple, vignobles, Bordeaux, etc...)<\/li>\n<\/ul>\n<\/li>\n<\/ul>\n<\/li><\/ul>\n\n\n\n<p class=\"has-text-align-center\"><strong>4 jours\/3 nuits \u00e0 Paris, du 12 au 15 juillet<\/strong><\/p>\n\n\n\n<p class=\"has-text-align-center\"><em><strong>Note : Le 14 juillet est le jour de la Bastille !<\/strong><\/em><\/p>\n\n\n\n<ul class=\"wp-block-list\"><li style=\"list-style-type: none;\">\n<ul>\n<li style=\"list-style-type: none;\">\n<ul>\n<li><img loading=\"lazy\" decoding=\"async\" class=\"alignleft size-full wp-image-3483\" style=\"margin: 5px 20px 5px 0px; float: left;\" src=\"https:\/\/www.bareoaks.ca\/wp-content\/uploads\/2012\/10\/Montalivet-trip_Eiffel-Tower.jpg\" alt=\"Eiffel Tower Paris France\" width=\"100\" height=\"150\" srcset=\"https:\/\/www.bareoaks.ca\/wp-content\/uploads\/2012\/10\/Montalivet-trip_Eiffel-Tower.jpg 266w, https:\/\/www.bareoaks.ca\/wp-content\/uploads\/2012\/10\/Montalivet-trip_Eiffel-Tower-200x300.jpg 200w\" sizes=\"auto, (max-width: 100px) 100vw, 100px\" \/>Bus de CHM Montalivet \u00e0 la gare de Bordeaux<\/li>\n<li>TGV de Bordeaux \u00e0 Paris (2\u00e8me classe) Gare Montparnasse<\/li>\n<li>Transport local et assistant (anglophone)<\/li>\n<li>H\u00f4tel dans le quartier Haussman de Paris<\/li>\n<li>Petit d\u00e9jeuner tous les matins<\/li>\n<li>Visite avec guide (anglophone)<\/li>\n<li>Entr\u00e9e \u00e0 la Tour Eiffel niveau 2 incluse<\/li>\n<li>D\u00eener-croisi\u00e8re de 2 heures sur la Seine<\/li>\n<li>Carte de m\u00e9tro de 3 jours<\/li>\n<li>Transport local vers l'a\u00e9roport<\/li>\n<\/ul>\n<\/li>\n<\/ul>\n<\/li><\/ul>\n\n\n\n<p>&nbsp;<a title=\"Podcast CHM Montalivet\" href=\"http:\/\/www.naturistliving.bareoaks.ca\/2012\/10\/naturist-vacation-in-france.html\"><img loading=\"lazy\" decoding=\"async\" class=\"size-full wp-image-3493\" style=\"vertical-align: middle;\" src=\"https:\/\/www.bareoaks.ca\/wp-content\/uploads\/2012\/10\/Social%20Media%20Icons_podcast_32.png\" alt=\"CHM Montalivet Podcast\" width=\"32\" height=\"32\"><\/a><a title=\"Podcast CHM Montalivet\" href=\"http:\/\/www.naturistliving.bareoaks.ca\/2012\/10\/naturist-vacation-in-france.html\">\u00c9couter un podcast sur Montalivet<\/a><\/p>\n\n\n\n<h3 class=\"wp-block-heading\">Tarification<\/h3>\n\n\n\n<p><em>Note : Des taxes suppl\u00e9mentaires s'appliquent aux r\u00e9sidents canadiens.<\/em><\/p>\n\n\n\n<h5 class=\"wp-block-heading\">CHM Montalivet<\/h5>\n\n\n\n<figure class=\"wp-block-table is-style-regular\"><table><tbody><tr><td>&nbsp;<\/td><td><strong>28 juin-5 juillet<\/strong><\/td><td><strong>28 juin-12 juillet<\/strong><\/td><\/tr><tr><td>Par personne, occupation quadruple<\/td><td>$ 319<\/td><td>$ 529<\/td><\/tr><tr><td>Par personne, occupation triple<\/td><td>$ 389<\/td><td>$ 679<\/td><\/tr><tr><td>Par personne, occupation double<\/td><td>$ 549<\/td><td>$ 999<\/td><\/tr><tr><td>Par personne, occupation simple<\/td><td>$ 999<\/td><td>$ 1,849<\/td><\/tr><\/tbody><\/table><\/figure>\n\n\n\n<h5 class=\"wp-block-heading\">&nbsp;<\/h5>\n\n\n\n<h5 class=\"wp-block-heading\">Paris (12-15 juillet)<\/h5>\n\n\n\n<ul class=\"wp-block-list\"><li>Par personne, occupation double : $ 899<\/li><li>Par personne, occupation simple : $ 1 129<\/li><li>Des nuits suppl\u00e9mentaires sont possibles, mais vous devrez alors renoncer au transport collectif vers l'a\u00e9roport.<\/li><\/ul>\n\n\n\n<p><em>Note : un minimum de 12 personnes doit ajouter l'option Paris pour que cette tarification prenne effet.<\/em><\/p>\n\n\n\n<p id=\"agent\">Organis\u00e9 par Nakations.ca\/TPI<\/p>\n\n\n\n<p>Contactez Pauline Blacoe<br><a href=\"mailto:info@nakations.ca?cc=montalivet@bareoaks.ca&amp;subject=2013%20Montalivet%20Trip\">info@nakations.ca<br><\/a>+1 (705) 294-1545<\/p>\n\n\n\n<p><em>TPI - Travel Professionals International est enregistr\u00e9 (#01576226) aupr\u00e8s du Conseil de l'industrie du voyage de l'Ontario (TICO). Le TICO est un organisme mandat\u00e9 par le gouvernement de l'Ontario pour administrer la Loi de 2002 sur le secteur du voyage et un fonds d'indemnisation des frais de voyage financ\u00e9 par l'industrie.<\/em><\/p>\n\n\n\n<p><em>En r\u00e9servant vos services de voyage aupr\u00e8s d'une agence de voyage enregistr\u00e9e aupr\u00e8s du TICO, vous b\u00e9n\u00e9ficiez des dispositions de protection des consommateurs pr\u00e9vues par la Loi de 2002 sur le secteur du voyage de l'Ontario, qui comprend un Fonds d'indemnisation des voyageurs financ\u00e9 par le secteur.<\/em><\/p>\n\n\n\n<hr class=\"wp-block-separator\"\/>\n\n\n\n<h3 class=\"wp-block-heading\">Photos de Montalivet<\/h3>\n\n\n\n<figure class=\"wp-block-image is-style-default\"><img loading=\"lazy\" decoding=\"async\" width=\"2480\" height=\"1595\" src=\"https:\/\/www.bareoaks.ca\/wp-content\/uploads\/2012\/10\/Montalivet-trip_sports-activities.jpg\" alt=\"sports-activities\" class=\"wp-image-3503\" srcset=\"https:\/\/www.bareoaks.ca\/wp-content\/uploads\/2012\/10\/Montalivet-trip_sports-activities.jpg 2480w, https:\/\/www.bareoaks.ca\/wp-content\/uploads\/2012\/10\/Montalivet-trip_sports-activities-300x193.jpg 300w, https:\/\/www.bareoaks.ca\/wp-content\/uploads\/2012\/10\/Montalivet-trip_sports-activities-768x494.jpg 768w, https:\/\/www.bareoaks.ca\/wp-content\/uploads\/2012\/10\/Montalivet-trip_sports-activities-1024x659.jpg 1024w, https:\/\/www.bareoaks.ca\/wp-content\/uploads\/2012\/10\/Montalivet-trip_sports-activities-705x453.jpg 705w\" sizes=\"auto, (max-width: 2480px) 100vw, 2480px\" \/><\/figure>","protected":false},"excerpt":{"rendered":"<p>Vacances naturistes en France ! Apr\u00e8s le succ\u00e8s du voyage de 2013, nous avons d\u00e9cid\u00e9 de le refaire ! Mais sur la base des retours, cette fois-ci en offrant plus de flexibilit\u00e9. Cette ann\u00e9e, vous avez le choix entre 1 ou 2 semaines au CHM Montalivet et un voyage suppl\u00e9mentaire \u00e0 Paris est \u00e9galement une option. Le billet d'avion n'est plus inclus afin de permettre plusieurs points de d\u00e9part et de vous donner plus de flexibilit\u00e9. (Le nombre maximum de participants est de 50 personnes, ce qui peut correspondre \u00e0 25 couples ou 12 familles (deux adultes et deux enfants).<a class=\"more-link\" href=\"https:\/\/www.bareoaks.ca\/fr\/montalivet-trip-2014\/\">Lire la suite \u2192<\/a><\/p>","protected":false},"author":73,"featured_media":0,"parent":0,"menu_order":1,"comment_status":"closed","ping_status":"closed","template":"","meta":{"_themeisle_gutenberg_block_has_review":false,"footnotes":""},"class_list":["entry","author-sdeschenes","post-183","page","type-page","status-publish"],"yoast_head":"<!-- This site is optimized with the Yoast SEO plugin v27.5 - https:\/\/yoast.com\/product\/yoast-seo-wordpress\/ -->\n<title>2014 Trip to CHM Montalivet, France &#8226; Bare Oaks Family Naturist Park<\/title>\n<meta name=\"description\" content=\"2014 naturist vacation to the CHM Montalivet in France.\" \/>\n<meta name=\"robots\" content=\"index, follow, max-snippet:-1, max-image-preview:large, max-video-preview:-1\" \/>\n<link rel=\"canonical\" href=\"https:\/\/www.bareoaks.ca\/fr\/montalivet-trip-2014\/\" \/>\n<meta property=\"og:locale\" content=\"fr_CA\" \/>\n<meta property=\"og:type\" content=\"article\" \/>\n<meta property=\"og:title\" content=\"2014 Trip to CHM Montalivet, France &#8226; Bare Oaks Family Naturist Park\" \/>\n<meta property=\"og:description\" content=\"2014 naturist vacation to the CHM Montalivet in France.\" \/>\n<meta property=\"og:url\" content=\"https:\/\/www.bareoaks.ca\/fr\/montalivet-trip-2014\/\" \/>\n<meta property=\"og:site_name\" content=\"Bare Oaks Family Naturist Park\" \/>\n<meta property=\"article:publisher\" content=\"https:\/\/www.facebook.com\/BareOaksPark\" \/>\n<meta property=\"article:modified_time\" content=\"2021-12-18T14:01:05+00:00\" \/>\n<meta property=\"og:image\" content=\"https:\/\/www.bareoaks.ca\/wp-content\/uploads\/2012\/10\/Montalivet-trip_chm-Montalivet-page1.jpg\" \/>\n<meta name=\"twitter:card\" content=\"summary_large_image\" \/>\n<meta name=\"twitter:site\" content=\"@BareOaksPark\" \/>\n<meta name=\"twitter:label1\" content=\"Estimation du temps de lecture\" \/>\n\t<meta name=\"twitter:data1\" content=\"3 minutes\" \/>\n<script type=\"application\/ld+json\" class=\"yoast-schema-graph\">{\"@context\":\"https:\\\/\\\/schema.org\",\"@graph\":[{\"@type\":\"WebPage\",\"@id\":\"https:\\\/\\\/www.bareoaks.ca\\\/montalivet-trip-2014\\\/\",\"url\":\"https:\\\/\\\/www.bareoaks.ca\\\/montalivet-trip-2014\\\/\",\"name\":\"2014 Trip to CHM Montalivet, France &#8226; Bare Oaks Family Naturist Park\",\"isPartOf\":{\"@id\":\"https:\\\/\\\/www.bareoaks.ca\\\/#website\"},\"primaryImageOfPage\":{\"@id\":\"https:\\\/\\\/www.bareoaks.ca\\\/montalivet-trip-2014\\\/#primaryimage\"},\"image\":{\"@id\":\"https:\\\/\\\/www.bareoaks.ca\\\/montalivet-trip-2014\\\/#primaryimage\"},\"thumbnailUrl\":\"https:\\\/\\\/www.bareoaks.ca\\\/wp-content\\\/uploads\\\/2012\\\/10\\\/Montalivet-trip_chm-Montalivet-page1.jpg\",\"datePublished\":\"2012-10-30T22:36:53+00:00\",\"dateModified\":\"2021-12-18T14:01:05+00:00\",\"description\":\"2014 naturist vacation to the CHM Montalivet in France.\",\"breadcrumb\":{\"@id\":\"https:\\\/\\\/www.bareoaks.ca\\\/montalivet-trip-2014\\\/#breadcrumb\"},\"inLanguage\":\"fr-CA\",\"potentialAction\":[{\"@type\":\"ReadAction\",\"target\":[\"https:\\\/\\\/www.bareoaks.ca\\\/montalivet-trip-2014\\\/\"]}]},{\"@type\":\"ImageObject\",\"inLanguage\":\"fr-CA\",\"@id\":\"https:\\\/\\\/www.bareoaks.ca\\\/montalivet-trip-2014\\\/#primaryimage\",\"url\":\"https:\\\/\\\/www.bareoaks.ca\\\/wp-content\\\/uploads\\\/2012\\\/10\\\/Montalivet-trip_chm-Montalivet-page1.jpg\",\"contentUrl\":\"https:\\\/\\\/www.bareoaks.ca\\\/wp-content\\\/uploads\\\/2012\\\/10\\\/Montalivet-trip_chm-Montalivet-page1.jpg\"},{\"@type\":\"BreadcrumbList\",\"@id\":\"https:\\\/\\\/www.bareoaks.ca\\\/montalivet-trip-2014\\\/#breadcrumb\",\"itemListElement\":[{\"@type\":\"ListItem\",\"position\":1,\"name\":\"Home\",\"item\":\"https:\\\/\\\/www.bareoaks.ca\\\/\"},{\"@type\":\"ListItem\",\"position\":2,\"name\":\"2014 Trip to CHM Montalivet, France\"}]},{\"@type\":\"WebSite\",\"@id\":\"https:\\\/\\\/www.bareoaks.ca\\\/#website\",\"url\":\"https:\\\/\\\/www.bareoaks.ca\\\/\",\"name\":\"Bare Oaks Family Naturist Park\",\"description\":\"Traditional naturist values in a modern setting\",\"publisher\":{\"@id\":\"https:\\\/\\\/www.bareoaks.ca\\\/#organization\"},\"potentialAction\":[{\"@type\":\"SearchAction\",\"target\":{\"@type\":\"EntryPoint\",\"urlTemplate\":\"https:\\\/\\\/www.bareoaks.ca\\\/?s={search_term_string}\"},\"query-input\":{\"@type\":\"PropertyValueSpecification\",\"valueRequired\":true,\"valueName\":\"search_term_string\"}}],\"inLanguage\":\"fr-CA\"},{\"@type\":\"Organization\",\"@id\":\"https:\\\/\\\/www.bareoaks.ca\\\/#organization\",\"name\":\"Bare Oaks Family Naturist Park\",\"url\":\"https:\\\/\\\/www.bareoaks.ca\\\/\",\"logo\":{\"@type\":\"ImageObject\",\"inLanguage\":\"fr-CA\",\"@id\":\"https:\\\/\\\/www.bareoaks.ca\\\/#\\\/schema\\\/logo\\\/image\\\/\",\"url\":\"https:\\\/\\\/www.bareoaks.ca\\\/wp-content\\\/uploads\\\/2025\\\/07\\\/BareOaksLogo_website.png\",\"contentUrl\":\"https:\\\/\\\/www.bareoaks.ca\\\/wp-content\\\/uploads\\\/2025\\\/07\\\/BareOaksLogo_website.png\",\"width\":250,\"height\":132,\"caption\":\"Bare Oaks Family Naturist Park\"},\"image\":{\"@id\":\"https:\\\/\\\/www.bareoaks.ca\\\/#\\\/schema\\\/logo\\\/image\\\/\"},\"sameAs\":[\"https:\\\/\\\/www.facebook.com\\\/BareOaksPark\",\"https:\\\/\\\/x.com\\\/BareOaksPark\",\"https:\\\/\\\/www.instagram.com\\\/bareoaks\\\/\",\"http:\\\/\\\/www.linkedin.com\\\/company\\\/bare-oaks-family-naturist-park\",\"https:\\\/\\\/www.youtube.com\\\/user\\\/BareOaks\",\"https:\\\/\\\/en.wikipedia.org\\\/wiki\\\/Bare_Oaks_Family_Naturist_Park\"]}]}<\/script>\n<!-- \/ Yoast SEO plugin. -->","yoast_head_json":{"title":"2014 Trip to CHM Montalivet, France &#8226; Bare Oaks Family Naturist Park","description":"2014 naturist vacation to the CHM Montalivet in France.","robots":{"index":"index","follow":"follow","max-snippet":"max-snippet:-1","max-image-preview":"max-image-preview:large","max-video-preview":"max-video-preview:-1"},"canonical":"https:\/\/www.bareoaks.ca\/fr\/montalivet-trip-2014\/","og_locale":"fr_CA","og_type":"article","og_title":"2014 Trip to CHM Montalivet, France &#8226; Bare Oaks Family Naturist Park","og_description":"2014 naturist vacation to the CHM Montalivet in France.","og_url":"https:\/\/www.bareoaks.ca\/fr\/montalivet-trip-2014\/","og_site_name":"Bare Oaks Family Naturist Park","article_publisher":"https:\/\/www.facebook.com\/BareOaksPark","article_modified_time":"2021-12-18T14:01:05+00:00","og_image":[{"url":"https:\/\/www.bareoaks.ca\/wp-content\/uploads\/2012\/10\/Montalivet-trip_chm-Montalivet-page1.jpg","type":"","width":"","height":""}],"twitter_card":"summary_large_image","twitter_site":"@BareOaksPark","twitter_misc":{"Estimation du temps de lecture":"3 minutes"},"schema":{"@context":"https:\/\/schema.org","@graph":[{"@type":"WebPage","@id":"https:\/\/www.bareoaks.ca\/montalivet-trip-2014\/","url":"https:\/\/www.bareoaks.ca\/montalivet-trip-2014\/","name":"2014 Trip to CHM Montalivet, France &#8226; Bare Oaks Family Naturist Park","isPartOf":{"@id":"https:\/\/www.bareoaks.ca\/#website"},"primaryImageOfPage":{"@id":"https:\/\/www.bareoaks.ca\/montalivet-trip-2014\/#primaryimage"},"image":{"@id":"https:\/\/www.bareoaks.ca\/montalivet-trip-2014\/#primaryimage"},"thumbnailUrl":"https:\/\/www.bareoaks.ca\/wp-content\/uploads\/2012\/10\/Montalivet-trip_chm-Montalivet-page1.jpg","datePublished":"2012-10-30T22:36:53+00:00","dateModified":"2021-12-18T14:01:05+00:00","description":"2014 naturist vacation to the CHM Montalivet in France.","breadcrumb":{"@id":"https:\/\/www.bareoaks.ca\/montalivet-trip-2014\/#breadcrumb"},"inLanguage":"fr-CA","potentialAction":[{"@type":"ReadAction","target":["https:\/\/www.bareoaks.ca\/montalivet-trip-2014\/"]}]},{"@type":"ImageObject","inLanguage":"fr-CA","@id":"https:\/\/www.bareoaks.ca\/montalivet-trip-2014\/#primaryimage","url":"https:\/\/www.bareoaks.ca\/wp-content\/uploads\/2012\/10\/Montalivet-trip_chm-Montalivet-page1.jpg","contentUrl":"https:\/\/www.bareoaks.ca\/wp-content\/uploads\/2012\/10\/Montalivet-trip_chm-Montalivet-page1.jpg"},{"@type":"BreadcrumbList","@id":"https:\/\/www.bareoaks.ca\/montalivet-trip-2014\/#breadcrumb","itemListElement":[{"@type":"ListItem","position":1,"name":"Home","item":"https:\/\/www.bareoaks.ca\/"},{"@type":"ListItem","position":2,"name":"2014 Trip to CHM Montalivet, France"}]},{"@type":"WebSite","@id":"https:\/\/www.bareoaks.ca\/#website","url":"https:\/\/www.bareoaks.ca\/","name":"Parc naturiste familial Bare Oaks","description":"Des valeurs naturistes traditionnelles dans un cadre moderne","publisher":{"@id":"https:\/\/www.bareoaks.ca\/#organization"},"potentialAction":[{"@type":"SearchAction","target":{"@type":"EntryPoint","urlTemplate":"https:\/\/www.bareoaks.ca\/?s={search_term_string}"},"query-input":{"@type":"PropertyValueSpecification","valueRequired":true,"valueName":"search_term_string"}}],"inLanguage":"fr-CA"},{"@type":"Organization","@id":"https:\/\/www.bareoaks.ca\/#organization","name":"Parc naturiste familial Bare Oaks","url":"https:\/\/www.bareoaks.ca\/","logo":{"@type":"ImageObject","inLanguage":"fr-CA","@id":"https:\/\/www.bareoaks.ca\/#\/schema\/logo\/image\/","url":"https:\/\/www.bareoaks.ca\/wp-content\/uploads\/2025\/07\/BareOaksLogo_website.png","contentUrl":"https:\/\/www.bareoaks.ca\/wp-content\/uploads\/2025\/07\/BareOaksLogo_website.png","width":250,"height":132,"caption":"Bare Oaks Family Naturist Park"},"image":{"@id":"https:\/\/www.bareoaks.ca\/#\/schema\/logo\/image\/"},"sameAs":["https:\/\/www.facebook.com\/BareOaksPark","https:\/\/x.com\/BareOaksPark","https:\/\/www.instagram.com\/bareoaks\/","http:\/\/www.linkedin.com\/company\/bare-oaks-family-naturist-park","https:\/\/www.youtube.com\/user\/BareOaks","https:\/\/en.wikipedia.org\/wiki\/Bare_Oaks_Family_Naturist_Park"]}]}},"_links":{"self":[{"href":"https:\/\/www.bareoaks.ca\/fr\/wp-json\/wp\/v2\/pages\/183","targetHints":{"allow":["GET"]}}],"collection":[{"href":"https:\/\/www.bareoaks.ca\/fr\/wp-json\/wp\/v2\/pages"}],"about":[{"href":"https:\/\/www.bareoaks.ca\/fr\/wp-json\/wp\/v2\/types\/page"}],"author":[{"embeddable":true,"href":"https:\/\/www.bareoaks.ca\/fr\/wp-json\/wp\/v2\/users\/73"}],"replies":[{"embeddable":true,"href":"https:\/\/www.bareoaks.ca\/fr\/wp-json\/wp\/v2\/comments?post=183"}],"version-history":[{"count":5,"href":"https:\/\/www.bareoaks.ca\/fr\/wp-json\/wp\/v2\/pages\/183\/revisions"}],"predecessor-version":[{"id":71167,"href":"https:\/\/www.bareoaks.ca\/fr\/wp-json\/wp\/v2\/pages\/183\/revisions\/71167"}],"wp:attachment":[{"href":"https:\/\/www.bareoaks.ca\/fr\/wp-json\/wp\/v2\/media?parent=183"}],"curies":[{"name":"wp","href":"https:\/\/api.w.org\/{rel}","templated":true}]}}