{"id":20,"date":"2010-03-02T22:14:45","date_gmt":"2010-03-03T03:14:45","guid":{"rendered":"http:\/\/ww1.bareoaks.ca\/?page_id=20"},"modified":"2025-08-01T17:43:50","modified_gmt":"2025-08-01T21:43:50","slug":"trailer-sales","status":"publish","type":"page","link":"https:\/\/www.bareoaks.ca\/fr\/trailer-sales\/","title":{"rendered":"Vente de remorques"},"content":{"rendered":"<p><strong>ACHETEZ UNE CARAVANE OU UN CAMPING-CAR NEUF OU D'OCCASION CHEZ BARE OAKS.<\/strong><\/p>\n\n\n\n<p>Une caravane \u00e0 Bare Oaks peut \u00eatre votre escapade de fin de semaine et votre destination de vacances. Elle vous permet d'\u00e9chapper au stress du monde et d'exp\u00e9rimenter les avantages du naturisme pendant une nuit sans avoir \u00e0 planifier ou \u00e0 faire vos valises.<\/p>\n\n\n\n<p>S\u00e9lectionnez l'une des options ci-dessous :<\/p>\n\n\n\n<div class=\"wp-block-columns is-layout-flex wp-container-core-columns-is-layout-9d6595d7 wp-block-columns-is-layout-flex\">\n<div class=\"wp-block-column is-layout-flow wp-block-column-is-layout-flow\" style=\"flex-basis:30%\"><div class=\"wp-block-image\">\n<figure class=\"alignleft size-medium\"><img loading=\"lazy\" decoding=\"async\" width=\"300\" height=\"200\" src=\"https:\/\/www.bareoaks.ca\/wp-content\/uploads\/2025\/08\/park-model-trailer-300x200.jpg\" alt=\"Park Model Trailer\" class=\"wp-image-80937\" srcset=\"https:\/\/www.bareoaks.ca\/wp-content\/uploads\/2025\/08\/park-model-trailer-300x200.jpg 300w, https:\/\/www.bareoaks.ca\/wp-content\/uploads\/2025\/08\/park-model-trailer-18x12.jpg 18w, https:\/\/www.bareoaks.ca\/wp-content\/uploads\/2025\/08\/park-model-trailer-425x283.jpg 425w, https:\/\/www.bareoaks.ca\/wp-content\/uploads\/2025\/08\/park-model-trailer.jpg 600w\" sizes=\"auto, (max-width: 300px) 100vw, 300px\" \/><\/figure>\n<\/div><\/div>\n\n\n\n<div class=\"wp-block-column is-layout-flow wp-block-column-is-layout-flow\">\n<p><\/p>\n\n\n\n<p><a href=\"https:\/\/www.bareoaks.ca\/fr\/new-and-custom-trailers\/\">Remorques neuves construites selon vos sp\u00e9cifications et install\u00e9es sur votre terrain \u00e0 Bare Oaks<\/a><\/p>\n<\/div>\n<\/div>\n\n\n\n<div class=\"wp-block-columns is-layout-flex wp-container-core-columns-is-layout-9d6595d7 wp-block-columns-is-layout-flex\">\n<div class=\"wp-block-column is-layout-flow wp-block-column-is-layout-flow\" style=\"flex-basis:30%\"><div class=\"wp-block-image\">\n<figure class=\"alignleft size-medium\"><img loading=\"lazy\" decoding=\"async\" width=\"300\" height=\"225\" src=\"https:\/\/www.bareoaks.ca\/wp-content\/uploads\/2023\/07\/trailer4sale-300x225.jpg\" alt=\"Trailer for Sale\" class=\"wp-image-77427\" srcset=\"https:\/\/www.bareoaks.ca\/wp-content\/uploads\/2023\/07\/trailer4sale-300x225.jpg 300w, https:\/\/www.bareoaks.ca\/wp-content\/uploads\/2023\/07\/trailer4sale-768x576.jpg 768w, https:\/\/www.bareoaks.ca\/wp-content\/uploads\/2023\/07\/trailer4sale-425x319.jpg 425w, https:\/\/www.bareoaks.ca\/wp-content\/uploads\/2023\/07\/trailer4sale.jpg 1024w\" sizes=\"auto, (max-width: 300px) 100vw, 300px\" \/><\/figure>\n<\/div><\/div>\n\n\n\n<div class=\"wp-block-column is-layout-flow wp-block-column-is-layout-flow\" style=\"flex-basis:66.66%\">\n<p><\/p>\n\n\n\n<p><a href=\"https:\/\/www.bareoaks.ca\/fr\/used-trailers\/\">Remorques d'occasion \u00e0 Bare Oaks<\/a><\/p>\n<\/div>\n<\/div>","protected":false},"excerpt":{"rendered":"<p>ACHETEZ UNE CARAVANE OU UN RV NEUF OU D'OCCASION CHEZ BARE OAKS. Une caravane \u00e0 Bare Oaks peut \u00eatre votre escapade de fin de semaine et votre destination de vacances. Elle vous permet d'\u00e9chapper au stress du monde et d'exp\u00e9rimenter les avantages du naturisme pendant la nuit sans avoir \u00e0 planifier ou \u00e0 faire vos valises. Choisissez l'une des options ci-dessous : Roulottes neuves construites selon vos sp\u00e9cifications et install\u00e9es sur votre terrain \u00e0 Bare Oaks Roulottes d'occasion \u00e0 Bare Oaks<a class=\"more-link\" href=\"https:\/\/www.bareoaks.ca\/fr\/trailer-sales\/\">Lire la suite \u2192<\/a><\/p>","protected":false},"author":73,"featured_media":0,"parent":0,"menu_order":3,"comment_status":"closed","ping_status":"closed","template":"","meta":{"_themeisle_gutenberg_block_has_review":false,"footnotes":""},"class_list":["entry","author-sdeschenes","post-20","page","type-page","status-publish"],"yoast_head":"<!-- This site is optimized with the Yoast SEO plugin v27.4 - https:\/\/yoast.com\/product\/yoast-seo-wordpress\/ -->\n<title>Trailer Sales &#8226; Bare Oaks Family Naturist Park<\/title>\n<meta name=\"description\" content=\"New and used trailers for sale at Bare Oaks Family Naturist Park.\" \/>\n<meta name=\"robots\" content=\"index, follow, max-snippet:-1, max-image-preview:large, max-video-preview:-1\" \/>\n<link rel=\"canonical\" href=\"https:\/\/www.bareoaks.ca\/fr\/trailer-sales\/\" \/>\n<meta property=\"og:locale\" content=\"fr_CA\" \/>\n<meta property=\"og:type\" content=\"article\" \/>\n<meta property=\"og:title\" content=\"Trailer Sales &#8226; Bare Oaks Family Naturist Park\" \/>\n<meta property=\"og:description\" content=\"New and used trailers for sale at Bare Oaks Family Naturist Park.\" \/>\n<meta property=\"og:url\" content=\"https:\/\/www.bareoaks.ca\/fr\/trailer-sales\/\" \/>\n<meta property=\"og:site_name\" content=\"Bare Oaks Family Naturist Park\" \/>\n<meta property=\"article:publisher\" content=\"https:\/\/www.facebook.com\/BareOaksPark\" \/>\n<meta property=\"article:modified_time\" content=\"2025-08-01T21:43:50+00:00\" \/>\n<meta property=\"og:image\" content=\"https:\/\/www.bareoaks.ca\/wp-content\/uploads\/2025\/08\/park-model-trailer.jpg\" \/>\n\t<meta property=\"og:image:width\" content=\"600\" \/>\n\t<meta property=\"og:image:height\" content=\"400\" \/>\n\t<meta property=\"og:image:type\" content=\"image\/jpeg\" \/>\n<meta name=\"twitter:card\" content=\"summary_large_image\" \/>\n<meta name=\"twitter:site\" content=\"@BareOaksPark\" \/>\n<meta name=\"twitter:label1\" content=\"Estimation du temps de lecture\" \/>\n\t<meta name=\"twitter:data1\" content=\"1 minute\" \/>\n<script type=\"application\/ld+json\" class=\"yoast-schema-graph\">{\"@context\":\"https:\\\/\\\/schema.org\",\"@graph\":[{\"@type\":\"WebPage\",\"@id\":\"https:\\\/\\\/www.bareoaks.ca\\\/trailer-sales\\\/\",\"url\":\"https:\\\/\\\/www.bareoaks.ca\\\/trailer-sales\\\/\",\"name\":\"Trailer Sales &#8226; Bare Oaks Family Naturist Park\",\"isPartOf\":{\"@id\":\"https:\\\/\\\/www.bareoaks.ca\\\/#website\"},\"primaryImageOfPage\":{\"@id\":\"https:\\\/\\\/www.bareoaks.ca\\\/trailer-sales\\\/#primaryimage\"},\"image\":{\"@id\":\"https:\\\/\\\/www.bareoaks.ca\\\/trailer-sales\\\/#primaryimage\"},\"thumbnailUrl\":\"https:\\\/\\\/www.bareoaks.ca\\\/wp-content\\\/uploads\\\/2025\\\/08\\\/park-model-trailer-300x200.jpg\",\"datePublished\":\"2010-03-03T03:14:45+00:00\",\"dateModified\":\"2025-08-01T21:43:50+00:00\",\"description\":\"New and used trailers for sale at Bare Oaks Family Naturist Park.\",\"breadcrumb\":{\"@id\":\"https:\\\/\\\/www.bareoaks.ca\\\/trailer-sales\\\/#breadcrumb\"},\"inLanguage\":\"fr-CA\",\"potentialAction\":[{\"@type\":\"ReadAction\",\"target\":[\"https:\\\/\\\/www.bareoaks.ca\\\/trailer-sales\\\/\"]}]},{\"@type\":\"ImageObject\",\"inLanguage\":\"fr-CA\",\"@id\":\"https:\\\/\\\/www.bareoaks.ca\\\/trailer-sales\\\/#primaryimage\",\"url\":\"https:\\\/\\\/www.bareoaks.ca\\\/wp-content\\\/uploads\\\/2025\\\/08\\\/park-model-trailer-300x200.jpg\",\"contentUrl\":\"https:\\\/\\\/www.bareoaks.ca\\\/wp-content\\\/uploads\\\/2025\\\/08\\\/park-model-trailer-300x200.jpg\"},{\"@type\":\"BreadcrumbList\",\"@id\":\"https:\\\/\\\/www.bareoaks.ca\\\/trailer-sales\\\/#breadcrumb\",\"itemListElement\":[{\"@type\":\"ListItem\",\"position\":1,\"name\":\"Home\",\"item\":\"https:\\\/\\\/www.bareoaks.ca\\\/\"},{\"@type\":\"ListItem\",\"position\":2,\"name\":\"Trailer Sales\"}]},{\"@type\":\"WebSite\",\"@id\":\"https:\\\/\\\/www.bareoaks.ca\\\/#website\",\"url\":\"https:\\\/\\\/www.bareoaks.ca\\\/\",\"name\":\"Bare Oaks Family Naturist Park\",\"description\":\"Traditional naturist values in a modern setting\",\"publisher\":{\"@id\":\"https:\\\/\\\/www.bareoaks.ca\\\/#organization\"},\"potentialAction\":[{\"@type\":\"SearchAction\",\"target\":{\"@type\":\"EntryPoint\",\"urlTemplate\":\"https:\\\/\\\/www.bareoaks.ca\\\/?s={search_term_string}\"},\"query-input\":{\"@type\":\"PropertyValueSpecification\",\"valueRequired\":true,\"valueName\":\"search_term_string\"}}],\"inLanguage\":\"fr-CA\"},{\"@type\":\"Organization\",\"@id\":\"https:\\\/\\\/www.bareoaks.ca\\\/#organization\",\"name\":\"Bare Oaks Family Naturist Park\",\"url\":\"https:\\\/\\\/www.bareoaks.ca\\\/\",\"logo\":{\"@type\":\"ImageObject\",\"inLanguage\":\"fr-CA\",\"@id\":\"https:\\\/\\\/www.bareoaks.ca\\\/#\\\/schema\\\/logo\\\/image\\\/\",\"url\":\"https:\\\/\\\/www.bareoaks.ca\\\/wp-content\\\/uploads\\\/2025\\\/07\\\/BareOaksLogo_website.png\",\"contentUrl\":\"https:\\\/\\\/www.bareoaks.ca\\\/wp-content\\\/uploads\\\/2025\\\/07\\\/BareOaksLogo_website.png\",\"width\":250,\"height\":132,\"caption\":\"Bare Oaks Family Naturist Park\"},\"image\":{\"@id\":\"https:\\\/\\\/www.bareoaks.ca\\\/#\\\/schema\\\/logo\\\/image\\\/\"},\"sameAs\":[\"https:\\\/\\\/www.facebook.com\\\/BareOaksPark\",\"https:\\\/\\\/x.com\\\/BareOaksPark\",\"https:\\\/\\\/www.instagram.com\\\/bareoaks\\\/\",\"http:\\\/\\\/www.linkedin.com\\\/company\\\/bare-oaks-family-naturist-park\",\"https:\\\/\\\/www.youtube.com\\\/user\\\/BareOaks\",\"https:\\\/\\\/en.wikipedia.org\\\/wiki\\\/Bare_Oaks_Family_Naturist_Park\"]}]}<\/script>\n<!-- \/ Yoast SEO plugin. -->","yoast_head_json":{"title":"Vente de remorques - Bare Oaks Family Naturist Park","description":"Vente de remorques neuves et d'occasion au Bare Oaks Family Naturist Park.","robots":{"index":"index","follow":"follow","max-snippet":"max-snippet:-1","max-image-preview":"max-image-preview:large","max-video-preview":"max-video-preview:-1"},"canonical":"https:\/\/www.bareoaks.ca\/fr\/trailer-sales\/","og_locale":"fr_CA","og_type":"article","og_title":"Trailer Sales &#8226; Bare Oaks Family Naturist Park","og_description":"New and used trailers for sale at Bare Oaks Family Naturist Park.","og_url":"https:\/\/www.bareoaks.ca\/fr\/trailer-sales\/","og_site_name":"Bare Oaks Family Naturist Park","article_publisher":"https:\/\/www.facebook.com\/BareOaksPark","article_modified_time":"2025-08-01T21:43:50+00:00","og_image":[{"width":600,"height":400,"url":"https:\/\/www.bareoaks.ca\/wp-content\/uploads\/2025\/08\/park-model-trailer.jpg","type":"image\/jpeg"}],"twitter_card":"summary_large_image","twitter_site":"@BareOaksPark","twitter_misc":{"Estimation du temps de lecture":"1 minute"},"schema":{"@context":"https:\/\/schema.org","@graph":[{"@type":"WebPage","@id":"https:\/\/www.bareoaks.ca\/trailer-sales\/","url":"https:\/\/www.bareoaks.ca\/trailer-sales\/","name":"Vente de remorques - Bare Oaks Family Naturist Park","isPartOf":{"@id":"https:\/\/www.bareoaks.ca\/#website"},"primaryImageOfPage":{"@id":"https:\/\/www.bareoaks.ca\/trailer-sales\/#primaryimage"},"image":{"@id":"https:\/\/www.bareoaks.ca\/trailer-sales\/#primaryimage"},"thumbnailUrl":"https:\/\/www.bareoaks.ca\/wp-content\/uploads\/2025\/08\/park-model-trailer-300x200.jpg","datePublished":"2010-03-03T03:14:45+00:00","dateModified":"2025-08-01T21:43:50+00:00","description":"Vente de remorques neuves et d'occasion au Bare Oaks Family Naturist Park.","breadcrumb":{"@id":"https:\/\/www.bareoaks.ca\/trailer-sales\/#breadcrumb"},"inLanguage":"fr-CA","potentialAction":[{"@type":"ReadAction","target":["https:\/\/www.bareoaks.ca\/trailer-sales\/"]}]},{"@type":"ImageObject","inLanguage":"fr-CA","@id":"https:\/\/www.bareoaks.ca\/trailer-sales\/#primaryimage","url":"https:\/\/www.bareoaks.ca\/wp-content\/uploads\/2025\/08\/park-model-trailer-300x200.jpg","contentUrl":"https:\/\/www.bareoaks.ca\/wp-content\/uploads\/2025\/08\/park-model-trailer-300x200.jpg"},{"@type":"BreadcrumbList","@id":"https:\/\/www.bareoaks.ca\/trailer-sales\/#breadcrumb","itemListElement":[{"@type":"ListItem","position":1,"name":"Home","item":"https:\/\/www.bareoaks.ca\/"},{"@type":"ListItem","position":2,"name":"Trailer Sales"}]},{"@type":"WebSite","@id":"https:\/\/www.bareoaks.ca\/#website","url":"https:\/\/www.bareoaks.ca\/","name":"Parc naturiste familial Bare Oaks","description":"Des valeurs naturistes traditionnelles dans un cadre moderne","publisher":{"@id":"https:\/\/www.bareoaks.ca\/#organization"},"potentialAction":[{"@type":"SearchAction","target":{"@type":"EntryPoint","urlTemplate":"https:\/\/www.bareoaks.ca\/?s={search_term_string}"},"query-input":{"@type":"PropertyValueSpecification","valueRequired":true,"valueName":"search_term_string"}}],"inLanguage":"fr-CA"},{"@type":"Organization","@id":"https:\/\/www.bareoaks.ca\/#organization","name":"Parc naturiste familial Bare Oaks","url":"https:\/\/www.bareoaks.ca\/","logo":{"@type":"ImageObject","inLanguage":"fr-CA","@id":"https:\/\/www.bareoaks.ca\/#\/schema\/logo\/image\/","url":"https:\/\/www.bareoaks.ca\/wp-content\/uploads\/2025\/07\/BareOaksLogo_website.png","contentUrl":"https:\/\/www.bareoaks.ca\/wp-content\/uploads\/2025\/07\/BareOaksLogo_website.png","width":250,"height":132,"caption":"Bare Oaks Family Naturist Park"},"image":{"@id":"https:\/\/www.bareoaks.ca\/#\/schema\/logo\/image\/"},"sameAs":["https:\/\/www.facebook.com\/BareOaksPark","https:\/\/x.com\/BareOaksPark","https:\/\/www.instagram.com\/bareoaks\/","http:\/\/www.linkedin.com\/company\/bare-oaks-family-naturist-park","https:\/\/www.youtube.com\/user\/BareOaks","https:\/\/en.wikipedia.org\/wiki\/Bare_Oaks_Family_Naturist_Park"]}]}},"_links":{"self":[{"href":"https:\/\/www.bareoaks.ca\/fr\/wp-json\/wp\/v2\/pages\/20","targetHints":{"allow":["GET"]}}],"collection":[{"href":"https:\/\/www.bareoaks.ca\/fr\/wp-json\/wp\/v2\/pages"}],"about":[{"href":"https:\/\/www.bareoaks.ca\/fr\/wp-json\/wp\/v2\/types\/page"}],"author":[{"embeddable":true,"href":"https:\/\/www.bareoaks.ca\/fr\/wp-json\/wp\/v2\/users\/73"}],"replies":[{"embeddable":true,"href":"https:\/\/www.bareoaks.ca\/fr\/wp-json\/wp\/v2\/comments?post=20"}],"version-history":[{"count":10,"href":"https:\/\/www.bareoaks.ca\/fr\/wp-json\/wp\/v2\/pages\/20\/revisions"}],"predecessor-version":[{"id":80947,"href":"https:\/\/www.bareoaks.ca\/fr\/wp-json\/wp\/v2\/pages\/20\/revisions\/80947"}],"wp:attachment":[{"href":"https:\/\/www.bareoaks.ca\/fr\/wp-json\/wp\/v2\/media?parent=20"}],"curies":[{"name":"wp","href":"https:\/\/api.w.org\/{rel}","templated":true}]}}