{"id":28765,"date":"2017-12-20T13:17:47","date_gmt":"2017-12-20T18:17:47","guid":{"rendered":"http:\/\/ww1.bareoaks.ca?page_id=28765"},"modified":"2021-12-18T08:51:18","modified_gmt":"2021-12-18T13:51:18","slug":"nude-geocaching-at-bare-oaks","status":"publish","type":"page","link":"https:\/\/www.bareoaks.ca\/fr\/nude-geocaching-at-bare-oaks\/","title":{"rendered":"G\u00e9ocaching nu \u00e0 Bare Oaks"},"content":{"rendered":"<p>Bare Oaks a sa propre g\u00e9ocache !<\/p>\n\n\n\n<p>L'emplacement de la cache a fait l'objet d'un d\u00e9bat. Bien qu'une cache pr\u00e8s de la route la rende accessible \u00e0 un plus grand nombre de personnes, nous avons d\u00e9cid\u00e9 qu'il serait plus int\u00e9ressant d'en avoir une \u00e0 l'int\u00e9rieur du parc. C'est l\u00e0 qu'il y aurait le plus de d\u00e9fis \u00e0 relever, compte tenu de l'obligation de nudit\u00e9 si les visiteurs venaient par temps chaud.<\/p>\n\n\n\n<p>Une politique a \u00e9t\u00e9 mise en place pour que les personnes qui cherchent la cache re\u00e7oivent un laissez-passer gratuit lorsqu'elles indiquent au bureau qu'elles sont l\u00e0 pour trouver la g\u00e9ocache. Ils doivent pr\u00e9senter une pi\u00e8ce d'identit\u00e9 avec photo et s'enregistrer comme n'importe quel visiteur, mais aucun droit d'entr\u00e9e n'est exig\u00e9 (il n'est pas tr\u00e8s cool d'installer une cache dans le seul but de g\u00e9n\u00e9rer des revenus d'entr\u00e9e).<\/p>\n\n\n\n<p>Cependant, il a fini par cr\u00e9er tout un tas d'ennuis. Groundspeak Inc, la soci\u00e9t\u00e9 propri\u00e9taire du site web le plus populaire, geocaching.com, a refus\u00e9 d'autoriser la cache en raison de l'obligation de nudit\u00e9. Nous avons expliqu\u00e9 que beaucoup d'autres sites ont des r\u00e8glements et que le n\u00f4tre pouvait \u00eatre \u00e9vit\u00e9 en venant par temps froid. Mais ils ne voulaient pas bouger. Chaque fois que nous avons r\u00e9ussi \u00e0 rejeter leur argument, ils en ont trouv\u00e9 un nouveau. En fin de compte, ils ont probablement d\u00e9cid\u00e9 qu'ils n'\u00e9taient pas \u00e0 l'aise avec l'aspect de la nudit\u00e9 en g\u00e9n\u00e9ral et qu'ils essayaient simplement de trouver un moyen d'appliquer leurs r\u00e8glements existants pour refuser la cache. C'est \u00e9trange parce que Geocaching.com est plein d'amateurs de nudit\u00e9.&nbsp;<a href=\"https:\/\/www.google.ca\/search?hl=en&amp;as_q=nude&amp;as_epq=&amp;as_oq=&amp;as_eq=&amp;as_nlo=&amp;as_nhi=&amp;lr=&amp;cr=&amp;as_qdr=all&amp;as_sitesearch=geocaching.com&amp;as_occt=any&amp;safe=images&amp;tbs=&amp;as_filetype=&amp;as_rights=\">discussions sur les g\u00e9ocacheurs nus<\/a>.<\/p>\n\n\n\n<p>Nous avons donc r\u00e9pertori\u00e9 le cache dans&nbsp;<a href=\"http:\/\/opencaching.us\/\">OpenCaching.us<\/a>&nbsp;au lieu de cela. Le cache est appel\u00e9&nbsp;<a href=\"http:\/\/www.opencaching.us\/viewcache.php?cacheid=1618\">\"Barely Hidden\" (#OU0652)<\/a>.<\/p>\n\n\n\n<p>Blake a install\u00e9 la g\u00e9ocache. Si vous avez des questions, des suggestions ou si vous rencontrez un probl\u00e8me avec la cache, n'h\u00e9sitez pas \u00e0 le contacter \u00e0 l'adresse suivante :&nbsp;<a href=\"mailto:geocache@BareOaks.ca\">geocache@BareOaks.ca<\/a><\/p>","protected":false},"excerpt":{"rendered":"<p>Bare Oaks a sa propre g\u00e9ocache ! L'emplacement de la cache a fait l'objet d'un d\u00e9bat. Bien qu'en avoir une pr\u00e8s de la route la rendrait accessible \u00e0 plus de gens, nous avons d\u00e9cid\u00e9 qu'il serait plus int\u00e9ressant d'en avoir une \u00e0 l'int\u00e9rieur du parc. C'est l\u00e0 que le d\u00e9fi serait le plus grand, compte tenu de l'obligation de nudit\u00e9 si les visiteurs venaient par temps chaud. Une politique a \u00e9t\u00e9 mise en place pour que les personnes qui cherchent la cache re\u00e7oivent un laissez-passer gratuit lorsqu'elles indiquent au bureau qu'elles sont l\u00e0 pour trouver la g\u00e9ocache. Ils doivent pr\u00e9senter une pi\u00e8ce d'identit\u00e9 avec photo et s'enregistrer comme n'importe quel visiteur, mais aucun frais n'est exig\u00e9 (il n'est pas tr\u00e8s cool d'installer une carte de g\u00e9ocache).<a class=\"more-link\" href=\"https:\/\/www.bareoaks.ca\/fr\/nude-geocaching-at-bare-oaks\/\">Lire la suite \u2192<\/a><\/p>","protected":false},"author":73,"featured_media":0,"parent":0,"menu_order":0,"comment_status":"closed","ping_status":"closed","template":"","meta":{"_themeisle_gutenberg_block_has_review":false,"footnotes":""},"class_list":["entry","author-sdeschenes","post-28765","page","type-page","status-publish"],"yoast_head":"<!-- This site is optimized with the Yoast SEO plugin v27.4 - https:\/\/yoast.com\/product\/yoast-seo-wordpress\/ -->\n<title>Nude Geocaching at Bare Oaks &#8226; Bare Oaks Family Naturist Park<\/title>\n<meta name=\"robots\" content=\"index, follow, max-snippet:-1, max-image-preview:large, max-video-preview:-1\" \/>\n<link rel=\"canonical\" href=\"https:\/\/www.bareoaks.ca\/fr\/nude-geocaching-at-bare-oaks\/\" \/>\n<meta property=\"og:locale\" content=\"fr_CA\" \/>\n<meta property=\"og:type\" content=\"article\" \/>\n<meta property=\"og:title\" content=\"Nude Geocaching at Bare Oaks &#8226; Bare Oaks Family Naturist Park\" \/>\n<meta property=\"og:description\" content=\"Bare Oaks has its own geocache! The location of the cache was a subject of debate. While having one near the road would make it accessible to more people, we decided that it would be more interesting to have one inside the park. That would provide the greatest challenge given the nudity requirement if they came during warm weather. A policy was instituted that&nbsp;seekers of the cache receive a complimentary pass when they tell the office that they are there to find the geocache. They have to show photo ID and register like any visitor but no fee is required (it&#8217;s not cool to setupRead More &rarr;\" \/>\n<meta property=\"og:url\" content=\"https:\/\/www.bareoaks.ca\/fr\/nude-geocaching-at-bare-oaks\/\" \/>\n<meta property=\"og:site_name\" content=\"Bare Oaks Family Naturist Park\" \/>\n<meta property=\"article:publisher\" content=\"https:\/\/www.facebook.com\/BareOaksPark\" \/>\n<meta property=\"article:modified_time\" content=\"2021-12-18T13:51:18+00:00\" \/>\n<meta name=\"twitter:card\" content=\"summary_large_image\" \/>\n<meta name=\"twitter:site\" content=\"@BareOaksPark\" \/>\n<meta name=\"twitter:label1\" content=\"Estimation du temps de lecture\" \/>\n\t<meta name=\"twitter:data1\" content=\"2 minutes\" \/>\n<script type=\"application\/ld+json\" class=\"yoast-schema-graph\">{\"@context\":\"https:\\\/\\\/schema.org\",\"@graph\":[{\"@type\":\"WebPage\",\"@id\":\"https:\\\/\\\/www.bareoaks.ca\\\/nude-geocaching-at-bare-oaks\\\/\",\"url\":\"https:\\\/\\\/www.bareoaks.ca\\\/nude-geocaching-at-bare-oaks\\\/\",\"name\":\"Nude Geocaching at Bare Oaks &#8226; Bare Oaks Family Naturist Park\",\"isPartOf\":{\"@id\":\"https:\\\/\\\/www.bareoaks.ca\\\/#website\"},\"datePublished\":\"2017-12-20T18:17:47+00:00\",\"dateModified\":\"2021-12-18T13:51:18+00:00\",\"breadcrumb\":{\"@id\":\"https:\\\/\\\/www.bareoaks.ca\\\/nude-geocaching-at-bare-oaks\\\/#breadcrumb\"},\"inLanguage\":\"fr-CA\",\"potentialAction\":[{\"@type\":\"ReadAction\",\"target\":[\"https:\\\/\\\/www.bareoaks.ca\\\/nude-geocaching-at-bare-oaks\\\/\"]}]},{\"@type\":\"BreadcrumbList\",\"@id\":\"https:\\\/\\\/www.bareoaks.ca\\\/nude-geocaching-at-bare-oaks\\\/#breadcrumb\",\"itemListElement\":[{\"@type\":\"ListItem\",\"position\":1,\"name\":\"Home\",\"item\":\"https:\\\/\\\/www.bareoaks.ca\\\/\"},{\"@type\":\"ListItem\",\"position\":2,\"name\":\"Nude Geocaching at Bare Oaks\"}]},{\"@type\":\"WebSite\",\"@id\":\"https:\\\/\\\/www.bareoaks.ca\\\/#website\",\"url\":\"https:\\\/\\\/www.bareoaks.ca\\\/\",\"name\":\"Bare Oaks Family Naturist Park\",\"description\":\"Traditional naturist values in a modern setting\",\"publisher\":{\"@id\":\"https:\\\/\\\/www.bareoaks.ca\\\/#organization\"},\"potentialAction\":[{\"@type\":\"SearchAction\",\"target\":{\"@type\":\"EntryPoint\",\"urlTemplate\":\"https:\\\/\\\/www.bareoaks.ca\\\/?s={search_term_string}\"},\"query-input\":{\"@type\":\"PropertyValueSpecification\",\"valueRequired\":true,\"valueName\":\"search_term_string\"}}],\"inLanguage\":\"fr-CA\"},{\"@type\":\"Organization\",\"@id\":\"https:\\\/\\\/www.bareoaks.ca\\\/#organization\",\"name\":\"Bare Oaks Family Naturist Park\",\"url\":\"https:\\\/\\\/www.bareoaks.ca\\\/\",\"logo\":{\"@type\":\"ImageObject\",\"inLanguage\":\"fr-CA\",\"@id\":\"https:\\\/\\\/www.bareoaks.ca\\\/#\\\/schema\\\/logo\\\/image\\\/\",\"url\":\"https:\\\/\\\/www.bareoaks.ca\\\/wp-content\\\/uploads\\\/2025\\\/07\\\/BareOaksLogo_website.png\",\"contentUrl\":\"https:\\\/\\\/www.bareoaks.ca\\\/wp-content\\\/uploads\\\/2025\\\/07\\\/BareOaksLogo_website.png\",\"width\":250,\"height\":132,\"caption\":\"Bare Oaks Family Naturist Park\"},\"image\":{\"@id\":\"https:\\\/\\\/www.bareoaks.ca\\\/#\\\/schema\\\/logo\\\/image\\\/\"},\"sameAs\":[\"https:\\\/\\\/www.facebook.com\\\/BareOaksPark\",\"https:\\\/\\\/x.com\\\/BareOaksPark\",\"https:\\\/\\\/www.instagram.com\\\/bareoaks\\\/\",\"http:\\\/\\\/www.linkedin.com\\\/company\\\/bare-oaks-family-naturist-park\",\"https:\\\/\\\/www.youtube.com\\\/user\\\/BareOaks\",\"https:\\\/\\\/en.wikipedia.org\\\/wiki\\\/Bare_Oaks_Family_Naturist_Park\"]}]}<\/script>\n<!-- \/ Yoast SEO plugin. -->","yoast_head_json":{"title":"G\u00e9ocaching nu \u00e0 Bare Oaks - Parc Naturiste Familial de Bare Oaks","robots":{"index":"index","follow":"follow","max-snippet":"max-snippet:-1","max-image-preview":"max-image-preview:large","max-video-preview":"max-video-preview:-1"},"canonical":"https:\/\/www.bareoaks.ca\/fr\/nude-geocaching-at-bare-oaks\/","og_locale":"fr_CA","og_type":"article","og_title":"Nude Geocaching at Bare Oaks &#8226; Bare Oaks Family Naturist Park","og_description":"Bare Oaks has its own geocache! The location of the cache was a subject of debate. While having one near the road would make it accessible to more people, we decided that it would be more interesting to have one inside the park. That would provide the greatest challenge given the nudity requirement if they came during warm weather. A policy was instituted that&nbsp;seekers of the cache receive a complimentary pass when they tell the office that they are there to find the geocache. They have to show photo ID and register like any visitor but no fee is required (it&#8217;s not cool to setupRead More &rarr;","og_url":"https:\/\/www.bareoaks.ca\/fr\/nude-geocaching-at-bare-oaks\/","og_site_name":"Bare Oaks Family Naturist Park","article_publisher":"https:\/\/www.facebook.com\/BareOaksPark","article_modified_time":"2021-12-18T13:51:18+00:00","twitter_card":"summary_large_image","twitter_site":"@BareOaksPark","twitter_misc":{"Estimation du temps de lecture":"2 minutes"},"schema":{"@context":"https:\/\/schema.org","@graph":[{"@type":"WebPage","@id":"https:\/\/www.bareoaks.ca\/nude-geocaching-at-bare-oaks\/","url":"https:\/\/www.bareoaks.ca\/nude-geocaching-at-bare-oaks\/","name":"G\u00e9ocaching nu \u00e0 Bare Oaks - Parc Naturiste Familial de Bare Oaks","isPartOf":{"@id":"https:\/\/www.bareoaks.ca\/#website"},"datePublished":"2017-12-20T18:17:47+00:00","dateModified":"2021-12-18T13:51:18+00:00","breadcrumb":{"@id":"https:\/\/www.bareoaks.ca\/nude-geocaching-at-bare-oaks\/#breadcrumb"},"inLanguage":"fr-CA","potentialAction":[{"@type":"ReadAction","target":["https:\/\/www.bareoaks.ca\/nude-geocaching-at-bare-oaks\/"]}]},{"@type":"BreadcrumbList","@id":"https:\/\/www.bareoaks.ca\/nude-geocaching-at-bare-oaks\/#breadcrumb","itemListElement":[{"@type":"ListItem","position":1,"name":"Home","item":"https:\/\/www.bareoaks.ca\/"},{"@type":"ListItem","position":2,"name":"Nude Geocaching at Bare Oaks"}]},{"@type":"WebSite","@id":"https:\/\/www.bareoaks.ca\/#website","url":"https:\/\/www.bareoaks.ca\/","name":"Parc naturiste familial Bare Oaks","description":"Des valeurs naturistes traditionnelles dans un cadre moderne","publisher":{"@id":"https:\/\/www.bareoaks.ca\/#organization"},"potentialAction":[{"@type":"SearchAction","target":{"@type":"EntryPoint","urlTemplate":"https:\/\/www.bareoaks.ca\/?s={search_term_string}"},"query-input":{"@type":"PropertyValueSpecification","valueRequired":true,"valueName":"search_term_string"}}],"inLanguage":"fr-CA"},{"@type":"Organization","@id":"https:\/\/www.bareoaks.ca\/#organization","name":"Parc naturiste familial Bare Oaks","url":"https:\/\/www.bareoaks.ca\/","logo":{"@type":"ImageObject","inLanguage":"fr-CA","@id":"https:\/\/www.bareoaks.ca\/#\/schema\/logo\/image\/","url":"https:\/\/www.bareoaks.ca\/wp-content\/uploads\/2025\/07\/BareOaksLogo_website.png","contentUrl":"https:\/\/www.bareoaks.ca\/wp-content\/uploads\/2025\/07\/BareOaksLogo_website.png","width":250,"height":132,"caption":"Bare Oaks Family Naturist Park"},"image":{"@id":"https:\/\/www.bareoaks.ca\/#\/schema\/logo\/image\/"},"sameAs":["https:\/\/www.facebook.com\/BareOaksPark","https:\/\/x.com\/BareOaksPark","https:\/\/www.instagram.com\/bareoaks\/","http:\/\/www.linkedin.com\/company\/bare-oaks-family-naturist-park","https:\/\/www.youtube.com\/user\/BareOaks","https:\/\/en.wikipedia.org\/wiki\/Bare_Oaks_Family_Naturist_Park"]}]}},"_links":{"self":[{"href":"https:\/\/www.bareoaks.ca\/fr\/wp-json\/wp\/v2\/pages\/28765","targetHints":{"allow":["GET"]}}],"collection":[{"href":"https:\/\/www.bareoaks.ca\/fr\/wp-json\/wp\/v2\/pages"}],"about":[{"href":"https:\/\/www.bareoaks.ca\/fr\/wp-json\/wp\/v2\/types\/page"}],"author":[{"embeddable":true,"href":"https:\/\/www.bareoaks.ca\/fr\/wp-json\/wp\/v2\/users\/73"}],"replies":[{"embeddable":true,"href":"https:\/\/www.bareoaks.ca\/fr\/wp-json\/wp\/v2\/comments?post=28765"}],"version-history":[{"count":3,"href":"https:\/\/www.bareoaks.ca\/fr\/wp-json\/wp\/v2\/pages\/28765\/revisions"}],"predecessor-version":[{"id":71107,"href":"https:\/\/www.bareoaks.ca\/fr\/wp-json\/wp\/v2\/pages\/28765\/revisions\/71107"}],"wp:attachment":[{"href":"https:\/\/www.bareoaks.ca\/fr\/wp-json\/wp\/v2\/media?parent=28765"}],"curies":[{"name":"wp","href":"https:\/\/api.w.org\/{rel}","templated":true}]}}