{"id":28845,"date":"2018-01-05T06:51:38","date_gmt":"2018-01-05T11:51:38","guid":{"rendered":"http:\/\/ww1.bareoaks.ca?page_id=28845"},"modified":"2021-12-18T08:45:41","modified_gmt":"2021-12-18T13:45:41","slug":"naturist-living-show-podcast","status":"publish","type":"page","link":"https:\/\/www.bareoaks.ca\/fr\/naturist-living-show-podcast\/","title":{"rendered":"Podcast du Naturist Living Show"},"content":{"rendered":"<div class=\"wp-block-image is-style-default\"><figure class=\"alignleft is-resized\"><a href=\"https:\/\/www.naturistlivingshow.com\"><img loading=\"lazy\" decoding=\"async\" src=\"https:\/\/www.bareoaks.ca\/wp-content\/uploads\/2018\/01\/naturistlivingshowlogo.gif\" alt=\"\" class=\"wp-image-28855\" width=\"319\" height=\"319\"\/><\/a><\/figure><\/div>\n\n\n\n<p><br>Le Naturist Living Show est un podcast qui pr\u00e9sente des sujets li\u00e9s au naturisme et discute de questions d'int\u00e9r\u00eat pour les naturistes. Le podcast est produit par le Bare Oaks Family Naturist Park dans l'Ontario, au Canada.<\/p>\n\n\n\n<p>Vous pouvez l'\u00e9couter sur votre ordinateur ou sur votre lecteur MP3 pr\u00e9f\u00e9r\u00e9 pendant vos trajets quotidiens, en faisant de l'exercice ou tout simplement en vous relaxant. Le podcast est disponible sur iTunes, Stitcher, TuneIn, Spotify, Podfanatic, Mixcloud et de nombreux autres agr\u00e9gateurs de podcasts.<\/p>\n\n\n\n<p>Lien :<br><a href=\"https:\/\/www.naturistlivingshow.com\/\" target=\"_blank\" rel=\"nofollow noopener noreferrer\">https:\/\/www.NaturistLivingShow.com<\/a><\/p>","protected":false},"excerpt":{"rendered":"<p>Le Naturist Living Show est un podcast qui pr\u00e9sente des sujets li\u00e9s au naturisme et discute de questions d'int\u00e9r\u00eat pour les naturistes. Le podcast est produit par le Bare Oaks Family Naturist Park en Ontario, au Canada. Vous pouvez l'\u00e9couter sur votre ordinateur ou votre lecteur MP3 favori pendant vos d\u00e9placements, vos exercices ou tout simplement pour vous d\u00e9tendre. Le podcast est disponible sur iTunes, Stitcher, TuneIn, Spotify, Podfanatic, Mixcloud et de nombreux autres agr\u00e9gateurs de podcasts. Lien : https:\/\/www.NaturistLivingShow.com<a class=\"more-link\" href=\"https:\/\/www.bareoaks.ca\/fr\/naturist-living-show-podcast\/\">Lire la suite \u2192<\/a><\/p>","protected":false},"author":73,"featured_media":0,"parent":0,"menu_order":0,"comment_status":"closed","ping_status":"closed","template":"","meta":{"_themeisle_gutenberg_block_has_review":false,"footnotes":""},"class_list":["entry","author-sdeschenes","post-28845","page","type-page","status-publish"],"yoast_head":"<!-- This site is optimized with the Yoast SEO plugin v27.4 - https:\/\/yoast.com\/product\/yoast-seo-wordpress\/ -->\n<title>Naturist Living Show Podcast &#8226; Bare Oaks Family Naturist Park<\/title>\n<meta name=\"robots\" content=\"index, follow, max-snippet:-1, max-image-preview:large, max-video-preview:-1\" \/>\n<link rel=\"canonical\" href=\"https:\/\/www.bareoaks.ca\/fr\/naturist-living-show-podcast\/\" \/>\n<meta property=\"og:locale\" content=\"fr_CA\" \/>\n<meta property=\"og:type\" content=\"article\" \/>\n<meta property=\"og:title\" content=\"Naturist Living Show Podcast &#8226; Bare Oaks Family Naturist Park\" \/>\n<meta property=\"og:description\" content=\"The Naturist Living Show is a podcast that presents topics related to naturism and discusses issues of interest to naturists. The podcast is produced by Bare Oaks Family Naturist Park in Ontario, Canada. You can listen on your computer or your favourite MP3 player while commuting, exercising, or just relaxing. The podcast is available on iTunes, Stitcher, TuneIn, Spotify, Podfanatic, Mixcloud, and many other podcast aggregators. Link:https:\/\/www.NaturistLivingShow.comRead More &rarr;\" \/>\n<meta property=\"og:url\" content=\"https:\/\/www.bareoaks.ca\/fr\/naturist-living-show-podcast\/\" \/>\n<meta property=\"og:site_name\" content=\"Bare Oaks Family Naturist Park\" \/>\n<meta property=\"article:publisher\" content=\"https:\/\/www.facebook.com\/BareOaksPark\" \/>\n<meta property=\"article:modified_time\" content=\"2021-12-18T13:45:41+00:00\" \/>\n<meta property=\"og:image\" content=\"https:\/\/www.bareoaks.ca\/wp-content\/uploads\/2018\/01\/naturistlivingshowlogo.gif\" \/>\n<meta name=\"twitter:card\" content=\"summary_large_image\" \/>\n<meta name=\"twitter:site\" content=\"@BareOaksPark\" \/>\n<meta name=\"twitter:label1\" content=\"Estimation du temps de lecture\" \/>\n\t<meta name=\"twitter:data1\" content=\"1 minute\" \/>\n<script type=\"application\/ld+json\" class=\"yoast-schema-graph\">{\"@context\":\"https:\\\/\\\/schema.org\",\"@graph\":[{\"@type\":\"WebPage\",\"@id\":\"https:\\\/\\\/www.bareoaks.ca\\\/naturist-living-show-podcast\\\/\",\"url\":\"https:\\\/\\\/www.bareoaks.ca\\\/naturist-living-show-podcast\\\/\",\"name\":\"Naturist Living Show Podcast &#8226; Bare Oaks Family Naturist Park\",\"isPartOf\":{\"@id\":\"https:\\\/\\\/www.bareoaks.ca\\\/#website\"},\"primaryImageOfPage\":{\"@id\":\"https:\\\/\\\/www.bareoaks.ca\\\/naturist-living-show-podcast\\\/#primaryimage\"},\"image\":{\"@id\":\"https:\\\/\\\/www.bareoaks.ca\\\/naturist-living-show-podcast\\\/#primaryimage\"},\"thumbnailUrl\":\"https:\\\/\\\/www.bareoaks.ca\\\/wp-content\\\/uploads\\\/2018\\\/01\\\/naturistlivingshowlogo.gif\",\"datePublished\":\"2018-01-05T11:51:38+00:00\",\"dateModified\":\"2021-12-18T13:45:41+00:00\",\"breadcrumb\":{\"@id\":\"https:\\\/\\\/www.bareoaks.ca\\\/naturist-living-show-podcast\\\/#breadcrumb\"},\"inLanguage\":\"fr-CA\",\"potentialAction\":[{\"@type\":\"ReadAction\",\"target\":[\"https:\\\/\\\/www.bareoaks.ca\\\/naturist-living-show-podcast\\\/\"]}]},{\"@type\":\"ImageObject\",\"inLanguage\":\"fr-CA\",\"@id\":\"https:\\\/\\\/www.bareoaks.ca\\\/naturist-living-show-podcast\\\/#primaryimage\",\"url\":\"https:\\\/\\\/www.bareoaks.ca\\\/wp-content\\\/uploads\\\/2018\\\/01\\\/naturistlivingshowlogo.gif\",\"contentUrl\":\"https:\\\/\\\/www.bareoaks.ca\\\/wp-content\\\/uploads\\\/2018\\\/01\\\/naturistlivingshowlogo.gif\"},{\"@type\":\"BreadcrumbList\",\"@id\":\"https:\\\/\\\/www.bareoaks.ca\\\/naturist-living-show-podcast\\\/#breadcrumb\",\"itemListElement\":[{\"@type\":\"ListItem\",\"position\":1,\"name\":\"Home\",\"item\":\"https:\\\/\\\/www.bareoaks.ca\\\/\"},{\"@type\":\"ListItem\",\"position\":2,\"name\":\"Naturist Living Show Podcast\"}]},{\"@type\":\"WebSite\",\"@id\":\"https:\\\/\\\/www.bareoaks.ca\\\/#website\",\"url\":\"https:\\\/\\\/www.bareoaks.ca\\\/\",\"name\":\"Bare Oaks Family Naturist Park\",\"description\":\"Traditional naturist values in a modern setting\",\"publisher\":{\"@id\":\"https:\\\/\\\/www.bareoaks.ca\\\/#organization\"},\"potentialAction\":[{\"@type\":\"SearchAction\",\"target\":{\"@type\":\"EntryPoint\",\"urlTemplate\":\"https:\\\/\\\/www.bareoaks.ca\\\/?s={search_term_string}\"},\"query-input\":{\"@type\":\"PropertyValueSpecification\",\"valueRequired\":true,\"valueName\":\"search_term_string\"}}],\"inLanguage\":\"fr-CA\"},{\"@type\":\"Organization\",\"@id\":\"https:\\\/\\\/www.bareoaks.ca\\\/#organization\",\"name\":\"Bare Oaks Family Naturist Park\",\"url\":\"https:\\\/\\\/www.bareoaks.ca\\\/\",\"logo\":{\"@type\":\"ImageObject\",\"inLanguage\":\"fr-CA\",\"@id\":\"https:\\\/\\\/www.bareoaks.ca\\\/#\\\/schema\\\/logo\\\/image\\\/\",\"url\":\"https:\\\/\\\/www.bareoaks.ca\\\/wp-content\\\/uploads\\\/2025\\\/07\\\/BareOaksLogo_website.png\",\"contentUrl\":\"https:\\\/\\\/www.bareoaks.ca\\\/wp-content\\\/uploads\\\/2025\\\/07\\\/BareOaksLogo_website.png\",\"width\":250,\"height\":132,\"caption\":\"Bare Oaks Family Naturist Park\"},\"image\":{\"@id\":\"https:\\\/\\\/www.bareoaks.ca\\\/#\\\/schema\\\/logo\\\/image\\\/\"},\"sameAs\":[\"https:\\\/\\\/www.facebook.com\\\/BareOaksPark\",\"https:\\\/\\\/x.com\\\/BareOaksPark\",\"https:\\\/\\\/www.instagram.com\\\/bareoaks\\\/\",\"http:\\\/\\\/www.linkedin.com\\\/company\\\/bare-oaks-family-naturist-park\",\"https:\\\/\\\/www.youtube.com\\\/user\\\/BareOaks\",\"https:\\\/\\\/en.wikipedia.org\\\/wiki\\\/Bare_Oaks_Family_Naturist_Park\"]}]}<\/script>\n<!-- \/ Yoast SEO plugin. -->","yoast_head_json":{"title":"Podcast du Naturist Living Show - Parc naturiste familial de Bare Oaks","robots":{"index":"index","follow":"follow","max-snippet":"max-snippet:-1","max-image-preview":"max-image-preview:large","max-video-preview":"max-video-preview:-1"},"canonical":"https:\/\/www.bareoaks.ca\/fr\/naturist-living-show-podcast\/","og_locale":"fr_CA","og_type":"article","og_title":"Naturist Living Show Podcast &#8226; Bare Oaks Family Naturist Park","og_description":"The Naturist Living Show is a podcast that presents topics related to naturism and discusses issues of interest to naturists. The podcast is produced by Bare Oaks Family Naturist Park in Ontario, Canada. You can listen on your computer or your favourite MP3 player while commuting, exercising, or just relaxing. The podcast is available on iTunes, Stitcher, TuneIn, Spotify, Podfanatic, Mixcloud, and many other podcast aggregators. Link:https:\/\/www.NaturistLivingShow.comRead More &rarr;","og_url":"https:\/\/www.bareoaks.ca\/fr\/naturist-living-show-podcast\/","og_site_name":"Bare Oaks Family Naturist Park","article_publisher":"https:\/\/www.facebook.com\/BareOaksPark","article_modified_time":"2021-12-18T13:45:41+00:00","og_image":[{"url":"https:\/\/www.bareoaks.ca\/wp-content\/uploads\/2018\/01\/naturistlivingshowlogo.gif","type":"","width":"","height":""}],"twitter_card":"summary_large_image","twitter_site":"@BareOaksPark","twitter_misc":{"Estimation du temps de lecture":"1 minute"},"schema":{"@context":"https:\/\/schema.org","@graph":[{"@type":"WebPage","@id":"https:\/\/www.bareoaks.ca\/naturist-living-show-podcast\/","url":"https:\/\/www.bareoaks.ca\/naturist-living-show-podcast\/","name":"Podcast du Naturist Living Show - Parc naturiste familial de Bare Oaks","isPartOf":{"@id":"https:\/\/www.bareoaks.ca\/#website"},"primaryImageOfPage":{"@id":"https:\/\/www.bareoaks.ca\/naturist-living-show-podcast\/#primaryimage"},"image":{"@id":"https:\/\/www.bareoaks.ca\/naturist-living-show-podcast\/#primaryimage"},"thumbnailUrl":"https:\/\/www.bareoaks.ca\/wp-content\/uploads\/2018\/01\/naturistlivingshowlogo.gif","datePublished":"2018-01-05T11:51:38+00:00","dateModified":"2021-12-18T13:45:41+00:00","breadcrumb":{"@id":"https:\/\/www.bareoaks.ca\/naturist-living-show-podcast\/#breadcrumb"},"inLanguage":"fr-CA","potentialAction":[{"@type":"ReadAction","target":["https:\/\/www.bareoaks.ca\/naturist-living-show-podcast\/"]}]},{"@type":"ImageObject","inLanguage":"fr-CA","@id":"https:\/\/www.bareoaks.ca\/naturist-living-show-podcast\/#primaryimage","url":"https:\/\/www.bareoaks.ca\/wp-content\/uploads\/2018\/01\/naturistlivingshowlogo.gif","contentUrl":"https:\/\/www.bareoaks.ca\/wp-content\/uploads\/2018\/01\/naturistlivingshowlogo.gif"},{"@type":"BreadcrumbList","@id":"https:\/\/www.bareoaks.ca\/naturist-living-show-podcast\/#breadcrumb","itemListElement":[{"@type":"ListItem","position":1,"name":"Home","item":"https:\/\/www.bareoaks.ca\/"},{"@type":"ListItem","position":2,"name":"Naturist Living Show Podcast"}]},{"@type":"WebSite","@id":"https:\/\/www.bareoaks.ca\/#website","url":"https:\/\/www.bareoaks.ca\/","name":"Parc naturiste familial Bare Oaks","description":"Des valeurs naturistes traditionnelles dans un cadre moderne","publisher":{"@id":"https:\/\/www.bareoaks.ca\/#organization"},"potentialAction":[{"@type":"SearchAction","target":{"@type":"EntryPoint","urlTemplate":"https:\/\/www.bareoaks.ca\/?s={search_term_string}"},"query-input":{"@type":"PropertyValueSpecification","valueRequired":true,"valueName":"search_term_string"}}],"inLanguage":"fr-CA"},{"@type":"Organization","@id":"https:\/\/www.bareoaks.ca\/#organization","name":"Parc naturiste familial Bare Oaks","url":"https:\/\/www.bareoaks.ca\/","logo":{"@type":"ImageObject","inLanguage":"fr-CA","@id":"https:\/\/www.bareoaks.ca\/#\/schema\/logo\/image\/","url":"https:\/\/www.bareoaks.ca\/wp-content\/uploads\/2025\/07\/BareOaksLogo_website.png","contentUrl":"https:\/\/www.bareoaks.ca\/wp-content\/uploads\/2025\/07\/BareOaksLogo_website.png","width":250,"height":132,"caption":"Bare Oaks Family Naturist Park"},"image":{"@id":"https:\/\/www.bareoaks.ca\/#\/schema\/logo\/image\/"},"sameAs":["https:\/\/www.facebook.com\/BareOaksPark","https:\/\/x.com\/BareOaksPark","https:\/\/www.instagram.com\/bareoaks\/","http:\/\/www.linkedin.com\/company\/bare-oaks-family-naturist-park","https:\/\/www.youtube.com\/user\/BareOaks","https:\/\/en.wikipedia.org\/wiki\/Bare_Oaks_Family_Naturist_Park"]}]}},"_links":{"self":[{"href":"https:\/\/www.bareoaks.ca\/fr\/wp-json\/wp\/v2\/pages\/28845","targetHints":{"allow":["GET"]}}],"collection":[{"href":"https:\/\/www.bareoaks.ca\/fr\/wp-json\/wp\/v2\/pages"}],"about":[{"href":"https:\/\/www.bareoaks.ca\/fr\/wp-json\/wp\/v2\/types\/page"}],"author":[{"embeddable":true,"href":"https:\/\/www.bareoaks.ca\/fr\/wp-json\/wp\/v2\/users\/73"}],"replies":[{"embeddable":true,"href":"https:\/\/www.bareoaks.ca\/fr\/wp-json\/wp\/v2\/comments?post=28845"}],"version-history":[{"count":3,"href":"https:\/\/www.bareoaks.ca\/fr\/wp-json\/wp\/v2\/pages\/28845\/revisions"}],"predecessor-version":[{"id":71097,"href":"https:\/\/www.bareoaks.ca\/fr\/wp-json\/wp\/v2\/pages\/28845\/revisions\/71097"}],"wp:attachment":[{"href":"https:\/\/www.bareoaks.ca\/fr\/wp-json\/wp\/v2\/media?parent=28845"}],"curies":[{"name":"wp","href":"https:\/\/api.w.org\/{rel}","templated":true}]}}