{"id":293,"date":"2014-11-29T21:39:11","date_gmt":"2014-11-30T02:39:11","guid":{"rendered":"http:\/\/ww1.bareoaks.ca\/?page_id=293"},"modified":"2024-06-03T13:47:29","modified_gmt":"2024-06-03T17:47:29","slug":"events","status":"publish","type":"page","link":"https:\/\/www.bareoaks.ca\/fr\/events\/","title":{"rendered":"Ev\u00e9nements"},"content":{"rendered":"<figure class=\"wp-block-image is-style-default\"><img loading=\"lazy\" decoding=\"async\" width=\"1040\" height=\"250\" src=\"https:\/\/www.bareoaks.ca\/wp-content\/uploads\/2014\/11\/event-1040x250.jpg\" alt=\"\" class=\"wp-image-28915\" srcset=\"https:\/\/www.bareoaks.ca\/wp-content\/uploads\/2014\/11\/event-1040x250.jpg 1040w, https:\/\/www.bareoaks.ca\/wp-content\/uploads\/2014\/11\/event-1040x250-300x72.jpg 300w, https:\/\/www.bareoaks.ca\/wp-content\/uploads\/2014\/11\/event-1040x250-768x185.jpg 768w, https:\/\/www.bareoaks.ca\/wp-content\/uploads\/2014\/11\/event-1040x250-1024x246.jpg 1024w, https:\/\/www.bareoaks.ca\/wp-content\/uploads\/2014\/11\/event-1040x250-425x102.jpg 425w\" sizes=\"auto, (max-width: 1040px) 100vw, 1040px\" \/><\/figure>\n\n\n\n<p class=\"has-text-align-left\">Que vous souhaitiez \u00eatre actif, social, intellectuel, artistique ou simplement vous d\u00e9tendre, nous avons un \u00e9v\u00e9nement pour vous.<\/p>\n\n\n\n<!--more-->\n\n\n\n<h3 class=\"wp-block-heading\">\u00c9v\u00e9nements et activit\u00e9s en cours<img loading=\"lazy\" decoding=\"async\" class=\"alignright size-thumbnail wp-image-36576\" src=\"https:\/\/www.bareoaks.ca\/wp-content\/uploads\/2019\/03\/mini-golf-150x150.jpg\" alt=\"ongoing events and activities\" width=\"150\" height=\"150\" srcset=\"https:\/\/www.bareoaks.ca\/wp-content\/uploads\/2019\/03\/mini-golf-150x150.jpg 150w, https:\/\/www.bareoaks.ca\/wp-content\/uploads\/2019\/03\/mini-golf.jpg 300w\" sizes=\"auto, (max-width: 150px) 100vw, 150px\" \/><\/h3>\n\n\n\n<p>Outre les \u00e9v\u00e9nements programm\u00e9s, des parties r\u00e9guli\u00e8res de volley-ball, de p\u00e9tanque, de fer \u00e0 cheval, de mini-golf, de tennis de table, de billard, de fl\u00e9chettes, d'\u00e9checs, etc. ont lieu spontan\u00e9ment les week-ends, lorsque le temps le permet. <a href=\"https:\/\/www.bareoaks.ca\/fr\/yoga\/\">Yoga<\/a> est pr\u00e9vu pendant l'\u00e9t\u00e9.<\/p>\n\n\n\n<hr class=\"wp-block-separator has-css-opacity is-style-wide\"\/>\n\n\n\n<h3 class=\"wp-block-heading\">Tournois de volley-ball<img loading=\"lazy\" decoding=\"async\" class=\"alignright size-thumbnail wp-image-36446\" src=\"https:\/\/www.bareoaks.ca\/wp-content\/uploads\/2019\/03\/volleyball-tournament-150x150.jpg\" alt=\"volleyball events\" width=\"150\" height=\"150\" srcset=\"https:\/\/www.bareoaks.ca\/wp-content\/uploads\/2019\/03\/volleyball-tournament-150x150.jpg 150w, https:\/\/www.bareoaks.ca\/wp-content\/uploads\/2019\/03\/volleyball-tournament.jpg 300w\" sizes=\"auto, (max-width: 150px) 100vw, 150px\" \/><\/h3>\n\n\n\n<ul class=\"wp-block-list\">\n<li><a href=\"https:\/\/www.nudevball.ca\">Volley-ball<\/a><\/li>\n\n\n\n<li><a href=\"https:\/\/www.nudevball.ca\">Tournoi GTA<\/a><\/li>\n\n\n\n<li><a href=\"https:\/\/www.nudevball.ca\">Tournoi comm\u00e9moratif Lee Baxandall<\/a><\/li>\n\n\n\n<li><a title=\"Com\u00e9die stand-up au parc naturiste familial de Bare Oaks\" href=\"\/fr\/comics-comedy\/\">Des humoristes se produisent \u00e0 chaque tournoi.<\/a><\/li>\n<\/ul>\n\n\n\n<hr class=\"wp-block-separator has-css-opacity is-style-wide\"\/>\n\n\n\n<h3 class=\"wp-block-heading\">Week-end en famille<img loading=\"lazy\" decoding=\"async\" class=\"alignright size-thumbnail wp-image-36466\" src=\"https:\/\/www.bareoaks.ca\/wp-content\/uploads\/2019\/03\/family-weekend-150x150.jpg\" alt=\"Activities for children\" width=\"150\" height=\"150\" srcset=\"https:\/\/www.bareoaks.ca\/wp-content\/uploads\/2019\/03\/family-weekend-150x150.jpg 150w, https:\/\/www.bareoaks.ca\/wp-content\/uploads\/2019\/03\/family-weekend.jpg 300w\" sizes=\"auto, (max-width: 150px) 100vw, 150px\" \/><\/h3>\n\n\n\n<ul class=\"wp-block-list\">\n<li><a title=\"Week-end familial naturiste\" href=\"\/fr\/family-weekend\/\">Un week-end d'activit\u00e9s sp\u00e9cialement destin\u00e9es aux enfants de tous \u00e2ges<\/a><\/li>\n<\/ul>\n\n\n\n<hr class=\"wp-block-separator has-css-opacity is-style-wide\"\/>\n\n\n\n<h3 class=\"wp-block-heading\">5K Colour Fun Run<img loading=\"lazy\" decoding=\"async\" class=\"alignright size-thumbnail wp-image-36536\" src=\"https:\/\/www.bareoaks.ca\/wp-content\/uploads\/2019\/03\/5k-fun-run-150x150.jpg\" alt=\"nude running race\" width=\"150\" height=\"150\" srcset=\"https:\/\/www.bareoaks.ca\/wp-content\/uploads\/2019\/03\/5k-fun-run-150x150.jpg 150w, https:\/\/www.bareoaks.ca\/wp-content\/uploads\/2019\/03\/5k-fun-run.jpg 300w\" sizes=\"auto, (max-width: 150px) 100vw, 150px\" \/><\/h3>\n\n\n\n<ul class=\"wp-block-list\">\n<li><a title=\"5K Colour Fun Run\" href=\"https:\/\/www.bareoaks.ca\/fr\/nude-5k-run\/\">5K Colour Fun Run<\/a><\/li>\n<\/ul>\n\n\n\n<hr class=\"wp-block-separator has-css-opacity is-style-wide\"\/>\n\n\n\n<h3 class=\"wp-block-heading\">Com\u00e9die debout<img loading=\"lazy\" decoding=\"async\" class=\"alignright size-thumbnail wp-image-36516\" src=\"https:\/\/www.bareoaks.ca\/wp-content\/uploads\/2019\/03\/comedians-150x150.jpg\" alt=\"stand-up comics\" width=\"150\" height=\"150\" srcset=\"https:\/\/www.bareoaks.ca\/wp-content\/uploads\/2019\/03\/comedians-150x150.jpg 150w, https:\/\/www.bareoaks.ca\/wp-content\/uploads\/2019\/03\/comedians.jpg 300w\" sizes=\"auto, (max-width: 150px) 100vw, 150px\" \/><\/h3>\n\n\n\n<ul class=\"wp-block-list\">\n<li><a href=\"https:\/\/www.bareoaks.ca\/fr\/comics-comedy\/\">Deux fois par an, des humoristes professionnels se produisent \u00e0 Bare Oaks.<\/a><\/li>\n<\/ul>\n\n\n\n<hr class=\"wp-block-separator has-css-opacity is-style-wide\"\/>\n\n\n\n<h3 class=\"wp-block-heading\">Autres \u00e9v\u00e9nements<img loading=\"lazy\" decoding=\"async\" class=\"alignright size-thumbnail wp-image-36486\" src=\"https:\/\/www.bareoaks.ca\/wp-content\/uploads\/2019\/03\/concert-150x150.jpg\" alt=\"many events\" width=\"150\" height=\"150\" srcset=\"https:\/\/www.bareoaks.ca\/wp-content\/uploads\/2019\/03\/concert-150x150.jpg 150w, https:\/\/www.bareoaks.ca\/wp-content\/uploads\/2019\/03\/concert.jpg 300w\" sizes=\"auto, (max-width: 150px) 100vw, 150px\" \/><\/h3>\n\n\n\n<p>Nous organisons toute une s\u00e9rie d'\u00e9v\u00e9nements par l'interm\u00e9diaire de nos membres. <a href=\"https:\/\/BareOaksSocial.ca\/\" target=\"_blank\" rel=\"noreferrer noopener\">Comit\u00e9 social<\/a>.<\/p>\n\n\n\n<hr class=\"wp-block-separator has-css-opacity is-style-wide\"\/>\n\n\n\n<h3 class=\"wp-block-heading\">\u00c9v\u00e9nements programm\u00e9s<\/h3>\n\n\n\n<p><\/p>\n\n\n\n<p>Veuillez noter que pour votre commodit\u00e9, le calendrier comprend des \u00e9v\u00e9nements hors site organis\u00e9s par les GTA Skinnydippers et les Hanlan's Beach Naturists. Ces organisations sont totalement ind\u00e9pendantes du Bare Oaks Family Naturist Park. Pour plus de d\u00e9tails sur les lieux des \u00e9v\u00e9nements, veuillez consulter leurs sites Internet respectifs :<\/p>\n\n\n\n<ul class=\"wp-block-list\">\n<li><a href=\"http:\/\/gtaskinnydippers.ca\/\" target=\"_blank\" rel=\"noopener noreferrer\">GTA Skinnydippers<\/a><\/li>\n<\/ul>\n\n\n\n<p><iframe loading=\"lazy\" style=\"border-width: 0;\" src=\"https:\/\/www.google.com\/calendar\/embed?height=600&amp;wkst=1&amp;bgcolor=%23FFFFFF&amp;src=422s6e12r8dfkjbqa50drkbmks%40group.calendar.google.com&amp;color=%23AB8B00&amp;src=gtaskinnydippers%40gmail.com&amp;color=%23875509&amp;ctz=America%2FToronto\" width=\"800\" height=\"600\" frameborder=\"0\" scrolling=\"no\"><\/iframe><\/p>\n\n\n\n<p>Le programme complet des \u00e9v\u00e9nements est indiqu\u00e9 ci-dessous dans notre calendrier :<br>Nous utilisons Google Calendar pour publier le calendrier des \u00e9v\u00e9nements de Bare Oaks. Cela vous offre de nombreux avantages. Vous pouvez vous abonner \u00e0 notre calendrier et il sera ensuite inclus dans votre propre calendrier. Les \u00e9v\u00e9nements seront automatiquement mis \u00e0 jour. Vous pouvez \u00e9galement ajouter des \u00e9v\u00e9nements sp\u00e9cifiques \u00e0 votre calendrier ou vous abonner \u00e0 des rappels d'\u00e9v\u00e9nements. Pour plus d'informations, rendez-vous sur <a href=\"https:\/\/support.google.com\/calendar\/answer\/2465776\" target=\"_blank\" rel=\"noopener noreferrer\">D\u00e9marrer avec Google Agenda<\/a><\/p>\n\n\n\n<p>Si vous disposez d'un programme de calendrier compatible avec ICS\/iCalendar (par exemple Microsoft Outlook, Mozilla Calendar ou Apple iCal), vous pouvez vous abonner au calendrier et y faire ajouter automatiquement les \u00e9v\u00e9nements de Bare Oaks. L'adresse du calendrier est la suivante :<br><a href=\"https:\/\/www.bareoaks.ca\/wp-content\/uploads\/2010\/03\/www.google.com_calendar_ical_422s6e12r8dfkjbqa50drkbmks%40group.calendar.google.com_public_basic.ics\" target=\"_blank\" rel=\"noopener noreferrer\">http:\/\/www.google.com\/calendar\/ical\/422s6e12r8dfkjbqa50drkbmks%40group.calendar.google.com\/public\/basic.ics<\/a><\/p>\n\n\n\n<p>Vous trouverez de plus amples informations sur le format iCalendar \u00e0 l'adresse suivante :<br><a href=\"http:\/\/en.wikipedia.org\/wiki\/ICalendar\" target=\"_blank\" rel=\"noopener noreferrer\">http:\/\/en.wikipedia.org\/wiki\/ICalendar<\/a><\/p>","protected":false},"excerpt":{"rendered":"<p>Choses \u00e0 faire, lieux d'h\u00e9bergement, sites \u00e0 voir - tout est l\u00e0.<a class=\"more-link\" href=\"https:\/\/www.bareoaks.ca\/fr\/events\/\">Lire la suite \u2192<\/a><\/p>","protected":false},"author":73,"featured_media":27173,"parent":0,"menu_order":1,"comment_status":"closed","ping_status":"closed","template":"","meta":{"_themeisle_gutenberg_block_has_review":false,"footnotes":""},"class_list":["entry","author-sdeschenes","has-excerpt","has-more-link","post-293","page","type-page","status-publish","has-post-thumbnail"],"yoast_head":"<!-- This site is optimized with the Yoast SEO plugin v27.4 - https:\/\/yoast.com\/product\/yoast-seo-wordpress\/ -->\n<title>Events &#8226; Bare Oaks Family Naturist Park<\/title>\n<meta name=\"robots\" content=\"index, follow, max-snippet:-1, max-image-preview:large, max-video-preview:-1\" \/>\n<link rel=\"canonical\" href=\"https:\/\/www.bareoaks.ca\/fr\/events\/\" \/>\n<meta property=\"og:locale\" content=\"fr_CA\" \/>\n<meta property=\"og:type\" content=\"article\" \/>\n<meta property=\"og:title\" content=\"Events &#8226; Bare Oaks Family Naturist Park\" \/>\n<meta property=\"og:description\" content=\"Things to do, places to stay, sights to see \u2013 it\u2019s all here.Read More &rarr;\" \/>\n<meta property=\"og:url\" content=\"https:\/\/www.bareoaks.ca\/fr\/events\/\" \/>\n<meta property=\"og:site_name\" content=\"Bare Oaks Family Naturist Park\" \/>\n<meta property=\"article:publisher\" content=\"https:\/\/www.facebook.com\/BareOaksPark\" \/>\n<meta property=\"article:modified_time\" content=\"2024-06-03T17:47:29+00:00\" \/>\n<meta property=\"og:image\" content=\"https:\/\/www.bareoaks.ca\/wp-content\/uploads\/2010\/03\/hp-events.jpg\" \/>\n\t<meta property=\"og:image:width\" content=\"210\" \/>\n\t<meta property=\"og:image:height\" content=\"210\" \/>\n\t<meta property=\"og:image:type\" content=\"image\/jpeg\" \/>\n<meta name=\"twitter:card\" content=\"summary_large_image\" \/>\n<meta name=\"twitter:site\" content=\"@BareOaksPark\" \/>\n<meta name=\"twitter:label1\" content=\"Estimation du temps de lecture\" \/>\n\t<meta name=\"twitter:data1\" content=\"3 minutes\" \/>\n<script type=\"application\/ld+json\" class=\"yoast-schema-graph\">{\"@context\":\"https:\\\/\\\/schema.org\",\"@graph\":[{\"@type\":\"WebPage\",\"@id\":\"https:\\\/\\\/www.bareoaks.ca\\\/events\\\/\",\"url\":\"https:\\\/\\\/www.bareoaks.ca\\\/events\\\/\",\"name\":\"Events &#8226; Bare Oaks Family Naturist Park\",\"isPartOf\":{\"@id\":\"https:\\\/\\\/www.bareoaks.ca\\\/#website\"},\"primaryImageOfPage\":{\"@id\":\"https:\\\/\\\/www.bareoaks.ca\\\/events\\\/#primaryimage\"},\"image\":{\"@id\":\"https:\\\/\\\/www.bareoaks.ca\\\/events\\\/#primaryimage\"},\"thumbnailUrl\":\"https:\\\/\\\/www.bareoaks.ca\\\/wp-content\\\/uploads\\\/2010\\\/03\\\/hp-events.jpg\",\"datePublished\":\"2014-11-30T02:39:11+00:00\",\"dateModified\":\"2024-06-03T17:47:29+00:00\",\"breadcrumb\":{\"@id\":\"https:\\\/\\\/www.bareoaks.ca\\\/events\\\/#breadcrumb\"},\"inLanguage\":\"fr-CA\",\"potentialAction\":[{\"@type\":\"ReadAction\",\"target\":[\"https:\\\/\\\/www.bareoaks.ca\\\/events\\\/\"]}]},{\"@type\":\"ImageObject\",\"inLanguage\":\"fr-CA\",\"@id\":\"https:\\\/\\\/www.bareoaks.ca\\\/events\\\/#primaryimage\",\"url\":\"https:\\\/\\\/www.bareoaks.ca\\\/wp-content\\\/uploads\\\/2010\\\/03\\\/hp-events.jpg\",\"contentUrl\":\"https:\\\/\\\/www.bareoaks.ca\\\/wp-content\\\/uploads\\\/2010\\\/03\\\/hp-events.jpg\",\"width\":210,\"height\":210},{\"@type\":\"BreadcrumbList\",\"@id\":\"https:\\\/\\\/www.bareoaks.ca\\\/events\\\/#breadcrumb\",\"itemListElement\":[{\"@type\":\"ListItem\",\"position\":1,\"name\":\"Home\",\"item\":\"https:\\\/\\\/www.bareoaks.ca\\\/\"},{\"@type\":\"ListItem\",\"position\":2,\"name\":\"Events\"}]},{\"@type\":\"WebSite\",\"@id\":\"https:\\\/\\\/www.bareoaks.ca\\\/#website\",\"url\":\"https:\\\/\\\/www.bareoaks.ca\\\/\",\"name\":\"Bare Oaks Family Naturist Park\",\"description\":\"Traditional naturist values in a modern setting\",\"publisher\":{\"@id\":\"https:\\\/\\\/www.bareoaks.ca\\\/#organization\"},\"potentialAction\":[{\"@type\":\"SearchAction\",\"target\":{\"@type\":\"EntryPoint\",\"urlTemplate\":\"https:\\\/\\\/www.bareoaks.ca\\\/?s={search_term_string}\"},\"query-input\":{\"@type\":\"PropertyValueSpecification\",\"valueRequired\":true,\"valueName\":\"search_term_string\"}}],\"inLanguage\":\"fr-CA\"},{\"@type\":\"Organization\",\"@id\":\"https:\\\/\\\/www.bareoaks.ca\\\/#organization\",\"name\":\"Bare Oaks Family Naturist Park\",\"url\":\"https:\\\/\\\/www.bareoaks.ca\\\/\",\"logo\":{\"@type\":\"ImageObject\",\"inLanguage\":\"fr-CA\",\"@id\":\"https:\\\/\\\/www.bareoaks.ca\\\/#\\\/schema\\\/logo\\\/image\\\/\",\"url\":\"https:\\\/\\\/www.bareoaks.ca\\\/wp-content\\\/uploads\\\/2025\\\/07\\\/BareOaksLogo_website.png\",\"contentUrl\":\"https:\\\/\\\/www.bareoaks.ca\\\/wp-content\\\/uploads\\\/2025\\\/07\\\/BareOaksLogo_website.png\",\"width\":250,\"height\":132,\"caption\":\"Bare Oaks Family Naturist Park\"},\"image\":{\"@id\":\"https:\\\/\\\/www.bareoaks.ca\\\/#\\\/schema\\\/logo\\\/image\\\/\"},\"sameAs\":[\"https:\\\/\\\/www.facebook.com\\\/BareOaksPark\",\"https:\\\/\\\/x.com\\\/BareOaksPark\",\"https:\\\/\\\/www.instagram.com\\\/bareoaks\\\/\",\"http:\\\/\\\/www.linkedin.com\\\/company\\\/bare-oaks-family-naturist-park\",\"https:\\\/\\\/www.youtube.com\\\/user\\\/BareOaks\",\"https:\\\/\\\/en.wikipedia.org\\\/wiki\\\/Bare_Oaks_Family_Naturist_Park\"]}]}<\/script>\n<!-- \/ Yoast SEO plugin. -->","yoast_head_json":{"title":"\u00c9v\u00e9nements - Parc naturiste familial Bare Oaks","robots":{"index":"index","follow":"follow","max-snippet":"max-snippet:-1","max-image-preview":"max-image-preview:large","max-video-preview":"max-video-preview:-1"},"canonical":"https:\/\/www.bareoaks.ca\/fr\/events\/","og_locale":"fr_CA","og_type":"article","og_title":"Events &#8226; Bare Oaks Family Naturist Park","og_description":"Things to do, places to stay, sights to see \u2013 it\u2019s all here.Read More &rarr;","og_url":"https:\/\/www.bareoaks.ca\/fr\/events\/","og_site_name":"Bare Oaks Family Naturist Park","article_publisher":"https:\/\/www.facebook.com\/BareOaksPark","article_modified_time":"2024-06-03T17:47:29+00:00","og_image":[{"width":210,"height":210,"url":"https:\/\/www.bareoaks.ca\/wp-content\/uploads\/2010\/03\/hp-events.jpg","type":"image\/jpeg"}],"twitter_card":"summary_large_image","twitter_site":"@BareOaksPark","twitter_misc":{"Estimation du temps de lecture":"3 minutes"},"schema":{"@context":"https:\/\/schema.org","@graph":[{"@type":"WebPage","@id":"https:\/\/www.bareoaks.ca\/events\/","url":"https:\/\/www.bareoaks.ca\/events\/","name":"\u00c9v\u00e9nements - Parc naturiste familial Bare Oaks","isPartOf":{"@id":"https:\/\/www.bareoaks.ca\/#website"},"primaryImageOfPage":{"@id":"https:\/\/www.bareoaks.ca\/events\/#primaryimage"},"image":{"@id":"https:\/\/www.bareoaks.ca\/events\/#primaryimage"},"thumbnailUrl":"https:\/\/www.bareoaks.ca\/wp-content\/uploads\/2010\/03\/hp-events.jpg","datePublished":"2014-11-30T02:39:11+00:00","dateModified":"2024-06-03T17:47:29+00:00","breadcrumb":{"@id":"https:\/\/www.bareoaks.ca\/events\/#breadcrumb"},"inLanguage":"fr-CA","potentialAction":[{"@type":"ReadAction","target":["https:\/\/www.bareoaks.ca\/events\/"]}]},{"@type":"ImageObject","inLanguage":"fr-CA","@id":"https:\/\/www.bareoaks.ca\/events\/#primaryimage","url":"https:\/\/www.bareoaks.ca\/wp-content\/uploads\/2010\/03\/hp-events.jpg","contentUrl":"https:\/\/www.bareoaks.ca\/wp-content\/uploads\/2010\/03\/hp-events.jpg","width":210,"height":210},{"@type":"BreadcrumbList","@id":"https:\/\/www.bareoaks.ca\/events\/#breadcrumb","itemListElement":[{"@type":"ListItem","position":1,"name":"Home","item":"https:\/\/www.bareoaks.ca\/"},{"@type":"ListItem","position":2,"name":"Events"}]},{"@type":"WebSite","@id":"https:\/\/www.bareoaks.ca\/#website","url":"https:\/\/www.bareoaks.ca\/","name":"Parc naturiste familial Bare Oaks","description":"Des valeurs naturistes traditionnelles dans un cadre moderne","publisher":{"@id":"https:\/\/www.bareoaks.ca\/#organization"},"potentialAction":[{"@type":"SearchAction","target":{"@type":"EntryPoint","urlTemplate":"https:\/\/www.bareoaks.ca\/?s={search_term_string}"},"query-input":{"@type":"PropertyValueSpecification","valueRequired":true,"valueName":"search_term_string"}}],"inLanguage":"fr-CA"},{"@type":"Organization","@id":"https:\/\/www.bareoaks.ca\/#organization","name":"Parc naturiste familial Bare Oaks","url":"https:\/\/www.bareoaks.ca\/","logo":{"@type":"ImageObject","inLanguage":"fr-CA","@id":"https:\/\/www.bareoaks.ca\/#\/schema\/logo\/image\/","url":"https:\/\/www.bareoaks.ca\/wp-content\/uploads\/2025\/07\/BareOaksLogo_website.png","contentUrl":"https:\/\/www.bareoaks.ca\/wp-content\/uploads\/2025\/07\/BareOaksLogo_website.png","width":250,"height":132,"caption":"Bare Oaks Family Naturist Park"},"image":{"@id":"https:\/\/www.bareoaks.ca\/#\/schema\/logo\/image\/"},"sameAs":["https:\/\/www.facebook.com\/BareOaksPark","https:\/\/x.com\/BareOaksPark","https:\/\/www.instagram.com\/bareoaks\/","http:\/\/www.linkedin.com\/company\/bare-oaks-family-naturist-park","https:\/\/www.youtube.com\/user\/BareOaks","https:\/\/en.wikipedia.org\/wiki\/Bare_Oaks_Family_Naturist_Park"]}]}},"_links":{"self":[{"href":"https:\/\/www.bareoaks.ca\/fr\/wp-json\/wp\/v2\/pages\/293","targetHints":{"allow":["GET"]}}],"collection":[{"href":"https:\/\/www.bareoaks.ca\/fr\/wp-json\/wp\/v2\/pages"}],"about":[{"href":"https:\/\/www.bareoaks.ca\/fr\/wp-json\/wp\/v2\/types\/page"}],"author":[{"embeddable":true,"href":"https:\/\/www.bareoaks.ca\/fr\/wp-json\/wp\/v2\/users\/73"}],"replies":[{"embeddable":true,"href":"https:\/\/www.bareoaks.ca\/fr\/wp-json\/wp\/v2\/comments?post=293"}],"version-history":[{"count":44,"href":"https:\/\/www.bareoaks.ca\/fr\/wp-json\/wp\/v2\/pages\/293\/revisions"}],"predecessor-version":[{"id":79577,"href":"https:\/\/www.bareoaks.ca\/fr\/wp-json\/wp\/v2\/pages\/293\/revisions\/79577"}],"wp:featuredmedia":[{"embeddable":true,"href":"https:\/\/www.bareoaks.ca\/fr\/wp-json\/wp\/v2\/media\/27173"}],"wp:attachment":[{"href":"https:\/\/www.bareoaks.ca\/fr\/wp-json\/wp\/v2\/media?parent=293"}],"curies":[{"name":"wp","href":"https:\/\/api.w.org\/{rel}","templated":true}]}}