{"id":29405,"date":"2018-01-19T10:28:17","date_gmt":"2018-01-19T15:28:17","guid":{"rendered":"http:\/\/ww1.bareoaks.ca?page_id=29405"},"modified":"2026-02-04T15:04:59","modified_gmt":"2026-02-04T20:04:59","slug":"special-offers","status":"publish","type":"page","link":"https:\/\/www.bareoaks.ca\/fr\/special-offers\/","title":{"rendered":"Offres sp\u00e9ciales"},"content":{"rendered":"<div class=\"wpcd-coupon wpcd-coupon-default wpcd-coupon-id-29395\" >\n    <div class=\"wpcd-col-1-8\">\n        <div class=\"wpcd-coupon-discount-text\">\n\t\t\t\u00c9conomisez jusqu'\u00e0 20%        <\/div>\n\t\t\t\t<div class=\"deal-type\">\n\t\t\tAccord\t\t<\/div>\n\t\t    <\/div>\n    <div class=\"wpcd-coupon-content wpcd-col-7-8\">\n        <div class=\"wpcd-coupon-header\">\n            <div class=\"wpcd-col-3-4\">\n\t\t\t\t\t\t\t\t\t\t<h1 class=\"wpcd-coupon-title\">\n\t\t\t\t\t\t\t<a href=\"https:\/\/www.bareoaks.ca\/fr\/hours-contact\/\" target=\"_blank\" rel=\"nofollow\">Restez plus longtemps et \u00e9conomisez !<\/a>\n                \t\t<\/h1>\n\t\t\t\t\t            <\/div>\n            <div class=\"wpcd-col-1-4\">\n\t\t\t\t                    <div class=\"wpcd-coupon-code\">\n                        <a rel=\"nofollow\" class=\"wpcd-btn-29395 wpcd-btn masterTooltip wpcd-deal-button\"\n                           title=\"Cliquez ici pour obtenir cette offre\" href=\"https:\/\/www.bareoaks.ca\/fr\/hours-contact\/\" target=\"_blank\">\n                            <span class=\"wpcd_deal_icon\">\n                            \t<img decoding=\"async\" class=\"\" src=\"https:\/\/www.bareoaks.ca\/wp-content\/plugins\/wp-coupons-and-deals\/assets\/img\/deal-24.png\" style=\"width: 100%;height: 100%;\" >\n                            <\/span>R\u00e9servez maintenant                        <\/a>\n                    <\/div>\n\n\t\t\t\t            <\/div>\n\n        <\/div>\n        <div class=\"wpcd-extra-content\">\n            <div class=\"wpcd-col-3-4\">\n                <div class=\"wpcd-coupon-description\">\n                    <span class=\"wpcd-full-description\"><p>s\u00e9jour 3+ nuits : 5% r\u00e9duction s\u00e9jour 5+ nuits : 12% de r\u00e9duction s\u00e9jour 7+ nuits : 20% de r\u00e9duction sur les frais de s\u00e9jour et d'h\u00e9bergement Pour b\u00e9n\u00e9ficier de cette offre, il vous suffit de la mentionner lors de votre r\u00e9servation. Notez que l'admission peut \u00eatre refus\u00e9e en fonction des crit\u00e8res d'\u00e9ligibilit\u00e9.<\/p><\/span>\n                    <span class=\"wpcd-short-description\"><\/span>\n                    \t                    <a href=\"#\" class=\"wpcd-more-description\">Plus d'informations<\/a>\n\t                    <a href=\"#\" class=\"wpcd-less-description\">Moins<\/a>\n\t                                <\/div>\n            <\/div>\n            <div class=\"wpcd-col-1-4\">\n\t\t\t\t            <\/div>\n        <\/div>\n    <\/div>\n    <script type=\"text\/javascript\">\n\t\twindow.addEventListener('DOMContentLoaded', function() {\n\t\t\tvar clip = new ClipboardJS('.wpcd-btn-29395');\n\t\t});\n\n    <\/script>\n    <div class=\"clearfix\"><\/div>\n    <div class=\"wpcd-share-buttons-container\">\n    <div class=\"col-md-12 row\">\n        <a href=\"https:\/\/www.facebook.com\/sharer\/sharer.php?u=http%3A%2F%2Fwww.bareoaks.ca%2Ffr%2Fwp-json%2Fwp%2Fv2%2Fpages%2F29405\" target=\"_blank\" class=\"wpcd-btn-social wpcd-btn-xs wpcd-btn-facebook\"><i class=\"wpcd-facebook-f\"><img decoding=\"async\" class=\"wpcd-svg\" src=\"https:\/\/www.bareoaks.ca\/wp-content\/plugins\/wp-coupons-and-deals\/assets\/svg\/facebook-f.svg\"\/><\/i><\/a>\n        <a href=\"http:\/\/www.linkedin.com\/sharing\/share-offsite\/?url=http%3A%2F%2Fwww.bareoaks.ca%2Ffr%2Fwp-json%2Fwp%2Fv2%2Fpages%2F29405\" target=\"_blank\"  class=\"wpcd-btn-social wpcd-btn-xs wpcd-btn-linkedin\"><i class=\"wpcd-linkedin\"><img decoding=\"async\" class=\"wpcd-svg\" src=\"https:\/\/www.bareoaks.ca\/wp-content\/plugins\/wp-coupons-and-deals\/assets\/svg\/linkedin.svg\" alt=\"LinkedIn\" \/><\/i><\/a>\n        <a href=\"http:\/\/twitter.com\/intent\/tweet?text=Stay longer and save! Coupon&url=http%3A%2F%2Fwww.bareoaks.ca%2Ffr%2Fwp-json%2Fwp%2Fv2%2Fpages%2F29405\" target=\"_blank\" class=\"wpcd-btn-social wpcd-btn-xs wpcd-btn-twitter\"><i class=\"wpcd-twitter\"><img decoding=\"async\" class=\"wpcd-svg\" src=\"https:\/\/www.bareoaks.ca\/wp-content\/plugins\/wp-coupons-and-deals\/assets\/svg\/twitter.svg\"\/><\/i><\/a>\n    <\/div>\n<\/div><\/div>\n\n\n\n\n\n<div class=\"wpcd-coupon wpcd-coupon-default wpcd-coupon-id-45306\" >\n    <div class=\"wpcd-col-1-8\">\n        <div class=\"wpcd-coupon-discount-text\">\n\t\t\tAdh\u00e9rez lors de votre visite et \u00e9conomisez !        <\/div>\n\t\t\t\t<div class=\"deal-type\">\n\t\t\tAccord\t\t<\/div>\n\t\t    <\/div>\n    <div class=\"wpcd-coupon-content wpcd-col-7-8\">\n        <div class=\"wpcd-coupon-header\">\n            <div class=\"wpcd-col-3-4\">\n\t\t\t\t\t\t\t\t\t\t<h1 class=\"wpcd-coupon-title\">\n\t\t\t\t\t\t\t<a href=\"https:\/\/www.bareoaks.ca\/fr\/hours-contact\/\" target=\"_blank\" rel=\"nofollow\">D\u00e9duire les frais d'inscription \u00e0 la journ\u00e9e de l'adh\u00e9sion<\/a>\n                \t\t<\/h1>\n\t\t\t\t\t            <\/div>\n            <div class=\"wpcd-col-1-4\">\n\t\t\t\t                    <div class=\"wpcd-coupon-code\">\n                        <a rel=\"nofollow\" class=\"wpcd-btn-45306 wpcd-btn masterTooltip wpcd-deal-button\"\n                           title=\"Cliquez ici pour obtenir cette offre\" href=\"https:\/\/www.bareoaks.ca\/fr\/hours-contact\/\" target=\"_blank\">\n                            <span class=\"wpcd_deal_icon\">\n                            \t<img decoding=\"async\" class=\"\" src=\"https:\/\/www.bareoaks.ca\/wp-content\/plugins\/wp-coupons-and-deals\/assets\/img\/deal-24.png\" style=\"width: 100%;height: 100%;\" >\n                            <\/span>Devenez membre                        <\/a>\n                    <\/div>\n\n\t\t\t\t            <\/div>\n\n        <\/div>\n        <div class=\"wpcd-extra-content\">\n            <div class=\"wpcd-col-3-4\">\n                <div class=\"wpcd-coupon-description\">\n                    <span class=\"wpcd-full-description\"><div>Si vous d\u00e9cidez de devenir membre au cours de votre visite, les droits d'entr\u00e9e seront d\u00e9duits de votre cotisation. Si vous avez pass\u00e9 la nuit sur place, les droits d'entr\u00e9e de chaque jour seront d\u00e9duits. (uniquement pour les jours de s\u00e9jour continu de la visite en cours)<br \/><br \/>L'adh\u00e9sion est calcul\u00e9e au prorata jusqu'au 31 mars, de sorte que le co\u00fbt est encore moins \u00e9lev\u00e9 si vous adh\u00e9rez au milieu de l'\u00e9t\u00e9.<br \/>\r\n<p>Pour b\u00e9n\u00e9ficier de cette offre, il suffit de la mentionner au membre du personnel de service.<\/p>\r\n<\/div>\r\n<p><em>Valable uniquement pour les nouveaux membres ; pas pour les renouvellements. Notez que l'adh\u00e9sion peut \u00eatre refus\u00e9e en fonction des crit\u00e8res d'\u00e9ligibilit\u00e9.<\/em>\u00a0<\/p><\/span>\n                    <span class=\"wpcd-short-description\"><\/span>\n                    \t                    <a href=\"#\" class=\"wpcd-more-description\">Plus d'informations<\/a>\n\t                    <a href=\"#\" class=\"wpcd-less-description\">Moins<\/a>\n\t                                <\/div>\n            <\/div>\n            <div class=\"wpcd-col-1-4\">\n\t\t\t\t            <\/div>\n        <\/div>\n    <\/div>\n    <script type=\"text\/javascript\">\n\t\twindow.addEventListener('DOMContentLoaded', function() {\n\t\t\tvar clip = new ClipboardJS('.wpcd-btn-45306');\n\t\t});\n\n    <\/script>\n    <div class=\"clearfix\"><\/div>\n    <div class=\"wpcd-share-buttons-container\">\n    <div class=\"col-md-12 row\">\n        <a href=\"https:\/\/www.facebook.com\/sharer\/sharer.php?u=http%3A%2F%2Fwww.bareoaks.ca%2Ffr%2Fwp-json%2Fwp%2Fv2%2Fpages%2F29405\" target=\"_blank\" class=\"wpcd-btn-social wpcd-btn-xs wpcd-btn-facebook\"><i class=\"wpcd-facebook-f\"><img decoding=\"async\" class=\"wpcd-svg\" src=\"https:\/\/www.bareoaks.ca\/wp-content\/plugins\/wp-coupons-and-deals\/assets\/svg\/facebook-f.svg\"\/><\/i><\/a>\n        <a href=\"http:\/\/www.linkedin.com\/sharing\/share-offsite\/?url=http%3A%2F%2Fwww.bareoaks.ca%2Ffr%2Fwp-json%2Fwp%2Fv2%2Fpages%2F29405\" target=\"_blank\"  class=\"wpcd-btn-social wpcd-btn-xs wpcd-btn-linkedin\"><i class=\"wpcd-linkedin\"><img decoding=\"async\" class=\"wpcd-svg\" src=\"https:\/\/www.bareoaks.ca\/wp-content\/plugins\/wp-coupons-and-deals\/assets\/svg\/linkedin.svg\" alt=\"LinkedIn\" \/><\/i><\/a>\n        <a href=\"http:\/\/twitter.com\/intent\/tweet?text=Deduct day fees from membership Coupon&url=http%3A%2F%2Fwww.bareoaks.ca%2Ffr%2Fwp-json%2Fwp%2Fv2%2Fpages%2F29405\" target=\"_blank\" class=\"wpcd-btn-social wpcd-btn-xs wpcd-btn-twitter\"><i class=\"wpcd-twitter\"><img decoding=\"async\" class=\"wpcd-svg\" src=\"https:\/\/www.bareoaks.ca\/wp-content\/plugins\/wp-coupons-and-deals\/assets\/svg\/twitter.svg\"\/><\/i><\/a>\n    <\/div>\n<\/div><\/div>\n\n\n\n\n\n<p><\/p>","protected":false},"excerpt":{"rendered":"<p><a class=\"more-link\" href=\"https:\/\/www.bareoaks.ca\/fr\/wpcd_coupons\/deduct-day-fees-from-membership\/\">Lire la suite \u2192<\/a><\/p>","protected":false},"author":73,"featured_media":0,"parent":0,"menu_order":0,"comment_status":"closed","ping_status":"closed","template":"","meta":{"_themeisle_gutenberg_block_has_review":false,"footnotes":""},"class_list":["entry","author-sdeschenes","post-29405","page","type-page","status-publish"],"yoast_head":"<!-- This site is optimized with the Yoast SEO plugin v27.3 - https:\/\/yoast.com\/product\/yoast-seo-wordpress\/ -->\n<title>Special Offers &#8226; Bare Oaks Family Naturist Park<\/title>\n<meta name=\"robots\" content=\"index, follow, max-snippet:-1, max-image-preview:large, max-video-preview:-1\" \/>\n<link rel=\"canonical\" href=\"https:\/\/www.bareoaks.ca\/fr\/special-offers\/\" \/>\n<meta property=\"og:locale\" content=\"fr_CA\" \/>\n<meta property=\"og:type\" content=\"article\" \/>\n<meta property=\"og:title\" content=\"Special Offers &#8226; Bare Oaks Family Naturist Park\" \/>\n<meta property=\"og:description\" content=\"Read More &rarr;\" \/>\n<meta property=\"og:url\" content=\"https:\/\/www.bareoaks.ca\/fr\/special-offers\/\" \/>\n<meta property=\"og:site_name\" content=\"Bare Oaks Family Naturist Park\" \/>\n<meta property=\"article:publisher\" content=\"https:\/\/www.facebook.com\/BareOaksPark\" \/>\n<meta property=\"article:modified_time\" content=\"2026-02-04T20:04:59+00:00\" \/>\n<meta name=\"twitter:card\" content=\"summary_large_image\" \/>\n<meta name=\"twitter:site\" content=\"@BareOaksPark\" \/>\n<meta name=\"twitter:label1\" content=\"Estimation du temps de lecture\" \/>\n\t<meta name=\"twitter:data1\" content=\"1 minute\" \/>\n<script type=\"application\/ld+json\" class=\"yoast-schema-graph\">{\"@context\":\"https:\\\/\\\/schema.org\",\"@graph\":[{\"@type\":\"WebPage\",\"@id\":\"https:\\\/\\\/www.bareoaks.ca\\\/special-offers\\\/\",\"url\":\"https:\\\/\\\/www.bareoaks.ca\\\/special-offers\\\/\",\"name\":\"Special Offers &#8226; Bare Oaks Family Naturist Park\",\"isPartOf\":{\"@id\":\"https:\\\/\\\/www.bareoaks.ca\\\/#website\"},\"datePublished\":\"2018-01-19T15:28:17+00:00\",\"dateModified\":\"2026-02-04T20:04:59+00:00\",\"breadcrumb\":{\"@id\":\"https:\\\/\\\/www.bareoaks.ca\\\/special-offers\\\/#breadcrumb\"},\"inLanguage\":\"fr-CA\",\"potentialAction\":[{\"@type\":\"ReadAction\",\"target\":[\"https:\\\/\\\/www.bareoaks.ca\\\/special-offers\\\/\"]}]},{\"@type\":\"BreadcrumbList\",\"@id\":\"https:\\\/\\\/www.bareoaks.ca\\\/special-offers\\\/#breadcrumb\",\"itemListElement\":[{\"@type\":\"ListItem\",\"position\":1,\"name\":\"Home\",\"item\":\"https:\\\/\\\/www.bareoaks.ca\\\/\"},{\"@type\":\"ListItem\",\"position\":2,\"name\":\"Special Offers\"}]},{\"@type\":\"WebSite\",\"@id\":\"https:\\\/\\\/www.bareoaks.ca\\\/#website\",\"url\":\"https:\\\/\\\/www.bareoaks.ca\\\/\",\"name\":\"Bare Oaks Family Naturist Park\",\"description\":\"Traditional naturist values in a modern setting\",\"publisher\":{\"@id\":\"https:\\\/\\\/www.bareoaks.ca\\\/#organization\"},\"potentialAction\":[{\"@type\":\"SearchAction\",\"target\":{\"@type\":\"EntryPoint\",\"urlTemplate\":\"https:\\\/\\\/www.bareoaks.ca\\\/?s={search_term_string}\"},\"query-input\":{\"@type\":\"PropertyValueSpecification\",\"valueRequired\":true,\"valueName\":\"search_term_string\"}}],\"inLanguage\":\"fr-CA\"},{\"@type\":\"Organization\",\"@id\":\"https:\\\/\\\/www.bareoaks.ca\\\/#organization\",\"name\":\"Bare Oaks Family Naturist Park\",\"url\":\"https:\\\/\\\/www.bareoaks.ca\\\/\",\"logo\":{\"@type\":\"ImageObject\",\"inLanguage\":\"fr-CA\",\"@id\":\"https:\\\/\\\/www.bareoaks.ca\\\/#\\\/schema\\\/logo\\\/image\\\/\",\"url\":\"https:\\\/\\\/www.bareoaks.ca\\\/wp-content\\\/uploads\\\/2025\\\/07\\\/BareOaksLogo_website.png\",\"contentUrl\":\"https:\\\/\\\/www.bareoaks.ca\\\/wp-content\\\/uploads\\\/2025\\\/07\\\/BareOaksLogo_website.png\",\"width\":250,\"height\":132,\"caption\":\"Bare Oaks Family Naturist Park\"},\"image\":{\"@id\":\"https:\\\/\\\/www.bareoaks.ca\\\/#\\\/schema\\\/logo\\\/image\\\/\"},\"sameAs\":[\"https:\\\/\\\/www.facebook.com\\\/BareOaksPark\",\"https:\\\/\\\/x.com\\\/BareOaksPark\",\"https:\\\/\\\/www.instagram.com\\\/bareoaks\\\/\",\"http:\\\/\\\/www.linkedin.com\\\/company\\\/bare-oaks-family-naturist-park\",\"https:\\\/\\\/www.youtube.com\\\/user\\\/BareOaks\",\"https:\\\/\\\/en.wikipedia.org\\\/wiki\\\/Bare_Oaks_Family_Naturist_Park\"]}]}<\/script>\n<!-- \/ Yoast SEO plugin. -->","yoast_head_json":{"title":"Offres sp\u00e9ciales - Parc naturiste familial Bare Oaks","robots":{"index":"index","follow":"follow","max-snippet":"max-snippet:-1","max-image-preview":"max-image-preview:large","max-video-preview":"max-video-preview:-1"},"canonical":"https:\/\/www.bareoaks.ca\/fr\/special-offers\/","og_locale":"fr_CA","og_type":"article","og_title":"Special Offers &#8226; Bare Oaks Family Naturist Park","og_description":"Read More &rarr;","og_url":"https:\/\/www.bareoaks.ca\/fr\/special-offers\/","og_site_name":"Bare Oaks Family Naturist Park","article_publisher":"https:\/\/www.facebook.com\/BareOaksPark","article_modified_time":"2026-02-04T20:04:59+00:00","twitter_card":"summary_large_image","twitter_site":"@BareOaksPark","twitter_misc":{"Estimation du temps de lecture":"1 minute"},"schema":{"@context":"https:\/\/schema.org","@graph":[{"@type":"WebPage","@id":"https:\/\/www.bareoaks.ca\/special-offers\/","url":"https:\/\/www.bareoaks.ca\/special-offers\/","name":"Offres sp\u00e9ciales - Parc naturiste familial Bare Oaks","isPartOf":{"@id":"https:\/\/www.bareoaks.ca\/#website"},"datePublished":"2018-01-19T15:28:17+00:00","dateModified":"2026-02-04T20:04:59+00:00","breadcrumb":{"@id":"https:\/\/www.bareoaks.ca\/special-offers\/#breadcrumb"},"inLanguage":"fr-CA","potentialAction":[{"@type":"ReadAction","target":["https:\/\/www.bareoaks.ca\/special-offers\/"]}]},{"@type":"BreadcrumbList","@id":"https:\/\/www.bareoaks.ca\/special-offers\/#breadcrumb","itemListElement":[{"@type":"ListItem","position":1,"name":"Home","item":"https:\/\/www.bareoaks.ca\/"},{"@type":"ListItem","position":2,"name":"Special Offers"}]},{"@type":"WebSite","@id":"https:\/\/www.bareoaks.ca\/#website","url":"https:\/\/www.bareoaks.ca\/","name":"Parc naturiste familial Bare Oaks","description":"Des valeurs naturistes traditionnelles dans un cadre moderne","publisher":{"@id":"https:\/\/www.bareoaks.ca\/#organization"},"potentialAction":[{"@type":"SearchAction","target":{"@type":"EntryPoint","urlTemplate":"https:\/\/www.bareoaks.ca\/?s={search_term_string}"},"query-input":{"@type":"PropertyValueSpecification","valueRequired":true,"valueName":"search_term_string"}}],"inLanguage":"fr-CA"},{"@type":"Organization","@id":"https:\/\/www.bareoaks.ca\/#organization","name":"Parc naturiste familial Bare Oaks","url":"https:\/\/www.bareoaks.ca\/","logo":{"@type":"ImageObject","inLanguage":"fr-CA","@id":"https:\/\/www.bareoaks.ca\/#\/schema\/logo\/image\/","url":"https:\/\/www.bareoaks.ca\/wp-content\/uploads\/2025\/07\/BareOaksLogo_website.png","contentUrl":"https:\/\/www.bareoaks.ca\/wp-content\/uploads\/2025\/07\/BareOaksLogo_website.png","width":250,"height":132,"caption":"Bare Oaks Family Naturist Park"},"image":{"@id":"https:\/\/www.bareoaks.ca\/#\/schema\/logo\/image\/"},"sameAs":["https:\/\/www.facebook.com\/BareOaksPark","https:\/\/x.com\/BareOaksPark","https:\/\/www.instagram.com\/bareoaks\/","http:\/\/www.linkedin.com\/company\/bare-oaks-family-naturist-park","https:\/\/www.youtube.com\/user\/BareOaks","https:\/\/en.wikipedia.org\/wiki\/Bare_Oaks_Family_Naturist_Park"]}]}},"_links":{"self":[{"href":"https:\/\/www.bareoaks.ca\/fr\/wp-json\/wp\/v2\/pages\/29405","targetHints":{"allow":["GET"]}}],"collection":[{"href":"https:\/\/www.bareoaks.ca\/fr\/wp-json\/wp\/v2\/pages"}],"about":[{"href":"https:\/\/www.bareoaks.ca\/fr\/wp-json\/wp\/v2\/types\/page"}],"author":[{"embeddable":true,"href":"https:\/\/www.bareoaks.ca\/fr\/wp-json\/wp\/v2\/users\/73"}],"replies":[{"embeddable":true,"href":"https:\/\/www.bareoaks.ca\/fr\/wp-json\/wp\/v2\/comments?post=29405"}],"version-history":[{"count":13,"href":"https:\/\/www.bareoaks.ca\/fr\/wp-json\/wp\/v2\/pages\/29405\/revisions"}],"predecessor-version":[{"id":82507,"href":"https:\/\/www.bareoaks.ca\/fr\/wp-json\/wp\/v2\/pages\/29405\/revisions\/82507"}],"wp:attachment":[{"href":"https:\/\/www.bareoaks.ca\/fr\/wp-json\/wp\/v2\/media?parent=29405"}],"curies":[{"name":"wp","href":"https:\/\/api.w.org\/{rel}","templated":true}]}}