{"id":29465,"date":"2018-01-26T10:00:47","date_gmt":"2018-01-26T15:00:47","guid":{"rendered":"http:\/\/ww1.bareoaks.ca?page_id=29465"},"modified":"2021-12-01T08:27:18","modified_gmt":"2021-12-01T13:27:18","slug":"history-of-naturism-2","status":"publish","type":"page","link":"https:\/\/www.bareoaks.ca\/fr\/history-of-naturism-2\/","title":{"rendered":"Histoire du naturisme"},"content":{"rendered":"<div class=\"wp-block-image\"><figure class=\"aligncenter\"><img loading=\"lazy\" decoding=\"async\" width=\"1040\" height=\"250\" src=\"https:\/\/www.bareoaks.ca\/wp-content\/uploads\/2018\/02\/HistoryOfNaturism1040x250.jpg\" alt=\"\" class=\"wp-image-29485\" srcset=\"https:\/\/www.bareoaks.ca\/wp-content\/uploads\/2018\/02\/HistoryOfNaturism1040x250.jpg 1040w, https:\/\/www.bareoaks.ca\/wp-content\/uploads\/2018\/02\/HistoryOfNaturism1040x250-300x72.jpg 300w, https:\/\/www.bareoaks.ca\/wp-content\/uploads\/2018\/02\/HistoryOfNaturism1040x250-768x185.jpg 768w, https:\/\/www.bareoaks.ca\/wp-content\/uploads\/2018\/02\/HistoryOfNaturism1040x250-1024x246.jpg 1024w, https:\/\/www.bareoaks.ca\/wp-content\/uploads\/2018\/02\/HistoryOfNaturism1040x250-425x102.jpg 425w\" sizes=\"auto, (max-width: 1040px) 100vw, 1040px\" \/><\/figure><\/div>\n\n\n\n<p>Pendant la majeure partie de l'histoire de l'humanit\u00e9, la nudit\u00e9 \u00e9tait un \u00e9l\u00e9ment naturel et normal de la vie. Les gens \u00e9taient nus lorsque les conditions environnementales le permettaient. Le \"maillot de bain\" est une invention tr\u00e8s r\u00e9cente, datant d'environ un si\u00e8cle. Ce n'est qu'avec l'av\u00e8nement de l'industrialisation que les hommes ont commenc\u00e9 \u00e0 avoir honte de leur corps. En rempla\u00e7ant la nature par des produits manufactur\u00e9s, nous avons commenc\u00e9 \u00e0 consid\u00e9rer comme imparfait tout ce qui n'\u00e9tait pas fabriqu\u00e9 par l'homme. Le corps humain est devenu un objet de honte qu'il fallait cacher et modeler par des v\u00eatements.<\/p>\n\n\n\n<div class=\"wp-block-image\"><figure class=\"alignleft\"><img loading=\"lazy\" decoding=\"async\" width=\"324\" height=\"280\" src=\"https:\/\/www.bareoaks.ca\/wp-content\/uploads\/2018\/02\/NaturistHistory1.jpg\" alt=\"\" class=\"wp-image-29535\" srcset=\"https:\/\/www.bareoaks.ca\/wp-content\/uploads\/2018\/02\/NaturistHistory1.jpg 324w, https:\/\/www.bareoaks.ca\/wp-content\/uploads\/2018\/02\/NaturistHistory1-300x259.jpg 300w\" sizes=\"auto, (max-width: 324px) 100vw, 324px\" \/><\/figure><\/div>\n\n\n\n<p>Le naturisme est n\u00e9 d'un mouvement d'entraide et de r\u00e9forme en r\u00e9action aux aspects d\u00e9bilitants de l'industrialisation et de l'urbanisation au cours du dix-neuvi\u00e8me si\u00e8cle. \u00c0 une \u00e9poque o\u00f9 la m\u00e9decine ne pouvait ni expliquer ni gu\u00e9rir les maladies, de nombreuses personnes pensaient que les villes surpeupl\u00e9es et insalubres, les logements locatifs, les v\u00eatements restrictifs de l'\u00e9poque victorienne et les conditions de travail oppressives \u00e9taient autant de facteurs qui nuisaient \u00e0 la sant\u00e9. Certains observateurs en ont conclu que ce dont les gens avaient besoin, c'\u00e9tait d'\u00eatre expos\u00e9s aux \u00e9l\u00e9ments curatifs naturels ou \u00e0 l'air frais, \u00e0 la lumi\u00e8re du soleil et \u00e0 l'eau, de pr\u00e9f\u00e9rence avec des v\u00eatements amples ou absents. Une coalition informelle de mouvements de r\u00e9forme du mode de vie naturel a pris forme \u00e0 la fin du XIXe si\u00e8cle, associant la r\u00e9forme de l'habillement, le v\u00e9g\u00e9tarisme, l'abstinence d'alcool et de tabac et la naturopathie. Certains pionniers ont sugg\u00e9r\u00e9 que la nudit\u00e9 fasse partie int\u00e9grante de la r\u00e9forme du mode de vie. Le naturisme a trouv\u00e9 son expression dans les livres \u00e9crits en Allemagne \u00e0 la fin du si\u00e8cle par Heinrich Pudor et Richard Ungewitter, et l'id\u00e9e a re\u00e7u un soutien culturel lorsque les premiers Jeux olympiques modernes d'Ath\u00e8nes ont attir\u00e9 l'attention sur la nudit\u00e9 classique. Ils l'ont appel\u00e9e Freik\u00f6rperkultur (FKK), ce qui signifie \"Culture du corps libre\".<\/p>\n\n\n\n<div class=\"wp-block-image\"><figure class=\"alignright\"><img loading=\"lazy\" decoding=\"async\" width=\"400\" height=\"180\" src=\"https:\/\/www.bareoaks.ca\/wp-content\/uploads\/2018\/02\/NaturistHistory3.jpg\" alt=\"\" class=\"wp-image-29515\" srcset=\"https:\/\/www.bareoaks.ca\/wp-content\/uploads\/2018\/02\/NaturistHistory3.jpg 400w, https:\/\/www.bareoaks.ca\/wp-content\/uploads\/2018\/02\/NaturistHistory3-300x135.jpg 300w\" sizes=\"auto, (max-width: 400px) 100vw, 400px\" \/><\/figure><\/div>\n\n\n\n<p>De la th\u00e9orie \u00e0 la pratique, il n'y a qu'un pas. Des clubs exp\u00e9rimentaux ont vu le jour en Allemagne, puis en France et en Angleterre, o\u00f9 les individus pouvaient pratiquer leur mode de vie naturel sans ing\u00e9rence ext\u00e9rieure (tant qu'ils restaient sur leur propri\u00e9t\u00e9 priv\u00e9e). Comme les premiers clubs \u00e9taient des exp\u00e9riences de vie naturelle, ils imposaient \u00e0 tous les invit\u00e9s un r\u00e9gime naturel complet : nudit\u00e9 par tous les temps, abstinence, v\u00e9g\u00e9tarisme et gymnastique su\u00e9doise obligatoire. De nombreux invit\u00e9s ont d\u00e9cid\u00e9 que la pratique n'\u00e9tait pas aussi attrayante que la th\u00e9orie, et si certains ont compl\u00e8tement abandonn\u00e9 la cause, d'autres ont remarqu\u00e9 que la nudit\u00e9 sociale avait un effet psychologique positif qu'ils appr\u00e9ciaient. Lorsque les gens enlevaient leur armure culturelle, ils se sentaient plus libres et moins stress\u00e9s que dans leur vie de tous les jours. Les gens \u00e9taient ce qu'ils \u00e9taient, et non ce qu'ils pr\u00e9tendaient \u00eatre derri\u00e8re leurs uniformes textiles, leurs bijoux et leur maquillage. Cette ambiance sociale d\u00e9tendue est devenue la marque de fabrique du naturisme social du vingti\u00e8me si\u00e8cle.<\/p>\n\n\n\n<div class=\"wp-block-image\"><figure class=\"alignleft\"><img loading=\"lazy\" decoding=\"async\" width=\"400\" height=\"261\" src=\"https:\/\/www.bareoaks.ca\/wp-content\/uploads\/2018\/02\/NaturistHistory2.jpg\" alt=\"\" class=\"wp-image-29505\" srcset=\"https:\/\/www.bareoaks.ca\/wp-content\/uploads\/2018\/02\/NaturistHistory2.jpg 400w, https:\/\/www.bareoaks.ca\/wp-content\/uploads\/2018\/02\/NaturistHistory2-300x196.jpg 300w\" sizes=\"auto, (max-width: 400px) 100vw, 400px\" \/><\/figure><\/div>\n\n\n\n<p>Plusieurs autres tendances ont acc\u00e9l\u00e9r\u00e9 l'acceptation de l'aspect nudit\u00e9 du naturisme. La jeunesse du d\u00e9but du si\u00e8cle a adopt\u00e9 les grands espaces et s'est mise \u00e0 faire des randonn\u00e9es et du cano\u00eb dans la campagne, souvent nue et en groupes mixtes. La soci\u00e9t\u00e9 occidentale a connu une sorte de lib\u00e9ration sexuelle \u00e0 cette \u00e9poque et a assoupli bon nombre de ses normes morales. La Premi\u00e8re Guerre mondiale a eu un effet similaire. En cons\u00e9quence, le naturisme a connu une croissance rapide dans les ann\u00e9es 1920, en particulier en Allemagne, o\u00f9 des dizaines de milliers de personnes s'\u00e9battaient dans des clubs, sur des plages libres, dans des parcs municipaux et dans des piscines. D'autres pays ont \u00e9galement connu un essor des clubs naturistes, notamment le Sparta Club en France et le Spielplatz en Angleterre. Les magazines nationaux sont \u00e9galement bien \u00e9tablis (Health &amp; Efficiency en Grande-Bretagne, Vivre d'Abord en France). En 1931, des repr\u00e9sentants de divers clubs et soci\u00e9t\u00e9s se r\u00e9unissent en Allemagne pour cr\u00e9er une organisation internationale de nudistes. Les ann\u00e9es de d\u00e9pression n'\u00e9taient pas le meilleur moment pour se lancer dans de nouvelles entreprises, et cette premi\u00e8re exp\u00e9rience prit fin, mais les pionniers avaient \u00e9tabli le naturisme sur des bases solides, et il allait revivre et prosp\u00e9rer en Europe apr\u00e8s la prochaine guerre.<\/p>\n\n\n\n<p>En Am\u00e9rique du Nord, le naturisme a suivi le mod\u00e8le europ\u00e9en. Bernarr Macfadden, l'un des premiers pionniers de la r\u00e9forme de la sant\u00e9, a promu le mode de vie naturel dans son magazine Physical Culture et dans sa Physical Culture City, tout comme William Call dans ses Common Sense Clubs. Mais le premier v\u00e9ritable club naturiste a \u00e9t\u00e9 cr\u00e9\u00e9 dans l'\u00c9tat de New York par Kurt Barthel et une poign\u00e9e d'immigrants allemands. Leur Sky Farm Club a accueilli la premi\u00e8re Conf\u00e9rence internationale des nudistes, qui a attir\u00e9 Ilsley \"Uncle Danny\" Boone, qui en a pris le contr\u00f4le, a r\u00e9organis\u00e9 l'American Sunbathing Association et a lanc\u00e9 Sunshine &amp; Health. D'autres clubs apparaissent bient\u00f4t dans les \u00c9tats voisins, dans le Midwest et en Californie. Lorsque les membres de l'ASA se rebellent contre son \"one-man-show\", il part former le National Nudist Council.<\/p>\n\n\n\n<h4 class=\"wp-block-heading\">Naturisme\/Nudisme au Canada<\/h4>\n\n\n\n<div class=\"wp-block-image\"><figure class=\"alignleft\"><img loading=\"lazy\" decoding=\"async\" width=\"250\" height=\"381\" src=\"https:\/\/www.bareoaks.ca\/wp-content\/uploads\/2018\/02\/NaturistHistory4.jpg\" alt=\"\" class=\"wp-image-29525\" srcset=\"https:\/\/www.bareoaks.ca\/wp-content\/uploads\/2018\/02\/NaturistHistory4.jpg 250w, https:\/\/www.bareoaks.ca\/wp-content\/uploads\/2018\/02\/NaturistHistory4-197x300.jpg 197w\" sizes=\"auto, (max-width: 250px) 100vw, 250px\" \/><\/figure><\/div>\n\n\n\n<p>Au Canada, des particuliers s'int\u00e9ressent au naturisme, au bain de minuit ou \u00e0 la culture physique et se tournent parfois vers des magazines am\u00e9ricains ou europ\u00e9ens. Apr\u00e8s 1940, ils ont eu leur propre magazine canadien, Sunbathing &amp; Health, qui pr\u00e9sentait parfois des nouvelles locales. Au cours des ann\u00e9es 1930 et 1940, des groupes de Canadiens se sont dispers\u00e9s dans plusieurs villes et certains de ces groupes ont suscit\u00e9 suffisamment d'int\u00e9r\u00eat pour former des clubs sur des terrains priv\u00e9s ; les clubs les plus importants sont les Van Tans \u00e0 Vancouver et le Sun Air Club dans l'Ontario. Les Canadiens qui ont servi dans l'arm\u00e9e pendant la guerre ont rencontr\u00e9 des personnes partageant les m\u00eames id\u00e9es dans tout le pays et ont souvent visit\u00e9 les clubs lorsqu'ils \u00e9taient en Europe. Ils constituent un vivier de recrues pour les organisateurs de l'apr\u00e8s-guerre. Quelques ann\u00e9es plus tard, la vague d'immigration d'apr\u00e8s-guerre a amen\u00e9 de nombreux Europ\u00e9ens avec leur propre exp\u00e9rience, qui ont non seulement gonfl\u00e9 les rangs des membres, mais ont aussi souvent cr\u00e9\u00e9 leurs propres clubs, contribuant ainsi \u00e0 l'expansion du naturisme d'un oc\u00e9an \u00e0 l'autre. La plupart de ces clubs sont regroup\u00e9s au sein de la Canadian Sunbathing Association, qui s'affilie \u00e0 l'American Sunbathing Association en 1954. Plusieurs d\u00e9saccords entre les membres de l'est et de l'ouest de l'ACS ont abouti \u00e0 l'\u00e9clatement de l'ACS en deux associations, l'Association des bains de soleil de l'Ouest canadien (ABOC) et l'Association des bains de soleil de l'Est canadien (ABEC), en 1960. L'ECSA a connu de nombreuses querelles intestines au cours de la d\u00e9cennie et demie suivante, ce qui a conduit \u00e0 sa disparition officielle en 1978. La WCSA continue d'exister aujourd'hui sous le nom de Western Canadian Association for Nude Recreation (WCANR), une r\u00e9gion de l'American Association for Nude Recreation (AANR).&nbsp;<a href=\"http:\/\/aanr.com\/\" target=\"_blank\" rel=\"nofollow noopener noreferrer\">http:\/\/aanr.com<\/a>&nbsp;qui \u00e9tait elle-m\u00eame connue auparavant sous le nom d'ASA.<\/p>\n\n\n\n<p>En 1977, la F\u00e9d\u00e9ration qu\u00e9b\u00e9coise de naturisme (FQN)&nbsp;<a href=\"http:\/\/fqn.qc.ca\/\" target=\"_blank\" rel=\"nofollow noopener noreferrer\">http:\/\/fqn.qc.ca&nbsp;<\/a>a \u00e9t\u00e9 fond\u00e9e au Qu\u00e9bec par Michel Va\u00efs. En 1986, Doug Beckett, Helen Beckett et Petra Scheller, avec le soutien de la FQN, ont cr\u00e9\u00e9 la F\u00e9d\u00e9ration des Naturistes Canadiens (FCN).&nbsp;<a href=\"http:\/\/fcn.ca\/\" target=\"_blank\" rel=\"nofollow noopener noreferrer\">http:\/\/fcn.ca<\/a>&nbsp;La FQN et la FCN se sont unies pour devenir les repr\u00e9sentants officiels du Canada au sein de la F\u00e9d\u00e9ration internationale de naturisme (INF).&nbsp;<a href=\"http:\/\/www.inf-fni.org\/\" target=\"_blank\" rel=\"nofollow noopener noreferrer\">http:\/\/www.inf-fni.org<\/a><\/p>\n\n\n\n<p>Pour un historique complet du naturisme\/nudisme au Canada, consultez le site suivant&nbsp;<a href=\"http:\/\/www.nudisthistory.ca\/\" target=\"_blank\" rel=\"nofollow noopener noreferrer\">www.NudistHistory.ca<\/a><\/p>","protected":false},"excerpt":{"rendered":"<p>Pendant la majeure partie de l'histoire de l'humanit\u00e9, la nudit\u00e9 \u00e9tait un \u00e9l\u00e9ment naturel et normal de la vie. Les gens \u00e9taient nus lorsque les conditions environnementales le permettaient. Le \"maillot de bain\" est une invention tr\u00e8s r\u00e9cente, datant d'environ un si\u00e8cle. Ce n'est qu'avec l'av\u00e8nement de l'industrialisation que les hommes ont commenc\u00e9 \u00e0 avoir honte de leur corps. En rempla\u00e7ant la nature par des produits manufactur\u00e9s, nous avons commenc\u00e9 \u00e0 consid\u00e9rer comme imparfait tout ce qui n'\u00e9tait pas fabriqu\u00e9 par l'homme. Le corps humain est devenu un objet de honte qui doit \u00eatre cach\u00e9 et model\u00e9 par des v\u00eatements. Le naturisme est n\u00e9 d'un mouvement d'entraide et de r\u00e9forme en r\u00e9action aux aspects d\u00e9bilitants de l'industrialisation et de la mondialisation.<a class=\"more-link\" href=\"https:\/\/www.bareoaks.ca\/fr\/history-of-naturism-2\/\">Lire la suite \u2192<\/a><\/p>","protected":false},"author":73,"featured_media":0,"parent":0,"menu_order":0,"comment_status":"closed","ping_status":"closed","template":"","meta":{"_themeisle_gutenberg_block_has_review":false,"footnotes":""},"class_list":["entry","author-sdeschenes","post-29465","page","type-page","status-publish"],"yoast_head":"<!-- This site is optimized with the Yoast SEO plugin v27.3 - https:\/\/yoast.com\/product\/yoast-seo-wordpress\/ -->\n<title>History of Naturism &#8226; Bare Oaks Family Naturist Park<\/title>\n<meta name=\"robots\" content=\"index, follow, max-snippet:-1, max-image-preview:large, max-video-preview:-1\" \/>\n<link rel=\"canonical\" href=\"https:\/\/www.bareoaks.ca\/fr\/history-of-naturism-2\/\" \/>\n<meta property=\"og:locale\" content=\"fr_CA\" \/>\n<meta property=\"og:type\" content=\"article\" \/>\n<meta property=\"og:title\" content=\"History of Naturism &#8226; Bare Oaks Family Naturist Park\" \/>\n<meta property=\"og:description\" content=\"For most of human history, nudity was a natural and normal part of life. People were nude when environmental conditions favoured it. The &#8220;bathing suit&#8221; is a very recent invention dating back about a century. It is only with the advent of industrialization that humans began to be ashamed of their bodies. As we began to replace our natural world with manufactured goods, we grew to see all that was not man-made as imperfect. The human body became an object of shame to be hidden and shaped by clothing. Naturism began as a self-help reform movement in reaction to the debilitating aspects of industrialization andRead More &rarr;\" \/>\n<meta property=\"og:url\" content=\"https:\/\/www.bareoaks.ca\/fr\/history-of-naturism-2\/\" \/>\n<meta property=\"og:site_name\" content=\"Bare Oaks Family Naturist Park\" \/>\n<meta property=\"article:publisher\" content=\"https:\/\/www.facebook.com\/BareOaksPark\" \/>\n<meta property=\"article:modified_time\" content=\"2021-12-01T13:27:18+00:00\" \/>\n<meta property=\"og:image\" content=\"https:\/\/www.bareoaks.ca\/wp-content\/uploads\/2018\/02\/HistoryOfNaturism1040x250.jpg\" \/>\n<meta name=\"twitter:card\" content=\"summary_large_image\" \/>\n<meta name=\"twitter:site\" content=\"@BareOaksPark\" \/>\n<meta name=\"twitter:label1\" content=\"Estimation du temps de lecture\" \/>\n\t<meta name=\"twitter:data1\" content=\"6 minutes\" \/>\n<script type=\"application\/ld+json\" class=\"yoast-schema-graph\">{\"@context\":\"https:\\\/\\\/schema.org\",\"@graph\":[{\"@type\":\"WebPage\",\"@id\":\"https:\\\/\\\/www.bareoaks.ca\\\/history-of-naturism-2\\\/\",\"url\":\"https:\\\/\\\/www.bareoaks.ca\\\/history-of-naturism-2\\\/\",\"name\":\"History of Naturism &#8226; Bare Oaks Family Naturist Park\",\"isPartOf\":{\"@id\":\"https:\\\/\\\/www.bareoaks.ca\\\/#website\"},\"primaryImageOfPage\":{\"@id\":\"https:\\\/\\\/www.bareoaks.ca\\\/history-of-naturism-2\\\/#primaryimage\"},\"image\":{\"@id\":\"https:\\\/\\\/www.bareoaks.ca\\\/history-of-naturism-2\\\/#primaryimage\"},\"thumbnailUrl\":\"https:\\\/\\\/www.bareoaks.ca\\\/wp-content\\\/uploads\\\/2018\\\/02\\\/HistoryOfNaturism1040x250.jpg\",\"datePublished\":\"2018-01-26T15:00:47+00:00\",\"dateModified\":\"2021-12-01T13:27:18+00:00\",\"breadcrumb\":{\"@id\":\"https:\\\/\\\/www.bareoaks.ca\\\/history-of-naturism-2\\\/#breadcrumb\"},\"inLanguage\":\"fr-CA\",\"potentialAction\":[{\"@type\":\"ReadAction\",\"target\":[\"https:\\\/\\\/www.bareoaks.ca\\\/history-of-naturism-2\\\/\"]}]},{\"@type\":\"ImageObject\",\"inLanguage\":\"fr-CA\",\"@id\":\"https:\\\/\\\/www.bareoaks.ca\\\/history-of-naturism-2\\\/#primaryimage\",\"url\":\"https:\\\/\\\/www.bareoaks.ca\\\/wp-content\\\/uploads\\\/2018\\\/02\\\/HistoryOfNaturism1040x250.jpg\",\"contentUrl\":\"https:\\\/\\\/www.bareoaks.ca\\\/wp-content\\\/uploads\\\/2018\\\/02\\\/HistoryOfNaturism1040x250.jpg\"},{\"@type\":\"BreadcrumbList\",\"@id\":\"https:\\\/\\\/www.bareoaks.ca\\\/history-of-naturism-2\\\/#breadcrumb\",\"itemListElement\":[{\"@type\":\"ListItem\",\"position\":1,\"name\":\"Home\",\"item\":\"https:\\\/\\\/www.bareoaks.ca\\\/\"},{\"@type\":\"ListItem\",\"position\":2,\"name\":\"History of Naturism\"}]},{\"@type\":\"WebSite\",\"@id\":\"https:\\\/\\\/www.bareoaks.ca\\\/#website\",\"url\":\"https:\\\/\\\/www.bareoaks.ca\\\/\",\"name\":\"Bare Oaks Family Naturist Park\",\"description\":\"Traditional naturist values in a modern setting\",\"publisher\":{\"@id\":\"https:\\\/\\\/www.bareoaks.ca\\\/#organization\"},\"potentialAction\":[{\"@type\":\"SearchAction\",\"target\":{\"@type\":\"EntryPoint\",\"urlTemplate\":\"https:\\\/\\\/www.bareoaks.ca\\\/?s={search_term_string}\"},\"query-input\":{\"@type\":\"PropertyValueSpecification\",\"valueRequired\":true,\"valueName\":\"search_term_string\"}}],\"inLanguage\":\"fr-CA\"},{\"@type\":\"Organization\",\"@id\":\"https:\\\/\\\/www.bareoaks.ca\\\/#organization\",\"name\":\"Bare Oaks Family Naturist Park\",\"url\":\"https:\\\/\\\/www.bareoaks.ca\\\/\",\"logo\":{\"@type\":\"ImageObject\",\"inLanguage\":\"fr-CA\",\"@id\":\"https:\\\/\\\/www.bareoaks.ca\\\/#\\\/schema\\\/logo\\\/image\\\/\",\"url\":\"https:\\\/\\\/www.bareoaks.ca\\\/wp-content\\\/uploads\\\/2025\\\/07\\\/BareOaksLogo_website.png\",\"contentUrl\":\"https:\\\/\\\/www.bareoaks.ca\\\/wp-content\\\/uploads\\\/2025\\\/07\\\/BareOaksLogo_website.png\",\"width\":250,\"height\":132,\"caption\":\"Bare Oaks Family Naturist Park\"},\"image\":{\"@id\":\"https:\\\/\\\/www.bareoaks.ca\\\/#\\\/schema\\\/logo\\\/image\\\/\"},\"sameAs\":[\"https:\\\/\\\/www.facebook.com\\\/BareOaksPark\",\"https:\\\/\\\/x.com\\\/BareOaksPark\",\"https:\\\/\\\/www.instagram.com\\\/bareoaks\\\/\",\"http:\\\/\\\/www.linkedin.com\\\/company\\\/bare-oaks-family-naturist-park\",\"https:\\\/\\\/www.youtube.com\\\/user\\\/BareOaks\",\"https:\\\/\\\/en.wikipedia.org\\\/wiki\\\/Bare_Oaks_Family_Naturist_Park\"]}]}<\/script>\n<!-- \/ Yoast SEO plugin. -->","yoast_head_json":{"title":"Histoire du naturisme - Bare Oaks Family Naturist Park","robots":{"index":"index","follow":"follow","max-snippet":"max-snippet:-1","max-image-preview":"max-image-preview:large","max-video-preview":"max-video-preview:-1"},"canonical":"https:\/\/www.bareoaks.ca\/fr\/history-of-naturism-2\/","og_locale":"fr_CA","og_type":"article","og_title":"History of Naturism &#8226; Bare Oaks Family Naturist Park","og_description":"For most of human history, nudity was a natural and normal part of life. People were nude when environmental conditions favoured it. The &#8220;bathing suit&#8221; is a very recent invention dating back about a century. It is only with the advent of industrialization that humans began to be ashamed of their bodies. As we began to replace our natural world with manufactured goods, we grew to see all that was not man-made as imperfect. The human body became an object of shame to be hidden and shaped by clothing. Naturism began as a self-help reform movement in reaction to the debilitating aspects of industrialization andRead More &rarr;","og_url":"https:\/\/www.bareoaks.ca\/fr\/history-of-naturism-2\/","og_site_name":"Bare Oaks Family Naturist Park","article_publisher":"https:\/\/www.facebook.com\/BareOaksPark","article_modified_time":"2021-12-01T13:27:18+00:00","og_image":[{"url":"https:\/\/www.bareoaks.ca\/wp-content\/uploads\/2018\/02\/HistoryOfNaturism1040x250.jpg","type":"","width":"","height":""}],"twitter_card":"summary_large_image","twitter_site":"@BareOaksPark","twitter_misc":{"Estimation du temps de lecture":"6 minutes"},"schema":{"@context":"https:\/\/schema.org","@graph":[{"@type":"WebPage","@id":"https:\/\/www.bareoaks.ca\/history-of-naturism-2\/","url":"https:\/\/www.bareoaks.ca\/history-of-naturism-2\/","name":"Histoire du naturisme - Bare Oaks Family Naturist Park","isPartOf":{"@id":"https:\/\/www.bareoaks.ca\/#website"},"primaryImageOfPage":{"@id":"https:\/\/www.bareoaks.ca\/history-of-naturism-2\/#primaryimage"},"image":{"@id":"https:\/\/www.bareoaks.ca\/history-of-naturism-2\/#primaryimage"},"thumbnailUrl":"https:\/\/www.bareoaks.ca\/wp-content\/uploads\/2018\/02\/HistoryOfNaturism1040x250.jpg","datePublished":"2018-01-26T15:00:47+00:00","dateModified":"2021-12-01T13:27:18+00:00","breadcrumb":{"@id":"https:\/\/www.bareoaks.ca\/history-of-naturism-2\/#breadcrumb"},"inLanguage":"fr-CA","potentialAction":[{"@type":"ReadAction","target":["https:\/\/www.bareoaks.ca\/history-of-naturism-2\/"]}]},{"@type":"ImageObject","inLanguage":"fr-CA","@id":"https:\/\/www.bareoaks.ca\/history-of-naturism-2\/#primaryimage","url":"https:\/\/www.bareoaks.ca\/wp-content\/uploads\/2018\/02\/HistoryOfNaturism1040x250.jpg","contentUrl":"https:\/\/www.bareoaks.ca\/wp-content\/uploads\/2018\/02\/HistoryOfNaturism1040x250.jpg"},{"@type":"BreadcrumbList","@id":"https:\/\/www.bareoaks.ca\/history-of-naturism-2\/#breadcrumb","itemListElement":[{"@type":"ListItem","position":1,"name":"Home","item":"https:\/\/www.bareoaks.ca\/"},{"@type":"ListItem","position":2,"name":"History of Naturism"}]},{"@type":"WebSite","@id":"https:\/\/www.bareoaks.ca\/#website","url":"https:\/\/www.bareoaks.ca\/","name":"Parc naturiste familial Bare Oaks","description":"Des valeurs naturistes traditionnelles dans un cadre moderne","publisher":{"@id":"https:\/\/www.bareoaks.ca\/#organization"},"potentialAction":[{"@type":"SearchAction","target":{"@type":"EntryPoint","urlTemplate":"https:\/\/www.bareoaks.ca\/?s={search_term_string}"},"query-input":{"@type":"PropertyValueSpecification","valueRequired":true,"valueName":"search_term_string"}}],"inLanguage":"fr-CA"},{"@type":"Organization","@id":"https:\/\/www.bareoaks.ca\/#organization","name":"Parc naturiste familial Bare Oaks","url":"https:\/\/www.bareoaks.ca\/","logo":{"@type":"ImageObject","inLanguage":"fr-CA","@id":"https:\/\/www.bareoaks.ca\/#\/schema\/logo\/image\/","url":"https:\/\/www.bareoaks.ca\/wp-content\/uploads\/2025\/07\/BareOaksLogo_website.png","contentUrl":"https:\/\/www.bareoaks.ca\/wp-content\/uploads\/2025\/07\/BareOaksLogo_website.png","width":250,"height":132,"caption":"Bare Oaks Family Naturist Park"},"image":{"@id":"https:\/\/www.bareoaks.ca\/#\/schema\/logo\/image\/"},"sameAs":["https:\/\/www.facebook.com\/BareOaksPark","https:\/\/x.com\/BareOaksPark","https:\/\/www.instagram.com\/bareoaks\/","http:\/\/www.linkedin.com\/company\/bare-oaks-family-naturist-park","https:\/\/www.youtube.com\/user\/BareOaks","https:\/\/en.wikipedia.org\/wiki\/Bare_Oaks_Family_Naturist_Park"]}]}},"_links":{"self":[{"href":"https:\/\/www.bareoaks.ca\/fr\/wp-json\/wp\/v2\/pages\/29465","targetHints":{"allow":["GET"]}}],"collection":[{"href":"https:\/\/www.bareoaks.ca\/fr\/wp-json\/wp\/v2\/pages"}],"about":[{"href":"https:\/\/www.bareoaks.ca\/fr\/wp-json\/wp\/v2\/types\/page"}],"author":[{"embeddable":true,"href":"https:\/\/www.bareoaks.ca\/fr\/wp-json\/wp\/v2\/users\/73"}],"replies":[{"embeddable":true,"href":"https:\/\/www.bareoaks.ca\/fr\/wp-json\/wp\/v2\/comments?post=29465"}],"version-history":[{"count":10,"href":"https:\/\/www.bareoaks.ca\/fr\/wp-json\/wp\/v2\/pages\/29465\/revisions"}],"predecessor-version":[{"id":70617,"href":"https:\/\/www.bareoaks.ca\/fr\/wp-json\/wp\/v2\/pages\/29465\/revisions\/70617"}],"wp:attachment":[{"href":"https:\/\/www.bareoaks.ca\/fr\/wp-json\/wp\/v2\/media?parent=29465"}],"curies":[{"name":"wp","href":"https:\/\/api.w.org\/{rel}","templated":true}]}}