{"id":30,"date":"2010-03-11T16:08:04","date_gmt":"2010-03-11T21:08:04","guid":{"rendered":"http:\/\/ww1.bareoaks.ca\/?page_id=30"},"modified":"2021-12-20T11:23:56","modified_gmt":"2021-12-20T16:23:56","slug":"connett","status":"publish","type":"page","link":"https:\/\/www.bareoaks.ca\/fr\/connett\/","title":{"rendered":"Ray et Mildred Connett"},"content":{"rendered":"<p><iframe loading=\"lazy\" title=\"Ray Connett sur Donahue 1994\" width=\"1080\" height=\"810\" src=\"https:\/\/www.youtube.com\/embed\/oB6dUj1popQ?feature=oembed\" frameborder=\"0\" allow=\"accelerometer; autoplay; clipboard-write; encrypted-media; gyroscope; picture-in-picture\" allowfullscreen><\/iframe><\/p>\n\n\n\n<p>Ray (1915-1997) et Mildred (1915-1997) Connett ont \u00e9t\u00e9 les premiers pionniers du naturisme au Canada. \u00c0 la fin des ann\u00e9es 1940, l'id\u00e9e m\u00eame du naturisme \u00e9tait consid\u00e9r\u00e9e comme subversive. Peu soucieux de leur r\u00e9putation personnelle, Ray et Mildred Connett sont devenus des promoteurs publics du naturisme. Ray est un auteur prolifique sur le sujet et aide \u00e0 organiser les Canadiens qui s'int\u00e9ressent au naturisme.<\/p>\n\n\n\n<p>\u00c0 une \u00e9poque o\u00f9 les informations sur le naturisme \u00e9taient rares et o\u00f9 les journaux ne diffusaient pas de publicit\u00e9 naturiste, Connett est devenu un point de contact essentiel pour les personnes \u00e0 la recherche de clubs dans leur r\u00e9gion. Il \u00e9tait \u00e9galement une ressource importante pour les clubs qui venaient de se cr\u00e9er. Les personnes int\u00e9ress\u00e9es par le naturisme \u00e9crivaient \u00e0 Connett qui transmettait les coordonn\u00e9es d'un club local. L'existence de la plupart des clubs \u00e9tant secr\u00e8te, le nombre de leurs membres n'aurait jamais augment\u00e9 sans le processus.<\/p>\n\n\n\n<p>Il est l'un des fondateurs du Van Tan Club en 1939. Il a ensuite cr\u00e9\u00e9 son propre club, Sunny Trails, en 1952.<\/p>\n\n\n\n<p>Dans cette vid\u00e9o, nous voyons Ray Connett lors d'une apparition t\u00e9l\u00e9vis\u00e9e en 1994 dans le Phil Donahue Show.&nbsp;<a href=\"https:\/\/www.youtube.com\/watch?v=oB6dUj1popQ\">https:\/\/www.youtube.com\/watch?v=oB6dUj1popQ<\/a><\/p>\n\n\n\n<hr class=\"wp-block-separator is-style-wide\"\/>\n\n\n\n<h3 class=\"wp-block-heading\">De la biblioth\u00e8que de la F\u00e9d\u00e9ration des Naturistes Canadiens :<img loading=\"lazy\" decoding=\"async\" class=\"alignright size-full wp-image-2233\" style=\"float: right; border-width: 1px; border-style: solid; margin: 5px;\" title=\"Mildred et Ray Connett (vers 1962)\" src=\"https:\/\/www.bareoaks.ca\/wp-content\/uploads\/2010\/03\/History_connetts.jpg\" alt=\"Mildred and Ray Connett\" width=\"300\" height=\"359\" srcset=\"https:\/\/www.bareoaks.ca\/wp-content\/uploads\/2010\/03\/History_connetts.jpg 925w, https:\/\/www.bareoaks.ca\/wp-content\/uploads\/2010\/03\/History_connetts-250x300.jpg 250w, https:\/\/www.bareoaks.ca\/wp-content\/uploads\/2010\/03\/History_connetts-768x920.jpg 768w, https:\/\/www.bareoaks.ca\/wp-content\/uploads\/2010\/03\/History_connetts-855x1024.jpg 855w, https:\/\/www.bareoaks.ca\/wp-content\/uploads\/2010\/03\/History_connetts-705x844.jpg 705w\" sizes=\"auto, (max-width: 300px) 100vw, 300px\" \/><\/h3>\n\n\n\n<ul class=\"wp-block-list\"><li><a href=\"https:\/\/www.bareoaks.ca\/wp-content\/uploads\/2010\/03\/files_Nude-Living-Feb-1962-p28-31.pdf\" target=\"_blank\" rel=\"noopener noreferrer\">Mildred (Harris) Connett raconte leur histoire - Nude Living, f\u00e9vrier 1962<\/a><\/li><\/ul>\n\n\n\n<hr class=\"wp-block-separator is-style-wide\"\/>\n\n\n\n<p><strong>Extrait sur Ray Connett de :<br><a href=\"http:\/\/www.bareboutique.ca\/index.php?main_page=product_info&amp;cPath=23&amp;products_id=184\" target=\"_blank\" rel=\"noopener noreferrer\">Au Naturel : L'histoire du nudisme au Canada<\/a><br>James Woycke, Ph.D.<br>ISBN 0-9682332-3-6<br>Pages 19 - 21<\/strong><\/p>\n\n\n\n<p>\"Ray Connett est l'homme qui, selon ses propres termes, \"a lanc\u00e9 tout le mouvement nudiste au Canada\". Connett (le nom \"rime avec cadet et non avec bonnet\") est n\u00e9 et a grandi en Saskatchewan, o\u00f9 sa seule introduction au nudisme a \u00e9t\u00e9 une remarque fortuite de son p\u00e8re un jour dans la grange : \"Ne serait-ce pas bien si les gens \u00e9taient si bien dans leur peau que le fait de porter ou non des v\u00eatements ne leur importait pas ?\" Connett \u00e9pousa Mildred Harris \u00e0 Calgary, et ils d\u00e9m\u00e9nag\u00e8rent \u00e0 Vancouver en 1934. Lors d'un voyage d'achat transfrontalier \u00e0 Bellingham, dans l'\u00c9tat de Washington, il remarque un exemplaire du magazine am\u00e9ricain The Nudist (rebaptis\u00e9 plus tard Sunshine and Health), qu'il ach\u00e8te et fait entrer en \"contrebande\" au Canada. Il lit \u00e9galement le magazine britannique Health and Efficiency, qui lui fait conna\u00eetre la National Sun-Air Association en Angleterre. Lorsqu'il voit une petite annonce dans le journal local annon\u00e7ant la cr\u00e9ation d'un groupe similaire \u00e0 Vancouver, il s'empresse de r\u00e9pondre. Hardy et Lenore Kaye, ainsi qu'une poign\u00e9e d'autres personnes, forment le Van Tan Club, qui est aujourd'hui le plus ancien club du Canada.<br>En ao\u00fbt 1939, il n'y avait pas que des nuages de pluie du Pacifique \u00e0 l'horizon, et Connett, comme beaucoup d'autres Canadiens, s'engagea dans l'arm\u00e9e. Apr\u00e8s une formation aux transmissions sur la Tower Beach de Vancouver (sa premi\u00e8re exp\u00e9rience de Wreck Beach), Connett se rendit en Ontario pour suivre une formation au Camp Borden et au Coll\u00e8ge militaire royal, avant de s'embarquer pour l'Angleterre en 1941. Il a ensuite servi en Italie et est rentr\u00e9 chez lui en 1945.<br>Le s\u00e9jour de Connett en Angleterre a fa\u00e7onn\u00e9 sa future carri\u00e8re de nudiste. \"Il y a longtemps, dans l'Angleterre du temps de la guerre, alors que des clubs amicaux accueillaient un nudiste canadien solitaire, le r\u00eave est n\u00e9, l'id\u00e9e que quelqu'un devait d\u00e9fendre la cause du nudisme au Canada\". Connett emporta avec lui des lettres de pr\u00e9sentation des Kayes aux Arcadiens de Sun Hill, un club pr\u00e8s de Londres qui devint plus tard le North Kent Sun Club. Par leur interm\u00e9diaire, il rencontra le r\u00e9dacteur en chef de la Sun Bathing Review et commen\u00e7a \u00e0 \u00e9crire des articles sur le Canada et les \u00c9tats-Unis, tout en soumettant des articles et des photos sur l'Angleterre \u00e0 Sunshine and Health et \u00e0 Sunbathing for Health, dont il avait rencontr\u00e9 l'\u00e9diteur \u00e0 Toronto en 1941. Connett visita \u00e9galement les clubs Heritage et North Durham, et en 1943, il participa \u00e0 la r\u00e9union fondatrice de la British Sun Bathing Association \" dans l'arri\u00e8re-boutique d'un petit salon de th\u00e9 \u00e0 l'ombre du British Museum \". M\u00eame en service actif, Connett trouva le temps de pratiquer le nudisme dans les champs, les collines et les plages d'Italie, et exhorta ses compagnons d'armes \u00e0 pr\u00e9server leur \"libert\u00e9 d'inhibition\" apr\u00e8s la guerre. \"Mon exp\u00e9rience \u00e0 l'\u00e9tranger a renforc\u00e9 ma d\u00e9termination \u00e0 voir le nudisme gagner en force et en puissance au Canada.<br>De retour chez lui \u00e0 Vancouver, Connett rejoignit les Van Tans et se tint au courant de l'\u00e9volution de l'ASA en temps de guerre. En 1946, il assiste \u00e0 la r\u00e9union fondatrice de la Conf\u00e9rence du Nord-Ouest, un regroupement r\u00e9gional des clubs de l'ASA dans le Nord-Ouest du Pacifique, au Cobblestone Club de Yelm, dans l'\u00c9tat de Washington. Cet \u00e9v\u00e9nement, ainsi que son exp\u00e9rience britannique, l'ont incit\u00e9 \u00e0 \"faire la m\u00eame chose pour tout le Canada\".<br>Connett \u00e9tait d\u00e9sormais convaincu que la publicit\u00e9 \u00e9tait la cl\u00e9 de tout. A son retour d'Angleterre, il s'\u00e9tait arr\u00eat\u00e9 au bureau de Sunbathing for Health \u00e0 Toronto pour reprendre contact avec l'\u00e9diteur, qu'il avait rencontr\u00e9 lors d'un stage en Ontario. Connett proposa d'\u00e9crire une chronique r\u00e9guli\u00e8re de contenu canadien, avec des nouvelles, des articles de fond et un r\u00e9pertoire des clubs, le tout calqu\u00e9 sur le mod\u00e8le de Sunshine and Health. L'\u00e9diteur, T.H. Sinnott, accepta la proposition au cours de l'\u00e9t\u00e9 1946, et la rubrique \"Sunny Trails\" \u00e9tait n\u00e9e (le nom \"est venu \u00e0 l'esprit\", et Connett l'a conserv\u00e9, l'utilisant pour son propre bulletin\/magazine et son propre club de nudistes).<br>Dans le num\u00e9ro de d\u00e9cembre 1946 de Sunbathing for Health, Connett demandait plaintivement : \"Y a-t-il un nudiste dans la maison ?\" Se souvenant de ses rencontres en Angleterre et aux \u00c9tats-Unis, o\u00f9 on lui demandait constamment \"qu'en est-il du nudisme au Canada\", et se rappelant ses conversations en temps de guerre avec des compatriotes canadiens o\u00f9 il avait appris l'existence de groupes furtifs \u00e0 Edmonton, Regina et Toronto en plus de son propre club de Vancouver et du groupe voisin de Victoria, Connett s'interrogeait : \"Peut-\u00eatre y a-t-il des nudistes au Canada, peut-\u00eatre pas, et il a demand\u00e9 \u00e0 ses lecteurs de le lui faire savoir.<\/p>\n\n\n\n<p>En mai 1947, Connett disposait de rapports sur une demi-douzaine de clubs et de groupes de tout le Canada. Son propre club, les Van Tans, \u00e9tait en t\u00eate de liste\".<\/p>\n\n\n\n<hr class=\"wp-block-separator is-style-wide\"\/>\n\n\n\n<p><em>Ce n'est qu'une partie du livre o\u00f9 Ray Connett est mentionn\u00e9. Son r\u00f4le dans les d\u00e9buts du naturisme canadien est si important que son nom est mentionn\u00e9 173 fois dans les 274 pages du livre.<\/em><\/p>","protected":false},"excerpt":{"rendered":"<p>Ray (1915-1997) et Mildred (1915-1997) Connett ont \u00e9t\u00e9 les premiers pionniers du naturisme au Canada. \u00c0 la fin des ann\u00e9es 1940, l'id\u00e9e m\u00eame du naturisme \u00e9tait consid\u00e9r\u00e9e comme subversive. Peu soucieux de leur r\u00e9putation personnelle, Ray et Mildred Connett sont devenus des promoteurs publics du naturisme. Ray est un auteur prolifique sur le sujet et aide \u00e0 organiser les Canadiens qui s'int\u00e9ressent au naturisme. \u00c0 une \u00e9poque o\u00f9 les informations sur le naturisme \u00e9taient rares et o\u00f9 les journaux ne diffusaient pas de publicit\u00e9 naturiste, Connett est devenu un point de contact cl\u00e9 pour les personnes cherchant des clubs dans leur r\u00e9gion. Il a \u00e9galement \u00e9t\u00e9 une ressource importante pour les clubs qui venaient de se cr\u00e9er. Les individus<a class=\"more-link\" href=\"https:\/\/www.bareoaks.ca\/fr\/connett\/\">Lire la suite \u2192<\/a><\/p>","protected":false},"author":73,"featured_media":0,"parent":0,"menu_order":3,"comment_status":"closed","ping_status":"closed","template":"","meta":{"_themeisle_gutenberg_block_has_review":false,"footnotes":""},"class_list":["entry","author-sdeschenes","post-30","page","type-page","status-publish"],"yoast_head":"<!-- This site is optimized with the Yoast SEO plugin v27.4 - https:\/\/yoast.com\/product\/yoast-seo-wordpress\/ -->\n<title>Ray and Mildred Connett &#8226; Bare Oaks Family Naturist Park<\/title>\n<meta name=\"description\" content=\"Biography of Ray and Mildred Connett.\" \/>\n<meta name=\"robots\" content=\"index, follow, max-snippet:-1, max-image-preview:large, max-video-preview:-1\" \/>\n<link rel=\"canonical\" href=\"https:\/\/www.bareoaks.ca\/fr\/connett\/\" \/>\n<meta property=\"og:locale\" content=\"fr_CA\" \/>\n<meta property=\"og:type\" content=\"article\" \/>\n<meta property=\"og:title\" content=\"Ray and Mildred Connett &#8226; Bare Oaks Family Naturist Park\" \/>\n<meta property=\"og:description\" content=\"Biography of Ray and Mildred Connett.\" \/>\n<meta property=\"og:url\" content=\"https:\/\/www.bareoaks.ca\/fr\/connett\/\" \/>\n<meta property=\"og:site_name\" content=\"Bare Oaks Family Naturist Park\" \/>\n<meta property=\"article:publisher\" content=\"https:\/\/www.facebook.com\/BareOaksPark\" \/>\n<meta property=\"article:modified_time\" content=\"2021-12-20T16:23:56+00:00\" \/>\n<meta property=\"og:image\" content=\"https:\/\/www.bareoaks.ca\/wp-content\/uploads\/2010\/03\/History_connetts.jpg\" \/>\n<meta name=\"twitter:card\" content=\"summary_large_image\" \/>\n<meta name=\"twitter:site\" content=\"@BareOaksPark\" \/>\n<meta name=\"twitter:label1\" content=\"Estimation du temps de lecture\" \/>\n\t<meta name=\"twitter:data1\" content=\"5 minutes\" \/>\n<script type=\"application\/ld+json\" class=\"yoast-schema-graph\">{\"@context\":\"https:\\\/\\\/schema.org\",\"@graph\":[{\"@type\":\"WebPage\",\"@id\":\"https:\\\/\\\/www.bareoaks.ca\\\/connett\\\/\",\"url\":\"https:\\\/\\\/www.bareoaks.ca\\\/connett\\\/\",\"name\":\"Ray and Mildred Connett &#8226; Bare Oaks Family Naturist Park\",\"isPartOf\":{\"@id\":\"https:\\\/\\\/www.bareoaks.ca\\\/#website\"},\"primaryImageOfPage\":{\"@id\":\"https:\\\/\\\/www.bareoaks.ca\\\/connett\\\/#primaryimage\"},\"image\":{\"@id\":\"https:\\\/\\\/www.bareoaks.ca\\\/connett\\\/#primaryimage\"},\"thumbnailUrl\":\"https:\\\/\\\/www.bareoaks.ca\\\/wp-content\\\/uploads\\\/2010\\\/03\\\/History_connetts.jpg\",\"datePublished\":\"2010-03-11T21:08:04+00:00\",\"dateModified\":\"2021-12-20T16:23:56+00:00\",\"description\":\"Biography of Ray and Mildred Connett.\",\"breadcrumb\":{\"@id\":\"https:\\\/\\\/www.bareoaks.ca\\\/connett\\\/#breadcrumb\"},\"inLanguage\":\"fr-CA\",\"potentialAction\":[{\"@type\":\"ReadAction\",\"target\":[\"https:\\\/\\\/www.bareoaks.ca\\\/connett\\\/\"]}]},{\"@type\":\"ImageObject\",\"inLanguage\":\"fr-CA\",\"@id\":\"https:\\\/\\\/www.bareoaks.ca\\\/connett\\\/#primaryimage\",\"url\":\"https:\\\/\\\/www.bareoaks.ca\\\/wp-content\\\/uploads\\\/2010\\\/03\\\/History_connetts.jpg\",\"contentUrl\":\"https:\\\/\\\/www.bareoaks.ca\\\/wp-content\\\/uploads\\\/2010\\\/03\\\/History_connetts.jpg\"},{\"@type\":\"BreadcrumbList\",\"@id\":\"https:\\\/\\\/www.bareoaks.ca\\\/connett\\\/#breadcrumb\",\"itemListElement\":[{\"@type\":\"ListItem\",\"position\":1,\"name\":\"Home\",\"item\":\"https:\\\/\\\/www.bareoaks.ca\\\/\"},{\"@type\":\"ListItem\",\"position\":2,\"name\":\"Ray and Mildred Connett\"}]},{\"@type\":\"WebSite\",\"@id\":\"https:\\\/\\\/www.bareoaks.ca\\\/#website\",\"url\":\"https:\\\/\\\/www.bareoaks.ca\\\/\",\"name\":\"Bare Oaks Family Naturist Park\",\"description\":\"Traditional naturist values in a modern setting\",\"publisher\":{\"@id\":\"https:\\\/\\\/www.bareoaks.ca\\\/#organization\"},\"potentialAction\":[{\"@type\":\"SearchAction\",\"target\":{\"@type\":\"EntryPoint\",\"urlTemplate\":\"https:\\\/\\\/www.bareoaks.ca\\\/?s={search_term_string}\"},\"query-input\":{\"@type\":\"PropertyValueSpecification\",\"valueRequired\":true,\"valueName\":\"search_term_string\"}}],\"inLanguage\":\"fr-CA\"},{\"@type\":\"Organization\",\"@id\":\"https:\\\/\\\/www.bareoaks.ca\\\/#organization\",\"name\":\"Bare Oaks Family Naturist Park\",\"url\":\"https:\\\/\\\/www.bareoaks.ca\\\/\",\"logo\":{\"@type\":\"ImageObject\",\"inLanguage\":\"fr-CA\",\"@id\":\"https:\\\/\\\/www.bareoaks.ca\\\/#\\\/schema\\\/logo\\\/image\\\/\",\"url\":\"https:\\\/\\\/www.bareoaks.ca\\\/wp-content\\\/uploads\\\/2025\\\/07\\\/BareOaksLogo_website.png\",\"contentUrl\":\"https:\\\/\\\/www.bareoaks.ca\\\/wp-content\\\/uploads\\\/2025\\\/07\\\/BareOaksLogo_website.png\",\"width\":250,\"height\":132,\"caption\":\"Bare Oaks Family Naturist Park\"},\"image\":{\"@id\":\"https:\\\/\\\/www.bareoaks.ca\\\/#\\\/schema\\\/logo\\\/image\\\/\"},\"sameAs\":[\"https:\\\/\\\/www.facebook.com\\\/BareOaksPark\",\"https:\\\/\\\/x.com\\\/BareOaksPark\",\"https:\\\/\\\/www.instagram.com\\\/bareoaks\\\/\",\"http:\\\/\\\/www.linkedin.com\\\/company\\\/bare-oaks-family-naturist-park\",\"https:\\\/\\\/www.youtube.com\\\/user\\\/BareOaks\",\"https:\\\/\\\/en.wikipedia.org\\\/wiki\\\/Bare_Oaks_Family_Naturist_Park\"]}]}<\/script>\n<!-- \/ Yoast SEO plugin. -->","yoast_head_json":{"title":"Ray and Mildred Connett &#8226; Bare Oaks Family Naturist Park","description":"Biography of Ray and Mildred Connett.","robots":{"index":"index","follow":"follow","max-snippet":"max-snippet:-1","max-image-preview":"max-image-preview:large","max-video-preview":"max-video-preview:-1"},"canonical":"https:\/\/www.bareoaks.ca\/fr\/connett\/","og_locale":"fr_CA","og_type":"article","og_title":"Ray and Mildred Connett &#8226; Bare Oaks Family Naturist Park","og_description":"Biography of Ray and Mildred Connett.","og_url":"https:\/\/www.bareoaks.ca\/fr\/connett\/","og_site_name":"Bare Oaks Family Naturist Park","article_publisher":"https:\/\/www.facebook.com\/BareOaksPark","article_modified_time":"2021-12-20T16:23:56+00:00","og_image":[{"url":"https:\/\/www.bareoaks.ca\/wp-content\/uploads\/2010\/03\/History_connetts.jpg","type":"","width":"","height":""}],"twitter_card":"summary_large_image","twitter_site":"@BareOaksPark","twitter_misc":{"Estimation du temps de lecture":"5 minutes"},"schema":{"@context":"https:\/\/schema.org","@graph":[{"@type":"WebPage","@id":"https:\/\/www.bareoaks.ca\/connett\/","url":"https:\/\/www.bareoaks.ca\/connett\/","name":"Ray and Mildred Connett &#8226; Bare Oaks Family Naturist Park","isPartOf":{"@id":"https:\/\/www.bareoaks.ca\/#website"},"primaryImageOfPage":{"@id":"https:\/\/www.bareoaks.ca\/connett\/#primaryimage"},"image":{"@id":"https:\/\/www.bareoaks.ca\/connett\/#primaryimage"},"thumbnailUrl":"https:\/\/www.bareoaks.ca\/wp-content\/uploads\/2010\/03\/History_connetts.jpg","datePublished":"2010-03-11T21:08:04+00:00","dateModified":"2021-12-20T16:23:56+00:00","description":"Biography of Ray and Mildred Connett.","breadcrumb":{"@id":"https:\/\/www.bareoaks.ca\/connett\/#breadcrumb"},"inLanguage":"fr-CA","potentialAction":[{"@type":"ReadAction","target":["https:\/\/www.bareoaks.ca\/connett\/"]}]},{"@type":"ImageObject","inLanguage":"fr-CA","@id":"https:\/\/www.bareoaks.ca\/connett\/#primaryimage","url":"https:\/\/www.bareoaks.ca\/wp-content\/uploads\/2010\/03\/History_connetts.jpg","contentUrl":"https:\/\/www.bareoaks.ca\/wp-content\/uploads\/2010\/03\/History_connetts.jpg"},{"@type":"BreadcrumbList","@id":"https:\/\/www.bareoaks.ca\/connett\/#breadcrumb","itemListElement":[{"@type":"ListItem","position":1,"name":"Home","item":"https:\/\/www.bareoaks.ca\/"},{"@type":"ListItem","position":2,"name":"Ray and Mildred Connett"}]},{"@type":"WebSite","@id":"https:\/\/www.bareoaks.ca\/#website","url":"https:\/\/www.bareoaks.ca\/","name":"Parc naturiste familial Bare Oaks","description":"Des valeurs naturistes traditionnelles dans un cadre moderne","publisher":{"@id":"https:\/\/www.bareoaks.ca\/#organization"},"potentialAction":[{"@type":"SearchAction","target":{"@type":"EntryPoint","urlTemplate":"https:\/\/www.bareoaks.ca\/?s={search_term_string}"},"query-input":{"@type":"PropertyValueSpecification","valueRequired":true,"valueName":"search_term_string"}}],"inLanguage":"fr-CA"},{"@type":"Organization","@id":"https:\/\/www.bareoaks.ca\/#organization","name":"Parc naturiste familial Bare Oaks","url":"https:\/\/www.bareoaks.ca\/","logo":{"@type":"ImageObject","inLanguage":"fr-CA","@id":"https:\/\/www.bareoaks.ca\/#\/schema\/logo\/image\/","url":"https:\/\/www.bareoaks.ca\/wp-content\/uploads\/2025\/07\/BareOaksLogo_website.png","contentUrl":"https:\/\/www.bareoaks.ca\/wp-content\/uploads\/2025\/07\/BareOaksLogo_website.png","width":250,"height":132,"caption":"Bare Oaks Family Naturist Park"},"image":{"@id":"https:\/\/www.bareoaks.ca\/#\/schema\/logo\/image\/"},"sameAs":["https:\/\/www.facebook.com\/BareOaksPark","https:\/\/x.com\/BareOaksPark","https:\/\/www.instagram.com\/bareoaks\/","http:\/\/www.linkedin.com\/company\/bare-oaks-family-naturist-park","https:\/\/www.youtube.com\/user\/BareOaks","https:\/\/en.wikipedia.org\/wiki\/Bare_Oaks_Family_Naturist_Park"]}]}},"_links":{"self":[{"href":"https:\/\/www.bareoaks.ca\/fr\/wp-json\/wp\/v2\/pages\/30","targetHints":{"allow":["GET"]}}],"collection":[{"href":"https:\/\/www.bareoaks.ca\/fr\/wp-json\/wp\/v2\/pages"}],"about":[{"href":"https:\/\/www.bareoaks.ca\/fr\/wp-json\/wp\/v2\/types\/page"}],"author":[{"embeddable":true,"href":"https:\/\/www.bareoaks.ca\/fr\/wp-json\/wp\/v2\/users\/73"}],"replies":[{"embeddable":true,"href":"https:\/\/www.bareoaks.ca\/fr\/wp-json\/wp\/v2\/comments?post=30"}],"version-history":[{"count":7,"href":"https:\/\/www.bareoaks.ca\/fr\/wp-json\/wp\/v2\/pages\/30\/revisions"}],"predecessor-version":[{"id":72047,"href":"https:\/\/www.bareoaks.ca\/fr\/wp-json\/wp\/v2\/pages\/30\/revisions\/72047"}],"wp:attachment":[{"href":"https:\/\/www.bareoaks.ca\/fr\/wp-json\/wp\/v2\/media?parent=30"}],"curies":[{"name":"wp","href":"https:\/\/api.w.org\/{rel}","templated":true}]}}