{"id":32,"date":"2010-03-12T14:52:32","date_gmt":"2010-03-12T19:52:32","guid":{"rendered":"http:\/\/ww1.bareoaks.ca\/?page_id=32"},"modified":"2021-12-23T08:55:52","modified_gmt":"2021-12-23T13:55:52","slug":"tourism-information","status":"publish","type":"page","link":"https:\/\/www.bareoaks.ca\/fr\/tourism-information\/","title":{"rendered":"Informations touristiques"},"content":{"rendered":"<figure class=\"wp-block-image is-style-default\"><img loading=\"lazy\" decoding=\"async\" width=\"1040\" height=\"250\" src=\"https:\/\/www.bareoaks.ca\/wp-content\/uploads\/2010\/03\/ontario-tourism-banner-1.jpg\" alt=\"\" class=\"wp-image-28573\" srcset=\"https:\/\/www.bareoaks.ca\/wp-content\/uploads\/2010\/03\/ontario-tourism-banner-1.jpg 1040w, https:\/\/www.bareoaks.ca\/wp-content\/uploads\/2010\/03\/ontario-tourism-banner-1-300x72.jpg 300w, https:\/\/www.bareoaks.ca\/wp-content\/uploads\/2010\/03\/ontario-tourism-banner-1-768x185.jpg 768w, https:\/\/www.bareoaks.ca\/wp-content\/uploads\/2010\/03\/ontario-tourism-banner-1-1024x246.jpg 1024w, https:\/\/www.bareoaks.ca\/wp-content\/uploads\/2010\/03\/ontario-tourism-banner-1-425x102.jpg 425w\" sizes=\"auto, (max-width: 1040px) 100vw, 1040px\" \/><\/figure>\n\n\n\n<p><em><span style=\"font-size: 12pt;\">Le parc naturiste familial Bare Oaks est situ\u00e9 \u00e0 proximit\u00e9 d'un grand nombre de possibilit\u00e9s de loisirs. Veuillez visiter les sites suivants pour plus d'informations.<\/span><\/em><\/p>\n\n\n\n<hr class=\"wp-block-separator is-style-wide\"\/>\n\n\n\n<h3 class=\"wp-block-heading\">Naturisme en Ontario<\/h3>\n\n\n\n<p>Il existe de nombreuses autres possibilit\u00e9s de pratiquer le naturisme\/nudisme en Ontario. Bare Oaks est situ\u00e9 au centre de la plupart d'entre elles. Pour en savoir plus, visitez le site <a href=\"https:\/\/fcn.ca\/\">F\u00e9d\u00e9ration des naturistes canadiens<\/a> Ontario <a href=\"https:\/\/fcn.ca\/naturism-clubs-businesses\/member-clubs-canada\">page des clubs et des plages<\/a>.<\/p>\n\n\n\n<hr class=\"wp-block-separator is-style-wide\"\/>\n\n\n\n<h3 class=\"wp-block-heading\">Sharon, Mount Albert et Newmarket<\/h3>\n\n\n\n<div class=\"wp-block-image is-style-default\"><figure class=\"alignleft\"><img loading=\"lazy\" decoding=\"async\" width=\"229\" height=\"152\" src=\"https:\/\/www.bareoaks.ca\/wp-content\/uploads\/2010\/03\/91-1.png\" alt=\"\" class=\"wp-image-28583\"\/><\/figure><\/div>\n\n\n\n<p>Bare Oaks est officiellement situ\u00e9 dans le village de Sharon et est en fait le plus proche du village de <a href=\"http:\/\/www.mountalbert.com\/\">Mont Albert<\/a>. Les deux font partie de la municipalit\u00e9 de <a href=\"http:\/\/www.eastgwillimbury.ca\/\">East Gwillimbury<\/a>. Ces deux communaut\u00e9s disposent de petites boutiques, de restaurants et d'autres lieux d'int\u00e9r\u00eat.<\/p>\n\n\n\n<p>La principale zone urbaine la plus proche est la ville de <a href=\"http:\/\/www.newmarket.ca\/\">Newmarket<\/a>. Vous trouverez \u00e0 Newmarket des centres commerciaux, des cin\u00e9mas et de grandes cha\u00eenes de magasins.<\/p>\n\n\n\n<hr class=\"wp-block-separator is-style-wide\"\/>\n\n\n\n<h3 class=\"wp-block-heading\">R\u00e9gion de York<\/h3>\n\n\n\n<div class=\"wp-block-image is-style-default\"><figure class=\"alignleft\"><img loading=\"lazy\" decoding=\"async\" width=\"287\" height=\"191\" src=\"https:\/\/www.bareoaks.ca\/wp-content\/uploads\/2010\/03\/93-1.png\" alt=\"\" class=\"wp-image-28593\"\/><\/figure><\/div>\n\n\n\n<p>Bare Oaks est situ\u00e9 au nord de Toronto, dans la r\u00e9gion de York. Si la ville de Toronto est de loin la destination la plus connue pr\u00e8s de Bare Oaks, la r\u00e9gion de York elle-m\u00eame offre un nombre incroyable de choses \u00e0 voir et \u00e0 faire.<br>De Toronto \u00e0 la rive sud du lac Simcoe, les 678 miles carr\u00e9s de York offrent une myriade d'exp\u00e9riences et de commodit\u00e9s urbaines et rurales. Des attractions familiales de classe mondiale, dont Paramount Canada's Wonderland et la Collection McMichael d'art canadien, des terrains de golf de premier ordre, des h\u00e9bergements vari\u00e9s et abordables, des salles de r\u00e9union relaxantes, des boutiques pittoresques, des mus\u00e9es et des sites historiques, des sentiers pittoresques et une grande vari\u00e9t\u00e9 de restaurants proposant toutes les cuisines font de York une destination id\u00e9ale pour tout le monde.<\/p>\n\n\n\n<div class=\"wp-block-image is-style-default\"><figure class=\"alignright\"><a href=\"http:\/\/www.yorkregion.com\/whatson\/attractions\"><img loading=\"lazy\" decoding=\"async\" width=\"178\" height=\"56\" src=\"https:\/\/www.bareoaks.ca\/wp-content\/uploads\/2010\/03\/92.png\" alt=\"92\" class=\"wp-image-2303\"\/><\/a><\/figure><\/div>\n\n\n\n<p><a href=\"http:\/\/www.yorktourism.com\/\">Cliquez ici pour plus d'informations sur la r\u00e9gion de York<\/a><\/p>\n\n\n\n<p><a href=\"http:\/\/www.yorkregion.com\/whatson\/attractions\">Cliquez ici pour conna\u00eetre les choses \u00e0 faire dans la r\u00e9gion de York par yorkregion.com<\/a><\/p>\n\n\n\n<hr class=\"wp-block-separator is-style-wide\"\/>\n\n\n\n<h3 class=\"wp-block-heading\">Toronto<\/h3>\n\n\n\n<div class=\"wp-block-image is-style-default\"><figure class=\"alignright\"><img loading=\"lazy\" decoding=\"async\" width=\"395\" height=\"235\" src=\"https:\/\/www.bareoaks.ca\/wp-content\/uploads\/2010\/03\/94-1.png\" alt=\"\" class=\"wp-image-28603\" srcset=\"https:\/\/www.bareoaks.ca\/wp-content\/uploads\/2010\/03\/94-1.png 395w, https:\/\/www.bareoaks.ca\/wp-content\/uploads\/2010\/03\/94-1-300x178.png 300w\" sizes=\"auto, (max-width: 395px) 100vw, 395px\" \/><\/figure><\/div>\n\n\n\n<p><br>\u00c0 seulement 30 minutes au sud de Bare Oaks, Toronto offre toutes les activit\u00e9s culturelles et r\u00e9cr\u00e9atives que l'on attend d'une grande ville sophistiqu\u00e9e.<\/p>\n\n\n\n<p>Toronto est une ville qui r\u00e9unit toutes les merveilles du monde en un seul lieu propre, s\u00fbr et convivial : une sc\u00e8ne th\u00e9\u00e2trale qui ne rivalise qu'avec Londres et New York, plus de 80 cultures du monde entier, des attractions qui vont du grand art \u00e0 la f\u00eate familiale tapageuse, et des services de qualit\u00e9 pour les voyageurs d'affaires. Qu'est-ce qui pourrait am\u00e9liorer tout cela ? Pourquoi ne pas regrouper un grand nombre de nos attractions les plus populaires \u00e0 distance de marche les unes des autres. Dans le centre-ville de Toronto, il suffit d'une courte promenade pour se d\u00e9placer entre des milliers de chambres d'h\u00f4tel, de grandes salles de sport, la Tour CN, les principaux centres de congr\u00e8s, des boutiques \u00e0 n'en plus finir, des th\u00e9\u00e2tres de premier plan, le front de mer et une cuisine inspir\u00e9e. Au-del\u00e0 des quartiers agr\u00e9ables et excentriques de la ville, vous trouverez d'autres attractions fabuleuses, ainsi que la campagne, les chutes du Niagara, une r\u00e9gion viticole et des aventures en plein air, le tout \u00e0 une distance facile \u00e0 parcourir en voiture.<br><a href=\"http:\/\/www.torontotourism.com\/\"><br>Cliquez ici pour plus d'informations sur Toronto<\/a><\/p>\n\n\n\n<hr class=\"wp-block-separator is-style-wide\"\/>\n\n\n\n<h3 class=\"wp-block-heading\">Ontario<\/h3>\n\n\n\n<div class=\"wp-block-image is-style-default\"><figure class=\"alignleft\"><img loading=\"lazy\" decoding=\"async\" width=\"284\" height=\"320\" src=\"https:\/\/www.bareoaks.ca\/wp-content\/uploads\/2010\/03\/95-1.png\" alt=\"\" class=\"wp-image-28613\" srcset=\"https:\/\/www.bareoaks.ca\/wp-content\/uploads\/2010\/03\/95-1.png 284w, https:\/\/www.bareoaks.ca\/wp-content\/uploads\/2010\/03\/95-1-266x300.png 266w\" sizes=\"auto, (max-width: 284px) 100vw, 284px\" \/><\/figure><\/div>\n\n\n\n<p>Bare Oaks est situ\u00e9 dans la province de l'Ontario. Avec environ 1 000 000 de kilom\u00e8tres carr\u00e9s (415 000 miles carr\u00e9s) - une superficie plus grande que la France et l'Espagne r\u00e9unies - et plus de 11 millions d'habitants, l'Ontario est tr\u00e8s vaste, mais la majeure partie de sa population se trouve \u00e0 quelques heures de route de Bare Oaks.<\/p>\n\n\n\n<p>L'Ontario est une \u00e9tude de contrastes. Le paysage vari\u00e9 comprend le vaste Bouclier canadien, rocheux et riche en min\u00e9raux, qui s\u00e9pare les terres agricoles fertiles du sud et les plaines herbeuses du nord.<\/p>\n\n\n\n<p>L'Ontario compte plus de 250 000 lacs, qui repr\u00e9sentent environ un tiers de l'eau douce de la plan\u00e8te.<\/p>\n\n\n\n<p>En \u00e9t\u00e9, les temp\u00e9ratures peuvent d\u00e9passer les 30\u00b0 C (86\u00b0F), tandis qu'en hiver, elles peuvent descendre en dessous de -13\u00b0 C (9\u00b0F).<\/p>\n\n\n\n<p>Les industries de l'Ontario vont de la culture des plantes \u00e0 l'extraction des min\u00e9raux, en passant par la fabrication d'automobiles, la conception de logiciels et de technologies de pointe.<\/p>\n\n\n\n<p>Les cultures du monde entier prosp\u00e8rent et sont c\u00e9l\u00e9br\u00e9es en Ontario par des festivals tels que Caribana (antillais) et Oktoberfest (allemand).<\/p>\n\n\n\n<p>Les voyageurs peuvent profiter des nombreuses exp\u00e9riences que l'Ontario a \u00e0 offrir, qu'il s'agisse d'une exp\u00e9dition en pleine nature dans le nord ou d'une excursion en ville o\u00f9 l'on peut faire du shopping jusqu'\u00e0 ce que l'on tombe dans son si\u00e8ge de cin\u00e9ma.<\/p>\n\n\n\n<p><a href=\"http:\/\/www.ontariotravel.net\/\">Cliquez ici pour plus d'informations sur l'Ontario<\/a><\/p>\n\n\n\n<hr class=\"wp-block-separator is-style-wide\"\/>\n\n\n\n<h3 class=\"wp-block-heading\">Attractions Ontario<\/h3>\n\n\n\n<div class=\"wp-block-image is-style-default\"><figure class=\"alignleft\"><img loading=\"lazy\" decoding=\"async\" width=\"200\" height=\"89\" src=\"https:\/\/www.bareoaks.ca\/wp-content\/uploads\/2010\/03\/attractions-ontario.png\" alt=\"\" class=\"wp-image-28623\"\/><\/figure><\/div>\n\n\n\n<p>Votre site touristique ontarien tout-en-un !  Trouvez des faits sur les meilleures choses \u00e0 faire en Ontario. Nous vous fournissons les renseignements les plus r\u00e9cents sur les nombreux types d'attractions, alors commencez \u00e0 planifier vos prochaines vacances ici m\u00eame. Consultez notre page de recherche pour obtenir une liste des attractions qui vous int\u00e9ressent. Ou cliquez sur nos coupons \u00e9lectroniques pour obtenir des coupons gratuits pour les attractions de l'Ontario. Achetez des billets pour les attractions de l'Ontario.  Si vous pr\u00e9voyez voyager en Ontario, Attractions Ontario est l'endroit o\u00f9 vous trouverez tout ce dont vous avez besoin sur les attractions de l'Ontario.<\/p>\n\n\n\n<p><a href=\"http:\/\/www.AttractionsOntario.ca\" target=\"_blank\" rel=\"noreferrer noopener\">Cliquez ici pour visiter le site web d'Attractions Ontario<\/a><\/p>","protected":false},"excerpt":{"rendered":"<p>Le parc naturiste familial Bare Oaks est situ\u00e9 \u00e0 proximit\u00e9 d'un grand nombre de possibilit\u00e9s de loisirs. Veuillez visiter les sites suivants pour plus d'informations. Naturisme en Ontario Il existe de nombreuses autres possibilit\u00e9s de naturisme\/nudisme en Ontario. Bare Oaks est situ\u00e9 au centre de la plupart d'entre elles. Pour en savoir plus, visitez la page des clubs et des plages de l'Ontario de la F\u00e9d\u00e9ration des Naturistes Canadiens. Sharon, Mount Albert et Newmarket Bare Oaks est officiellement situ\u00e9 dans le village de Sharon et est en fait le plus proche du village de Mount Albert. Les deux font partie de la municipalit\u00e9 d'East Gwillimbury. Ces deux communaut\u00e9s disposent de petites boutiques, de restaurants et d'autres lieux d'int\u00e9r\u00eat. Le plus proche<a class=\"more-link\" href=\"https:\/\/www.bareoaks.ca\/fr\/tourism-information\/\">Lire la suite \u2192<\/a><\/p>","protected":false},"author":73,"featured_media":0,"parent":0,"menu_order":5,"comment_status":"closed","ping_status":"closed","template":"","meta":{"_themeisle_gutenberg_block_has_review":false,"footnotes":""},"class_list":["entry","author-sdeschenes","post-32","page","type-page","status-publish"],"yoast_head":"<!-- This site is optimized with the Yoast SEO plugin v27.4 - https:\/\/yoast.com\/product\/yoast-seo-wordpress\/ -->\n<title>Tourism Information &#8226; Bare Oaks Family Naturist Park<\/title>\n<meta name=\"description\" content=\"Things to do while visiting Bare Oaks Family Naturist Park.\" \/>\n<meta name=\"robots\" content=\"index, follow, max-snippet:-1, max-image-preview:large, max-video-preview:-1\" \/>\n<link rel=\"canonical\" href=\"https:\/\/www.bareoaks.ca\/fr\/tourism-information\/\" \/>\n<meta property=\"og:locale\" content=\"fr_CA\" \/>\n<meta property=\"og:type\" content=\"article\" \/>\n<meta property=\"og:title\" content=\"Tourism Information &#8226; Bare Oaks Family Naturist Park\" \/>\n<meta property=\"og:description\" content=\"Things to do while visiting Bare Oaks Family Naturist Park.\" \/>\n<meta property=\"og:url\" content=\"https:\/\/www.bareoaks.ca\/fr\/tourism-information\/\" \/>\n<meta property=\"og:site_name\" content=\"Bare Oaks Family Naturist Park\" \/>\n<meta property=\"article:publisher\" content=\"https:\/\/www.facebook.com\/BareOaksPark\" \/>\n<meta property=\"article:modified_time\" content=\"2021-12-23T13:55:52+00:00\" \/>\n<meta property=\"og:image\" content=\"https:\/\/www.bareoaks.ca\/wp-content\/uploads\/2010\/03\/ontario-tourism-banner-1.jpg\" \/>\n<meta name=\"twitter:card\" content=\"summary_large_image\" \/>\n<meta name=\"twitter:site\" content=\"@BareOaksPark\" \/>\n<meta name=\"twitter:label1\" content=\"Estimation du temps de lecture\" \/>\n\t<meta name=\"twitter:data1\" content=\"5 minutes\" \/>\n<script type=\"application\/ld+json\" class=\"yoast-schema-graph\">{\"@context\":\"https:\\\/\\\/schema.org\",\"@graph\":[{\"@type\":\"WebPage\",\"@id\":\"https:\\\/\\\/www.bareoaks.ca\\\/tourism-information\\\/\",\"url\":\"https:\\\/\\\/www.bareoaks.ca\\\/tourism-information\\\/\",\"name\":\"Tourism Information &#8226; Bare Oaks Family Naturist Park\",\"isPartOf\":{\"@id\":\"https:\\\/\\\/www.bareoaks.ca\\\/#website\"},\"primaryImageOfPage\":{\"@id\":\"https:\\\/\\\/www.bareoaks.ca\\\/tourism-information\\\/#primaryimage\"},\"image\":{\"@id\":\"https:\\\/\\\/www.bareoaks.ca\\\/tourism-information\\\/#primaryimage\"},\"thumbnailUrl\":\"https:\\\/\\\/www.bareoaks.ca\\\/wp-content\\\/uploads\\\/2010\\\/03\\\/ontario-tourism-banner-1.jpg\",\"datePublished\":\"2010-03-12T19:52:32+00:00\",\"dateModified\":\"2021-12-23T13:55:52+00:00\",\"description\":\"Things to do while visiting Bare Oaks Family Naturist Park.\",\"breadcrumb\":{\"@id\":\"https:\\\/\\\/www.bareoaks.ca\\\/tourism-information\\\/#breadcrumb\"},\"inLanguage\":\"fr-CA\",\"potentialAction\":[{\"@type\":\"ReadAction\",\"target\":[\"https:\\\/\\\/www.bareoaks.ca\\\/tourism-information\\\/\"]}]},{\"@type\":\"ImageObject\",\"inLanguage\":\"fr-CA\",\"@id\":\"https:\\\/\\\/www.bareoaks.ca\\\/tourism-information\\\/#primaryimage\",\"url\":\"https:\\\/\\\/www.bareoaks.ca\\\/wp-content\\\/uploads\\\/2010\\\/03\\\/ontario-tourism-banner-1.jpg\",\"contentUrl\":\"https:\\\/\\\/www.bareoaks.ca\\\/wp-content\\\/uploads\\\/2010\\\/03\\\/ontario-tourism-banner-1.jpg\"},{\"@type\":\"BreadcrumbList\",\"@id\":\"https:\\\/\\\/www.bareoaks.ca\\\/tourism-information\\\/#breadcrumb\",\"itemListElement\":[{\"@type\":\"ListItem\",\"position\":1,\"name\":\"Home\",\"item\":\"https:\\\/\\\/www.bareoaks.ca\\\/\"},{\"@type\":\"ListItem\",\"position\":2,\"name\":\"Tourism Information\"}]},{\"@type\":\"WebSite\",\"@id\":\"https:\\\/\\\/www.bareoaks.ca\\\/#website\",\"url\":\"https:\\\/\\\/www.bareoaks.ca\\\/\",\"name\":\"Bare Oaks Family Naturist Park\",\"description\":\"Traditional naturist values in a modern setting\",\"publisher\":{\"@id\":\"https:\\\/\\\/www.bareoaks.ca\\\/#organization\"},\"potentialAction\":[{\"@type\":\"SearchAction\",\"target\":{\"@type\":\"EntryPoint\",\"urlTemplate\":\"https:\\\/\\\/www.bareoaks.ca\\\/?s={search_term_string}\"},\"query-input\":{\"@type\":\"PropertyValueSpecification\",\"valueRequired\":true,\"valueName\":\"search_term_string\"}}],\"inLanguage\":\"fr-CA\"},{\"@type\":\"Organization\",\"@id\":\"https:\\\/\\\/www.bareoaks.ca\\\/#organization\",\"name\":\"Bare Oaks Family Naturist Park\",\"url\":\"https:\\\/\\\/www.bareoaks.ca\\\/\",\"logo\":{\"@type\":\"ImageObject\",\"inLanguage\":\"fr-CA\",\"@id\":\"https:\\\/\\\/www.bareoaks.ca\\\/#\\\/schema\\\/logo\\\/image\\\/\",\"url\":\"https:\\\/\\\/www.bareoaks.ca\\\/wp-content\\\/uploads\\\/2025\\\/07\\\/BareOaksLogo_website.png\",\"contentUrl\":\"https:\\\/\\\/www.bareoaks.ca\\\/wp-content\\\/uploads\\\/2025\\\/07\\\/BareOaksLogo_website.png\",\"width\":250,\"height\":132,\"caption\":\"Bare Oaks Family Naturist Park\"},\"image\":{\"@id\":\"https:\\\/\\\/www.bareoaks.ca\\\/#\\\/schema\\\/logo\\\/image\\\/\"},\"sameAs\":[\"https:\\\/\\\/www.facebook.com\\\/BareOaksPark\",\"https:\\\/\\\/x.com\\\/BareOaksPark\",\"https:\\\/\\\/www.instagram.com\\\/bareoaks\\\/\",\"http:\\\/\\\/www.linkedin.com\\\/company\\\/bare-oaks-family-naturist-park\",\"https:\\\/\\\/www.youtube.com\\\/user\\\/BareOaks\",\"https:\\\/\\\/en.wikipedia.org\\\/wiki\\\/Bare_Oaks_Family_Naturist_Park\"]}]}<\/script>\n<!-- \/ Yoast SEO plugin. -->","yoast_head_json":{"title":"Informations touristiques - Parc naturiste familial Bare Oaks","description":"Choses \u00e0 faire lors de la visite du Bare Oaks Family Naturist Park.","robots":{"index":"index","follow":"follow","max-snippet":"max-snippet:-1","max-image-preview":"max-image-preview:large","max-video-preview":"max-video-preview:-1"},"canonical":"https:\/\/www.bareoaks.ca\/fr\/tourism-information\/","og_locale":"fr_CA","og_type":"article","og_title":"Tourism Information &#8226; Bare Oaks Family Naturist Park","og_description":"Things to do while visiting Bare Oaks Family Naturist Park.","og_url":"https:\/\/www.bareoaks.ca\/fr\/tourism-information\/","og_site_name":"Bare Oaks Family Naturist Park","article_publisher":"https:\/\/www.facebook.com\/BareOaksPark","article_modified_time":"2021-12-23T13:55:52+00:00","og_image":[{"url":"https:\/\/www.bareoaks.ca\/wp-content\/uploads\/2010\/03\/ontario-tourism-banner-1.jpg","type":"","width":"","height":""}],"twitter_card":"summary_large_image","twitter_site":"@BareOaksPark","twitter_misc":{"Estimation du temps de lecture":"5 minutes"},"schema":{"@context":"https:\/\/schema.org","@graph":[{"@type":"WebPage","@id":"https:\/\/www.bareoaks.ca\/tourism-information\/","url":"https:\/\/www.bareoaks.ca\/tourism-information\/","name":"Informations touristiques - Parc naturiste familial Bare Oaks","isPartOf":{"@id":"https:\/\/www.bareoaks.ca\/#website"},"primaryImageOfPage":{"@id":"https:\/\/www.bareoaks.ca\/tourism-information\/#primaryimage"},"image":{"@id":"https:\/\/www.bareoaks.ca\/tourism-information\/#primaryimage"},"thumbnailUrl":"https:\/\/www.bareoaks.ca\/wp-content\/uploads\/2010\/03\/ontario-tourism-banner-1.jpg","datePublished":"2010-03-12T19:52:32+00:00","dateModified":"2021-12-23T13:55:52+00:00","description":"Choses \u00e0 faire lors de la visite du Bare Oaks Family Naturist Park.","breadcrumb":{"@id":"https:\/\/www.bareoaks.ca\/tourism-information\/#breadcrumb"},"inLanguage":"fr-CA","potentialAction":[{"@type":"ReadAction","target":["https:\/\/www.bareoaks.ca\/tourism-information\/"]}]},{"@type":"ImageObject","inLanguage":"fr-CA","@id":"https:\/\/www.bareoaks.ca\/tourism-information\/#primaryimage","url":"https:\/\/www.bareoaks.ca\/wp-content\/uploads\/2010\/03\/ontario-tourism-banner-1.jpg","contentUrl":"https:\/\/www.bareoaks.ca\/wp-content\/uploads\/2010\/03\/ontario-tourism-banner-1.jpg"},{"@type":"BreadcrumbList","@id":"https:\/\/www.bareoaks.ca\/tourism-information\/#breadcrumb","itemListElement":[{"@type":"ListItem","position":1,"name":"Home","item":"https:\/\/www.bareoaks.ca\/"},{"@type":"ListItem","position":2,"name":"Tourism Information"}]},{"@type":"WebSite","@id":"https:\/\/www.bareoaks.ca\/#website","url":"https:\/\/www.bareoaks.ca\/","name":"Parc naturiste familial Bare Oaks","description":"Des valeurs naturistes traditionnelles dans un cadre moderne","publisher":{"@id":"https:\/\/www.bareoaks.ca\/#organization"},"potentialAction":[{"@type":"SearchAction","target":{"@type":"EntryPoint","urlTemplate":"https:\/\/www.bareoaks.ca\/?s={search_term_string}"},"query-input":{"@type":"PropertyValueSpecification","valueRequired":true,"valueName":"search_term_string"}}],"inLanguage":"fr-CA"},{"@type":"Organization","@id":"https:\/\/www.bareoaks.ca\/#organization","name":"Parc naturiste familial Bare Oaks","url":"https:\/\/www.bareoaks.ca\/","logo":{"@type":"ImageObject","inLanguage":"fr-CA","@id":"https:\/\/www.bareoaks.ca\/#\/schema\/logo\/image\/","url":"https:\/\/www.bareoaks.ca\/wp-content\/uploads\/2025\/07\/BareOaksLogo_website.png","contentUrl":"https:\/\/www.bareoaks.ca\/wp-content\/uploads\/2025\/07\/BareOaksLogo_website.png","width":250,"height":132,"caption":"Bare Oaks Family Naturist Park"},"image":{"@id":"https:\/\/www.bareoaks.ca\/#\/schema\/logo\/image\/"},"sameAs":["https:\/\/www.facebook.com\/BareOaksPark","https:\/\/x.com\/BareOaksPark","https:\/\/www.instagram.com\/bareoaks\/","http:\/\/www.linkedin.com\/company\/bare-oaks-family-naturist-park","https:\/\/www.youtube.com\/user\/BareOaks","https:\/\/en.wikipedia.org\/wiki\/Bare_Oaks_Family_Naturist_Park"]}]}},"_links":{"self":[{"href":"https:\/\/www.bareoaks.ca\/fr\/wp-json\/wp\/v2\/pages\/32","targetHints":{"allow":["GET"]}}],"collection":[{"href":"https:\/\/www.bareoaks.ca\/fr\/wp-json\/wp\/v2\/pages"}],"about":[{"href":"https:\/\/www.bareoaks.ca\/fr\/wp-json\/wp\/v2\/types\/page"}],"author":[{"embeddable":true,"href":"https:\/\/www.bareoaks.ca\/fr\/wp-json\/wp\/v2\/users\/73"}],"replies":[{"embeddable":true,"href":"https:\/\/www.bareoaks.ca\/fr\/wp-json\/wp\/v2\/comments?post=32"}],"version-history":[{"count":11,"href":"https:\/\/www.bareoaks.ca\/fr\/wp-json\/wp\/v2\/pages\/32\/revisions"}],"predecessor-version":[{"id":72367,"href":"https:\/\/www.bareoaks.ca\/fr\/wp-json\/wp\/v2\/pages\/32\/revisions\/72367"}],"wp:attachment":[{"href":"https:\/\/www.bareoaks.ca\/fr\/wp-json\/wp\/v2\/media?parent=32"}],"curies":[{"name":"wp","href":"https:\/\/api.w.org\/{rel}","templated":true}]}}