{"id":4,"date":"2010-03-02T22:08:22","date_gmt":"2010-03-03T03:08:22","guid":{"rendered":"http:\/\/ww1.bareoaks.ca\/?page_id=4"},"modified":"2024-07-12T22:10:51","modified_gmt":"2024-07-13T02:10:51","slug":"accommodations","status":"publish","type":"page","link":"https:\/\/www.bareoaks.ca\/fr\/accommodations\/","title":{"rendered":"H\u00e9bergement"},"content":{"rendered":"<div class=\"wp-block-image is-style-default\">\n<figure class=\"aligncenter\"><img loading=\"lazy\" decoding=\"async\" width=\"1040\" height=\"250\" src=\"https:\/\/www.bareoaks.ca\/wp-content\/uploads\/2010\/03\/cozy-cabins-outside-1040x250-1.jpg\" alt=\"\" class=\"wp-image-27743\" srcset=\"https:\/\/www.bareoaks.ca\/wp-content\/uploads\/2010\/03\/cozy-cabins-outside-1040x250-1.jpg 1040w, https:\/\/www.bareoaks.ca\/wp-content\/uploads\/2010\/03\/cozy-cabins-outside-1040x250-1-300x72.jpg 300w, https:\/\/www.bareoaks.ca\/wp-content\/uploads\/2010\/03\/cozy-cabins-outside-1040x250-1-768x185.jpg 768w, https:\/\/www.bareoaks.ca\/wp-content\/uploads\/2010\/03\/cozy-cabins-outside-1040x250-1-1024x246.jpg 1024w, https:\/\/www.bareoaks.ca\/wp-content\/uploads\/2010\/03\/cozy-cabins-outside-1040x250-1-425x102.jpg 425w\" sizes=\"auto, (max-width: 1040px) 100vw, 1040px\" \/><\/figure>\n<\/div>\n\n\n<p class=\"has-text-align-center\">La plupart de nos membres n'utilisent Bare Oaks qu'\u00e0 la journ\u00e9e, mais pour ceux qui souhaitent une escapade plus longue et pour les visiteurs ext\u00e9rieurs \u00e0 la ville, nous proposons plusieurs types d'h\u00e9bergement.<\/p>\n\n\n\n<h3 class=\"wp-block-heading\">Chambres d'h\u00f4tes<\/h3>\n\n\n<div class=\"wp-block-image is-style-default\">\n<figure class=\"alignleft\"><img loading=\"lazy\" decoding=\"async\" width=\"250\" height=\"250\" src=\"https:\/\/www.bareoaks.ca\/wp-content\/uploads\/2010\/03\/GuestRooms.jpg\" alt=\"\" class=\"wp-image-27693\" srcset=\"https:\/\/www.bareoaks.ca\/wp-content\/uploads\/2010\/03\/GuestRooms.jpg 250w, https:\/\/www.bareoaks.ca\/wp-content\/uploads\/2010\/03\/GuestRooms-150x150.jpg 150w\" sizes=\"auto, (max-width: 250px) 100vw, 250px\" \/><\/figure>\n<\/div>\n\n\n<p class=\"has-text-align-left\">Notre clubhouse principal dispose de 5 chambres confortables qui sont disponibles tout au long de l'ann\u00e9e. Il y a 4 chambres Queen avec un lit queen-size et des toilettes communes. Nous disposons \u00e9galement d'une chambre King avec un lit king-size et une salle de bain priv\u00e9e. Chaque chambre comprend<\/p>\n\n\n\n<ul class=\"wp-block-list\">\n<li>Cafeti\u00e8re \u00e0 dosettes avec fournitures (th\u00e9 et caf\u00e9)<\/li>\n\n\n\n<li>TV HD<\/li>\n\n\n\n<li>Petit r\u00e9frig\u00e9rateur<\/li>\n\n\n\n<li>Linge de maison (draps et serviettes)<\/li>\n<\/ul>\n\n\n\n<div style=\"height:10px\" aria-hidden=\"true\" class=\"wp-block-spacer\"><\/div>\n\n\n\n<iframe src=\"https:\/\/www.google.com\/maps\/embed?pb=!4v1653487425479!6m8!1m7!1sCAoSLEFGMVFpcE03YURtakQ4Nm1uZmhLNFVnbjQ3RE95LXNxQzZsOGZBM2V1Q0Fx!2m2!1d44.1486308!2d-79.3722507!3f68.75!4f-5.269999999999996!5f0.7820865974627469\" width=\"600\" height=\"450\" style=\"border:0;\" allowfullscreen=\"\" loading=\"lazy\" referrerpolicy=\"no-referrer-when-downgrade\"><\/iframe>\n\n\n\n<h3 class=\"wp-block-heading\">Location de cabines<\/h3>\n\n\n<div class=\"wp-block-image is-style-default\">\n<figure class=\"alignleft\"><img loading=\"lazy\" decoding=\"async\" width=\"250\" height=\"250\" src=\"https:\/\/www.bareoaks.ca\/wp-content\/uploads\/2010\/03\/cabin-1.jpg\" alt=\"\" class=\"wp-image-27703\" srcset=\"https:\/\/www.bareoaks.ca\/wp-content\/uploads\/2010\/03\/cabin-1.jpg 250w, https:\/\/www.bareoaks.ca\/wp-content\/uploads\/2010\/03\/cabin-1-150x150.jpg 150w\" sizes=\"auto, (max-width: 250px) 100vw, 250px\" \/><\/figure>\n<\/div>\n\n\n<p class=\"has-text-align-left\">Nous disposons de plusieurs chalets \u00e0 louer.<\/p>\n\n\n\n<p class=\"has-text-align-left\"><a title=\"Location de remorques\" href=\"\/fr\/cabins\/\">Cliquez ici pour plus de d\u00e9tails sur la location des cabines.<\/a><\/p>\n\n\n\n<p><\/p>\n\n\n\n<h3 class=\"wp-block-heading\">&nbsp;<\/h3>\n\n\n\n<div style=\"height:10px\" aria-hidden=\"true\" class=\"wp-block-spacer\"><\/div>\n\n\n\n<h3 class=\"wp-block-heading\">Campings am\u00e9nag\u00e9s<\/h3>\n\n\n<div class=\"wp-block-image is-style-default\">\n<figure class=\"alignleft\"><img loading=\"lazy\" decoding=\"async\" width=\"250\" height=\"250\" src=\"https:\/\/www.bareoaks.ca\/wp-content\/uploads\/2010\/03\/serviced-campsite-1-1.jpg\" alt=\"\" class=\"wp-image-27723\" srcset=\"https:\/\/www.bareoaks.ca\/wp-content\/uploads\/2010\/03\/serviced-campsite-1-1.jpg 250w, https:\/\/www.bareoaks.ca\/wp-content\/uploads\/2010\/03\/serviced-campsite-1-1-150x150.jpg 150w\" sizes=\"auto, (max-width: 250px) 100vw, 250px\" \/><\/figure>\n<\/div>\n\n\n<p class=\"has-text-align-left\">Nous avons des campings 3 services (eau, \u00e9lectricit\u00e9 et \u00e9gouts) et des campings 2 services (eau et \u00e9lectricit\u00e9). Les emplacements 3-services sont situ\u00e9s \u00e0 Helios Circle tandis que les emplacements 2-services se trouvent dans la zone de Beckett Circle. Les campeurs 2 services peuvent utiliser les toilettes \u00e0 chasse d'eau et les douches chaudes de la station de confort. Pour les campeurs en camping-car qui pr\u00e9f\u00e8rent utiliser leurs propres installations, une station de vidange est \u00e9galement disponible.<\/p>\n\n\n\n<p class=\"has-text-align-left\"><a href=\"\/fr\/camping-regulations\/\">Cliquez ici pour consulter notre r\u00e8glement sp\u00e9cifique aux campings.<\/a><\/p>\n\n\n\n<div style=\"height:9px\" aria-hidden=\"true\" class=\"wp-block-spacer\"><\/div>\n\n\n\n<h3 class=\"wp-block-heading\">Camps de tentes<\/h3>\n\n\n\n<p>Avec ses 50 acres, Bare Oaks dispose d'un espace presque illimit\u00e9 pour le camping de tentes \u00e0 faible impact. Les emplacements de tentes ne sont pas \u00e9quip\u00e9s de services (certains emplacements peuvent \u00eatre suffisamment proches d'une prise \u00e9lectrique pour y brancher une rallonge) et les v\u00e9hicules ne peuvent pas \u00eatre gar\u00e9s \u00e0 proximit\u00e9 de la tente. Toutefois, certains emplacements de tentes peuvent offrir un cadre naturel enchanteur et une intimit\u00e9 sans pareille.<\/p>\n\n\n<div class=\"wp-block-image is-style-default\">\n<figure class=\"alignleft\"><img loading=\"lazy\" decoding=\"async\" width=\"250\" height=\"250\" src=\"https:\/\/www.bareoaks.ca\/wp-content\/uploads\/2010\/03\/tent-campsite-1.jpg\" alt=\"\" class=\"wp-image-27733\" srcset=\"https:\/\/www.bareoaks.ca\/wp-content\/uploads\/2010\/03\/tent-campsite-1.jpg 250w, https:\/\/www.bareoaks.ca\/wp-content\/uploads\/2010\/03\/tent-campsite-1-150x150.jpg 150w\" sizes=\"auto, (max-width: 250px) 100vw, 250px\" \/><\/figure>\n<\/div>\n\n\n<p>Il existe plusieurs types de campings :<\/p>\n\n\n\n<ul class=\"wp-block-list\">\n<li><strong>Camping non am\u00e9nag\u00e9 avec v\u00e9hicule<\/strong> - Vous campez avec votre v\u00e9hicule sur le terrain de Glen Echo. Le sol est suffisamment dur pour supporter les voitures et les camions.<\/li>\n\n\n\n<li><strong>Camping sur pelouse<\/strong> - Vous pouvez choisir un emplacement de camping sur les pelouses qui entourent nos \u00e9tangs. L'emplacement sera relativement proche des toilettes et des douches.<\/li>\n\n\n\n<li><strong>Camping en for\u00eat<\/strong> - Il s'agit d'un camping sauvage dans notre for\u00eat intacte. Vous serez entour\u00e9 par la nature et, selon le site que vous choisirez, vous serez presque compl\u00e8tement isol\u00e9. L'inconv\u00e9nient est que vous serez loin de la plupart des commodit\u00e9s.<\/li>\n\n\n\n<li><strong>Location de mat\u00e9riel de camping <\/strong>- Vous pouvez louer tout le mat\u00e9riel de camping n\u00e9cessaire \u00e0 votre s\u00e9jour. Nos amis de <a href=\"https:\/\/CampRentique.ca?sca_ref=5944720.IdHV83pcph\">Camp Rentique<\/a> livrera tout le mat\u00e9riel \u00e0 votre porte la veille de votre voyage et le r\u00e9cup\u00e9rera le lendemain de votre retour. R\u00e9servez du mat\u00e9riel de camping : <a href=\"https:\/\/CampRentique.ca?sca_ref=5944720.IdHV83pcph\">https:\/\/CampRentique.ca<\/a><\/li>\n<\/ul>\n\n\n\n<p><a href=\"\/fr\/camping-regulations\/\">Cliquez ici pour consulter notre r\u00e8glement sp\u00e9cifique aux campings.<\/a><\/p>\n\n\n\n<hr class=\"wp-block-separator has-css-opacity is-style-wide\"\/>\n\n\n\n<h3 class=\"wp-block-heading\">Tarifs<\/h3>\n\n\n\n<p class=\"has-text-align-left\">S'il vous pla\u00eet <a href=\"\/fr\/rates\/\" target=\"_self\" rel=\"noopener noreferrer\">visitez notre page de tarifs<\/a>.<\/p>\n\n\n\n<h3 class=\"wp-block-heading\">R\u00e9servations<\/h3>\n\n\n\n<p class=\"has-text-align-left\">La r\u00e9servation n'est pas obligatoire, mais elle est recommand\u00e9e. Les chambres d'h\u00f4tes, les caravanes de location et les campings am\u00e9nag\u00e9s sont parfois complets. <\/p>\n\n\n\n<p>Pour r\u00e9server : <a href=\"https:\/\/www.bareoaks.ca\/fr\/reservations\/\">BareOaks.ca\/r\u00e9servations\/<\/a><\/p>\n\n\n\n<div class=\"wp-block-buttons is-layout-flex wp-block-buttons-is-layout-flex\">\n<div class=\"wp-block-button\"><a class=\"wp-block-button__link has-vivid-red-background-color has-background wp-element-button\" href=\"https:\/\/www.camplife.com\/BareOaks\/reservation\/step1\">R\u00e9servations<\/a><\/div>\n<\/div>\n\n\n\n<div class=\"wp-block-columns has-accent-font-background-color has-background is-layout-flex wp-container-core-columns-is-layout-9d6595d7 wp-block-columns-is-layout-flex\">\n<div class=\"wp-block-column is-layout-flow wp-block-column-is-layout-flow\">\n<figure class=\"wp-block-image size-large is-style-default\"><a href=\"https:\/\/www.bareoaks.ca\/fr\/?page_id=4\"><img loading=\"lazy\" decoding=\"async\" width=\"145\" height=\"145\" src=\"https:\/\/www.bareoaks.ca\/wp-content\/uploads\/2010\/08\/icon-accommodations.jpg\" alt=\"\" class=\"wp-image-27253\"\/><\/a><figcaption class=\"wp-element-caption\"><a href=\"\/fr\/?page_id=4\">H\u00e9bergement<\/a><\/figcaption><\/figure>\n<\/div>\n\n\n\n<div class=\"wp-block-column is-layout-flow wp-block-column-is-layout-flow\">\n<figure class=\"wp-block-image size-large is-style-default\"><a href=\"https:\/\/www.bareoaks.ca\/fr\/?page_id=3\"><img loading=\"lazy\" decoding=\"async\" width=\"145\" height=\"145\" src=\"https:\/\/www.bareoaks.ca\/wp-content\/uploads\/2010\/08\/icon-amenities.jpg\" alt=\"\" class=\"wp-image-27263\"\/><\/a><figcaption class=\"wp-element-caption\"><a href=\"\/fr\/?page_id=3\">Am\u00e9nagements<\/a><\/figcaption><\/figure>\n<\/div>\n\n\n\n<div class=\"wp-block-column is-layout-flow wp-block-column-is-layout-flow\">\n<figure class=\"wp-block-image size-large is-style-default\"><a href=\"https:\/\/www.bareoaks.ca\/fr\/?page_id=7\"><img loading=\"lazy\" decoding=\"async\" width=\"145\" height=\"145\" src=\"https:\/\/www.bareoaks.ca\/wp-content\/uploads\/2010\/08\/icon-bare-bistro-restaurant.jpg\" alt=\"\" class=\"wp-image-27273\"\/><\/a><figcaption class=\"wp-element-caption\"><a href=\"\/fr\/?page_id=7\">Restaurant Bare Bistro<\/a><\/figcaption><\/figure>\n<\/div>\n\n\n\n<div class=\"wp-block-column is-layout-flow wp-block-column-is-layout-flow\">\n<figure class=\"wp-block-image size-large is-style-default\"><a href=\"http:\/\/www.bareboutique.ca\/\"><img loading=\"lazy\" decoding=\"async\" width=\"145\" height=\"145\" src=\"https:\/\/www.bareoaks.ca\/wp-content\/uploads\/2010\/08\/icon-bare-boutique.jpg\" alt=\"\" class=\"wp-image-27283\"\/><\/a><figcaption class=\"wp-element-caption\"><a href=\"http:\/\/www.bareboutique.ca\/\">Bare Boutique<\/a><\/figcaption><\/figure>\n<\/div>\n\n\n\n<div class=\"wp-block-column is-layout-flow wp-block-column-is-layout-flow\">\n<figure class=\"wp-block-image size-large is-style-default\"><a href=\"https:\/\/www.bareoaks.ca\/fr\/?page_id=6\"><img loading=\"lazy\" decoding=\"async\" width=\"145\" height=\"145\" src=\"https:\/\/www.bareoaks.ca\/wp-content\/uploads\/2010\/08\/icon-camping-regulations.jpg\" alt=\"\" class=\"wp-image-27293\"\/><\/a><figcaption class=\"wp-element-caption\"><a href=\"\/fr\/?page_id=6\">R\u00e8glement du camping<\/a><\/figcaption><\/figure>\n<\/div>\n\n\n\n<div class=\"wp-block-column is-layout-flow wp-block-column-is-layout-flow\">\n<figure class=\"wp-block-image size-large is-style-default\"><a href=\"https:\/\/www.bareoaks.ca\/fr\/?page_id=25203\"><img loading=\"lazy\" decoding=\"async\" width=\"145\" height=\"145\" src=\"https:\/\/www.bareoaks.ca\/wp-content\/uploads\/2010\/08\/icon-history.jpg\" alt=\"\" class=\"wp-image-27303\"\/><\/a><figcaption class=\"wp-element-caption\"><a href=\"\/fr\/?page_id=25203\">Informations historiques<\/a><\/figcaption><\/figure>\n<\/div>\n<\/div>\n\n\n\n<div class=\"wp-block-columns has-accent-font-background-color has-background is-layout-flex wp-container-core-columns-is-layout-9d6595d7 wp-block-columns-is-layout-flex\">\n<div class=\"wp-block-column is-layout-flow wp-block-column-is-layout-flow\">\n<figure class=\"wp-block-image size-large is-style-default\"><a href=\"https:\/\/www.bareoaks.ca\/fr\/?page_id=8\"><img loading=\"lazy\" decoding=\"async\" width=\"145\" height=\"145\" src=\"https:\/\/www.bareoaks.ca\/wp-content\/uploads\/2010\/08\/icon-policies-regulations.jpg\" alt=\"\" class=\"wp-image-27313\"\/><\/a><figcaption class=\"wp-element-caption\"><a href=\"\/fr\/member-and-visitor-agreement\/\">Politiques et r\u00e8glements<\/a><\/figcaption><\/figure>\n<\/div>\n\n\n\n<div class=\"wp-block-column is-layout-flow wp-block-column-is-layout-flow\">\n<figure class=\"wp-block-image size-large is-style-default\"><a href=\"https:\/\/www.bareoaks.ca\/fr\/?page_id=5\"><img loading=\"lazy\" decoding=\"async\" width=\"145\" height=\"145\" src=\"https:\/\/www.bareoaks.ca\/wp-content\/uploads\/2010\/08\/icon-rates.jpg\" alt=\"\" class=\"wp-image-27323\"\/><\/a><figcaption class=\"wp-element-caption\"><a href=\"\/fr\/?page_id=5\">Tarifs<\/a><\/figcaption><\/figure>\n<\/div>\n\n\n\n<div class=\"wp-block-column is-layout-flow wp-block-column-is-layout-flow\">\n<figure class=\"wp-block-image size-large is-style-default\"><a href=\"https:\/\/www.bareoaks.ca\/fr\/?page_id=32\"><img loading=\"lazy\" decoding=\"async\" width=\"145\" height=\"145\" src=\"https:\/\/www.bareoaks.ca\/wp-content\/uploads\/2010\/08\/icon-tourism.jpg\" alt=\"\" class=\"wp-image-27333\"\/><\/a><figcaption class=\"wp-element-caption\"><a href=\"\/fr\/?page_id=32\">Informations touristiques<\/a><\/figcaption><\/figure>\n\n\n\n<p><\/p>\n<\/div>\n\n\n\n<div class=\"wp-block-column is-layout-flow wp-block-column-is-layout-flow\">\n<figure class=\"wp-block-image size-large is-style-default\"><a href=\"https:\/\/www.bareoaks.ca\/fr\/?page_id=20\"><img loading=\"lazy\" decoding=\"async\" width=\"145\" height=\"145\" src=\"https:\/\/www.bareoaks.ca\/wp-content\/uploads\/2010\/08\/icon-trailer-sale.jpg\" alt=\"\" class=\"wp-image-27343\"\/><\/a><figcaption class=\"wp-element-caption\"><a href=\"\/fr\/?page_id=20\">Vente de remorques<\/a><\/figcaption><\/figure>\n<\/div>\n\n\n\n<div class=\"wp-block-column is-layout-flow wp-block-column-is-layout-flow\">\n<figure class=\"wp-block-image size-large is-style-default\"><a href=\"https:\/\/www.bareoaks.ca\/fr\/?page_id=9\"><img loading=\"lazy\" decoding=\"async\" width=\"145\" height=\"145\" src=\"https:\/\/www.bareoaks.ca\/wp-content\/uploads\/2010\/08\/icon-why-nude.jpg\" alt=\"\" class=\"wp-image-27353\"\/><\/a><figcaption class=\"wp-element-caption\"><a href=\"\/fr\/?page_id=9\">Pourquoi la nudit\u00e9 est-elle n\u00e9cessaire ?<\/a><\/figcaption><\/figure>\n<\/div>\n<\/div>","protected":false},"excerpt":{"rendered":"<p>La plupart de nos membres n'utilisent Bare Oaks qu'\u00e0 la journ\u00e9e, mais pour ceux qui souhaitent une escapade plus longue et pour les visiteurs de l'ext\u00e9rieur, nous proposons plusieurs types d'h\u00e9bergement. Chambres d'h\u00f4tes Notre clubhouse principal dispose de 5 chambres d'h\u00f4tes confortables qui sont disponibles tout au long de l'ann\u00e9e. Il y a 4 chambres Queen avec un grand lit et des toilettes communes. Nous disposons \u00e9galement d'une chambre King avec un lit king-size et une salle de bain priv\u00e9e. Chaque chambre comprend : Location de cabines Nous avons plusieurs cabines \u00e0 louer. Cliquez ici pour plus d'informations sur les cabines de location.   Campings avec services Nous avons des campings avec 3 services (eau, \u00e9lectricit\u00e9 et \u00e9gouts) et des campings avec 2 services (eau et \u00e9lectricit\u00e9).<a class=\"more-link\" href=\"https:\/\/www.bareoaks.ca\/fr\/accommodations\/\">Lire la suite \u2192<\/a><\/p>","protected":false},"author":73,"featured_media":24153,"parent":0,"menu_order":21,"comment_status":"closed","ping_status":"closed","template":"","meta":{"_themeisle_gutenberg_block_has_review":false,"footnotes":""},"class_list":["entry","author-sdeschenes","post-4","page","type-page","status-publish","has-post-thumbnail"],"yoast_head":"<!-- This site is optimized with the Yoast SEO plugin v27.4 - https:\/\/yoast.com\/product\/yoast-seo-wordpress\/ -->\n<title>Accommodations &#8226; Bare Oaks Family Naturist Park<\/title>\n<meta name=\"description\" content=\"Accommodation options at Bare Oaks Family Naturist Park.\" \/>\n<meta name=\"robots\" content=\"index, follow, max-snippet:-1, max-image-preview:large, max-video-preview:-1\" \/>\n<link rel=\"canonical\" href=\"https:\/\/www.bareoaks.ca\/fr\/accommodations\/\" \/>\n<meta property=\"og:locale\" content=\"fr_CA\" \/>\n<meta property=\"og:type\" content=\"article\" \/>\n<meta property=\"og:title\" content=\"Accommodations &#8226; Bare Oaks Family Naturist Park\" \/>\n<meta property=\"og:description\" content=\"Accommodation options at Bare Oaks Family Naturist Park.\" \/>\n<meta property=\"og:url\" content=\"https:\/\/www.bareoaks.ca\/fr\/accommodations\/\" \/>\n<meta property=\"og:site_name\" content=\"Bare Oaks Family Naturist Park\" \/>\n<meta property=\"article:publisher\" content=\"https:\/\/www.facebook.com\/BareOaksPark\" \/>\n<meta property=\"article:modified_time\" content=\"2024-07-13T02:10:51+00:00\" \/>\n<meta property=\"og:image\" content=\"https:\/\/www.bareoaks.ca\/wp-content\/uploads\/2011\/07\/placeholder.project-e1486474123464.png\" \/>\n\t<meta property=\"og:image:width\" content=\"128\" \/>\n\t<meta property=\"og:image:height\" content=\"128\" \/>\n\t<meta property=\"og:image:type\" content=\"image\/png\" \/>\n<meta name=\"twitter:card\" content=\"summary_large_image\" \/>\n<meta name=\"twitter:site\" content=\"@BareOaksPark\" \/>\n<meta name=\"twitter:label1\" content=\"Estimation du temps de lecture\" \/>\n\t<meta name=\"twitter:data1\" content=\"6 minutes\" \/>\n<script type=\"application\/ld+json\" class=\"yoast-schema-graph\">{\"@context\":\"https:\\\/\\\/schema.org\",\"@graph\":[{\"@type\":\"WebPage\",\"@id\":\"https:\\\/\\\/www.bareoaks.ca\\\/accommodations\\\/\",\"url\":\"https:\\\/\\\/www.bareoaks.ca\\\/accommodations\\\/\",\"name\":\"Accommodations &#8226; Bare Oaks Family Naturist Park\",\"isPartOf\":{\"@id\":\"https:\\\/\\\/www.bareoaks.ca\\\/#website\"},\"primaryImageOfPage\":{\"@id\":\"https:\\\/\\\/www.bareoaks.ca\\\/accommodations\\\/#primaryimage\"},\"image\":{\"@id\":\"https:\\\/\\\/www.bareoaks.ca\\\/accommodations\\\/#primaryimage\"},\"thumbnailUrl\":\"https:\\\/\\\/www.bareoaks.ca\\\/wp-content\\\/uploads\\\/2011\\\/07\\\/placeholder.project-e1486474123464.png\",\"datePublished\":\"2010-03-03T03:08:22+00:00\",\"dateModified\":\"2024-07-13T02:10:51+00:00\",\"description\":\"Accommodation options at Bare Oaks Family Naturist Park.\",\"breadcrumb\":{\"@id\":\"https:\\\/\\\/www.bareoaks.ca\\\/accommodations\\\/#breadcrumb\"},\"inLanguage\":\"fr-CA\",\"potentialAction\":[{\"@type\":\"ReadAction\",\"target\":[\"https:\\\/\\\/www.bareoaks.ca\\\/accommodations\\\/\"]}]},{\"@type\":\"ImageObject\",\"inLanguage\":\"fr-CA\",\"@id\":\"https:\\\/\\\/www.bareoaks.ca\\\/accommodations\\\/#primaryimage\",\"url\":\"https:\\\/\\\/www.bareoaks.ca\\\/wp-content\\\/uploads\\\/2011\\\/07\\\/placeholder.project-e1486474123464.png\",\"contentUrl\":\"https:\\\/\\\/www.bareoaks.ca\\\/wp-content\\\/uploads\\\/2011\\\/07\\\/placeholder.project-e1486474123464.png\",\"width\":128,\"height\":128,\"caption\":\"test test test test test tse tset set set set set\"},{\"@type\":\"BreadcrumbList\",\"@id\":\"https:\\\/\\\/www.bareoaks.ca\\\/accommodations\\\/#breadcrumb\",\"itemListElement\":[{\"@type\":\"ListItem\",\"position\":1,\"name\":\"Home\",\"item\":\"https:\\\/\\\/www.bareoaks.ca\\\/\"},{\"@type\":\"ListItem\",\"position\":2,\"name\":\"Accommodations\"}]},{\"@type\":\"WebSite\",\"@id\":\"https:\\\/\\\/www.bareoaks.ca\\\/#website\",\"url\":\"https:\\\/\\\/www.bareoaks.ca\\\/\",\"name\":\"Bare Oaks Family Naturist Park\",\"description\":\"Traditional naturist values in a modern setting\",\"publisher\":{\"@id\":\"https:\\\/\\\/www.bareoaks.ca\\\/#organization\"},\"potentialAction\":[{\"@type\":\"SearchAction\",\"target\":{\"@type\":\"EntryPoint\",\"urlTemplate\":\"https:\\\/\\\/www.bareoaks.ca\\\/?s={search_term_string}\"},\"query-input\":{\"@type\":\"PropertyValueSpecification\",\"valueRequired\":true,\"valueName\":\"search_term_string\"}}],\"inLanguage\":\"fr-CA\"},{\"@type\":\"Organization\",\"@id\":\"https:\\\/\\\/www.bareoaks.ca\\\/#organization\",\"name\":\"Bare Oaks Family Naturist Park\",\"url\":\"https:\\\/\\\/www.bareoaks.ca\\\/\",\"logo\":{\"@type\":\"ImageObject\",\"inLanguage\":\"fr-CA\",\"@id\":\"https:\\\/\\\/www.bareoaks.ca\\\/#\\\/schema\\\/logo\\\/image\\\/\",\"url\":\"https:\\\/\\\/www.bareoaks.ca\\\/wp-content\\\/uploads\\\/2025\\\/07\\\/BareOaksLogo_website.png\",\"contentUrl\":\"https:\\\/\\\/www.bareoaks.ca\\\/wp-content\\\/uploads\\\/2025\\\/07\\\/BareOaksLogo_website.png\",\"width\":250,\"height\":132,\"caption\":\"Bare Oaks Family Naturist Park\"},\"image\":{\"@id\":\"https:\\\/\\\/www.bareoaks.ca\\\/#\\\/schema\\\/logo\\\/image\\\/\"},\"sameAs\":[\"https:\\\/\\\/www.facebook.com\\\/BareOaksPark\",\"https:\\\/\\\/x.com\\\/BareOaksPark\",\"https:\\\/\\\/www.instagram.com\\\/bareoaks\\\/\",\"http:\\\/\\\/www.linkedin.com\\\/company\\\/bare-oaks-family-naturist-park\",\"https:\\\/\\\/www.youtube.com\\\/user\\\/BareOaks\",\"https:\\\/\\\/en.wikipedia.org\\\/wiki\\\/Bare_Oaks_Family_Naturist_Park\"]}]}<\/script>\n<!-- \/ Yoast SEO plugin. -->","yoast_head_json":{"title":"H\u00e9bergement - Parc naturiste familial Bare Oaks","description":"Options d'h\u00e9bergement au Bare Oaks Family Naturist Park.","robots":{"index":"index","follow":"follow","max-snippet":"max-snippet:-1","max-image-preview":"max-image-preview:large","max-video-preview":"max-video-preview:-1"},"canonical":"https:\/\/www.bareoaks.ca\/fr\/accommodations\/","og_locale":"fr_CA","og_type":"article","og_title":"Accommodations &#8226; Bare Oaks Family Naturist Park","og_description":"Accommodation options at Bare Oaks Family Naturist Park.","og_url":"https:\/\/www.bareoaks.ca\/fr\/accommodations\/","og_site_name":"Bare Oaks Family Naturist Park","article_publisher":"https:\/\/www.facebook.com\/BareOaksPark","article_modified_time":"2024-07-13T02:10:51+00:00","og_image":[{"width":128,"height":128,"url":"https:\/\/www.bareoaks.ca\/wp-content\/uploads\/2011\/07\/placeholder.project-e1486474123464.png","type":"image\/png"}],"twitter_card":"summary_large_image","twitter_site":"@BareOaksPark","twitter_misc":{"Estimation du temps de lecture":"6 minutes"},"schema":{"@context":"https:\/\/schema.org","@graph":[{"@type":"WebPage","@id":"https:\/\/www.bareoaks.ca\/accommodations\/","url":"https:\/\/www.bareoaks.ca\/accommodations\/","name":"H\u00e9bergement - Parc naturiste familial Bare Oaks","isPartOf":{"@id":"https:\/\/www.bareoaks.ca\/#website"},"primaryImageOfPage":{"@id":"https:\/\/www.bareoaks.ca\/accommodations\/#primaryimage"},"image":{"@id":"https:\/\/www.bareoaks.ca\/accommodations\/#primaryimage"},"thumbnailUrl":"https:\/\/www.bareoaks.ca\/wp-content\/uploads\/2011\/07\/placeholder.project-e1486474123464.png","datePublished":"2010-03-03T03:08:22+00:00","dateModified":"2024-07-13T02:10:51+00:00","description":"Options d'h\u00e9bergement au Bare Oaks Family Naturist Park.","breadcrumb":{"@id":"https:\/\/www.bareoaks.ca\/accommodations\/#breadcrumb"},"inLanguage":"fr-CA","potentialAction":[{"@type":"ReadAction","target":["https:\/\/www.bareoaks.ca\/accommodations\/"]}]},{"@type":"ImageObject","inLanguage":"fr-CA","@id":"https:\/\/www.bareoaks.ca\/accommodations\/#primaryimage","url":"https:\/\/www.bareoaks.ca\/wp-content\/uploads\/2011\/07\/placeholder.project-e1486474123464.png","contentUrl":"https:\/\/www.bareoaks.ca\/wp-content\/uploads\/2011\/07\/placeholder.project-e1486474123464.png","width":128,"height":128,"caption":"test test test test test tse tset set set set set"},{"@type":"BreadcrumbList","@id":"https:\/\/www.bareoaks.ca\/accommodations\/#breadcrumb","itemListElement":[{"@type":"ListItem","position":1,"name":"Home","item":"https:\/\/www.bareoaks.ca\/"},{"@type":"ListItem","position":2,"name":"Accommodations"}]},{"@type":"WebSite","@id":"https:\/\/www.bareoaks.ca\/#website","url":"https:\/\/www.bareoaks.ca\/","name":"Parc naturiste familial Bare Oaks","description":"Des valeurs naturistes traditionnelles dans un cadre moderne","publisher":{"@id":"https:\/\/www.bareoaks.ca\/#organization"},"potentialAction":[{"@type":"SearchAction","target":{"@type":"EntryPoint","urlTemplate":"https:\/\/www.bareoaks.ca\/?s={search_term_string}"},"query-input":{"@type":"PropertyValueSpecification","valueRequired":true,"valueName":"search_term_string"}}],"inLanguage":"fr-CA"},{"@type":"Organization","@id":"https:\/\/www.bareoaks.ca\/#organization","name":"Parc naturiste familial Bare Oaks","url":"https:\/\/www.bareoaks.ca\/","logo":{"@type":"ImageObject","inLanguage":"fr-CA","@id":"https:\/\/www.bareoaks.ca\/#\/schema\/logo\/image\/","url":"https:\/\/www.bareoaks.ca\/wp-content\/uploads\/2025\/07\/BareOaksLogo_website.png","contentUrl":"https:\/\/www.bareoaks.ca\/wp-content\/uploads\/2025\/07\/BareOaksLogo_website.png","width":250,"height":132,"caption":"Bare Oaks Family Naturist Park"},"image":{"@id":"https:\/\/www.bareoaks.ca\/#\/schema\/logo\/image\/"},"sameAs":["https:\/\/www.facebook.com\/BareOaksPark","https:\/\/x.com\/BareOaksPark","https:\/\/www.instagram.com\/bareoaks\/","http:\/\/www.linkedin.com\/company\/bare-oaks-family-naturist-park","https:\/\/www.youtube.com\/user\/BareOaks","https:\/\/en.wikipedia.org\/wiki\/Bare_Oaks_Family_Naturist_Park"]}]}},"_links":{"self":[{"href":"https:\/\/www.bareoaks.ca\/fr\/wp-json\/wp\/v2\/pages\/4","targetHints":{"allow":["GET"]}}],"collection":[{"href":"https:\/\/www.bareoaks.ca\/fr\/wp-json\/wp\/v2\/pages"}],"about":[{"href":"https:\/\/www.bareoaks.ca\/fr\/wp-json\/wp\/v2\/types\/page"}],"author":[{"embeddable":true,"href":"https:\/\/www.bareoaks.ca\/fr\/wp-json\/wp\/v2\/users\/73"}],"replies":[{"embeddable":true,"href":"https:\/\/www.bareoaks.ca\/fr\/wp-json\/wp\/v2\/comments?post=4"}],"version-history":[{"count":66,"href":"https:\/\/www.bareoaks.ca\/fr\/wp-json\/wp\/v2\/pages\/4\/revisions"}],"predecessor-version":[{"id":79908,"href":"https:\/\/www.bareoaks.ca\/fr\/wp-json\/wp\/v2\/pages\/4\/revisions\/79908"}],"wp:featuredmedia":[{"embeddable":true,"href":"https:\/\/www.bareoaks.ca\/fr\/wp-json\/wp\/v2\/media\/24153"}],"wp:attachment":[{"href":"https:\/\/www.bareoaks.ca\/fr\/wp-json\/wp\/v2\/media?parent=4"}],"curies":[{"name":"wp","href":"https:\/\/api.w.org\/{rel}","templated":true}]}}