{"id":44546,"date":"2020-05-28T17:05:34","date_gmt":"2020-05-28T21:05:34","guid":{"rendered":"https:\/\/www.bareoaks.ca\/?page_id=44546"},"modified":"2022-07-01T08:15:34","modified_gmt":"2022-07-01T12:15:34","slug":"covid-19","status":"publish","type":"page","link":"https:\/\/www.bareoaks.ca\/fr\/covid-19\/","title":{"rendered":"Situation actuelle dans le cadre de l'ordonnance d'urgence COVID-19"},"content":{"rendered":"<div class=\"wp-block-image is-style-default\"><figure class=\"alignleft\"><img loading=\"lazy\" decoding=\"async\" width=\"300\" height=\"225\" src=\"https:\/\/www.bareoaks.ca\/wp-content\/uploads\/2020\/05\/reopening-300x225.jpg\" alt=\"office staff wearing masks\" class=\"wp-image-44556\" srcset=\"https:\/\/www.bareoaks.ca\/wp-content\/uploads\/2020\/05\/reopening-300x225.jpg 300w, https:\/\/www.bareoaks.ca\/wp-content\/uploads\/2020\/05\/reopening-768x575.jpg 768w, https:\/\/www.bareoaks.ca\/wp-content\/uploads\/2020\/05\/reopening-425x318.jpg 425w, https:\/\/www.bareoaks.ca\/wp-content\/uploads\/2020\/05\/reopening-390x292.jpg 390w, https:\/\/www.bareoaks.ca\/wp-content\/uploads\/2020\/05\/reopening.jpg 1024w\" sizes=\"auto, (max-width: 300px) 100vw, 300px\" \/><\/figure><\/div>\n\n\n\n<h2 class=\"wp-block-heading\">Conditions actuelles<\/h2>\n\n\n\n<p><em>Derni\u00e8re mise \u00e0 jour le 1er juillet<br>Les mises \u00e0 jour ne sont effectu\u00e9es qu'en cas de changement.<\/em><\/p>\n\n\n\n<p>Les choses fonctionnent g\u00e9n\u00e9ralement normalement<\/p>\n\n\n\n<p>D\u00e8s que les r\u00e9glementations gouvernementales nous permettent d'ouvrir un service ou une commodit\u00e9, nous l'ajoutons et mettons \u00e0 jour cette page. Bien entendu, nous le faisons toujours en tenant compte de la s\u00e9curit\u00e9 des membres, des visiteurs et du personnel. C'est pourquoi certaines de nos proc\u00e9dures sont parfois modifi\u00e9es en fonction des besoins. Veuillez consulter les d\u00e9tails ci-dessous.<\/p>\n\n\n\n<p>Pour des mises \u00e0 jour instantan\u00e9es, suivez <a href=\"https:\/\/twitter.com\/BareOaksStatus\">Bare Oaks Status sur Twitter<\/a>.<\/p>\n\n\n\n<h3 class=\"wp-block-heading\">Visites de jour<\/h3>\n\n\n\n<ul class=\"has-black-color has-text-color wp-block-list\"><li>Nous sommes ouverts aux membres et aux visiteurs.<\/li><li>Le bureau et le magasin sont ouverts.<\/li><li>Le clubhouse est ouvert.<\/li><li>Nous op\u00e9rons <a href=\"https:\/\/www.bareoaks.ca\/fr\/hours-contact\/\">heures normales<\/a> <\/li><li>Des aires de pique-nique en plein air, des bancs, des abris, des sentiers et des aires de loisirs sont \u00e0 votre disposition.<\/li><li>Le <a href=\"https:\/\/www.bareoaks.ca\/fr\/bare-bistro\/\">Bare Bistro<\/a> est ouvert \u00e0 la vente \u00e0 emporter et \u00e0 la restauration en salle, \u00e0 pleine capacit\u00e9.<\/li><li><a rel=\"noopener noreferrer\" href=\"https:\/\/naturist-yoga.eventbrite.ca\/\" target=\"_blank\">Yoga<\/a> et <a rel=\"noopener noreferrer\" href=\"https:\/\/www.eventbrite.ca\/e\/naturist-meditation-with-nikki-tickets-128029480623\" target=\"_blank\">M\u00e9ditation<\/a> sont \u00e0 la fois en personne et en ligne.<\/li><li>L'aire de jeux est ouverte.<\/li><li>Le jacuzzi est ouvert.<\/li><li>La piscine est ouverte.<\/li><li>Les saunas sont ouverts.<\/li><li>Les masques sont facultatifs. Veuillez respecter le choix de chacun.<\/li><\/ul>\n\n\n\n<h3 class=\"wp-block-heading\">Nuit\u00e9e<\/h3>\n\n\n\n<ul class=\"wp-block-list\"><li>Les membres disposant d'un emplacement de camping de longue dur\u00e9e peuvent l'utiliser pour des s\u00e9jours d'une nuit.<\/li><li>Des s\u00e9jours de courte dur\u00e9e dans des cabanes, des chambres d'h\u00f4tes et des campings sont disponibles pour tous. Les r\u00e9servations sont fortement recommand\u00e9es.<\/li><li>Les toilettes du camping sont ouvertes.<\/li><li>Si vous effectuez une r\u00e9servation et que nous devons l'annuler en raison de restrictions gouvernementales, nous vous rembourserons int\u00e9gralement. Si vous annulez la r\u00e9servation, notre <a href=\"https:\/\/www.bareoaks.ca\/fr\/rates\/#cs\">politique d'annulation normale<\/a> est toujours d'actualit\u00e9.<\/li><\/ul>\n\n\n\n<h3 class=\"wp-block-heading\">Informations g\u00e9n\u00e9rales<\/h3>\n\n\n\n<ul class=\"wp-block-list\"><li>Les rassemblements \u00e0 l'int\u00e9rieur et \u00e0 l'ext\u00e9rieur sont autoris\u00e9s.<\/li><li>Les masques sont facultatifs. Veuillez respecter le choix de chacun.<\/li><li>Vous devez vous laver les mains fr\u00e9quemment avec de l'eau et du savon. Un d\u00e9sinfectant \u00e0 base d'alcool sera disponible dans le bureau.<\/li><li>Si vous \u00eates malade, restez chez vous.<\/li><li>Si vous avez \u00e9t\u00e9 r\u00e9cemment expos\u00e9 \u00e0 une personne malade, vous devez rester chez vous.<\/li><li>Si vous \u00eates vuln\u00e9rable au virus, restez chez vous.<\/li><li>Pour votre s\u00e9curit\u00e9 et celle des autres, faites-vous vacciner si ce n'est pas d\u00e9j\u00e0 fait.<\/li><\/ul>\n\n\n\n<h3 class=\"wp-block-heading\">Quelques-unes de nos proc\u00e9dures de s\u00e9curit\u00e9<\/h3>\n\n\n\n<ul class=\"wp-block-list\"><li>Les membres de l'\u00e9quipe font l'objet d'un contr\u00f4le avant chaque prise de poste.<\/li><li>Les membres de notre \u00e9quipe ont \u00e9t\u00e9 vaccin\u00e9s et sont tous test\u00e9s deux fois par semaine.<\/li><li>Nous avons toujours nettoy\u00e9 r\u00e9guli\u00e8rement les zones publiques. Mais nous avons ajout\u00e9 l'\u00e9tape suppl\u00e9mentaire de la d\u00e9sinfection des zones \"tactiles\" (poign\u00e9es de porte, serrures, comptoirs, mains courantes, etc...).<\/li><li>Les membres de l'\u00e9quipe malades sont toujours encourag\u00e9s \u00e0 rester chez eux, mais nous sommes d\u00e9sormais plus proactifs en la mati\u00e8re. Nous les payons pour qu'ils restent chez eux lorsqu'ils sont malades.<\/li><li>Nous avons offert une formation suppl\u00e9mentaire \u00e0 tous les membres de l'\u00e9quipe et nous continuons \u00e0 le faire.<\/li><li>Nous avons toujours eu du d\u00e9sinfectant pour les mains \u00e0 disposition, mais nous en avons maintenant dans plus d'endroits.<\/li><\/ul>","protected":false},"excerpt":{"rendered":"<p>Conditions actuelles Derni\u00e8re mise \u00e0 jour le 1er juilletLes mises \u00e0 jour ne sont effectu\u00e9es qu'en cas de changement. En r\u00e8gle g\u00e9n\u00e9rale, les choses fonctionnent normalement. D\u00e8s que les r\u00e9glementations gouvernementales nous permettent d'ouvrir un service ou une commodit\u00e9, nous l'ajoutons et mettons \u00e0 jour cette page. Bien entendu, nous le faisons toujours en tenant compte de la s\u00e9curit\u00e9 des membres, des visiteurs et du personnel. C'est pourquoi certaines de nos proc\u00e9dures sont parfois modifi\u00e9es en fonction des besoins. Veuillez consulter les d\u00e9tails ci-dessous. Pour des mises \u00e0 jour instantan\u00e9es, suivez Bare Oaks Status sur Twitter. Visites de jour Nous sommes ouverts aux membres et aux visiteurs. Le bureau et le magasin sont ouverts. Le clubhouse est ouvert. Nous fonctionnons<a class=\"more-link\" href=\"https:\/\/www.bareoaks.ca\/fr\/covid-19\/\">Lire la suite \u2192<\/a><\/p>","protected":false},"author":73,"featured_media":0,"parent":0,"menu_order":0,"comment_status":"closed","ping_status":"closed","template":"","meta":{"_themeisle_gutenberg_block_has_review":false,"footnotes":""},"class_list":["entry","author-sdeschenes","post-44546","page","type-page","status-publish"],"yoast_head":"<!-- This site is optimized with the Yoast SEO plugin v27.3 - https:\/\/yoast.com\/product\/yoast-seo-wordpress\/ -->\n<title>Current Status under the COVID-19 Emergency Order &#8226; Bare Oaks Family Naturist Park<\/title>\n<meta name=\"robots\" content=\"index, follow, max-snippet:-1, max-image-preview:large, max-video-preview:-1\" \/>\n<link rel=\"canonical\" href=\"https:\/\/www.bareoaks.ca\/fr\/covid-19\/\" \/>\n<meta property=\"og:locale\" content=\"fr_CA\" \/>\n<meta property=\"og:type\" content=\"article\" \/>\n<meta property=\"og:title\" content=\"Current Status under the COVID-19 Emergency Order &#8226; Bare Oaks Family Naturist Park\" \/>\n<meta property=\"og:description\" content=\"Current Conditions Last update July 1Updates are only made if anything changes. Things are generally operating normally As soon as government regulations allow us to open a service or an amenity, we are adding it and updating this page. Of course we are always doing so while taking into consideration the safety of members, visitors, and staff. As such, some of our procedures are at times altered as required. Please see below for details. For instant updates, follow Bare Oaks Status on Twitter. Day Visits We are open to members and visitors. The office and store are open. The clubhouse is open. We are operatingRead More &rarr;\" \/>\n<meta property=\"og:url\" content=\"https:\/\/www.bareoaks.ca\/fr\/covid-19\/\" \/>\n<meta property=\"og:site_name\" content=\"Bare Oaks Family Naturist Park\" \/>\n<meta property=\"article:publisher\" content=\"https:\/\/www.facebook.com\/BareOaksPark\" \/>\n<meta property=\"article:modified_time\" content=\"2022-07-01T12:15:34+00:00\" \/>\n<meta property=\"og:image\" content=\"https:\/\/www.bareoaks.ca\/wp-content\/uploads\/2020\/05\/reopening-300x225.jpg\" \/>\n<meta name=\"twitter:card\" content=\"summary_large_image\" \/>\n<meta name=\"twitter:site\" content=\"@BareOaksPark\" \/>\n<meta name=\"twitter:label1\" content=\"Estimation du temps de lecture\" \/>\n\t<meta name=\"twitter:data1\" content=\"3 minutes\" \/>\n<script type=\"application\/ld+json\" class=\"yoast-schema-graph\">{\"@context\":\"https:\\\/\\\/schema.org\",\"@graph\":[{\"@type\":\"WebPage\",\"@id\":\"https:\\\/\\\/www.bareoaks.ca\\\/covid-19\\\/\",\"url\":\"https:\\\/\\\/www.bareoaks.ca\\\/covid-19\\\/\",\"name\":\"Current Status under the COVID-19 Emergency Order &#8226; Bare Oaks Family Naturist Park\",\"isPartOf\":{\"@id\":\"https:\\\/\\\/www.bareoaks.ca\\\/#website\"},\"primaryImageOfPage\":{\"@id\":\"https:\\\/\\\/www.bareoaks.ca\\\/covid-19\\\/#primaryimage\"},\"image\":{\"@id\":\"https:\\\/\\\/www.bareoaks.ca\\\/covid-19\\\/#primaryimage\"},\"thumbnailUrl\":\"https:\\\/\\\/www.bareoaks.ca\\\/wp-content\\\/uploads\\\/2020\\\/05\\\/reopening-300x225.jpg\",\"datePublished\":\"2020-05-28T21:05:34+00:00\",\"dateModified\":\"2022-07-01T12:15:34+00:00\",\"breadcrumb\":{\"@id\":\"https:\\\/\\\/www.bareoaks.ca\\\/covid-19\\\/#breadcrumb\"},\"inLanguage\":\"fr-CA\",\"potentialAction\":[{\"@type\":\"ReadAction\",\"target\":[\"https:\\\/\\\/www.bareoaks.ca\\\/covid-19\\\/\"]}]},{\"@type\":\"ImageObject\",\"inLanguage\":\"fr-CA\",\"@id\":\"https:\\\/\\\/www.bareoaks.ca\\\/covid-19\\\/#primaryimage\",\"url\":\"https:\\\/\\\/www.bareoaks.ca\\\/wp-content\\\/uploads\\\/2020\\\/05\\\/reopening-300x225.jpg\",\"contentUrl\":\"https:\\\/\\\/www.bareoaks.ca\\\/wp-content\\\/uploads\\\/2020\\\/05\\\/reopening-300x225.jpg\"},{\"@type\":\"BreadcrumbList\",\"@id\":\"https:\\\/\\\/www.bareoaks.ca\\\/covid-19\\\/#breadcrumb\",\"itemListElement\":[{\"@type\":\"ListItem\",\"position\":1,\"name\":\"Home\",\"item\":\"https:\\\/\\\/www.bareoaks.ca\\\/\"},{\"@type\":\"ListItem\",\"position\":2,\"name\":\"Current Status under the COVID-19 Emergency Order\"}]},{\"@type\":\"WebSite\",\"@id\":\"https:\\\/\\\/www.bareoaks.ca\\\/#website\",\"url\":\"https:\\\/\\\/www.bareoaks.ca\\\/\",\"name\":\"Bare Oaks Family Naturist Park\",\"description\":\"Traditional naturist values in a modern setting\",\"publisher\":{\"@id\":\"https:\\\/\\\/www.bareoaks.ca\\\/#organization\"},\"potentialAction\":[{\"@type\":\"SearchAction\",\"target\":{\"@type\":\"EntryPoint\",\"urlTemplate\":\"https:\\\/\\\/www.bareoaks.ca\\\/?s={search_term_string}\"},\"query-input\":{\"@type\":\"PropertyValueSpecification\",\"valueRequired\":true,\"valueName\":\"search_term_string\"}}],\"inLanguage\":\"fr-CA\"},{\"@type\":\"Organization\",\"@id\":\"https:\\\/\\\/www.bareoaks.ca\\\/#organization\",\"name\":\"Bare Oaks Family Naturist Park\",\"url\":\"https:\\\/\\\/www.bareoaks.ca\\\/\",\"logo\":{\"@type\":\"ImageObject\",\"inLanguage\":\"fr-CA\",\"@id\":\"https:\\\/\\\/www.bareoaks.ca\\\/#\\\/schema\\\/logo\\\/image\\\/\",\"url\":\"https:\\\/\\\/www.bareoaks.ca\\\/wp-content\\\/uploads\\\/2025\\\/07\\\/BareOaksLogo_website.png\",\"contentUrl\":\"https:\\\/\\\/www.bareoaks.ca\\\/wp-content\\\/uploads\\\/2025\\\/07\\\/BareOaksLogo_website.png\",\"width\":250,\"height\":132,\"caption\":\"Bare Oaks Family Naturist Park\"},\"image\":{\"@id\":\"https:\\\/\\\/www.bareoaks.ca\\\/#\\\/schema\\\/logo\\\/image\\\/\"},\"sameAs\":[\"https:\\\/\\\/www.facebook.com\\\/BareOaksPark\",\"https:\\\/\\\/x.com\\\/BareOaksPark\",\"https:\\\/\\\/www.instagram.com\\\/bareoaks\\\/\",\"http:\\\/\\\/www.linkedin.com\\\/company\\\/bare-oaks-family-naturist-park\",\"https:\\\/\\\/www.youtube.com\\\/user\\\/BareOaks\",\"https:\\\/\\\/en.wikipedia.org\\\/wiki\\\/Bare_Oaks_Family_Naturist_Park\"]}]}<\/script>\n<!-- \/ Yoast SEO plugin. -->","yoast_head_json":{"title":"Situation actuelle dans le cadre de l'ordonnance d'urgence COVID-19 - Bare Oaks Family Naturist Park","robots":{"index":"index","follow":"follow","max-snippet":"max-snippet:-1","max-image-preview":"max-image-preview:large","max-video-preview":"max-video-preview:-1"},"canonical":"https:\/\/www.bareoaks.ca\/fr\/covid-19\/","og_locale":"fr_CA","og_type":"article","og_title":"Current Status under the COVID-19 Emergency Order &#8226; Bare Oaks Family Naturist Park","og_description":"Current Conditions Last update July 1Updates are only made if anything changes. Things are generally operating normally As soon as government regulations allow us to open a service or an amenity, we are adding it and updating this page. Of course we are always doing so while taking into consideration the safety of members, visitors, and staff. As such, some of our procedures are at times altered as required. Please see below for details. For instant updates, follow Bare Oaks Status on Twitter. Day Visits We are open to members and visitors. The office and store are open. The clubhouse is open. We are operatingRead More &rarr;","og_url":"https:\/\/www.bareoaks.ca\/fr\/covid-19\/","og_site_name":"Bare Oaks Family Naturist Park","article_publisher":"https:\/\/www.facebook.com\/BareOaksPark","article_modified_time":"2022-07-01T12:15:34+00:00","og_image":[{"url":"https:\/\/www.bareoaks.ca\/wp-content\/uploads\/2020\/05\/reopening-300x225.jpg","type":"","width":"","height":""}],"twitter_card":"summary_large_image","twitter_site":"@BareOaksPark","twitter_misc":{"Estimation du temps de lecture":"3 minutes"},"schema":{"@context":"https:\/\/schema.org","@graph":[{"@type":"WebPage","@id":"https:\/\/www.bareoaks.ca\/covid-19\/","url":"https:\/\/www.bareoaks.ca\/covid-19\/","name":"Situation actuelle dans le cadre de l'ordonnance d'urgence COVID-19 - Bare Oaks Family Naturist Park","isPartOf":{"@id":"https:\/\/www.bareoaks.ca\/#website"},"primaryImageOfPage":{"@id":"https:\/\/www.bareoaks.ca\/covid-19\/#primaryimage"},"image":{"@id":"https:\/\/www.bareoaks.ca\/covid-19\/#primaryimage"},"thumbnailUrl":"https:\/\/www.bareoaks.ca\/wp-content\/uploads\/2020\/05\/reopening-300x225.jpg","datePublished":"2020-05-28T21:05:34+00:00","dateModified":"2022-07-01T12:15:34+00:00","breadcrumb":{"@id":"https:\/\/www.bareoaks.ca\/covid-19\/#breadcrumb"},"inLanguage":"fr-CA","potentialAction":[{"@type":"ReadAction","target":["https:\/\/www.bareoaks.ca\/covid-19\/"]}]},{"@type":"ImageObject","inLanguage":"fr-CA","@id":"https:\/\/www.bareoaks.ca\/covid-19\/#primaryimage","url":"https:\/\/www.bareoaks.ca\/wp-content\/uploads\/2020\/05\/reopening-300x225.jpg","contentUrl":"https:\/\/www.bareoaks.ca\/wp-content\/uploads\/2020\/05\/reopening-300x225.jpg"},{"@type":"BreadcrumbList","@id":"https:\/\/www.bareoaks.ca\/covid-19\/#breadcrumb","itemListElement":[{"@type":"ListItem","position":1,"name":"Home","item":"https:\/\/www.bareoaks.ca\/"},{"@type":"ListItem","position":2,"name":"Current Status under the COVID-19 Emergency Order"}]},{"@type":"WebSite","@id":"https:\/\/www.bareoaks.ca\/#website","url":"https:\/\/www.bareoaks.ca\/","name":"Parc naturiste familial Bare Oaks","description":"Des valeurs naturistes traditionnelles dans un cadre moderne","publisher":{"@id":"https:\/\/www.bareoaks.ca\/#organization"},"potentialAction":[{"@type":"SearchAction","target":{"@type":"EntryPoint","urlTemplate":"https:\/\/www.bareoaks.ca\/?s={search_term_string}"},"query-input":{"@type":"PropertyValueSpecification","valueRequired":true,"valueName":"search_term_string"}}],"inLanguage":"fr-CA"},{"@type":"Organization","@id":"https:\/\/www.bareoaks.ca\/#organization","name":"Parc naturiste familial Bare Oaks","url":"https:\/\/www.bareoaks.ca\/","logo":{"@type":"ImageObject","inLanguage":"fr-CA","@id":"https:\/\/www.bareoaks.ca\/#\/schema\/logo\/image\/","url":"https:\/\/www.bareoaks.ca\/wp-content\/uploads\/2025\/07\/BareOaksLogo_website.png","contentUrl":"https:\/\/www.bareoaks.ca\/wp-content\/uploads\/2025\/07\/BareOaksLogo_website.png","width":250,"height":132,"caption":"Bare Oaks Family Naturist Park"},"image":{"@id":"https:\/\/www.bareoaks.ca\/#\/schema\/logo\/image\/"},"sameAs":["https:\/\/www.facebook.com\/BareOaksPark","https:\/\/x.com\/BareOaksPark","https:\/\/www.instagram.com\/bareoaks\/","http:\/\/www.linkedin.com\/company\/bare-oaks-family-naturist-park","https:\/\/www.youtube.com\/user\/BareOaks","https:\/\/en.wikipedia.org\/wiki\/Bare_Oaks_Family_Naturist_Park"]}]}},"_links":{"self":[{"href":"https:\/\/www.bareoaks.ca\/fr\/wp-json\/wp\/v2\/pages\/44546","targetHints":{"allow":["GET"]}}],"collection":[{"href":"https:\/\/www.bareoaks.ca\/fr\/wp-json\/wp\/v2\/pages"}],"about":[{"href":"https:\/\/www.bareoaks.ca\/fr\/wp-json\/wp\/v2\/types\/page"}],"author":[{"embeddable":true,"href":"https:\/\/www.bareoaks.ca\/fr\/wp-json\/wp\/v2\/users\/73"}],"replies":[{"embeddable":true,"href":"https:\/\/www.bareoaks.ca\/fr\/wp-json\/wp\/v2\/comments?post=44546"}],"version-history":[{"count":49,"href":"https:\/\/www.bareoaks.ca\/fr\/wp-json\/wp\/v2\/pages\/44546\/revisions"}],"predecessor-version":[{"id":75167,"href":"https:\/\/www.bareoaks.ca\/fr\/wp-json\/wp\/v2\/pages\/44546\/revisions\/75167"}],"wp:attachment":[{"href":"https:\/\/www.bareoaks.ca\/fr\/wp-json\/wp\/v2\/media?parent=44546"}],"curies":[{"name":"wp","href":"https:\/\/api.w.org\/{rel}","templated":true}]}}