{"id":44746,"date":"2020-06-14T16:30:03","date_gmt":"2020-06-14T20:30:03","guid":{"rendered":"https:\/\/www.bareoaks.ca\/?page_id=44746"},"modified":"2026-01-04T18:01:04","modified_gmt":"2026-01-04T23:01:04","slug":"used-trailers-3","status":"publish","type":"page","link":"https:\/\/www.bareoaks.ca\/fr\/used-trailers-3\/","title":{"rendered":"Remorques d'occasion \u00e0 vendre chez Bare Oaks"},"content":{"rendered":"<h3 class=\"wp-block-heading\">Remorques mises en vente par les membres<\/h3>\n\n\n\n<p>Les caravanes sont r\u00e9guli\u00e8rement mises en vente, car les gens se perfectionnent ou quittent la r\u00e9gion. Si vous souhaitez vous tenir au courant de ce qui est disponible \u00e0 la vente, vous avez 4 options :<\/p>\n\n\n\n<ol class=\"wp-block-list\">\n<li><a href=\"https:\/\/www.bareoaks.ca\/fr\/used-trailers\/\">Continuez \u00e0 consulter cette page web<\/a><\/li>\n\n\n\n<li><a href=\"https:\/\/www.bareoaks.ca\/fr\/category\/used-trailers\/feed\/\">S'abonner \u00e0 ce flux RSS<\/a><\/li>\n\n\n\n<li>Consultez le tableau d'affichage \u00e0 l'ext\u00e9rieur du bureau<\/li>\n\n\n\n<li>Recevez les mises \u00e0 jour par courriel en vous inscrivant \u00e0 la lettre d'information de Trailer Sales :<\/li>\n<\/ol>\n\n\n<div class=\"tnp tnp-subscription-minimal\"><form action=\"https:\/\/www.bareoaks.ca\/fr\/?na=s\" method=\"post\" style=\"text-align: center\" data-trp-original-action=\"https:\/\/www.bareoaks.ca\/fr\/?na=s\"><input type='hidden' name='nl[]' value='2'>\n<input type=\"hidden\" name=\"nr\" value=\"minimal\">\n<input type=\"hidden\" name=\"nlang\" value=\"\">\n<input class=\"tnp-email\" type=\"email\" required name=\"ne\" value=\"\" placeholder=\"Courriel\"><input class=\"tnp-submit\" type=\"submit\" value=\"S&#039;abonner\" style=\"\">\n<div class=\"tnp-field tnp-privacy-field\"><label><input type=\"checkbox\" name=\"ny\" required class=\"tnp-privacy\"> <a target=\"_blank\" href=\"https:\/\/www.bareoaks.ca\/fr\/privacy\/\">En continuant, vous acceptez la politique de confidentialit\u00e9<\/a><\/label><\/div><input type=\"hidden\" name=\"trp-form-language\" value=\"fr\"\/><\/form><\/div>\n\n\n\n\n<p>Pour visiter l'une des caravanes \u00e9num\u00e9r\u00e9es ci-dessous ou pour obtenir de plus amples informations, veuillez contacter le bureau.<\/p>\n\n\n\n<p><em>Veuillez noter que toutes les caravanes ou les v\u00e9hicules r\u00e9cr\u00e9atifs qui resteront sur la propri\u00e9t\u00e9 doivent \u00eatre vendus par l'interm\u00e9diaire du bureau de Bare Oaks. Ceci est n\u00e9cessaire afin de s'assurer que tous les acheteurs potentiels sont au courant des r\u00e8glements de Bare Oaks et qu'ils sont appropri\u00e9s pour l'adh\u00e9sion. Les remorques ou les v\u00e9hicules r\u00e9cr\u00e9atifs vendus directement doivent \u00eatre retir\u00e9s de la propri\u00e9t\u00e9 de Bare Oaks. Les baux d'emplacement ne sont pas transf\u00e9rables. Nous vous recommandons vivement de vous renseigner aupr\u00e8s du bureau avant de commencer \u00e0 n\u00e9gocier l'achat d'une caravane ou d'un v\u00e9hicule r\u00e9cr\u00e9atif.<\/em><\/p>\n\n\n<div class=\"is-style-boxed wp-block-themeisle-blocks-posts-grid\" id=\"wp-block-themeisle-blocks-posts-grid-4bc8916f\"><div class=\"is-list\"><div class=\"o-posts-grid-post-blog o-posts-grid-post-plain\"><div class=\"o-posts-grid-post\"><div class=\"o-posts-grid-post-body is-full\"><h4 class=\"o-posts-grid-post-title\"><a href=\"https:\/\/www.bareoaks.ca\/fr\/park-model-on-lake-beamor-site-116-2\/\">Mod\u00e8le de parc \u00e0 l'ann\u00e9e sur le lac Beamor - Site 116<\/a><\/h4><div class=\"o-posts-grid-post-description\"><p>Propri\u00e9t\u00e9 en bord de lac, jouxtant le sentier menant \u00e0 l'Outback et \u00e0 la plage, avec une grande pelouse pour se d\u00e9tendre et...<\/p><a class=\"o-posts-read-more\" href=\"https:\/\/www.bareoaks.ca\/fr\/park-model-on-lake-beamor-site-116-2\/\">Lire la suite<\/a><\/div><\/div><\/div><\/div><div class=\"o-posts-grid-post-blog o-posts-grid-post-plain\"><div class=\"o-posts-grid-post\"><div class=\"o-posts-grid-post-body is-full\"><h4 class=\"o-posts-grid-post-title\"><a href=\"https:\/\/www.bareoaks.ca\/fr\/park-model-on-lake-beamor-site-116\/\">Mod\u00e8le de parc \u00e0 l'ann\u00e9e sur le lac Beamor - Site 116<\/a><\/h4><div class=\"o-posts-grid-post-description\"><p>Demande : $224,999.00 REDUITE : $169,888 ou meilleure offre - VENDUE Terrain au bord du lac Beamor sur He...<\/p><a class=\"o-posts-read-more\" href=\"https:\/\/www.bareoaks.ca\/fr\/park-model-on-lake-beamor-site-116\/\">Lire la suite<\/a><\/div><\/div><\/div><\/div><div class=\"o-posts-grid-post-blog o-posts-grid-post-plain\"><div class=\"o-posts-grid-post\"><div class=\"o-posts-grid-post-body is-full\"><h4 class=\"o-posts-grid-post-title\"><a href=\"https:\/\/www.bareoaks.ca\/fr\/2000-mallard-model-5k-site-250\/\">2000 Mallard Mod\u00e8le 5K - Site 250<\/a><\/h4><div class=\"o-posts-grid-post-description\"><p>Demande $50,000 - VENDU Chambre \u00e0 coucher \u00e0 l'avant, deux couchettes et d\u00eenette \u00e0 l'arri\u00e8re. Emplacement 250. Contactez Betty 647-4...<\/p><a class=\"o-posts-read-more\" href=\"https:\/\/www.bareoaks.ca\/fr\/2000-mallard-model-5k-site-250\/\">Lire la suite<\/a><\/div><\/div><\/div><\/div><\/div> <div class=\"o-posts-grid-pag\"><span aria-current=\"page\" class=\"page-numbers current\">1<\/span>\n<a class=\"page-numbers\" href=\"https:\/\/www.bareoaks.ca\/fr\/wp-json\/wp\/v2\/pages\/44746\/?paged=2\">2<\/a>\n<a class=\"page-numbers\" href=\"https:\/\/www.bareoaks.ca\/fr\/wp-json\/wp\/v2\/pages\/44746\/?paged=3\">3<\/a>\n<span class=\"page-numbers dots\">...<\/span>\n<a class=\"page-numbers\" href=\"https:\/\/www.bareoaks.ca\/fr\/wp-json\/wp\/v2\/pages\/44746\/?paged=14\">14<\/a>\n<a class=\"next page-numbers\" href=\"https:\/\/www.bareoaks.ca\/fr\/wp-json\/wp\/v2\/pages\/44746\/?paged=2\">Suivant<\/a><\/div><\/div>\n\n\n<p class=\"has-vivid-red-color has-text-color\"><em>Avis : Les bandes-annonces sont class\u00e9es par ordre chronologique. (Les anciennes listes sont toujours disponibles \u00e0 titre d'information de r\u00e9f\u00e9rence. Il est tr\u00e8s peu probable qu'il y ait des invendus dans les anciennes pages.<\/em><\/p>","protected":false},"excerpt":{"rendered":"<p>Trailers Available for Sale by Members Trailers become available for sale regularly as people upgrade or move away from the area. If you want to keep up to date as to what is available for sale, you have 4 options: To visit one of the trailers listed below or for more information, please contact the office. Please note that all Trailers or RVs that will be staying on the property must be sold through the Bare Oaks office. This is necessary in order to insure that all potential purchasers are aware of Bare Oaks regulations and are appropriate for membership. Trailers or RVs sold directly<a class=\"more-link\" href=\"https:\/\/www.bareoaks.ca\/fr\/used-trailers-3\/\">Lire la suite \u2192<\/a><\/p>","protected":false},"author":73,"featured_media":0,"parent":0,"menu_order":0,"comment_status":"closed","ping_status":"closed","template":"","meta":{"_themeisle_gutenberg_block_has_review":false,"footnotes":""},"class_list":["entry","author-sdeschenes","post-44746","page","type-page","status-publish"],"yoast_head":"<!-- This site is optimized with the Yoast SEO plugin v27.3 - https:\/\/yoast.com\/product\/yoast-seo-wordpress\/ -->\n<title>Used Trailers for Sale at Bare Oaks &#8226; Bare Oaks Family Naturist Park<\/title>\n<meta name=\"robots\" content=\"index, follow, max-snippet:-1, max-image-preview:large, max-video-preview:-1\" \/>\n<link rel=\"canonical\" href=\"https:\/\/www.bareoaks.ca\/fr\/used-trailers-3\/\" \/>\n<meta property=\"og:locale\" content=\"fr_CA\" \/>\n<meta property=\"og:type\" content=\"article\" \/>\n<meta property=\"og:title\" content=\"Used Trailers for Sale at Bare Oaks &#8226; Bare Oaks Family Naturist Park\" \/>\n<meta property=\"og:description\" content=\"Trailers Available for Sale by Members Trailers become available for sale regularly as people upgrade or move away from the area. If you want to keep up to date as to what is available for sale, you have 4 options: To visit one of the trailers listed below or for more information, please contact the office. Please note that all Trailers or RVs that will be staying on the property must be sold through the Bare Oaks office. This is necessary in order to insure that all potential purchasers are aware of Bare Oaks regulations and are appropriate for membership. Trailers or RVs sold directlyRead More &rarr;\" \/>\n<meta property=\"og:url\" content=\"https:\/\/www.bareoaks.ca\/fr\/used-trailers-3\/\" \/>\n<meta property=\"og:site_name\" content=\"Bare Oaks Family Naturist Park\" \/>\n<meta property=\"article:publisher\" content=\"https:\/\/www.facebook.com\/BareOaksPark\" \/>\n<meta property=\"article:modified_time\" content=\"2026-01-04T23:01:04+00:00\" \/>\n<meta name=\"twitter:card\" content=\"summary_large_image\" \/>\n<meta name=\"twitter:site\" content=\"@BareOaksPark\" \/>\n<meta name=\"twitter:label1\" content=\"Estimation du temps de lecture\" \/>\n\t<meta name=\"twitter:data1\" content=\"1 minute\" \/>\n<script type=\"application\/ld+json\" class=\"yoast-schema-graph\">{\"@context\":\"https:\\\/\\\/schema.org\",\"@graph\":[{\"@type\":\"WebPage\",\"@id\":\"https:\\\/\\\/www.bareoaks.ca\\\/used-trailers-3\\\/\",\"url\":\"https:\\\/\\\/www.bareoaks.ca\\\/used-trailers-3\\\/\",\"name\":\"Used Trailers for Sale at Bare Oaks &#8226; Bare Oaks Family Naturist Park\",\"isPartOf\":{\"@id\":\"https:\\\/\\\/www.bareoaks.ca\\\/#website\"},\"datePublished\":\"2020-06-14T20:30:03+00:00\",\"dateModified\":\"2026-01-04T23:01:04+00:00\",\"breadcrumb\":{\"@id\":\"https:\\\/\\\/www.bareoaks.ca\\\/used-trailers-3\\\/#breadcrumb\"},\"inLanguage\":\"fr-CA\",\"potentialAction\":[{\"@type\":\"ReadAction\",\"target\":[\"https:\\\/\\\/www.bareoaks.ca\\\/used-trailers-3\\\/\"]}]},{\"@type\":\"BreadcrumbList\",\"@id\":\"https:\\\/\\\/www.bareoaks.ca\\\/used-trailers-3\\\/#breadcrumb\",\"itemListElement\":[{\"@type\":\"ListItem\",\"position\":1,\"name\":\"Home\",\"item\":\"https:\\\/\\\/www.bareoaks.ca\\\/\"},{\"@type\":\"ListItem\",\"position\":2,\"name\":\"Used Trailers for Sale at Bare Oaks\"}]},{\"@type\":\"WebSite\",\"@id\":\"https:\\\/\\\/www.bareoaks.ca\\\/#website\",\"url\":\"https:\\\/\\\/www.bareoaks.ca\\\/\",\"name\":\"Bare Oaks Family Naturist Park\",\"description\":\"Traditional naturist values in a modern setting\",\"publisher\":{\"@id\":\"https:\\\/\\\/www.bareoaks.ca\\\/#organization\"},\"potentialAction\":[{\"@type\":\"SearchAction\",\"target\":{\"@type\":\"EntryPoint\",\"urlTemplate\":\"https:\\\/\\\/www.bareoaks.ca\\\/?s={search_term_string}\"},\"query-input\":{\"@type\":\"PropertyValueSpecification\",\"valueRequired\":true,\"valueName\":\"search_term_string\"}}],\"inLanguage\":\"fr-CA\"},{\"@type\":\"Organization\",\"@id\":\"https:\\\/\\\/www.bareoaks.ca\\\/#organization\",\"name\":\"Bare Oaks Family Naturist Park\",\"url\":\"https:\\\/\\\/www.bareoaks.ca\\\/\",\"logo\":{\"@type\":\"ImageObject\",\"inLanguage\":\"fr-CA\",\"@id\":\"https:\\\/\\\/www.bareoaks.ca\\\/#\\\/schema\\\/logo\\\/image\\\/\",\"url\":\"https:\\\/\\\/www.bareoaks.ca\\\/wp-content\\\/uploads\\\/2025\\\/07\\\/BareOaksLogo_website.png\",\"contentUrl\":\"https:\\\/\\\/www.bareoaks.ca\\\/wp-content\\\/uploads\\\/2025\\\/07\\\/BareOaksLogo_website.png\",\"width\":250,\"height\":132,\"caption\":\"Bare Oaks Family Naturist Park\"},\"image\":{\"@id\":\"https:\\\/\\\/www.bareoaks.ca\\\/#\\\/schema\\\/logo\\\/image\\\/\"},\"sameAs\":[\"https:\\\/\\\/www.facebook.com\\\/BareOaksPark\",\"https:\\\/\\\/x.com\\\/BareOaksPark\",\"https:\\\/\\\/www.instagram.com\\\/bareoaks\\\/\",\"http:\\\/\\\/www.linkedin.com\\\/company\\\/bare-oaks-family-naturist-park\",\"https:\\\/\\\/www.youtube.com\\\/user\\\/BareOaks\",\"https:\\\/\\\/en.wikipedia.org\\\/wiki\\\/Bare_Oaks_Family_Naturist_Park\"]}]}<\/script>\n<!-- \/ Yoast SEO plugin. -->","yoast_head_json":{"title":"Remorques d'occasion \u00e0 vendre \u00e0 Bare Oaks - Bare Oaks Family Naturist Park","robots":{"index":"index","follow":"follow","max-snippet":"max-snippet:-1","max-image-preview":"max-image-preview:large","max-video-preview":"max-video-preview:-1"},"canonical":"https:\/\/www.bareoaks.ca\/fr\/used-trailers-3\/","og_locale":"fr_CA","og_type":"article","og_title":"Used Trailers for Sale at Bare Oaks &#8226; Bare Oaks Family Naturist Park","og_description":"Trailers Available for Sale by Members Trailers become available for sale regularly as people upgrade or move away from the area. If you want to keep up to date as to what is available for sale, you have 4 options: To visit one of the trailers listed below or for more information, please contact the office. Please note that all Trailers or RVs that will be staying on the property must be sold through the Bare Oaks office. This is necessary in order to insure that all potential purchasers are aware of Bare Oaks regulations and are appropriate for membership. Trailers or RVs sold directlyRead More &rarr;","og_url":"https:\/\/www.bareoaks.ca\/fr\/used-trailers-3\/","og_site_name":"Bare Oaks Family Naturist Park","article_publisher":"https:\/\/www.facebook.com\/BareOaksPark","article_modified_time":"2026-01-04T23:01:04+00:00","twitter_card":"summary_large_image","twitter_site":"@BareOaksPark","twitter_misc":{"Estimation du temps de lecture":"1 minute"},"schema":{"@context":"https:\/\/schema.org","@graph":[{"@type":"WebPage","@id":"https:\/\/www.bareoaks.ca\/used-trailers-3\/","url":"https:\/\/www.bareoaks.ca\/used-trailers-3\/","name":"Remorques d'occasion \u00e0 vendre \u00e0 Bare Oaks - Bare Oaks Family Naturist Park","isPartOf":{"@id":"https:\/\/www.bareoaks.ca\/#website"},"datePublished":"2020-06-14T20:30:03+00:00","dateModified":"2026-01-04T23:01:04+00:00","breadcrumb":{"@id":"https:\/\/www.bareoaks.ca\/used-trailers-3\/#breadcrumb"},"inLanguage":"fr-CA","potentialAction":[{"@type":"ReadAction","target":["https:\/\/www.bareoaks.ca\/used-trailers-3\/"]}]},{"@type":"BreadcrumbList","@id":"https:\/\/www.bareoaks.ca\/used-trailers-3\/#breadcrumb","itemListElement":[{"@type":"ListItem","position":1,"name":"Home","item":"https:\/\/www.bareoaks.ca\/"},{"@type":"ListItem","position":2,"name":"Used Trailers for Sale at Bare Oaks"}]},{"@type":"WebSite","@id":"https:\/\/www.bareoaks.ca\/#website","url":"https:\/\/www.bareoaks.ca\/","name":"Parc naturiste familial Bare Oaks","description":"Des valeurs naturistes traditionnelles dans un cadre moderne","publisher":{"@id":"https:\/\/www.bareoaks.ca\/#organization"},"potentialAction":[{"@type":"SearchAction","target":{"@type":"EntryPoint","urlTemplate":"https:\/\/www.bareoaks.ca\/?s={search_term_string}"},"query-input":{"@type":"PropertyValueSpecification","valueRequired":true,"valueName":"search_term_string"}}],"inLanguage":"fr-CA"},{"@type":"Organization","@id":"https:\/\/www.bareoaks.ca\/#organization","name":"Parc naturiste familial Bare Oaks","url":"https:\/\/www.bareoaks.ca\/","logo":{"@type":"ImageObject","inLanguage":"fr-CA","@id":"https:\/\/www.bareoaks.ca\/#\/schema\/logo\/image\/","url":"https:\/\/www.bareoaks.ca\/wp-content\/uploads\/2025\/07\/BareOaksLogo_website.png","contentUrl":"https:\/\/www.bareoaks.ca\/wp-content\/uploads\/2025\/07\/BareOaksLogo_website.png","width":250,"height":132,"caption":"Bare Oaks Family Naturist Park"},"image":{"@id":"https:\/\/www.bareoaks.ca\/#\/schema\/logo\/image\/"},"sameAs":["https:\/\/www.facebook.com\/BareOaksPark","https:\/\/x.com\/BareOaksPark","https:\/\/www.instagram.com\/bareoaks\/","http:\/\/www.linkedin.com\/company\/bare-oaks-family-naturist-park","https:\/\/www.youtube.com\/user\/BareOaks","https:\/\/en.wikipedia.org\/wiki\/Bare_Oaks_Family_Naturist_Park"]}]}},"_links":{"self":[{"href":"https:\/\/www.bareoaks.ca\/fr\/wp-json\/wp\/v2\/pages\/44746","targetHints":{"allow":["GET"]}}],"collection":[{"href":"https:\/\/www.bareoaks.ca\/fr\/wp-json\/wp\/v2\/pages"}],"about":[{"href":"https:\/\/www.bareoaks.ca\/fr\/wp-json\/wp\/v2\/types\/page"}],"author":[{"embeddable":true,"href":"https:\/\/www.bareoaks.ca\/fr\/wp-json\/wp\/v2\/users\/73"}],"replies":[{"embeddable":true,"href":"https:\/\/www.bareoaks.ca\/fr\/wp-json\/wp\/v2\/comments?post=44746"}],"version-history":[{"count":21,"href":"https:\/\/www.bareoaks.ca\/fr\/wp-json\/wp\/v2\/pages\/44746\/revisions"}],"predecessor-version":[{"id":82137,"href":"https:\/\/www.bareoaks.ca\/fr\/wp-json\/wp\/v2\/pages\/44746\/revisions\/82137"}],"wp:attachment":[{"href":"https:\/\/www.bareoaks.ca\/fr\/wp-json\/wp\/v2\/media?parent=44746"}],"curies":[{"name":"wp","href":"https:\/\/api.w.org\/{rel}","templated":true}]}}