{"id":46175,"date":"2021-02-28T16:57:20","date_gmt":"2021-02-28T21:57:20","guid":{"rendered":"https:\/\/www.bareoaks.ca\/?page_id=46175"},"modified":"2026-01-04T18:13:44","modified_gmt":"2026-01-04T23:13:44","slug":"bare-oaks-blog","status":"publish","type":"page","link":"https:\/\/www.bareoaks.ca\/fr\/bare-oaks-blog\/","title":{"rendered":"Blog de Bare Oaks"},"content":{"rendered":"<figure class=\"wp-block-image size-large\"><img loading=\"lazy\" decoding=\"async\" width=\"1024\" height=\"246\" src=\"https:\/\/www.bareoaks.ca\/wp-content\/uploads\/2021\/02\/Blog-top-banner-1-1024x246.jpg\" alt=\"Reading the latest news on the bulletin board\" class=\"wp-image-64415\" srcset=\"https:\/\/www.bareoaks.ca\/wp-content\/uploads\/2021\/02\/Blog-top-banner-1-1024x246.jpg 1024w, https:\/\/www.bareoaks.ca\/wp-content\/uploads\/2021\/02\/Blog-top-banner-1-300x72.jpg 300w, https:\/\/www.bareoaks.ca\/wp-content\/uploads\/2021\/02\/Blog-top-banner-1-768x185.jpg 768w, https:\/\/www.bareoaks.ca\/wp-content\/uploads\/2021\/02\/Blog-top-banner-1-425x102.jpg 425w, https:\/\/www.bareoaks.ca\/wp-content\/uploads\/2021\/02\/Blog-top-banner-1.jpg 1040w\" sizes=\"(max-width: 1024px) 100vw, 1024px\" \/><\/figure>\n\n\n\n<p>Nouvelles, mises \u00e0 jour et informations sur le parc naturiste familial de Bare Oaks ainsi que sur des sujets g\u00e9n\u00e9raux concernant le naturisme.<\/p>\n\n\n\n<div style=\"padding:20px\" class=\"wp-block-tnp-minimal\"><p>Abonnez-vous \u00e0 notre lettre d'information !<\/p><div><div class=\"tnp tnp-subscription-minimal\"><form action=\"https:\/\/www.bareoaks.ca\/fr\/?na=s\" method=\"post\" style=\"text-align: center\" data-trp-original-action=\"https:\/\/www.bareoaks.ca\/fr\/?na=s\"><input type='hidden' name='nl[]' value='1'>\n<input type=\"hidden\" name=\"nr\" value=\"minimal\">\n<input type=\"hidden\" name=\"nlang\" value=\"\">\n<input class=\"tnp-email\" type=\"email\" required name=\"ne\" value=\"\" placeholder=\"Courriel\"><input class=\"tnp-submit\" type=\"submit\" value=\"S&#039;abonner\" style=\"\">\n<div class=\"tnp-field tnp-privacy-field\"><label><input type=\"checkbox\" name=\"ny\" required class=\"tnp-privacy\"> <a target=\"_blank\" href=\"https:\/\/www.bareoaks.ca\/fr\/privacy\/\">En continuant, vous acceptez la politique de confidentialit\u00e9<\/a><\/label><\/div><input type=\"hidden\" name=\"trp-form-language\" value=\"fr\"\/><\/form><\/div>\n<\/div><\/div>\n\n\n\n<hr class=\"wp-block-separator has-css-opacity\"\/>\n\n\n\n<h2 class=\"wp-block-heading\">Derniers messages :<\/h2>\n\n\n<div class=\"is-style-boxed wp-block-themeisle-blocks-posts-grid\" id=\"wp-block-themeisle-blocks-posts-grid-cb1b3bee\"><div class=\"is-grid o-posts-grid-columns-3\"><div class=\"o-posts-grid-post-blog o-posts-grid-post-plain\"><div class=\"o-posts-grid-post\"><div class=\"o-posts-grid-post-body is-full\"><h4 class=\"o-posts-grid-post-title\"><a href=\"https:\/\/www.bareoaks.ca\/fr\/office-closures-reno\/\">Fermeture des bureaux la semaine prochaine (30 mars - 3 avril)<\/a><\/h4><p class=\"o-posts-grid-post-meta\">Publi\u00e9 le <time datetime=\"2026-03-27T17:18:02-04:00\">27 mars 2026<\/time> <\/p><div class=\"o-posts-grid-post-description\"><p>Le sol du bureau sera refait la semaine prochaine. Cela limitera consid\u00e9rablement notre capacit\u00e9 \u00e0 fournir des o...<\/p><a class=\"o-posts-read-more\" href=\"https:\/\/www.bareoaks.ca\/fr\/office-closures-reno\/\">Lire la suite<\/a><\/div><\/div><\/div><\/div><div class=\"o-posts-grid-post-blog o-posts-grid-post-plain\"><div class=\"o-posts-grid-post\"><div class=\"o-posts-grid-post-body is-full\"><h4 class=\"o-posts-grid-post-title\"><a href=\"https:\/\/www.bareoaks.ca\/fr\/naked-dressing\/\">Naked Dressing ??<\/a><\/h4><p class=\"o-posts-grid-post-meta\">Publi\u00e9 le <time datetime=\"2026-03-24T09:56:29-04:00\">24 mars 2026<\/time> <\/p><div class=\"o-posts-grid-post-description\"><p>Le \"Naked Dressing\" est devenu une tendance chez les c\u00e9l\u00e9brit\u00e9s. Cela contribue-t-il \u00e0 l'acceptation du corps ? Est-il coh\u00e9rent avec...<\/p><a class=\"o-posts-read-more\" href=\"https:\/\/www.bareoaks.ca\/fr\/naked-dressing\/\">Lire la suite<\/a><\/div><\/div><\/div><\/div><div class=\"o-posts-grid-post-blog o-posts-grid-post-plain\"><div class=\"o-posts-grid-post\"><div class=\"o-posts-grid-post-body is-full\"><h4 class=\"o-posts-grid-post-title\"><a href=\"https:\/\/www.bareoaks.ca\/fr\/hottubsaga\/\">La saga des jacuzzis mise \u00e0 jour<\/a><\/h4><p class=\"o-posts-grid-post-meta\">Publi\u00e9 le <time datetime=\"2026-03-20T15:12:37-04:00\">20 mars 2026<\/time> <\/p><div class=\"o-posts-grid-post-description\"><p>Mise \u00e0 jour du 20 mars 2026 - Plusieurs tuyaux et joints ont \u00e9t\u00e9 remplac\u00e9s. Des capteurs d\u00e9fectueux ont \u00e9galement \u00e9t\u00e9 ...<\/p><a class=\"o-posts-read-more\" href=\"https:\/\/www.bareoaks.ca\/fr\/hottubsaga\/\">Lire la suite<\/a><\/div><\/div><\/div><\/div><div class=\"o-posts-grid-post-blog o-posts-grid-post-plain\"><div class=\"o-posts-grid-post\"><div class=\"o-posts-grid-post-body is-full\"><h4 class=\"o-posts-grid-post-title\"><a href=\"https:\/\/www.bareoaks.ca\/fr\/new-dates-for-volleyball\/\">Nouvelles dates pour le volley-ball<\/a><\/h4><p class=\"o-posts-grid-post-meta\">Publi\u00e9 le <time datetime=\"2026-01-01T18:17:36-05:00\">1er janvier 2026<\/time> <\/p><div class=\"o-posts-grid-post-description\"><p>Les deux tournois de volley-ball naturiste de la r\u00e9gion du Grand Toronto ont de nouvelles dates \u00e0 partir de 2026 pour...<\/p><a class=\"o-posts-read-more\" href=\"https:\/\/www.bareoaks.ca\/fr\/new-dates-for-volleyball\/\">Lire la suite<\/a><\/div><\/div><\/div><\/div><div class=\"o-posts-grid-post-blog o-posts-grid-post-plain\"><div class=\"o-posts-grid-post\"><div class=\"o-posts-grid-post-body is-full\"><h4 class=\"o-posts-grid-post-title\"><a href=\"https:\/\/www.bareoaks.ca\/fr\/office-closure\/\">Fermeture du bureau<\/a><\/h4><p class=\"o-posts-grid-post-meta\">Publi\u00e9 le <time datetime=\"2025-10-27T18:32:42-04:00\">27 octobre 2025<\/time> <\/p><div class=\"o-posts-grid-post-description\"><p>Afin d'\u00eatre plus efficace, nous fermerons le bureau et le restaurant les lundis et mardis ...<\/p><a class=\"o-posts-read-more\" href=\"https:\/\/www.bareoaks.ca\/fr\/office-closure\/\">Lire la suite<\/a><\/div><\/div><\/div><\/div><div class=\"o-posts-grid-post-blog o-posts-grid-post-plain\"><div class=\"o-posts-grid-post\"><div class=\"o-posts-grid-post-body is-full\"><h4 class=\"o-posts-grid-post-title\"><a href=\"https:\/\/www.bareoaks.ca\/fr\/the-naturist-colouring-book\/\">Le livre de coloriage naturiste<\/a><\/h4><p class=\"o-posts-grid-post-meta\">Publi\u00e9 le <time datetime=\"2025-08-20T11:47:02-04:00\">20 ao\u00fbt 2025<\/time> <\/p><div class=\"o-posts-grid-post-description\"><p>Aujourd'hui, nous publions le livre de coloriage naturiste dans le cadre d'une campagne permanente de promotion de la...<\/p><a class=\"o-posts-read-more\" href=\"https:\/\/www.bareoaks.ca\/fr\/the-naturist-colouring-book\/\">Lire la suite<\/a><\/div><\/div><\/div><\/div><\/div> <div class=\"o-posts-grid-pag\"><span aria-current=\"page\" class=\"page-numbers current\">1<\/span>\n<a class=\"page-numbers\" href=\"https:\/\/www.bareoaks.ca\/fr\/wp-json\/wp\/v2\/pages\/46175\/?paged=2\">2<\/a>\n<a class=\"page-numbers\" href=\"https:\/\/www.bareoaks.ca\/fr\/wp-json\/wp\/v2\/pages\/46175\/?paged=3\">3<\/a>\n<span class=\"page-numbers dots\">...<\/span>\n<a class=\"page-numbers\" href=\"https:\/\/www.bareoaks.ca\/fr\/wp-json\/wp\/v2\/pages\/46175\/?paged=74\">74<\/a>\n<a class=\"next page-numbers\" href=\"https:\/\/www.bareoaks.ca\/fr\/wp-json\/wp\/v2\/pages\/46175\/?paged=2\">Suivant<\/a><\/div><\/div>","protected":false},"excerpt":{"rendered":"<p>Nouvelles, mises \u00e0 jour et informations sur le parc naturiste familial de Bare Oaks ainsi que sur des sujets g\u00e9n\u00e9raux concernant le naturisme.<a class=\"more-link\" href=\"https:\/\/www.bareoaks.ca\/fr\/bare-oaks-blog\/\">Lire la suite \u2192<\/a><\/p>","protected":false},"author":73,"featured_media":0,"parent":0,"menu_order":0,"comment_status":"closed","ping_status":"closed","template":"","meta":{"_themeisle_gutenberg_block_has_review":false,"footnotes":""},"class_list":["entry","author-sdeschenes","has-excerpt","post-46175","page","type-page","status-publish"],"yoast_head":"<!-- This site is optimized with the Yoast SEO plugin v27.3 - https:\/\/yoast.com\/product\/yoast-seo-wordpress\/ -->\n<title>Bare Oaks Blog &#8226; Bare Oaks Family Naturist Park<\/title>\n<meta name=\"description\" content=\"News, updates, and information about Bare Oaks Family Naturist Park as well as general topics about naturism.\" \/>\n<meta name=\"robots\" content=\"index, follow, max-snippet:-1, max-image-preview:large, max-video-preview:-1\" \/>\n<link rel=\"canonical\" href=\"https:\/\/www.bareoaks.ca\/fr\/bare-oaks-blog\/\" \/>\n<meta property=\"og:locale\" content=\"fr_CA\" \/>\n<meta property=\"og:type\" content=\"article\" \/>\n<meta property=\"og:title\" content=\"Bare Oaks Blog &#8226; Bare Oaks Family Naturist Park\" \/>\n<meta property=\"og:description\" content=\"News, updates, and information about Bare Oaks Family Naturist Park as well as general topics about naturism.\" \/>\n<meta property=\"og:url\" content=\"https:\/\/www.bareoaks.ca\/fr\/bare-oaks-blog\/\" \/>\n<meta property=\"og:site_name\" content=\"Bare Oaks Family Naturist Park\" \/>\n<meta property=\"article:publisher\" content=\"https:\/\/www.facebook.com\/BareOaksPark\" \/>\n<meta property=\"article:modified_time\" content=\"2026-01-04T23:13:44+00:00\" \/>\n<meta property=\"og:image\" content=\"https:\/\/www.bareoaks.ca\/wp-content\/uploads\/2021\/02\/Blog-top-banner-1.jpg\" \/>\n\t<meta property=\"og:image:width\" content=\"1040\" \/>\n\t<meta property=\"og:image:height\" content=\"250\" \/>\n\t<meta property=\"og:image:type\" content=\"image\/jpeg\" \/>\n<meta name=\"twitter:card\" content=\"summary_large_image\" \/>\n<meta name=\"twitter:site\" content=\"@BareOaksPark\" \/>\n<meta name=\"twitter:label1\" content=\"Estimation du temps de lecture\" \/>\n\t<meta name=\"twitter:data1\" content=\"1 minute\" \/>\n<script type=\"application\/ld+json\" class=\"yoast-schema-graph\">{\"@context\":\"https:\\\/\\\/schema.org\",\"@graph\":[{\"@type\":\"WebPage\",\"@id\":\"https:\\\/\\\/www.bareoaks.ca\\\/bare-oaks-blog\\\/\",\"url\":\"https:\\\/\\\/www.bareoaks.ca\\\/bare-oaks-blog\\\/\",\"name\":\"Bare Oaks Blog &#8226; Bare Oaks Family Naturist Park\",\"isPartOf\":{\"@id\":\"https:\\\/\\\/www.bareoaks.ca\\\/#website\"},\"primaryImageOfPage\":{\"@id\":\"https:\\\/\\\/www.bareoaks.ca\\\/bare-oaks-blog\\\/#primaryimage\"},\"image\":{\"@id\":\"https:\\\/\\\/www.bareoaks.ca\\\/bare-oaks-blog\\\/#primaryimage\"},\"thumbnailUrl\":\"https:\\\/\\\/www.bareoaks.ca\\\/wp-content\\\/uploads\\\/2021\\\/02\\\/Blog-top-banner-1-1024x246.jpg\",\"datePublished\":\"2021-02-28T21:57:20+00:00\",\"dateModified\":\"2026-01-04T23:13:44+00:00\",\"description\":\"News, updates, and information about Bare Oaks Family Naturist Park as well as general topics about naturism.\",\"breadcrumb\":{\"@id\":\"https:\\\/\\\/www.bareoaks.ca\\\/bare-oaks-blog\\\/#breadcrumb\"},\"inLanguage\":\"fr-CA\",\"potentialAction\":[{\"@type\":\"ReadAction\",\"target\":[\"https:\\\/\\\/www.bareoaks.ca\\\/bare-oaks-blog\\\/\"]}]},{\"@type\":\"ImageObject\",\"inLanguage\":\"fr-CA\",\"@id\":\"https:\\\/\\\/www.bareoaks.ca\\\/bare-oaks-blog\\\/#primaryimage\",\"url\":\"https:\\\/\\\/www.bareoaks.ca\\\/wp-content\\\/uploads\\\/2021\\\/02\\\/Blog-top-banner-1-1024x246.jpg\",\"contentUrl\":\"https:\\\/\\\/www.bareoaks.ca\\\/wp-content\\\/uploads\\\/2021\\\/02\\\/Blog-top-banner-1-1024x246.jpg\"},{\"@type\":\"BreadcrumbList\",\"@id\":\"https:\\\/\\\/www.bareoaks.ca\\\/bare-oaks-blog\\\/#breadcrumb\",\"itemListElement\":[{\"@type\":\"ListItem\",\"position\":1,\"name\":\"Home\",\"item\":\"https:\\\/\\\/www.bareoaks.ca\\\/\"},{\"@type\":\"ListItem\",\"position\":2,\"name\":\"Bare Oaks Blog\"}]},{\"@type\":\"WebSite\",\"@id\":\"https:\\\/\\\/www.bareoaks.ca\\\/#website\",\"url\":\"https:\\\/\\\/www.bareoaks.ca\\\/\",\"name\":\"Bare Oaks Family Naturist Park\",\"description\":\"Traditional naturist values in a modern setting\",\"publisher\":{\"@id\":\"https:\\\/\\\/www.bareoaks.ca\\\/#organization\"},\"potentialAction\":[{\"@type\":\"SearchAction\",\"target\":{\"@type\":\"EntryPoint\",\"urlTemplate\":\"https:\\\/\\\/www.bareoaks.ca\\\/?s={search_term_string}\"},\"query-input\":{\"@type\":\"PropertyValueSpecification\",\"valueRequired\":true,\"valueName\":\"search_term_string\"}}],\"inLanguage\":\"fr-CA\"},{\"@type\":\"Organization\",\"@id\":\"https:\\\/\\\/www.bareoaks.ca\\\/#organization\",\"name\":\"Bare Oaks Family Naturist Park\",\"url\":\"https:\\\/\\\/www.bareoaks.ca\\\/\",\"logo\":{\"@type\":\"ImageObject\",\"inLanguage\":\"fr-CA\",\"@id\":\"https:\\\/\\\/www.bareoaks.ca\\\/#\\\/schema\\\/logo\\\/image\\\/\",\"url\":\"https:\\\/\\\/www.bareoaks.ca\\\/wp-content\\\/uploads\\\/2025\\\/07\\\/BareOaksLogo_website.png\",\"contentUrl\":\"https:\\\/\\\/www.bareoaks.ca\\\/wp-content\\\/uploads\\\/2025\\\/07\\\/BareOaksLogo_website.png\",\"width\":250,\"height\":132,\"caption\":\"Bare Oaks Family Naturist Park\"},\"image\":{\"@id\":\"https:\\\/\\\/www.bareoaks.ca\\\/#\\\/schema\\\/logo\\\/image\\\/\"},\"sameAs\":[\"https:\\\/\\\/www.facebook.com\\\/BareOaksPark\",\"https:\\\/\\\/x.com\\\/BareOaksPark\",\"https:\\\/\\\/www.instagram.com\\\/bareoaks\\\/\",\"http:\\\/\\\/www.linkedin.com\\\/company\\\/bare-oaks-family-naturist-park\",\"https:\\\/\\\/www.youtube.com\\\/user\\\/BareOaks\",\"https:\\\/\\\/en.wikipedia.org\\\/wiki\\\/Bare_Oaks_Family_Naturist_Park\"]}]}<\/script>\n<!-- \/ Yoast SEO plugin. -->","yoast_head_json":{"title":"Bare Oaks Blog - Parc naturiste familial Bare Oaks","description":"Nouvelles, mises \u00e0 jour et informations sur le parc naturiste familial de Bare Oaks ainsi que sur des sujets g\u00e9n\u00e9raux concernant le naturisme.","robots":{"index":"index","follow":"follow","max-snippet":"max-snippet:-1","max-image-preview":"max-image-preview:large","max-video-preview":"max-video-preview:-1"},"canonical":"https:\/\/www.bareoaks.ca\/fr\/bare-oaks-blog\/","og_locale":"fr_CA","og_type":"article","og_title":"Bare Oaks Blog &#8226; Bare Oaks Family Naturist Park","og_description":"News, updates, and information about Bare Oaks Family Naturist Park as well as general topics about naturism.","og_url":"https:\/\/www.bareoaks.ca\/fr\/bare-oaks-blog\/","og_site_name":"Bare Oaks Family Naturist Park","article_publisher":"https:\/\/www.facebook.com\/BareOaksPark","article_modified_time":"2026-01-04T23:13:44+00:00","og_image":[{"width":1040,"height":250,"url":"https:\/\/www.bareoaks.ca\/wp-content\/uploads\/2021\/02\/Blog-top-banner-1.jpg","type":"image\/jpeg"}],"twitter_card":"summary_large_image","twitter_site":"@BareOaksPark","twitter_misc":{"Estimation du temps de lecture":"1 minute"},"schema":{"@context":"https:\/\/schema.org","@graph":[{"@type":"WebPage","@id":"https:\/\/www.bareoaks.ca\/bare-oaks-blog\/","url":"https:\/\/www.bareoaks.ca\/bare-oaks-blog\/","name":"Bare Oaks Blog - Parc naturiste familial Bare Oaks","isPartOf":{"@id":"https:\/\/www.bareoaks.ca\/#website"},"primaryImageOfPage":{"@id":"https:\/\/www.bareoaks.ca\/bare-oaks-blog\/#primaryimage"},"image":{"@id":"https:\/\/www.bareoaks.ca\/bare-oaks-blog\/#primaryimage"},"thumbnailUrl":"https:\/\/www.bareoaks.ca\/wp-content\/uploads\/2021\/02\/Blog-top-banner-1-1024x246.jpg","datePublished":"2021-02-28T21:57:20+00:00","dateModified":"2026-01-04T23:13:44+00:00","description":"Nouvelles, mises \u00e0 jour et informations sur le parc naturiste familial de Bare Oaks ainsi que sur des sujets g\u00e9n\u00e9raux concernant le naturisme.","breadcrumb":{"@id":"https:\/\/www.bareoaks.ca\/bare-oaks-blog\/#breadcrumb"},"inLanguage":"fr-CA","potentialAction":[{"@type":"ReadAction","target":["https:\/\/www.bareoaks.ca\/bare-oaks-blog\/"]}]},{"@type":"ImageObject","inLanguage":"fr-CA","@id":"https:\/\/www.bareoaks.ca\/bare-oaks-blog\/#primaryimage","url":"https:\/\/www.bareoaks.ca\/wp-content\/uploads\/2021\/02\/Blog-top-banner-1-1024x246.jpg","contentUrl":"https:\/\/www.bareoaks.ca\/wp-content\/uploads\/2021\/02\/Blog-top-banner-1-1024x246.jpg"},{"@type":"BreadcrumbList","@id":"https:\/\/www.bareoaks.ca\/bare-oaks-blog\/#breadcrumb","itemListElement":[{"@type":"ListItem","position":1,"name":"Home","item":"https:\/\/www.bareoaks.ca\/"},{"@type":"ListItem","position":2,"name":"Bare Oaks Blog"}]},{"@type":"WebSite","@id":"https:\/\/www.bareoaks.ca\/#website","url":"https:\/\/www.bareoaks.ca\/","name":"Parc naturiste familial Bare Oaks","description":"Des valeurs naturistes traditionnelles dans un cadre moderne","publisher":{"@id":"https:\/\/www.bareoaks.ca\/#organization"},"potentialAction":[{"@type":"SearchAction","target":{"@type":"EntryPoint","urlTemplate":"https:\/\/www.bareoaks.ca\/?s={search_term_string}"},"query-input":{"@type":"PropertyValueSpecification","valueRequired":true,"valueName":"search_term_string"}}],"inLanguage":"fr-CA"},{"@type":"Organization","@id":"https:\/\/www.bareoaks.ca\/#organization","name":"Parc naturiste familial Bare Oaks","url":"https:\/\/www.bareoaks.ca\/","logo":{"@type":"ImageObject","inLanguage":"fr-CA","@id":"https:\/\/www.bareoaks.ca\/#\/schema\/logo\/image\/","url":"https:\/\/www.bareoaks.ca\/wp-content\/uploads\/2025\/07\/BareOaksLogo_website.png","contentUrl":"https:\/\/www.bareoaks.ca\/wp-content\/uploads\/2025\/07\/BareOaksLogo_website.png","width":250,"height":132,"caption":"Bare Oaks Family Naturist Park"},"image":{"@id":"https:\/\/www.bareoaks.ca\/#\/schema\/logo\/image\/"},"sameAs":["https:\/\/www.facebook.com\/BareOaksPark","https:\/\/x.com\/BareOaksPark","https:\/\/www.instagram.com\/bareoaks\/","http:\/\/www.linkedin.com\/company\/bare-oaks-family-naturist-park","https:\/\/www.youtube.com\/user\/BareOaks","https:\/\/en.wikipedia.org\/wiki\/Bare_Oaks_Family_Naturist_Park"]}]}},"_links":{"self":[{"href":"https:\/\/www.bareoaks.ca\/fr\/wp-json\/wp\/v2\/pages\/46175","targetHints":{"allow":["GET"]}}],"collection":[{"href":"https:\/\/www.bareoaks.ca\/fr\/wp-json\/wp\/v2\/pages"}],"about":[{"href":"https:\/\/www.bareoaks.ca\/fr\/wp-json\/wp\/v2\/types\/page"}],"author":[{"embeddable":true,"href":"https:\/\/www.bareoaks.ca\/fr\/wp-json\/wp\/v2\/users\/73"}],"replies":[{"embeddable":true,"href":"https:\/\/www.bareoaks.ca\/fr\/wp-json\/wp\/v2\/comments?post=46175"}],"version-history":[{"count":20,"href":"https:\/\/www.bareoaks.ca\/fr\/wp-json\/wp\/v2\/pages\/46175\/revisions"}],"predecessor-version":[{"id":82217,"href":"https:\/\/www.bareoaks.ca\/fr\/wp-json\/wp\/v2\/pages\/46175\/revisions\/82217"}],"wp:attachment":[{"href":"https:\/\/www.bareoaks.ca\/fr\/wp-json\/wp\/v2\/media?parent=46175"}],"curies":[{"name":"wp","href":"https:\/\/api.w.org\/{rel}","templated":true}]}}