{"id":483,"date":"2016-06-17T13:14:01","date_gmt":"2016-06-17T17:14:01","guid":{"rendered":"http:\/\/ww1.bareoaks.ca\/?page_id=483"},"modified":"2026-02-21T17:39:56","modified_gmt":"2026-02-21T22:39:56","slug":"nude-5k-run","status":"publish","type":"page","link":"https:\/\/www.bareoaks.ca\/fr\/nude-5k-run\/","title":{"rendered":"5K Colour Fun Run - sans v\u00eatements !"},"content":{"rendered":"<p>Un \u00e9v\u00e9nement annuel depuis 2016 !<img loading=\"lazy\" decoding=\"async\" width=\"300\" height=\"229\" class=\"alignnone wp-image-33086 size-medium\" style=\"margin: 5px; float: right;\" src=\"https:\/\/www.bareoaks.ca\/wp-content\/uploads\/2018\/07\/nude-runners-art-RC-1046x800-300x229.png\" alt=\"\" srcset=\"https:\/\/www.bareoaks.ca\/wp-content\/uploads\/2018\/07\/nude-runners-art-RC-1046x800-300x229.png 300w, https:\/\/www.bareoaks.ca\/wp-content\/uploads\/2018\/07\/nude-runners-art-RC-1046x800-768x587.png 768w, https:\/\/www.bareoaks.ca\/wp-content\/uploads\/2018\/07\/nude-runners-art-RC-1046x800-1024x783.png 1024w, https:\/\/www.bareoaks.ca\/wp-content\/uploads\/2018\/07\/nude-runners-art-RC-1046x800-425x325.png 425w, https:\/\/www.bareoaks.ca\/wp-content\/uploads\/2018\/07\/nude-runners-art-RC-1046x800.png 1046w\" sizes=\"auto, (max-width: 300px) 100vw, 300px\" \/><\/p>\n\n\n\n<p>Course en couleur de 5 km \u00e0 travers le parc. Il s'agit d'une course FUN, vous n'avez donc pas besoin d'\u00eatre un pro. Vous pouvez courir, jogger, marcher...<\/p>\n\n\n\n<p>Parrain\u00e9 par <a href=\"https:\/\/www.runningroom.com\/\" target=\"_blank\" rel=\"noreferrer noopener\">Le Coin des coureurs<\/a>.<\/p>\n\n\n\n<ul class=\"wp-block-list\">\n<li>Date : Dimanche 19 juillet 2026<\/li>\n\n\n\n<li>Inscription : 9 heures - <em>Pr\u00e9-inscription avant le 12 juillet pour une priorit\u00e9 le jour de la course<\/em><\/li>\n\n\n\n<li>Heure de d\u00e9part : 10h30 marche et 11h00 course<\/li>\n\n\n\n<li>Chronom\u00e9trage et m\u00e9dailles pour les participants pr\u00e9inscrits<\/li>\n\n\n\n<li>Pr\u00e9inscription en ligne : $6 pour les membres, $30 pour les invit\u00e9s\/visiteurs, $1 pour les jeunes <em>(avant le 12 juillet \u00e0 midi)<\/em><\/li>\n\n\n\n<li>Inscription sur place $10 pour les membres et $45 pour les invit\u00e9s\/visiteurs - pas de garantie de chronom\u00e9trage ou de m\u00e9dailles.<\/li>\n<\/ul>\n\n\n\n<p>L'aspect color\u00e9 de la course r\u00e9side dans le fait que les coureurs sont asperg\u00e9s d'amidon de ma\u00efs color\u00e9 \u00e0 diff\u00e9rentes \u00e9tapes du parcours. Elle s'inspire du festival hindou Holi (\u00e9galement connu sous le nom de festival des couleurs), au cours duquel les participants s'aspergent les uns les autres de poudre color\u00e9e et d'eau.<\/p>\n\n\n\n<p>TOUT LE MONDE est le bienvenu ! Inscription <span style=\"text-decoration: underline;\">comprend<\/span> l'acc\u00e8s \u00e0 toutes les commodit\u00e9s pour la journ\u00e9e.<\/p>\n\n\n\n<div class=\"wp-block-buttons is-layout-flex wp-block-buttons-is-layout-flex\">\n<div class=\"wp-block-button\"><a class=\"wp-block-button__link has-vivid-red-background-color has-background wp-element-button\" href=\"https:\/\/raceroster.com\/events\/2026\/116250\/5k-nude-colour-fun-run-2026\" target=\"_blank\" rel=\"noreferrer noopener\">INSCRIVEZ-VOUS POUR 2026<\/a><\/div>\n<\/div>\n\n\n\n<p><\/p>\n\n\n\n<p>Vous \u00eates nouveau dans le naturisme ?  Obtenez des r\u00e9ponses \u00e0 toutes vos <a title=\"Questions pour la premi\u00e8re fois\" href=\"\/fr\/first-visit\/\">questions pour la premi\u00e8re fois !<\/a><\/p>\n\n\n\n<p>S'il s'agit de votre premi\u00e8re visite au Bare Oaks Family Naturist Park, vous pouvez \u00e9galement acc\u00e9l\u00e9rer l'enregistrement en imprimant et en remplissant le formulaire suivant <a href=\"https:\/\/app.waiversign.com\/e\/660486dd505cbf00120843b2\/doc\/66048c4829e17c0012940c50\" target=\"_blank\" rel=\"noreferrer noopener nofollow\">ce formulaire<\/a> \u00e0 l'avance.<\/p>\n\n\n\n<pre class=\"wp-block-preformatted\">2025 R\u00e9sultats officiels de la course pour ceux qui ont termin\u00e9<br>22:45.2 Nick H<br>23:23.9 Georges B<br>23:44.8 Steven B<br>24:27.3 Tim B<br>24:55.7 Jessica L<br>25:50.3 Jim R<br>25:52.2 Brian D<br>26:05.3 Darren C<br>27:33.4 Tim G<br>28:03.8 Charlie B<br>28:09.4 Jacob A<br>28:19.1 Mark A<br>28:21.7 Jack M<br>28:43.5 John B<br>28:52.3 Daniel R<br>28:55.8 Ronnie M<br>29:39.6 Mike C<br>30:17.0 Ted W<br>30:26.2 Glen W<br>30:48.8 Andrei B<br>30:54.8 Jerry V<br>32:55.9 Tanner G<br>33:11.0 Paul S<br>33:15.3 Veronica R<br>33:15.4 Oscar T<br>33:16.9 Khan I<br>34:03.6 Scott P<br>34:44.3 Ashkan A<br>35:11.7 Zorik C<br>35:12.1 Barry Q<br>35:13.8 David P<br>35:15.4 Bruce F<br>36:17.8 Allen L<br>36:21.8 Steven M<br>36:32.3 Nguyen S<br>37:29.4 Chris K<br>37:39.7 Nayyar K<br>37:44.1 Lin Y<br>38:11.8 Daniel F<br>38:11.9 Austin G<br>38:19.1 David M<br>38:19.3 Ragish R<br>38:26.0 Gordon D<br>38:36.0 Paige R<br>38:43.0 Tim C<br>38:59.1 Stephen R<br>39:08.8 Sean H<br>39:53.3 Derek E<br>39:56.3 Collin E<br>40:42.2 Anna B<br>40:55.3 Matilda G<br>41:03.5 Jason V<br>41:12.0 Don H<br>42:10.7 Ian joshua S<br>42:26.8 Peter M<br>42:40.0 Kevin C<br>42:58.0 Kiana M<br>43:41.1 Madison M<br>44:33.3 Joanna V<br>45:49.5 Sherman W<br>45:49.9 Christian S<br>46:08.3 Madeline A<br>47:01.1 Calley G<br>51:42.3 Vallery G<br>56:01.2 Michelle H<br>56:46.5 Bob H<br>58:31.2 Zara G<br>58:46.1 Laura D<br>59:23.7 Majeedah B<br>1:08:22.3 Janet L<br>1:08:23.7 Linda D<br>1:08:24.7 Leslie P<br>1:08:25.6 Rick C<br>1:08:26.4 Eduardo R<br>1:08:27.6 Adrian A<br>1:08:28.6 Anita B<br>1:12:33.8 Greg T<br>1:23:20.7 Ashley A<br>1:23:21.9 Robert S<br><br>2024 R\u00e9sultats officiels de la course pour ceux qui ont termin\u00e9<br>22:53.9 Steven<br>23:25.2 Andrew K<br>23:35.0 Zhengbang<br>24:18.8 Will<br>24:28.0 Jessica<br>24:49.1 Nick H<br>25:12.9 Brian<br>25:46.0 John<br>25:55.2 Jim<br>26:07.9 Tim G<br>26:29.1 Timothy B<br>27:13.5 Ronnie<br>27:13.7 Georges<br>27:40.4 Tchad<br>28:01.6 Nathan<br>28:15.7 Mario<br>28:47.4 Charlie<br>31:43.5 Ishu<br>31:43.8 Oscar<br>31:44.0 Veronica<br>32:20.8 David P<br>32:58.4 Jay<br>33:11.7 Bruce<br>33:19.6 Gr\u00e9goire<br>34:29.7 Stuart<br>34:47.4 Alexei<br>35:02.8 Andrei<br>35:18.1 Barry<br>35:24.8 Andrew S<br>35:30.5 Scott<br>36:12.0 Wyatt<br>36:13.0 Dominic<br>36:19.5 Tarandeep<br>36:22.2 Nayyar<br>36:45.6 Chris<br>36:53.4 Tim C<br>37:14.3 Ekaterina<br>37:47.2 Madison M<br>39:07.2 Anna<br>39:58.4 Sang<br>39:59.1 Aly<br>40:01.3 Lauren<br>40:01.9 Lawrence<br>40:09.9 Collin<br>40:29.9 David L<br>41:16.5 Lynette<br>42:21.8 Jen<br>42:35.7 Mike<br>42:47.7 Rick<br>43:18.5 Matilda<br>43:57.2 Alysha<br>44:34.5 Michael<br>45:47.5 Louis<br>45:51.1 Christian<br>45:52.4 Sherman<br>47:25.3 Claudia<br>51:57.6 Joanna<br>52:52.3 Brianna<br>55:05.4 Sophia<br>55:05.8 Caitlyn<br>55:39.9 Madison C<br>56:36.6 Thomas<br>01:46.4 Val\u00e9rie<br>01:46.5 M\u00e9lodie<br>01:47.5 Nick S<br><br>2023 R\u00e9sultats officiels de la course pour ceux qui ont termin\u00e9 : - Chronom\u00e9trage par puce !\t\t\t<br>22:01.0 William M Y36<br>22:37.9 Nick H Y3<br>23:24.4 Mitch L Y18<br>23:31.9 Duell K Y6<br>26:01.6 Daniel R Y45<br>26:11.1 Tim G Y2<br>26:17.0 Vincent V Y28<br>26:55.9 Twan V Y48<br>28:50.2 Peter K Y27<br>29:41.0 Mike C Y34<br>32:30.5 AlexanderK Y5<br>32:39.1 Tina W Y47<br>32:57.0 James R Y29<br>33:01.4 Andrei K Y24<br>33:02.8 Daniel M Y8<br>33:17.1 Bruce F Y26<br>33:47.6 William X Y16<br>33:52.8 Rui W Y13<br>33:55.7 Jay S Y31<br>33:57.3 David P Y10<br>34:18.3 Nicolad G Y41<br>35:15.5 Alex R Y1<br>36:24.1 Bob S Y11<br>37:03.8 Derek E Y39<br>37:10.6 Barry Q Y21<br>39:14.8 Sang N Y35<br>39:42.5 Tim G Y30<br>40:27.2 Dominic P Y15<br>40:27.9 JonathonP Y40<br>40:39.2 Peter M Y25<br>40:49.4 Lizzy W Y44<br>41:40.0 Nayyar K Y4<br>44:00.9 Rick C Y33<br>44:05.4 Colin E Y49<br>45:05.2 Ethan B Y23<br>46:53.0 Anna B Y19<br>47:59.8 Maddie M Y22<br>48:03.3 Caitlin H Y20<br>48:04.2 Sophie R Y43<br>49:20.2 Rohit P -<br>52:39.2 Robert W Y14<br>58:13.4 Breanna A Y7<br>58:40.9 Tim B Y46<br>59:41.2 Jesse S Y38<br>59:41.8 Andrew S Y12<br>59:49.1 Jayme S Y37<br>59:50.3 Jessica P Y9<br>1:03:29 Randy H Y17<br>1:03:48 Anita B -<br>1:03:48 Linda D -<br>1:03:48 Athena S -<br><br>2022 Aucun r\u00e9sultat de course n'a \u00e9t\u00e9 publi\u00e9 en raison de nombreuses incoh\u00e9rences dans les donn\u00e9es.<br><br>2021 R\u00e9sultats officiels de la course pour ceux qui ont termin\u00e9 :<br>1 Scott B 00'21'49 <br>4 Erin E 00'23'53 <br>7 Nick H 00'24'03 <br>24 Daniel R 00'24'10 <br>27 Nathan H 00'24'58 <br>48 Selinder 00'26'12 *<br>47 Steve 00'26'18 *<br>36 Neil I 00'26'25 <br>29 Mike C 00'29'10 <br>23 Keenan W 00'29'54 <br>40 Dave B 00'30'11 <br>17 Jay S 00'31'04 <br>20 Tom S 00'31'19 <br>14 David P 00'31'57 <br>45 Bilal 00'32'19 <br>44 Jennifer 00'33'17 <br>33 St\u00e9phane B 00'34'53 <br>28 Derek E 00'35'12 <br>19 Robin S 00'35'12 <br>46 Joseph S 00'35'19 *<br>21 Victor S 00'35'29 <br>12 Zach M 00'35'54 <br>38 Nikki 00'37'19 <br>30 Sang N 00'37'51 <br>43 Collin 00'38'07 <br>34 Chris D 00'40'00 <br>3 Jim B 00'40'24 <br>2 Brandon B 00'40'28 <br>26 Lizzie W 00'40'57 <br>8 Paul H 00'41'07 <br>25 Jackey W 00'42'00 <br>37 Sara Y 00'42'34 <br>41 Anna B 00'42'39 <br>9 Adam K 00'45'00 <br>39 Dave 00'45'44 <br>15 Raja R 00'55'47 <br>31 Linda D 01'04'06 <br>32 Anita G 01'04'10 <br>42 Athina 01'04'12 <br>*Un tour manque dans les r\u00e9sultats. Ceci peut \u00eatre d\u00fb \u00e0 une erreur de chronom\u00e9trage puisque l'enregistrement des temps a \u00e9t\u00e9 fait manuellement. Nous nous excusons pour cette erreur. Nous envisageons un chronom\u00e9trage \u00e9lectronique pour les prochaines courses.<br><br>2020 R\u00e9sultats officiels de la course pour ceux qui ont termin\u00e9 :<br>32 Daniel 00'25'33<br>16 Eden 00'26'38 (3km seulement)<br>24 Neil 00'27'01<br>20 Lauren 00'28'54<br>10 Derek 00'30'32<br>33 All\u00e9e 00'33'10<br>34 Paul 00'33'23<br>23 Sara 00'34'26<br>14 Kieran 00'34'32<br>25 Ishrat 00'34'57<br>31 Nicole 00'36'01<br>30 Sanju 00'39'46<br>29 Steve 00'39'47<br>28 Mike 00'45'02<br>17 Lizzy 00'45'30<br>13 Rowan 00'46'56<br>12 Chris 00'47'53<br>18 Jackie 00'48'27<br>11 Alysha 00'48'48<br><br>2019 R\u00e9sultats officiels de la course pour ceux qui ont termin\u00e9 :<br>R\u00e9sultats \u00e9gar\u00e9s - d\u00e9sol\u00e9 !<br><br>2018 R\u00e9sultats officiels de la course pour ceux qui ont termin\u00e9 :<br>Scott 24:54<br>Daniel 25:03<br>Matt 26:09<br>Tom 26:10<br>Derek 26:35<br>Mike 26:36<br>Patrick 26:37<br>Rachel 26:38<br>Andr\u00e9 26:44<br>Jason 27:38<br>Jean 28:26<br>Corina 30:28<br>Jeff 30:37<br>Landon 30:46<br>Ali 31:07<br>Bruce 31:28<br>Paul 32:33<br>Kerwin 34:06<br>Chris 35:15<br>Ben 35:42<br>Sanju 36:07<br>Andy 38:08<br>Michael 38:09<br><br>2017 R\u00e9sultats officiels de la course pour ceux qui ont termin\u00e9 :<br>14-Ian 25:16<br>40-Neil 25:20<br>9-Jean 26:22<br>35-Mike 26:38<br>7-Derek 27:08<br>22-Kathryn 27:20<br>3-Legacy 28:44<br>16-Kevin M. 29:27<br>41-Aly 30:43<br>20-Robin 30:53<br>11-Matthieu 31:00<br>5-Bill 31:28<br>32-Frank 32:16<br>29-Kevin B. 34:00<br>44-Evan 34:22<br>4-Jermaine 34:41<br>28-Daniel 36:24<br>8-Phi 36:24<br>10-Sanju 37:04<br>30-Jonathan 42:00<br>13-Michelle 42:12<br>33-Bradley 42:29<br>31-Forrest 42:36<br>17-Andrew 43:00<br>36-Meagan 43:42<br>39-Kevin C. 43:42<br>42-Stephane 45:12<br>43-Chris D. 45:12<br>37-Chris A. 45:40<br>24-Laura 47:30<br>25-Lizzy 47:30<br>26-Tina 47:30<br>27-Jackie 47:30<br>38-Ken 53:50<br>6-John D 56:42<br>18-Robert 59:16<br>21-Sarah 59:17<br>34 Chris K. 1:04:38<\/pre>","protected":false},"excerpt":{"rendered":"<p>Un \u00e9v\u00e9nement annuel depuis 2016 ! Course color\u00e9e de 5 km \u00e0 travers le parc. Il s'agit d'une course FUN, vous n'avez donc pas besoin d'\u00eatre un pro. Vous pouvez courir, jogger, marcher... Sponsoris\u00e9 par The Running Room. L'aspect color\u00e9 de la course r\u00e9side dans le fait que les coureurs sont asperg\u00e9s d'amidon de ma\u00efs color\u00e9 \u00e0 diff\u00e9rentes \u00e9tapes du parcours. Elle s'inspire du festival hindou Holi (\u00e9galement connu sous le nom de festival des couleurs), au cours duquel les participants s'aspergent les uns les autres de poudre color\u00e9e et d'eau. TOUT LE MONDE est le bienvenu ! L'inscription comprend l'acc\u00e8s \u00e0 toutes les installations pour la journ\u00e9e. Vous \u00eates novice en mati\u00e8re de naturisme ?  Obtenez des r\u00e9ponses \u00e0 toutes les questions que vous vous posez pour la premi\u00e8re fois ! Si cette<a class=\"more-link\" href=\"https:\/\/www.bareoaks.ca\/fr\/nude-5k-run\/\">Lire la suite \u2192<\/a><\/p>","protected":false},"author":73,"featured_media":0,"parent":0,"menu_order":1,"comment_status":"closed","ping_status":"closed","template":"","meta":{"_themeisle_gutenberg_block_has_review":false,"footnotes":""},"class_list":["entry","author-sdeschenes","post-483","page","type-page","status-publish"],"yoast_head":"<!-- This site is optimized with the Yoast SEO plugin v27.4 - https:\/\/yoast.com\/product\/yoast-seo-wordpress\/ -->\n<title>5K Colour Fun Run - clothes-free! &#8226; Bare Oaks Family Naturist Park<\/title>\n<meta name=\"description\" content=\"Nude 5K fun run\" \/>\n<meta name=\"robots\" content=\"index, follow, max-snippet:-1, max-image-preview:large, max-video-preview:-1\" \/>\n<link rel=\"canonical\" href=\"https:\/\/www.bareoaks.ca\/fr\/nude-5k-run\/\" \/>\n<meta property=\"og:locale\" content=\"fr_CA\" \/>\n<meta property=\"og:type\" content=\"article\" \/>\n<meta property=\"og:title\" content=\"5K Colour Fun Run - clothes-free! &#8226; Bare Oaks Family Naturist Park\" \/>\n<meta property=\"og:description\" content=\"Nude 5K fun run\" \/>\n<meta property=\"og:url\" content=\"https:\/\/www.bareoaks.ca\/fr\/nude-5k-run\/\" \/>\n<meta property=\"og:site_name\" content=\"Bare Oaks Family Naturist Park\" \/>\n<meta property=\"article:publisher\" content=\"https:\/\/www.facebook.com\/BareOaksPark\" \/>\n<meta property=\"article:modified_time\" content=\"2026-02-21T22:39:56+00:00\" \/>\n<meta property=\"og:image\" content=\"https:\/\/www.bareoaks.ca\/wp-content\/uploads\/2018\/07\/nude-runners-art-RC-1046x800.png\" \/>\n\t<meta property=\"og:image:width\" content=\"1046\" \/>\n\t<meta property=\"og:image:height\" content=\"800\" \/>\n\t<meta property=\"og:image:type\" content=\"image\/png\" \/>\n<meta name=\"twitter:card\" content=\"summary_large_image\" \/>\n<meta name=\"twitter:site\" content=\"@BareOaksPark\" \/>\n<meta name=\"twitter:label1\" content=\"Estimation du temps de lecture\" \/>\n\t<meta name=\"twitter:data1\" content=\"2 minutes\" \/>\n<script type=\"application\/ld+json\" class=\"yoast-schema-graph\">{\"@context\":\"https:\\\/\\\/schema.org\",\"@graph\":[{\"@type\":\"WebPage\",\"@id\":\"https:\\\/\\\/www.bareoaks.ca\\\/nude-5k-run\\\/\",\"url\":\"https:\\\/\\\/www.bareoaks.ca\\\/nude-5k-run\\\/\",\"name\":\"5K Colour Fun Run - clothes-free! &#8226; Bare Oaks Family Naturist Park\",\"isPartOf\":{\"@id\":\"https:\\\/\\\/www.bareoaks.ca\\\/#website\"},\"primaryImageOfPage\":{\"@id\":\"https:\\\/\\\/www.bareoaks.ca\\\/nude-5k-run\\\/#primaryimage\"},\"image\":{\"@id\":\"https:\\\/\\\/www.bareoaks.ca\\\/nude-5k-run\\\/#primaryimage\"},\"thumbnailUrl\":\"https:\\\/\\\/www.bareoaks.ca\\\/wp-content\\\/uploads\\\/2018\\\/07\\\/nude-runners-art-RC-1046x800-300x229.png\",\"datePublished\":\"2016-06-17T17:14:01+00:00\",\"dateModified\":\"2026-02-21T22:39:56+00:00\",\"description\":\"Nude 5K fun run\",\"breadcrumb\":{\"@id\":\"https:\\\/\\\/www.bareoaks.ca\\\/nude-5k-run\\\/#breadcrumb\"},\"inLanguage\":\"fr-CA\",\"potentialAction\":[{\"@type\":\"ReadAction\",\"target\":[\"https:\\\/\\\/www.bareoaks.ca\\\/nude-5k-run\\\/\"]}]},{\"@type\":\"ImageObject\",\"inLanguage\":\"fr-CA\",\"@id\":\"https:\\\/\\\/www.bareoaks.ca\\\/nude-5k-run\\\/#primaryimage\",\"url\":\"https:\\\/\\\/www.bareoaks.ca\\\/wp-content\\\/uploads\\\/2018\\\/07\\\/nude-runners-art-RC-1046x800-300x229.png\",\"contentUrl\":\"https:\\\/\\\/www.bareoaks.ca\\\/wp-content\\\/uploads\\\/2018\\\/07\\\/nude-runners-art-RC-1046x800-300x229.png\"},{\"@type\":\"BreadcrumbList\",\"@id\":\"https:\\\/\\\/www.bareoaks.ca\\\/nude-5k-run\\\/#breadcrumb\",\"itemListElement\":[{\"@type\":\"ListItem\",\"position\":1,\"name\":\"Home\",\"item\":\"https:\\\/\\\/www.bareoaks.ca\\\/\"},{\"@type\":\"ListItem\",\"position\":2,\"name\":\"5K Colour Fun Run &#8211; clothes-free!\"}]},{\"@type\":\"WebSite\",\"@id\":\"https:\\\/\\\/www.bareoaks.ca\\\/#website\",\"url\":\"https:\\\/\\\/www.bareoaks.ca\\\/\",\"name\":\"Bare Oaks Family Naturist Park\",\"description\":\"Traditional naturist values in a modern setting\",\"publisher\":{\"@id\":\"https:\\\/\\\/www.bareoaks.ca\\\/#organization\"},\"potentialAction\":[{\"@type\":\"SearchAction\",\"target\":{\"@type\":\"EntryPoint\",\"urlTemplate\":\"https:\\\/\\\/www.bareoaks.ca\\\/?s={search_term_string}\"},\"query-input\":{\"@type\":\"PropertyValueSpecification\",\"valueRequired\":true,\"valueName\":\"search_term_string\"}}],\"inLanguage\":\"fr-CA\"},{\"@type\":\"Organization\",\"@id\":\"https:\\\/\\\/www.bareoaks.ca\\\/#organization\",\"name\":\"Bare Oaks Family Naturist Park\",\"url\":\"https:\\\/\\\/www.bareoaks.ca\\\/\",\"logo\":{\"@type\":\"ImageObject\",\"inLanguage\":\"fr-CA\",\"@id\":\"https:\\\/\\\/www.bareoaks.ca\\\/#\\\/schema\\\/logo\\\/image\\\/\",\"url\":\"https:\\\/\\\/www.bareoaks.ca\\\/wp-content\\\/uploads\\\/2025\\\/07\\\/BareOaksLogo_website.png\",\"contentUrl\":\"https:\\\/\\\/www.bareoaks.ca\\\/wp-content\\\/uploads\\\/2025\\\/07\\\/BareOaksLogo_website.png\",\"width\":250,\"height\":132,\"caption\":\"Bare Oaks Family Naturist Park\"},\"image\":{\"@id\":\"https:\\\/\\\/www.bareoaks.ca\\\/#\\\/schema\\\/logo\\\/image\\\/\"},\"sameAs\":[\"https:\\\/\\\/www.facebook.com\\\/BareOaksPark\",\"https:\\\/\\\/x.com\\\/BareOaksPark\",\"https:\\\/\\\/www.instagram.com\\\/bareoaks\\\/\",\"http:\\\/\\\/www.linkedin.com\\\/company\\\/bare-oaks-family-naturist-park\",\"https:\\\/\\\/www.youtube.com\\\/user\\\/BareOaks\",\"https:\\\/\\\/en.wikipedia.org\\\/wiki\\\/Bare_Oaks_Family_Naturist_Park\"]}]}<\/script>\n<!-- \/ Yoast SEO plugin. -->","yoast_head_json":{"title":"5K Colour Fun Run - sans v\u00eatements ! - Parc naturiste familial Bare Oaks","description":"Course \u00e0 pied nue de 5 km","robots":{"index":"index","follow":"follow","max-snippet":"max-snippet:-1","max-image-preview":"max-image-preview:large","max-video-preview":"max-video-preview:-1"},"canonical":"https:\/\/www.bareoaks.ca\/fr\/nude-5k-run\/","og_locale":"fr_CA","og_type":"article","og_title":"5K Colour Fun Run - clothes-free! &#8226; Bare Oaks Family Naturist Park","og_description":"Nude 5K fun run","og_url":"https:\/\/www.bareoaks.ca\/fr\/nude-5k-run\/","og_site_name":"Bare Oaks Family Naturist Park","article_publisher":"https:\/\/www.facebook.com\/BareOaksPark","article_modified_time":"2026-02-21T22:39:56+00:00","og_image":[{"width":1046,"height":800,"url":"https:\/\/www.bareoaks.ca\/wp-content\/uploads\/2018\/07\/nude-runners-art-RC-1046x800.png","type":"image\/png"}],"twitter_card":"summary_large_image","twitter_site":"@BareOaksPark","twitter_misc":{"Estimation du temps de lecture":"2 minutes"},"schema":{"@context":"https:\/\/schema.org","@graph":[{"@type":"WebPage","@id":"https:\/\/www.bareoaks.ca\/nude-5k-run\/","url":"https:\/\/www.bareoaks.ca\/nude-5k-run\/","name":"5K Colour Fun Run - sans v\u00eatements ! - Parc naturiste familial Bare Oaks","isPartOf":{"@id":"https:\/\/www.bareoaks.ca\/#website"},"primaryImageOfPage":{"@id":"https:\/\/www.bareoaks.ca\/nude-5k-run\/#primaryimage"},"image":{"@id":"https:\/\/www.bareoaks.ca\/nude-5k-run\/#primaryimage"},"thumbnailUrl":"https:\/\/www.bareoaks.ca\/wp-content\/uploads\/2018\/07\/nude-runners-art-RC-1046x800-300x229.png","datePublished":"2016-06-17T17:14:01+00:00","dateModified":"2026-02-21T22:39:56+00:00","description":"Course \u00e0 pied nue de 5 km","breadcrumb":{"@id":"https:\/\/www.bareoaks.ca\/nude-5k-run\/#breadcrumb"},"inLanguage":"fr-CA","potentialAction":[{"@type":"ReadAction","target":["https:\/\/www.bareoaks.ca\/nude-5k-run\/"]}]},{"@type":"ImageObject","inLanguage":"fr-CA","@id":"https:\/\/www.bareoaks.ca\/nude-5k-run\/#primaryimage","url":"https:\/\/www.bareoaks.ca\/wp-content\/uploads\/2018\/07\/nude-runners-art-RC-1046x800-300x229.png","contentUrl":"https:\/\/www.bareoaks.ca\/wp-content\/uploads\/2018\/07\/nude-runners-art-RC-1046x800-300x229.png"},{"@type":"BreadcrumbList","@id":"https:\/\/www.bareoaks.ca\/nude-5k-run\/#breadcrumb","itemListElement":[{"@type":"ListItem","position":1,"name":"Home","item":"https:\/\/www.bareoaks.ca\/"},{"@type":"ListItem","position":2,"name":"5K Colour Fun Run &#8211; clothes-free!"}]},{"@type":"WebSite","@id":"https:\/\/www.bareoaks.ca\/#website","url":"https:\/\/www.bareoaks.ca\/","name":"Parc naturiste familial Bare Oaks","description":"Des valeurs naturistes traditionnelles dans un cadre moderne","publisher":{"@id":"https:\/\/www.bareoaks.ca\/#organization"},"potentialAction":[{"@type":"SearchAction","target":{"@type":"EntryPoint","urlTemplate":"https:\/\/www.bareoaks.ca\/?s={search_term_string}"},"query-input":{"@type":"PropertyValueSpecification","valueRequired":true,"valueName":"search_term_string"}}],"inLanguage":"fr-CA"},{"@type":"Organization","@id":"https:\/\/www.bareoaks.ca\/#organization","name":"Parc naturiste familial Bare Oaks","url":"https:\/\/www.bareoaks.ca\/","logo":{"@type":"ImageObject","inLanguage":"fr-CA","@id":"https:\/\/www.bareoaks.ca\/#\/schema\/logo\/image\/","url":"https:\/\/www.bareoaks.ca\/wp-content\/uploads\/2025\/07\/BareOaksLogo_website.png","contentUrl":"https:\/\/www.bareoaks.ca\/wp-content\/uploads\/2025\/07\/BareOaksLogo_website.png","width":250,"height":132,"caption":"Bare Oaks Family Naturist Park"},"image":{"@id":"https:\/\/www.bareoaks.ca\/#\/schema\/logo\/image\/"},"sameAs":["https:\/\/www.facebook.com\/BareOaksPark","https:\/\/x.com\/BareOaksPark","https:\/\/www.instagram.com\/bareoaks\/","http:\/\/www.linkedin.com\/company\/bare-oaks-family-naturist-park","https:\/\/www.youtube.com\/user\/BareOaks","https:\/\/en.wikipedia.org\/wiki\/Bare_Oaks_Family_Naturist_Park"]}]}},"_links":{"self":[{"href":"https:\/\/www.bareoaks.ca\/fr\/wp-json\/wp\/v2\/pages\/483","targetHints":{"allow":["GET"]}}],"collection":[{"href":"https:\/\/www.bareoaks.ca\/fr\/wp-json\/wp\/v2\/pages"}],"about":[{"href":"https:\/\/www.bareoaks.ca\/fr\/wp-json\/wp\/v2\/types\/page"}],"author":[{"embeddable":true,"href":"https:\/\/www.bareoaks.ca\/fr\/wp-json\/wp\/v2\/users\/73"}],"replies":[{"embeddable":true,"href":"https:\/\/www.bareoaks.ca\/fr\/wp-json\/wp\/v2\/comments?post=483"}],"version-history":[{"count":43,"href":"https:\/\/www.bareoaks.ca\/fr\/wp-json\/wp\/v2\/pages\/483\/revisions"}],"predecessor-version":[{"id":82597,"href":"https:\/\/www.bareoaks.ca\/fr\/wp-json\/wp\/v2\/pages\/483\/revisions\/82597"}],"wp:attachment":[{"href":"https:\/\/www.bareoaks.ca\/fr\/wp-json\/wp\/v2\/media?parent=483"}],"curies":[{"name":"wp","href":"https:\/\/api.w.org\/{rel}","templated":true}]}}