{"id":5,"date":"2010-03-02T22:08:40","date_gmt":"2010-03-03T03:08:40","guid":{"rendered":"http:\/\/ww1.bareoaks.ca\/?page_id=5"},"modified":"2025-10-25T11:50:16","modified_gmt":"2025-10-25T15:50:16","slug":"rates","status":"publish","type":"page","link":"https:\/\/www.bareoaks.ca\/fr\/rates\/","title":{"rendered":"Tarifs"},"content":{"rendered":"<figure class=\"wp-block-image is-resized is-style-default\"><img loading=\"lazy\" decoding=\"async\" width=\"700\" height=\"120\" src=\"https:\/\/www.bareoaks.ca\/wp-content\/uploads\/2010\/03\/rates_header_image.png\" alt=\"rates_header_image\" class=\"wp-image-1143\" style=\"width:1040px;height:250px\" srcset=\"https:\/\/www.bareoaks.ca\/wp-content\/uploads\/2010\/03\/rates_header_image.png 700w, https:\/\/www.bareoaks.ca\/wp-content\/uploads\/2010\/03\/rates_header_image-300x51.png 300w\" sizes=\"auto, (max-width: 700px) 100vw, 700px\" \/><\/figure>\n\n\n\n<p class=\"has-text-align-center\"><a href=\"#str\">Taux \u00e0 court terme<\/a> | <a href=\"#ltr\">Taux \u00e0 long terme<\/a> | <a href=\"#pm\">Modes de paiement<\/a> | <a href=\"#cs\">Conditions<\/a><\/p>\n\n\n\n<p>Nos tarifs (ci-dessous) sont bas\u00e9s sur une combinaison de facteurs concurrentiels et de co\u00fbts op\u00e9rationnels. Le maintien d'un environnement sensible et la pr\u00e9servation d'un grand pourcentage de la propri\u00e9t\u00e9 dans son \u00e9tat naturel ont un co\u00fbt. Ainsi, Bare Oaks ne sera jamais l'option la moins ch\u00e8re pour le naturisme ou le camping en g\u00e9n\u00e9ral.<\/p>\n\n\n\n<p>Cela dit, le naturisme n'est pas r\u00e9serv\u00e9 aux riches. Nous ne voulons pas que des consid\u00e9rations \u00e9conomiques fassent obstacle aux personnes qui souhaitent partager notre monde naturiste. Si vous n'avez pas les moyens de payer nos tarifs, veuillez contacter le bureau. Des dispositions sp\u00e9ciales peuvent \u00eatre prises.<\/p>\n\n\n\n<p><em>S'il s'agit de votre premi\u00e8re visite, gagnez du temps en remplissant le formulaire suivant <a href=\"https:\/\/app.waiversign.com\/e\/660486dd505cbf00120843b2\/doc\/66048c4829e17c0012940c50\" target=\"_blank\" rel=\"noreferrer noopener nofollow\">ce formulaire<\/a> \u00e0 l'avance.<\/em><\/p>\n\n\n\n<h3 class=\"wp-block-heading\">R\u00e9servations<\/h3>\n\n\n\n<p>La r\u00e9servation n'est pas obligatoire, mais elle est recommand\u00e9e. Les chambres d'h\u00f4tel et les campings \u00e9quip\u00e9s sont parfois complets. Nous demandons le paiement int\u00e9gral au moment de la r\u00e9servation. Pour r\u00e9server : <a href=\"https:\/\/www.bareoaks.ca\/fr\/reservations\/\">BareOaks.ca\/r\u00e9servations\/<\/a><a name=\"str\"><\/a><\/p>\n\n\n\n<div class=\"wp-block-buttons is-layout-flex wp-block-buttons-is-layout-flex\">\n<div class=\"wp-block-button\"><a class=\"wp-block-button__link has-vivid-red-background-color has-background wp-element-button\" href=\"https:\/\/www.camplife.com\/BareOaks\/reservation\/step1\" style=\"padding-top:var(--wp--preset--spacing--20);padding-bottom:var(--wp--preset--spacing--20)\">R\u00e9servations<\/a><\/div>\n<\/div>\n\n\n\n<h2 class=\"wp-block-heading\" id=\"str\">Taux \u00e0 court terme<\/h2>\n\n\n\n<p>Ces tarifs s'appliquent aux visiteurs d'un jour (non-membres) et aux h\u00f4tes d'une nuit (membres et non-membres). Les visiteurs d'un jour ne peuvent utiliser les installations que lorsque le bureau est ouvert. L'admission est soumise \u00e0 notre <a href=\"\/fr\/member-and-visitor-agreement\/\" target=\"_self\" rel=\"noopener noreferrer\">politiques<\/a> et les personnes qui viennent pour la premi\u00e8re fois devront remplir notre formulaire de demande d'information. <a href=\"https:\/\/app.waiversign.com\/e\/660486dd505cbf00120843b2\/doc\/66048c4829e17c0012940c50\" target=\"_blank\" rel=\"noreferrer noopener nofollow\">application <\/a>formulaire. Les campeurs doivent \u00e9galement consulter notre <a href=\"\/fr\/camping-regulations\/\">r\u00e9glementation du camping<\/a>.<\/p>\n\n\n\n<p>Nous gardons des emplacements ouverts pour le camping de courte dur\u00e9e. Ces emplacements ne sont pas destin\u00e9s \u00e0 l'entreposage de caravanes. Une caravane ou une tente ne peut rester sur l'emplacement que pendant que les occupants l'utilisent. Comme nous disposons d'un nombre limit\u00e9 d'emplacements, nous faisons en sorte que le plus grand nombre possible d'emplacements soit disponible pour les campeurs de week-end et de vacances.<\/p>\n\n\n\n<div class=\"wp-block-columns is-layout-flex wp-container-core-columns-is-layout-9d6595d7 wp-block-columns-is-layout-flex\">\n<div class=\"wp-block-column is-layout-flow wp-block-column-is-layout-flow\" style=\"flex-basis:5%\"><\/div>\n\n\n\n<div class=\"wp-block-column is-layout-flow wp-block-column-is-layout-flow\" style=\"flex-basis:95%\">\n<h3 class=\"wp-block-heading\">Droits d'entr\u00e9e journaliers (non-membres)<\/h3>\n\n\n\n<p><strong>Prix normal<\/strong><\/p>\n\n\n\n<p>$52.21\/jour (famille, couple ou personne seule)<\/p>\n\n\n\n<p><strong>Membres INF, FCN\/FQN, AANR, TNS<\/strong>:<\/p>\n\n\n\n<p>$43,36\/jour (famille, couple ou personne seule)<\/p>\n\n\n\n<p><strong>Jeunes adultes 18-25<\/strong> (gratuit en tant qu'invit\u00e9 d'un membre)<\/p>\n\n\n\n<p>$10.62\/jour (famille, couple ou personne seule)<\/p>\n\n\n\n<p><em>Un couple est d\u00e9fini comme deux adultes qui se pr\u00e9sentent comme tels. Une famille est compos\u00e9e d'un ou deux adultes et d'un nombre illimit\u00e9 d'enfants. Le troisi\u00e8me adulte d'une famille b\u00e9n\u00e9ficie d'un demi-tarif.&nbsp;<\/em><\/p>\n\n\n\n<h3 class=\"wp-block-heading\">H\u00e9bergement<\/h3>\n\n\n\n<p><a href=\"\/fr\/accommodations\/\" target=\"_self\" rel=\"noopener noreferrer\">Cliquez ici pour les d\u00e9tails de l'h\u00e9bergement<\/a><br><em>Les chambres, les cabines et les campings ne comprennent pas les droits d'entr\u00e9e.<\/em><\/p>\n\n\n\n<p><strong>SP\u00c9CIALES<\/strong><br>s\u00e9jour de 3 nuits et plus : \u00c9CONOMISEZ 5%<br>s\u00e9jour de 5 nuits et plus : \u00c9CONOMISEZ 12%<br>s\u00e9jour de 7 nuits et plus : \u00c9CONOMISEZ 20%<br>Sur les frais de s\u00e9jour et d'h\u00e9bergement<\/p>\n\n\n\n<p><strong><a href=\"https:\/\/www.bareoaks.ca\/fr\/accommodations\/\">CAMPING<\/a><br><\/strong>(rustique - sans eau ni \u00e9lectricit\u00e9)<\/p>\n\n\n\n<p>$11,50\/nuit<\/p>\n\n\n\n<p><em>Vous voulez faire du camping mais vous ne poss\u00e9dez pas de mat\u00e9riel de camping ? Vous pouvez louer tout le mat\u00e9riel de camping dont vous aurez besoin pour votre s\u00e9jour. Nos amis de <a href=\"https:\/\/CampRentique.ca?sca_ref=5944720.IdHV83pcph\">Camp Rentique<\/a> livrera tout le mat\u00e9riel \u00e0 votre porte la veille de votre voyage et le r\u00e9cup\u00e9rera le lendemain de votre retour. R\u00e9servez du mat\u00e9riel de camping : <a href=\"https:\/\/CampRentique.ca?sca_ref=5944720.IdHV83pcph\">https:\/\/CampRentique.ca<\/a><\/em><\/p>\n\n\n\n<p><strong><a href=\"https:\/\/www.bareoaks.ca\/fr\/accommodations\/\">CAMPING<\/a><br><\/strong>(2 services - eau et \u00e9lectricit\u00e9)<\/p>\n\n\n\n<p>$23.89\/nuit (120v, 30 amp)<br>$54.87\/nuit (240v, 50 amp)<\/p>\n\n\n\n<p><a href=\"https:\/\/www.bareoaks.ca\/fr\/accommodations\/\"><strong>SALLES DU CLUBHOUSE<\/strong><\/a><\/p>\n\n\n\n<p>Chambre King Sup\u00e9rieure (salle de bain priv\u00e9e) - $101.77\/nuit + $20\/s\u00e9jour m\u00e9nage<br>Chambres Queen (salle de bain partag\u00e9e) - $69.91\/nuit + $20\/s\u00e9jour m\u00e9nage<\/p>\n\n\n\n<p><a href=\"https:\/\/www.bareoaks.ca\/fr\/cabins\/\"><strong>LOCATION DE CABINES<\/strong><\/a><\/p>\n\n\n\n<p>Grand Cabin - $195.58\/nuit + $25\/s\u00e9jour m\u00e9nage - 2 nuits minimum<br>Cozy Cabin - $108.85\/nuit plus + $20\/s\u00e9jour m\u00e9nage<a name=\"ltr\"><\/a><\/p>\n<\/div>\n<\/div>\n\n\n\n<h2 class=\"wp-block-heading\" id=\"ltr\">Taux \u00e0 long terme<\/h2>\n\n\n\n<p>Ces tarifs sont r\u00e9serv\u00e9s aux membres. Les membres peuvent disposer d'un emplacement \u00e0 l'ann\u00e9e sur lequel ils peuvent installer une caravane. Les emplacements \u00e0 l'ann\u00e9e sont soumis \u00e0 la <a href=\"https:\/\/www.bareoaks.ca\/wp-content\/uploads\/2010\/03\/forms_License-of-occupation.pdf\" target=\"_blank\" rel=\"noopener noreferrer\">Permis de travail<\/a>.<\/p>\n\n\n\n<p>Pour l'instant, il n'y a pas de disponibilit\u00e9 d'emplacements de longue dur\u00e9e avec services (mais nous gardons 20 emplacements avec services pour le camping de courte dur\u00e9e). (Si vous \u00eates int\u00e9ress\u00e9 par un emplacement de longue dur\u00e9e, deux possibilit\u00e9s s'offrent \u00e0 vous :<\/p>\n\n\n\n<ol class=\"wp-block-list\">\n<li><a href=\"https:\/\/goo.gl\/forms\/hVH90kpfijh9t68B2\" target=\"_blank\" rel=\"noopener noreferrer\">Liste d'attente<\/a><\/li>\n\n\n\n<li>Achat d'une caravane avec un emplacement de camping (voir <a href=\"https:\/\/www.bareoaks.ca\/fr\/used-trailers\/\">remorques \u00e0 vendre<\/a>)<\/li>\n<\/ol>\n\n\n\n<p>En fonction d'un certain nombre de facteurs, le gouvernement peut imposer une taxe fonci\u00e8re sur les caravanes install\u00e9es \u00e0 l'ann\u00e9e. <a href=\"\/fr\/assessment\/\">Cliquez ici pour plus d'informations<\/a>. Si une caravane est \u00e9valu\u00e9e, les propri\u00e9taires recevront une facture pour leur part de l'imp\u00f4t foncier.<\/p>\n\n\n\n<div class=\"wp-block-columns is-layout-flex wp-container-core-columns-is-layout-9d6595d7 wp-block-columns-is-layout-flex\">\n<div class=\"wp-block-column is-layout-flow wp-block-column-is-layout-flow\" style=\"flex-basis:5%\"><\/div>\n\n\n\n<div class=\"wp-block-column is-layout-flow wp-block-column-is-layout-flow\" style=\"flex-basis:95%\">\n<h3 class=\"wp-block-heading\">Cotisations annuelles<\/h3>\n\n\n\n<p><strong>R\u00e9guli\u00e8re<\/strong> (famille, couple ou c\u00e9libataire)<br>$760<\/p>\n\n\n\n<p><strong>Membres INF, FCN\/FQN, AANR, TNS\u00a0<\/strong>(famille, couple ou c\u00e9libataire)<br>$717<\/p>\n\n\n\n<p><strong>Jeunes adultes (18-25)<\/strong> (gratuit en tant qu'invit\u00e9 d'un membre)<br>$157<\/p>\n\n\n\n<p><em>Les adh\u00e9sions achet\u00e9es en cours d'ann\u00e9e sont calcul\u00e9es au prorata jusqu'au 31 mars (sauf pour les renouvellements tardifs).<br>Un couple est d\u00e9fini comme deux adultes qui se pr\u00e9sentent comme tels. Une famille est compos\u00e9e d'un ou deux adultes et d'un nombre illimit\u00e9 d'enfants. Le troisi\u00e8me adulte d'une famille b\u00e9n\u00e9ficie d'un demi-tarif.<br><\/em><\/p>\n\n\n\n<h3 class=\"wp-block-heading\">H\u00e9bergement<\/h3>\n\n\n\n<p><a href=\"?page_id=4\" target=\"_self\" rel=\"noopener noreferrer\">Cliquez ici pour les d\u00e9tails de l'h\u00e9bergement<\/a>&nbsp;<em>Les campings de longue dur\u00e9e ne sont accessibles qu'aux membres en r\u00e8gle.<br><\/em><\/p>\n\n\n\n<p><strong>CAMPING<br><\/strong>(sans service)<br>Aucune modification de la terrasse ou du site n'est autoris\u00e9e<\/p>\n\n\n\n<p>$1.349\/an<\/p>\n\n\n\n<p>D\u00e9p\u00f4t de site : $475<\/p>\n\n\n\n<p><strong>CAMPING<br><\/strong>(2 services - eau et \u00e9lectricit\u00e9)<\/p>\n\n\n\n<p>$2,700\/an (r\u00e9gulier)<br>$3 210\/an (prime)<\/p>\n\n\n\n<p>D\u00e9p\u00f4t de site : $475<\/p>\n\n\n\n<p><strong>CAMPING<br><\/strong>(3 services - eau, \u00e9lectricit\u00e9 et fosse septique)<\/p>\n\n\n\n<p>$3.656\/an<br>$4,171\/an (front de mer)<\/p>\n\n\n\n<p>D\u00e9p\u00f4t de site : $475<\/p>\n<\/div>\n<\/div>\n\n\n\n<p><a name=\"pm\"><\/a><\/p>\n\n\n\n<h3 class=\"wp-block-heading\" id=\"pm\">Modes de paiement<img loading=\"lazy\" decoding=\"async\" class=\"alignright size-full wp-image-1193\" src=\"https:\/\/www.bareoaks.ca\/wp-content\/uploads\/2010\/03\/Rates_BC_Rnd_64px.png\" alt=\"bitcoin\" width=\"100\" height=\"38\"><img loading=\"lazy\" decoding=\"async\" class=\"alignright size-full wp-image-1183\" src=\"https:\/\/www.bareoaks.ca\/wp-content\/uploads\/2010\/03\/credit_cards.png\" alt=\"credit_cards\" width=\"387\" height=\"99\" srcset=\"https:\/\/www.bareoaks.ca\/wp-content\/uploads\/2010\/03\/credit_cards.png 387w, https:\/\/www.bareoaks.ca\/wp-content\/uploads\/2010\/03\/credit_cards-300x77.png 300w\" sizes=\"auto, (max-width: 387px) 100vw, 387px\" \/><\/h3>\n\n\n\n<ul class=\"wp-block-list\">\n<li><strong>Argent liquide<\/strong><\/li>\n\n\n\n<li><strong>D\u00e9bit<\/strong><\/li>\n\n\n\n<li><strong>Cartes de cr\u00e9dit<\/strong><\/li>\n\n\n\n<li><strong>Ch\u00e8ques<\/strong><\/li>\n\n\n\n<li><strong>Bitcoin<\/strong><\/li>\n\n\n\n<li><strong>Plan de paiement<\/strong>: Vous pouvez \u00e9chelonner votre paiement en versements mensuels sur une p\u00e9riode pouvant aller jusqu'\u00e0 12 mois. (minimum de $500). Veuillez contacter le bureau pour plus de d\u00e9tails.<\/li>\n<\/ul>\n\n\n\n<h4 class=\"wp-block-heading has-vivid-red-color has-text-color\" id=\"cs\"><strong>IMPORTANT<\/strong>:<\/h4>\n\n\n\n<p><strong>Les taxes ne sont pas incluses. Dans la plupart des cas, les prix sont soumis \u00e0 la 13% HST (Harmonized Sales Tax).<\/strong><\/p>\n\n\n\n<p><strong>Politique d'annulation et de remboursement :<\/strong><br>15+ jours de pr\u00e9avis : remboursement int\u00e9gral moins $10 de frais d'administration<br>Pr\u00e9avis de 8 \u00e0 14 jours : remboursement 75%<br>Pr\u00e9avis de 4 \u00e0 7 jours : Remboursement 50%<br>Pr\u00e9avis de 3 jours ou moins : Pas de remboursement<\/p>\n\n\n\n<p>Aucun remboursement n'est possible pour les adh\u00e9sions annuelles ou les frais de camping.<\/p>\n\n\n\n<p><strong>Utilisation \u00e9lectrique :<\/strong><br>Veuillez noter qu'afin d'encourager les \u00e9conomies d'\u00e9nergie, les sites \u00e9lectriques sont \u00e9quip\u00e9s de compteurs et qu'un suppl\u00e9ment sera factur\u00e9 en fonction de la consommation.<\/p>\n\n\n\n<p><strong>Dur\u00e9e annuelle :<\/strong><br>1er avril - 31 mars - Toutes les adh\u00e9sions et tous les campings sont renouvel\u00e9s le 1er avril. Les nouvelles adh\u00e9sions et les nouveaux campings seront calcul\u00e9s au prorata.<\/p>\n\n\n\n<p><strong>En simple :<\/strong><br>Veuillez lire notre politique en mati\u00e8re de c\u00e9libataires sur notre site '<a href=\"\/fr\/?page_id=8\">Politiques<\/a>' page.<\/p>\n\n\n\n<p><strong>Des frais que nous pr\u00e9f\u00e9rerions ne jamais facturer :<\/strong><\/p>\n\n\n\n<ul class=\"wp-block-list\">\n<li>Retard de paiement : (plus de 30 jours) $40 admin plus 2% par mois \u00e0 partir de la date de facturation.<\/li>\n\n\n\n<li>Tonte de la pelouse sur un site ouvert toute l'ann\u00e9e : $20\/semaine (sauf si d'autres dispositions sont prises \u00e0 l'avance)<\/li>\n\n\n\n<li>Saisie d'un v\u00e9hicule\/remorque pour d\u00e9faut de paiement : $500 + frais<\/li>\n\n\n\n<li>R\u00e9tablissement de l'\u00e9lectricit\u00e9 en cas de coupure pour non-paiement : $50<\/li>\n\n\n\n<li>Nettoyage du site : $250 - $500 plus les frais<\/li>\n\n\n\n<li>Entreposage ou stationnement de remorques\/v\u00e9hicules : $20\/jour (sauf si d'autres dispositions sont prises \u00e0 l'avance)<\/li>\n\n\n\n<li>Stationner un v\u00e9hicule de mani\u00e8re abusive ou sans permis valable : $100<\/li>\n\n\n\n<li>Visiter sans s'enregistrer : $50 plus les droits de visite applicables (et \u00e9ventuellement l'expulsion et l'interdiction permanente)<\/li>\n\n\n\n<li>Conduite (dans tout type de v\u00e9hicule) \u00e0 une vitesse excessive ou dangereuse : $50 - $200 (et \u00e9ventuellement interdiction de conduire)<\/li>\n\n\n\n<li>Comportement turbulent ou extr\u00eamement inappropri\u00e9 : $100 (possibilit\u00e9 d'expulsion et de bannissement permanent)<\/li>\n<\/ul>\n\n\n\n<p><\/p>","protected":false},"excerpt":{"rendered":"<p>Tarifs \u00e0 court terme | Tarifs \u00e0 long terme | Modes de paiement | Conditions Nos tarifs (ci-dessous) sont bas\u00e9s sur une combinaison de facteurs concurrentiels et de co\u00fbts op\u00e9rationnels. Le maintien d'un environnement sensible et la pr\u00e9servation d'un grand pourcentage de la propri\u00e9t\u00e9 dans son \u00e9tat naturel ont un co\u00fbt. Ainsi, Bare Oaks ne sera jamais l'option la moins ch\u00e8re pour le naturisme ou le camping en g\u00e9n\u00e9ral. Cela dit, le naturisme n'est pas r\u00e9serv\u00e9 aux riches. Nous ne voulons pas que des consid\u00e9rations \u00e9conomiques fassent obstacle aux personnes qui souhaitent partager notre monde naturiste. Si vous n'avez pas les moyens de payer nos tarifs, veuillez contacter le bureau. Sp\u00e9cial<a class=\"more-link\" href=\"https:\/\/www.bareoaks.ca\/fr\/rates\/\">Lire la suite \u2192<\/a><\/p>","protected":false},"author":73,"featured_media":0,"parent":0,"menu_order":20,"comment_status":"closed","ping_status":"closed","template":"","meta":{"_themeisle_gutenberg_block_has_review":false,"footnotes":""},"class_list":["entry","author-sdeschenes","post-5","page","type-page","status-publish"],"yoast_head":"<!-- This site is optimized with the Yoast SEO plugin v27.4 - https:\/\/yoast.com\/product\/yoast-seo-wordpress\/ -->\n<title>Rates &#8226; Bare Oaks Family Naturist Park<\/title>\n<meta name=\"description\" content=\"Pricing information for Bare Oaks Family Naturist Park.\" \/>\n<meta name=\"robots\" content=\"index, follow, max-snippet:-1, max-image-preview:large, max-video-preview:-1\" \/>\n<link rel=\"canonical\" href=\"https:\/\/www.bareoaks.ca\/fr\/rates\/\" \/>\n<meta property=\"og:locale\" content=\"fr_CA\" \/>\n<meta property=\"og:type\" content=\"article\" \/>\n<meta property=\"og:title\" content=\"Rates &#8226; Bare Oaks Family Naturist Park\" \/>\n<meta property=\"og:description\" content=\"Pricing information for Bare Oaks Family Naturist Park.\" \/>\n<meta property=\"og:url\" content=\"https:\/\/www.bareoaks.ca\/fr\/rates\/\" \/>\n<meta property=\"og:site_name\" content=\"Bare Oaks Family Naturist Park\" \/>\n<meta property=\"article:publisher\" content=\"https:\/\/www.facebook.com\/BareOaksPark\" \/>\n<meta property=\"article:modified_time\" content=\"2025-10-25T15:50:16+00:00\" \/>\n<meta property=\"og:image\" content=\"https:\/\/www.bareoaks.ca\/wp-content\/uploads\/2010\/03\/rates_header_image.png\" \/>\n\t<meta property=\"og:image:width\" content=\"700\" \/>\n\t<meta property=\"og:image:height\" content=\"120\" \/>\n\t<meta property=\"og:image:type\" content=\"image\/png\" \/>\n<meta name=\"twitter:card\" content=\"summary_large_image\" \/>\n<meta name=\"twitter:site\" content=\"@BareOaksPark\" \/>\n<meta name=\"twitter:label1\" content=\"Estimation du temps de lecture\" \/>\n\t<meta name=\"twitter:data1\" content=\"5 minutes\" \/>\n<script type=\"application\/ld+json\" class=\"yoast-schema-graph\">{\"@context\":\"https:\\\/\\\/schema.org\",\"@graph\":[{\"@type\":\"WebPage\",\"@id\":\"https:\\\/\\\/www.bareoaks.ca\\\/rates\\\/\",\"url\":\"https:\\\/\\\/www.bareoaks.ca\\\/rates\\\/\",\"name\":\"Rates &#8226; Bare Oaks Family Naturist Park\",\"isPartOf\":{\"@id\":\"https:\\\/\\\/www.bareoaks.ca\\\/#website\"},\"primaryImageOfPage\":{\"@id\":\"https:\\\/\\\/www.bareoaks.ca\\\/rates\\\/#primaryimage\"},\"image\":{\"@id\":\"https:\\\/\\\/www.bareoaks.ca\\\/rates\\\/#primaryimage\"},\"thumbnailUrl\":\"https:\\\/\\\/www.bareoaks.ca\\\/wp-content\\\/uploads\\\/2010\\\/03\\\/rates_header_image.png\",\"datePublished\":\"2010-03-03T03:08:40+00:00\",\"dateModified\":\"2025-10-25T15:50:16+00:00\",\"description\":\"Pricing information for Bare Oaks Family Naturist Park.\",\"breadcrumb\":{\"@id\":\"https:\\\/\\\/www.bareoaks.ca\\\/rates\\\/#breadcrumb\"},\"inLanguage\":\"fr-CA\",\"potentialAction\":[{\"@type\":\"ReadAction\",\"target\":[\"https:\\\/\\\/www.bareoaks.ca\\\/rates\\\/\"]}]},{\"@type\":\"ImageObject\",\"inLanguage\":\"fr-CA\",\"@id\":\"https:\\\/\\\/www.bareoaks.ca\\\/rates\\\/#primaryimage\",\"url\":\"https:\\\/\\\/www.bareoaks.ca\\\/wp-content\\\/uploads\\\/2010\\\/03\\\/rates_header_image.png\",\"contentUrl\":\"https:\\\/\\\/www.bareoaks.ca\\\/wp-content\\\/uploads\\\/2010\\\/03\\\/rates_header_image.png\"},{\"@type\":\"BreadcrumbList\",\"@id\":\"https:\\\/\\\/www.bareoaks.ca\\\/rates\\\/#breadcrumb\",\"itemListElement\":[{\"@type\":\"ListItem\",\"position\":1,\"name\":\"Home\",\"item\":\"https:\\\/\\\/www.bareoaks.ca\\\/\"},{\"@type\":\"ListItem\",\"position\":2,\"name\":\"Rates\"}]},{\"@type\":\"WebSite\",\"@id\":\"https:\\\/\\\/www.bareoaks.ca\\\/#website\",\"url\":\"https:\\\/\\\/www.bareoaks.ca\\\/\",\"name\":\"Bare Oaks Family Naturist Park\",\"description\":\"Traditional naturist values in a modern setting\",\"publisher\":{\"@id\":\"https:\\\/\\\/www.bareoaks.ca\\\/#organization\"},\"potentialAction\":[{\"@type\":\"SearchAction\",\"target\":{\"@type\":\"EntryPoint\",\"urlTemplate\":\"https:\\\/\\\/www.bareoaks.ca\\\/?s={search_term_string}\"},\"query-input\":{\"@type\":\"PropertyValueSpecification\",\"valueRequired\":true,\"valueName\":\"search_term_string\"}}],\"inLanguage\":\"fr-CA\"},{\"@type\":\"Organization\",\"@id\":\"https:\\\/\\\/www.bareoaks.ca\\\/#organization\",\"name\":\"Bare Oaks Family Naturist Park\",\"url\":\"https:\\\/\\\/www.bareoaks.ca\\\/\",\"logo\":{\"@type\":\"ImageObject\",\"inLanguage\":\"fr-CA\",\"@id\":\"https:\\\/\\\/www.bareoaks.ca\\\/#\\\/schema\\\/logo\\\/image\\\/\",\"url\":\"https:\\\/\\\/www.bareoaks.ca\\\/wp-content\\\/uploads\\\/2025\\\/07\\\/BareOaksLogo_website.png\",\"contentUrl\":\"https:\\\/\\\/www.bareoaks.ca\\\/wp-content\\\/uploads\\\/2025\\\/07\\\/BareOaksLogo_website.png\",\"width\":250,\"height\":132,\"caption\":\"Bare Oaks Family Naturist Park\"},\"image\":{\"@id\":\"https:\\\/\\\/www.bareoaks.ca\\\/#\\\/schema\\\/logo\\\/image\\\/\"},\"sameAs\":[\"https:\\\/\\\/www.facebook.com\\\/BareOaksPark\",\"https:\\\/\\\/x.com\\\/BareOaksPark\",\"https:\\\/\\\/www.instagram.com\\\/bareoaks\\\/\",\"http:\\\/\\\/www.linkedin.com\\\/company\\\/bare-oaks-family-naturist-park\",\"https:\\\/\\\/www.youtube.com\\\/user\\\/BareOaks\",\"https:\\\/\\\/en.wikipedia.org\\\/wiki\\\/Bare_Oaks_Family_Naturist_Park\"]}]}<\/script>\n<!-- \/ Yoast SEO plugin. -->","yoast_head_json":{"title":"Tarifs - Parc Naturiste Familial Bare Oaks","description":"Informations sur les prix pour Bare Oaks Family Naturist Park.","robots":{"index":"index","follow":"follow","max-snippet":"max-snippet:-1","max-image-preview":"max-image-preview:large","max-video-preview":"max-video-preview:-1"},"canonical":"https:\/\/www.bareoaks.ca\/fr\/rates\/","og_locale":"fr_CA","og_type":"article","og_title":"Rates &#8226; Bare Oaks Family Naturist Park","og_description":"Pricing information for Bare Oaks Family Naturist Park.","og_url":"https:\/\/www.bareoaks.ca\/fr\/rates\/","og_site_name":"Bare Oaks Family Naturist Park","article_publisher":"https:\/\/www.facebook.com\/BareOaksPark","article_modified_time":"2025-10-25T15:50:16+00:00","og_image":[{"width":700,"height":120,"url":"https:\/\/www.bareoaks.ca\/wp-content\/uploads\/2010\/03\/rates_header_image.png","type":"image\/png"}],"twitter_card":"summary_large_image","twitter_site":"@BareOaksPark","twitter_misc":{"Estimation du temps de lecture":"5 minutes"},"schema":{"@context":"https:\/\/schema.org","@graph":[{"@type":"WebPage","@id":"https:\/\/www.bareoaks.ca\/rates\/","url":"https:\/\/www.bareoaks.ca\/rates\/","name":"Tarifs - Parc Naturiste Familial Bare Oaks","isPartOf":{"@id":"https:\/\/www.bareoaks.ca\/#website"},"primaryImageOfPage":{"@id":"https:\/\/www.bareoaks.ca\/rates\/#primaryimage"},"image":{"@id":"https:\/\/www.bareoaks.ca\/rates\/#primaryimage"},"thumbnailUrl":"https:\/\/www.bareoaks.ca\/wp-content\/uploads\/2010\/03\/rates_header_image.png","datePublished":"2010-03-03T03:08:40+00:00","dateModified":"2025-10-25T15:50:16+00:00","description":"Informations sur les prix pour Bare Oaks Family Naturist Park.","breadcrumb":{"@id":"https:\/\/www.bareoaks.ca\/rates\/#breadcrumb"},"inLanguage":"fr-CA","potentialAction":[{"@type":"ReadAction","target":["https:\/\/www.bareoaks.ca\/rates\/"]}]},{"@type":"ImageObject","inLanguage":"fr-CA","@id":"https:\/\/www.bareoaks.ca\/rates\/#primaryimage","url":"https:\/\/www.bareoaks.ca\/wp-content\/uploads\/2010\/03\/rates_header_image.png","contentUrl":"https:\/\/www.bareoaks.ca\/wp-content\/uploads\/2010\/03\/rates_header_image.png"},{"@type":"BreadcrumbList","@id":"https:\/\/www.bareoaks.ca\/rates\/#breadcrumb","itemListElement":[{"@type":"ListItem","position":1,"name":"Home","item":"https:\/\/www.bareoaks.ca\/"},{"@type":"ListItem","position":2,"name":"Rates"}]},{"@type":"WebSite","@id":"https:\/\/www.bareoaks.ca\/#website","url":"https:\/\/www.bareoaks.ca\/","name":"Parc naturiste familial Bare Oaks","description":"Des valeurs naturistes traditionnelles dans un cadre moderne","publisher":{"@id":"https:\/\/www.bareoaks.ca\/#organization"},"potentialAction":[{"@type":"SearchAction","target":{"@type":"EntryPoint","urlTemplate":"https:\/\/www.bareoaks.ca\/?s={search_term_string}"},"query-input":{"@type":"PropertyValueSpecification","valueRequired":true,"valueName":"search_term_string"}}],"inLanguage":"fr-CA"},{"@type":"Organization","@id":"https:\/\/www.bareoaks.ca\/#organization","name":"Parc naturiste familial Bare Oaks","url":"https:\/\/www.bareoaks.ca\/","logo":{"@type":"ImageObject","inLanguage":"fr-CA","@id":"https:\/\/www.bareoaks.ca\/#\/schema\/logo\/image\/","url":"https:\/\/www.bareoaks.ca\/wp-content\/uploads\/2025\/07\/BareOaksLogo_website.png","contentUrl":"https:\/\/www.bareoaks.ca\/wp-content\/uploads\/2025\/07\/BareOaksLogo_website.png","width":250,"height":132,"caption":"Bare Oaks Family Naturist Park"},"image":{"@id":"https:\/\/www.bareoaks.ca\/#\/schema\/logo\/image\/"},"sameAs":["https:\/\/www.facebook.com\/BareOaksPark","https:\/\/x.com\/BareOaksPark","https:\/\/www.instagram.com\/bareoaks\/","http:\/\/www.linkedin.com\/company\/bare-oaks-family-naturist-park","https:\/\/www.youtube.com\/user\/BareOaks","https:\/\/en.wikipedia.org\/wiki\/Bare_Oaks_Family_Naturist_Park"]}]}},"_links":{"self":[{"href":"https:\/\/www.bareoaks.ca\/fr\/wp-json\/wp\/v2\/pages\/5","targetHints":{"allow":["GET"]}}],"collection":[{"href":"https:\/\/www.bareoaks.ca\/fr\/wp-json\/wp\/v2\/pages"}],"about":[{"href":"https:\/\/www.bareoaks.ca\/fr\/wp-json\/wp\/v2\/types\/page"}],"author":[{"embeddable":true,"href":"https:\/\/www.bareoaks.ca\/fr\/wp-json\/wp\/v2\/users\/73"}],"replies":[{"embeddable":true,"href":"https:\/\/www.bareoaks.ca\/fr\/wp-json\/wp\/v2\/comments?post=5"}],"version-history":[{"count":48,"href":"https:\/\/www.bareoaks.ca\/fr\/wp-json\/wp\/v2\/pages\/5\/revisions"}],"predecessor-version":[{"id":81647,"href":"https:\/\/www.bareoaks.ca\/fr\/wp-json\/wp\/v2\/pages\/5\/revisions\/81647"}],"wp:attachment":[{"href":"https:\/\/www.bareoaks.ca\/fr\/wp-json\/wp\/v2\/media?parent=5"}],"curies":[{"name":"wp","href":"https:\/\/api.w.org\/{rel}","templated":true}]}}