{"id":54,"date":"2010-10-07T23:27:19","date_gmt":"2010-10-08T03:27:19","guid":{"rendered":"http:\/\/ww1.bareoaks.ca\/?page_id=54"},"modified":"2021-12-23T07:59:42","modified_gmt":"2021-12-23T12:59:42","slug":"legal","status":"publish","type":"page","link":"https:\/\/www.bareoaks.ca\/fr\/legal\/","title":{"rendered":"Informations juridiques importantes"},"content":{"rendered":"<p class=\"has-text-align-center\">CONDITIONS D'UTILISATION<\/p>\n\n\n\n<p>En utilisant ce site web, vous acceptez ces conditions d'utilisation. Le parc naturiste familial Bare Oaks (Bare Oaks) se r\u00e9serve le droit, \u00e0 sa seule discr\u00e9tion, de modifier ou de changer ces conditions d'utilisation \u00e0 tout moment. Veuillez consulter r\u00e9guli\u00e8rement ces conditions d'utilisation pour prendre connaissance des changements.<\/p>\n\n\n\n<p>Ce site web est fourni \"en l'\u00e9tat\" et \"tel que disponible\" sans aucune garantie de quelque nature que ce soit. Les informations contenues dans ce site sont fournies \u00e0 titre indicatif uniquement et peuvent \u00eatre modifi\u00e9es \u00e0 tout moment sans pr\u00e9avis. En acc\u00e9dant ou en vous connectant \u00e0 ce site, vous assumez le risque que les informations soient incompl\u00e8tes, inexactes, p\u00e9rim\u00e9es ou qu'elles ne r\u00e9pondent pas \u00e0 vos besoins.<\/p>\n\n\n\n<p>Sauf indication contraire, tous les textes et images sont prot\u00e9g\u00e9s par le droit d'auteur de Bare Oaks Family Naturist Park.<\/p>\n\n\n\n<p>Ce site Web est con\u00e7u, produit, g\u00e9r\u00e9 et h\u00e9berg\u00e9 en Ontario, au Canada. En consultant et en utilisant ce site web, vous acceptez que votre utilisation de ce site web et vos interactions avec le Bare Oaks Family Naturist Park soient r\u00e9gies et interpr\u00e9t\u00e9es conform\u00e9ment aux lois de la province de l'Ontario au Canada.<\/p>\n\n\n\n<p>Ce site web contient des liens vers des sites web de tiers. Bare Oaks Family Naturist Park n'a aucun contr\u00f4le sur ces sites tiers et n'est donc pas responsable du contenu, des pratiques ou de toute inexactitude dans les informations d'un site web li\u00e9.<\/p>\n\n\n\n<p>Le parc naturiste familial Bare Oaks n'est en aucun cas responsable des dommages directs, indirects, sp\u00e9ciaux ou cons\u00e9cutifs r\u00e9sultant de l'utilisation de ce site web.<\/p>\n\n\n\n<p>EN UTILISANT CE SITE WEB, VOUS ACCEPTEZ D'INDEMNISER ET DE D\u00c9GAGER DE TOUTE RESPONSABILIT\u00c9 LE PARC NATURISTE FAMILIAL BARE OAKS, SES AFFILI\u00c9S, FILIALES, ANNONCEURS, SPONSORS, FOURNISSEURS ET SOCI\u00c9T\u00c9S APPARENT\u00c9ES, AINSI QUE LEURS DIRIGEANTS, ADMINISTRATEURS, ACTIONNAIRES, EMPLOY\u00c9S, B\u00c9N\u00c9VOLES ET AGENTS RESPECTIFS, CONTRE TOUTE R\u00c9CLAMATION, ACTION OU DEMANDE, Y COMPRIS, MAIS SANS S'Y LIMITER, LES FRAIS DE JUSTICE R\u00c9SULTANT DE OU LI\u00c9S \u00c0 TOUTE VIOLATION DES PR\u00c9SENTES CONDITIONS D'UTILISATION, DE VOTRE ACC\u00c8S \u00c0 CE SITE WEB ET DE VOTRE UTILISATION DE CE SITE WEB.<\/p>\n\n\n\n<p>Si vous avez des questions, veuillez nous contacter en utilisant l'une des options de contact sur notre site web. <a href=\"\/fr\/hours-contact\/\">page de contact<\/a>.<\/p>\n\n\n\n<p>Derni\u00e8re r\u00e9vision : 24 avril 2018<\/p>","protected":false},"excerpt":{"rendered":"<p>CONDITIONS D'UTILISATION En utilisant ce site Web, vous acceptez les pr\u00e9sentes conditions d'utilisation. Le parc naturiste familial Bare Oaks (Bare Oaks) se r\u00e9serve le droit, \u00e0 sa seule discr\u00e9tion, de modifier ou de changer ces conditions d'utilisation \u00e0 tout moment. Veuillez consulter r\u00e9guli\u00e8rement ces conditions d'utilisation pour prendre connaissance des changements. Ce site web est fourni \"tel quel\" et \"tel que disponible\" sans aucune garantie de quelque nature que ce soit. Les informations contenues dans ce site sont fournies \u00e0 titre indicatif uniquement et peuvent \u00eatre modifi\u00e9es \u00e0 tout moment sans pr\u00e9avis. En acc\u00e9dant \u00e0 ce site web ou en \u00e9tablissant un lien vers celui-ci, vous assumez le risque que les informations soient incompl\u00e8tes, inexactes ou erron\u00e9es,<a class=\"more-link\" href=\"https:\/\/www.bareoaks.ca\/fr\/legal\/\">Lire la suite \u2192<\/a><\/p>","protected":false},"author":73,"featured_media":0,"parent":0,"menu_order":4,"comment_status":"closed","ping_status":"closed","template":"","meta":{"_themeisle_gutenberg_block_has_review":false,"footnotes":""},"class_list":["entry","author-sdeschenes","post-54","page","type-page","status-publish"],"yoast_head":"<!-- This site is optimized with the Yoast SEO plugin v27.5 - https:\/\/yoast.com\/product\/yoast-seo-wordpress\/ -->\n<title>Important Legal Information &#8226; Bare Oaks Family Naturist Park<\/title>\n<meta name=\"description\" content=\"Terms of use\" \/>\n<meta name=\"robots\" content=\"index, follow, max-snippet:-1, max-image-preview:large, max-video-preview:-1\" \/>\n<link rel=\"canonical\" href=\"https:\/\/www.bareoaks.ca\/fr\/legal\/\" \/>\n<meta property=\"og:locale\" content=\"fr_CA\" \/>\n<meta property=\"og:type\" content=\"article\" \/>\n<meta property=\"og:title\" content=\"Important Legal Information &#8226; Bare Oaks Family Naturist Park\" \/>\n<meta property=\"og:description\" content=\"Terms of use\" \/>\n<meta property=\"og:url\" content=\"https:\/\/www.bareoaks.ca\/fr\/legal\/\" \/>\n<meta property=\"og:site_name\" content=\"Bare Oaks Family Naturist Park\" \/>\n<meta property=\"article:publisher\" content=\"https:\/\/www.facebook.com\/BareOaksPark\" \/>\n<meta property=\"article:modified_time\" content=\"2021-12-23T12:59:42+00:00\" \/>\n<meta name=\"twitter:card\" content=\"summary_large_image\" \/>\n<meta name=\"twitter:site\" content=\"@BareOaksPark\" \/>\n<meta name=\"twitter:label1\" content=\"Estimation du temps de lecture\" \/>\n\t<meta name=\"twitter:data1\" content=\"2 minutes\" \/>\n<script type=\"application\/ld+json\" class=\"yoast-schema-graph\">{\"@context\":\"https:\\\/\\\/schema.org\",\"@graph\":[{\"@type\":\"WebPage\",\"@id\":\"https:\\\/\\\/www.bareoaks.ca\\\/legal\\\/\",\"url\":\"https:\\\/\\\/www.bareoaks.ca\\\/legal\\\/\",\"name\":\"Important Legal Information &#8226; Bare Oaks Family Naturist Park\",\"isPartOf\":{\"@id\":\"https:\\\/\\\/www.bareoaks.ca\\\/#website\"},\"datePublished\":\"2010-10-08T03:27:19+00:00\",\"dateModified\":\"2021-12-23T12:59:42+00:00\",\"description\":\"Terms of use\",\"breadcrumb\":{\"@id\":\"https:\\\/\\\/www.bareoaks.ca\\\/legal\\\/#breadcrumb\"},\"inLanguage\":\"fr-CA\",\"potentialAction\":[{\"@type\":\"ReadAction\",\"target\":[\"https:\\\/\\\/www.bareoaks.ca\\\/legal\\\/\"]}]},{\"@type\":\"BreadcrumbList\",\"@id\":\"https:\\\/\\\/www.bareoaks.ca\\\/legal\\\/#breadcrumb\",\"itemListElement\":[{\"@type\":\"ListItem\",\"position\":1,\"name\":\"Home\",\"item\":\"https:\\\/\\\/www.bareoaks.ca\\\/\"},{\"@type\":\"ListItem\",\"position\":2,\"name\":\"Important Legal Information\"}]},{\"@type\":\"WebSite\",\"@id\":\"https:\\\/\\\/www.bareoaks.ca\\\/#website\",\"url\":\"https:\\\/\\\/www.bareoaks.ca\\\/\",\"name\":\"Bare Oaks Family Naturist Park\",\"description\":\"Traditional naturist values in a modern setting\",\"publisher\":{\"@id\":\"https:\\\/\\\/www.bareoaks.ca\\\/#organization\"},\"potentialAction\":[{\"@type\":\"SearchAction\",\"target\":{\"@type\":\"EntryPoint\",\"urlTemplate\":\"https:\\\/\\\/www.bareoaks.ca\\\/?s={search_term_string}\"},\"query-input\":{\"@type\":\"PropertyValueSpecification\",\"valueRequired\":true,\"valueName\":\"search_term_string\"}}],\"inLanguage\":\"fr-CA\"},{\"@type\":\"Organization\",\"@id\":\"https:\\\/\\\/www.bareoaks.ca\\\/#organization\",\"name\":\"Bare Oaks Family Naturist Park\",\"url\":\"https:\\\/\\\/www.bareoaks.ca\\\/\",\"logo\":{\"@type\":\"ImageObject\",\"inLanguage\":\"fr-CA\",\"@id\":\"https:\\\/\\\/www.bareoaks.ca\\\/#\\\/schema\\\/logo\\\/image\\\/\",\"url\":\"https:\\\/\\\/www.bareoaks.ca\\\/wp-content\\\/uploads\\\/2025\\\/07\\\/BareOaksLogo_website.png\",\"contentUrl\":\"https:\\\/\\\/www.bareoaks.ca\\\/wp-content\\\/uploads\\\/2025\\\/07\\\/BareOaksLogo_website.png\",\"width\":250,\"height\":132,\"caption\":\"Bare Oaks Family Naturist Park\"},\"image\":{\"@id\":\"https:\\\/\\\/www.bareoaks.ca\\\/#\\\/schema\\\/logo\\\/image\\\/\"},\"sameAs\":[\"https:\\\/\\\/www.facebook.com\\\/BareOaksPark\",\"https:\\\/\\\/x.com\\\/BareOaksPark\",\"https:\\\/\\\/www.instagram.com\\\/bareoaks\\\/\",\"http:\\\/\\\/www.linkedin.com\\\/company\\\/bare-oaks-family-naturist-park\",\"https:\\\/\\\/www.youtube.com\\\/user\\\/BareOaks\",\"https:\\\/\\\/en.wikipedia.org\\\/wiki\\\/Bare_Oaks_Family_Naturist_Park\"]}]}<\/script>\n<!-- \/ Yoast SEO plugin. -->","yoast_head_json":{"title":"Informations juridiques importantes - Bare Oaks Family Naturist Park","description":"Conditions d'utilisation","robots":{"index":"index","follow":"follow","max-snippet":"max-snippet:-1","max-image-preview":"max-image-preview:large","max-video-preview":"max-video-preview:-1"},"canonical":"https:\/\/www.bareoaks.ca\/fr\/legal\/","og_locale":"fr_CA","og_type":"article","og_title":"Important Legal Information &#8226; Bare Oaks Family Naturist Park","og_description":"Terms of use","og_url":"https:\/\/www.bareoaks.ca\/fr\/legal\/","og_site_name":"Bare Oaks Family Naturist Park","article_publisher":"https:\/\/www.facebook.com\/BareOaksPark","article_modified_time":"2021-12-23T12:59:42+00:00","twitter_card":"summary_large_image","twitter_site":"@BareOaksPark","twitter_misc":{"Estimation du temps de lecture":"2 minutes"},"schema":{"@context":"https:\/\/schema.org","@graph":[{"@type":"WebPage","@id":"https:\/\/www.bareoaks.ca\/legal\/","url":"https:\/\/www.bareoaks.ca\/legal\/","name":"Informations juridiques importantes - Bare Oaks Family Naturist Park","isPartOf":{"@id":"https:\/\/www.bareoaks.ca\/#website"},"datePublished":"2010-10-08T03:27:19+00:00","dateModified":"2021-12-23T12:59:42+00:00","description":"Conditions d'utilisation","breadcrumb":{"@id":"https:\/\/www.bareoaks.ca\/legal\/#breadcrumb"},"inLanguage":"fr-CA","potentialAction":[{"@type":"ReadAction","target":["https:\/\/www.bareoaks.ca\/legal\/"]}]},{"@type":"BreadcrumbList","@id":"https:\/\/www.bareoaks.ca\/legal\/#breadcrumb","itemListElement":[{"@type":"ListItem","position":1,"name":"Home","item":"https:\/\/www.bareoaks.ca\/"},{"@type":"ListItem","position":2,"name":"Important Legal Information"}]},{"@type":"WebSite","@id":"https:\/\/www.bareoaks.ca\/#website","url":"https:\/\/www.bareoaks.ca\/","name":"Parc naturiste familial Bare Oaks","description":"Des valeurs naturistes traditionnelles dans un cadre moderne","publisher":{"@id":"https:\/\/www.bareoaks.ca\/#organization"},"potentialAction":[{"@type":"SearchAction","target":{"@type":"EntryPoint","urlTemplate":"https:\/\/www.bareoaks.ca\/?s={search_term_string}"},"query-input":{"@type":"PropertyValueSpecification","valueRequired":true,"valueName":"search_term_string"}}],"inLanguage":"fr-CA"},{"@type":"Organization","@id":"https:\/\/www.bareoaks.ca\/#organization","name":"Parc naturiste familial Bare Oaks","url":"https:\/\/www.bareoaks.ca\/","logo":{"@type":"ImageObject","inLanguage":"fr-CA","@id":"https:\/\/www.bareoaks.ca\/#\/schema\/logo\/image\/","url":"https:\/\/www.bareoaks.ca\/wp-content\/uploads\/2025\/07\/BareOaksLogo_website.png","contentUrl":"https:\/\/www.bareoaks.ca\/wp-content\/uploads\/2025\/07\/BareOaksLogo_website.png","width":250,"height":132,"caption":"Bare Oaks Family Naturist Park"},"image":{"@id":"https:\/\/www.bareoaks.ca\/#\/schema\/logo\/image\/"},"sameAs":["https:\/\/www.facebook.com\/BareOaksPark","https:\/\/x.com\/BareOaksPark","https:\/\/www.instagram.com\/bareoaks\/","http:\/\/www.linkedin.com\/company\/bare-oaks-family-naturist-park","https:\/\/www.youtube.com\/user\/BareOaks","https:\/\/en.wikipedia.org\/wiki\/Bare_Oaks_Family_Naturist_Park"]}]}},"_links":{"self":[{"href":"https:\/\/www.bareoaks.ca\/fr\/wp-json\/wp\/v2\/pages\/54","targetHints":{"allow":["GET"]}}],"collection":[{"href":"https:\/\/www.bareoaks.ca\/fr\/wp-json\/wp\/v2\/pages"}],"about":[{"href":"https:\/\/www.bareoaks.ca\/fr\/wp-json\/wp\/v2\/types\/page"}],"author":[{"embeddable":true,"href":"https:\/\/www.bareoaks.ca\/fr\/wp-json\/wp\/v2\/users\/73"}],"replies":[{"embeddable":true,"href":"https:\/\/www.bareoaks.ca\/fr\/wp-json\/wp\/v2\/comments?post=54"}],"version-history":[{"count":2,"href":"https:\/\/www.bareoaks.ca\/fr\/wp-json\/wp\/v2\/pages\/54\/revisions"}],"predecessor-version":[{"id":72167,"href":"https:\/\/www.bareoaks.ca\/fr\/wp-json\/wp\/v2\/pages\/54\/revisions\/72167"}],"wp:attachment":[{"href":"https:\/\/www.bareoaks.ca\/fr\/wp-json\/wp\/v2\/media?parent=54"}],"curies":[{"name":"wp","href":"https:\/\/api.w.org\/{rel}","templated":true}]}}