{"id":56,"date":"2011-03-19T14:52:41","date_gmt":"2011-03-19T18:52:41","guid":{"rendered":"http:\/\/ww1.bareoaks.ca\/?page_id=56"},"modified":"2025-04-08T17:04:25","modified_gmt":"2025-04-08T21:04:25","slug":"privacy","status":"publish","type":"page","link":"https:\/\/www.bareoaks.ca\/fr\/privacy\/","title":{"rendered":"Vie priv\u00e9e"},"content":{"rendered":"\n<h3 class=\"wp-block-heading\">Privacy Statement<\/h3>\n\n\n\n<p>The privacy of our visitors, members and employees is essential. We are committed to collecting your personal information with integrity, keeping it accurate, and storing it confidentially and securely. We collect personal information in the regular course of doing business.<\/p>\n\n\n\n<p>The following should answer most of your questions and let you know exactly how we\u2019re protecting the information you entrust to us.<\/p>\n\n\n\n<p>While some of this may seem inherently obvious, we are required by the Canadian Personal Information Protection and Electronic Documents Act (PIPEDA) to disclose what personal information we collect, how we use it, how we get consent, and how we can be contacted.<\/p>\n\n\n\n<h3 class=\"wp-block-heading\">What personal information do you collect about me?<\/h3>\n\n\n\n<p>When you visit Bare Oaks Family Naturist Park, we collect the following information about you:<\/p>\n\n\n\n<ul class=\"wp-block-list\">\n<li>Name and contact information (e.g. address, phone number, email)<\/li>\n\n\n\n<li>The name(s) of your spouse, partner and\/or children if they are visiting with you or if you want to include them on your membership<\/li>\n\n\n\n<li>Membership in relevant organizations<\/li>\n\n\n\n<li>If you came using a vehicle, your make, model &amp; vehicle license<\/li>\n\n\n\n<li>Your photo for identification<\/li>\n\n\n\n<li>Emergency contact information<\/li>\n\n\n\n<li>Digital image recording at the main entrance and office<\/li>\n\n\n\n<li>Financial information that includes the details of the payment method you use<\/li>\n\n\n\n<li>Your visit and purchase history<\/li>\n\n\n\n<li>Your keyfob access history<\/li>\n\n\n\n<li>General information about your computer and the websites you visit when using our WiFi<\/li>\n<\/ul>\n\n\n\n<p>We collect information about you:<\/p>\n\n\n\n<ul class=\"wp-block-list\">\n<li>Directly from you<\/li>\n\n\n\n<li>From other institutions with whom you deal and who are responsible for obtaining your consent in order to provide your information to us<\/li>\n\n\n\n<li>From other sources such public records or the media<\/li>\n<\/ul>\n\n\n\n<p>On the internet, we collect:<\/p>\n\n\n\n<ul class=\"wp-block-list\">\n<li>General information automatically provided by your computer such as your IP address, the type of operating system, your internet service\/speed, the browser you use, and your computer\u2019s location<\/li>\n\n\n\n<li>The pages you visit on our site and what links you click on<\/li>\n\n\n\n<li>The site you came from<\/li>\n\n\n\n<li>If you came from a search engine, the search query you used to find our website<\/li>\n\n\n\n<li>We use <a href=\"http:\/\/www.google.com\/analytics\/\" target=\"_blank\" rel=\"noopener\">Google Analytics<\/a> to give us further insight into how our website is used. [gadwp_useroptout html_tag=&#8221;button&#8221;]Google Analytics Opt-out[\/gadwp_useroptout]<\/li>\n\n\n\n<li>The information you provide to subscribe to online services (e.g. email address, Twitter account, or Facebook account)<\/li>\n\n\n\n<li>Your name, address, phone number, email, and payment method if you chose to engage in an internet-based commercial transaction<\/li>\n<\/ul>\n\n\n\n<p>We collect the above information:<\/p>\n\n\n\n<ul class=\"wp-block-list\">\n<li>Provided automatically by your computer<\/li>\n\n\n\n<li>Provided by you<\/li>\n<\/ul>\n\n\n\n<h3 class=\"wp-block-heading\">How do you use this information?<\/h3>\n\n\n\n<p>The collection of personal information is important to the security of all visitors and members as well as to the effective operation of Bare Oaks Family Naturist Park.<\/p>\n\n\n\n<p>At Bare Oaks Family Naturist Park, we use the information to:<\/p>\n\n\n\n<ul class=\"wp-block-list\">\n<li>confirm your identity<\/li>\n\n\n\n<li>determine your admissibility<\/li>\n\n\n\n<li>control access<\/li>\n\n\n\n<li>provide services<\/li>\n\n\n\n<li>complete a sale or transaction with you<\/li>\n\n\n\n<li>verify your credit, if necessary<\/li>\n\n\n\n<li>place special orders on your behalf<\/li>\n\n\n\n<li>limit the possibility of error or fraud<\/li>\n\n\n\n<li>manage the operations and the business<\/li>\n<\/ul>\n\n\n\n<p>On the internet, we use the information to:<\/p>\n\n\n\n<ul class=\"wp-block-list\">\n<li>improve the content of our Web page<\/li>\n\n\n\n<li>customize the content and\/or layout of our page for each individual visitor<\/li>\n\n\n\n<li>notify consumers about updates to our Web site,<\/li>\n\n\n\n<li>support agents or contractors who assist in providing support for our internal operations<\/li>\n\n\n\n<li>for marketing purposes<\/li>\n\n\n\n<li>manage the operations and the business<\/li>\n<\/ul>\n\n\n\n<p>In addition, if you choose to engage in an internet-based commercial transaction, we use the information to:<\/p>\n\n\n\n<ul class=\"wp-block-list\">\n<li>complete a sale or transaction with you<\/li>\n\n\n\n<li>verify your credit, if necessary<\/li>\n\n\n\n<li>place special orders on your behalf<\/li>\n\n\n\n<li>deliver products directly to you<\/li>\n\n\n\n<li>limit the possibility of error or fraud<\/li>\n<\/ul>\n\n\n\n<h3 class=\"wp-block-heading\">Do you disclose this information to third parties?<\/h3>\n\n\n\n<p>Your privacy is very important to us. Your personal information is stored securely and is only available to staff and contractors who agree to respect and comply with our privacy policy. If we ask you for personal information for a secondary reason, like marketing, we will either ask you directly for your consent or provide you with an opportunity to say no. We do not share your personal information with third parties except in the following circumstances:<\/p>\n\n\n\n<ul class=\"wp-block-list\">\n<li>to process your payment (e.g. bank or credit card processing company)<\/li>\n\n\n\n<li>if required by law<\/li>\n\n\n\n<li>to assist investigations by law enforcement agencies<\/li>\n\n\n\n<li>to inform naturist\/nudist institutions of people who violate our regulations<\/li>\n\n\n\n<li>to collect overdue debts<\/li>\n\n\n\n<li>to safeguard the life, health or security of an individual<\/li>\n<\/ul>\n\n\n\n<h3 class=\"wp-block-heading\">How do you get my consent?<\/h3>\n\n\n\n<p>When you provide us with personal information to visit the Bare Oaks Family Naturist Park, confirm your identity &amp; admissibility, complete a transaction, verify your credit, place an order, arrange for a delivery or return a purchase, we assume you consent to our collecting it and using it for that specific reason only.<\/p>\n\n\n\n<p>If we ask you for personal information for a secondary reason, like marketing, we will either ask you directly for your consent or provide you with an opportunity to say no. Saying no is called \u201copting out.\u201d By opting out, you can tell us not to collect the information and\/or not to share it with other companies.<\/p>\n\n\n\n<h3 class=\"wp-block-heading\">How long do you keep my personal information?<\/h3>\n\n\n\n<p>We retain your personal information for as long as necessary to fulfill the purpose(s) for which it was collected.<\/p>\n\n\n\n<h3 class=\"wp-block-heading\">How do I get more information?<\/h3>\n\n\n\n<p>Our staff will be happy to answer any questions you may have about your personal information. If you would like more information about our policies, or you would like to see exactly what personal information we have about you in our records, or you wish to register a complaint, please contact:<\/p>\n\n\n\n<p>Chief Privacy Officer<br>Bare Oaks Family Naturist Park<br>20237 Kennedy Road<br>East Gwillimbury, Ontario, L0G 1V0<br>Canada<\/p>\n\n\n\n<p>+1 (905) 473-6060<\/p>\n\n\n\n<p><a href=\"mailto:info@BareOaks.ca?subject=Privacy Policy\">info@BareOaks.ca<\/a><\/p>\n","protected":false},"excerpt":{"rendered":"<p>D\u00e9claration de confidentialit\u00e9 La protection de la vie priv\u00e9e de nos visiteurs, membres et employ\u00e9s est essentielle. Nous nous engageons \u00e0 collecter vos informations personnelles avec int\u00e9grit\u00e9, \u00e0 les garder exactes et \u00e0 les conserver de mani\u00e8re confidentielle et s\u00e9curis\u00e9e. Nous recueillons des informations personnelles dans le cadre normal de nos activit\u00e9s. Ce qui suit devrait r\u00e9pondre \u00e0 la plupart de vos questions et vous permettre de savoir exactement comment nous prot\u00e9geons les informations que vous nous confiez. Bien que certaines de ces informations puissent sembler \u00e9videntes, nous sommes tenus, en vertu de la loi canadienne sur la protection des renseignements personnels et les documents \u00e9lectroniques (LPRPDE), de divulguer les informations personnelles que nous recueillons, la mani\u00e8re dont nous les utilisons, la mani\u00e8re dont nous obtenons votre consentement et la mani\u00e8re dont nous pouvons vous aider \u00e0 les obtenir.<a class=\"more-link\" href=\"https:\/\/www.bareoaks.ca\/fr\/privacy\/\">Lire la suite \u2192<\/a><\/p>","protected":false},"author":73,"featured_media":0,"parent":0,"menu_order":8,"comment_status":"closed","ping_status":"closed","template":"","meta":{"_themeisle_gutenberg_block_has_review":false,"footnotes":""},"class_list":["entry","author-sdeschenes","post-56","page","type-page","status-publish"],"yoast_head":"<!-- This site is optimized with the Yoast SEO plugin v27.3 - https:\/\/yoast.com\/product\/yoast-seo-wordpress\/ -->\n<title>Privacy &#8226; Bare Oaks Family Naturist Park<\/title>\n<meta name=\"description\" content=\"The privacy policy of Bare Oaks Family Naturist Park\" \/>\n<meta name=\"robots\" content=\"index, follow, max-snippet:-1, max-image-preview:large, max-video-preview:-1\" \/>\n<link rel=\"canonical\" href=\"https:\/\/www.bareoaks.ca\/fr\/privacy\/\" \/>\n<meta property=\"og:locale\" content=\"fr_CA\" \/>\n<meta property=\"og:type\" content=\"article\" \/>\n<meta property=\"og:title\" content=\"Privacy &#8226; Bare Oaks Family Naturist Park\" \/>\n<meta property=\"og:description\" content=\"The privacy policy of Bare Oaks Family Naturist Park\" \/>\n<meta property=\"og:url\" content=\"https:\/\/www.bareoaks.ca\/fr\/privacy\/\" \/>\n<meta property=\"og:site_name\" content=\"Bare Oaks Family Naturist Park\" \/>\n<meta property=\"article:publisher\" content=\"https:\/\/www.facebook.com\/BareOaksPark\" \/>\n<meta property=\"article:modified_time\" content=\"2025-04-08T21:04:25+00:00\" \/>\n<meta name=\"twitter:card\" content=\"summary_large_image\" \/>\n<meta name=\"twitter:site\" content=\"@BareOaksPark\" \/>\n<meta name=\"twitter:label1\" content=\"Estimation du temps de lecture\" \/>\n\t<meta name=\"twitter:data1\" content=\"5 minutes\" \/>\n<script type=\"application\/ld+json\" class=\"yoast-schema-graph\">{\"@context\":\"https:\\\/\\\/schema.org\",\"@graph\":[{\"@type\":\"WebPage\",\"@id\":\"https:\\\/\\\/www.bareoaks.ca\\\/privacy\\\/\",\"url\":\"https:\\\/\\\/www.bareoaks.ca\\\/privacy\\\/\",\"name\":\"Privacy &#8226; Bare Oaks Family Naturist Park\",\"isPartOf\":{\"@id\":\"https:\\\/\\\/www.bareoaks.ca\\\/#website\"},\"datePublished\":\"2011-03-19T18:52:41+00:00\",\"dateModified\":\"2025-04-08T21:04:25+00:00\",\"description\":\"The privacy policy of Bare Oaks Family Naturist Park\",\"breadcrumb\":{\"@id\":\"https:\\\/\\\/www.bareoaks.ca\\\/privacy\\\/#breadcrumb\"},\"inLanguage\":\"fr-CA\",\"potentialAction\":[{\"@type\":\"ReadAction\",\"target\":[\"https:\\\/\\\/www.bareoaks.ca\\\/privacy\\\/\"]}]},{\"@type\":\"BreadcrumbList\",\"@id\":\"https:\\\/\\\/www.bareoaks.ca\\\/privacy\\\/#breadcrumb\",\"itemListElement\":[{\"@type\":\"ListItem\",\"position\":1,\"name\":\"Home\",\"item\":\"https:\\\/\\\/www.bareoaks.ca\\\/\"},{\"@type\":\"ListItem\",\"position\":2,\"name\":\"Privacy\"}]},{\"@type\":\"WebSite\",\"@id\":\"https:\\\/\\\/www.bareoaks.ca\\\/#website\",\"url\":\"https:\\\/\\\/www.bareoaks.ca\\\/\",\"name\":\"Bare Oaks Family Naturist Park\",\"description\":\"Traditional naturist values in a modern setting\",\"publisher\":{\"@id\":\"https:\\\/\\\/www.bareoaks.ca\\\/#organization\"},\"potentialAction\":[{\"@type\":\"SearchAction\",\"target\":{\"@type\":\"EntryPoint\",\"urlTemplate\":\"https:\\\/\\\/www.bareoaks.ca\\\/?s={search_term_string}\"},\"query-input\":{\"@type\":\"PropertyValueSpecification\",\"valueRequired\":true,\"valueName\":\"search_term_string\"}}],\"inLanguage\":\"fr-CA\"},{\"@type\":\"Organization\",\"@id\":\"https:\\\/\\\/www.bareoaks.ca\\\/#organization\",\"name\":\"Bare Oaks Family Naturist Park\",\"url\":\"https:\\\/\\\/www.bareoaks.ca\\\/\",\"logo\":{\"@type\":\"ImageObject\",\"inLanguage\":\"fr-CA\",\"@id\":\"https:\\\/\\\/www.bareoaks.ca\\\/#\\\/schema\\\/logo\\\/image\\\/\",\"url\":\"https:\\\/\\\/www.bareoaks.ca\\\/wp-content\\\/uploads\\\/2025\\\/07\\\/BareOaksLogo_website.png\",\"contentUrl\":\"https:\\\/\\\/www.bareoaks.ca\\\/wp-content\\\/uploads\\\/2025\\\/07\\\/BareOaksLogo_website.png\",\"width\":250,\"height\":132,\"caption\":\"Bare Oaks Family Naturist Park\"},\"image\":{\"@id\":\"https:\\\/\\\/www.bareoaks.ca\\\/#\\\/schema\\\/logo\\\/image\\\/\"},\"sameAs\":[\"https:\\\/\\\/www.facebook.com\\\/BareOaksPark\",\"https:\\\/\\\/x.com\\\/BareOaksPark\",\"https:\\\/\\\/www.instagram.com\\\/bareoaks\\\/\",\"http:\\\/\\\/www.linkedin.com\\\/company\\\/bare-oaks-family-naturist-park\",\"https:\\\/\\\/www.youtube.com\\\/user\\\/BareOaks\",\"https:\\\/\\\/en.wikipedia.org\\\/wiki\\\/Bare_Oaks_Family_Naturist_Park\"]}]}<\/script>\n<!-- \/ Yoast SEO plugin. -->","yoast_head_json":{"title":"Vie priv\u00e9e - Parc naturiste familial Bare Oaks","description":"La politique de confidentialit\u00e9 de Bare Oaks Family Naturist Park","robots":{"index":"index","follow":"follow","max-snippet":"max-snippet:-1","max-image-preview":"max-image-preview:large","max-video-preview":"max-video-preview:-1"},"canonical":"https:\/\/www.bareoaks.ca\/fr\/privacy\/","og_locale":"fr_CA","og_type":"article","og_title":"Privacy &#8226; Bare Oaks Family Naturist Park","og_description":"The privacy policy of Bare Oaks Family Naturist Park","og_url":"https:\/\/www.bareoaks.ca\/fr\/privacy\/","og_site_name":"Bare Oaks Family Naturist Park","article_publisher":"https:\/\/www.facebook.com\/BareOaksPark","article_modified_time":"2025-04-08T21:04:25+00:00","twitter_card":"summary_large_image","twitter_site":"@BareOaksPark","twitter_misc":{"Estimation du temps de lecture":"5 minutes"},"schema":{"@context":"https:\/\/schema.org","@graph":[{"@type":"WebPage","@id":"https:\/\/www.bareoaks.ca\/privacy\/","url":"https:\/\/www.bareoaks.ca\/privacy\/","name":"Vie priv\u00e9e - Parc naturiste familial Bare Oaks","isPartOf":{"@id":"https:\/\/www.bareoaks.ca\/#website"},"datePublished":"2011-03-19T18:52:41+00:00","dateModified":"2025-04-08T21:04:25+00:00","description":"La politique de confidentialit\u00e9 de Bare Oaks Family Naturist Park","breadcrumb":{"@id":"https:\/\/www.bareoaks.ca\/privacy\/#breadcrumb"},"inLanguage":"fr-CA","potentialAction":[{"@type":"ReadAction","target":["https:\/\/www.bareoaks.ca\/privacy\/"]}]},{"@type":"BreadcrumbList","@id":"https:\/\/www.bareoaks.ca\/privacy\/#breadcrumb","itemListElement":[{"@type":"ListItem","position":1,"name":"Home","item":"https:\/\/www.bareoaks.ca\/"},{"@type":"ListItem","position":2,"name":"Privacy"}]},{"@type":"WebSite","@id":"https:\/\/www.bareoaks.ca\/#website","url":"https:\/\/www.bareoaks.ca\/","name":"Parc naturiste familial Bare Oaks","description":"Des valeurs naturistes traditionnelles dans un cadre moderne","publisher":{"@id":"https:\/\/www.bareoaks.ca\/#organization"},"potentialAction":[{"@type":"SearchAction","target":{"@type":"EntryPoint","urlTemplate":"https:\/\/www.bareoaks.ca\/?s={search_term_string}"},"query-input":{"@type":"PropertyValueSpecification","valueRequired":true,"valueName":"search_term_string"}}],"inLanguage":"fr-CA"},{"@type":"Organization","@id":"https:\/\/www.bareoaks.ca\/#organization","name":"Parc naturiste familial Bare Oaks","url":"https:\/\/www.bareoaks.ca\/","logo":{"@type":"ImageObject","inLanguage":"fr-CA","@id":"https:\/\/www.bareoaks.ca\/#\/schema\/logo\/image\/","url":"https:\/\/www.bareoaks.ca\/wp-content\/uploads\/2025\/07\/BareOaksLogo_website.png","contentUrl":"https:\/\/www.bareoaks.ca\/wp-content\/uploads\/2025\/07\/BareOaksLogo_website.png","width":250,"height":132,"caption":"Bare Oaks Family Naturist Park"},"image":{"@id":"https:\/\/www.bareoaks.ca\/#\/schema\/logo\/image\/"},"sameAs":["https:\/\/www.facebook.com\/BareOaksPark","https:\/\/x.com\/BareOaksPark","https:\/\/www.instagram.com\/bareoaks\/","http:\/\/www.linkedin.com\/company\/bare-oaks-family-naturist-park","https:\/\/www.youtube.com\/user\/BareOaks","https:\/\/en.wikipedia.org\/wiki\/Bare_Oaks_Family_Naturist_Park"]}]}},"_links":{"self":[{"href":"https:\/\/www.bareoaks.ca\/fr\/wp-json\/wp\/v2\/pages\/56","targetHints":{"allow":["GET"]}}],"collection":[{"href":"https:\/\/www.bareoaks.ca\/fr\/wp-json\/wp\/v2\/pages"}],"about":[{"href":"https:\/\/www.bareoaks.ca\/fr\/wp-json\/wp\/v2\/types\/page"}],"author":[{"embeddable":true,"href":"https:\/\/www.bareoaks.ca\/fr\/wp-json\/wp\/v2\/users\/73"}],"replies":[{"embeddable":true,"href":"https:\/\/www.bareoaks.ca\/fr\/wp-json\/wp\/v2\/comments?post=56"}],"version-history":[{"count":6,"href":"https:\/\/www.bareoaks.ca\/fr\/wp-json\/wp\/v2\/pages\/56\/revisions"}],"predecessor-version":[{"id":80548,"href":"https:\/\/www.bareoaks.ca\/fr\/wp-json\/wp\/v2\/pages\/56\/revisions\/80548"}],"wp:attachment":[{"href":"https:\/\/www.bareoaks.ca\/fr\/wp-json\/wp\/v2\/media?parent=56"}],"curies":[{"name":"wp","href":"https:\/\/api.w.org\/{rel}","templated":true}]}}