{"id":57,"date":"2011-04-17T12:27:17","date_gmt":"2011-04-17T16:27:17","guid":{"rendered":"http:\/\/ww1.bareoaks.ca\/?page_id=57"},"modified":"2025-08-18T14:06:11","modified_gmt":"2025-08-18T18:06:11","slug":"spa","status":"publish","type":"page","link":"https:\/\/www.bareoaks.ca\/fr\/spa\/","title":{"rendered":"Spa"},"content":{"rendered":"<h2 class=\"wp-block-heading\">Services de massage<\/h2>\n\n\n<div class=\"wp-block-image is-style-default\">\n<figure class=\"alignleft size-large\"><img loading=\"lazy\" decoding=\"async\" width=\"250\" height=\"250\" src=\"https:\/\/www.bareoaks.ca\/wp-content\/uploads\/2011\/04\/massage.jpg\" alt=\"\" class=\"wp-image-27823\" srcset=\"https:\/\/www.bareoaks.ca\/wp-content\/uploads\/2011\/04\/massage.jpg 250w, https:\/\/www.bareoaks.ca\/wp-content\/uploads\/2011\/04\/massage-150x150.jpg 150w\" sizes=\"auto, (max-width: 250px) 100vw, 250px\" \/><\/figure>\n<\/div>\n\n\n<p>Nombreux sont ceux qui choisissent d'agr\u00e9menter leur visite en r\u00e9servant un massage ou des services esth\u00e9tiques qui sont disponibles sur la propri\u00e9t\u00e9 de Bare Oaks la plupart du temps sur rendez-vous.<\/p>\n\n\n\n<p>Ces services sont fournis par des sp\u00e9cialistes ind\u00e9pendants pour la relaxation et le rel\u00e2chement de la tension musculaire et les services esth\u00e9tiques normaux. <a href=\"\/fr\/hours-contact\/\">Contact<\/a> le bureau du parc pour obtenir des informations g\u00e9n\u00e9rales.<\/p>\n\n\n\n<p>Michelle dirige le Bare Day Spa. Vous pouvez visiter son site web <a title=\"Spa de jour Bare Oaks\" href=\"http:\/\/www.bodyworksites.com\/holisticmassage\" target=\"_blank\" rel=\"noopener noreferrer\">ici<\/a> ou appelez ou envoyez un SMS au +1 (289) 926-1116 pour prendre rendez-vous.<\/p>\n\n\n<div class=\"wp-block-image is-style-default\">\n<figure class=\"alignright size-medium is-resized\"><img loading=\"lazy\" decoding=\"async\" width=\"300\" height=\"300\" src=\"https:\/\/www.bareoaks.ca\/wp-content\/uploads\/2022\/09\/Katia-tent-sq-300x300.jpg\" alt=\"esthetic services tent\" class=\"wp-image-75607\" style=\"width:250px;height:250px\" srcset=\"https:\/\/www.bareoaks.ca\/wp-content\/uploads\/2022\/09\/Katia-tent-sq-300x300.jpg 300w, https:\/\/www.bareoaks.ca\/wp-content\/uploads\/2022\/09\/Katia-tent-sq.jpg 1024w, https:\/\/www.bareoaks.ca\/wp-content\/uploads\/2022\/09\/Katia-tent-sq-150x150.jpg 150w, https:\/\/www.bareoaks.ca\/wp-content\/uploads\/2022\/09\/Katia-tent-sq-768x768.jpg 768w, https:\/\/www.bareoaks.ca\/wp-content\/uploads\/2022\/09\/Katia-tent-sq-425x425.jpg 425w\" sizes=\"auto, (max-width: 300px) 100vw, 300px\" \/><\/figure>\n<\/div>\n\n\n<p><em>Clause de non-responsabilit\u00e9 : Les services sont fournis par des personnes ind\u00e9pendantes. Le Bare Oaks Family Naturist Park ne fait que coordonner l'organisation des services de massage et n'est pas responsable des services fournis.<\/em><\/p>","protected":false},"excerpt":{"rendered":"<p>Services de massage De nombreuses personnes choisissent d'agr\u00e9menter leur visite en r\u00e9servant un massage ou des services esth\u00e9tiques qui sont disponibles sur la propri\u00e9t\u00e9 de Bare Oaks la plupart du temps sur rendez-vous. Ces services sont assur\u00e9s par des sp\u00e9cialistes ind\u00e9pendants pour la relaxation et le rel\u00e2chement des tensions musculaires, ainsi que pour des services esth\u00e9tiques normaux. Contactez le bureau du parc pour obtenir des informations g\u00e9n\u00e9rales. Michelle dirige le Bare Day Spa. Vous pouvez visiter son site web ici ou appeler ou envoyer un message au +1 (289) 926-1116 pour prendre rendez-vous. Clause de non-responsabilit\u00e9 : Les services sont fournis par des personnes ind\u00e9pendantes. Le parc naturiste familial de Bare Oaks ne fait que coordonner l'organisation des services de massage et n'est pas responsable des services fournis.<a class=\"more-link\" href=\"https:\/\/www.bareoaks.ca\/fr\/spa\/\">Lire la suite \u2192<\/a><\/p>","protected":false},"author":73,"featured_media":0,"parent":0,"menu_order":7,"comment_status":"closed","ping_status":"closed","template":"","meta":{"_themeisle_gutenberg_block_has_review":false,"footnotes":""},"class_list":["entry","author-sdeschenes","post-57","page","type-page","status-publish"],"yoast_head":"<!-- This site is optimized with the Yoast SEO plugin v27.5 - https:\/\/yoast.com\/product\/yoast-seo-wordpress\/ -->\n<title>Spa &#8226; Bare Oaks Family Naturist Park<\/title>\n<meta name=\"description\" content=\"Massage and other spa services at Bare Oaks Family Naturist Park.\" \/>\n<meta name=\"robots\" content=\"index, follow, max-snippet:-1, max-image-preview:large, max-video-preview:-1\" \/>\n<link rel=\"canonical\" href=\"https:\/\/www.bareoaks.ca\/fr\/spa\/\" \/>\n<meta property=\"og:locale\" content=\"fr_CA\" \/>\n<meta property=\"og:type\" content=\"article\" \/>\n<meta property=\"og:title\" content=\"Spa &#8226; Bare Oaks Family Naturist Park\" \/>\n<meta property=\"og:description\" content=\"Massage and other spa services at Bare Oaks Family Naturist Park.\" \/>\n<meta property=\"og:url\" content=\"https:\/\/www.bareoaks.ca\/fr\/spa\/\" \/>\n<meta property=\"og:site_name\" content=\"Bare Oaks Family Naturist Park\" \/>\n<meta property=\"article:publisher\" content=\"https:\/\/www.facebook.com\/BareOaksPark\" \/>\n<meta property=\"article:modified_time\" content=\"2025-08-18T18:06:11+00:00\" \/>\n<meta property=\"og:image\" content=\"https:\/\/www.bareoaks.ca\/wp-content\/uploads\/2011\/04\/massage.jpg\" \/>\n\t<meta property=\"og:image:width\" content=\"250\" \/>\n\t<meta property=\"og:image:height\" content=\"250\" \/>\n\t<meta property=\"og:image:type\" content=\"image\/jpeg\" \/>\n<meta name=\"twitter:card\" content=\"summary_large_image\" \/>\n<meta name=\"twitter:site\" content=\"@BareOaksPark\" \/>\n<meta name=\"twitter:label1\" content=\"Estimation du temps de lecture\" \/>\n\t<meta name=\"twitter:data1\" content=\"1 minute\" \/>\n<script type=\"application\/ld+json\" class=\"yoast-schema-graph\">{\"@context\":\"https:\\\/\\\/schema.org\",\"@graph\":[{\"@type\":\"WebPage\",\"@id\":\"https:\\\/\\\/www.bareoaks.ca\\\/spa\\\/\",\"url\":\"https:\\\/\\\/www.bareoaks.ca\\\/spa\\\/\",\"name\":\"Spa &#8226; Bare Oaks Family Naturist Park\",\"isPartOf\":{\"@id\":\"https:\\\/\\\/www.bareoaks.ca\\\/#website\"},\"primaryImageOfPage\":{\"@id\":\"https:\\\/\\\/www.bareoaks.ca\\\/spa\\\/#primaryimage\"},\"image\":{\"@id\":\"https:\\\/\\\/www.bareoaks.ca\\\/spa\\\/#primaryimage\"},\"thumbnailUrl\":\"https:\\\/\\\/www.bareoaks.ca\\\/wp-content\\\/uploads\\\/2011\\\/04\\\/massage.jpg\",\"datePublished\":\"2011-04-17T16:27:17+00:00\",\"dateModified\":\"2025-08-18T18:06:11+00:00\",\"description\":\"Massage and other spa services at Bare Oaks Family Naturist Park.\",\"breadcrumb\":{\"@id\":\"https:\\\/\\\/www.bareoaks.ca\\\/spa\\\/#breadcrumb\"},\"inLanguage\":\"fr-CA\",\"potentialAction\":[{\"@type\":\"ReadAction\",\"target\":[\"https:\\\/\\\/www.bareoaks.ca\\\/spa\\\/\"]}]},{\"@type\":\"ImageObject\",\"inLanguage\":\"fr-CA\",\"@id\":\"https:\\\/\\\/www.bareoaks.ca\\\/spa\\\/#primaryimage\",\"url\":\"https:\\\/\\\/www.bareoaks.ca\\\/wp-content\\\/uploads\\\/2011\\\/04\\\/massage.jpg\",\"contentUrl\":\"https:\\\/\\\/www.bareoaks.ca\\\/wp-content\\\/uploads\\\/2011\\\/04\\\/massage.jpg\"},{\"@type\":\"BreadcrumbList\",\"@id\":\"https:\\\/\\\/www.bareoaks.ca\\\/spa\\\/#breadcrumb\",\"itemListElement\":[{\"@type\":\"ListItem\",\"position\":1,\"name\":\"Home\",\"item\":\"https:\\\/\\\/www.bareoaks.ca\\\/\"},{\"@type\":\"ListItem\",\"position\":2,\"name\":\"Spa\"}]},{\"@type\":\"WebSite\",\"@id\":\"https:\\\/\\\/www.bareoaks.ca\\\/#website\",\"url\":\"https:\\\/\\\/www.bareoaks.ca\\\/\",\"name\":\"Bare Oaks Family Naturist Park\",\"description\":\"Traditional naturist values in a modern setting\",\"publisher\":{\"@id\":\"https:\\\/\\\/www.bareoaks.ca\\\/#organization\"},\"potentialAction\":[{\"@type\":\"SearchAction\",\"target\":{\"@type\":\"EntryPoint\",\"urlTemplate\":\"https:\\\/\\\/www.bareoaks.ca\\\/?s={search_term_string}\"},\"query-input\":{\"@type\":\"PropertyValueSpecification\",\"valueRequired\":true,\"valueName\":\"search_term_string\"}}],\"inLanguage\":\"fr-CA\"},{\"@type\":\"Organization\",\"@id\":\"https:\\\/\\\/www.bareoaks.ca\\\/#organization\",\"name\":\"Bare Oaks Family Naturist Park\",\"url\":\"https:\\\/\\\/www.bareoaks.ca\\\/\",\"logo\":{\"@type\":\"ImageObject\",\"inLanguage\":\"fr-CA\",\"@id\":\"https:\\\/\\\/www.bareoaks.ca\\\/#\\\/schema\\\/logo\\\/image\\\/\",\"url\":\"https:\\\/\\\/www.bareoaks.ca\\\/wp-content\\\/uploads\\\/2025\\\/07\\\/BareOaksLogo_website.png\",\"contentUrl\":\"https:\\\/\\\/www.bareoaks.ca\\\/wp-content\\\/uploads\\\/2025\\\/07\\\/BareOaksLogo_website.png\",\"width\":250,\"height\":132,\"caption\":\"Bare Oaks Family Naturist Park\"},\"image\":{\"@id\":\"https:\\\/\\\/www.bareoaks.ca\\\/#\\\/schema\\\/logo\\\/image\\\/\"},\"sameAs\":[\"https:\\\/\\\/www.facebook.com\\\/BareOaksPark\",\"https:\\\/\\\/x.com\\\/BareOaksPark\",\"https:\\\/\\\/www.instagram.com\\\/bareoaks\\\/\",\"http:\\\/\\\/www.linkedin.com\\\/company\\\/bare-oaks-family-naturist-park\",\"https:\\\/\\\/www.youtube.com\\\/user\\\/BareOaks\",\"https:\\\/\\\/en.wikipedia.org\\\/wiki\\\/Bare_Oaks_Family_Naturist_Park\"]}]}<\/script>\n<!-- \/ Yoast SEO plugin. -->","yoast_head_json":{"title":"Spa - Parc naturiste familial Bare Oaks","description":"Massage et autres services de spa au Bare Oaks Family Naturist Park.","robots":{"index":"index","follow":"follow","max-snippet":"max-snippet:-1","max-image-preview":"max-image-preview:large","max-video-preview":"max-video-preview:-1"},"canonical":"https:\/\/www.bareoaks.ca\/fr\/spa\/","og_locale":"fr_CA","og_type":"article","og_title":"Spa &#8226; Bare Oaks Family Naturist Park","og_description":"Massage and other spa services at Bare Oaks Family Naturist Park.","og_url":"https:\/\/www.bareoaks.ca\/fr\/spa\/","og_site_name":"Bare Oaks Family Naturist Park","article_publisher":"https:\/\/www.facebook.com\/BareOaksPark","article_modified_time":"2025-08-18T18:06:11+00:00","og_image":[{"width":250,"height":250,"url":"https:\/\/www.bareoaks.ca\/wp-content\/uploads\/2011\/04\/massage.jpg","type":"image\/jpeg"}],"twitter_card":"summary_large_image","twitter_site":"@BareOaksPark","twitter_misc":{"Estimation du temps de lecture":"1 minute"},"schema":{"@context":"https:\/\/schema.org","@graph":[{"@type":"WebPage","@id":"https:\/\/www.bareoaks.ca\/spa\/","url":"https:\/\/www.bareoaks.ca\/spa\/","name":"Spa - Parc naturiste familial Bare Oaks","isPartOf":{"@id":"https:\/\/www.bareoaks.ca\/#website"},"primaryImageOfPage":{"@id":"https:\/\/www.bareoaks.ca\/spa\/#primaryimage"},"image":{"@id":"https:\/\/www.bareoaks.ca\/spa\/#primaryimage"},"thumbnailUrl":"https:\/\/www.bareoaks.ca\/wp-content\/uploads\/2011\/04\/massage.jpg","datePublished":"2011-04-17T16:27:17+00:00","dateModified":"2025-08-18T18:06:11+00:00","description":"Massage et autres services de spa au Bare Oaks Family Naturist Park.","breadcrumb":{"@id":"https:\/\/www.bareoaks.ca\/spa\/#breadcrumb"},"inLanguage":"fr-CA","potentialAction":[{"@type":"ReadAction","target":["https:\/\/www.bareoaks.ca\/spa\/"]}]},{"@type":"ImageObject","inLanguage":"fr-CA","@id":"https:\/\/www.bareoaks.ca\/spa\/#primaryimage","url":"https:\/\/www.bareoaks.ca\/wp-content\/uploads\/2011\/04\/massage.jpg","contentUrl":"https:\/\/www.bareoaks.ca\/wp-content\/uploads\/2011\/04\/massage.jpg"},{"@type":"BreadcrumbList","@id":"https:\/\/www.bareoaks.ca\/spa\/#breadcrumb","itemListElement":[{"@type":"ListItem","position":1,"name":"Home","item":"https:\/\/www.bareoaks.ca\/"},{"@type":"ListItem","position":2,"name":"Spa"}]},{"@type":"WebSite","@id":"https:\/\/www.bareoaks.ca\/#website","url":"https:\/\/www.bareoaks.ca\/","name":"Parc naturiste familial Bare Oaks","description":"Des valeurs naturistes traditionnelles dans un cadre moderne","publisher":{"@id":"https:\/\/www.bareoaks.ca\/#organization"},"potentialAction":[{"@type":"SearchAction","target":{"@type":"EntryPoint","urlTemplate":"https:\/\/www.bareoaks.ca\/?s={search_term_string}"},"query-input":{"@type":"PropertyValueSpecification","valueRequired":true,"valueName":"search_term_string"}}],"inLanguage":"fr-CA"},{"@type":"Organization","@id":"https:\/\/www.bareoaks.ca\/#organization","name":"Parc naturiste familial Bare Oaks","url":"https:\/\/www.bareoaks.ca\/","logo":{"@type":"ImageObject","inLanguage":"fr-CA","@id":"https:\/\/www.bareoaks.ca\/#\/schema\/logo\/image\/","url":"https:\/\/www.bareoaks.ca\/wp-content\/uploads\/2025\/07\/BareOaksLogo_website.png","contentUrl":"https:\/\/www.bareoaks.ca\/wp-content\/uploads\/2025\/07\/BareOaksLogo_website.png","width":250,"height":132,"caption":"Bare Oaks Family Naturist Park"},"image":{"@id":"https:\/\/www.bareoaks.ca\/#\/schema\/logo\/image\/"},"sameAs":["https:\/\/www.facebook.com\/BareOaksPark","https:\/\/x.com\/BareOaksPark","https:\/\/www.instagram.com\/bareoaks\/","http:\/\/www.linkedin.com\/company\/bare-oaks-family-naturist-park","https:\/\/www.youtube.com\/user\/BareOaks","https:\/\/en.wikipedia.org\/wiki\/Bare_Oaks_Family_Naturist_Park"]}]}},"_links":{"self":[{"href":"https:\/\/www.bareoaks.ca\/fr\/wp-json\/wp\/v2\/pages\/57","targetHints":{"allow":["GET"]}}],"collection":[{"href":"https:\/\/www.bareoaks.ca\/fr\/wp-json\/wp\/v2\/pages"}],"about":[{"href":"https:\/\/www.bareoaks.ca\/fr\/wp-json\/wp\/v2\/types\/page"}],"author":[{"embeddable":true,"href":"https:\/\/www.bareoaks.ca\/fr\/wp-json\/wp\/v2\/users\/73"}],"replies":[{"embeddable":true,"href":"https:\/\/www.bareoaks.ca\/fr\/wp-json\/wp\/v2\/comments?post=57"}],"version-history":[{"count":9,"href":"https:\/\/www.bareoaks.ca\/fr\/wp-json\/wp\/v2\/pages\/57\/revisions"}],"predecessor-version":[{"id":81087,"href":"https:\/\/www.bareoaks.ca\/fr\/wp-json\/wp\/v2\/pages\/57\/revisions\/81087"}],"wp:attachment":[{"href":"https:\/\/www.bareoaks.ca\/fr\/wp-json\/wp\/v2\/media?parent=57"}],"curies":[{"name":"wp","href":"https:\/\/api.w.org\/{rel}","templated":true}]}}