{"id":59,"date":"2011-04-22T20:59:42","date_gmt":"2011-04-23T00:59:42","guid":{"rendered":"http:\/\/ww1.bareoaks.ca\/?page_id=59"},"modified":"2023-01-02T15:38:11","modified_gmt":"2023-01-02T20:38:11","slug":"volleyball","status":"publish","type":"page","link":"https:\/\/www.bareoaks.ca\/fr\/volleyball\/","title":{"rendered":"Volley-ball"},"content":{"rendered":"<p><iframe loading=\"lazy\" src=\"https:\/\/www.youtube.com\/embed\/jHDRCGXFlYk?autoplay=1&amp;loop=1&amp;rel=0\" width=\"560\" height=\"315\" frameborder=\"0\" allowfullscreen=\"allowfullscreen\"><span data-mce-type=\"bookmark\" style=\"display: inline-block; width: 0px; overflow: hidden; line-height: 0;\" class=\"mce_SELRES_start\"><\/span><\/iframe><\/p>\n\n\n\n<h3 class=\"wp-block-heading\">\u00c0 propos du volley-ball nu dans le cadre du naturisme\/nudisme<\/h3>\n\n\n\n<div class=\"wp-block-image is-style-default\"><figure class=\"alignleft is-resized\"><img loading=\"lazy\" decoding=\"async\" src=\"https:\/\/www.bareoaks.ca\/wp-content\/uploads\/2011\/04\/volleyball_nude-volleyball-history3.jpg\" alt=\"Nude Volleyball History\" class=\"wp-image-2893\" width=\"200\" height=\"130\" srcset=\"https:\/\/www.bareoaks.ca\/wp-content\/uploads\/2011\/04\/volleyball_nude-volleyball-history3.jpg 324w, https:\/\/www.bareoaks.ca\/wp-content\/uploads\/2011\/04\/volleyball_nude-volleyball-history3-300x194.jpg 300w\" sizes=\"auto, (max-width: 200px) 100vw, 200px\" \/><\/figure><\/div>\n\n\n\n<p>Le volley-ball nu dans le naturisme\/nudisme est presque devenu un clich\u00e9. Le jeu a \u00e9t\u00e9 invent\u00e9 en 1895 par William G. Morgan, instructeur au YMCA de Holyoke, Massachusetts, \u00c9tats-Unis. D\u00e8s les ann\u00e9es 1920, les naturistes le pratiquaient r\u00e9guli\u00e8rement, ce qui en fait l'un des premiers adeptes du volley-ball. D'une certaine mani\u00e8re, ce jeu \u00e9tait id\u00e9al pour les premiers clubs naturistes. La plupart des clubs \u00e9taient petits et un terrain de volley-ball ne n\u00e9cessite pas beaucoup d'espace. Malgr\u00e9 la taille relativement petite du terrain, de nombreuses personnes peuvent jouer en m\u00eame temps. Le jeu permet \u00e9galement de jouer avec diff\u00e9rents niveaux d'athl\u00e9tisme, ce qui le rend accessible \u00e0 tous.<\/p>\n\n\n\n<p>Le mat\u00e9riel n\u00e9cessaire (un filet et un ballon) est tr\u00e8s abordable. Enfin, comme il n'y a pas besoin d'uniforme ni d'\u00e9quipement de protection, le volley-ball est parfait pour les personnes qui aiment \u00eatre nues.<\/p>\n\n\n\n<div class=\"wp-block-columns is-layout-flex wp-container-core-columns-is-layout-9d6595d7 wp-block-columns-is-layout-flex\">\n<div class=\"wp-block-column is-layout-flow wp-block-column-is-layout-flow\" style=\"flex-basis:66.66%\">\n<h3 class=\"wp-block-heading\">Jeu du week-end<\/h3>\n\n\n\n<p>De mai \u00e0 septembre, des parties d\u00e9contract\u00e9es sont habituellement jou\u00e9es (si le temps le permet) tous les samedis et dimanches \u00e0 14 heures et des parties comp\u00e9titives \u00e0 2 contre 2 sont jou\u00e9es \u00e0 13 heures.<\/p>\n\n\n\n<p>Tout le monde est le bienvenu !<\/p>\n\n\n\n<p>Vous ne savez pas jouer ?  Pas de probl\u00e8me, les passionn\u00e9s de volley-ball se feront un plaisir de vous apprendre.<\/p>\n<\/div>\n\n\n\n<div class=\"wp-block-column border-columns-block is-layout-flow wp-block-column-is-layout-flow\" style=\"flex-basis:30%\">\n<h3 class=\"has-text-align-center wp-block-heading\">Tournois<\/h3>\n\n\n\n<ul class=\"column-margin-block-20 wp-block-list\"><li><a href=\"https:\/\/www.bareoaks.ca\/fr\/gta-tournament\/\">17e tournoi de volley-ball naturiste du Grand Chelem (29 juin - 2 juillet 2023)<\/a><\/li><li><a href=\"https:\/\/www.bareoaks.ca\/fr\/banxandall-tournament\/\">Tournoi de volley-ball comm\u00e9moratif Lee Baxandall (18 - 20 ao\u00fbt 2023)<\/a><\/li><\/ul>\n\n\n\n<div style=\"height:15px\" aria-hidden=\"true\" class=\"wp-block-spacer\"><\/div>\n\n\n\n<p class=\"has-text-align-center has-vivid-red-color has-text-color\"><strong>Divisions Fun, Serious Novice, Intermediate et Open<\/strong><\/p>\n\n\n\n<p class=\"has-text-align-center\">Plus de tournois sur le site :<\/p>\n\n\n\n<div class=\"wp-block-image is-style-default\"><figure class=\"aligncenter size-large is-resized\"><a href=\"http:\/\/www.nudistvolleyball.com\/\"><img loading=\"lazy\" decoding=\"async\" src=\"https:\/\/www.bareoaks.ca\/wp-content\/uploads\/2012\/05\/nudistvolleyball.gif\" alt=\"\" class=\"wp-image-19923\" width=\"100\" height=\"57\"\/><\/a><\/figure><\/div>\n\n\n\n<p class=\"has-text-align-center\"><a href=\"http:\/\/www.nudistvolleyball.com\/\" target=\"_blank\" rel=\"noreferrer noopener\">www.NudistVolleyball.com<\/a><\/p>\n<\/div>\n<\/div>\n\n\n\n<hr class=\"wp-block-separator is-style-wide\"\/>\n\n\n\n<h3 class=\"wp-block-heading\">Comment jouer au volley-ball<\/h3>\n\n\n\n<h3 class=\"wp-block-heading\">&nbsp;<\/h3>\n\n\n\n<p>Le volley-ball est un jeu complexe qui requiert des comp\u00e9tences sp\u00e9cialis\u00e9es. Le ballon est lanc\u00e9 jusqu'\u00e0 60 cm au-dessus de la hauteur d'un panier de basket (environ 3,65 m\u00e8tres) et met quelques fractions de seconde pour aller du lanceur au receveur. Cela signifie que le receveur doit \u00e9valuer l'angle d'arriv\u00e9e, d\u00e9cider o\u00f9 passer le ballon et contr\u00f4ler sa passe en un clin d'\u0153il. Sport de rebond pur (vous ne pouvez pas tenir le ballon), le volley-ball est un jeu de mouvement constant.<\/p>\n\n\n\n<p>Mais le volley-ball est aussi un sport accessible \u00e0 de nombreuses personnes aux capacit\u00e9s diff\u00e9rentes. On peut jouer et appr\u00e9cier le jeu quel que soit l'\u00e2ge ou le niveau de forme physique. Pendant l'\u00e9t\u00e9, les matchs sont g\u00e9n\u00e9ralement jou\u00e9s \u00e0 14 heures le week-end et les habitu\u00e9s se feront un plaisir de montrer \u00e0 un nouveau venu comment jouer. Lors des tournois, il est possible de rejoindre une \u00e9quipe novice et m\u00eame un nouveau joueur a une chance de faire partie d'une \u00e9quipe gagnante.<\/p>\n\n\n\n<p>Les r\u00e8gles sont fix\u00e9es\/ajust\u00e9es par l'arbitre au d\u00e9but du match. S'il n'y a pas d'arbitre, le convocateur peut fixer\/ajuster les r\u00e8gles pour chaque match.<\/p>\n\n\n\n<p>Une \u00e9quipe peut toucher le ballon trois fois de son c\u00f4t\u00e9 du filet, mais un joueur individuel ne peut pas toucher le ballon plus d'une fois de suite - sauf sur un bloc o\u00f9 un joueur peut toucher le ballon deux fois de suite. Le sch\u00e9ma habituel est un dig (une passe sous les bras faite avec les avant-bras), un set (une passe a\u00e9rienne faite avec les mains) et un spike (le tir d'attaque a\u00e9rien).<\/p>\n\n\n\n<p>La balle est servie en jeu, soit en coup droit, soit en coup de t\u00eate, depuis l'arri\u00e8re de la ligne de fond. Un service peut toucher le filet \u00e0 condition qu'il passe au-dessus.<\/p>\n\n\n\n<p>L'\u00e9quipe X gagne un point si<\/p>\n\n\n\n<ul class=\"wp-block-list\"><li>Le ballon touche le sol \u00e0 l'int\u00e9rieur des lignes de d\u00e9marcation de l'\u00e9quipe Y (toucher la ligne de d\u00e9marcation de quelque mani\u00e8re que ce soit est \"dedans\").<\/li><li>L'\u00e9quipe Y sert dans le filet<\/li><li>L'\u00e9quipe Y envoie le ballon en dehors des limites de l'\u00e9quipe X.<\/li><li>L'\u00e9quipe Y commet une violation (plus de 3 coups, double coup, coup ill\u00e9gal, toucher le filet, etc...)<\/li><\/ul>\n\n\n\n<p>Les \u00e9quipes peuvent \u00e9galement essayer de bloquer le smash de l'adversaire lorsqu'il traverse le filet. Lors d'un blocage, l'\u00e9quipe en d\u00e9fense peut toucher le ballon attaqu\u00e9 dans le c\u00f4t\u00e9 du filet de l'adversaire. Un blocage dans votre propre terrain compte comme l'une de vos trois touches en volley-ball de plage, mais pas en volley-ball sur terrain dur.<\/p>\n\n\n\n<p>Dans un match sur terrain dur, il y a six joueurs par c\u00f4t\u00e9 sur le terrain, qui doivent chacun tourner d'une position dans le sens des aiguilles d'une montre \u00e0 chaque fois que leur \u00e9quipe r\u00e9cup\u00e8re un service de l'adversaire. Une \u00e9quipe de beach-volley est g\u00e9n\u00e9ralement compos\u00e9e de deux joueurs. Notre tournoi principal se d\u00e9roule \u00e0 6 contre 6, mais il y a souvent des mini-tournois \u00e0 2 contre 2 et \u00e0 4 contre 4.<\/p>\n\n\n\n<p>Les \u00e9quipes marquent un point \u00e0 chaque \u00e9change (syst\u00e8me de points d'\u00e9change), quelle que soit l'\u00e9quipe qui a servi.<\/p>\n\n\n\n<p>Les matches se jouent au meilleur des trois ou cinq sets. Les sets sont jou\u00e9s en 15, 21 ou 25 points, comme d\u00e9termin\u00e9 avant le d\u00e9but par l'arbitre ou le convocateur. Une \u00e9quipe doit gagner un set par deux points. Il n'y a pas de plafond de points, de sorte qu'un set se poursuit jusqu'\u00e0 ce que l'une des \u00e9quipes prenne un avantage de deux points.<\/p>\n\n\n\n<p>Uniforme de jeu : Tous les joueurs doivent jouer nus (toutes les divisions, tous les niveaux, tous les \u00e2ges) Apr\u00e8s tout, il s'agit d'un parc naturiste.<\/p>\n\n\n\n<p class=\"has-text-align-right\">Adapt\u00e9 de l'ouvrage <a href=\"http:\/\/www.fivb.org\/\" target=\"_blank\" rel=\"noopener noreferrer\">FIVB<\/a><\/p>","protected":false},"excerpt":{"rendered":"<p>Le volley-ball nu dans le naturisme\/nudisme Le volley-ball nu dans le naturisme\/nudisme est presque devenu un clich\u00e9. Le jeu a \u00e9t\u00e9 invent\u00e9 en 1895 par William G. Morgan, instructeur au YMCA de Holyoke, Massachusetts, \u00c9tats-Unis. D\u00e8s les ann\u00e9es 1920, les naturistes y jouaient r\u00e9guli\u00e8rement, ce qui fait d'eux les premiers adeptes du volley-ball. D'une certaine mani\u00e8re, ce jeu \u00e9tait id\u00e9al pour les premiers clubs naturistes. La plupart des clubs \u00e9taient petits et un terrain de volley-ball ne n\u00e9cessite pas beaucoup d'espace. Malgr\u00e9 la taille relativement petite du terrain, de nombreuses personnes peuvent jouer en m\u00eame temps. Le jeu permet \u00e9galement de prendre en compte diff\u00e9rents niveaux d'athl\u00e9tisme, ce qui le rend ouvert \u00e0 tous. L'\u00e9quipement n\u00e9cessaire<a class=\"more-link\" href=\"https:\/\/www.bareoaks.ca\/fr\/volleyball\/\">Lire la suite \u2192<\/a><\/p>","protected":false},"author":73,"featured_media":0,"parent":0,"menu_order":4,"comment_status":"closed","ping_status":"closed","template":"","meta":{"_themeisle_gutenberg_block_has_review":false,"footnotes":""},"class_list":["entry","author-sdeschenes","post-59","page","type-page","status-publish"],"yoast_head":"<!-- This site is optimized with the Yoast SEO plugin v27.3 - https:\/\/yoast.com\/product\/yoast-seo-wordpress\/ -->\n<title>Volleyball &#8226; Bare Oaks Family Naturist Park<\/title>\n<meta name=\"description\" content=\"Volleyball at Bare Oaks Family Naturist Park.\" \/>\n<meta name=\"robots\" content=\"index, follow, max-snippet:-1, max-image-preview:large, max-video-preview:-1\" \/>\n<link rel=\"canonical\" href=\"https:\/\/www.bareoaks.ca\/fr\/volleyball\/\" \/>\n<meta property=\"og:locale\" content=\"fr_CA\" \/>\n<meta property=\"og:type\" content=\"article\" \/>\n<meta property=\"og:title\" content=\"Volleyball &#8226; Bare Oaks Family Naturist Park\" \/>\n<meta property=\"og:description\" content=\"Volleyball at Bare Oaks Family Naturist Park.\" \/>\n<meta property=\"og:url\" content=\"https:\/\/www.bareoaks.ca\/fr\/volleyball\/\" \/>\n<meta property=\"og:site_name\" content=\"Bare Oaks Family Naturist Park\" \/>\n<meta property=\"article:publisher\" content=\"https:\/\/www.facebook.com\/BareOaksPark\" \/>\n<meta property=\"article:modified_time\" content=\"2023-01-02T20:38:11+00:00\" \/>\n<meta property=\"og:image\" content=\"https:\/\/www.bareoaks.ca\/wp-content\/uploads\/2011\/04\/volleyball_nude-volleyball-history3.jpg\" \/>\n<meta name=\"twitter:card\" content=\"summary_large_image\" \/>\n<meta name=\"twitter:site\" content=\"@BareOaksPark\" \/>\n<meta name=\"twitter:label1\" content=\"Estimation du temps de lecture\" \/>\n\t<meta name=\"twitter:data1\" content=\"4 minutes\" \/>\n<script type=\"application\/ld+json\" class=\"yoast-schema-graph\">{\"@context\":\"https:\\\/\\\/schema.org\",\"@graph\":[{\"@type\":\"WebPage\",\"@id\":\"https:\\\/\\\/www.bareoaks.ca\\\/volleyball\\\/\",\"url\":\"https:\\\/\\\/www.bareoaks.ca\\\/volleyball\\\/\",\"name\":\"Volleyball &#8226; Bare Oaks Family Naturist Park\",\"isPartOf\":{\"@id\":\"https:\\\/\\\/www.bareoaks.ca\\\/#website\"},\"primaryImageOfPage\":{\"@id\":\"https:\\\/\\\/www.bareoaks.ca\\\/volleyball\\\/#primaryimage\"},\"image\":{\"@id\":\"https:\\\/\\\/www.bareoaks.ca\\\/volleyball\\\/#primaryimage\"},\"thumbnailUrl\":\"https:\\\/\\\/www.bareoaks.ca\\\/wp-content\\\/uploads\\\/2011\\\/04\\\/volleyball_nude-volleyball-history3.jpg\",\"datePublished\":\"2011-04-23T00:59:42+00:00\",\"dateModified\":\"2023-01-02T20:38:11+00:00\",\"description\":\"Volleyball at Bare Oaks Family Naturist Park.\",\"breadcrumb\":{\"@id\":\"https:\\\/\\\/www.bareoaks.ca\\\/volleyball\\\/#breadcrumb\"},\"inLanguage\":\"fr-CA\",\"potentialAction\":[{\"@type\":\"ReadAction\",\"target\":[\"https:\\\/\\\/www.bareoaks.ca\\\/volleyball\\\/\"]}]},{\"@type\":\"ImageObject\",\"inLanguage\":\"fr-CA\",\"@id\":\"https:\\\/\\\/www.bareoaks.ca\\\/volleyball\\\/#primaryimage\",\"url\":\"https:\\\/\\\/www.bareoaks.ca\\\/wp-content\\\/uploads\\\/2011\\\/04\\\/volleyball_nude-volleyball-history3.jpg\",\"contentUrl\":\"https:\\\/\\\/www.bareoaks.ca\\\/wp-content\\\/uploads\\\/2011\\\/04\\\/volleyball_nude-volleyball-history3.jpg\"},{\"@type\":\"BreadcrumbList\",\"@id\":\"https:\\\/\\\/www.bareoaks.ca\\\/volleyball\\\/#breadcrumb\",\"itemListElement\":[{\"@type\":\"ListItem\",\"position\":1,\"name\":\"Home\",\"item\":\"https:\\\/\\\/www.bareoaks.ca\\\/\"},{\"@type\":\"ListItem\",\"position\":2,\"name\":\"Volleyball\"}]},{\"@type\":\"WebSite\",\"@id\":\"https:\\\/\\\/www.bareoaks.ca\\\/#website\",\"url\":\"https:\\\/\\\/www.bareoaks.ca\\\/\",\"name\":\"Bare Oaks Family Naturist Park\",\"description\":\"Traditional naturist values in a modern setting\",\"publisher\":{\"@id\":\"https:\\\/\\\/www.bareoaks.ca\\\/#organization\"},\"potentialAction\":[{\"@type\":\"SearchAction\",\"target\":{\"@type\":\"EntryPoint\",\"urlTemplate\":\"https:\\\/\\\/www.bareoaks.ca\\\/?s={search_term_string}\"},\"query-input\":{\"@type\":\"PropertyValueSpecification\",\"valueRequired\":true,\"valueName\":\"search_term_string\"}}],\"inLanguage\":\"fr-CA\"},{\"@type\":\"Organization\",\"@id\":\"https:\\\/\\\/www.bareoaks.ca\\\/#organization\",\"name\":\"Bare Oaks Family Naturist Park\",\"url\":\"https:\\\/\\\/www.bareoaks.ca\\\/\",\"logo\":{\"@type\":\"ImageObject\",\"inLanguage\":\"fr-CA\",\"@id\":\"https:\\\/\\\/www.bareoaks.ca\\\/#\\\/schema\\\/logo\\\/image\\\/\",\"url\":\"https:\\\/\\\/www.bareoaks.ca\\\/wp-content\\\/uploads\\\/2025\\\/07\\\/BareOaksLogo_website.png\",\"contentUrl\":\"https:\\\/\\\/www.bareoaks.ca\\\/wp-content\\\/uploads\\\/2025\\\/07\\\/BareOaksLogo_website.png\",\"width\":250,\"height\":132,\"caption\":\"Bare Oaks Family Naturist Park\"},\"image\":{\"@id\":\"https:\\\/\\\/www.bareoaks.ca\\\/#\\\/schema\\\/logo\\\/image\\\/\"},\"sameAs\":[\"https:\\\/\\\/www.facebook.com\\\/BareOaksPark\",\"https:\\\/\\\/x.com\\\/BareOaksPark\",\"https:\\\/\\\/www.instagram.com\\\/bareoaks\\\/\",\"http:\\\/\\\/www.linkedin.com\\\/company\\\/bare-oaks-family-naturist-park\",\"https:\\\/\\\/www.youtube.com\\\/user\\\/BareOaks\",\"https:\\\/\\\/en.wikipedia.org\\\/wiki\\\/Bare_Oaks_Family_Naturist_Park\"]}]}<\/script>\n<!-- \/ Yoast SEO plugin. -->","yoast_head_json":{"title":"Volley-ball - Parc naturiste familial de Bare Oaks","description":"Volley-ball au parc naturiste familial de Bare Oaks.","robots":{"index":"index","follow":"follow","max-snippet":"max-snippet:-1","max-image-preview":"max-image-preview:large","max-video-preview":"max-video-preview:-1"},"canonical":"https:\/\/www.bareoaks.ca\/fr\/volleyball\/","og_locale":"fr_CA","og_type":"article","og_title":"Volleyball &#8226; Bare Oaks Family Naturist Park","og_description":"Volleyball at Bare Oaks Family Naturist Park.","og_url":"https:\/\/www.bareoaks.ca\/fr\/volleyball\/","og_site_name":"Bare Oaks Family Naturist Park","article_publisher":"https:\/\/www.facebook.com\/BareOaksPark","article_modified_time":"2023-01-02T20:38:11+00:00","og_image":[{"url":"https:\/\/www.bareoaks.ca\/wp-content\/uploads\/2011\/04\/volleyball_nude-volleyball-history3.jpg","type":"","width":"","height":""}],"twitter_card":"summary_large_image","twitter_site":"@BareOaksPark","twitter_misc":{"Estimation du temps de lecture":"4 minutes"},"schema":{"@context":"https:\/\/schema.org","@graph":[{"@type":"WebPage","@id":"https:\/\/www.bareoaks.ca\/volleyball\/","url":"https:\/\/www.bareoaks.ca\/volleyball\/","name":"Volley-ball - Parc naturiste familial de Bare Oaks","isPartOf":{"@id":"https:\/\/www.bareoaks.ca\/#website"},"primaryImageOfPage":{"@id":"https:\/\/www.bareoaks.ca\/volleyball\/#primaryimage"},"image":{"@id":"https:\/\/www.bareoaks.ca\/volleyball\/#primaryimage"},"thumbnailUrl":"https:\/\/www.bareoaks.ca\/wp-content\/uploads\/2011\/04\/volleyball_nude-volleyball-history3.jpg","datePublished":"2011-04-23T00:59:42+00:00","dateModified":"2023-01-02T20:38:11+00:00","description":"Volley-ball au parc naturiste familial de Bare Oaks.","breadcrumb":{"@id":"https:\/\/www.bareoaks.ca\/volleyball\/#breadcrumb"},"inLanguage":"fr-CA","potentialAction":[{"@type":"ReadAction","target":["https:\/\/www.bareoaks.ca\/volleyball\/"]}]},{"@type":"ImageObject","inLanguage":"fr-CA","@id":"https:\/\/www.bareoaks.ca\/volleyball\/#primaryimage","url":"https:\/\/www.bareoaks.ca\/wp-content\/uploads\/2011\/04\/volleyball_nude-volleyball-history3.jpg","contentUrl":"https:\/\/www.bareoaks.ca\/wp-content\/uploads\/2011\/04\/volleyball_nude-volleyball-history3.jpg"},{"@type":"BreadcrumbList","@id":"https:\/\/www.bareoaks.ca\/volleyball\/#breadcrumb","itemListElement":[{"@type":"ListItem","position":1,"name":"Home","item":"https:\/\/www.bareoaks.ca\/"},{"@type":"ListItem","position":2,"name":"Volleyball"}]},{"@type":"WebSite","@id":"https:\/\/www.bareoaks.ca\/#website","url":"https:\/\/www.bareoaks.ca\/","name":"Parc naturiste familial Bare Oaks","description":"Des valeurs naturistes traditionnelles dans un cadre moderne","publisher":{"@id":"https:\/\/www.bareoaks.ca\/#organization"},"potentialAction":[{"@type":"SearchAction","target":{"@type":"EntryPoint","urlTemplate":"https:\/\/www.bareoaks.ca\/?s={search_term_string}"},"query-input":{"@type":"PropertyValueSpecification","valueRequired":true,"valueName":"search_term_string"}}],"inLanguage":"fr-CA"},{"@type":"Organization","@id":"https:\/\/www.bareoaks.ca\/#organization","name":"Parc naturiste familial Bare Oaks","url":"https:\/\/www.bareoaks.ca\/","logo":{"@type":"ImageObject","inLanguage":"fr-CA","@id":"https:\/\/www.bareoaks.ca\/#\/schema\/logo\/image\/","url":"https:\/\/www.bareoaks.ca\/wp-content\/uploads\/2025\/07\/BareOaksLogo_website.png","contentUrl":"https:\/\/www.bareoaks.ca\/wp-content\/uploads\/2025\/07\/BareOaksLogo_website.png","width":250,"height":132,"caption":"Bare Oaks Family Naturist Park"},"image":{"@id":"https:\/\/www.bareoaks.ca\/#\/schema\/logo\/image\/"},"sameAs":["https:\/\/www.facebook.com\/BareOaksPark","https:\/\/x.com\/BareOaksPark","https:\/\/www.instagram.com\/bareoaks\/","http:\/\/www.linkedin.com\/company\/bare-oaks-family-naturist-park","https:\/\/www.youtube.com\/user\/BareOaks","https:\/\/en.wikipedia.org\/wiki\/Bare_Oaks_Family_Naturist_Park"]}]}},"_links":{"self":[{"href":"https:\/\/www.bareoaks.ca\/fr\/wp-json\/wp\/v2\/pages\/59","targetHints":{"allow":["GET"]}}],"collection":[{"href":"https:\/\/www.bareoaks.ca\/fr\/wp-json\/wp\/v2\/pages"}],"about":[{"href":"https:\/\/www.bareoaks.ca\/fr\/wp-json\/wp\/v2\/types\/page"}],"author":[{"embeddable":true,"href":"https:\/\/www.bareoaks.ca\/fr\/wp-json\/wp\/v2\/users\/73"}],"replies":[{"embeddable":true,"href":"https:\/\/www.bareoaks.ca\/fr\/wp-json\/wp\/v2\/comments?post=59"}],"version-history":[{"count":27,"href":"https:\/\/www.bareoaks.ca\/fr\/wp-json\/wp\/v2\/pages\/59\/revisions"}],"predecessor-version":[{"id":76017,"href":"https:\/\/www.bareoaks.ca\/fr\/wp-json\/wp\/v2\/pages\/59\/revisions\/76017"}],"wp:attachment":[{"href":"https:\/\/www.bareoaks.ca\/fr\/wp-json\/wp\/v2\/media?parent=59"}],"curies":[{"name":"wp","href":"https:\/\/api.w.org\/{rel}","templated":true}]}}