{"id":6,"date":"2010-03-02T22:08:58","date_gmt":"2010-03-03T03:08:58","guid":{"rendered":"http:\/\/ww1.bareoaks.ca\/?page_id=6"},"modified":"2021-12-28T12:10:51","modified_gmt":"2021-12-28T17:10:51","slug":"camping-regulations","status":"publish","type":"page","link":"https:\/\/www.bareoaks.ca\/fr\/camping-regulations\/","title":{"rendered":"R\u00e8glement du camping"},"content":{"rendered":"<figure class=\"wp-block-image is-style-default\"><img loading=\"lazy\" decoding=\"async\" width=\"1040\" height=\"250\" src=\"https:\/\/www.bareoaks.ca\/wp-content\/uploads\/2010\/03\/camping-regulations-1040x250.jpg\" alt=\"\" class=\"wp-image-28363\" srcset=\"https:\/\/www.bareoaks.ca\/wp-content\/uploads\/2010\/03\/camping-regulations-1040x250.jpg 1040w, https:\/\/www.bareoaks.ca\/wp-content\/uploads\/2010\/03\/camping-regulations-1040x250-300x72.jpg 300w, https:\/\/www.bareoaks.ca\/wp-content\/uploads\/2010\/03\/camping-regulations-1040x250-768x185.jpg 768w, https:\/\/www.bareoaks.ca\/wp-content\/uploads\/2010\/03\/camping-regulations-1040x250-1024x246.jpg 1024w, https:\/\/www.bareoaks.ca\/wp-content\/uploads\/2010\/03\/camping-regulations-1040x250-425x102.jpg 425w\" sizes=\"auto, (max-width: 1040px) 100vw, 1040px\" \/><\/figure>\n\n\n\n<p>Ces r\u00e8gles sp\u00e9cifiques aux terrains de camping s'ajoutent aux r\u00e8gles de l'Union europ\u00e9enne. <a href=\"\/fr\/member-and-visitor-agreement\/\">Accord des membres et des visiteurs<\/a>.<\/p>\n\n\n\n<ul class=\"wp-block-list\"><li>Pour le camping de nuit, l'heure d'arriv\u00e9e est fix\u00e9e \u00e0 14 heures et l'heure de d\u00e9part \u00e0 midi.<\/li><li>Vous pouvez demander un porte-cl\u00e9s (d\u00e9p\u00f4t $10) qui vous permet d'acc\u00e9der au parc 24 heures sur 24. Chaque porte-cl\u00e9s est unique et est enregistr\u00e9 \u00e0 votre nom.  Il ne doit donc pas \u00eatre pr\u00eat\u00e9 \u00e0 quelqu'un d'autre. Si vous permettez \u00e0 quelqu'un d'autre d'acc\u00e9der \u00e0 la propri\u00e9t\u00e9 en utilisant votre porte-cl\u00e9s, vous devenez responsable de ses actes.<\/li><li>Un seul v\u00e9hicule motoris\u00e9 est autoris\u00e9 sur chaque site.<\/li><li>L'eau du robinet est une ressource pr\u00e9cieuse. Il est donc interdit de laver les voitures ou d'arroser les pelouses avec l'eau du robinet.<\/li><li>Les enfants de moins de 18 ans ne sont pas autoris\u00e9s \u00e0 quitter leur emplacement apr\u00e8s 21h00, sauf s'ils sont accompagn\u00e9s d'un parent.<\/li><li>Tous les invit\u00e9s doivent \u00eatre inscrits au bureau. Les membres en r\u00e8gle peuvent pr\u00e9inscrire leurs invit\u00e9s s'ils sont pr\u00eats \u00e0 assumer l'enti\u00e8re responsabilit\u00e9 de leur comportement.<\/li><li>Essayez de r\u00e9duire vos d\u00e9chets en recyclant et en achetant des produits avec un minimum d'emballage. Les d\u00e9chets de votre site doivent \u00eatre d\u00e9pos\u00e9s dans la benne situ\u00e9e sur le chemin d'entr\u00e9e. Le m\u00e9tal, le bois et les gros objets ne doivent pas \u00eatre d\u00e9pos\u00e9s dans la benne ou ailleurs sur le terrain. \u00c9limination des gros objets : $10 (Contacter le bureau)<\/li><li>En r\u00e8gle g\u00e9n\u00e9rale, le bureau ne prend pas de messages pour les visiteurs ou les membres, car il est trop difficile de les faire parvenir.<\/li><\/ul>\n\n\n\n<p>Votre emplacement et votre caravane\/v\u00e9hicule r\u00e9cr\u00e9atif doivent \u00eatre maintenus propres \u00e0 tout moment. Aucun entrepreneur ne peut se trouver sur la propri\u00e9t\u00e9 sans l'accord de la direction de Bare Oaks. Pour obtenir une liste des entrepreneurs agr\u00e9\u00e9s, veuillez contacter le bureau.<\/p>\n\n\n\n<p>Nous gardons des emplacements ouverts pour le camping de courte dur\u00e9e. Ces emplacements ne sont pas destin\u00e9s \u00e0 l'entreposage de caravanes. Une caravane ou une tente ne peut rester sur l'emplacement que pendant que les occupants l'utilisent. Comme nous disposons d'un nombre limit\u00e9 d'emplacements, nous faisons en sorte que le plus grand nombre possible d'emplacements soit disponible pour les campeurs de week-end et de vacances.<\/p>\n\n\n\n<h3 class=\"wp-block-heading\">Informations sur l'approvisionnement en eau<\/h3>\n\n\n\n<p>Vous pouvez boire l'eau de Bare Oaks en toute s\u00e9curit\u00e9. Deux puits alimentent notre \u00e9quipement de traitement et de distribution. Le syst\u00e8me est enregistr\u00e9 et inspect\u00e9 par le gouvernement et doit r\u00e9pondre \u00e0 des normes tr\u00e8s strictes. L'eau est filtr\u00e9e, d\u00e9sinfect\u00e9e aux rayons UV, chlor\u00e9e et test\u00e9e quotidiennement pour v\u00e9rifier qu'elle contient suffisamment de chlore. D'autres tests sont effectu\u00e9s p\u00e9riodiquement par un laboratoire ind\u00e9pendant pour s'assurer de l'absence d'une multitude de substances biologiques et chimiques. Le syst\u00e8me a \u00e9t\u00e9 con\u00e7u et certifi\u00e9 par un ing\u00e9nieur. Enfin, il est exploit\u00e9 et surveill\u00e9 par des personnes form\u00e9es et accr\u00e9dit\u00e9es.<\/p>\n\n\n\n<h3 class=\"wp-block-heading\">Si vous \u00eates int\u00e9ress\u00e9 par l'achat d'une caravane ou d'un v\u00e9hicule r\u00e9cr\u00e9atif \u00e0 Bare Oaks<\/h3>\n\n\n\n<p>Veuillez noter que les caravanes ou les v\u00e9hicules r\u00e9cr\u00e9atifs qui resteront sur la propri\u00e9t\u00e9 doivent \u00eatre vendus par l'interm\u00e9diaire du bureau de Bare Oaks. Ceci est n\u00e9cessaire afin de s'assurer que tous les acheteurs potentiels sont au courant des r\u00e8glements de Bare Oaks et qu'ils sont appropri\u00e9s pour l'adh\u00e9sion. Les remorques ou les v\u00e9hicules r\u00e9cr\u00e9atifs vendus directement doivent \u00eatre retir\u00e9s de la propri\u00e9t\u00e9 de Bare Oaks. Les baux d'emplacement ne sont pas transf\u00e9rables. Nous vous recommandons vivement de vous renseigner aupr\u00e8s du bureau avant de commencer \u00e0 n\u00e9gocier l'achat d'une caravane ou d'un v\u00e9hicule r\u00e9cr\u00e9atif. Consultez notre <a href=\"\/fr\/trailer-sales\/\">Vente de remorques<\/a> page.<\/p>","protected":false},"excerpt":{"rendered":"<p>Ces r\u00e8gles sp\u00e9cifiques au terrain de camping s'ajoutent \u00e0 l'accord des membres et des visiteurs. Pour le camping de nuit, l'heure d'arriv\u00e9e est fix\u00e9e \u00e0 14 heures et l'heure de d\u00e9part \u00e0 midi. Vous pouvez demander un porte-cl\u00e9s (d\u00e9p\u00f4t $10) qui vous permet d'acc\u00e9der au parc 24 heures sur 24. Chaque porte-cl\u00e9s est unique et est enregistr\u00e9 \u00e0 votre nom.  Il ne doit donc pas \u00eatre pr\u00eat\u00e9 \u00e0 quelqu'un d'autre. Si vous permettez \u00e0 quelqu'un d'autre d'acc\u00e9der \u00e0 la propri\u00e9t\u00e9 en utilisant votre porte-cl\u00e9s, vous devenez responsable de ses actes. Un seul v\u00e9hicule motoris\u00e9 est autoris\u00e9 sur chaque site. L'eau du robinet est une ressource pr\u00e9cieuse. Il est donc interdit de laver les voitures ou d'arroser les pelouses avec l'eau du robinet.<a class=\"more-link\" href=\"https:\/\/www.bareoaks.ca\/fr\/camping-regulations\/\">Lire la suite \u2192<\/a><\/p>","protected":false},"author":73,"featured_media":0,"parent":0,"menu_order":19,"comment_status":"closed","ping_status":"closed","template":"","meta":{"_themeisle_gutenberg_block_has_review":false,"footnotes":""},"class_list":["entry","author-sdeschenes","post-6","page","type-page","status-publish"],"yoast_head":"<!-- This site is optimized with the Yoast SEO plugin v27.4 - https:\/\/yoast.com\/product\/yoast-seo-wordpress\/ -->\n<title>Camping Regulations &#8226; Bare Oaks Family Naturist Park<\/title>\n<meta name=\"description\" content=\"Regulations related to camping at Bare Oaks Family Naturist Park.\" \/>\n<meta name=\"robots\" content=\"index, follow, max-snippet:-1, max-image-preview:large, max-video-preview:-1\" \/>\n<link rel=\"canonical\" href=\"https:\/\/www.bareoaks.ca\/fr\/camping-regulations\/\" \/>\n<meta property=\"og:locale\" content=\"fr_CA\" \/>\n<meta property=\"og:type\" content=\"article\" \/>\n<meta property=\"og:title\" content=\"Camping Regulations &#8226; Bare Oaks Family Naturist Park\" \/>\n<meta property=\"og:description\" content=\"Regulations related to camping at Bare Oaks Family Naturist Park.\" \/>\n<meta property=\"og:url\" content=\"https:\/\/www.bareoaks.ca\/fr\/camping-regulations\/\" \/>\n<meta property=\"og:site_name\" content=\"Bare Oaks Family Naturist Park\" \/>\n<meta property=\"article:publisher\" content=\"https:\/\/www.facebook.com\/BareOaksPark\" \/>\n<meta property=\"article:modified_time\" content=\"2021-12-28T17:10:51+00:00\" \/>\n<meta property=\"og:image\" content=\"https:\/\/www.bareoaks.ca\/wp-content\/uploads\/2010\/03\/camping-regulations-1040x250.jpg\" \/>\n<meta name=\"twitter:card\" content=\"summary_large_image\" \/>\n<meta name=\"twitter:site\" content=\"@BareOaksPark\" \/>\n<meta name=\"twitter:label1\" content=\"Estimation du temps de lecture\" \/>\n\t<meta name=\"twitter:data1\" content=\"3 minutes\" \/>\n<script type=\"application\/ld+json\" class=\"yoast-schema-graph\">{\"@context\":\"https:\\\/\\\/schema.org\",\"@graph\":[{\"@type\":\"WebPage\",\"@id\":\"https:\\\/\\\/www.bareoaks.ca\\\/camping-regulations\\\/\",\"url\":\"https:\\\/\\\/www.bareoaks.ca\\\/camping-regulations\\\/\",\"name\":\"Camping Regulations &#8226; Bare Oaks Family Naturist Park\",\"isPartOf\":{\"@id\":\"https:\\\/\\\/www.bareoaks.ca\\\/#website\"},\"primaryImageOfPage\":{\"@id\":\"https:\\\/\\\/www.bareoaks.ca\\\/camping-regulations\\\/#primaryimage\"},\"image\":{\"@id\":\"https:\\\/\\\/www.bareoaks.ca\\\/camping-regulations\\\/#primaryimage\"},\"thumbnailUrl\":\"https:\\\/\\\/www.bareoaks.ca\\\/wp-content\\\/uploads\\\/2010\\\/03\\\/camping-regulations-1040x250.jpg\",\"datePublished\":\"2010-03-03T03:08:58+00:00\",\"dateModified\":\"2021-12-28T17:10:51+00:00\",\"description\":\"Regulations related to camping at Bare Oaks Family Naturist Park.\",\"breadcrumb\":{\"@id\":\"https:\\\/\\\/www.bareoaks.ca\\\/camping-regulations\\\/#breadcrumb\"},\"inLanguage\":\"fr-CA\",\"potentialAction\":[{\"@type\":\"ReadAction\",\"target\":[\"https:\\\/\\\/www.bareoaks.ca\\\/camping-regulations\\\/\"]}]},{\"@type\":\"ImageObject\",\"inLanguage\":\"fr-CA\",\"@id\":\"https:\\\/\\\/www.bareoaks.ca\\\/camping-regulations\\\/#primaryimage\",\"url\":\"https:\\\/\\\/www.bareoaks.ca\\\/wp-content\\\/uploads\\\/2010\\\/03\\\/camping-regulations-1040x250.jpg\",\"contentUrl\":\"https:\\\/\\\/www.bareoaks.ca\\\/wp-content\\\/uploads\\\/2010\\\/03\\\/camping-regulations-1040x250.jpg\"},{\"@type\":\"BreadcrumbList\",\"@id\":\"https:\\\/\\\/www.bareoaks.ca\\\/camping-regulations\\\/#breadcrumb\",\"itemListElement\":[{\"@type\":\"ListItem\",\"position\":1,\"name\":\"Home\",\"item\":\"https:\\\/\\\/www.bareoaks.ca\\\/\"},{\"@type\":\"ListItem\",\"position\":2,\"name\":\"Camping Regulations\"}]},{\"@type\":\"WebSite\",\"@id\":\"https:\\\/\\\/www.bareoaks.ca\\\/#website\",\"url\":\"https:\\\/\\\/www.bareoaks.ca\\\/\",\"name\":\"Bare Oaks Family Naturist Park\",\"description\":\"Traditional naturist values in a modern setting\",\"publisher\":{\"@id\":\"https:\\\/\\\/www.bareoaks.ca\\\/#organization\"},\"potentialAction\":[{\"@type\":\"SearchAction\",\"target\":{\"@type\":\"EntryPoint\",\"urlTemplate\":\"https:\\\/\\\/www.bareoaks.ca\\\/?s={search_term_string}\"},\"query-input\":{\"@type\":\"PropertyValueSpecification\",\"valueRequired\":true,\"valueName\":\"search_term_string\"}}],\"inLanguage\":\"fr-CA\"},{\"@type\":\"Organization\",\"@id\":\"https:\\\/\\\/www.bareoaks.ca\\\/#organization\",\"name\":\"Bare Oaks Family Naturist Park\",\"url\":\"https:\\\/\\\/www.bareoaks.ca\\\/\",\"logo\":{\"@type\":\"ImageObject\",\"inLanguage\":\"fr-CA\",\"@id\":\"https:\\\/\\\/www.bareoaks.ca\\\/#\\\/schema\\\/logo\\\/image\\\/\",\"url\":\"https:\\\/\\\/www.bareoaks.ca\\\/wp-content\\\/uploads\\\/2025\\\/07\\\/BareOaksLogo_website.png\",\"contentUrl\":\"https:\\\/\\\/www.bareoaks.ca\\\/wp-content\\\/uploads\\\/2025\\\/07\\\/BareOaksLogo_website.png\",\"width\":250,\"height\":132,\"caption\":\"Bare Oaks Family Naturist Park\"},\"image\":{\"@id\":\"https:\\\/\\\/www.bareoaks.ca\\\/#\\\/schema\\\/logo\\\/image\\\/\"},\"sameAs\":[\"https:\\\/\\\/www.facebook.com\\\/BareOaksPark\",\"https:\\\/\\\/x.com\\\/BareOaksPark\",\"https:\\\/\\\/www.instagram.com\\\/bareoaks\\\/\",\"http:\\\/\\\/www.linkedin.com\\\/company\\\/bare-oaks-family-naturist-park\",\"https:\\\/\\\/www.youtube.com\\\/user\\\/BareOaks\",\"https:\\\/\\\/en.wikipedia.org\\\/wiki\\\/Bare_Oaks_Family_Naturist_Park\"]}]}<\/script>\n<!-- \/ Yoast SEO plugin. -->","yoast_head_json":{"title":"R\u00e8glement du camping - Bare Oaks Family Naturist Park","description":"R\u00e9glementation relative au camping dans le parc familial naturiste de Bare Oaks.","robots":{"index":"index","follow":"follow","max-snippet":"max-snippet:-1","max-image-preview":"max-image-preview:large","max-video-preview":"max-video-preview:-1"},"canonical":"https:\/\/www.bareoaks.ca\/fr\/camping-regulations\/","og_locale":"fr_CA","og_type":"article","og_title":"Camping Regulations &#8226; Bare Oaks Family Naturist Park","og_description":"Regulations related to camping at Bare Oaks Family Naturist Park.","og_url":"https:\/\/www.bareoaks.ca\/fr\/camping-regulations\/","og_site_name":"Bare Oaks Family Naturist Park","article_publisher":"https:\/\/www.facebook.com\/BareOaksPark","article_modified_time":"2021-12-28T17:10:51+00:00","og_image":[{"url":"https:\/\/www.bareoaks.ca\/wp-content\/uploads\/2010\/03\/camping-regulations-1040x250.jpg","type":"","width":"","height":""}],"twitter_card":"summary_large_image","twitter_site":"@BareOaksPark","twitter_misc":{"Estimation du temps de lecture":"3 minutes"},"schema":{"@context":"https:\/\/schema.org","@graph":[{"@type":"WebPage","@id":"https:\/\/www.bareoaks.ca\/camping-regulations\/","url":"https:\/\/www.bareoaks.ca\/camping-regulations\/","name":"R\u00e8glement du camping - Bare Oaks Family Naturist Park","isPartOf":{"@id":"https:\/\/www.bareoaks.ca\/#website"},"primaryImageOfPage":{"@id":"https:\/\/www.bareoaks.ca\/camping-regulations\/#primaryimage"},"image":{"@id":"https:\/\/www.bareoaks.ca\/camping-regulations\/#primaryimage"},"thumbnailUrl":"https:\/\/www.bareoaks.ca\/wp-content\/uploads\/2010\/03\/camping-regulations-1040x250.jpg","datePublished":"2010-03-03T03:08:58+00:00","dateModified":"2021-12-28T17:10:51+00:00","description":"R\u00e9glementation relative au camping dans le parc familial naturiste de Bare Oaks.","breadcrumb":{"@id":"https:\/\/www.bareoaks.ca\/camping-regulations\/#breadcrumb"},"inLanguage":"fr-CA","potentialAction":[{"@type":"ReadAction","target":["https:\/\/www.bareoaks.ca\/camping-regulations\/"]}]},{"@type":"ImageObject","inLanguage":"fr-CA","@id":"https:\/\/www.bareoaks.ca\/camping-regulations\/#primaryimage","url":"https:\/\/www.bareoaks.ca\/wp-content\/uploads\/2010\/03\/camping-regulations-1040x250.jpg","contentUrl":"https:\/\/www.bareoaks.ca\/wp-content\/uploads\/2010\/03\/camping-regulations-1040x250.jpg"},{"@type":"BreadcrumbList","@id":"https:\/\/www.bareoaks.ca\/camping-regulations\/#breadcrumb","itemListElement":[{"@type":"ListItem","position":1,"name":"Home","item":"https:\/\/www.bareoaks.ca\/"},{"@type":"ListItem","position":2,"name":"Camping Regulations"}]},{"@type":"WebSite","@id":"https:\/\/www.bareoaks.ca\/#website","url":"https:\/\/www.bareoaks.ca\/","name":"Parc naturiste familial Bare Oaks","description":"Des valeurs naturistes traditionnelles dans un cadre moderne","publisher":{"@id":"https:\/\/www.bareoaks.ca\/#organization"},"potentialAction":[{"@type":"SearchAction","target":{"@type":"EntryPoint","urlTemplate":"https:\/\/www.bareoaks.ca\/?s={search_term_string}"},"query-input":{"@type":"PropertyValueSpecification","valueRequired":true,"valueName":"search_term_string"}}],"inLanguage":"fr-CA"},{"@type":"Organization","@id":"https:\/\/www.bareoaks.ca\/#organization","name":"Parc naturiste familial Bare Oaks","url":"https:\/\/www.bareoaks.ca\/","logo":{"@type":"ImageObject","inLanguage":"fr-CA","@id":"https:\/\/www.bareoaks.ca\/#\/schema\/logo\/image\/","url":"https:\/\/www.bareoaks.ca\/wp-content\/uploads\/2025\/07\/BareOaksLogo_website.png","contentUrl":"https:\/\/www.bareoaks.ca\/wp-content\/uploads\/2025\/07\/BareOaksLogo_website.png","width":250,"height":132,"caption":"Bare Oaks Family Naturist Park"},"image":{"@id":"https:\/\/www.bareoaks.ca\/#\/schema\/logo\/image\/"},"sameAs":["https:\/\/www.facebook.com\/BareOaksPark","https:\/\/x.com\/BareOaksPark","https:\/\/www.instagram.com\/bareoaks\/","http:\/\/www.linkedin.com\/company\/bare-oaks-family-naturist-park","https:\/\/www.youtube.com\/user\/BareOaks","https:\/\/en.wikipedia.org\/wiki\/Bare_Oaks_Family_Naturist_Park"]}]}},"_links":{"self":[{"href":"https:\/\/www.bareoaks.ca\/fr\/wp-json\/wp\/v2\/pages\/6","targetHints":{"allow":["GET"]}}],"collection":[{"href":"https:\/\/www.bareoaks.ca\/fr\/wp-json\/wp\/v2\/pages"}],"about":[{"href":"https:\/\/www.bareoaks.ca\/fr\/wp-json\/wp\/v2\/types\/page"}],"author":[{"embeddable":true,"href":"https:\/\/www.bareoaks.ca\/fr\/wp-json\/wp\/v2\/users\/73"}],"replies":[{"embeddable":true,"href":"https:\/\/www.bareoaks.ca\/fr\/wp-json\/wp\/v2\/comments?post=6"}],"version-history":[{"count":10,"href":"https:\/\/www.bareoaks.ca\/fr\/wp-json\/wp\/v2\/pages\/6\/revisions"}],"predecessor-version":[{"id":72677,"href":"https:\/\/www.bareoaks.ca\/fr\/wp-json\/wp\/v2\/pages\/6\/revisions\/72677"}],"wp:attachment":[{"href":"https:\/\/www.bareoaks.ca\/fr\/wp-json\/wp\/v2\/media?parent=6"}],"curies":[{"name":"wp","href":"https:\/\/api.w.org\/{rel}","templated":true}]}}