{"id":60,"date":"2011-04-22T22:23:26","date_gmt":"2011-04-23T02:23:26","guid":{"rendered":"http:\/\/ww1.bareoaks.ca\/?page_id=60"},"modified":"2023-01-02T15:39:51","modified_gmt":"2023-01-02T20:39:51","slug":"banxandall-tournament","status":"publish","type":"page","link":"https:\/\/www.bareoaks.ca\/fr\/banxandall-tournament\/","title":{"rendered":"Tournoi de volley-ball comm\u00e9moratif Lee Baxandall"},"content":{"rendered":"<h3 class=\"wp-block-heading\">&nbsp;<\/h3>\n\n\n\n<h3 class=\"wp-block-heading\">Tournoi de volley-ball comm\u00e9moratif Lee Baxandall<\/h3>\n\n\n\n<h3 class=\"wp-block-heading\">Du 18 au 20 ao\u00fbt 2023<br>(3\u00e8me week-end d'ao\u00fbt)<\/h3>\n\n\n\n<ul class=\"wp-block-list\"><li>Vendredi - jeux libres et volley-ball<\/li><li>Samedi - Tournoi #1, <a title=\"Com\u00e9dies stand-up et comiques\" href=\"\/fr\/comics-comedy\/\">comiques de stand-up<\/a><\/li><li>Dimanche - Tournoi #2<\/li><\/ul>\n\n\n\n<p>Venez pour une journ\u00e9e ou pour toute la dur\u00e9e du s\u00e9jour. Beaucoup de temps de jeu !<\/p>\n\n\n\n<h4 class=\"wp-block-heading\"><strong>Divisions du tournoi<\/strong><\/h4>\n\n\n\n<ul class=\"has-medium-font-size wp-block-list\"><li> Division Fun <\/li><\/ul>\n\n\n\n<p>Si vous \u00eates novice en mati\u00e8re de volley-ball ou si vous souhaitez d\u00e9couvrir un style de jeu d\u00e9contract\u00e9, cette division est faite pour vous. Nous constituons des \u00e9quipes de 6 personnes avec un d\u00e9part plus tardif et plus de temps pour se d\u00e9tendre entre les matchs. Seules les r\u00e8gles de base du volley-ball sont appliqu\u00e9es.<\/p>\n\n\n\n<ul class=\"has-medium-font-size wp-block-list\"><li> Division des novices s\u00e9rieux <\/li><\/ul>\n\n\n\n<p>Vous avez une exp\u00e9rience limit\u00e9e et vous cherchez un peu plus d'action sur le terrain. Des r\u00e8gles avanc\u00e9es sont appliqu\u00e9es et 3 contacts avec le volley-ball sont encourag\u00e9s.<\/p>\n\n\n\n<ul class=\"has-medium-font-size wp-block-list\"><li> Division interm\u00e9diaire <\/li><\/ul>\n\n\n\n<p>Vous \u00eates un joueur de volley-ball exp\u00e9riment\u00e9 qui recherche beaucoup de contacts avec le ballon. Le jeu se joue en \u00e9quipes de 4 et toutes les r\u00e8gles du volley-ball sont appliqu\u00e9es.<\/p>\n\n\n\n<ul class=\"has-medium-font-size wp-block-list\"><li> Division ouverte <\/li><\/ul>\n\n\n\n<p>Vous \u00eates un joueur de volley-ball exp\u00e9riment\u00e9 et comp\u00e9tent. Il s'agit du niveau le plus \u00e9lev\u00e9 que nous proposons et les joueurs sont encourag\u00e9s \u00e0 former leur propre \u00e9quipe avant de s'inscrire. Les joueurs sont encourag\u00e9s \u00e0 former leur propre \u00e9quipe avant de s'inscrire. Les \u00e9quipes sont compos\u00e9es de 4 joueurs et toutes les r\u00e8gles du volley-ball sont strictement appliqu\u00e9es afin de garantir la qualit\u00e9 du volley-ball.<\/p>\n\n\n\n<p><em><strong>Note : Nous ne disposons que de 5 courts et, pour que tout le monde puisse jouer autant que possible, nous limitons les inscriptions \u00e0 24 \u00e9quipes ou 144 joueurs.<\/strong><\/em><\/p>\n\n\n\n<p>Plus :<\/p>\n\n\n\n<ul class=\"wp-block-list\"><li><a href=\"http:\/\/www.BareBistro.ca\" target=\"_blank\" rel=\"noreferrer noopener\">Bare Bistro<\/a> - restaurant avec menu complet (y compris bi\u00e8re et vin) et sp\u00e9cialit\u00e9s pour les tournois<\/li><li>Feux de camp (apportez votre instrument et\/ou votre voix)<\/li><li>Activit\u00e9s pour enfants<\/li><li>Musique \u00e0 l'ext\u00e9rieur du tribunal<\/li><li>Open Mic en salle<\/li><li>Les Bare Oaks Players pr\u00e9sentent des pi\u00e8ces en direct<\/li><li>Poker, fl\u00e9chettes, ping-pong, billard, sauna, bain \u00e0 remous, piscine, lac et tous les autres services. <a href=\"https:\/\/www.bareoaks.ca\/fr\/amenities\/\">commodit\u00e9s<\/a> f Parc naturiste familial Bare Oaks<\/li><\/ul>\n\n\n\n<h3 class=\"wp-block-heading\">Prix<\/h3>\n\n\n\n<h4 class=\"has-text-align-center wp-block-heading\">Frais de tournoi<\/h4>\n\n\n\n<p class=\"has-text-align-center\">(par personne, frais de terrain \u00e0 la journ\u00e9e inclus)<\/p>\n\n\n\n<figure class=\"wp-block-table aligncenter is-style-regular border-columns-block color-columns-block-yellow\"><table><tbody><tr><td><\/td><td class=\"has-text-align-center\" data-align=\"center\"><strong>Visiteurs<\/strong><\/td><td class=\"has-text-align-center\" data-align=\"center\"><strong>Les membres<\/strong><\/td><td class=\"has-text-align-center\" data-align=\"center\"><strong>Jeunes (19-25)<\/strong><\/td><\/tr><tr><td>Un jour<\/td><td class=\"has-text-align-center\" data-align=\"center\">$39<\/td><td class=\"has-text-align-center\" data-align=\"center\">$10<\/td><td class=\"has-text-align-center\" data-align=\"center\">$15<\/td><\/tr><tr><td>Deux jours<\/td><td class=\"has-text-align-center\" data-align=\"center\">$59<\/td><td class=\"has-text-align-center\" data-align=\"center\">$10<\/td><td class=\"has-text-align-center\" data-align=\"center\">$25<\/td><\/tr><tr><td>Trois jours<\/td><td class=\"has-text-align-center\" data-align=\"center\">$69<\/td><td class=\"has-text-align-center\" data-align=\"center\">$10<\/td><td class=\"has-text-align-center\" data-align=\"center\">$30<\/td><\/tr><tr><td>Partenaire non joueur d'un joueur enregistr\u00e9<\/td><td class=\"has-text-align-center\" data-align=\"center\">$15\/jour<\/td><td class=\"has-text-align-center\" data-align=\"center\">s\/o<\/td><td class=\"has-text-align-center\" data-align=\"center\">$5<\/td><\/tr><tr><td>Jours suppl\u00e9mentaires en cas de s\u00e9jour d'une nuit - doivent \u00eatre contigus<\/td><td class=\"has-text-align-center\" data-align=\"center\">$15\/jour<\/td><td class=\"has-text-align-center\" data-align=\"center\">s\/o<\/td><td class=\"has-text-align-center\" data-align=\"center\">$5<\/td><\/tr><tr><td><\/td><td class=\"has-text-align-center\" data-align=\"center\"><em>Les enfants de moins de 18 ans jouent gratuitement.<\/em><\/td><td class=\"has-text-align-center\" data-align=\"center\"><\/td><td class=\"has-text-align-center\" data-align=\"center\"><\/td><\/tr><\/tbody><\/table><\/figure>\n\n\n\n<h4 class=\"has-text-align-center wp-block-heading\">H\u00e9bergement pour la nuit<\/h4>\n\n\n\n<p class=\"has-text-align-center\">Voir notre&nbsp;<a href=\"https:\/\/www.bareoaks.ca\/fr\/accommodations\/\">page h\u00e9bergement<\/a><\/p>\n\n\n\n<div class=\"wp-block-image is-style-default\"><figure class=\"alignright is-resized\"><img loading=\"lazy\" decoding=\"async\" src=\"https:\/\/www.bareoaks.ca\/wp-content\/uploads\/2011\/04\/volleyball_Baxandall-Trophy.jpg\" alt=\"Lee Baxandall Tournament Trophy\" class=\"wp-image-2973\" width=\"300\" height=\"302\" srcset=\"https:\/\/www.bareoaks.ca\/wp-content\/uploads\/2011\/04\/volleyball_Baxandall-Trophy.jpg 1000w, https:\/\/www.bareoaks.ca\/wp-content\/uploads\/2011\/04\/volleyball_Baxandall-Trophy-150x150.jpg 150w, https:\/\/www.bareoaks.ca\/wp-content\/uploads\/2011\/04\/volleyball_Baxandall-Trophy-298x300.jpg 298w, https:\/\/www.bareoaks.ca\/wp-content\/uploads\/2011\/04\/volleyball_Baxandall-Trophy-768x773.jpg 768w, https:\/\/www.bareoaks.ca\/wp-content\/uploads\/2011\/04\/volleyball_Baxandall-Trophy-705x709.jpg 705w\" sizes=\"auto, (max-width: 300px) 100vw, 300px\" \/><\/figure><\/div>\n\n\n\n<h3 class=\"wp-block-heading\">Contact<\/h3>\n\n\n\n<p>Questions sur les tournois et r\u00e9servations :&nbsp;<a href=\"mailto:volleyball@BareOaks.ca?subject=Baxandall%20tournament%20enquiry\">volleyball@BareOaks.ca<\/a><\/p>\n\n\n\n<p>Questions et r\u00e9servations concernant l'h\u00e9bergement :&nbsp;<a href=\"https:\/\/www.bareoaks.ca\/fr\/hours-contact\/\">contactez le parc naturiste familial Bare Oaks<\/a><\/p>\n\n\n\n<h3 class=\"wp-block-heading\">R\u00e8gles g\u00e9n\u00e9rales du tournoi<\/h3>\n\n\n\n<ul class=\"wp-block-list\"><li>Vous ne pouvez jouer que dans une seule \u00e9quipe par tournoi.<\/li><li>Tous les joueurs doivent \u00eatre enregistr\u00e9s et porter leur bracelet \u00e0 tout moment.<\/li><li>La division Novice est destin\u00e9e aux joueurs qui apprennent, qui ne sont pas qualifi\u00e9s ou qui n'ont pas d'exp\u00e9rience.<\/li><li>Vous ne pouvez pas changer d'\u00e9quipe une fois que vous avez commenc\u00e9 \u00e0 jouer.<\/li><li>Seuls les capitaines d'\u00e9quipe peuvent s'entretenir avec les arbitres. Toutes les protestations doivent \u00eatre formul\u00e9es avant le coup de sifflet ou le jeu suivant.<\/li><li>Un comportement ou un langage antisportif entra\u00eenera une disqualification imm\u00e9diate et une \u00e9ventuelle expulsion du parc.<\/li><li>L'entra\u00eenement ou l'\u00e9chauffement doit se faire en dehors des courts.<\/li><li>Chaque \u00e9quipe sera appel\u00e9e 3 fois \u00e0 partir de 10 minutes avant le d\u00e9but du match. Si votre \u00e9quipe ne se pr\u00e9sente pas, le match sera perdu par forfait.<\/li><li>Nous utilisons le Rally Scoring pour que chaque point compte. Les services nets sont autoris\u00e9s. Vous devez gagner par 2 points et il n'y a pas de plafond de score, sauf indication contraire de l'officiel.<\/li><li>Le capitaine de l'\u00e9quipe doit communiquer le score \u00e0 la tente administrative.<\/li><li>Lorsqu'il n'y a pas d'arbitres, les \u00e9quipes s'arbitrent mutuellement. Ne partez pas apr\u00e8s le match sans avoir v\u00e9rifi\u00e9 si vous allez arbitrer le match suivant.<\/li><li>Les \u00e9quipes doivent marquer, arbitrer et travailler sur les lignes comme indiqu\u00e9 sur le calendrier.<\/li><li>Tous les joueurs doivent jouer nus et accepter les chapeaux, les chaussures, les genouill\u00e8res et autres \u00e9quipements essentiels au volley-ball. (Apr\u00e8s tout, il s'agit d'un tournoi de volley-ball naturiste. Veillez \u00e0 utiliser beaucoup de cr\u00e8me solaire pour \u00e9viter les coups de soleil.<\/li><li>Seule la meilleure \u00e9quipe du niveau sup\u00e9rieur sera inscrite sur le troph\u00e9e.<\/li><\/ul>\n\n\n\n<h3 class=\"wp-block-heading\"><img loading=\"lazy\" decoding=\"async\" class=\"alignleft size-full wp-image-2943\" style=\"float: left; margin: 5px; border: 1px solid #000000;\" src=\"https:\/\/www.bareoaks.ca\/wp-content\/uploads\/2011\/04\/volleyball_Lee-Baxandall-photo.jpg\" alt=\"Lee Baxandall\" width=\"100\" height=\"131\" srcset=\"https:\/\/www.bareoaks.ca\/wp-content\/uploads\/2011\/04\/volleyball_Lee-Baxandall-photo.jpg 489w, https:\/\/www.bareoaks.ca\/wp-content\/uploads\/2011\/04\/volleyball_Lee-Baxandall-photo-229x300.jpg 229w\" sizes=\"auto, (max-width: 100px) 100vw, 100px\" \/>Lee Baxandall (1935-2008)<\/h3>\n\n\n\n<p>Lee Baxandall a commenc\u00e9 son travail d'activiste naturiste au d\u00e9but des ann\u00e9es 1970. Avec une exp\u00e9rience dans l'\u00e9criture et l'\u00e9dition, la passion naturiste de Lee l'a conduit en 1976 \u00e0 cr\u00e9er le Free Beaches Documentation Center, qu'il a install\u00e9 dans sa ville natale d'Oshkosh. En 1980, Lee a fond\u00e9 The Naturist Society (TNS) et TNS a organis\u00e9 son premier rassemblement pour les naturistes. Clothed with the Sun\", la publication phare de TNS \u00e0 ses d\u00e9buts, a \u00e9t\u00e9 rebaptis\u00e9e \"Nude &amp; Natural\", ou plus simplement \"N\" magazine, en 1989.<\/p>\n\n\n\n<p>Lee est \u00e9galement \u00e0 l'origine d'autres organisations naturistes connues. En 1983, c'est une id\u00e9e de Baxandall qui a donn\u00e9 naissance au groupe d'int\u00e9r\u00eat sp\u00e9cial TNS qui allait devenir Gay Naturists International. En 1990, Baxandall a lanc\u00e9 le Comit\u00e9 d'action naturiste en tant qu'auxiliaire du TNS. La Fondation pour l'\u00e9ducation naturiste a suivi en 1993.<\/p>\n\n\n\n<p>Pendant les d\u00e9cennies 1980 et 1990, le \" Lee Baxandall's World Guide to Nude Beaches and Resorts \" (Guide mondial des plages et stations baln\u00e9aires nues de Lee Baxandall) a \u00e9t\u00e9 le compagnon standard de ceux qui cherchaient des informations sur les destinations naturistes dans le monde entier. Chaque \u00e9dition du Guide mondial refl\u00e9tait la philosophie naturiste de Lee, non seulement pour un nombre croissant de naturistes, mais aussi pour le b\u00e9n\u00e9fice d'un public plus large.<\/p>\n\n\n\n<p><a href=\"http:\/\/www.naturistliving.bareoaks.ca\/2009\/02\/tribute-to-lee-baxandall.html\" target=\"_blank\" rel=\"noopener noreferrer\">\u00c9couter un podcast sur Lee Baxandall<\/a><\/p>","protected":false},"excerpt":{"rendered":"<p>&nbsp; Lee Baxandall Memorial Volleyball Tournament 18 - 20 ao\u00fbt 2023 (3\u00e8me week-end d'ao\u00fbt) Vendredi - jeu libre et plaisir du volleyball Samedi - Tournoi #1, stand-up comics Dimanche - Tournoi #2 Venez pour un jour, ou venez pour tous. Beaucoup de temps de jeu ! Division Tournoi Division Fun Si vous \u00eates novice en mati\u00e8re de volley-ball ou si vous souhaitez d\u00e9couvrir un style de jeu d\u00e9contract\u00e9, cette division est faite pour vous. Nous constituons des \u00e9quipes de 6 personnes avec un d\u00e9part plus tardif et plus de temps pour se d\u00e9tendre entre les matchs. Seules les r\u00e8gles de base du volley-ball sont appliqu\u00e9es. Division des novices s\u00e9rieux Vous avez peu d'exp\u00e9rience et vous recherchez un peu plus d'action.<a class=\"more-link\" href=\"https:\/\/www.bareoaks.ca\/fr\/banxandall-tournament\/\">Lire la suite \u2192<\/a><\/p>","protected":false},"author":73,"featured_media":0,"parent":0,"menu_order":2,"comment_status":"closed","ping_status":"closed","template":"","meta":{"_themeisle_gutenberg_block_has_review":false,"footnotes":""},"class_list":["entry","author-sdeschenes","post-60","page","type-page","status-publish"],"yoast_head":"<!-- This site is optimized with the Yoast SEO plugin v27.4 - https:\/\/yoast.com\/product\/yoast-seo-wordpress\/ -->\n<title>Lee Baxandall Memorial Volleyball Tournament &#8226; Bare Oaks Family Naturist Park<\/title>\n<meta name=\"description\" content=\"Details of the annual Lee Baxandall Memorial Volleyball Tournament.\" \/>\n<meta name=\"robots\" content=\"index, follow, max-snippet:-1, max-image-preview:large, max-video-preview:-1\" \/>\n<link rel=\"canonical\" href=\"https:\/\/www.bareoaks.ca\/fr\/banxandall-tournament\/\" \/>\n<meta property=\"og:locale\" content=\"fr_CA\" \/>\n<meta property=\"og:type\" content=\"article\" \/>\n<meta property=\"og:title\" content=\"Lee Baxandall Memorial Volleyball Tournament &#8226; Bare Oaks Family Naturist Park\" \/>\n<meta property=\"og:description\" content=\"Details of the annual Lee Baxandall Memorial Volleyball Tournament.\" \/>\n<meta property=\"og:url\" content=\"https:\/\/www.bareoaks.ca\/fr\/banxandall-tournament\/\" \/>\n<meta property=\"og:site_name\" content=\"Bare Oaks Family Naturist Park\" \/>\n<meta property=\"article:publisher\" content=\"https:\/\/www.facebook.com\/BareOaksPark\" \/>\n<meta property=\"article:modified_time\" content=\"2023-01-02T20:39:51+00:00\" \/>\n<meta property=\"og:image\" content=\"https:\/\/www.bareoaks.ca\/wp-content\/uploads\/2011\/04\/volleyball_Baxandall-Trophy.jpg\" \/>\n<meta name=\"twitter:card\" content=\"summary_large_image\" \/>\n<meta name=\"twitter:site\" content=\"@BareOaksPark\" \/>\n<meta name=\"twitter:label1\" content=\"Estimation du temps de lecture\" \/>\n\t<meta name=\"twitter:data1\" content=\"4 minutes\" \/>\n<script type=\"application\/ld+json\" class=\"yoast-schema-graph\">{\"@context\":\"https:\\\/\\\/schema.org\",\"@graph\":[{\"@type\":\"WebPage\",\"@id\":\"https:\\\/\\\/www.bareoaks.ca\\\/banxandall-tournament\\\/\",\"url\":\"https:\\\/\\\/www.bareoaks.ca\\\/banxandall-tournament\\\/\",\"name\":\"Lee Baxandall Memorial Volleyball Tournament &#8226; Bare Oaks Family Naturist Park\",\"isPartOf\":{\"@id\":\"https:\\\/\\\/www.bareoaks.ca\\\/#website\"},\"primaryImageOfPage\":{\"@id\":\"https:\\\/\\\/www.bareoaks.ca\\\/banxandall-tournament\\\/#primaryimage\"},\"image\":{\"@id\":\"https:\\\/\\\/www.bareoaks.ca\\\/banxandall-tournament\\\/#primaryimage\"},\"thumbnailUrl\":\"https:\\\/\\\/www.bareoaks.ca\\\/wp-content\\\/uploads\\\/2011\\\/04\\\/volleyball_Baxandall-Trophy.jpg\",\"datePublished\":\"2011-04-23T02:23:26+00:00\",\"dateModified\":\"2023-01-02T20:39:51+00:00\",\"description\":\"Details of the annual Lee Baxandall Memorial Volleyball Tournament.\",\"breadcrumb\":{\"@id\":\"https:\\\/\\\/www.bareoaks.ca\\\/banxandall-tournament\\\/#breadcrumb\"},\"inLanguage\":\"fr-CA\",\"potentialAction\":[{\"@type\":\"ReadAction\",\"target\":[\"https:\\\/\\\/www.bareoaks.ca\\\/banxandall-tournament\\\/\"]}]},{\"@type\":\"ImageObject\",\"inLanguage\":\"fr-CA\",\"@id\":\"https:\\\/\\\/www.bareoaks.ca\\\/banxandall-tournament\\\/#primaryimage\",\"url\":\"https:\\\/\\\/www.bareoaks.ca\\\/wp-content\\\/uploads\\\/2011\\\/04\\\/volleyball_Baxandall-Trophy.jpg\",\"contentUrl\":\"https:\\\/\\\/www.bareoaks.ca\\\/wp-content\\\/uploads\\\/2011\\\/04\\\/volleyball_Baxandall-Trophy.jpg\"},{\"@type\":\"BreadcrumbList\",\"@id\":\"https:\\\/\\\/www.bareoaks.ca\\\/banxandall-tournament\\\/#breadcrumb\",\"itemListElement\":[{\"@type\":\"ListItem\",\"position\":1,\"name\":\"Home\",\"item\":\"https:\\\/\\\/www.bareoaks.ca\\\/\"},{\"@type\":\"ListItem\",\"position\":2,\"name\":\"Lee Baxandall Memorial Volleyball Tournament\"}]},{\"@type\":\"WebSite\",\"@id\":\"https:\\\/\\\/www.bareoaks.ca\\\/#website\",\"url\":\"https:\\\/\\\/www.bareoaks.ca\\\/\",\"name\":\"Bare Oaks Family Naturist Park\",\"description\":\"Traditional naturist values in a modern setting\",\"publisher\":{\"@id\":\"https:\\\/\\\/www.bareoaks.ca\\\/#organization\"},\"potentialAction\":[{\"@type\":\"SearchAction\",\"target\":{\"@type\":\"EntryPoint\",\"urlTemplate\":\"https:\\\/\\\/www.bareoaks.ca\\\/?s={search_term_string}\"},\"query-input\":{\"@type\":\"PropertyValueSpecification\",\"valueRequired\":true,\"valueName\":\"search_term_string\"}}],\"inLanguage\":\"fr-CA\"},{\"@type\":\"Organization\",\"@id\":\"https:\\\/\\\/www.bareoaks.ca\\\/#organization\",\"name\":\"Bare Oaks Family Naturist Park\",\"url\":\"https:\\\/\\\/www.bareoaks.ca\\\/\",\"logo\":{\"@type\":\"ImageObject\",\"inLanguage\":\"fr-CA\",\"@id\":\"https:\\\/\\\/www.bareoaks.ca\\\/#\\\/schema\\\/logo\\\/image\\\/\",\"url\":\"https:\\\/\\\/www.bareoaks.ca\\\/wp-content\\\/uploads\\\/2025\\\/07\\\/BareOaksLogo_website.png\",\"contentUrl\":\"https:\\\/\\\/www.bareoaks.ca\\\/wp-content\\\/uploads\\\/2025\\\/07\\\/BareOaksLogo_website.png\",\"width\":250,\"height\":132,\"caption\":\"Bare Oaks Family Naturist Park\"},\"image\":{\"@id\":\"https:\\\/\\\/www.bareoaks.ca\\\/#\\\/schema\\\/logo\\\/image\\\/\"},\"sameAs\":[\"https:\\\/\\\/www.facebook.com\\\/BareOaksPark\",\"https:\\\/\\\/x.com\\\/BareOaksPark\",\"https:\\\/\\\/www.instagram.com\\\/bareoaks\\\/\",\"http:\\\/\\\/www.linkedin.com\\\/company\\\/bare-oaks-family-naturist-park\",\"https:\\\/\\\/www.youtube.com\\\/user\\\/BareOaks\",\"https:\\\/\\\/en.wikipedia.org\\\/wiki\\\/Bare_Oaks_Family_Naturist_Park\"]}]}<\/script>\n<!-- \/ Yoast SEO plugin. -->","yoast_head_json":{"title":"Tournoi de volley-ball \u00e0 la m\u00e9moire de Lee Baxandall - Bare Oaks Family Naturist Park","description":"D\u00e9tails du tournoi annuel de volley-ball \u00e0 la m\u00e9moire de Lee Baxandall.","robots":{"index":"index","follow":"follow","max-snippet":"max-snippet:-1","max-image-preview":"max-image-preview:large","max-video-preview":"max-video-preview:-1"},"canonical":"https:\/\/www.bareoaks.ca\/fr\/banxandall-tournament\/","og_locale":"fr_CA","og_type":"article","og_title":"Lee Baxandall Memorial Volleyball Tournament &#8226; Bare Oaks Family Naturist Park","og_description":"Details of the annual Lee Baxandall Memorial Volleyball Tournament.","og_url":"https:\/\/www.bareoaks.ca\/fr\/banxandall-tournament\/","og_site_name":"Bare Oaks Family Naturist Park","article_publisher":"https:\/\/www.facebook.com\/BareOaksPark","article_modified_time":"2023-01-02T20:39:51+00:00","og_image":[{"url":"https:\/\/www.bareoaks.ca\/wp-content\/uploads\/2011\/04\/volleyball_Baxandall-Trophy.jpg","type":"","width":"","height":""}],"twitter_card":"summary_large_image","twitter_site":"@BareOaksPark","twitter_misc":{"Estimation du temps de lecture":"4 minutes"},"schema":{"@context":"https:\/\/schema.org","@graph":[{"@type":"WebPage","@id":"https:\/\/www.bareoaks.ca\/banxandall-tournament\/","url":"https:\/\/www.bareoaks.ca\/banxandall-tournament\/","name":"Tournoi de volley-ball \u00e0 la m\u00e9moire de Lee Baxandall - Bare Oaks Family Naturist Park","isPartOf":{"@id":"https:\/\/www.bareoaks.ca\/#website"},"primaryImageOfPage":{"@id":"https:\/\/www.bareoaks.ca\/banxandall-tournament\/#primaryimage"},"image":{"@id":"https:\/\/www.bareoaks.ca\/banxandall-tournament\/#primaryimage"},"thumbnailUrl":"https:\/\/www.bareoaks.ca\/wp-content\/uploads\/2011\/04\/volleyball_Baxandall-Trophy.jpg","datePublished":"2011-04-23T02:23:26+00:00","dateModified":"2023-01-02T20:39:51+00:00","description":"D\u00e9tails du tournoi annuel de volley-ball \u00e0 la m\u00e9moire de Lee Baxandall.","breadcrumb":{"@id":"https:\/\/www.bareoaks.ca\/banxandall-tournament\/#breadcrumb"},"inLanguage":"fr-CA","potentialAction":[{"@type":"ReadAction","target":["https:\/\/www.bareoaks.ca\/banxandall-tournament\/"]}]},{"@type":"ImageObject","inLanguage":"fr-CA","@id":"https:\/\/www.bareoaks.ca\/banxandall-tournament\/#primaryimage","url":"https:\/\/www.bareoaks.ca\/wp-content\/uploads\/2011\/04\/volleyball_Baxandall-Trophy.jpg","contentUrl":"https:\/\/www.bareoaks.ca\/wp-content\/uploads\/2011\/04\/volleyball_Baxandall-Trophy.jpg"},{"@type":"BreadcrumbList","@id":"https:\/\/www.bareoaks.ca\/banxandall-tournament\/#breadcrumb","itemListElement":[{"@type":"ListItem","position":1,"name":"Home","item":"https:\/\/www.bareoaks.ca\/"},{"@type":"ListItem","position":2,"name":"Lee Baxandall Memorial Volleyball Tournament"}]},{"@type":"WebSite","@id":"https:\/\/www.bareoaks.ca\/#website","url":"https:\/\/www.bareoaks.ca\/","name":"Parc naturiste familial Bare Oaks","description":"Des valeurs naturistes traditionnelles dans un cadre moderne","publisher":{"@id":"https:\/\/www.bareoaks.ca\/#organization"},"potentialAction":[{"@type":"SearchAction","target":{"@type":"EntryPoint","urlTemplate":"https:\/\/www.bareoaks.ca\/?s={search_term_string}"},"query-input":{"@type":"PropertyValueSpecification","valueRequired":true,"valueName":"search_term_string"}}],"inLanguage":"fr-CA"},{"@type":"Organization","@id":"https:\/\/www.bareoaks.ca\/#organization","name":"Parc naturiste familial Bare Oaks","url":"https:\/\/www.bareoaks.ca\/","logo":{"@type":"ImageObject","inLanguage":"fr-CA","@id":"https:\/\/www.bareoaks.ca\/#\/schema\/logo\/image\/","url":"https:\/\/www.bareoaks.ca\/wp-content\/uploads\/2025\/07\/BareOaksLogo_website.png","contentUrl":"https:\/\/www.bareoaks.ca\/wp-content\/uploads\/2025\/07\/BareOaksLogo_website.png","width":250,"height":132,"caption":"Bare Oaks Family Naturist Park"},"image":{"@id":"https:\/\/www.bareoaks.ca\/#\/schema\/logo\/image\/"},"sameAs":["https:\/\/www.facebook.com\/BareOaksPark","https:\/\/x.com\/BareOaksPark","https:\/\/www.instagram.com\/bareoaks\/","http:\/\/www.linkedin.com\/company\/bare-oaks-family-naturist-park","https:\/\/www.youtube.com\/user\/BareOaks","https:\/\/en.wikipedia.org\/wiki\/Bare_Oaks_Family_Naturist_Park"]}]}},"_links":{"self":[{"href":"https:\/\/www.bareoaks.ca\/fr\/wp-json\/wp\/v2\/pages\/60","targetHints":{"allow":["GET"]}}],"collection":[{"href":"https:\/\/www.bareoaks.ca\/fr\/wp-json\/wp\/v2\/pages"}],"about":[{"href":"https:\/\/www.bareoaks.ca\/fr\/wp-json\/wp\/v2\/types\/page"}],"author":[{"embeddable":true,"href":"https:\/\/www.bareoaks.ca\/fr\/wp-json\/wp\/v2\/users\/73"}],"replies":[{"embeddable":true,"href":"https:\/\/www.bareoaks.ca\/fr\/wp-json\/wp\/v2\/comments?post=60"}],"version-history":[{"count":22,"href":"https:\/\/www.bareoaks.ca\/fr\/wp-json\/wp\/v2\/pages\/60\/revisions"}],"predecessor-version":[{"id":76037,"href":"https:\/\/www.bareoaks.ca\/fr\/wp-json\/wp\/v2\/pages\/60\/revisions\/76037"}],"wp:attachment":[{"href":"https:\/\/www.bareoaks.ca\/fr\/wp-json\/wp\/v2\/media?parent=60"}],"curies":[{"name":"wp","href":"https:\/\/api.w.org\/{rel}","templated":true}]}}