{"id":61,"date":"2011-04-22T22:23:26","date_gmt":"2011-04-23T02:23:26","guid":{"rendered":"http:\/\/ww1.bareoaks.ca\/?page_id=61"},"modified":"2023-03-01T11:19:59","modified_gmt":"2023-03-01T16:19:59","slug":"gta-tournament","status":"publish","type":"page","link":"https:\/\/www.bareoaks.ca\/fr\/gta-tournament\/","title":{"rendered":"Tournoi de volley-ball naturiste Grand Slam"},"content":{"rendered":"<div class=\"wp-block-image is-style-default\"><figure class=\"alignleft\"><img loading=\"lazy\" decoding=\"async\" width=\"183\" height=\"183\" src=\"https:\/\/www.bareoaks.ca\/wp-content\/uploads\/2011\/04\/volleyball_GTA-logo.jpg\" alt=\"Greater Toronto Naturist Volleyball Tournament\" class=\"wp-image-3003\" srcset=\"https:\/\/www.bareoaks.ca\/wp-content\/uploads\/2011\/04\/volleyball_GTA-logo.jpg 183w, https:\/\/www.bareoaks.ca\/wp-content\/uploads\/2011\/04\/volleyball_GTA-logo-150x150.jpg 150w\" sizes=\"auto, (max-width: 183px) 100vw, 183px\" \/><\/figure><\/div>\n\n\n\n<h3 class=\"wp-block-heading\">&nbsp;17e tournoi annuel de volley-ball naturiste Grand Slam<\/h3>\n\n\n\n<h3 class=\"wp-block-heading\">29 juin - 2 juillet 2023<\/h3>\n\n\n\n<h3 class=\"wp-block-heading\"><em>(le week-end le plus proche de la f\u00eate du Canada ; le week-end pr\u00e9c\u00e9dent si la f\u00eate du Canada a lieu le mercredi)<\/em><\/h3>\n\n\n\n<div style=\"height:18px\" aria-hidden=\"true\" class=\"wp-block-spacer\"><\/div>\n\n\n\n<p><strong>4 jours et 2 tournois<\/strong><\/p>\n\n\n\n<p>Venez pour une journ\u00e9e ou pour toute la dur\u00e9e du s\u00e9jour. Beaucoup de temps de jeu !<\/p>\n\n\n\n<h4 class=\"wp-block-heading\">Divisions du tournoi<\/h4>\n\n\n\n<h5 class=\"wp-block-heading\">Division Fun<\/h5>\n\n\n\n<p class=\"indent-40px\">Si vous \u00eates novice en mati\u00e8re de volley-ball ou si vous souhaitez d\u00e9couvrir un style de jeu d\u00e9contract\u00e9, cette division est faite pour vous. Nous constituons des \u00e9quipes de 6 personnes avec un d\u00e9part plus tardif et plus de temps pour se d\u00e9tendre entre les matchs. Seules les r\u00e8gles de base du volley-ball sont appliqu\u00e9es.<\/p>\n\n\n\n<h5 class=\"wp-block-heading\">Division des novices s\u00e9rieux<\/h5>\n\n\n\n<p class=\"indent-40px\">Vous avez une exp\u00e9rience limit\u00e9e et vous cherchez un peu plus d'action sur le terrain. Des r\u00e8gles avanc\u00e9es sont appliqu\u00e9es et 3 contacts avec le volley-ball sont encourag\u00e9s.<\/p>\n\n\n\n<h5 class=\"wp-block-heading\">Division interm\u00e9diaire<\/h5>\n\n\n\n<p class=\"indent-40px\">Vous \u00eates un joueur de volley-ball exp\u00e9riment\u00e9 qui recherche beaucoup de contacts avec le ballon. Le jeu se joue en \u00e9quipes de 4 et toutes les r\u00e8gles du volley-ball sont appliqu\u00e9es.<\/p>\n\n\n\n<h5 class=\"wp-block-heading\">Division ouverte<\/h5>\n\n\n\n<p class=\"indent-40px\">Vous \u00eates un joueur de volley-ball exp\u00e9riment\u00e9 et comp\u00e9tent. Il s'agit du niveau le plus \u00e9lev\u00e9 que nous proposons et les joueurs sont encourag\u00e9s \u00e0 former leur propre \u00e9quipe avant de s'inscrire. Les joueurs sont encourag\u00e9s \u00e0 former leur propre \u00e9quipe avant de s'inscrire. Les \u00e9quipes sont compos\u00e9es de 4 joueurs et toutes les r\u00e8gles du volley-ball sont strictement appliqu\u00e9es afin de garantir la qualit\u00e9 du volley-ball.<\/p>\n\n\n\n<p><em><strong>Nous ne disposons que de 5 courts et, pour que tout le monde puisse jouer autant que possible, nous limitons les inscriptions \u00e0 24 \u00e9quipes ou 144 joueurs.<\/strong><\/em><\/p>\n\n\n\n<p>Plus :<\/p>\n\n\n\n<ul class=\"indent-40px wp-block-list\"><li><a href=\"http:\/\/www.BareBistro.ca\" target=\"_blank\" rel=\"noreferrer noopener\">Bare Bistro<\/a> - restaurant avec menu complet (y compris bi\u00e8re et vin) et sp\u00e9cialit\u00e9s pour les tournois<\/li><li>Feux de camp (apportez votre instrument et\/ou votre voix)<\/li><li>Activit\u00e9s pour enfants<\/li><li>Musique \u00e0 l'ext\u00e9rieur du tribunal<\/li><li>Feux d'artifice<\/li><li>Samedi soir : Com\u00e9diens professionnels nus<\/li><li>Open Mic du vendredi.<\/li><li>Poker, fl\u00e9chettes, ping-pong, billard, sauna, bain \u00e0 remous, piscine, lac et tous les autres services. <a href=\"https:\/\/www.bareoaks.ca\/fr\/amenities\/\">commodit\u00e9s<\/a> du parc naturiste familial Bare Oaks<\/li><\/ul>\n\n\n\n<h3 class=\"wp-block-heading\">Calendrier<\/h3>\n\n\n\n<p>T.B.A.<\/p>\n\n\n\n<h3 class=\"wp-block-heading\">Prix<\/h3>\n\n\n\n<h4 class=\"has-text-align-center wp-block-heading\">Frais de tournoi<\/h4>\n\n\n\n<p class=\"has-text-align-center\">(par personne, frais de terrain \u00e0 la journ\u00e9e inclus)<\/p>\n\n\n\n<figure class=\"wp-block-table aligncenter is-style-regular border-columns-block color-columns-block-yellow\"><table><tbody><tr><td><\/td><td class=\"has-text-align-center\" data-align=\"center\"><strong>Visiteurs<\/strong><\/td><td class=\"has-text-align-center\" data-align=\"center\"><strong>Les membres<\/strong><\/td><td class=\"has-text-align-center\" data-align=\"center\"><strong>Jeunes (19-25)<\/strong><\/td><\/tr><tr><td>Un jour<\/td><td class=\"has-text-align-center\" data-align=\"center\">$39<\/td><td class=\"has-text-align-center\" data-align=\"center\">$10<\/td><td class=\"has-text-align-center\" data-align=\"center\">$15<\/td><\/tr><tr><td>Deux jours<\/td><td class=\"has-text-align-center\" data-align=\"center\">$59<\/td><td class=\"has-text-align-center\" data-align=\"center\">$10<\/td><td class=\"has-text-align-center\" data-align=\"center\">$25<\/td><\/tr><tr><td>Trois jours<\/td><td class=\"has-text-align-center\" data-align=\"center\">$69<\/td><td class=\"has-text-align-center\" data-align=\"center\">$10<\/td><td class=\"has-text-align-center\" data-align=\"center\">$30<\/td><\/tr><tr><td>Partenaire non joueur d'un joueur enregistr\u00e9<\/td><td class=\"has-text-align-center\" data-align=\"center\">$15\/jour<\/td><td class=\"has-text-align-center\" data-align=\"center\">s\/o<\/td><td class=\"has-text-align-center\" data-align=\"center\">$5<\/td><\/tr><tr><td>Jours suppl\u00e9mentaires en cas de s\u00e9jour d'une nuit - doivent \u00eatre contigus<\/td><td class=\"has-text-align-center\" data-align=\"center\">$15\/jour<\/td><td class=\"has-text-align-center\" data-align=\"center\">s\/o<\/td><td class=\"has-text-align-center\" data-align=\"center\">$5<\/td><\/tr><tr><td><\/td><td class=\"has-text-align-center\" data-align=\"center\"><em>Les enfants de moins de 18 ans jouent gratuitement.<\/em><\/td><td class=\"has-text-align-center\" data-align=\"center\"><\/td><td class=\"has-text-align-center\" data-align=\"center\"><\/td><\/tr><\/tbody><\/table><\/figure>\n\n\n\n<h4 class=\"has-text-align-center wp-block-heading\">H\u00e9bergement pour la nuit<\/h4>\n\n\n\n<p class=\"has-text-align-center\">Voir notre&nbsp;<a href=\"https:\/\/www.bareoaks.ca\/fr\/accommodations\/\">page h\u00e9bergement<\/a><\/p>\n\n\n\n<h3 class=\"wp-block-heading\">Contact<\/h3>\n\n\n\n<p>Questions sur les tournois et r\u00e9servations : <a href=\"mailto:volleyball@BareOaks.ca?subject=Baxandall%20tournament%20enquiry\">volleyball@BareOaks.ca<\/a><\/p>\n\n\n\n<p class=\"indent-40px\">Questions et r\u00e9servations concernant l'h\u00e9bergement : <a href=\"\/fr\/hours-contact\/\">contactez le parc naturiste familial Bare Oaks<\/a><\/p>\n\n\n\n<h3 class=\"wp-block-heading\">R\u00e8gles g\u00e9n\u00e9rales du tournoi<\/h3>\n\n\n\n<ul class=\"indent-4\u00e0px wp-block-list\"><li>Vous ne pouvez jouer que dans une seule \u00e9quipe par tournoi.<\/li><li>Tous les joueurs doivent \u00eatre enregistr\u00e9s et porter leur bracelet \u00e0 tout moment.<\/li><li>La division Novice est destin\u00e9e aux joueurs qui apprennent, qui ne sont pas qualifi\u00e9s ou qui n'ont pas d'exp\u00e9rience.<\/li><li>Vous ne pouvez pas changer d'\u00e9quipe une fois que vous avez commenc\u00e9 \u00e0 jouer.<\/li><li>Seuls les capitaines d'\u00e9quipe peuvent s'entretenir avec les arbitres. Toutes les protestations doivent \u00eatre formul\u00e9es avant le coup de sifflet ou le jeu suivant.<\/li><li>Un comportement ou un langage antisportif entra\u00eenera une disqualification imm\u00e9diate et une \u00e9ventuelle expulsion du parc.<\/li><li>L'entra\u00eenement ou l'\u00e9chauffement doit se faire en dehors des courts.<\/li><li>Chaque \u00e9quipe sera appel\u00e9e 3 fois \u00e0 partir de 10 minutes avant le d\u00e9but du match. Si votre \u00e9quipe ne se pr\u00e9sente pas, le match sera perdu par forfait.<\/li><li>Vous pouvez frapper la balle avec n'importe quelle partie de votre corps, mais aucun coup de pied n'est autoris\u00e9.<\/li><li>Les heures de jeu, les horaires et les formats pour le dimanche seront communiqu\u00e9s aux capitaines d'\u00e9quipe.<\/li><li>Nous utilisons le Rally Scoring pour que chaque point compte. Les services nets sont autoris\u00e9s. Vous devez gagner par 2 points et il n'y a pas de plafond de score, sauf indication contraire de l'officiel.<\/li><li>Le capitaine de l'\u00e9quipe doit communiquer le score \u00e0 la tente administrative.<\/li><li>Lorsqu'il n'y a pas d'arbitres, les \u00e9quipes s'arbitrent mutuellement. Ne partez pas apr\u00e8s le match sans avoir v\u00e9rifi\u00e9 si vous allez arbitrer le match suivant.<\/li><li>Les \u00e9quipes doivent marquer, arbitrer et travailler sur les lignes comme indiqu\u00e9 sur le calendrier.<\/li><li>Tous les joueurs doivent jouer nus (toutes les divisions, tous les niveaux, tous les \u00e2ges) Apr\u00e8s tout, il s'agit d'un tournoi de volley-ball naturiste. Veillez \u00e0 utiliser beaucoup de cr\u00e8me solaire pour \u00e9viter les coups de soleil.<\/li><\/ul>\n\n\n\n<h3 class=\"wp-block-heading\">&nbsp;<\/h3>","protected":false},"excerpt":{"rendered":"<p>&nbsp;17e tournoi annuel de volley-ball naturiste Grand Slam 29 juin - 2 juillet 2023 (la fin de semaine la plus proche de la f\u00eate du Canada ; la fin de semaine pr\u00e9c\u00e9dente si la f\u00eate du Canada est un mercredi) 4 jours et 2 tournois Venez pour une journ\u00e9e, ou venez pour toute la journ\u00e9e. Beaucoup de temps de jeu ! Divisions des tournois Division Fun Si vous \u00eates novice en volley-ball ou si vous voulez d\u00e9couvrir un style de jeu d\u00e9contract\u00e9, cette division est faite pour vous. Nous constituons des \u00e9quipes de 6 personnes avec un d\u00e9part plus tardif et plus de temps pour se d\u00e9tendre entre les matchs. Seules les r\u00e8gles de base du volley-ball sont appliqu\u00e9es. Division des novices s\u00e9rieux Vous avez peu d'exp\u00e9rience et vous cherchez un peu plus d'exp\u00e9rience.<a class=\"more-link\" href=\"https:\/\/www.bareoaks.ca\/fr\/gta-tournament\/\">Lire la suite \u2192<\/a><\/p>","protected":false},"author":73,"featured_media":0,"parent":0,"menu_order":3,"comment_status":"closed","ping_status":"closed","template":"","meta":{"_themeisle_gutenberg_block_has_review":false,"footnotes":""},"class_list":["entry","author-sdeschenes","post-61","page","type-page","status-publish"],"yoast_head":"<!-- This site is optimized with the Yoast SEO plugin v27.4 - https:\/\/yoast.com\/product\/yoast-seo-wordpress\/ -->\n<title>Grand Slam Naturist Volleyball Tournament &#8226; Bare Oaks Family Naturist Park<\/title>\n<meta name=\"description\" content=\"Details of the annual Greater Toronto Naturist Volleyball Tournament.\" \/>\n<meta name=\"robots\" content=\"index, follow, max-snippet:-1, max-image-preview:large, max-video-preview:-1\" \/>\n<link rel=\"canonical\" href=\"https:\/\/www.bareoaks.ca\/fr\/gta-tournament\/\" \/>\n<meta property=\"og:locale\" content=\"fr_CA\" \/>\n<meta property=\"og:type\" content=\"article\" \/>\n<meta property=\"og:title\" content=\"Grand Slam Naturist Volleyball Tournament &#8226; Bare Oaks Family Naturist Park\" \/>\n<meta property=\"og:description\" content=\"Details of the annual Greater Toronto Naturist Volleyball Tournament.\" \/>\n<meta property=\"og:url\" content=\"https:\/\/www.bareoaks.ca\/fr\/gta-tournament\/\" \/>\n<meta property=\"og:site_name\" content=\"Bare Oaks Family Naturist Park\" \/>\n<meta property=\"article:publisher\" content=\"https:\/\/www.facebook.com\/BareOaksPark\" \/>\n<meta property=\"article:modified_time\" content=\"2023-03-01T16:19:59+00:00\" \/>\n<meta property=\"og:image\" content=\"https:\/\/www.bareoaks.ca\/wp-content\/uploads\/2011\/04\/volleyball_GTA-logo.jpg\" \/>\n<meta name=\"twitter:card\" content=\"summary_large_image\" \/>\n<meta name=\"twitter:site\" content=\"@BareOaksPark\" \/>\n<meta name=\"twitter:label1\" content=\"Estimation du temps de lecture\" \/>\n\t<meta name=\"twitter:data1\" content=\"3 minutes\" \/>\n<script type=\"application\/ld+json\" class=\"yoast-schema-graph\">{\"@context\":\"https:\\\/\\\/schema.org\",\"@graph\":[{\"@type\":\"WebPage\",\"@id\":\"https:\\\/\\\/www.bareoaks.ca\\\/gta-tournament\\\/\",\"url\":\"https:\\\/\\\/www.bareoaks.ca\\\/gta-tournament\\\/\",\"name\":\"Grand Slam Naturist Volleyball Tournament &#8226; Bare Oaks Family Naturist Park\",\"isPartOf\":{\"@id\":\"https:\\\/\\\/www.bareoaks.ca\\\/#website\"},\"primaryImageOfPage\":{\"@id\":\"https:\\\/\\\/www.bareoaks.ca\\\/gta-tournament\\\/#primaryimage\"},\"image\":{\"@id\":\"https:\\\/\\\/www.bareoaks.ca\\\/gta-tournament\\\/#primaryimage\"},\"thumbnailUrl\":\"https:\\\/\\\/www.bareoaks.ca\\\/wp-content\\\/uploads\\\/2011\\\/04\\\/volleyball_GTA-logo.jpg\",\"datePublished\":\"2011-04-23T02:23:26+00:00\",\"dateModified\":\"2023-03-01T16:19:59+00:00\",\"description\":\"Details of the annual Greater Toronto Naturist Volleyball Tournament.\",\"breadcrumb\":{\"@id\":\"https:\\\/\\\/www.bareoaks.ca\\\/gta-tournament\\\/#breadcrumb\"},\"inLanguage\":\"fr-CA\",\"potentialAction\":[{\"@type\":\"ReadAction\",\"target\":[\"https:\\\/\\\/www.bareoaks.ca\\\/gta-tournament\\\/\"]}]},{\"@type\":\"ImageObject\",\"inLanguage\":\"fr-CA\",\"@id\":\"https:\\\/\\\/www.bareoaks.ca\\\/gta-tournament\\\/#primaryimage\",\"url\":\"https:\\\/\\\/www.bareoaks.ca\\\/wp-content\\\/uploads\\\/2011\\\/04\\\/volleyball_GTA-logo.jpg\",\"contentUrl\":\"https:\\\/\\\/www.bareoaks.ca\\\/wp-content\\\/uploads\\\/2011\\\/04\\\/volleyball_GTA-logo.jpg\"},{\"@type\":\"BreadcrumbList\",\"@id\":\"https:\\\/\\\/www.bareoaks.ca\\\/gta-tournament\\\/#breadcrumb\",\"itemListElement\":[{\"@type\":\"ListItem\",\"position\":1,\"name\":\"Home\",\"item\":\"https:\\\/\\\/www.bareoaks.ca\\\/\"},{\"@type\":\"ListItem\",\"position\":2,\"name\":\"Grand Slam Naturist Volleyball Tournament\"}]},{\"@type\":\"WebSite\",\"@id\":\"https:\\\/\\\/www.bareoaks.ca\\\/#website\",\"url\":\"https:\\\/\\\/www.bareoaks.ca\\\/\",\"name\":\"Bare Oaks Family Naturist Park\",\"description\":\"Traditional naturist values in a modern setting\",\"publisher\":{\"@id\":\"https:\\\/\\\/www.bareoaks.ca\\\/#organization\"},\"potentialAction\":[{\"@type\":\"SearchAction\",\"target\":{\"@type\":\"EntryPoint\",\"urlTemplate\":\"https:\\\/\\\/www.bareoaks.ca\\\/?s={search_term_string}\"},\"query-input\":{\"@type\":\"PropertyValueSpecification\",\"valueRequired\":true,\"valueName\":\"search_term_string\"}}],\"inLanguage\":\"fr-CA\"},{\"@type\":\"Organization\",\"@id\":\"https:\\\/\\\/www.bareoaks.ca\\\/#organization\",\"name\":\"Bare Oaks Family Naturist Park\",\"url\":\"https:\\\/\\\/www.bareoaks.ca\\\/\",\"logo\":{\"@type\":\"ImageObject\",\"inLanguage\":\"fr-CA\",\"@id\":\"https:\\\/\\\/www.bareoaks.ca\\\/#\\\/schema\\\/logo\\\/image\\\/\",\"url\":\"https:\\\/\\\/www.bareoaks.ca\\\/wp-content\\\/uploads\\\/2025\\\/07\\\/BareOaksLogo_website.png\",\"contentUrl\":\"https:\\\/\\\/www.bareoaks.ca\\\/wp-content\\\/uploads\\\/2025\\\/07\\\/BareOaksLogo_website.png\",\"width\":250,\"height\":132,\"caption\":\"Bare Oaks Family Naturist Park\"},\"image\":{\"@id\":\"https:\\\/\\\/www.bareoaks.ca\\\/#\\\/schema\\\/logo\\\/image\\\/\"},\"sameAs\":[\"https:\\\/\\\/www.facebook.com\\\/BareOaksPark\",\"https:\\\/\\\/x.com\\\/BareOaksPark\",\"https:\\\/\\\/www.instagram.com\\\/bareoaks\\\/\",\"http:\\\/\\\/www.linkedin.com\\\/company\\\/bare-oaks-family-naturist-park\",\"https:\\\/\\\/www.youtube.com\\\/user\\\/BareOaks\",\"https:\\\/\\\/en.wikipedia.org\\\/wiki\\\/Bare_Oaks_Family_Naturist_Park\"]}]}<\/script>\n<!-- \/ Yoast SEO plugin. -->","yoast_head_json":{"title":"Tournoi de volley-ball naturiste \"Grand Slam\" - Bare Oaks Family Naturist Park","description":"D\u00e9tails du tournoi annuel de volley-ball naturiste du Grand Toronto.","robots":{"index":"index","follow":"follow","max-snippet":"max-snippet:-1","max-image-preview":"max-image-preview:large","max-video-preview":"max-video-preview:-1"},"canonical":"https:\/\/www.bareoaks.ca\/fr\/gta-tournament\/","og_locale":"fr_CA","og_type":"article","og_title":"Grand Slam Naturist Volleyball Tournament &#8226; Bare Oaks Family Naturist Park","og_description":"Details of the annual Greater Toronto Naturist Volleyball Tournament.","og_url":"https:\/\/www.bareoaks.ca\/fr\/gta-tournament\/","og_site_name":"Bare Oaks Family Naturist Park","article_publisher":"https:\/\/www.facebook.com\/BareOaksPark","article_modified_time":"2023-03-01T16:19:59+00:00","og_image":[{"url":"https:\/\/www.bareoaks.ca\/wp-content\/uploads\/2011\/04\/volleyball_GTA-logo.jpg","type":"","width":"","height":""}],"twitter_card":"summary_large_image","twitter_site":"@BareOaksPark","twitter_misc":{"Estimation du temps de lecture":"3 minutes"},"schema":{"@context":"https:\/\/schema.org","@graph":[{"@type":"WebPage","@id":"https:\/\/www.bareoaks.ca\/gta-tournament\/","url":"https:\/\/www.bareoaks.ca\/gta-tournament\/","name":"Tournoi de volley-ball naturiste \"Grand Slam\" - Bare Oaks Family Naturist Park","isPartOf":{"@id":"https:\/\/www.bareoaks.ca\/#website"},"primaryImageOfPage":{"@id":"https:\/\/www.bareoaks.ca\/gta-tournament\/#primaryimage"},"image":{"@id":"https:\/\/www.bareoaks.ca\/gta-tournament\/#primaryimage"},"thumbnailUrl":"https:\/\/www.bareoaks.ca\/wp-content\/uploads\/2011\/04\/volleyball_GTA-logo.jpg","datePublished":"2011-04-23T02:23:26+00:00","dateModified":"2023-03-01T16:19:59+00:00","description":"D\u00e9tails du tournoi annuel de volley-ball naturiste du Grand Toronto.","breadcrumb":{"@id":"https:\/\/www.bareoaks.ca\/gta-tournament\/#breadcrumb"},"inLanguage":"fr-CA","potentialAction":[{"@type":"ReadAction","target":["https:\/\/www.bareoaks.ca\/gta-tournament\/"]}]},{"@type":"ImageObject","inLanguage":"fr-CA","@id":"https:\/\/www.bareoaks.ca\/gta-tournament\/#primaryimage","url":"https:\/\/www.bareoaks.ca\/wp-content\/uploads\/2011\/04\/volleyball_GTA-logo.jpg","contentUrl":"https:\/\/www.bareoaks.ca\/wp-content\/uploads\/2011\/04\/volleyball_GTA-logo.jpg"},{"@type":"BreadcrumbList","@id":"https:\/\/www.bareoaks.ca\/gta-tournament\/#breadcrumb","itemListElement":[{"@type":"ListItem","position":1,"name":"Home","item":"https:\/\/www.bareoaks.ca\/"},{"@type":"ListItem","position":2,"name":"Grand Slam Naturist Volleyball Tournament"}]},{"@type":"WebSite","@id":"https:\/\/www.bareoaks.ca\/#website","url":"https:\/\/www.bareoaks.ca\/","name":"Parc naturiste familial Bare Oaks","description":"Des valeurs naturistes traditionnelles dans un cadre moderne","publisher":{"@id":"https:\/\/www.bareoaks.ca\/#organization"},"potentialAction":[{"@type":"SearchAction","target":{"@type":"EntryPoint","urlTemplate":"https:\/\/www.bareoaks.ca\/?s={search_term_string}"},"query-input":{"@type":"PropertyValueSpecification","valueRequired":true,"valueName":"search_term_string"}}],"inLanguage":"fr-CA"},{"@type":"Organization","@id":"https:\/\/www.bareoaks.ca\/#organization","name":"Parc naturiste familial Bare Oaks","url":"https:\/\/www.bareoaks.ca\/","logo":{"@type":"ImageObject","inLanguage":"fr-CA","@id":"https:\/\/www.bareoaks.ca\/#\/schema\/logo\/image\/","url":"https:\/\/www.bareoaks.ca\/wp-content\/uploads\/2025\/07\/BareOaksLogo_website.png","contentUrl":"https:\/\/www.bareoaks.ca\/wp-content\/uploads\/2025\/07\/BareOaksLogo_website.png","width":250,"height":132,"caption":"Bare Oaks Family Naturist Park"},"image":{"@id":"https:\/\/www.bareoaks.ca\/#\/schema\/logo\/image\/"},"sameAs":["https:\/\/www.facebook.com\/BareOaksPark","https:\/\/x.com\/BareOaksPark","https:\/\/www.instagram.com\/bareoaks\/","http:\/\/www.linkedin.com\/company\/bare-oaks-family-naturist-park","https:\/\/www.youtube.com\/user\/BareOaks","https:\/\/en.wikipedia.org\/wiki\/Bare_Oaks_Family_Naturist_Park"]}]}},"_links":{"self":[{"href":"https:\/\/www.bareoaks.ca\/fr\/wp-json\/wp\/v2\/pages\/61","targetHints":{"allow":["GET"]}}],"collection":[{"href":"https:\/\/www.bareoaks.ca\/fr\/wp-json\/wp\/v2\/pages"}],"about":[{"href":"https:\/\/www.bareoaks.ca\/fr\/wp-json\/wp\/v2\/types\/page"}],"author":[{"embeddable":true,"href":"https:\/\/www.bareoaks.ca\/fr\/wp-json\/wp\/v2\/users\/73"}],"replies":[{"embeddable":true,"href":"https:\/\/www.bareoaks.ca\/fr\/wp-json\/wp\/v2\/comments?post=61"}],"version-history":[{"count":21,"href":"https:\/\/www.bareoaks.ca\/fr\/wp-json\/wp\/v2\/pages\/61\/revisions"}],"predecessor-version":[{"id":76447,"href":"https:\/\/www.bareoaks.ca\/fr\/wp-json\/wp\/v2\/pages\/61\/revisions\/76447"}],"wp:attachment":[{"href":"https:\/\/www.bareoaks.ca\/fr\/wp-json\/wp\/v2\/media?parent=61"}],"curies":[{"name":"wp","href":"https:\/\/api.w.org\/{rel}","templated":true}]}}