{"id":67,"date":"2011-11-09T22:12:48","date_gmt":"2011-11-10T03:12:48","guid":{"rendered":"http:\/\/ww1.bareoaks.ca\/?page_id=67"},"modified":"2021-12-20T11:33:12","modified_gmt":"2021-12-20T16:33:12","slug":"travail","status":"publish","type":"page","link":"https:\/\/www.bareoaks.ca\/fr\/travail\/","title":{"rendered":"Travail d'\u00e9t\u00e9 pour les jeunes fran\u00e7ais"},"content":{"rendered":"<h3 class=\"wp-block-heading\">Travail d'\u00e9t\u00e9 au Canada<\/h3>\n\n\n\n<div class=\"wp-block-image is-style-default\"><figure class=\"alignright\"><img loading=\"lazy\" decoding=\"async\" width=\"400\" height=\"267\" src=\"https:\/\/www.bareoaks.ca\/wp-content\/uploads\/2011\/11\/work_front-desk.jpg\" alt=\"Front desk at the office\" class=\"wp-image-3143\" srcset=\"https:\/\/www.bareoaks.ca\/wp-content\/uploads\/2011\/11\/work_front-desk.jpg 400w, https:\/\/www.bareoaks.ca\/wp-content\/uploads\/2011\/11\/work_front-desk-300x200.jpg 300w\" sizes=\"auto, (max-width: 400px) 100vw, 400px\" \/><\/figure><\/div>\n\n\n\n<ul class=\"wp-block-list\"><li>Stage (r\u00e9mun\u00e9r\u00e9) pour \u00e9tudiants en tourisme r\u00e9ceptif\/accueil et restauration<\/li><li>Emploi d'\u00e9t\u00e9 pour \u00e9tudiants<\/li><li>Vacances-Travail<\/li><\/ul>\n\n\n\n<p>Gagnez de l'exp\u00e9rience \u00e0 l'\u00e9tranger et pratiquez l'anglais.<\/p>\n\n\n\n<p>L'initiative <a title=\"Exp\u00e9rience Internationale Canada (EIC)\" href=\"https:\/\/www.canada.ca\/fr\/immigration-refugies-citoyennete\/services\/travailler-canada\/eic.html\" target=\"_blank\" rel=\"noopener\">Exp\u00e9rience Internationale Canada (EIC)<\/a> du gouvernement du Canada est r\u00e9serv\u00e9e aux personnes \u00e2g\u00e9es de 18 \u00e0 35 ans.<\/p>\n\n\n\n<p>Le reste de ce document est en anglais parce que l'emploi exige une connaissance pratique de l'anglais.<\/p>\n\n\n\n<hr class=\"wp-block-separator is-style-wide\"\/>\n\n\n\n<ul class=\"wp-block-list\"><li><a title=\"\u00c0 propos du parc naturiste familial Bare Oaks\" href=\"#about\">\u00c0 propos du parc naturiste familial Bare Oaks<\/a><\/li><li><a title=\"Offres d&#039;emploi\" href=\"#opportunities\">Offres d'emploi<\/a><\/li><li><a title=\"Localisation\" href=\"#Location\">Localisation<\/a><\/li><li><a title=\"H\u00e9bergement\" href=\"#accommodations\">H\u00e9bergement<\/a><\/li><li><a title=\"Soins de sant\u00e9\" href=\"#health\">Soins de sant\u00e9<\/a><\/li><li><a title=\"Prochaines \u00e9tapes\" href=\"#next\">Prochaines \u00e9tapes<\/a><\/li><\/ul>\n\n\n\n<p><a name=\"about\"><\/a><\/p>\n\n\n\n<h3 class=\"wp-block-heading\">A propos de Bare Oaks Family Naturist Park :<\/h3>\n\n\n\n<div class=\"wp-block-image is-style-default\"><figure class=\"alignleft is-resized\"><img loading=\"lazy\" decoding=\"async\" src=\"https:\/\/www.bareoaks.ca\/wp-content\/uploads\/2011\/11\/work_Bare-Oaks-Aerial.jpg\" alt=\"Aerial view of Bare Oaks Family Naturist Park\" class=\"wp-image-3153\" width=\"300\" height=\"225\" srcset=\"https:\/\/www.bareoaks.ca\/wp-content\/uploads\/2011\/11\/work_Bare-Oaks-Aerial.jpg 800w, https:\/\/www.bareoaks.ca\/wp-content\/uploads\/2011\/11\/work_Bare-Oaks-Aerial-300x225.jpg 300w, https:\/\/www.bareoaks.ca\/wp-content\/uploads\/2011\/11\/work_Bare-Oaks-Aerial-768x576.jpg 768w, https:\/\/www.bareoaks.ca\/wp-content\/uploads\/2011\/11\/work_Bare-Oaks-Aerial-705x529.jpg 705w\" sizes=\"auto, (max-width: 300px) 100vw, 300px\" \/><\/figure><\/div>\n\n\n\n<p>Bare Oaks est un parc naturiste ouvert toute l'ann\u00e9e pr\u00e8s de Toronto, au Canada, o\u00f9 toute la famille peut faire l'exp\u00e9rience des valeurs naturistes traditionnelles dans un cadre moderne. Nous sommes nich\u00e9s dans la nature sauvage de la ceinture verte de l'Ontario et de la moraine d'Oak Ridges. Notre paysage vari\u00e9 comprend des espaces ouverts, des for\u00eats, des \u00e9tangs, des ruisseaux et un petit lac. Nous disposons \u00e9galement de nombreuses installations de loisirs. Notre clubhouse offre des services tout au long de l'ann\u00e9e, notamment des saunas et un bain \u00e0 remous.<\/p>\n\n\n\n<p>\u00c0 Bare Oaks, le naturisme est plus qu'un simple d\u00e9shabillage. C'est une philosophie de vie qui pr\u00e9sente des avantages physiques, psychologiques, environnementaux, sociaux et moraux. Nous essayons de vivre une vie naturiste et la nudit\u00e9 est essentielle \u00e0 l'acceptation du corps et fait partie int\u00e9grante de notre philosophie naturiste. En tant que tel, nous n'avons pas le choix des v\u00eatements. Les v\u00eatements ne sont port\u00e9s que pour se prot\u00e9ger. Nous donnons aux visiteurs une chance de s'adapter, mais chacun doit prendre la d\u00e9cision de devenir naturiste ou non.<\/p>\n\n\n\n<p>Bare Oaks propose des adh\u00e9sions \u00e0 la journ\u00e9e et des emplacements de camping saisonniers, mais accueille \u00e9galement les visiteurs et les voyageurs. Nos h\u00e9bergements comprennent des chambres d'h\u00f4tes, des emplacements pour caravanes avec tous les services n\u00e9cessaires et des tentes de camping en pleine nature.<\/p>\n\n\n\n<p>Vous trouverez beaucoup plus d'informations sur le Bare Oaks Family Naturist Park sur ce site web. Pour plus d'informations sur l'\u00e9tablissement, veuillez consulter notre site web <a title=\"Am\u00e9nagements\" href=\"\/fr\/amenities\/\">Am\u00e9nagements<\/a> page. Vous pouvez \u00e9galement consulter notre <a title=\"Accord entre membres et visiteurs\" href=\"\/fr\/member-and-visitor-agreement\/\">Accord des membres et des visiteurs<\/a> pour mieux comprendre nos politiques et nos r\u00e8glements. Vous pouvez \u00e9galement participer \u00e0 un <a title=\"Visite de Google Streetview du parc naturiste familial Bare Oaks\" href=\"https:\/\/www.google.com\/maps?q=bare+oaks&amp;layer=c&amp;sll=44.147526,-79.374903&amp;cid=9368519537498011836&amp;panoid=slbwg5AMbdoAAAQIt5YMzw&amp;cbp=13,330.16,,0,0&amp;ie=UTF8&amp;hq=bare+oaks&amp;hnear=&amp;t=h&amp;cbll=44.148437,-79.372188&amp;source=embed&amp;ll=44.14622,-79.372187&amp;spn=0.007699,0.019312&amp;z=16\" target=\"_blank\" rel=\"noopener\">Google Streetview 360\u00b0 tour<\/a>.<\/p>\n\n\n\n<p><a name=\"opportunities\"><\/a><\/p>\n\n\n\n<h3 class=\"wp-block-heading\">Offres d'emploi :<\/h3>\n\n\n\n<ul class=\"wp-block-list\"><li><strong>Stage<\/strong><\/li><li>Dates : de d\u00e9but mai \u00e0 mi-septembre<\/li><li>Heures : 35 heures par semaine<\/li><li>R\u00e9mun\u00e9ration : Billet d'avion aller-retour au d\u00e9part de Paris, h\u00e9bergement partag\u00e9, $200\/mois d'argent de poche.<\/li><\/ul>\n\n\n\n<p class=\"indent-40px\">Ce poste est con\u00e7u pour permettre aux \u00e9tudiants d'acqu\u00e9rir de l'exp\u00e9rience dans les secteurs de l'h\u00f4tellerie, de la restauration et du tourisme. Ce poste profitera au parc naturiste familial de Bare Oaks, mais il vous permettra \u00e9galement d'acqu\u00e9rir une exp\u00e9rience pratique exceptionnelle dans le domaine des services \u00e0 la client\u00e8le et de comprendre les proc\u00e9dures g\u00e9n\u00e9rales de gestion et de bureau. Parmi les comp\u00e9tences plus sp\u00e9cifiques qui seront d\u00e9velopp\u00e9es, citons les comp\u00e9tences organisationnelles, interpersonnelles, administratives et de communication.<\/p>\n\n\n\n<div class=\"wp-block-image is-style-default\"><figure class=\"alignright\"><img loading=\"lazy\" decoding=\"async\" width=\"354\" height=\"158\" src=\"https:\/\/www.bareoaks.ca\/wp-content\/uploads\/2011\/11\/Amenities_bare-oaks-2010-skinny-dip.jpg\" alt=\"Beach at Bare Oaks Family Naturist Park\" class=\"wp-image-3163\" srcset=\"https:\/\/www.bareoaks.ca\/wp-content\/uploads\/2011\/11\/Amenities_bare-oaks-2010-skinny-dip.jpg 354w, https:\/\/www.bareoaks.ca\/wp-content\/uploads\/2011\/11\/Amenities_bare-oaks-2010-skinny-dip-300x134.jpg 300w\" sizes=\"auto, (max-width: 354px) 100vw, 354px\" \/><\/figure><\/div>\n\n\n\n<ul class=\"wp-block-list\"><li><strong>Vacances-travail<\/strong><\/li><li>Dates : \u00e0 n\u00e9gocier<\/li><li>Horaires : n\u00e9gociables<\/li><li>R\u00e9mun\u00e9ration : $14.00\/heure<\/li><\/ul>\n\n\n\n<p class=\"indent-40px\">Ce poste est destin\u00e9 aux personnes qui souhaitent visiter le Canada et gagner de l'argent pendant leur voyage.<\/p>\n\n\n\n<p><strong>Job d'\u00e9t\u00e9 pour \u00e9tudiants<\/strong><\/p>\n\n\n\n<ul class=\"wp-block-list\"><li>Dates : Du 1er mai \u00e0 la fin de la f\u00eate du travail<\/li><li>Horaires : variables - 20-40 heures\/semaine<\/li><li>R\u00e9mun\u00e9ration : $15\/heure, logement partag\u00e9<\/li><li>Ce poste est un emploi d'\u00e9t\u00e9 typique.<\/li><\/ul>\n\n\n\n<p><strong>T\u00e2ches de l'emploi :<\/strong><\/p>\n\n\n\n<p class=\"indent-40px\">Tous les postes sont des postes de soutien pendant les saisons estivales charg\u00e9es. Les responsabilit\u00e9s r\u00e9elles varieront en fonction de vos aptitudes et des besoins du parc. Votre travail est susceptible d'inclure une grande vari\u00e9t\u00e9 de r\u00f4les. Les responsabilit\u00e9s pourraient inclure : le service \u00e0 la client\u00e8le, l'accueil, la restauration, le soutien administratif, l'entretien, la construction, la conservation de la nature et l'am\u00e9nagement paysager. Ce poste \u00e9tant destin\u00e9 \u00e0 renforcer le personnel pendant notre saison la plus charg\u00e9e, les horaires de travail incluront les week-ends et les vacances d'\u00e9t\u00e9.<\/p>\n\n\n\n<p><strong>Comp\u00e9tences requises :\u00a0<img loading=\"lazy\" decoding=\"async\" width=\"354\" height=\"236\" style=\"float: right; margin: 10px;\" src=\"https:\/\/www.bareoaks.ca\/wp-content\/uploads\/2011\/11\/work_camping.jpg\" alt=\"camping\"><\/strong><\/p>\n\n\n\n<ul class=\"wp-block-list\"><li>Passion pour la philosophie naturiste<\/li><li>Solides comp\u00e9tences interpersonnelles<\/li><li>Capacit\u00e9 \u00e0 prendre l'initiative de mener une t\u00e2che \u00e0 son terme avec un minimum de supervision.<\/li><li>D\u00e9sir d'apprendre dans un environnement en \u00e9volution rapide<\/li><li>Capacit\u00e9 \u00e0 travailler en \u00e9quipe avec d'autres personnes<\/li><\/ul>\n\n\n\n<p><a name=\"Location\"><\/a><\/p>\n\n\n\n<h3 class=\"wp-block-heading\">Lieu de travail :<\/h3>\n\n\n\n<p>Vous travaillerez au Bare Oaks Family Naturist Park. Le parc est situ\u00e9 \u00e0 la campagne. La ville importante la plus proche est Newmarket. Elle se trouve \u00e0 environ 35 km au nord de Toronto. Toronto est le si\u00e8ge du gouvernement de l'Ontario, la province la plus peupl\u00e9e du Canada, et le centre industriel et commercial du pays. Bien que Newmarket soit une ville beaucoup plus petite, elle est facilement accessible \u00e0 Toronto en train, en bus ou en voiture.<\/p>\n\n\n\n<p>Pour plus d'informations sur la r\u00e9gion, visitez le site <a href=\"\/fr\/tourism-information\/\">le tourisme<\/a> de ce site.<\/p>\n\n\n\n<p><a name=\"accommodations\"><\/a><\/p>\n\n\n\n<h3 class=\"wp-block-heading\">H\u00e9bergement :<img loading=\"lazy\" decoding=\"async\" class=\"alignright size-medium wp-image-36106\" src=\"https:\/\/www.bareoaks.ca\/wp-content\/uploads\/2019\/02\/staff-bunkie-300x200.jpg\" alt=\"Dorm room for team members\" width=\"300\" height=\"200\" srcset=\"https:\/\/www.bareoaks.ca\/wp-content\/uploads\/2019\/02\/staff-bunkie-300x200.jpg 300w, https:\/\/www.bareoaks.ca\/wp-content\/uploads\/2019\/02\/staff-bunkie-768x512.jpg 768w, https:\/\/www.bareoaks.ca\/wp-content\/uploads\/2019\/02\/staff-bunkie-1024x683.jpg 1024w, https:\/\/www.bareoaks.ca\/wp-content\/uploads\/2019\/02\/staff-bunkie-425x283.jpg 425w, https:\/\/www.bareoaks.ca\/wp-content\/uploads\/2019\/02\/staff-bunkie-390x260.jpg 390w, https:\/\/www.bareoaks.ca\/wp-content\/uploads\/2019\/02\/staff-bunkie.jpg 1080w\" sizes=\"auto, (max-width: 300px) 100vw, 300px\" \/><\/h3>\n\n\n\n<p>Les membres de notre \u00e9quipe sont log\u00e9s gratuitement dans un dortoir (2 par chambre), partagent une cuisine et un salon et ont acc\u00e8s \u00e0 toutes les installations et \u00e0 tous les \u00e9quipements pendant leur temps libre.<\/p>\n\n\n\n<p><a name=\"health\"><\/a><\/p>\n\n\n\n<h3 class=\"wp-block-heading\">Soins de sant\u00e9 :<\/h3>\n\n\n\n<p>Le Canada dispose d'un syst\u00e8me m\u00e9dical socialis\u00e9 qui offre des soins m\u00e9dicaux gratuits \u00e0 tous les r\u00e9sidents, mais qui ne s'applique pas aux visiteurs et aux \u00e9tudiants en stage. Si vous n'avez pas d'assurance maladie priv\u00e9e, Bare Oaks peut vous recommander un plan de sant\u00e9 priv\u00e9 pour couvrir les urgences m\u00e9dicales. Le plan de sant\u00e9 ne couvrira pas les examens r\u00e9guliers ni les frais m\u00e9dicaux li\u00e9s \u00e0 des conditions pr\u00e9existantes.<\/p>\n\n\n\n<p><a name=\"next\"><\/a><\/p>\n\n\n\n<h3 class=\"wp-block-heading\">Prochaines \u00e9tapes :<\/h3>\n\n\n\n<p>Si vous souhaitez poser votre candidature \u00e0 l'un de ces postes, vous devez le faire :<\/p>\n\n\n\n<ol class=\"wp-block-list\"><li>Contactez-nous par courrier \u00e9lectronique \u00e0 l'adresse suivante <a href=\"mailto:summerjobs@BareOaks.ca?subject=EIC%20application\">summerjobs@BareOaks.ca<\/a> pour organiser un entretien par Skype. Vous aurez besoin d'un <a title=\"Skype\" href=\"http:\/\/www.skype.com\" target=\"_blank\" rel=\"noopener\">Skype<\/a> et un ordinateur \u00e9quip\u00e9 d'une webcam.<\/li><li>Demandez un permis de travail dans le cadre du <a href=\"https:\/\/www.canada.ca\/fr\/immigration-refugies-citoyennete\/services\/travailler-canada\/eic.html\">Exp\u00e9rience International Canada (EIC)<\/a><\/li><\/ol>","protected":false},"excerpt":{"rendered":"<p>Travail d'\u00e9t\u00e9 au Canada Stage (r\u00e9mun\u00e9r\u00e9) pour \u00e9tudiants en tourisme r\u00e9ceptif\/accueil et restauration Emploi d'\u00e9t\u00e9 pour \u00e9tudiants Vacances-Travail Gagnez de l'exp\u00e9rience \u00e0 l'\u00e9tranger et pratiquez l'anglais. L'initiative Exp\u00e9rience Internationale Canada (EIC) du gouvernement du Canada est r\u00e9serv\u00e9e aux personnes \u00e2g\u00e9es de 18 \u00e0 35 ans. Le reste de ce document est en anglais parce que l'emploi exige une connaissance pratique de l'anglais. \u00c0 propos du parc naturiste familial de Bare Oaks Possibilit\u00e9s d'emploi Emplacement H\u00e9bergement Soins de sant\u00e9 Prochaines \u00e9tapes \u00c0 propos du parc naturiste familial de Bare Oaks : Bare Oaks est un parc naturiste ouvert toute l'ann\u00e9e pr\u00e8s de Toronto, au Canada, o\u00f9 toute la famille peut faire l'exp\u00e9rience des valeurs naturistes traditionnelles dans un cadre moderne. Nous avons<a class=\"more-link\" href=\"https:\/\/www.bareoaks.ca\/fr\/travail\/\">Lire la suite \u2192<\/a><\/p>","protected":false},"author":73,"featured_media":0,"parent":0,"menu_order":3,"comment_status":"closed","ping_status":"closed","template":"","meta":{"_themeisle_gutenberg_block_has_review":false,"footnotes":""},"class_list":["entry","author-sdeschenes","post-67","page","type-page","status-publish"],"yoast_head":"<!-- This site is optimized with the Yoast SEO plugin v27.4 - https:\/\/yoast.com\/product\/yoast-seo-wordpress\/ -->\n<title>Travail d&#039;\u00e9t\u00e9 pour les jeunes fran\u00e7ais &#8226; Bare Oaks Family Naturist Park<\/title>\n<meta name=\"description\" content=\"Employment opportunity at Bare Oaks Family Naturist Park for youth.\" \/>\n<meta name=\"robots\" content=\"index, follow, max-snippet:-1, max-image-preview:large, max-video-preview:-1\" \/>\n<link rel=\"canonical\" href=\"https:\/\/www.bareoaks.ca\/fr\/travail\/\" \/>\n<meta property=\"og:locale\" content=\"fr_CA\" \/>\n<meta property=\"og:type\" content=\"article\" \/>\n<meta property=\"og:title\" content=\"Travail d&#039;\u00e9t\u00e9 pour les jeunes fran\u00e7ais &#8226; Bare Oaks Family Naturist Park\" \/>\n<meta property=\"og:description\" content=\"Employment opportunity at Bare Oaks Family Naturist Park for youth.\" \/>\n<meta property=\"og:url\" content=\"https:\/\/www.bareoaks.ca\/fr\/travail\/\" \/>\n<meta property=\"og:site_name\" content=\"Bare Oaks Family Naturist Park\" \/>\n<meta property=\"article:publisher\" content=\"https:\/\/www.facebook.com\/BareOaksPark\" \/>\n<meta property=\"article:modified_time\" content=\"2021-12-20T16:33:12+00:00\" \/>\n<meta property=\"og:image\" content=\"https:\/\/www.bareoaks.ca\/wp-content\/uploads\/2011\/11\/work_front-desk.jpg\" \/>\n<meta name=\"twitter:card\" content=\"summary_large_image\" \/>\n<meta name=\"twitter:site\" content=\"@BareOaksPark\" \/>\n<meta name=\"twitter:label1\" content=\"Estimation du temps de lecture\" \/>\n\t<meta name=\"twitter:data1\" content=\"5 minutes\" \/>\n<script type=\"application\/ld+json\" class=\"yoast-schema-graph\">{\"@context\":\"https:\\\/\\\/schema.org\",\"@graph\":[{\"@type\":\"WebPage\",\"@id\":\"https:\\\/\\\/www.bareoaks.ca\\\/travail\\\/\",\"url\":\"https:\\\/\\\/www.bareoaks.ca\\\/travail\\\/\",\"name\":\"Travail d'\u00e9t\u00e9 pour les jeunes fran\u00e7ais &#8226; Bare Oaks Family Naturist Park\",\"isPartOf\":{\"@id\":\"https:\\\/\\\/www.bareoaks.ca\\\/#website\"},\"primaryImageOfPage\":{\"@id\":\"https:\\\/\\\/www.bareoaks.ca\\\/travail\\\/#primaryimage\"},\"image\":{\"@id\":\"https:\\\/\\\/www.bareoaks.ca\\\/travail\\\/#primaryimage\"},\"thumbnailUrl\":\"https:\\\/\\\/www.bareoaks.ca\\\/wp-content\\\/uploads\\\/2011\\\/11\\\/work_front-desk.jpg\",\"datePublished\":\"2011-11-10T03:12:48+00:00\",\"dateModified\":\"2021-12-20T16:33:12+00:00\",\"description\":\"Employment opportunity at Bare Oaks Family Naturist Park for youth.\",\"breadcrumb\":{\"@id\":\"https:\\\/\\\/www.bareoaks.ca\\\/travail\\\/#breadcrumb\"},\"inLanguage\":\"fr-CA\",\"potentialAction\":[{\"@type\":\"ReadAction\",\"target\":[\"https:\\\/\\\/www.bareoaks.ca\\\/travail\\\/\"]}]},{\"@type\":\"ImageObject\",\"inLanguage\":\"fr-CA\",\"@id\":\"https:\\\/\\\/www.bareoaks.ca\\\/travail\\\/#primaryimage\",\"url\":\"https:\\\/\\\/www.bareoaks.ca\\\/wp-content\\\/uploads\\\/2011\\\/11\\\/work_front-desk.jpg\",\"contentUrl\":\"https:\\\/\\\/www.bareoaks.ca\\\/wp-content\\\/uploads\\\/2011\\\/11\\\/work_front-desk.jpg\"},{\"@type\":\"BreadcrumbList\",\"@id\":\"https:\\\/\\\/www.bareoaks.ca\\\/travail\\\/#breadcrumb\",\"itemListElement\":[{\"@type\":\"ListItem\",\"position\":1,\"name\":\"Home\",\"item\":\"https:\\\/\\\/www.bareoaks.ca\\\/\"},{\"@type\":\"ListItem\",\"position\":2,\"name\":\"Travail d&#8217;\u00e9t\u00e9 pour les jeunes fran\u00e7ais\"}]},{\"@type\":\"WebSite\",\"@id\":\"https:\\\/\\\/www.bareoaks.ca\\\/#website\",\"url\":\"https:\\\/\\\/www.bareoaks.ca\\\/\",\"name\":\"Bare Oaks Family Naturist Park\",\"description\":\"Traditional naturist values in a modern setting\",\"publisher\":{\"@id\":\"https:\\\/\\\/www.bareoaks.ca\\\/#organization\"},\"potentialAction\":[{\"@type\":\"SearchAction\",\"target\":{\"@type\":\"EntryPoint\",\"urlTemplate\":\"https:\\\/\\\/www.bareoaks.ca\\\/?s={search_term_string}\"},\"query-input\":{\"@type\":\"PropertyValueSpecification\",\"valueRequired\":true,\"valueName\":\"search_term_string\"}}],\"inLanguage\":\"fr-CA\"},{\"@type\":\"Organization\",\"@id\":\"https:\\\/\\\/www.bareoaks.ca\\\/#organization\",\"name\":\"Bare Oaks Family Naturist Park\",\"url\":\"https:\\\/\\\/www.bareoaks.ca\\\/\",\"logo\":{\"@type\":\"ImageObject\",\"inLanguage\":\"fr-CA\",\"@id\":\"https:\\\/\\\/www.bareoaks.ca\\\/#\\\/schema\\\/logo\\\/image\\\/\",\"url\":\"https:\\\/\\\/www.bareoaks.ca\\\/wp-content\\\/uploads\\\/2025\\\/07\\\/BareOaksLogo_website.png\",\"contentUrl\":\"https:\\\/\\\/www.bareoaks.ca\\\/wp-content\\\/uploads\\\/2025\\\/07\\\/BareOaksLogo_website.png\",\"width\":250,\"height\":132,\"caption\":\"Bare Oaks Family Naturist Park\"},\"image\":{\"@id\":\"https:\\\/\\\/www.bareoaks.ca\\\/#\\\/schema\\\/logo\\\/image\\\/\"},\"sameAs\":[\"https:\\\/\\\/www.facebook.com\\\/BareOaksPark\",\"https:\\\/\\\/x.com\\\/BareOaksPark\",\"https:\\\/\\\/www.instagram.com\\\/bareoaks\\\/\",\"http:\\\/\\\/www.linkedin.com\\\/company\\\/bare-oaks-family-naturist-park\",\"https:\\\/\\\/www.youtube.com\\\/user\\\/BareOaks\",\"https:\\\/\\\/en.wikipedia.org\\\/wiki\\\/Bare_Oaks_Family_Naturist_Park\"]}]}<\/script>\n<!-- \/ Yoast SEO plugin. -->","yoast_head_json":{"title":"Travail d'\u00e9t\u00e9 pour les jeunes fran\u00e7ais &#8226; Bare Oaks Family Naturist Park","description":"Employment opportunity at Bare Oaks Family Naturist Park for youth.","robots":{"index":"index","follow":"follow","max-snippet":"max-snippet:-1","max-image-preview":"max-image-preview:large","max-video-preview":"max-video-preview:-1"},"canonical":"https:\/\/www.bareoaks.ca\/fr\/travail\/","og_locale":"fr_CA","og_type":"article","og_title":"Travail d'\u00e9t\u00e9 pour les jeunes fran\u00e7ais &#8226; Bare Oaks Family Naturist Park","og_description":"Employment opportunity at Bare Oaks Family Naturist Park for youth.","og_url":"https:\/\/www.bareoaks.ca\/fr\/travail\/","og_site_name":"Bare Oaks Family Naturist Park","article_publisher":"https:\/\/www.facebook.com\/BareOaksPark","article_modified_time":"2021-12-20T16:33:12+00:00","og_image":[{"url":"https:\/\/www.bareoaks.ca\/wp-content\/uploads\/2011\/11\/work_front-desk.jpg","type":"","width":"","height":""}],"twitter_card":"summary_large_image","twitter_site":"@BareOaksPark","twitter_misc":{"Estimation du temps de lecture":"5 minutes"},"schema":{"@context":"https:\/\/schema.org","@graph":[{"@type":"WebPage","@id":"https:\/\/www.bareoaks.ca\/travail\/","url":"https:\/\/www.bareoaks.ca\/travail\/","name":"Travail d'\u00e9t\u00e9 pour les jeunes fran\u00e7ais &#8226; Bare Oaks Family Naturist Park","isPartOf":{"@id":"https:\/\/www.bareoaks.ca\/#website"},"primaryImageOfPage":{"@id":"https:\/\/www.bareoaks.ca\/travail\/#primaryimage"},"image":{"@id":"https:\/\/www.bareoaks.ca\/travail\/#primaryimage"},"thumbnailUrl":"https:\/\/www.bareoaks.ca\/wp-content\/uploads\/2011\/11\/work_front-desk.jpg","datePublished":"2011-11-10T03:12:48+00:00","dateModified":"2021-12-20T16:33:12+00:00","description":"Employment opportunity at Bare Oaks Family Naturist Park for youth.","breadcrumb":{"@id":"https:\/\/www.bareoaks.ca\/travail\/#breadcrumb"},"inLanguage":"fr-CA","potentialAction":[{"@type":"ReadAction","target":["https:\/\/www.bareoaks.ca\/travail\/"]}]},{"@type":"ImageObject","inLanguage":"fr-CA","@id":"https:\/\/www.bareoaks.ca\/travail\/#primaryimage","url":"https:\/\/www.bareoaks.ca\/wp-content\/uploads\/2011\/11\/work_front-desk.jpg","contentUrl":"https:\/\/www.bareoaks.ca\/wp-content\/uploads\/2011\/11\/work_front-desk.jpg"},{"@type":"BreadcrumbList","@id":"https:\/\/www.bareoaks.ca\/travail\/#breadcrumb","itemListElement":[{"@type":"ListItem","position":1,"name":"Home","item":"https:\/\/www.bareoaks.ca\/"},{"@type":"ListItem","position":2,"name":"Travail d&#8217;\u00e9t\u00e9 pour les jeunes fran\u00e7ais"}]},{"@type":"WebSite","@id":"https:\/\/www.bareoaks.ca\/#website","url":"https:\/\/www.bareoaks.ca\/","name":"Parc naturiste familial Bare Oaks","description":"Des valeurs naturistes traditionnelles dans un cadre moderne","publisher":{"@id":"https:\/\/www.bareoaks.ca\/#organization"},"potentialAction":[{"@type":"SearchAction","target":{"@type":"EntryPoint","urlTemplate":"https:\/\/www.bareoaks.ca\/?s={search_term_string}"},"query-input":{"@type":"PropertyValueSpecification","valueRequired":true,"valueName":"search_term_string"}}],"inLanguage":"fr-CA"},{"@type":"Organization","@id":"https:\/\/www.bareoaks.ca\/#organization","name":"Parc naturiste familial Bare Oaks","url":"https:\/\/www.bareoaks.ca\/","logo":{"@type":"ImageObject","inLanguage":"fr-CA","@id":"https:\/\/www.bareoaks.ca\/#\/schema\/logo\/image\/","url":"https:\/\/www.bareoaks.ca\/wp-content\/uploads\/2025\/07\/BareOaksLogo_website.png","contentUrl":"https:\/\/www.bareoaks.ca\/wp-content\/uploads\/2025\/07\/BareOaksLogo_website.png","width":250,"height":132,"caption":"Bare Oaks Family Naturist Park"},"image":{"@id":"https:\/\/www.bareoaks.ca\/#\/schema\/logo\/image\/"},"sameAs":["https:\/\/www.facebook.com\/BareOaksPark","https:\/\/x.com\/BareOaksPark","https:\/\/www.instagram.com\/bareoaks\/","http:\/\/www.linkedin.com\/company\/bare-oaks-family-naturist-park","https:\/\/www.youtube.com\/user\/BareOaks","https:\/\/en.wikipedia.org\/wiki\/Bare_Oaks_Family_Naturist_Park"]}]}},"_links":{"self":[{"href":"https:\/\/www.bareoaks.ca\/fr\/wp-json\/wp\/v2\/pages\/67","targetHints":{"allow":["GET"]}}],"collection":[{"href":"https:\/\/www.bareoaks.ca\/fr\/wp-json\/wp\/v2\/pages"}],"about":[{"href":"https:\/\/www.bareoaks.ca\/fr\/wp-json\/wp\/v2\/types\/page"}],"author":[{"embeddable":true,"href":"https:\/\/www.bareoaks.ca\/fr\/wp-json\/wp\/v2\/users\/73"}],"replies":[{"embeddable":true,"href":"https:\/\/www.bareoaks.ca\/fr\/wp-json\/wp\/v2\/comments?post=67"}],"version-history":[{"count":4,"href":"https:\/\/www.bareoaks.ca\/fr\/wp-json\/wp\/v2\/pages\/67\/revisions"}],"predecessor-version":[{"id":72127,"href":"https:\/\/www.bareoaks.ca\/fr\/wp-json\/wp\/v2\/pages\/67\/revisions\/72127"}],"wp:attachment":[{"href":"https:\/\/www.bareoaks.ca\/fr\/wp-json\/wp\/v2\/media?parent=67"}],"curies":[{"name":"wp","href":"https:\/\/api.w.org\/{rel}","templated":true}]}}