{"id":68,"date":"2011-01-28T19:49:27","date_gmt":"2011-01-29T00:49:27","guid":{"rendered":"http:\/\/ww1.bareoaks.ca\/?page_id=68"},"modified":"2025-07-13T11:02:13","modified_gmt":"2025-07-13T15:02:13","slug":"family","status":"publish","type":"page","link":"https:\/\/www.bareoaks.ca\/fr\/family\/","title":{"rendered":"Prix pour les week-ends familiaux"},"content":{"rendered":"<h1 class=\"wp-block-heading\"><img loading=\"lazy\" decoding=\"async\" class=\"alignnone size-full wp-image-36646\" src=\"https:\/\/www.bareoaks.ca\/wp-content\/uploads\/2019\/03\/family-banner.jpg\" alt=\"families having fun together\" width=\"1040\" height=\"125\" srcset=\"https:\/\/www.bareoaks.ca\/wp-content\/uploads\/2019\/03\/family-banner.jpg 1040w, https:\/\/www.bareoaks.ca\/wp-content\/uploads\/2019\/03\/family-banner-300x36.jpg 300w, https:\/\/www.bareoaks.ca\/wp-content\/uploads\/2019\/03\/family-banner-768x92.jpg 768w, https:\/\/www.bareoaks.ca\/wp-content\/uploads\/2019\/03\/family-banner-1024x123.jpg 1024w, https:\/\/www.bareoaks.ca\/wp-content\/uploads\/2019\/03\/family-banner-425x51.jpg 425w, https:\/\/www.bareoaks.ca\/wp-content\/uploads\/2019\/03\/family-banner-390x47.jpg 390w\" sizes=\"auto, (max-width: 1040px) 100vw, 1040px\" \/><\/h1>\n\n\n\n<h1 class=\"wp-block-heading has-text-align-center\">Prix sp\u00e9ciaux pour le week-end des familles<\/h1>\n\n\n\n<h1 class=\"wp-block-heading has-text-align-center\">3\u00e8me week-end de juillet<\/h1>\n\n\n\n<p class=\"has-text-align-center\"><em>Les tarifs sp\u00e9ciaux sont r\u00e9serv\u00e9s aux familles avec enfants.&nbsp;<\/em><\/p>\n\n\n\n<p class=\"has-text-align-center\"><a href=\"\/fr\/family-weekend\/\">Informations sur le week-end des familles<\/a><\/p>\n\n\n\n<div style=\"height:15px\" aria-hidden=\"true\" class=\"wp-block-spacer\"><\/div>\n\n\n\n<h3 class=\"wp-block-heading has-text-align-center\">Sp\u00e9cial camping 4 jours\/3 nuits<\/h3>\n\n\n\n<p class=\"has-text-align-center\">Du jeudi au dimanche<\/p>\n\n\n\n<p class=\"has-text-align-center\">Camping am\u00e9nag\u00e9 : $109 par famille<\/p>\n\n\n\n<p class=\"has-text-align-center\">Camping non am\u00e9nag\u00e9 : $79 par famille<\/p>\n\n\n\n<p class=\"has-text-align-center\">Le s\u00e9jour peut \u00eatre prolong\u00e9 pour $20 par nuit.<\/p>\n\n\n\n<div style=\"height:15px\" aria-hidden=\"true\" class=\"wp-block-spacer\"><\/div>\n\n\n\n<h3 class=\"wp-block-heading has-text-align-center\">Sp\u00e9cial camping 3 jours\/2 nuits<\/h3>\n\n\n\n<p class=\"has-text-align-center\">Du vendredi au dimanche<\/p>\n\n\n\n<p class=\"has-text-align-center\">Camping am\u00e9nag\u00e9 : $95 par famille<\/p>\n\n\n\n<p class=\"has-text-align-center\">Camping non am\u00e9nag\u00e9 : $59 par famille<\/p>\n\n\n\n<p class=\"has-text-align-center\">Le s\u00e9jour peut \u00eatre prolong\u00e9 pour $20 par nuit\/jour<\/p>\n\n\n\n<div style=\"height:15px\" aria-hidden=\"true\" class=\"wp-block-spacer\"><\/div>\n\n\n\n<h3 class=\"wp-block-heading has-text-align-center\">Visite d'une journ\u00e9e sp\u00e9ciale<\/h3>\n\n\n\n<p class=\"has-text-align-center\">$25\/jour par jour par famille<br>(uniquement du jeudi au dimanche du week-end familial)<\/p>\n\n\n\n<p><em><strong>Notes :<\/strong><\/em><\/p>\n\n\n\n<ul class=\"wp-block-list\">\n<li><em>Ce tarif sp\u00e9cial est r\u00e9serv\u00e9 aux familles accompagn\u00e9es d'enfants de moins de 20 ans.<\/em><\/li>\n\n\n\n<li><em>La disponibilit\u00e9 de sites am\u00e9nag\u00e9s est limit\u00e9e.<\/em><\/li>\n\n\n\n<li><em>Pas de calcul au prorata pour les offres sp\u00e9ciales de camping.<\/em><\/li>\n\n\n\n<li><em>Des tarifs r\u00e9guliers sont \u00e9galement disponibles pour des s\u00e9jours plus courts.<\/em><\/li>\n<\/ul>","protected":false},"excerpt":{"rendered":"<p>Week-end familial Prix sp\u00e9ciaux 3e week-end de juillet Les tarifs sp\u00e9ciaux sont r\u00e9serv\u00e9s aux familles avec enfants.  Informations sur le week-end familial Camping sp\u00e9cial 4 jours\/3 nuits du jeudi au dimanche Camping avec services : $109 par famille Camping non am\u00e9nag\u00e9 : $79 par famille Le s\u00e9jour peut \u00eatre prolong\u00e9 pour $20 par nuit Camping 3 jours\/2 nuits sp\u00e9cial vendredi - dimanche Camping avec services : $95 par famille Camping non am\u00e9nag\u00e9 : 1T4T59 par famille Le s\u00e9jour peut \u00eatre prolong\u00e9 de 1T4T20 par nuit\/jour Sp\u00e9cial visite \u00e0 la journ\u00e9e 1T4T25\/jour par jour par famille (jeudi-dimanche du week-end familial uniquement) Notes :<a class=\"more-link\" href=\"https:\/\/www.bareoaks.ca\/fr\/family\/\">Lire la suite \u2192<\/a><\/p>","protected":false},"author":73,"featured_media":0,"parent":0,"menu_order":5,"comment_status":"closed","ping_status":"closed","template":"","meta":{"_themeisle_gutenberg_block_has_review":false,"footnotes":""},"class_list":["entry","author-sdeschenes","post-68","page","type-page","status-publish"],"yoast_head":"<!-- This site is optimized with the Yoast SEO plugin v27.4 - https:\/\/yoast.com\/product\/yoast-seo-wordpress\/ -->\n<title>Family Weekend Pricing &#8226; Bare Oaks Family Naturist Park<\/title>\n<meta name=\"description\" content=\"Prices for Family Weekend at Bare Oaks Family Naturist Park\" \/>\n<meta name=\"robots\" content=\"index, follow, max-snippet:-1, max-image-preview:large, max-video-preview:-1\" \/>\n<link rel=\"canonical\" href=\"https:\/\/www.bareoaks.ca\/fr\/family\/\" \/>\n<meta property=\"og:locale\" content=\"fr_CA\" \/>\n<meta property=\"og:type\" content=\"article\" \/>\n<meta property=\"og:title\" content=\"Family Weekend Pricing &#8226; Bare Oaks Family Naturist Park\" \/>\n<meta property=\"og:description\" content=\"Prices for Family Weekend at Bare Oaks Family Naturist Park\" \/>\n<meta property=\"og:url\" content=\"https:\/\/www.bareoaks.ca\/fr\/family\/\" \/>\n<meta property=\"og:site_name\" content=\"Bare Oaks Family Naturist Park\" \/>\n<meta property=\"article:publisher\" content=\"https:\/\/www.facebook.com\/BareOaksPark\" \/>\n<meta property=\"article:modified_time\" content=\"2025-07-13T15:02:13+00:00\" \/>\n<meta property=\"og:image\" content=\"https:\/\/www.bareoaks.ca\/wp-content\/uploads\/2019\/03\/family-banner.jpg\" \/>\n\t<meta property=\"og:image:width\" content=\"1040\" \/>\n\t<meta property=\"og:image:height\" content=\"125\" \/>\n\t<meta property=\"og:image:type\" content=\"image\/jpeg\" \/>\n<meta name=\"twitter:card\" content=\"summary_large_image\" \/>\n<meta name=\"twitter:site\" content=\"@BareOaksPark\" \/>\n<meta name=\"twitter:label1\" content=\"Estimation du temps de lecture\" \/>\n\t<meta name=\"twitter:data1\" content=\"1 minute\" \/>\n<script type=\"application\/ld+json\" class=\"yoast-schema-graph\">{\"@context\":\"https:\\\/\\\/schema.org\",\"@graph\":[{\"@type\":\"WebPage\",\"@id\":\"https:\\\/\\\/www.bareoaks.ca\\\/family\\\/\",\"url\":\"https:\\\/\\\/www.bareoaks.ca\\\/family\\\/\",\"name\":\"Family Weekend Pricing &#8226; Bare Oaks Family Naturist Park\",\"isPartOf\":{\"@id\":\"https:\\\/\\\/www.bareoaks.ca\\\/#website\"},\"primaryImageOfPage\":{\"@id\":\"https:\\\/\\\/www.bareoaks.ca\\\/family\\\/#primaryimage\"},\"image\":{\"@id\":\"https:\\\/\\\/www.bareoaks.ca\\\/family\\\/#primaryimage\"},\"thumbnailUrl\":\"https:\\\/\\\/www.bareoaks.ca\\\/wp-content\\\/uploads\\\/2019\\\/03\\\/family-banner.jpg\",\"datePublished\":\"2011-01-29T00:49:27+00:00\",\"dateModified\":\"2025-07-13T15:02:13+00:00\",\"description\":\"Prices for Family Weekend at Bare Oaks Family Naturist Park\",\"breadcrumb\":{\"@id\":\"https:\\\/\\\/www.bareoaks.ca\\\/family\\\/#breadcrumb\"},\"inLanguage\":\"fr-CA\",\"potentialAction\":[{\"@type\":\"ReadAction\",\"target\":[\"https:\\\/\\\/www.bareoaks.ca\\\/family\\\/\"]}]},{\"@type\":\"ImageObject\",\"inLanguage\":\"fr-CA\",\"@id\":\"https:\\\/\\\/www.bareoaks.ca\\\/family\\\/#primaryimage\",\"url\":\"https:\\\/\\\/www.bareoaks.ca\\\/wp-content\\\/uploads\\\/2019\\\/03\\\/family-banner.jpg\",\"contentUrl\":\"https:\\\/\\\/www.bareoaks.ca\\\/wp-content\\\/uploads\\\/2019\\\/03\\\/family-banner.jpg\"},{\"@type\":\"BreadcrumbList\",\"@id\":\"https:\\\/\\\/www.bareoaks.ca\\\/family\\\/#breadcrumb\",\"itemListElement\":[{\"@type\":\"ListItem\",\"position\":1,\"name\":\"Home\",\"item\":\"https:\\\/\\\/www.bareoaks.ca\\\/\"},{\"@type\":\"ListItem\",\"position\":2,\"name\":\"Family Weekend Pricing\"}]},{\"@type\":\"WebSite\",\"@id\":\"https:\\\/\\\/www.bareoaks.ca\\\/#website\",\"url\":\"https:\\\/\\\/www.bareoaks.ca\\\/\",\"name\":\"Bare Oaks Family Naturist Park\",\"description\":\"Traditional naturist values in a modern setting\",\"publisher\":{\"@id\":\"https:\\\/\\\/www.bareoaks.ca\\\/#organization\"},\"potentialAction\":[{\"@type\":\"SearchAction\",\"target\":{\"@type\":\"EntryPoint\",\"urlTemplate\":\"https:\\\/\\\/www.bareoaks.ca\\\/?s={search_term_string}\"},\"query-input\":{\"@type\":\"PropertyValueSpecification\",\"valueRequired\":true,\"valueName\":\"search_term_string\"}}],\"inLanguage\":\"fr-CA\"},{\"@type\":\"Organization\",\"@id\":\"https:\\\/\\\/www.bareoaks.ca\\\/#organization\",\"name\":\"Bare Oaks Family Naturist Park\",\"url\":\"https:\\\/\\\/www.bareoaks.ca\\\/\",\"logo\":{\"@type\":\"ImageObject\",\"inLanguage\":\"fr-CA\",\"@id\":\"https:\\\/\\\/www.bareoaks.ca\\\/#\\\/schema\\\/logo\\\/image\\\/\",\"url\":\"https:\\\/\\\/www.bareoaks.ca\\\/wp-content\\\/uploads\\\/2025\\\/07\\\/BareOaksLogo_website.png\",\"contentUrl\":\"https:\\\/\\\/www.bareoaks.ca\\\/wp-content\\\/uploads\\\/2025\\\/07\\\/BareOaksLogo_website.png\",\"width\":250,\"height\":132,\"caption\":\"Bare Oaks Family Naturist Park\"},\"image\":{\"@id\":\"https:\\\/\\\/www.bareoaks.ca\\\/#\\\/schema\\\/logo\\\/image\\\/\"},\"sameAs\":[\"https:\\\/\\\/www.facebook.com\\\/BareOaksPark\",\"https:\\\/\\\/x.com\\\/BareOaksPark\",\"https:\\\/\\\/www.instagram.com\\\/bareoaks\\\/\",\"http:\\\/\\\/www.linkedin.com\\\/company\\\/bare-oaks-family-naturist-park\",\"https:\\\/\\\/www.youtube.com\\\/user\\\/BareOaks\",\"https:\\\/\\\/en.wikipedia.org\\\/wiki\\\/Bare_Oaks_Family_Naturist_Park\"]}]}<\/script>\n<!-- \/ Yoast SEO plugin. -->","yoast_head_json":{"title":"Prix pour les week-ends en famille - Bare Oaks Family Naturist Park","description":"Prix pour le week-end familial au parc naturiste familial de Bare Oaks","robots":{"index":"index","follow":"follow","max-snippet":"max-snippet:-1","max-image-preview":"max-image-preview:large","max-video-preview":"max-video-preview:-1"},"canonical":"https:\/\/www.bareoaks.ca\/fr\/family\/","og_locale":"fr_CA","og_type":"article","og_title":"Family Weekend Pricing &#8226; Bare Oaks Family Naturist Park","og_description":"Prices for Family Weekend at Bare Oaks Family Naturist Park","og_url":"https:\/\/www.bareoaks.ca\/fr\/family\/","og_site_name":"Bare Oaks Family Naturist Park","article_publisher":"https:\/\/www.facebook.com\/BareOaksPark","article_modified_time":"2025-07-13T15:02:13+00:00","og_image":[{"width":1040,"height":125,"url":"https:\/\/www.bareoaks.ca\/wp-content\/uploads\/2019\/03\/family-banner.jpg","type":"image\/jpeg"}],"twitter_card":"summary_large_image","twitter_site":"@BareOaksPark","twitter_misc":{"Estimation du temps de lecture":"1 minute"},"schema":{"@context":"https:\/\/schema.org","@graph":[{"@type":"WebPage","@id":"https:\/\/www.bareoaks.ca\/family\/","url":"https:\/\/www.bareoaks.ca\/family\/","name":"Prix pour les week-ends en famille - Bare Oaks Family Naturist Park","isPartOf":{"@id":"https:\/\/www.bareoaks.ca\/#website"},"primaryImageOfPage":{"@id":"https:\/\/www.bareoaks.ca\/family\/#primaryimage"},"image":{"@id":"https:\/\/www.bareoaks.ca\/family\/#primaryimage"},"thumbnailUrl":"https:\/\/www.bareoaks.ca\/wp-content\/uploads\/2019\/03\/family-banner.jpg","datePublished":"2011-01-29T00:49:27+00:00","dateModified":"2025-07-13T15:02:13+00:00","description":"Prix pour le week-end familial au parc naturiste familial de Bare Oaks","breadcrumb":{"@id":"https:\/\/www.bareoaks.ca\/family\/#breadcrumb"},"inLanguage":"fr-CA","potentialAction":[{"@type":"ReadAction","target":["https:\/\/www.bareoaks.ca\/family\/"]}]},{"@type":"ImageObject","inLanguage":"fr-CA","@id":"https:\/\/www.bareoaks.ca\/family\/#primaryimage","url":"https:\/\/www.bareoaks.ca\/wp-content\/uploads\/2019\/03\/family-banner.jpg","contentUrl":"https:\/\/www.bareoaks.ca\/wp-content\/uploads\/2019\/03\/family-banner.jpg"},{"@type":"BreadcrumbList","@id":"https:\/\/www.bareoaks.ca\/family\/#breadcrumb","itemListElement":[{"@type":"ListItem","position":1,"name":"Home","item":"https:\/\/www.bareoaks.ca\/"},{"@type":"ListItem","position":2,"name":"Family Weekend Pricing"}]},{"@type":"WebSite","@id":"https:\/\/www.bareoaks.ca\/#website","url":"https:\/\/www.bareoaks.ca\/","name":"Parc naturiste familial Bare Oaks","description":"Des valeurs naturistes traditionnelles dans un cadre moderne","publisher":{"@id":"https:\/\/www.bareoaks.ca\/#organization"},"potentialAction":[{"@type":"SearchAction","target":{"@type":"EntryPoint","urlTemplate":"https:\/\/www.bareoaks.ca\/?s={search_term_string}"},"query-input":{"@type":"PropertyValueSpecification","valueRequired":true,"valueName":"search_term_string"}}],"inLanguage":"fr-CA"},{"@type":"Organization","@id":"https:\/\/www.bareoaks.ca\/#organization","name":"Parc naturiste familial Bare Oaks","url":"https:\/\/www.bareoaks.ca\/","logo":{"@type":"ImageObject","inLanguage":"fr-CA","@id":"https:\/\/www.bareoaks.ca\/#\/schema\/logo\/image\/","url":"https:\/\/www.bareoaks.ca\/wp-content\/uploads\/2025\/07\/BareOaksLogo_website.png","contentUrl":"https:\/\/www.bareoaks.ca\/wp-content\/uploads\/2025\/07\/BareOaksLogo_website.png","width":250,"height":132,"caption":"Bare Oaks Family Naturist Park"},"image":{"@id":"https:\/\/www.bareoaks.ca\/#\/schema\/logo\/image\/"},"sameAs":["https:\/\/www.facebook.com\/BareOaksPark","https:\/\/x.com\/BareOaksPark","https:\/\/www.instagram.com\/bareoaks\/","http:\/\/www.linkedin.com\/company\/bare-oaks-family-naturist-park","https:\/\/www.youtube.com\/user\/BareOaks","https:\/\/en.wikipedia.org\/wiki\/Bare_Oaks_Family_Naturist_Park"]}]}},"_links":{"self":[{"href":"https:\/\/www.bareoaks.ca\/fr\/wp-json\/wp\/v2\/pages\/68","targetHints":{"allow":["GET"]}}],"collection":[{"href":"https:\/\/www.bareoaks.ca\/fr\/wp-json\/wp\/v2\/pages"}],"about":[{"href":"https:\/\/www.bareoaks.ca\/fr\/wp-json\/wp\/v2\/types\/page"}],"author":[{"embeddable":true,"href":"https:\/\/www.bareoaks.ca\/fr\/wp-json\/wp\/v2\/users\/73"}],"replies":[{"embeddable":true,"href":"https:\/\/www.bareoaks.ca\/fr\/wp-json\/wp\/v2\/comments?post=68"}],"version-history":[{"count":12,"href":"https:\/\/www.bareoaks.ca\/fr\/wp-json\/wp\/v2\/pages\/68\/revisions"}],"predecessor-version":[{"id":80718,"href":"https:\/\/www.bareoaks.ca\/fr\/wp-json\/wp\/v2\/pages\/68\/revisions\/80718"}],"wp:attachment":[{"href":"https:\/\/www.bareoaks.ca\/fr\/wp-json\/wp\/v2\/media?parent=68"}],"curies":[{"name":"wp","href":"https:\/\/api.w.org\/{rel}","templated":true}]}}