{"id":73,"date":"2012-05-16T17:52:09","date_gmt":"2012-05-16T21:52:09","guid":{"rendered":"http:\/\/ww1.bareoaks.ca\/?page_id=73"},"modified":"2025-07-13T10:58:34","modified_gmt":"2025-07-13T14:58:34","slug":"family-weekend","status":"publish","type":"page","link":"https:\/\/www.bareoaks.ca\/fr\/family-weekend\/","title":{"rendered":"Week-end en famille"},"content":{"rendered":"<figure class=\"wp-block-image is-style-default\"><img loading=\"lazy\" decoding=\"async\" width=\"1040\" height=\"125\" src=\"https:\/\/www.bareoaks.ca\/wp-content\/uploads\/2019\/03\/family-banner.jpg\" alt=\"families having fun together\" class=\"wp-image-36646\" srcset=\"https:\/\/www.bareoaks.ca\/wp-content\/uploads\/2019\/03\/family-banner.jpg 1040w, https:\/\/www.bareoaks.ca\/wp-content\/uploads\/2019\/03\/family-banner-300x36.jpg 300w, https:\/\/www.bareoaks.ca\/wp-content\/uploads\/2019\/03\/family-banner-768x92.jpg 768w, https:\/\/www.bareoaks.ca\/wp-content\/uploads\/2019\/03\/family-banner-1024x123.jpg 1024w, https:\/\/www.bareoaks.ca\/wp-content\/uploads\/2019\/03\/family-banner-425x51.jpg 425w, https:\/\/www.bareoaks.ca\/wp-content\/uploads\/2019\/03\/family-banner-390x47.jpg 390w\" sizes=\"auto, (max-width: 1040px) 100vw, 1040px\" \/><\/figure>\n\n\n\n<h3 class=\"wp-block-heading\">Un week-end d'\u00e9v\u00e9nements mettant l'accent sur le divertissement familial !<\/h3>\n\n\n\n<h3 class=\"wp-block-heading\">Des activit\u00e9s, des d\u00e9fis, des concours, des animations, de l'artisanat, des jeux et de l'amusement pour les enfants de tous \u00e2ges.<\/h3>\n\n\n\n<h1 class=\"wp-block-heading has-text-align-center\"><img loading=\"lazy\" decoding=\"async\" class=\"size-full wp-image-3263\" style=\"display: block; vertical-align: top; margin: 10px auto 10px auto;\" src=\"https:\/\/www.bareoaks.ca\/wp-content\/uploads\/2012\/05\/Events_Family-Weekend-400.png\" alt=\"Family Weekend\" width=\"400\" height=\"89\"><strong>3\u00e8me week-end de juillet<\/strong><\/h1>\n\n\n\n<p>R\u00e9duit&nbsp;<a title=\"Prix pour les week-ends familiaux\" href=\"\/fr\/family\/\">taux<\/a>&nbsp;sont disponibles pour les familles en visite. Planifiez vos vacances en famille autour de cet \u00e9v\u00e9nement annuel.<br>(Si vous passez la nuit sur place, il est fortement recommand\u00e9 de r\u00e9server)<\/p>\n\n\n\n<ul class=\"wp-block-list\">\n<li>\u00a0<a href=\"https:\/\/www.bareoaks.ca\/files\/family-weekend-2025.pdf\" target=\"_blank\" rel=\"noreferrer noopener\">Calendrier 2025<\/a><\/li>\n<\/ul>\n\n\n\n<p class=\"has-text-align-center\"><em>Le naturisme est une activit\u00e9 familiale b\u00e9n\u00e9fique pour les enfants : En savoir plus sur l'\u00e9levage <a title=\"Les enfants dans le naturisme\" href=\"\/fr\/children\/\">Les enfants dans le naturisme<\/a>.<\/em><\/p>","protected":false},"excerpt":{"rendered":"<p>Un week-end d'\u00e9v\u00e9nements qui met l'accent sur le plaisir en famille ! Des activit\u00e9s, des d\u00e9fis, des concours, des animations, de l'artisanat, des jeux et du plaisir pour les enfants de tous \u00e2ges. Troisi\u00e8me week-end de juillet Des tarifs r\u00e9duits sont propos\u00e9s aux familles en visite. Planifiez vos vacances en famille autour de cet \u00e9v\u00e9nement annuel (si vous restez pour la nuit, les r\u00e9servations sont fortement recommand\u00e9es). Le naturisme est une activit\u00e9 familiale qui est bonne pour les enfants : Lisez ce qui concerne l'\u00e9ducation des enfants dans le cadre du naturisme.<a class=\"more-link\" href=\"https:\/\/www.bareoaks.ca\/fr\/family-weekend\/\">Lire la suite \u2192<\/a><\/p>","protected":false},"author":73,"featured_media":0,"parent":0,"menu_order":4,"comment_status":"closed","ping_status":"closed","template":"","meta":{"_themeisle_gutenberg_block_has_review":false,"footnotes":""},"class_list":["entry","author-sdeschenes","post-73","page","type-page","status-publish"],"yoast_head":"<!-- This site is optimized with the Yoast SEO plugin v27.4 - https:\/\/yoast.com\/product\/yoast-seo-wordpress\/ -->\n<title>Family Weekend &#8226; Bare Oaks Family Naturist Park<\/title>\n<meta name=\"description\" content=\"Family Weekend at Bare Oaks Family Naturist Park.\" \/>\n<meta name=\"robots\" content=\"index, follow, max-snippet:-1, max-image-preview:large, max-video-preview:-1\" \/>\n<link rel=\"canonical\" href=\"https:\/\/www.bareoaks.ca\/fr\/family-weekend\/\" \/>\n<meta property=\"og:locale\" content=\"fr_CA\" \/>\n<meta property=\"og:type\" content=\"article\" \/>\n<meta property=\"og:title\" content=\"Family Weekend &#8226; Bare Oaks Family Naturist Park\" \/>\n<meta property=\"og:description\" content=\"Family Weekend at Bare Oaks Family Naturist Park.\" \/>\n<meta property=\"og:url\" content=\"https:\/\/www.bareoaks.ca\/fr\/family-weekend\/\" \/>\n<meta property=\"og:site_name\" content=\"Bare Oaks Family Naturist Park\" \/>\n<meta property=\"article:publisher\" content=\"https:\/\/www.facebook.com\/BareOaksPark\" \/>\n<meta property=\"article:modified_time\" content=\"2025-07-13T14:58:34+00:00\" \/>\n<meta property=\"og:image\" content=\"https:\/\/www.bareoaks.ca\/wp-content\/uploads\/2019\/03\/family-banner.jpg\" \/>\n\t<meta property=\"og:image:width\" content=\"1040\" \/>\n\t<meta property=\"og:image:height\" content=\"125\" \/>\n\t<meta property=\"og:image:type\" content=\"image\/jpeg\" \/>\n<meta name=\"twitter:card\" content=\"summary_large_image\" \/>\n<meta name=\"twitter:site\" content=\"@BareOaksPark\" \/>\n<meta name=\"twitter:label1\" content=\"Estimation du temps de lecture\" \/>\n\t<meta name=\"twitter:data1\" content=\"1 minute\" \/>\n<script type=\"application\/ld+json\" class=\"yoast-schema-graph\">{\"@context\":\"https:\\\/\\\/schema.org\",\"@graph\":[{\"@type\":\"WebPage\",\"@id\":\"https:\\\/\\\/www.bareoaks.ca\\\/family-weekend\\\/\",\"url\":\"https:\\\/\\\/www.bareoaks.ca\\\/family-weekend\\\/\",\"name\":\"Family Weekend &#8226; Bare Oaks Family Naturist Park\",\"isPartOf\":{\"@id\":\"https:\\\/\\\/www.bareoaks.ca\\\/#website\"},\"primaryImageOfPage\":{\"@id\":\"https:\\\/\\\/www.bareoaks.ca\\\/family-weekend\\\/#primaryimage\"},\"image\":{\"@id\":\"https:\\\/\\\/www.bareoaks.ca\\\/family-weekend\\\/#primaryimage\"},\"thumbnailUrl\":\"https:\\\/\\\/www.bareoaks.ca\\\/wp-content\\\/uploads\\\/2019\\\/03\\\/family-banner.jpg\",\"datePublished\":\"2012-05-16T21:52:09+00:00\",\"dateModified\":\"2025-07-13T14:58:34+00:00\",\"description\":\"Family Weekend at Bare Oaks Family Naturist Park.\",\"breadcrumb\":{\"@id\":\"https:\\\/\\\/www.bareoaks.ca\\\/family-weekend\\\/#breadcrumb\"},\"inLanguage\":\"fr-CA\",\"potentialAction\":[{\"@type\":\"ReadAction\",\"target\":[\"https:\\\/\\\/www.bareoaks.ca\\\/family-weekend\\\/\"]}]},{\"@type\":\"ImageObject\",\"inLanguage\":\"fr-CA\",\"@id\":\"https:\\\/\\\/www.bareoaks.ca\\\/family-weekend\\\/#primaryimage\",\"url\":\"https:\\\/\\\/www.bareoaks.ca\\\/wp-content\\\/uploads\\\/2019\\\/03\\\/family-banner.jpg\",\"contentUrl\":\"https:\\\/\\\/www.bareoaks.ca\\\/wp-content\\\/uploads\\\/2019\\\/03\\\/family-banner.jpg\"},{\"@type\":\"BreadcrumbList\",\"@id\":\"https:\\\/\\\/www.bareoaks.ca\\\/family-weekend\\\/#breadcrumb\",\"itemListElement\":[{\"@type\":\"ListItem\",\"position\":1,\"name\":\"Home\",\"item\":\"https:\\\/\\\/www.bareoaks.ca\\\/\"},{\"@type\":\"ListItem\",\"position\":2,\"name\":\"Family Weekend\"}]},{\"@type\":\"WebSite\",\"@id\":\"https:\\\/\\\/www.bareoaks.ca\\\/#website\",\"url\":\"https:\\\/\\\/www.bareoaks.ca\\\/\",\"name\":\"Bare Oaks Family Naturist Park\",\"description\":\"Traditional naturist values in a modern setting\",\"publisher\":{\"@id\":\"https:\\\/\\\/www.bareoaks.ca\\\/#organization\"},\"potentialAction\":[{\"@type\":\"SearchAction\",\"target\":{\"@type\":\"EntryPoint\",\"urlTemplate\":\"https:\\\/\\\/www.bareoaks.ca\\\/?s={search_term_string}\"},\"query-input\":{\"@type\":\"PropertyValueSpecification\",\"valueRequired\":true,\"valueName\":\"search_term_string\"}}],\"inLanguage\":\"fr-CA\"},{\"@type\":\"Organization\",\"@id\":\"https:\\\/\\\/www.bareoaks.ca\\\/#organization\",\"name\":\"Bare Oaks Family Naturist Park\",\"url\":\"https:\\\/\\\/www.bareoaks.ca\\\/\",\"logo\":{\"@type\":\"ImageObject\",\"inLanguage\":\"fr-CA\",\"@id\":\"https:\\\/\\\/www.bareoaks.ca\\\/#\\\/schema\\\/logo\\\/image\\\/\",\"url\":\"https:\\\/\\\/www.bareoaks.ca\\\/wp-content\\\/uploads\\\/2025\\\/07\\\/BareOaksLogo_website.png\",\"contentUrl\":\"https:\\\/\\\/www.bareoaks.ca\\\/wp-content\\\/uploads\\\/2025\\\/07\\\/BareOaksLogo_website.png\",\"width\":250,\"height\":132,\"caption\":\"Bare Oaks Family Naturist Park\"},\"image\":{\"@id\":\"https:\\\/\\\/www.bareoaks.ca\\\/#\\\/schema\\\/logo\\\/image\\\/\"},\"sameAs\":[\"https:\\\/\\\/www.facebook.com\\\/BareOaksPark\",\"https:\\\/\\\/x.com\\\/BareOaksPark\",\"https:\\\/\\\/www.instagram.com\\\/bareoaks\\\/\",\"http:\\\/\\\/www.linkedin.com\\\/company\\\/bare-oaks-family-naturist-park\",\"https:\\\/\\\/www.youtube.com\\\/user\\\/BareOaks\",\"https:\\\/\\\/en.wikipedia.org\\\/wiki\\\/Bare_Oaks_Family_Naturist_Park\"]}]}<\/script>\n<!-- \/ Yoast SEO plugin. -->","yoast_head_json":{"title":"Week-end en famille - Parc naturiste familial de Bare Oaks","description":"Week-end en famille au parc naturiste familial de Bare Oaks.","robots":{"index":"index","follow":"follow","max-snippet":"max-snippet:-1","max-image-preview":"max-image-preview:large","max-video-preview":"max-video-preview:-1"},"canonical":"https:\/\/www.bareoaks.ca\/fr\/family-weekend\/","og_locale":"fr_CA","og_type":"article","og_title":"Family Weekend &#8226; Bare Oaks Family Naturist Park","og_description":"Family Weekend at Bare Oaks Family Naturist Park.","og_url":"https:\/\/www.bareoaks.ca\/fr\/family-weekend\/","og_site_name":"Bare Oaks Family Naturist Park","article_publisher":"https:\/\/www.facebook.com\/BareOaksPark","article_modified_time":"2025-07-13T14:58:34+00:00","og_image":[{"width":1040,"height":125,"url":"https:\/\/www.bareoaks.ca\/wp-content\/uploads\/2019\/03\/family-banner.jpg","type":"image\/jpeg"}],"twitter_card":"summary_large_image","twitter_site":"@BareOaksPark","twitter_misc":{"Estimation du temps de lecture":"1 minute"},"schema":{"@context":"https:\/\/schema.org","@graph":[{"@type":"WebPage","@id":"https:\/\/www.bareoaks.ca\/family-weekend\/","url":"https:\/\/www.bareoaks.ca\/family-weekend\/","name":"Week-end en famille - Parc naturiste familial de Bare Oaks","isPartOf":{"@id":"https:\/\/www.bareoaks.ca\/#website"},"primaryImageOfPage":{"@id":"https:\/\/www.bareoaks.ca\/family-weekend\/#primaryimage"},"image":{"@id":"https:\/\/www.bareoaks.ca\/family-weekend\/#primaryimage"},"thumbnailUrl":"https:\/\/www.bareoaks.ca\/wp-content\/uploads\/2019\/03\/family-banner.jpg","datePublished":"2012-05-16T21:52:09+00:00","dateModified":"2025-07-13T14:58:34+00:00","description":"Week-end en famille au parc naturiste familial de Bare Oaks.","breadcrumb":{"@id":"https:\/\/www.bareoaks.ca\/family-weekend\/#breadcrumb"},"inLanguage":"fr-CA","potentialAction":[{"@type":"ReadAction","target":["https:\/\/www.bareoaks.ca\/family-weekend\/"]}]},{"@type":"ImageObject","inLanguage":"fr-CA","@id":"https:\/\/www.bareoaks.ca\/family-weekend\/#primaryimage","url":"https:\/\/www.bareoaks.ca\/wp-content\/uploads\/2019\/03\/family-banner.jpg","contentUrl":"https:\/\/www.bareoaks.ca\/wp-content\/uploads\/2019\/03\/family-banner.jpg"},{"@type":"BreadcrumbList","@id":"https:\/\/www.bareoaks.ca\/family-weekend\/#breadcrumb","itemListElement":[{"@type":"ListItem","position":1,"name":"Home","item":"https:\/\/www.bareoaks.ca\/"},{"@type":"ListItem","position":2,"name":"Family Weekend"}]},{"@type":"WebSite","@id":"https:\/\/www.bareoaks.ca\/#website","url":"https:\/\/www.bareoaks.ca\/","name":"Parc naturiste familial Bare Oaks","description":"Des valeurs naturistes traditionnelles dans un cadre moderne","publisher":{"@id":"https:\/\/www.bareoaks.ca\/#organization"},"potentialAction":[{"@type":"SearchAction","target":{"@type":"EntryPoint","urlTemplate":"https:\/\/www.bareoaks.ca\/?s={search_term_string}"},"query-input":{"@type":"PropertyValueSpecification","valueRequired":true,"valueName":"search_term_string"}}],"inLanguage":"fr-CA"},{"@type":"Organization","@id":"https:\/\/www.bareoaks.ca\/#organization","name":"Parc naturiste familial Bare Oaks","url":"https:\/\/www.bareoaks.ca\/","logo":{"@type":"ImageObject","inLanguage":"fr-CA","@id":"https:\/\/www.bareoaks.ca\/#\/schema\/logo\/image\/","url":"https:\/\/www.bareoaks.ca\/wp-content\/uploads\/2025\/07\/BareOaksLogo_website.png","contentUrl":"https:\/\/www.bareoaks.ca\/wp-content\/uploads\/2025\/07\/BareOaksLogo_website.png","width":250,"height":132,"caption":"Bare Oaks Family Naturist Park"},"image":{"@id":"https:\/\/www.bareoaks.ca\/#\/schema\/logo\/image\/"},"sameAs":["https:\/\/www.facebook.com\/BareOaksPark","https:\/\/x.com\/BareOaksPark","https:\/\/www.instagram.com\/bareoaks\/","http:\/\/www.linkedin.com\/company\/bare-oaks-family-naturist-park","https:\/\/www.youtube.com\/user\/BareOaks","https:\/\/en.wikipedia.org\/wiki\/Bare_Oaks_Family_Naturist_Park"]}]}},"_links":{"self":[{"href":"https:\/\/www.bareoaks.ca\/fr\/wp-json\/wp\/v2\/pages\/73","targetHints":{"allow":["GET"]}}],"collection":[{"href":"https:\/\/www.bareoaks.ca\/fr\/wp-json\/wp\/v2\/pages"}],"about":[{"href":"https:\/\/www.bareoaks.ca\/fr\/wp-json\/wp\/v2\/types\/page"}],"author":[{"embeddable":true,"href":"https:\/\/www.bareoaks.ca\/fr\/wp-json\/wp\/v2\/users\/73"}],"replies":[{"embeddable":true,"href":"https:\/\/www.bareoaks.ca\/fr\/wp-json\/wp\/v2\/comments?post=73"}],"version-history":[{"count":16,"href":"https:\/\/www.bareoaks.ca\/fr\/wp-json\/wp\/v2\/pages\/73\/revisions"}],"predecessor-version":[{"id":80698,"href":"https:\/\/www.bareoaks.ca\/fr\/wp-json\/wp\/v2\/pages\/73\/revisions\/80698"}],"wp:attachment":[{"href":"https:\/\/www.bareoaks.ca\/fr\/wp-json\/wp\/v2\/media?parent=73"}],"curies":[{"name":"wp","href":"https:\/\/api.w.org\/{rel}","templated":true}]}}