{"id":77,"date":"2012-07-17T22:28:23","date_gmt":"2012-07-18T02:28:23","guid":{"rendered":"http:\/\/ww1.bareoaks.ca\/?page_id=77"},"modified":"2022-05-25T10:01:46","modified_gmt":"2022-05-25T14:01:46","slug":"cabins","status":"publish","type":"page","link":"https:\/\/www.bareoaks.ca\/fr\/cabins\/","title":{"rendered":"Location de cabines"},"content":{"rendered":"<p>Nous proposons un certain nombre d'options dans notre <a href=\"\/fr\/accommodations\/\">h\u00e9bergement<\/a>. Campings, chambres d'h\u00f4tes et caravanes\/cabines.<\/p>\n\n\n\n<h2 class=\"wp-block-heading\">Confortable Grand Cabine (1 disponible)<img loading=\"lazy\" decoding=\"async\" class=\"alignleft size-full wp-image-3323\" style=\"margin: 20px; float: left;\" src=\"https:\/\/www.bareoaks.ca\/wp-content\/uploads\/2012\/07\/Accommodations_big-cabin600-2.jpg\" alt=\"Comfortable Grand Cabin\" width=\"300\" height=\"200\" srcset=\"https:\/\/www.bareoaks.ca\/wp-content\/uploads\/2012\/07\/Accommodations_big-cabin600-2.jpg 600w, https:\/\/www.bareoaks.ca\/wp-content\/uploads\/2012\/07\/Accommodations_big-cabin600-2-300x200.jpg 300w\" sizes=\"auto, (max-width: 300px) 100vw, 300px\" \/><\/h2>\n\n\n\n<p>Une chambre \u00e0 coucher avec un lit Queen-size<\/p>\n\n\n\n<p>Salle de bain compl\u00e8te<\/p>\n\n\n\n<p>Cuisine compl\u00e8te avec micro-ondes, cuisini\u00e8re et r\u00e9frig\u00e9rateur<\/p>\n\n\n\n<p>Cafeti\u00e8re \u00e0 dosettes avec fournitures<\/p>\n\n\n\n<p>Terrasse avec table de pique-nique<\/p>\n\n\n\n<p>Chauff\u00e9<\/p>\n\n\n\n<p>Grand salon et salle \u00e0 manger avec canap\u00e9-lit<\/p>\n\n\n\n<p>Vaisselle et ustensiles de base fournis<\/p>\n\n\n\n<p>Draps et serviettes de toilette fournis<\/p>\n\n\n\n<p>Ce qu'il faut apporter avec vous : Serviettes de plage, produits en papier (mouchoirs en papier, essuie-tout), sacs poubelles, savon \u00e0 vaisselle, nourriture, condiments, boissons, articles de toilette (savon, shampoing, etc.), cr\u00e8me solaire et insectifuge, jeux et \u00e9quipement sportif. En fonction de vos projets, vous pouvez \u00e9galement apporter des appareils suppl\u00e9mentaires tels qu'un mixeur ou un batteur.<\/p>\n\n\n\n<p>Voir le <a title=\"Tarifs et prix\" href=\"\/fr\/rates\/\">Page des tarifs<\/a> pour la tarification<\/p>\n\n\n\n<div class=\"wp-block-image is-style-default\"><figure class=\"alignleft is-resized\"><img loading=\"lazy\" decoding=\"async\" src=\"https:\/\/www.bareoaks.ca\/wp-content\/uploads\/2012\/07\/Accommodations_Kitchen.jpg\" alt=\"Kitchen\" class=\"wp-image-3333\" width=\"300\" height=\"224\" srcset=\"https:\/\/www.bareoaks.ca\/wp-content\/uploads\/2012\/07\/Accommodations_Kitchen.jpg 800w, https:\/\/www.bareoaks.ca\/wp-content\/uploads\/2012\/07\/Accommodations_Kitchen-300x224.jpg 300w, https:\/\/www.bareoaks.ca\/wp-content\/uploads\/2012\/07\/Accommodations_Kitchen-768x574.jpg 768w, https:\/\/www.bareoaks.ca\/wp-content\/uploads\/2012\/07\/Accommodations_Kitchen-705x527.jpg 705w\" sizes=\"auto, (max-width: 300px) 100vw, 300px\" \/><\/figure><\/div>\n\n\n\n<div class=\"wp-block-image is-style-default\"><figure class=\"alignleft is-resized\"><img loading=\"lazy\" decoding=\"async\" src=\"https:\/\/www.bareoaks.ca\/wp-content\/uploads\/2012\/07\/Accommodations_Living-Room.jpg\" alt=\"Living Room\" class=\"wp-image-3343\" width=\"300\" height=\"224\" srcset=\"https:\/\/www.bareoaks.ca\/wp-content\/uploads\/2012\/07\/Accommodations_Living-Room.jpg 800w, https:\/\/www.bareoaks.ca\/wp-content\/uploads\/2012\/07\/Accommodations_Living-Room-300x224.jpg 300w, https:\/\/www.bareoaks.ca\/wp-content\/uploads\/2012\/07\/Accommodations_Living-Room-768x574.jpg 768w, https:\/\/www.bareoaks.ca\/wp-content\/uploads\/2012\/07\/Accommodations_Living-Room-705x527.jpg 705w\" sizes=\"auto, (max-width: 300px) 100vw, 300px\" \/><\/figure><\/div>\n\n\n\n<div class=\"wp-block-image is-style-default\"><figure class=\"alignleft is-resized\"><img loading=\"lazy\" decoding=\"async\" src=\"https:\/\/www.bareoaks.ca\/wp-content\/uploads\/2012\/07\/Accommodations_grand-cabin-floor-plan.jpg\" alt=\"Grand Cabin floor plan\" class=\"wp-image-3353\" width=\"500\" height=\"183\" srcset=\"https:\/\/www.bareoaks.ca\/wp-content\/uploads\/2012\/07\/Accommodations_grand-cabin-floor-plan.jpg 1556w, https:\/\/www.bareoaks.ca\/wp-content\/uploads\/2012\/07\/Accommodations_grand-cabin-floor-plan-300x110.jpg 300w, https:\/\/www.bareoaks.ca\/wp-content\/uploads\/2012\/07\/Accommodations_grand-cabin-floor-plan-768x281.jpg 768w, https:\/\/www.bareoaks.ca\/wp-content\/uploads\/2012\/07\/Accommodations_grand-cabin-floor-plan-1024x374.jpg 1024w, https:\/\/www.bareoaks.ca\/wp-content\/uploads\/2012\/07\/Accommodations_grand-cabin-floor-plan-705x258.jpg 705w\" sizes=\"auto, (max-width: 500px) 100vw, 500px\" \/><\/figure><\/div>\n\n\n\n<hr>\n\n\n\n<h2 class=\"wp-block-heading\" id=\"cozy\">Cabine de camping confortable (4 disponibles)<img loading=\"lazy\" decoding=\"async\" class=\"alignleft size-full wp-image-3363\" style=\"margin: 20px; float: left;\" src=\"https:\/\/www.bareoaks.ca\/wp-content\/uploads\/2012\/07\/Accommodations_cozy-cabin600-5.jpg\" alt=\"Cozy Camp Cabin outside\" width=\"300\" height=\"215\" srcset=\"https:\/\/www.bareoaks.ca\/wp-content\/uploads\/2012\/07\/Accommodations_cozy-cabin600-5.jpg 600w, https:\/\/www.bareoaks.ca\/wp-content\/uploads\/2012\/07\/Accommodations_cozy-cabin600-5-300x215.jpg 300w\" sizes=\"auto, (max-width: 300px) 100vw, 300px\" \/><\/h2>\n\n\n\n<p>6 personnes peuvent dormir dans 2 ensembles de couchettes. Une couchette double en bas et une couchette simple en haut.<\/p>\n\n\n\n<p>BBQ et table de pique-nique<\/p>\n\n\n\n<p>Kitchennette avec micro-ondes, petit r\u00e9frig\u00e9rateur<\/p>\n\n\n\n<p>Cafeti\u00e8re \u00e0 dosettes avec fournitures<\/p>\n\n\n\n<p>Chauffage \u00e0 air puls\u00e9<\/p>\n\n\n\n<p>Vaisselle et ustensiles de base fournis<\/p>\n\n\n\n<p>Draps et serviettes de toilette fournis<\/p>\n\n\n\n<p>Ce qu'il faut apporter avec vous : Serviettes de plage, produits en papier (mouchoirs en papier, essuie-tout), sacs poubelles, savon \u00e0 vaisselle, nourriture, condiments, boissons, articles de toilette (savon, shampoing, etc.), cr\u00e8me solaire et insectifuge, jeux et \u00e9quipement sportif. En fonction de vos projets, vous pouvez \u00e9galement apporter des appareils suppl\u00e9mentaires tels qu'un mixeur ou un batteur.<\/p>\n\n\n\n<p>Voir le <a title=\"Tarifs et prix\" href=\"\/fr\/rates\/\">Page des tarifs<\/a> pour la tarification<\/p>\n\n\n\n<div class=\"wp-block-image is-style-default\"><figure class=\"alignleft is-resized\"><img loading=\"lazy\" decoding=\"async\" src=\"https:\/\/www.bareoaks.ca\/wp-content\/uploads\/2012\/07\/Accommodations_cozy-cabin600-1.jpg\" alt=\"Cozy Camp Cabin\" class=\"wp-image-3373\" width=\"300\" height=\"200\" srcset=\"https:\/\/www.bareoaks.ca\/wp-content\/uploads\/2012\/07\/Accommodations_cozy-cabin600-1.jpg 600w, https:\/\/www.bareoaks.ca\/wp-content\/uploads\/2012\/07\/Accommodations_cozy-cabin600-1-300x200.jpg 300w\" sizes=\"auto, (max-width: 300px) 100vw, 300px\" \/><\/figure><\/div>\n\n\n\n<div class=\"wp-block-image is-style-default\"><figure class=\"alignleft is-resized\"><img loading=\"lazy\" decoding=\"async\" src=\"https:\/\/www.bareoaks.ca\/wp-content\/uploads\/2012\/07\/Accommodations_Cabin.gif\" alt=\"Cozy Cabin\" class=\"wp-image-3383\" width=\"300\" height=\"204\"\/><\/figure><\/div>\n\n\n\n<div style=\"height:15px\" aria-hidden=\"true\" class=\"wp-block-spacer\"><\/div>\n\n\n\n<h3 class=\"wp-block-heading\">Visite virtuelle de l'int\u00e9rieur<\/h3>\n\n\n\n<iframe src=\"https:\/\/www.google.com\/maps\/embed?pb=!4v1653487270091!6m8!1m7!1sCAoSLEFGMVFpcE92Nm1CeXlGY0VraDgyWm0zNnk2MU1lWG1KeEU1LV9Nblc4bGNY!2m2!1d44.14910947280083!2d-79.36765366381015!3f358.69!4f-16.189999999999998!5f0.7820865974627469\" width=\"600\" height=\"450\" style=\"border:0;\" allowfullscreen=\"\" loading=\"lazy\" referrerpolicy=\"no-referrer-when-downgrade\"><\/iframe>\n\n\n\n<h3 class=\"wp-block-heading\">Visite virtuelle de l'ext\u00e9rieur<\/h3>\n\n\n\n<iframe src=\"https:\/\/www.google.com\/maps\/embed?pb=!4v1653487015162!6m8!1m7!1sCAoSLEFGMVFpcE5IejFsZXFFeHNjMEtHdm9IbUIySWFhY0lJQXE4R0tZWHJWeUND!2m2!1d44.14910255689499!2d-79.36767987906933!3f358.69!4f-16.189999999999998!5f0.7820865974627469\" width=\"600\" height=\"450\" style=\"border:0;\" allowfullscreen=\"\" loading=\"lazy\" referrerpolicy=\"no-referrer-when-downgrade\"><\/iframe>","protected":false},"excerpt":{"rendered":"<p>Nous proposons un certain nombre d'options d'h\u00e9bergement. Campings, chambres d'h\u00f4tes et ces roulottes\/cabines. Confortable Grand Cabin (1 disponible) Une chambre \u00e0 coucher avec lit Queen-size Salle de bain compl\u00e8te Cuisine compl\u00e8te avec micro-ondes, cuisini\u00e8re et r\u00e9frig\u00e9rateur Cafeti\u00e8re \u00e0 dos avec fournitures Terrasse avec table de pique-nique Chauff\u00e9e Grand salon et salle \u00e0 manger avec canap\u00e9-lit Vaisselle et ustensiles de base fournis Linge de lit et serviettes de toilette fournis Ce qu'il faut apporter avec vous : Serviettes de plage, produits en papier (mouchoirs en papier, serviettes en papier), sacs poubelles, savon \u00e0 vaisselle, nourriture, condiments, boissons, articles de toilette (savon, shampoing, etc.), cr\u00e8me solaire et insectifuge, jeux et \u00e9quipement sportif. En fonction de vos projets, vous voudrez peut-\u00eatre aussi<a class=\"more-link\" href=\"https:\/\/www.bareoaks.ca\/fr\/cabins\/\">Lire la suite \u2192<\/a><\/p>","protected":false},"author":73,"featured_media":0,"parent":0,"menu_order":3,"comment_status":"closed","ping_status":"closed","template":"","meta":{"_themeisle_gutenberg_block_has_review":false,"footnotes":""},"class_list":["entry","author-sdeschenes","post-77","page","type-page","status-publish"],"yoast_head":"<!-- This site is optimized with the Yoast SEO plugin v27.5 - https:\/\/yoast.com\/product\/yoast-seo-wordpress\/ -->\n<title>Rental Cabins &#8226; Bare Oaks Family Naturist Park<\/title>\n<meta name=\"description\" content=\"Rental cabins and trailers at Bare Oaks Family Naturist Park\" \/>\n<meta name=\"robots\" content=\"index, follow, max-snippet:-1, max-image-preview:large, max-video-preview:-1\" \/>\n<link rel=\"canonical\" href=\"https:\/\/www.bareoaks.ca\/fr\/cabins\/\" \/>\n<meta property=\"og:locale\" content=\"fr_CA\" \/>\n<meta property=\"og:type\" content=\"article\" \/>\n<meta property=\"og:title\" content=\"Rental Cabins &#8226; Bare Oaks Family Naturist Park\" \/>\n<meta property=\"og:description\" content=\"Rental cabins and trailers at Bare Oaks Family Naturist Park\" \/>\n<meta property=\"og:url\" content=\"https:\/\/www.bareoaks.ca\/fr\/cabins\/\" \/>\n<meta property=\"og:site_name\" content=\"Bare Oaks Family Naturist Park\" \/>\n<meta property=\"article:publisher\" content=\"https:\/\/www.facebook.com\/BareOaksPark\" \/>\n<meta property=\"article:modified_time\" content=\"2022-05-25T14:01:46+00:00\" \/>\n<meta property=\"og:image\" content=\"https:\/\/www.bareoaks.ca\/wp-content\/uploads\/2012\/07\/Accommodations_big-cabin600-2.jpg\" \/>\n<meta name=\"twitter:card\" content=\"summary_large_image\" \/>\n<meta name=\"twitter:site\" content=\"@BareOaksPark\" \/>\n<meta name=\"twitter:label1\" content=\"Estimation du temps de lecture\" \/>\n\t<meta name=\"twitter:data1\" content=\"3 minutes\" \/>\n<script type=\"application\/ld+json\" class=\"yoast-schema-graph\">{\"@context\":\"https:\\\/\\\/schema.org\",\"@graph\":[{\"@type\":\"WebPage\",\"@id\":\"https:\\\/\\\/www.bareoaks.ca\\\/cabins\\\/\",\"url\":\"https:\\\/\\\/www.bareoaks.ca\\\/cabins\\\/\",\"name\":\"Rental Cabins &#8226; Bare Oaks Family Naturist Park\",\"isPartOf\":{\"@id\":\"https:\\\/\\\/www.bareoaks.ca\\\/#website\"},\"primaryImageOfPage\":{\"@id\":\"https:\\\/\\\/www.bareoaks.ca\\\/cabins\\\/#primaryimage\"},\"image\":{\"@id\":\"https:\\\/\\\/www.bareoaks.ca\\\/cabins\\\/#primaryimage\"},\"thumbnailUrl\":\"https:\\\/\\\/www.bareoaks.ca\\\/wp-content\\\/uploads\\\/2012\\\/07\\\/Accommodations_big-cabin600-2.jpg\",\"datePublished\":\"2012-07-18T02:28:23+00:00\",\"dateModified\":\"2022-05-25T14:01:46+00:00\",\"description\":\"Rental cabins and trailers at Bare Oaks Family Naturist Park\",\"breadcrumb\":{\"@id\":\"https:\\\/\\\/www.bareoaks.ca\\\/cabins\\\/#breadcrumb\"},\"inLanguage\":\"fr-CA\",\"potentialAction\":[{\"@type\":\"ReadAction\",\"target\":[\"https:\\\/\\\/www.bareoaks.ca\\\/cabins\\\/\"]}]},{\"@type\":\"ImageObject\",\"inLanguage\":\"fr-CA\",\"@id\":\"https:\\\/\\\/www.bareoaks.ca\\\/cabins\\\/#primaryimage\",\"url\":\"https:\\\/\\\/www.bareoaks.ca\\\/wp-content\\\/uploads\\\/2012\\\/07\\\/Accommodations_big-cabin600-2.jpg\",\"contentUrl\":\"https:\\\/\\\/www.bareoaks.ca\\\/wp-content\\\/uploads\\\/2012\\\/07\\\/Accommodations_big-cabin600-2.jpg\"},{\"@type\":\"BreadcrumbList\",\"@id\":\"https:\\\/\\\/www.bareoaks.ca\\\/cabins\\\/#breadcrumb\",\"itemListElement\":[{\"@type\":\"ListItem\",\"position\":1,\"name\":\"Home\",\"item\":\"https:\\\/\\\/www.bareoaks.ca\\\/\"},{\"@type\":\"ListItem\",\"position\":2,\"name\":\"Rental Cabins\"}]},{\"@type\":\"WebSite\",\"@id\":\"https:\\\/\\\/www.bareoaks.ca\\\/#website\",\"url\":\"https:\\\/\\\/www.bareoaks.ca\\\/\",\"name\":\"Bare Oaks Family Naturist Park\",\"description\":\"Traditional naturist values in a modern setting\",\"publisher\":{\"@id\":\"https:\\\/\\\/www.bareoaks.ca\\\/#organization\"},\"potentialAction\":[{\"@type\":\"SearchAction\",\"target\":{\"@type\":\"EntryPoint\",\"urlTemplate\":\"https:\\\/\\\/www.bareoaks.ca\\\/?s={search_term_string}\"},\"query-input\":{\"@type\":\"PropertyValueSpecification\",\"valueRequired\":true,\"valueName\":\"search_term_string\"}}],\"inLanguage\":\"fr-CA\"},{\"@type\":\"Organization\",\"@id\":\"https:\\\/\\\/www.bareoaks.ca\\\/#organization\",\"name\":\"Bare Oaks Family Naturist Park\",\"url\":\"https:\\\/\\\/www.bareoaks.ca\\\/\",\"logo\":{\"@type\":\"ImageObject\",\"inLanguage\":\"fr-CA\",\"@id\":\"https:\\\/\\\/www.bareoaks.ca\\\/#\\\/schema\\\/logo\\\/image\\\/\",\"url\":\"https:\\\/\\\/www.bareoaks.ca\\\/wp-content\\\/uploads\\\/2025\\\/07\\\/BareOaksLogo_website.png\",\"contentUrl\":\"https:\\\/\\\/www.bareoaks.ca\\\/wp-content\\\/uploads\\\/2025\\\/07\\\/BareOaksLogo_website.png\",\"width\":250,\"height\":132,\"caption\":\"Bare Oaks Family Naturist Park\"},\"image\":{\"@id\":\"https:\\\/\\\/www.bareoaks.ca\\\/#\\\/schema\\\/logo\\\/image\\\/\"},\"sameAs\":[\"https:\\\/\\\/www.facebook.com\\\/BareOaksPark\",\"https:\\\/\\\/x.com\\\/BareOaksPark\",\"https:\\\/\\\/www.instagram.com\\\/bareoaks\\\/\",\"http:\\\/\\\/www.linkedin.com\\\/company\\\/bare-oaks-family-naturist-park\",\"https:\\\/\\\/www.youtube.com\\\/user\\\/BareOaks\",\"https:\\\/\\\/en.wikipedia.org\\\/wiki\\\/Bare_Oaks_Family_Naturist_Park\"]}]}<\/script>\n<!-- \/ Yoast SEO plugin. -->","yoast_head_json":{"title":"Location de cabines - Bare Oaks Family Naturist Park","description":"Location de cabines et de caravanes au Bare Oaks Family Naturist Park","robots":{"index":"index","follow":"follow","max-snippet":"max-snippet:-1","max-image-preview":"max-image-preview:large","max-video-preview":"max-video-preview:-1"},"canonical":"https:\/\/www.bareoaks.ca\/fr\/cabins\/","og_locale":"fr_CA","og_type":"article","og_title":"Rental Cabins &#8226; Bare Oaks Family Naturist Park","og_description":"Rental cabins and trailers at Bare Oaks Family Naturist Park","og_url":"https:\/\/www.bareoaks.ca\/fr\/cabins\/","og_site_name":"Bare Oaks Family Naturist Park","article_publisher":"https:\/\/www.facebook.com\/BareOaksPark","article_modified_time":"2022-05-25T14:01:46+00:00","og_image":[{"url":"https:\/\/www.bareoaks.ca\/wp-content\/uploads\/2012\/07\/Accommodations_big-cabin600-2.jpg","type":"","width":"","height":""}],"twitter_card":"summary_large_image","twitter_site":"@BareOaksPark","twitter_misc":{"Estimation du temps de lecture":"3 minutes"},"schema":{"@context":"https:\/\/schema.org","@graph":[{"@type":"WebPage","@id":"https:\/\/www.bareoaks.ca\/cabins\/","url":"https:\/\/www.bareoaks.ca\/cabins\/","name":"Location de cabines - Bare Oaks Family Naturist Park","isPartOf":{"@id":"https:\/\/www.bareoaks.ca\/#website"},"primaryImageOfPage":{"@id":"https:\/\/www.bareoaks.ca\/cabins\/#primaryimage"},"image":{"@id":"https:\/\/www.bareoaks.ca\/cabins\/#primaryimage"},"thumbnailUrl":"https:\/\/www.bareoaks.ca\/wp-content\/uploads\/2012\/07\/Accommodations_big-cabin600-2.jpg","datePublished":"2012-07-18T02:28:23+00:00","dateModified":"2022-05-25T14:01:46+00:00","description":"Location de cabines et de caravanes au Bare Oaks Family Naturist Park","breadcrumb":{"@id":"https:\/\/www.bareoaks.ca\/cabins\/#breadcrumb"},"inLanguage":"fr-CA","potentialAction":[{"@type":"ReadAction","target":["https:\/\/www.bareoaks.ca\/cabins\/"]}]},{"@type":"ImageObject","inLanguage":"fr-CA","@id":"https:\/\/www.bareoaks.ca\/cabins\/#primaryimage","url":"https:\/\/www.bareoaks.ca\/wp-content\/uploads\/2012\/07\/Accommodations_big-cabin600-2.jpg","contentUrl":"https:\/\/www.bareoaks.ca\/wp-content\/uploads\/2012\/07\/Accommodations_big-cabin600-2.jpg"},{"@type":"BreadcrumbList","@id":"https:\/\/www.bareoaks.ca\/cabins\/#breadcrumb","itemListElement":[{"@type":"ListItem","position":1,"name":"Home","item":"https:\/\/www.bareoaks.ca\/"},{"@type":"ListItem","position":2,"name":"Rental Cabins"}]},{"@type":"WebSite","@id":"https:\/\/www.bareoaks.ca\/#website","url":"https:\/\/www.bareoaks.ca\/","name":"Parc naturiste familial Bare Oaks","description":"Des valeurs naturistes traditionnelles dans un cadre moderne","publisher":{"@id":"https:\/\/www.bareoaks.ca\/#organization"},"potentialAction":[{"@type":"SearchAction","target":{"@type":"EntryPoint","urlTemplate":"https:\/\/www.bareoaks.ca\/?s={search_term_string}"},"query-input":{"@type":"PropertyValueSpecification","valueRequired":true,"valueName":"search_term_string"}}],"inLanguage":"fr-CA"},{"@type":"Organization","@id":"https:\/\/www.bareoaks.ca\/#organization","name":"Parc naturiste familial Bare Oaks","url":"https:\/\/www.bareoaks.ca\/","logo":{"@type":"ImageObject","inLanguage":"fr-CA","@id":"https:\/\/www.bareoaks.ca\/#\/schema\/logo\/image\/","url":"https:\/\/www.bareoaks.ca\/wp-content\/uploads\/2025\/07\/BareOaksLogo_website.png","contentUrl":"https:\/\/www.bareoaks.ca\/wp-content\/uploads\/2025\/07\/BareOaksLogo_website.png","width":250,"height":132,"caption":"Bare Oaks Family Naturist Park"},"image":{"@id":"https:\/\/www.bareoaks.ca\/#\/schema\/logo\/image\/"},"sameAs":["https:\/\/www.facebook.com\/BareOaksPark","https:\/\/x.com\/BareOaksPark","https:\/\/www.instagram.com\/bareoaks\/","http:\/\/www.linkedin.com\/company\/bare-oaks-family-naturist-park","https:\/\/www.youtube.com\/user\/BareOaks","https:\/\/en.wikipedia.org\/wiki\/Bare_Oaks_Family_Naturist_Park"]}]}},"_links":{"self":[{"href":"https:\/\/www.bareoaks.ca\/fr\/wp-json\/wp\/v2\/pages\/77","targetHints":{"allow":["GET"]}}],"collection":[{"href":"https:\/\/www.bareoaks.ca\/fr\/wp-json\/wp\/v2\/pages"}],"about":[{"href":"https:\/\/www.bareoaks.ca\/fr\/wp-json\/wp\/v2\/types\/page"}],"author":[{"embeddable":true,"href":"https:\/\/www.bareoaks.ca\/fr\/wp-json\/wp\/v2\/users\/73"}],"replies":[{"embeddable":true,"href":"https:\/\/www.bareoaks.ca\/fr\/wp-json\/wp\/v2\/comments?post=77"}],"version-history":[{"count":6,"href":"https:\/\/www.bareoaks.ca\/fr\/wp-json\/wp\/v2\/pages\/77\/revisions"}],"predecessor-version":[{"id":74927,"href":"https:\/\/www.bareoaks.ca\/fr\/wp-json\/wp\/v2\/pages\/77\/revisions\/74927"}],"wp:attachment":[{"href":"https:\/\/www.bareoaks.ca\/fr\/wp-json\/wp\/v2\/media?parent=77"}],"curies":[{"name":"wp","href":"https:\/\/api.w.org\/{rel}","templated":true}]}}