{"id":77937,"date":"2023-07-21T12:38:55","date_gmt":"2023-07-21T16:38:55","guid":{"rendered":"https:\/\/www.bareoaks.ca\/?page_id=77937"},"modified":"2023-07-21T12:38:55","modified_gmt":"2023-07-21T16:38:55","slug":"timeless-story-topics","status":"publish","type":"page","link":"https:\/\/www.bareoaks.ca\/fr\/timeless-story-topics\/","title":{"rendered":"Sujets d'histoires intemporelles"},"content":{"rendered":"<p>Quelques id\u00e9es d'histoires g\u00e9n\u00e9rales :<\/p>\n<ul>\n<li>La psychologie du naturisme - pourquoi les gens le pratiquent. - Estime de soi, acceptation du corps, \u00e9galit\u00e9, phobie de la nudit\u00e9<\/li>\n<li>Sant\u00e9 physique et mentale gr\u00e2ce au naturisme<\/li>\n<li>Le naturisme - une autre fa\u00e7on d'\u00e9lever une famille<\/li>\n<li>Travailler dans un environnement naturiste (oui, le personnel de Bare Oaks travaille nu)<\/li>\n<li>Naturisme - acceptation du corps et destruction du mythe de la beaut\u00e9.<\/li>\n<li>L'histoire d'une personne ou d'un couple qui \u00e9tudie et essaie le naturisme pour la premi\u00e8re fois. (ce pourrait \u00eatre vous ou nous pourrions en trouver un)<\/li>\n<li>Naturisme - se rapprocher de la nature<\/li>\n<li>Des vacances naturistes<\/li>\n<li>Voyages naturistes autour du monde<\/li>\n<li>L'histoire du naturisme<\/li>\n<li>Naturisme, nudisme, gymnosophie... quelle est la diff\u00e9rence ?<\/li>\n<li>Comment d\u00e9buter dans le naturisme<\/li>\n<li>D\u00e9mystifier le naturisme (il s'agit de parler des id\u00e9es fausses)<\/li>\n<li>Nudit\u00e9 et loi<\/li>\n<li>Nudit\u00e9 et sexualit\u00e9<\/li>\n<li>Nudit\u00e9 et interaction sociale<\/li>\n<li>Nudit\u00e9 et religion<\/li>\n<li>La nudit\u00e9 comme outil de protestation<\/li>\n<li>Pourquoi sommes-nous si fascin\u00e9s par la nudit\u00e9 alors qu'on nous dit qu'il ne faut pas la regarder ?<\/li>\n<\/ul>","protected":false},"excerpt":{"rendered":"<p>Quelques id\u00e9es d'histoires g\u00e9n\u00e9rales : La psychologie du naturisme - pourquoi les gens le pratiquent. - L'estime de soi, l'acceptation du corps, l'\u00e9galit\u00e9, la phobie de la nudit\u00e9 La sant\u00e9 physique et mentale gr\u00e2ce au naturisme Le naturisme - une fa\u00e7on alternative d'\u00e9lever une famille Le travail dans un environnement naturiste (oui, le personnel de Bare Oaks travaille nu) Le naturisme - l'acceptation du corps et la destruction du mythe de la beaut\u00e9. L'histoire d'une personne ou d'un couple qui \u00e9tudie et essaie le naturisme pour la premi\u00e8re fois. (ce pourrait \u00eatre vous ou nous pourrions en trouver un) Le naturisme - se rapprocher de la nature Des vacances naturistes Des voyages naturistes autour du monde L'histoire du naturisme Naturisme, nudisme, gymnosophie... qu'est-ce que c'est que le naturisme ?<a class=\"more-link\" href=\"https:\/\/www.bareoaks.ca\/fr\/timeless-story-topics\/\">Lire la suite \u2192<\/a><\/p>","protected":false},"author":73,"featured_media":0,"parent":0,"menu_order":0,"comment_status":"closed","ping_status":"closed","template":"","meta":{"_themeisle_gutenberg_block_has_review":false,"footnotes":""},"class_list":["entry","author-sdeschenes","post-77937","page","type-page","status-publish"],"yoast_head":"<!-- This site is optimized with the Yoast SEO plugin v27.4 - https:\/\/yoast.com\/product\/yoast-seo-wordpress\/ -->\n<title>Timeless Story Topics &#8226; Bare Oaks Family Naturist Park<\/title>\n<meta name=\"robots\" content=\"index, follow, max-snippet:-1, max-image-preview:large, max-video-preview:-1\" \/>\n<link rel=\"canonical\" href=\"https:\/\/www.bareoaks.ca\/fr\/timeless-story-topics\/\" \/>\n<meta property=\"og:locale\" content=\"fr_CA\" \/>\n<meta property=\"og:type\" content=\"article\" \/>\n<meta property=\"og:title\" content=\"Timeless Story Topics &#8226; Bare Oaks Family Naturist Park\" \/>\n<meta property=\"og:description\" content=\"Some general story ideas: The psychology of naturism &#8211; why people do it. &#8211; Self-Esteem, Body Acceptance, Equality, Nudity Phobia Physical and Mental Health through Naturism Naturism &#8211; an alternative way to raise a family Working in a naturist environment (yes, the Bare Oaks staff works nude) Naturism &#8211; body acceptance and the destruction of the beauty myth. The story of a person or couple investigating and trying naturism for the first time. (it could be you or we could find one) Naturism &#8211; getting closer to nature A naturist vacation Naturist travel around the world The history of naturism Naturism, nudism, gymnosophy\u2026 what\u2019s theRead More &rarr;\" \/>\n<meta property=\"og:url\" content=\"https:\/\/www.bareoaks.ca\/fr\/timeless-story-topics\/\" \/>\n<meta property=\"og:site_name\" content=\"Bare Oaks Family Naturist Park\" \/>\n<meta property=\"article:publisher\" content=\"https:\/\/www.facebook.com\/BareOaksPark\" \/>\n<meta name=\"twitter:card\" content=\"summary_large_image\" \/>\n<meta name=\"twitter:site\" content=\"@BareOaksPark\" \/>\n<meta name=\"twitter:label1\" content=\"Estimation du temps de lecture\" \/>\n\t<meta name=\"twitter:data1\" content=\"1 minute\" \/>\n<script type=\"application\/ld+json\" class=\"yoast-schema-graph\">{\"@context\":\"https:\\\/\\\/schema.org\",\"@graph\":[{\"@type\":\"WebPage\",\"@id\":\"https:\\\/\\\/www.bareoaks.ca\\\/timeless-story-topics\\\/\",\"url\":\"https:\\\/\\\/www.bareoaks.ca\\\/timeless-story-topics\\\/\",\"name\":\"Timeless Story Topics &#8226; Bare Oaks Family Naturist Park\",\"isPartOf\":{\"@id\":\"https:\\\/\\\/www.bareoaks.ca\\\/#website\"},\"datePublished\":\"2023-07-21T16:38:55+00:00\",\"breadcrumb\":{\"@id\":\"https:\\\/\\\/www.bareoaks.ca\\\/timeless-story-topics\\\/#breadcrumb\"},\"inLanguage\":\"fr-CA\",\"potentialAction\":[{\"@type\":\"ReadAction\",\"target\":[\"https:\\\/\\\/www.bareoaks.ca\\\/timeless-story-topics\\\/\"]}]},{\"@type\":\"BreadcrumbList\",\"@id\":\"https:\\\/\\\/www.bareoaks.ca\\\/timeless-story-topics\\\/#breadcrumb\",\"itemListElement\":[{\"@type\":\"ListItem\",\"position\":1,\"name\":\"Home\",\"item\":\"https:\\\/\\\/www.bareoaks.ca\\\/\"},{\"@type\":\"ListItem\",\"position\":2,\"name\":\"Timeless Story Topics\"}]},{\"@type\":\"WebSite\",\"@id\":\"https:\\\/\\\/www.bareoaks.ca\\\/#website\",\"url\":\"https:\\\/\\\/www.bareoaks.ca\\\/\",\"name\":\"Bare Oaks Family Naturist Park\",\"description\":\"Traditional naturist values in a modern setting\",\"publisher\":{\"@id\":\"https:\\\/\\\/www.bareoaks.ca\\\/#organization\"},\"potentialAction\":[{\"@type\":\"SearchAction\",\"target\":{\"@type\":\"EntryPoint\",\"urlTemplate\":\"https:\\\/\\\/www.bareoaks.ca\\\/?s={search_term_string}\"},\"query-input\":{\"@type\":\"PropertyValueSpecification\",\"valueRequired\":true,\"valueName\":\"search_term_string\"}}],\"inLanguage\":\"fr-CA\"},{\"@type\":\"Organization\",\"@id\":\"https:\\\/\\\/www.bareoaks.ca\\\/#organization\",\"name\":\"Bare Oaks Family Naturist Park\",\"url\":\"https:\\\/\\\/www.bareoaks.ca\\\/\",\"logo\":{\"@type\":\"ImageObject\",\"inLanguage\":\"fr-CA\",\"@id\":\"https:\\\/\\\/www.bareoaks.ca\\\/#\\\/schema\\\/logo\\\/image\\\/\",\"url\":\"https:\\\/\\\/www.bareoaks.ca\\\/wp-content\\\/uploads\\\/2025\\\/07\\\/BareOaksLogo_website.png\",\"contentUrl\":\"https:\\\/\\\/www.bareoaks.ca\\\/wp-content\\\/uploads\\\/2025\\\/07\\\/BareOaksLogo_website.png\",\"width\":250,\"height\":132,\"caption\":\"Bare Oaks Family Naturist Park\"},\"image\":{\"@id\":\"https:\\\/\\\/www.bareoaks.ca\\\/#\\\/schema\\\/logo\\\/image\\\/\"},\"sameAs\":[\"https:\\\/\\\/www.facebook.com\\\/BareOaksPark\",\"https:\\\/\\\/x.com\\\/BareOaksPark\",\"https:\\\/\\\/www.instagram.com\\\/bareoaks\\\/\",\"http:\\\/\\\/www.linkedin.com\\\/company\\\/bare-oaks-family-naturist-park\",\"https:\\\/\\\/www.youtube.com\\\/user\\\/BareOaks\",\"https:\\\/\\\/en.wikipedia.org\\\/wiki\\\/Bare_Oaks_Family_Naturist_Park\"]}]}<\/script>\n<!-- \/ Yoast SEO plugin. -->","yoast_head_json":{"title":"Sujets d'histoires intemporelles - Bare Oaks Family Naturist Park","robots":{"index":"index","follow":"follow","max-snippet":"max-snippet:-1","max-image-preview":"max-image-preview:large","max-video-preview":"max-video-preview:-1"},"canonical":"https:\/\/www.bareoaks.ca\/fr\/timeless-story-topics\/","og_locale":"fr_CA","og_type":"article","og_title":"Timeless Story Topics &#8226; Bare Oaks Family Naturist Park","og_description":"Some general story ideas: The psychology of naturism &#8211; why people do it. &#8211; Self-Esteem, Body Acceptance, Equality, Nudity Phobia Physical and Mental Health through Naturism Naturism &#8211; an alternative way to raise a family Working in a naturist environment (yes, the Bare Oaks staff works nude) Naturism &#8211; body acceptance and the destruction of the beauty myth. The story of a person or couple investigating and trying naturism for the first time. (it could be you or we could find one) Naturism &#8211; getting closer to nature A naturist vacation Naturist travel around the world The history of naturism Naturism, nudism, gymnosophy\u2026 what\u2019s theRead More &rarr;","og_url":"https:\/\/www.bareoaks.ca\/fr\/timeless-story-topics\/","og_site_name":"Bare Oaks Family Naturist Park","article_publisher":"https:\/\/www.facebook.com\/BareOaksPark","twitter_card":"summary_large_image","twitter_site":"@BareOaksPark","twitter_misc":{"Estimation du temps de lecture":"1 minute"},"schema":{"@context":"https:\/\/schema.org","@graph":[{"@type":"WebPage","@id":"https:\/\/www.bareoaks.ca\/timeless-story-topics\/","url":"https:\/\/www.bareoaks.ca\/timeless-story-topics\/","name":"Sujets d'histoires intemporelles - Bare Oaks Family Naturist Park","isPartOf":{"@id":"https:\/\/www.bareoaks.ca\/#website"},"datePublished":"2023-07-21T16:38:55+00:00","breadcrumb":{"@id":"https:\/\/www.bareoaks.ca\/timeless-story-topics\/#breadcrumb"},"inLanguage":"fr-CA","potentialAction":[{"@type":"ReadAction","target":["https:\/\/www.bareoaks.ca\/timeless-story-topics\/"]}]},{"@type":"BreadcrumbList","@id":"https:\/\/www.bareoaks.ca\/timeless-story-topics\/#breadcrumb","itemListElement":[{"@type":"ListItem","position":1,"name":"Home","item":"https:\/\/www.bareoaks.ca\/"},{"@type":"ListItem","position":2,"name":"Timeless Story Topics"}]},{"@type":"WebSite","@id":"https:\/\/www.bareoaks.ca\/#website","url":"https:\/\/www.bareoaks.ca\/","name":"Parc naturiste familial Bare Oaks","description":"Des valeurs naturistes traditionnelles dans un cadre moderne","publisher":{"@id":"https:\/\/www.bareoaks.ca\/#organization"},"potentialAction":[{"@type":"SearchAction","target":{"@type":"EntryPoint","urlTemplate":"https:\/\/www.bareoaks.ca\/?s={search_term_string}"},"query-input":{"@type":"PropertyValueSpecification","valueRequired":true,"valueName":"search_term_string"}}],"inLanguage":"fr-CA"},{"@type":"Organization","@id":"https:\/\/www.bareoaks.ca\/#organization","name":"Parc naturiste familial Bare Oaks","url":"https:\/\/www.bareoaks.ca\/","logo":{"@type":"ImageObject","inLanguage":"fr-CA","@id":"https:\/\/www.bareoaks.ca\/#\/schema\/logo\/image\/","url":"https:\/\/www.bareoaks.ca\/wp-content\/uploads\/2025\/07\/BareOaksLogo_website.png","contentUrl":"https:\/\/www.bareoaks.ca\/wp-content\/uploads\/2025\/07\/BareOaksLogo_website.png","width":250,"height":132,"caption":"Bare Oaks Family Naturist Park"},"image":{"@id":"https:\/\/www.bareoaks.ca\/#\/schema\/logo\/image\/"},"sameAs":["https:\/\/www.facebook.com\/BareOaksPark","https:\/\/x.com\/BareOaksPark","https:\/\/www.instagram.com\/bareoaks\/","http:\/\/www.linkedin.com\/company\/bare-oaks-family-naturist-park","https:\/\/www.youtube.com\/user\/BareOaks","https:\/\/en.wikipedia.org\/wiki\/Bare_Oaks_Family_Naturist_Park"]}]}},"_links":{"self":[{"href":"https:\/\/www.bareoaks.ca\/fr\/wp-json\/wp\/v2\/pages\/77937","targetHints":{"allow":["GET"]}}],"collection":[{"href":"https:\/\/www.bareoaks.ca\/fr\/wp-json\/wp\/v2\/pages"}],"about":[{"href":"https:\/\/www.bareoaks.ca\/fr\/wp-json\/wp\/v2\/types\/page"}],"author":[{"embeddable":true,"href":"https:\/\/www.bareoaks.ca\/fr\/wp-json\/wp\/v2\/users\/73"}],"replies":[{"embeddable":true,"href":"https:\/\/www.bareoaks.ca\/fr\/wp-json\/wp\/v2\/comments?post=77937"}],"version-history":[{"count":1,"href":"https:\/\/www.bareoaks.ca\/fr\/wp-json\/wp\/v2\/pages\/77937\/revisions"}],"predecessor-version":[{"id":77947,"href":"https:\/\/www.bareoaks.ca\/fr\/wp-json\/wp\/v2\/pages\/77937\/revisions\/77947"}],"wp:attachment":[{"href":"https:\/\/www.bareoaks.ca\/fr\/wp-json\/wp\/v2\/media?parent=77937"}],"curies":[{"name":"wp","href":"https:\/\/api.w.org\/{rel}","templated":true}]}}