{"id":80778,"date":"2025-07-21T17:48:32","date_gmt":"2025-07-21T21:48:32","guid":{"rendered":"https:\/\/www.bareoaks.ca\/?page_id=80778"},"modified":"2025-07-21T17:54:30","modified_gmt":"2025-07-21T21:54:30","slug":"family-naturism","status":"publish","type":"page","link":"https:\/\/www.bareoaks.ca\/fr\/family-naturism\/","title":{"rendered":"Naturisme familial"},"content":{"rendered":"<p>Le naturisme est une philosophie qui pr\u00f4ne le respect de soi, des autres et de l'environnement en vivant naturellement et confortablement sans v\u00eatements. Au Bare Oaks Family Naturist Park, ce mode de vie est non seulement encourag\u00e9 mais aussi cultiv\u00e9 dans un environnement familial.<\/p>\n<p>Le naturisme est tr\u00e8s enrichissant lorsqu'il est partag\u00e9 entre plusieurs g\u00e9n\u00e9rations. Les familles qui grandissent ensemble dans un cadre naturiste d\u00e9veloppent des liens plus forts, une estime de soi plus saine et une vision plus ouverte du corps humain. Lorsque tout le monde participe de mani\u00e8re \u00e9gale, quel que soit l'\u00e2ge, les familles b\u00e9n\u00e9ficient d'un sentiment partag\u00e9 d'acceptation et d'authenticit\u00e9.<\/p>\n<p>Nous pensons que le naturisme favorise le bien-\u00eatre \u00e9motionnel et psychologique de tous les membres de la famille. Il encourage la positivit\u00e9 du corps, d\u00e9mant\u00e8le les normes de beaut\u00e9 n\u00e9fastes impos\u00e9es par les m\u00e9dias et promeut des valeurs d'acceptation corporelle non sexualis\u00e9e. Au sein d'une communaut\u00e9 naturiste, les membres de la famille apprennent \u00e0 se comporter les uns envers les autres et envers les autres avec honn\u00eatet\u00e9, \u00e9galit\u00e9 et respect.<\/p>\n<p>Dans le monde d'aujourd'hui, o\u00f9 les m\u00e9dias sociaux amplifient les normes de beaut\u00e9 irr\u00e9alistes, l'objectivation et l'imagerie hypersexualis\u00e9e, le naturisme offre une alternative rafra\u00eechissante. Il constitue un antidote puissant \u00e0 la culture de la honte corporelle et au \"mythe de la beaut\u00e9\" n\u00e9faste. En supprimant les couches artificielles de la mode, du statut et des apparences, le naturisme aide les membres de la famille, jeunes et moins jeunes, \u00e0 voir le corps humain comme normal, naturel et intrins\u00e8quement digne de respect.<\/p>\n<p><a href=\"https:\/\/www.bareoaks.ca\/files\/Children-Nudity-and-Academic-Research.pdf\">Des \u00e9tudes universitaires ont sugg\u00e9r\u00e9 que<\/a> que grandir est bon pour les enfants. Un environnement naturiste peut conduire \u00e0 une plus grande confiance en soi, \u00e0 des relations familiales plus fortes et \u00e0 une plus grande capacit\u00e9 d'empathie. Les familles qui passent du temps ensemble dans des espaces naturistes d\u00e9clarent souvent se sentir plus proches et plus connect\u00e9es. Si une bonne \u00e9ducation reste la pierre angulaire d'un d\u00e9veloppement sain, le naturisme peut contribuer \u00e0 renforcer la confiance en soi et la conscience du corps au sein de la famille.<\/p>\n<p>\u00c0 Bare Oaks, nous offrons un lieu s\u00fbr et accueillant o\u00f9 les familles peuvent \u00eatre elles-m\u00eames, sans jugement ni attentes sociales artificielles. Que vous soyez novice en mati\u00e8re de naturisme ou que vous poursuiviez une tradition de longue date, nous vous invitons \u00e0 d\u00e9couvrir comment le naturisme peut renforcer les liens de votre famille et favoriser le d\u00e9veloppement de chacun de ses membres d'une mani\u00e8re saine et salutaire.<\/p>\n<p>Plus d'informations :<\/p>\n\n\n<ul class=\"wp-block-list\">\n<li><a href=\"https:\/\/www.bareoaks.ca\/fr\/children\/\">Family Naturist FAQ - Questions et r\u00e9ponses fr\u00e9quemment pos\u00e9es<\/a><\/li>\n\n\n\n<li><a href=\"https:\/\/www.bareoaks.ca\/fr\/family-weekend\/\">Week-end en famille au parc naturiste familial de Bare Oaks<\/a><\/li>\n\n\n\n<li>Podcast sur les enfants et le naturisme <a href=\"https:\/\/www.naturistlivingshow.com\/2022\/09\/children-and-naturism-1-of-2.html\">\u00c9pisode 1<\/a> et <a href=\"https:\/\/www.naturistlivingshow.com\/2022\/12\/children-and-naturism-2-of-2.html\">\u00c9pisode 2<\/a><\/li>\n\n\n\n<li><a href=\"https:\/\/www.naturistlivingshow.com\/2024\/10\/protecting-children.html\">Podcast sur la protection des enfants<\/a><\/li>\n\n\n\n<li><a href=\"https:\/\/www.youtube.com\/watch?v=V5JLI95m02E\">Vid\u00e9o sur les enfants dans le naturisme sur YouTube<\/a><\/li>\n\n\n\n<li><a href=\"https:\/\/doi.org\/10.1111\/chso.12743\">Pensez aux enfants ! Relations entre les exp\u00e9riences li\u00e9es \u00e0 la nudit\u00e9 dans l'enfance, l'image du corps, l'estime de soi et l'adaptation<\/a><\/li>\n\n\n\n<li><a href=\"https:\/\/www.bareoaks.ca\/files\/Children_Deserve_Better-British_Naturism.pdf\"><em>Les enfants m\u00e9ritent mieux<\/em> par British Naturism<\/a><\/li>\n\n\n\n<li><a href=\"https:\/\/www.bareoaks.ca\/files\/Children-Nudity-and-Academic-Research.pdf\"><em>Enfants, nudit\u00e9 et recherche universitaire<\/em> par Mark Storey<\/a><\/li>\n\n\n\n<li><a href=\"https:\/\/www.bareoaks.ca\/files\/GN-Fall2005-When-Childrens-Aid-Comes-Calling.pdf\">Quand l'aide \u00e0 l'enfance appelle - Comment la SAE fonctionne, ou ne fonctionne pas, et pourquoi.<\/a><\/li>\n<\/ul>\n\n\n<\/p>\n<p>&nbsp;<\/p>","protected":false},"excerpt":{"rendered":"<p>Le naturisme familial aide les enfants \u00e0 d\u00e9velopper une image saine d'eux-m\u00eames et une forte estime de soi.<a class=\"more-link\" href=\"https:\/\/www.bareoaks.ca\/fr\/family-naturism\/\">Lire la suite \u2192<\/a><\/p>","protected":false},"author":73,"featured_media":0,"parent":0,"menu_order":0,"comment_status":"closed","ping_status":"closed","template":"","meta":{"_themeisle_gutenberg_block_has_review":false,"footnotes":""},"class_list":["entry","author-sdeschenes","has-excerpt","post-80778","page","type-page","status-publish"],"yoast_head":"<!-- This site is optimized with the Yoast SEO plugin v27.3 - https:\/\/yoast.com\/product\/yoast-seo-wordpress\/ -->\n<title>Family Naturism &#8226; Bare Oaks Family Naturist Park<\/title>\n<meta name=\"robots\" content=\"index, follow, max-snippet:-1, max-image-preview:large, max-video-preview:-1\" \/>\n<link rel=\"canonical\" href=\"https:\/\/www.bareoaks.ca\/fr\/family-naturism\/\" \/>\n<meta property=\"og:locale\" content=\"fr_CA\" \/>\n<meta property=\"og:type\" content=\"article\" \/>\n<meta property=\"og:title\" content=\"Family Naturism &#8226; Bare Oaks Family Naturist Park\" \/>\n<meta property=\"og:description\" content=\"Family naturism helps children develop healthy self-image and strong self-esteem.Read More &rarr;\" \/>\n<meta property=\"og:url\" content=\"https:\/\/www.bareoaks.ca\/fr\/family-naturism\/\" \/>\n<meta property=\"og:site_name\" content=\"Bare Oaks Family Naturist Park\" \/>\n<meta property=\"article:publisher\" content=\"https:\/\/www.facebook.com\/BareOaksPark\" \/>\n<meta property=\"article:modified_time\" content=\"2025-07-21T21:54:30+00:00\" \/>\n<meta name=\"twitter:card\" content=\"summary_large_image\" \/>\n<meta name=\"twitter:site\" content=\"@BareOaksPark\" \/>\n<meta name=\"twitter:label1\" content=\"Estimation du temps de lecture\" \/>\n\t<meta name=\"twitter:data1\" content=\"2 minutes\" \/>\n<script type=\"application\/ld+json\" class=\"yoast-schema-graph\">{\"@context\":\"https:\\\/\\\/schema.org\",\"@graph\":[{\"@type\":\"WebPage\",\"@id\":\"https:\\\/\\\/www.bareoaks.ca\\\/family-naturism\\\/\",\"url\":\"https:\\\/\\\/www.bareoaks.ca\\\/family-naturism\\\/\",\"name\":\"Family Naturism &#8226; Bare Oaks Family Naturist Park\",\"isPartOf\":{\"@id\":\"https:\\\/\\\/www.bareoaks.ca\\\/#website\"},\"datePublished\":\"2025-07-21T21:48:32+00:00\",\"dateModified\":\"2025-07-21T21:54:30+00:00\",\"breadcrumb\":{\"@id\":\"https:\\\/\\\/www.bareoaks.ca\\\/family-naturism\\\/#breadcrumb\"},\"inLanguage\":\"fr-CA\",\"potentialAction\":[{\"@type\":\"ReadAction\",\"target\":[\"https:\\\/\\\/www.bareoaks.ca\\\/family-naturism\\\/\"]}]},{\"@type\":\"BreadcrumbList\",\"@id\":\"https:\\\/\\\/www.bareoaks.ca\\\/family-naturism\\\/#breadcrumb\",\"itemListElement\":[{\"@type\":\"ListItem\",\"position\":1,\"name\":\"Home\",\"item\":\"https:\\\/\\\/www.bareoaks.ca\\\/\"},{\"@type\":\"ListItem\",\"position\":2,\"name\":\"Family Naturism\"}]},{\"@type\":\"WebSite\",\"@id\":\"https:\\\/\\\/www.bareoaks.ca\\\/#website\",\"url\":\"https:\\\/\\\/www.bareoaks.ca\\\/\",\"name\":\"Bare Oaks Family Naturist Park\",\"description\":\"Traditional naturist values in a modern setting\",\"publisher\":{\"@id\":\"https:\\\/\\\/www.bareoaks.ca\\\/#organization\"},\"potentialAction\":[{\"@type\":\"SearchAction\",\"target\":{\"@type\":\"EntryPoint\",\"urlTemplate\":\"https:\\\/\\\/www.bareoaks.ca\\\/?s={search_term_string}\"},\"query-input\":{\"@type\":\"PropertyValueSpecification\",\"valueRequired\":true,\"valueName\":\"search_term_string\"}}],\"inLanguage\":\"fr-CA\"},{\"@type\":\"Organization\",\"@id\":\"https:\\\/\\\/www.bareoaks.ca\\\/#organization\",\"name\":\"Bare Oaks Family Naturist Park\",\"url\":\"https:\\\/\\\/www.bareoaks.ca\\\/\",\"logo\":{\"@type\":\"ImageObject\",\"inLanguage\":\"fr-CA\",\"@id\":\"https:\\\/\\\/www.bareoaks.ca\\\/#\\\/schema\\\/logo\\\/image\\\/\",\"url\":\"https:\\\/\\\/www.bareoaks.ca\\\/wp-content\\\/uploads\\\/2025\\\/07\\\/BareOaksLogo_website.png\",\"contentUrl\":\"https:\\\/\\\/www.bareoaks.ca\\\/wp-content\\\/uploads\\\/2025\\\/07\\\/BareOaksLogo_website.png\",\"width\":250,\"height\":132,\"caption\":\"Bare Oaks Family Naturist Park\"},\"image\":{\"@id\":\"https:\\\/\\\/www.bareoaks.ca\\\/#\\\/schema\\\/logo\\\/image\\\/\"},\"sameAs\":[\"https:\\\/\\\/www.facebook.com\\\/BareOaksPark\",\"https:\\\/\\\/x.com\\\/BareOaksPark\",\"https:\\\/\\\/www.instagram.com\\\/bareoaks\\\/\",\"http:\\\/\\\/www.linkedin.com\\\/company\\\/bare-oaks-family-naturist-park\",\"https:\\\/\\\/www.youtube.com\\\/user\\\/BareOaks\",\"https:\\\/\\\/en.wikipedia.org\\\/wiki\\\/Bare_Oaks_Family_Naturist_Park\"]}]}<\/script>\n<!-- \/ Yoast SEO plugin. -->","yoast_head_json":{"title":"Naturisme familial - Parc naturiste familial Bare Oaks","robots":{"index":"index","follow":"follow","max-snippet":"max-snippet:-1","max-image-preview":"max-image-preview:large","max-video-preview":"max-video-preview:-1"},"canonical":"https:\/\/www.bareoaks.ca\/fr\/family-naturism\/","og_locale":"fr_CA","og_type":"article","og_title":"Family Naturism &#8226; Bare Oaks Family Naturist Park","og_description":"Family naturism helps children develop healthy self-image and strong self-esteem.Read More &rarr;","og_url":"https:\/\/www.bareoaks.ca\/fr\/family-naturism\/","og_site_name":"Bare Oaks Family Naturist Park","article_publisher":"https:\/\/www.facebook.com\/BareOaksPark","article_modified_time":"2025-07-21T21:54:30+00:00","twitter_card":"summary_large_image","twitter_site":"@BareOaksPark","twitter_misc":{"Estimation du temps de lecture":"2 minutes"},"schema":{"@context":"https:\/\/schema.org","@graph":[{"@type":"WebPage","@id":"https:\/\/www.bareoaks.ca\/family-naturism\/","url":"https:\/\/www.bareoaks.ca\/family-naturism\/","name":"Naturisme familial - Parc naturiste familial Bare Oaks","isPartOf":{"@id":"https:\/\/www.bareoaks.ca\/#website"},"datePublished":"2025-07-21T21:48:32+00:00","dateModified":"2025-07-21T21:54:30+00:00","breadcrumb":{"@id":"https:\/\/www.bareoaks.ca\/family-naturism\/#breadcrumb"},"inLanguage":"fr-CA","potentialAction":[{"@type":"ReadAction","target":["https:\/\/www.bareoaks.ca\/family-naturism\/"]}]},{"@type":"BreadcrumbList","@id":"https:\/\/www.bareoaks.ca\/family-naturism\/#breadcrumb","itemListElement":[{"@type":"ListItem","position":1,"name":"Home","item":"https:\/\/www.bareoaks.ca\/"},{"@type":"ListItem","position":2,"name":"Family Naturism"}]},{"@type":"WebSite","@id":"https:\/\/www.bareoaks.ca\/#website","url":"https:\/\/www.bareoaks.ca\/","name":"Parc naturiste familial Bare Oaks","description":"Des valeurs naturistes traditionnelles dans un cadre moderne","publisher":{"@id":"https:\/\/www.bareoaks.ca\/#organization"},"potentialAction":[{"@type":"SearchAction","target":{"@type":"EntryPoint","urlTemplate":"https:\/\/www.bareoaks.ca\/?s={search_term_string}"},"query-input":{"@type":"PropertyValueSpecification","valueRequired":true,"valueName":"search_term_string"}}],"inLanguage":"fr-CA"},{"@type":"Organization","@id":"https:\/\/www.bareoaks.ca\/#organization","name":"Parc naturiste familial Bare Oaks","url":"https:\/\/www.bareoaks.ca\/","logo":{"@type":"ImageObject","inLanguage":"fr-CA","@id":"https:\/\/www.bareoaks.ca\/#\/schema\/logo\/image\/","url":"https:\/\/www.bareoaks.ca\/wp-content\/uploads\/2025\/07\/BareOaksLogo_website.png","contentUrl":"https:\/\/www.bareoaks.ca\/wp-content\/uploads\/2025\/07\/BareOaksLogo_website.png","width":250,"height":132,"caption":"Bare Oaks Family Naturist Park"},"image":{"@id":"https:\/\/www.bareoaks.ca\/#\/schema\/logo\/image\/"},"sameAs":["https:\/\/www.facebook.com\/BareOaksPark","https:\/\/x.com\/BareOaksPark","https:\/\/www.instagram.com\/bareoaks\/","http:\/\/www.linkedin.com\/company\/bare-oaks-family-naturist-park","https:\/\/www.youtube.com\/user\/BareOaks","https:\/\/en.wikipedia.org\/wiki\/Bare_Oaks_Family_Naturist_Park"]}]}},"_links":{"self":[{"href":"https:\/\/www.bareoaks.ca\/fr\/wp-json\/wp\/v2\/pages\/80778","targetHints":{"allow":["GET"]}}],"collection":[{"href":"https:\/\/www.bareoaks.ca\/fr\/wp-json\/wp\/v2\/pages"}],"about":[{"href":"https:\/\/www.bareoaks.ca\/fr\/wp-json\/wp\/v2\/types\/page"}],"author":[{"embeddable":true,"href":"https:\/\/www.bareoaks.ca\/fr\/wp-json\/wp\/v2\/users\/73"}],"replies":[{"embeddable":true,"href":"https:\/\/www.bareoaks.ca\/fr\/wp-json\/wp\/v2\/comments?post=80778"}],"version-history":[{"count":3,"href":"https:\/\/www.bareoaks.ca\/fr\/wp-json\/wp\/v2\/pages\/80778\/revisions"}],"predecessor-version":[{"id":80858,"href":"https:\/\/www.bareoaks.ca\/fr\/wp-json\/wp\/v2\/pages\/80778\/revisions\/80858"}],"wp:attachment":[{"href":"https:\/\/www.bareoaks.ca\/fr\/wp-json\/wp\/v2\/media?parent=80778"}],"curies":[{"name":"wp","href":"https:\/\/api.w.org\/{rel}","templated":true}]}}