{"id":81277,"date":"2025-09-02T16:00:55","date_gmt":"2025-09-02T20:00:55","guid":{"rendered":"https:\/\/www.bareoaks.ca\/?page_id=81277"},"modified":"2025-09-02T16:01:01","modified_gmt":"2025-09-02T20:01:01","slug":"subscribe","status":"publish","type":"page","link":"https:\/\/www.bareoaks.ca\/fr\/subscribe\/","title":{"rendered":"Inscription au bulletin d'information \u00e9lectronique"},"content":{"rendered":"<p>Veuillez remplir le formulaire ci-dessous et cocher la case \u00e0 c\u00f4t\u00e9 de la (des) liste(s) \u00e0 laquelle (auxquelles) vous souhaitez vous abonner.<br><em>IMPORTANT : Vous <span style=\"text-decoration: underline;\">doit<\/span> confirmez votre inscription en utilisant le lien que vous recevrez dans votre email. <\/em><\/p>","protected":false},"excerpt":{"rendered":"<p>Veuillez remplir le formulaire ci-dessous et cocher la case \u00e0 c\u00f4t\u00e9 de la (des) liste(s) \u00e0 laquelle (auxquelles) vous souhaitez vous abonner.IMPORTANT : Vous devez confirmer votre abonnement en utilisant le lien que vous recevrez dans votre courrier \u00e9lectronique.<a class=\"more-link\" href=\"https:\/\/www.bareoaks.ca\/fr\/subscribe\/\">Lire la suite \u2192<\/a><\/p>","protected":false},"author":73,"featured_media":0,"parent":0,"menu_order":0,"comment_status":"closed","ping_status":"closed","template":"","meta":{"_themeisle_gutenberg_block_has_review":false,"footnotes":""},"class_list":["entry","author-sdeschenes","post-81277","page","type-page","status-publish"],"yoast_head":"<!-- This site is optimized with the Yoast SEO plugin v27.3 - https:\/\/yoast.com\/product\/yoast-seo-wordpress\/ -->\n<title>Email newsletter subscription &#8226; Bare Oaks Family Naturist Park<\/title>\n<meta name=\"robots\" content=\"index, follow, max-snippet:-1, max-image-preview:large, max-video-preview:-1\" \/>\n<link rel=\"canonical\" href=\"https:\/\/www.bareoaks.ca\/fr\/subscribe\/\" \/>\n<meta property=\"og:locale\" content=\"fr_CA\" \/>\n<meta property=\"og:type\" content=\"article\" \/>\n<meta property=\"og:title\" content=\"Email newsletter subscription &#8226; Bare Oaks Family Naturist Park\" \/>\n<meta property=\"og:description\" content=\"Please fill out the form below and check the box next to list(s) to which you want to subscribe.IMPORTANT: You must confirm your subscription using the link the you will receive in your email.Read More &rarr;\" \/>\n<meta property=\"og:url\" content=\"https:\/\/www.bareoaks.ca\/fr\/subscribe\/\" \/>\n<meta property=\"og:site_name\" content=\"Bare Oaks Family Naturist Park\" \/>\n<meta property=\"article:publisher\" content=\"https:\/\/www.facebook.com\/BareOaksPark\" \/>\n<meta property=\"article:modified_time\" content=\"2025-09-02T20:01:01+00:00\" \/>\n<meta name=\"twitter:card\" content=\"summary_large_image\" \/>\n<meta name=\"twitter:site\" content=\"@BareOaksPark\" \/>\n<meta name=\"twitter:label1\" content=\"Estimation du temps de lecture\" \/>\n\t<meta name=\"twitter:data1\" content=\"1 minute\" \/>\n<script type=\"application\/ld+json\" class=\"yoast-schema-graph\">{\"@context\":\"https:\\\/\\\/schema.org\",\"@graph\":[{\"@type\":\"WebPage\",\"@id\":\"https:\\\/\\\/www.bareoaks.ca\\\/subscribe\\\/\",\"url\":\"https:\\\/\\\/www.bareoaks.ca\\\/subscribe\\\/\",\"name\":\"Email newsletter subscription &#8226; Bare Oaks Family Naturist Park\",\"isPartOf\":{\"@id\":\"https:\\\/\\\/www.bareoaks.ca\\\/#website\"},\"datePublished\":\"2025-09-02T20:00:55+00:00\",\"dateModified\":\"2025-09-02T20:01:01+00:00\",\"breadcrumb\":{\"@id\":\"https:\\\/\\\/www.bareoaks.ca\\\/subscribe\\\/#breadcrumb\"},\"inLanguage\":\"fr-CA\",\"potentialAction\":[{\"@type\":\"ReadAction\",\"target\":[\"https:\\\/\\\/www.bareoaks.ca\\\/subscribe\\\/\"]}]},{\"@type\":\"BreadcrumbList\",\"@id\":\"https:\\\/\\\/www.bareoaks.ca\\\/subscribe\\\/#breadcrumb\",\"itemListElement\":[{\"@type\":\"ListItem\",\"position\":1,\"name\":\"Home\",\"item\":\"https:\\\/\\\/www.bareoaks.ca\\\/\"},{\"@type\":\"ListItem\",\"position\":2,\"name\":\"Email newsletter subscription\"}]},{\"@type\":\"WebSite\",\"@id\":\"https:\\\/\\\/www.bareoaks.ca\\\/#website\",\"url\":\"https:\\\/\\\/www.bareoaks.ca\\\/\",\"name\":\"Bare Oaks Family Naturist Park\",\"description\":\"Traditional naturist values in a modern setting\",\"publisher\":{\"@id\":\"https:\\\/\\\/www.bareoaks.ca\\\/#organization\"},\"potentialAction\":[{\"@type\":\"SearchAction\",\"target\":{\"@type\":\"EntryPoint\",\"urlTemplate\":\"https:\\\/\\\/www.bareoaks.ca\\\/?s={search_term_string}\"},\"query-input\":{\"@type\":\"PropertyValueSpecification\",\"valueRequired\":true,\"valueName\":\"search_term_string\"}}],\"inLanguage\":\"fr-CA\"},{\"@type\":\"Organization\",\"@id\":\"https:\\\/\\\/www.bareoaks.ca\\\/#organization\",\"name\":\"Bare Oaks Family Naturist Park\",\"url\":\"https:\\\/\\\/www.bareoaks.ca\\\/\",\"logo\":{\"@type\":\"ImageObject\",\"inLanguage\":\"fr-CA\",\"@id\":\"https:\\\/\\\/www.bareoaks.ca\\\/#\\\/schema\\\/logo\\\/image\\\/\",\"url\":\"https:\\\/\\\/www.bareoaks.ca\\\/wp-content\\\/uploads\\\/2025\\\/07\\\/BareOaksLogo_website.png\",\"contentUrl\":\"https:\\\/\\\/www.bareoaks.ca\\\/wp-content\\\/uploads\\\/2025\\\/07\\\/BareOaksLogo_website.png\",\"width\":250,\"height\":132,\"caption\":\"Bare Oaks Family Naturist Park\"},\"image\":{\"@id\":\"https:\\\/\\\/www.bareoaks.ca\\\/#\\\/schema\\\/logo\\\/image\\\/\"},\"sameAs\":[\"https:\\\/\\\/www.facebook.com\\\/BareOaksPark\",\"https:\\\/\\\/x.com\\\/BareOaksPark\",\"https:\\\/\\\/www.instagram.com\\\/bareoaks\\\/\",\"http:\\\/\\\/www.linkedin.com\\\/company\\\/bare-oaks-family-naturist-park\",\"https:\\\/\\\/www.youtube.com\\\/user\\\/BareOaks\",\"https:\\\/\\\/en.wikipedia.org\\\/wiki\\\/Bare_Oaks_Family_Naturist_Park\"]}]}<\/script>\n<!-- \/ Yoast SEO plugin. -->","yoast_head_json":{"title":"Email newsletter subscription &#8226; Bare Oaks Family Naturist Park","robots":{"index":"index","follow":"follow","max-snippet":"max-snippet:-1","max-image-preview":"max-image-preview:large","max-video-preview":"max-video-preview:-1"},"canonical":"https:\/\/www.bareoaks.ca\/fr\/subscribe\/","og_locale":"fr_CA","og_type":"article","og_title":"Email newsletter subscription &#8226; Bare Oaks Family Naturist Park","og_description":"Please fill out the form below and check the box next to list(s) to which you want to subscribe.IMPORTANT: You must confirm your subscription using the link the you will receive in your email.Read More &rarr;","og_url":"https:\/\/www.bareoaks.ca\/fr\/subscribe\/","og_site_name":"Bare Oaks Family Naturist Park","article_publisher":"https:\/\/www.facebook.com\/BareOaksPark","article_modified_time":"2025-09-02T20:01:01+00:00","twitter_card":"summary_large_image","twitter_site":"@BareOaksPark","twitter_misc":{"Estimation du temps de lecture":"1 minute"},"schema":{"@context":"https:\/\/schema.org","@graph":[{"@type":"WebPage","@id":"https:\/\/www.bareoaks.ca\/subscribe\/","url":"https:\/\/www.bareoaks.ca\/subscribe\/","name":"Email newsletter subscription &#8226; Bare Oaks Family Naturist Park","isPartOf":{"@id":"https:\/\/www.bareoaks.ca\/#website"},"datePublished":"2025-09-02T20:00:55+00:00","dateModified":"2025-09-02T20:01:01+00:00","breadcrumb":{"@id":"https:\/\/www.bareoaks.ca\/subscribe\/#breadcrumb"},"inLanguage":"fr-CA","potentialAction":[{"@type":"ReadAction","target":["https:\/\/www.bareoaks.ca\/subscribe\/"]}]},{"@type":"BreadcrumbList","@id":"https:\/\/www.bareoaks.ca\/subscribe\/#breadcrumb","itemListElement":[{"@type":"ListItem","position":1,"name":"Home","item":"https:\/\/www.bareoaks.ca\/"},{"@type":"ListItem","position":2,"name":"Email newsletter subscription"}]},{"@type":"WebSite","@id":"https:\/\/www.bareoaks.ca\/#website","url":"https:\/\/www.bareoaks.ca\/","name":"Parc naturiste familial Bare Oaks","description":"Des valeurs naturistes traditionnelles dans un cadre moderne","publisher":{"@id":"https:\/\/www.bareoaks.ca\/#organization"},"potentialAction":[{"@type":"SearchAction","target":{"@type":"EntryPoint","urlTemplate":"https:\/\/www.bareoaks.ca\/?s={search_term_string}"},"query-input":{"@type":"PropertyValueSpecification","valueRequired":true,"valueName":"search_term_string"}}],"inLanguage":"fr-CA"},{"@type":"Organization","@id":"https:\/\/www.bareoaks.ca\/#organization","name":"Parc naturiste familial Bare Oaks","url":"https:\/\/www.bareoaks.ca\/","logo":{"@type":"ImageObject","inLanguage":"fr-CA","@id":"https:\/\/www.bareoaks.ca\/#\/schema\/logo\/image\/","url":"https:\/\/www.bareoaks.ca\/wp-content\/uploads\/2025\/07\/BareOaksLogo_website.png","contentUrl":"https:\/\/www.bareoaks.ca\/wp-content\/uploads\/2025\/07\/BareOaksLogo_website.png","width":250,"height":132,"caption":"Bare Oaks Family Naturist Park"},"image":{"@id":"https:\/\/www.bareoaks.ca\/#\/schema\/logo\/image\/"},"sameAs":["https:\/\/www.facebook.com\/BareOaksPark","https:\/\/x.com\/BareOaksPark","https:\/\/www.instagram.com\/bareoaks\/","http:\/\/www.linkedin.com\/company\/bare-oaks-family-naturist-park","https:\/\/www.youtube.com\/user\/BareOaks","https:\/\/en.wikipedia.org\/wiki\/Bare_Oaks_Family_Naturist_Park"]}]}},"_links":{"self":[{"href":"https:\/\/www.bareoaks.ca\/fr\/wp-json\/wp\/v2\/pages\/81277","targetHints":{"allow":["GET"]}}],"collection":[{"href":"https:\/\/www.bareoaks.ca\/fr\/wp-json\/wp\/v2\/pages"}],"about":[{"href":"https:\/\/www.bareoaks.ca\/fr\/wp-json\/wp\/v2\/types\/page"}],"author":[{"embeddable":true,"href":"https:\/\/www.bareoaks.ca\/fr\/wp-json\/wp\/v2\/users\/73"}],"replies":[{"embeddable":true,"href":"https:\/\/www.bareoaks.ca\/fr\/wp-json\/wp\/v2\/comments?post=81277"}],"version-history":[{"count":3,"href":"https:\/\/www.bareoaks.ca\/fr\/wp-json\/wp\/v2\/pages\/81277\/revisions"}],"predecessor-version":[{"id":81307,"href":"https:\/\/www.bareoaks.ca\/fr\/wp-json\/wp\/v2\/pages\/81277\/revisions\/81307"}],"wp:attachment":[{"href":"https:\/\/www.bareoaks.ca\/fr\/wp-json\/wp\/v2\/media?parent=81277"}],"curies":[{"name":"wp","href":"https:\/\/api.w.org\/{rel}","templated":true}]}}