{"id":82,"date":"2012-10-08T19:27:04","date_gmt":"2012-10-08T23:27:04","guid":{"rendered":"http:\/\/ww1.bareoaks.ca\/?page_id=82"},"modified":"2025-07-11T13:25:34","modified_gmt":"2025-07-11T17:25:34","slug":"ethical-naturism","status":"publish","type":"page","link":"https:\/\/www.bareoaks.ca\/fr\/ethical-naturism\/","title":{"rendered":"Naturisme r\u00e9cr\u00e9atif et naturisme \u00e9thique"},"content":{"rendered":"<h2 class=\"wp-block-heading\">Nudiste vs Naturiste<\/h2>\n\n\n\n<p><img loading=\"lazy\" decoding=\"async\" class=\"alignnone wp-image-28283 size-full\" style=\"margin: 10px; float: left;\" src=\"https:\/\/www.bareoaks.ca\/wp-content\/uploads\/2012\/10\/mom.jpg\" alt=\"\" width=\"250\" height=\"312\" srcset=\"https:\/\/www.bareoaks.ca\/wp-content\/uploads\/2012\/10\/mom.jpg 250w, https:\/\/www.bareoaks.ca\/wp-content\/uploads\/2012\/10\/mom-240x300.jpg 240w\" sizes=\"auto, (max-width: 250px) 100vw, 250px\" \/>Le choix du terme utilis\u00e9 d\u00e9pend en partie de l'endroit o\u00f9 vous vous trouvez. En Europe, le terme \"naturiste\" est presque exclusivement utilis\u00e9, tandis que \"nudiste\" est souvent p\u00e9joratif. Aux \u00c9tats-Unis, la plupart des personnes qui fr\u00e9quentent les clubs se qualifient de nudistes parce qu'elles appartiennent \u00e0 la <a href=\"http:\/\/www.AANR.com\" target=\"_blank\" rel=\"noopener noreferrer\">Association am\u00e9ricaine pour les loisirs nus (AANR)<\/a> qui utilise le terme \"nudiste\". Les Am\u00e9ricains qui fr\u00e9quentent les plages libres pr\u00e9f\u00e8rent s'identifier comme \"naturistes\" parce qu'historiquement, le terme \"naturiste\" est utilis\u00e9 pour d\u00e9signer les personnes qui ne sont pas nudistes. <a href=\"http:\/\/www.NaturistSociety.com\" target=\"_blank\" rel=\"noopener noreferrer\">Soci\u00e9t\u00e9 naturiste (TNS)<\/a> a \u00e9t\u00e9 le plus grand d\u00e9fenseur des plages libres aux \u00c9tats-Unis. Au Canada, les organisations naturistes officielles s'appellent les <a href=\"http:\/\/www.FCN.ca\" target=\"_blank\" rel=\"noopener noreferrer\">F\u00e9d\u00e9ration canadienne des <em>Naturistes<\/em>&nbsp;(FCN)<\/a>&nbsp;et le <a href=\"http:\/\/www.FQN.qc.ca\">F\u00e9d\u00e9ration qu\u00e9b\u00e9coise de <em>naturisme<\/em> (FQN)<\/a> mais de nombreux Canadiens utilisent les termes \"naturisme\" et \"nudisme\" comme synonymes.<\/p>\n\n\n\n<p>Lorsque le mouvement s'est d\u00e9velopp\u00e9 au d\u00e9but du 20e si\u00e8cle, d'autres termes ont \u00e9t\u00e9 utilis\u00e9s, tels que gymnosophie et culture du corps libre. En Allemagne, beaucoup connaissent encore le terme Freik\u00f6rperkultur, souvent abr\u00e9g\u00e9 en FKK. Mais en fin de compte, ce n'est pas le mot qui importe, mais le sens qu'il recouvre.<\/p>\n\n\n\n<p>\u00c0 Bare Oaks, nous pensons que le naturisme refl\u00e8te mieux la nature du mouvement. Notre philosophie va bien au-del\u00e0 du simple fait de se d\u00e9shabiller et le terme \"nudiste\" sugg\u00e8re qu'il ne s'agit que de nudit\u00e9. Il s'agit d'une philosophie de vie qui pr\u00e9sente des avantages physiques, psychologiques, environnementaux, sociaux et moraux. En outre, nous affirmons que ce n'est pas <i>\u00e0 propos de<\/i> la nudit\u00e9. Il s'agit du respect de soi, des autres et de la nature. Il s'agit d'\u00eatre plus&nbsp;<em>naturel<\/em>. Mais il est clair que la nudit\u00e9 est un outil essentiel que nous utilisons pour atteindre ces objectifs.<\/p>\n\n\n\n<p>Pourtant, de nombreuses personnes qui se disent nudistes continuent \u00e0 d\u00e9fendre clairement les valeurs naturistes. Ce qui importe donc le plus, c'est ce qu'une personne croit et comment elle agit.<\/p>\n\n\n\n<p><a href=\"http:\/\/www.naturistliving.bareoaks.ca\/2008\/12\/naturist-or-nudist.html\"><img loading=\"lazy\" decoding=\"async\" class=\"size-full wp-image-3443\" style=\"vertical-align: middle;\" src=\"https:\/\/www.bareoaks.ca\/wp-content\/uploads\/2012\/10\/Social%20Media%20Icons_podcast_32.png\" alt=\"naturist or nudist podcast\" width=\"32\" height=\"32\">\u00c9coutez un podcast o\u00f9 des personnes d'Am\u00e9rique du Nord et d'Europe discutent de ces deux termes.<\/a><\/p>\n\n\n\n<h2 class=\"wp-block-heading\">L'\u00e9chelle \u00e9thique des loisirs naturistes<\/h2>\n\n\n\n<p class=\"has-text-align-left\">Avec le temps, les gens passent parfois du statut de simple participant au naturisme \u00e0 celui d'activiste. Mais tout le monde ne consid\u00e8re pas le naturisme comme une philosophie de vie. C'est pourquoi nous introduisons deux cat\u00e9gories au sein du naturisme : le naturiste \u00e9thique et le naturiste r\u00e9cr\u00e9atif. Il ne s'agit pas de classifications finies. Il s'agit plut\u00f4t d'une \u00e9chelle o\u00f9 la plupart des gens se situent quelque part entre les deux extr\u00eames.<\/p>\n\n\n\n<h3 class=\"wp-block-heading\">Naturistes r\u00e9cr\u00e9atifs<\/h3>\n\n\n<div class=\"wp-block-image is-style-default\">\n<figure class=\"alignright\"><img loading=\"lazy\" decoding=\"async\" width=\"250\" height=\"298\" src=\"https:\/\/www.bareoaks.ca\/wp-content\/uploads\/2012\/10\/painting250.jpg\" alt=\"\" class=\"wp-image-28293\"\/><\/figure>\n<\/div>\n\n\n<p>De nombreuses personnes commencent \u00e0 pratiquer le naturisme de loisir pour la simple raison qu'elles se sentent bien lorsqu'elles ne portent pas de v\u00eatements. Il est ind\u00e9niable que se baigner nu est l'une des plus grandes joies de la vie. Depuis ce d\u00e9but, de nombreux naturistes progressent pour comprendre l'id\u00e9ologie plus complexe qui sous-tend le mouvement - mais ce n'est pas le cas de tous.<\/p>\n\n\n\n<p>Le naturiste r\u00e9cr\u00e9atif consid\u00e8re la nudit\u00e9 uniquement comme une activit\u00e9 r\u00e9cr\u00e9ative. S'il aime \u00eatre nu, ce n'est que dans les limites de son club ou \u00e0 la plage ; la plupart sont rarement nus chez eux. En g\u00e9n\u00e9ral, ils ne voient pas d'implications naturistes dans le monde du textile.<\/p>\n\n\n\n<p>\u00c9tant donn\u00e9 que peu de principes sont li\u00e9s \u00e0 ses activit\u00e9s nues, il est peu probable que le naturiste r\u00e9cr\u00e9atif s'oppose aux tendances de la mode ou \u00e0 la fa\u00e7on dont les gens sont d\u00e9peints dans les m\u00e9dias. L'objectivation du corps et les normes de beaut\u00e9 inatteignables ne sont probablement pas des concepts qui les concernent. Il est probable qu'ils jugent les autres sur leur apparence et leur sexualit\u00e9. Certains aspirent m\u00eame \u00e0 porter des articles de mode dans les environnements naturistes ; c'est pourquoi beaucoup d'entre eux pr\u00e9f\u00e8rent un environnement o\u00f9 les v\u00eatements ne sont pas obligatoires. Il est presque certain que le naturiste r\u00e9cr\u00e9atif n'associe pas le fait de se rapprocher de la nature \u00e0 son hobby.<\/p>\n\n\n\n<p>Nombreux sont ceux qui pr\u00e9f\u00e8rent le terme nudiste, car la nudit\u00e9 est leur raison d'\u00eatre. Mais certains utilisent le terme naturiste comme euph\u00e9misme pour le nudisme parce qu'ils pensent que ce mot sera moins offensant pour leurs parents, leurs amis et leurs voisins.<\/p>\n\n\n\n<p>Au Bare Oaks Family Naturist Park, le personnel de bureau travaille nu. En tant que naturistes, nous consid\u00e9rons le corps humain comme sain et naturel. Puisque nous d\u00e9plorons l'utilisation de v\u00eatements pour indiquer le statut, le fait que le personnel porte des v\u00eatements (ou pire des uniformes) semble aller \u00e0 l'encontre de l'intuition. Pourtant, certaines personnes ont violemment critiqu\u00e9 cette politique en la qualifiant de \"non professionnelle\".  En discutant de la question avec certains de ces d\u00e9tracteurs, il est apparu clairement qu'ils ne voyaient la nudit\u00e9 que comme une alternative au maillot de bain. C'est logique. Si vous visitez une station baln\u00e9aire des Cara\u00efbes dans le monde du textile, vous ne vous attendez pas \u00e0 ce que le personnel de bureau porte des maillots de bain - cela semblerait en effet peu professionnel. Par cons\u00e9quent, la nudit\u00e9 dans les bureaux de Bare Oaks n'est pas consid\u00e9r\u00e9e comme professionnelle par le naturiste r\u00e9cr\u00e9atif.<\/p>\n\n\n\n<h3 class=\"wp-block-heading\">Naturistes \u00e9thiques<\/h3>\n\n\n\n<p>Si les naturistes \u00e9thiques appr\u00e9cient la libert\u00e9 d'\u00eatre nus, ils consid\u00e8rent \u00e9galement le naturisme comme un credo et une philosophie de vie. Ils estiment qu'il est immoral de rendre les gens honteux et embarrass\u00e9s par leur propre image. Ils comprennent que l'attitude de la soci\u00e9t\u00e9 \u00e0 l'\u00e9gard du corps humain entra\u00eene un manque d'estime de soi.  La cons\u00e9quence est souvent un manque de confiance en soi et le d\u00e9but d'une vari\u00e9t\u00e9 de dysfonctionnements \u00e9motionnels. Par cons\u00e9quent, ils s'efforcent d'accepter leur moi naturel et de respecter les autres.<\/p>\n\n\n\n<p>Le respect du corps les am\u00e8ne \u00e9galement \u00e0 rechercher des pratiques plus saines pour leur corps. Les naturistes \u00e9thiques se consid\u00e8rent comme faisant partie de la nature et s'efforcent par cons\u00e9quent de minimiser leur impact sur celle-ci.<\/p>\n\n\n\n<p>Le naturisme est donc fondamentalement une question d'\u00e9thique et de moralit\u00e9 pour le naturiste \u00e9thique. A tel point qu'il prend m\u00eame une dimension spirituelle pour certains.<\/p>\n\n\n\n<p>Bien que les restrictions culturelles limitent g\u00e9n\u00e9ralement la nudit\u00e9 \u00e0 leur club, \u00e0 leur plage et \u00e0 leur maison, les naturistes \u00e9thiques apportent leurs id\u00e9aux partout. Le naturisme est un credo qui fa\u00e7onne leur perception du monde et leurs r\u00e9actions. Ils cherchent \u00e0 int\u00e9grer les principes du naturisme dans tous les aspects de leur vie.<\/p>\n\n\n\n<p>Certains naturistes \u00e9thiques s'identifient comme nudistes, mais beaucoup pr\u00e9f\u00e8rent s'appeler naturistes parce qu'ils consid\u00e8rent que ce terme est plus repr\u00e9sentatif de l'id\u00e9ologie compl\u00e8te.<\/p>\n\n\n\n<p>Bien que la nudit\u00e9 soit pr\u00e9f\u00e9rable, le naturiste \u00e9thique peut pratiquer le naturisme m\u00eame lorsqu'il est habill\u00e9.<\/p>\n\n\n\n<h3 class=\"wp-block-heading\"><b><img loading=\"lazy\" decoding=\"async\" class=\"alignnone wp-image-3463 size-full\" style=\"margin: 10px auto; display: block;\" src=\"https:\/\/www.bareoaks.ca\/wp-content\/uploads\/2012\/10\/naturism_seminar.jpg\" alt=\"Naturists discuss values, ethics and morals of naturism\" width=\"930\" height=\"279\" srcset=\"https:\/\/www.bareoaks.ca\/wp-content\/uploads\/2012\/10\/naturism_seminar.jpg 930w, https:\/\/www.bareoaks.ca\/wp-content\/uploads\/2012\/10\/naturism_seminar-300x90.jpg 300w, https:\/\/www.bareoaks.ca\/wp-content\/uploads\/2012\/10\/naturism_seminar-768x230.jpg 768w, https:\/\/www.bareoaks.ca\/wp-content\/uploads\/2012\/10\/naturism_seminar-705x212.jpg 705w\" sizes=\"auto, (max-width: 930px) 100vw, 930px\" \/><\/b><\/h3>\n\n\n\n<h3 class=\"wp-block-heading\">Conclusion<\/h3>\n\n\n\n<p>Encore une fois, il est important de comprendre que la plupart des gens n'entrent pas dans l'une ou l'autre cat\u00e9gorie et que personne ne manifestera toutes les caract\u00e9ristiques d\u00e9crites. Comme beaucoup de classifications, ces deux cat\u00e9gories de naturistes repr\u00e9sentent un continuum o\u00f9 presque toutes les personnes se situent entre les deux extr\u00e9mit\u00e9s. Mais pour ceux qui croient que le naturisme repr\u00e9sente un id\u00e9al pour une soci\u00e9t\u00e9 plus saine, l'objectif devrait \u00eatre d'\u00eatre un naturiste \u00e9thique.<\/p>","protected":false},"excerpt":{"rendered":"<p>Nudiste ou naturiste Le choix du terme utilis\u00e9 d\u00e9pend en partie de l'endroit o\u00f9 vous vous trouvez. En Europe, le terme \"naturiste\" est presque exclusivement utilis\u00e9, tandis que \"nudiste\" est souvent p\u00e9joratif. Aux \u00c9tats-Unis, la plupart des personnes qui fr\u00e9quentent les clubs se disent nudistes parce qu'elles appartiennent \u00e0 l'American Association for Nude Recreation (AANR), qui utilise le terme \"nudiste\". Les Am\u00e9ricains qui fr\u00e9quentent les plages libres pr\u00e9f\u00e8rent s'identifier comme \"naturistes\" car, historiquement, la Naturist Society (TNS) a \u00e9t\u00e9 le plus grand d\u00e9fenseur des plages libres aux \u00c9tats-Unis. Au Canada, les organisations naturistes officielles sont la F\u00e9d\u00e9ration des naturistes canadiens (FCN) et la F\u00e9d\u00e9ration qu\u00e9b\u00e9coise de naturisme.<a class=\"more-link\" href=\"https:\/\/www.bareoaks.ca\/fr\/ethical-naturism\/\">Lire la suite \u2192<\/a><\/p>","protected":false},"author":73,"featured_media":0,"parent":0,"menu_order":1,"comment_status":"closed","ping_status":"closed","template":"","meta":{"_themeisle_gutenberg_block_has_review":false,"footnotes":""},"class_list":["entry","author-sdeschenes","post-82","page","type-page","status-publish"],"yoast_head":"<!-- This site is optimized with the Yoast SEO plugin v27.4 - https:\/\/yoast.com\/product\/yoast-seo-wordpress\/ -->\n<title>Recreational Naturism versus Ethical Naturism &#8226; Bare Oaks Family Naturist Park<\/title>\n<meta name=\"description\" content=\"The difference between nudism and naturism. Because there is a lot of confusion, we introduce the concepts of Recreational Nudists and Ethical Naturists.\" \/>\n<meta name=\"robots\" content=\"index, follow, max-snippet:-1, max-image-preview:large, max-video-preview:-1\" \/>\n<link rel=\"canonical\" href=\"https:\/\/www.bareoaks.ca\/fr\/ethical-naturism\/\" \/>\n<meta property=\"og:locale\" content=\"fr_CA\" \/>\n<meta property=\"og:type\" content=\"article\" \/>\n<meta property=\"og:title\" content=\"Recreational Naturism versus Ethical Naturism &#8226; Bare Oaks Family Naturist Park\" \/>\n<meta property=\"og:description\" content=\"The difference between nudism and naturism. Because there is a lot of confusion, we introduce the concepts of Recreational Nudists and Ethical Naturists.\" \/>\n<meta property=\"og:url\" content=\"https:\/\/www.bareoaks.ca\/fr\/ethical-naturism\/\" \/>\n<meta property=\"og:site_name\" content=\"Bare Oaks Family Naturist Park\" \/>\n<meta property=\"article:publisher\" content=\"https:\/\/www.facebook.com\/BareOaksPark\" \/>\n<meta property=\"article:modified_time\" content=\"2025-07-11T17:25:34+00:00\" \/>\n<meta property=\"og:image\" content=\"https:\/\/www.bareoaks.ca\/wp-content\/uploads\/2012\/10\/mom.jpg\" \/>\n\t<meta property=\"og:image:width\" content=\"250\" \/>\n\t<meta property=\"og:image:height\" content=\"312\" \/>\n\t<meta property=\"og:image:type\" content=\"image\/jpeg\" \/>\n<meta name=\"twitter:card\" content=\"summary_large_image\" \/>\n<meta name=\"twitter:site\" content=\"@BareOaksPark\" \/>\n<meta name=\"twitter:label1\" content=\"Estimation du temps de lecture\" \/>\n\t<meta name=\"twitter:data1\" content=\"6 minutes\" \/>\n<script type=\"application\/ld+json\" class=\"yoast-schema-graph\">{\"@context\":\"https:\\\/\\\/schema.org\",\"@graph\":[{\"@type\":\"WebPage\",\"@id\":\"https:\\\/\\\/www.bareoaks.ca\\\/ethical-naturism\\\/\",\"url\":\"https:\\\/\\\/www.bareoaks.ca\\\/ethical-naturism\\\/\",\"name\":\"Recreational Naturism versus Ethical Naturism &#8226; Bare Oaks Family Naturist Park\",\"isPartOf\":{\"@id\":\"https:\\\/\\\/www.bareoaks.ca\\\/#website\"},\"primaryImageOfPage\":{\"@id\":\"https:\\\/\\\/www.bareoaks.ca\\\/ethical-naturism\\\/#primaryimage\"},\"image\":{\"@id\":\"https:\\\/\\\/www.bareoaks.ca\\\/ethical-naturism\\\/#primaryimage\"},\"thumbnailUrl\":\"https:\\\/\\\/www.bareoaks.ca\\\/wp-content\\\/uploads\\\/2012\\\/10\\\/mom.jpg\",\"datePublished\":\"2012-10-08T23:27:04+00:00\",\"dateModified\":\"2025-07-11T17:25:34+00:00\",\"description\":\"The difference between nudism and naturism. Because there is a lot of confusion, we introduce the concepts of Recreational Nudists and Ethical Naturists.\",\"breadcrumb\":{\"@id\":\"https:\\\/\\\/www.bareoaks.ca\\\/ethical-naturism\\\/#breadcrumb\"},\"inLanguage\":\"fr-CA\",\"potentialAction\":[{\"@type\":\"ReadAction\",\"target\":[\"https:\\\/\\\/www.bareoaks.ca\\\/ethical-naturism\\\/\"]}]},{\"@type\":\"ImageObject\",\"inLanguage\":\"fr-CA\",\"@id\":\"https:\\\/\\\/www.bareoaks.ca\\\/ethical-naturism\\\/#primaryimage\",\"url\":\"https:\\\/\\\/www.bareoaks.ca\\\/wp-content\\\/uploads\\\/2012\\\/10\\\/mom.jpg\",\"contentUrl\":\"https:\\\/\\\/www.bareoaks.ca\\\/wp-content\\\/uploads\\\/2012\\\/10\\\/mom.jpg\"},{\"@type\":\"BreadcrumbList\",\"@id\":\"https:\\\/\\\/www.bareoaks.ca\\\/ethical-naturism\\\/#breadcrumb\",\"itemListElement\":[{\"@type\":\"ListItem\",\"position\":1,\"name\":\"Home\",\"item\":\"https:\\\/\\\/www.bareoaks.ca\\\/\"},{\"@type\":\"ListItem\",\"position\":2,\"name\":\"Recreational Naturism versus Ethical Naturism\"}]},{\"@type\":\"WebSite\",\"@id\":\"https:\\\/\\\/www.bareoaks.ca\\\/#website\",\"url\":\"https:\\\/\\\/www.bareoaks.ca\\\/\",\"name\":\"Bare Oaks Family Naturist Park\",\"description\":\"Traditional naturist values in a modern setting\",\"publisher\":{\"@id\":\"https:\\\/\\\/www.bareoaks.ca\\\/#organization\"},\"potentialAction\":[{\"@type\":\"SearchAction\",\"target\":{\"@type\":\"EntryPoint\",\"urlTemplate\":\"https:\\\/\\\/www.bareoaks.ca\\\/?s={search_term_string}\"},\"query-input\":{\"@type\":\"PropertyValueSpecification\",\"valueRequired\":true,\"valueName\":\"search_term_string\"}}],\"inLanguage\":\"fr-CA\"},{\"@type\":\"Organization\",\"@id\":\"https:\\\/\\\/www.bareoaks.ca\\\/#organization\",\"name\":\"Bare Oaks Family Naturist Park\",\"url\":\"https:\\\/\\\/www.bareoaks.ca\\\/\",\"logo\":{\"@type\":\"ImageObject\",\"inLanguage\":\"fr-CA\",\"@id\":\"https:\\\/\\\/www.bareoaks.ca\\\/#\\\/schema\\\/logo\\\/image\\\/\",\"url\":\"https:\\\/\\\/www.bareoaks.ca\\\/wp-content\\\/uploads\\\/2025\\\/07\\\/BareOaksLogo_website.png\",\"contentUrl\":\"https:\\\/\\\/www.bareoaks.ca\\\/wp-content\\\/uploads\\\/2025\\\/07\\\/BareOaksLogo_website.png\",\"width\":250,\"height\":132,\"caption\":\"Bare Oaks Family Naturist Park\"},\"image\":{\"@id\":\"https:\\\/\\\/www.bareoaks.ca\\\/#\\\/schema\\\/logo\\\/image\\\/\"},\"sameAs\":[\"https:\\\/\\\/www.facebook.com\\\/BareOaksPark\",\"https:\\\/\\\/x.com\\\/BareOaksPark\",\"https:\\\/\\\/www.instagram.com\\\/bareoaks\\\/\",\"http:\\\/\\\/www.linkedin.com\\\/company\\\/bare-oaks-family-naturist-park\",\"https:\\\/\\\/www.youtube.com\\\/user\\\/BareOaks\",\"https:\\\/\\\/en.wikipedia.org\\\/wiki\\\/Bare_Oaks_Family_Naturist_Park\"]}]}<\/script>\n<!-- \/ Yoast SEO plugin. -->","yoast_head_json":{"title":"Naturisme r\u00e9cr\u00e9atif contre naturisme \u00e9thique - Bare Oaks Family Naturist Park","description":"La diff\u00e9rence entre le nudisme et le naturisme. Parce qu'il y a beaucoup de confusion, nous introduisons les concepts de nudistes r\u00e9cr\u00e9atifs et de naturistes \u00e9thiques.","robots":{"index":"index","follow":"follow","max-snippet":"max-snippet:-1","max-image-preview":"max-image-preview:large","max-video-preview":"max-video-preview:-1"},"canonical":"https:\/\/www.bareoaks.ca\/fr\/ethical-naturism\/","og_locale":"fr_CA","og_type":"article","og_title":"Recreational Naturism versus Ethical Naturism &#8226; Bare Oaks Family Naturist Park","og_description":"The difference between nudism and naturism. Because there is a lot of confusion, we introduce the concepts of Recreational Nudists and Ethical Naturists.","og_url":"https:\/\/www.bareoaks.ca\/fr\/ethical-naturism\/","og_site_name":"Bare Oaks Family Naturist Park","article_publisher":"https:\/\/www.facebook.com\/BareOaksPark","article_modified_time":"2025-07-11T17:25:34+00:00","og_image":[{"width":250,"height":312,"url":"https:\/\/www.bareoaks.ca\/wp-content\/uploads\/2012\/10\/mom.jpg","type":"image\/jpeg"}],"twitter_card":"summary_large_image","twitter_site":"@BareOaksPark","twitter_misc":{"Estimation du temps de lecture":"6 minutes"},"schema":{"@context":"https:\/\/schema.org","@graph":[{"@type":"WebPage","@id":"https:\/\/www.bareoaks.ca\/ethical-naturism\/","url":"https:\/\/www.bareoaks.ca\/ethical-naturism\/","name":"Naturisme r\u00e9cr\u00e9atif contre naturisme \u00e9thique - Bare Oaks Family Naturist Park","isPartOf":{"@id":"https:\/\/www.bareoaks.ca\/#website"},"primaryImageOfPage":{"@id":"https:\/\/www.bareoaks.ca\/ethical-naturism\/#primaryimage"},"image":{"@id":"https:\/\/www.bareoaks.ca\/ethical-naturism\/#primaryimage"},"thumbnailUrl":"https:\/\/www.bareoaks.ca\/wp-content\/uploads\/2012\/10\/mom.jpg","datePublished":"2012-10-08T23:27:04+00:00","dateModified":"2025-07-11T17:25:34+00:00","description":"La diff\u00e9rence entre le nudisme et le naturisme. Parce qu'il y a beaucoup de confusion, nous introduisons les concepts de nudistes r\u00e9cr\u00e9atifs et de naturistes \u00e9thiques.","breadcrumb":{"@id":"https:\/\/www.bareoaks.ca\/ethical-naturism\/#breadcrumb"},"inLanguage":"fr-CA","potentialAction":[{"@type":"ReadAction","target":["https:\/\/www.bareoaks.ca\/ethical-naturism\/"]}]},{"@type":"ImageObject","inLanguage":"fr-CA","@id":"https:\/\/www.bareoaks.ca\/ethical-naturism\/#primaryimage","url":"https:\/\/www.bareoaks.ca\/wp-content\/uploads\/2012\/10\/mom.jpg","contentUrl":"https:\/\/www.bareoaks.ca\/wp-content\/uploads\/2012\/10\/mom.jpg"},{"@type":"BreadcrumbList","@id":"https:\/\/www.bareoaks.ca\/ethical-naturism\/#breadcrumb","itemListElement":[{"@type":"ListItem","position":1,"name":"Home","item":"https:\/\/www.bareoaks.ca\/"},{"@type":"ListItem","position":2,"name":"Recreational Naturism versus Ethical Naturism"}]},{"@type":"WebSite","@id":"https:\/\/www.bareoaks.ca\/#website","url":"https:\/\/www.bareoaks.ca\/","name":"Parc naturiste familial Bare Oaks","description":"Des valeurs naturistes traditionnelles dans un cadre moderne","publisher":{"@id":"https:\/\/www.bareoaks.ca\/#organization"},"potentialAction":[{"@type":"SearchAction","target":{"@type":"EntryPoint","urlTemplate":"https:\/\/www.bareoaks.ca\/?s={search_term_string}"},"query-input":{"@type":"PropertyValueSpecification","valueRequired":true,"valueName":"search_term_string"}}],"inLanguage":"fr-CA"},{"@type":"Organization","@id":"https:\/\/www.bareoaks.ca\/#organization","name":"Parc naturiste familial Bare Oaks","url":"https:\/\/www.bareoaks.ca\/","logo":{"@type":"ImageObject","inLanguage":"fr-CA","@id":"https:\/\/www.bareoaks.ca\/#\/schema\/logo\/image\/","url":"https:\/\/www.bareoaks.ca\/wp-content\/uploads\/2025\/07\/BareOaksLogo_website.png","contentUrl":"https:\/\/www.bareoaks.ca\/wp-content\/uploads\/2025\/07\/BareOaksLogo_website.png","width":250,"height":132,"caption":"Bare Oaks Family Naturist Park"},"image":{"@id":"https:\/\/www.bareoaks.ca\/#\/schema\/logo\/image\/"},"sameAs":["https:\/\/www.facebook.com\/BareOaksPark","https:\/\/x.com\/BareOaksPark","https:\/\/www.instagram.com\/bareoaks\/","http:\/\/www.linkedin.com\/company\/bare-oaks-family-naturist-park","https:\/\/www.youtube.com\/user\/BareOaks","https:\/\/en.wikipedia.org\/wiki\/Bare_Oaks_Family_Naturist_Park"]}]}},"_links":{"self":[{"href":"https:\/\/www.bareoaks.ca\/fr\/wp-json\/wp\/v2\/pages\/82","targetHints":{"allow":["GET"]}}],"collection":[{"href":"https:\/\/www.bareoaks.ca\/fr\/wp-json\/wp\/v2\/pages"}],"about":[{"href":"https:\/\/www.bareoaks.ca\/fr\/wp-json\/wp\/v2\/types\/page"}],"author":[{"embeddable":true,"href":"https:\/\/www.bareoaks.ca\/fr\/wp-json\/wp\/v2\/users\/73"}],"replies":[{"embeddable":true,"href":"https:\/\/www.bareoaks.ca\/fr\/wp-json\/wp\/v2\/comments?post=82"}],"version-history":[{"count":14,"href":"https:\/\/www.bareoaks.ca\/fr\/wp-json\/wp\/v2\/pages\/82\/revisions"}],"predecessor-version":[{"id":80678,"href":"https:\/\/www.bareoaks.ca\/fr\/wp-json\/wp\/v2\/pages\/82\/revisions\/80678"}],"wp:attachment":[{"href":"https:\/\/www.bareoaks.ca\/fr\/wp-json\/wp\/v2\/media?parent=82"}],"curies":[{"name":"wp","href":"https:\/\/api.w.org\/{rel}","templated":true}]}}