{"id":82297,"date":"2026-02-03T17:06:19","date_gmt":"2026-02-03T22:06:19","guid":{"rendered":"https:\/\/www.bareoaks.ca\/?page_id=82297"},"modified":"2026-02-04T10:45:19","modified_gmt":"2026-02-04T15:45:19","slug":"lfl","status":"publish","type":"page","link":"https:\/\/www.bareoaks.ca\/fr\/lfl\/","title":{"rendered":"La biblioth\u00e8que"},"content":{"rendered":"<div class=\"wp-block-image is-style-default\">\n<figure class=\"alignright size-medium\"><img loading=\"lazy\" decoding=\"async\" width=\"300\" height=\"225\" src=\"https:\/\/www.bareoaks.ca\/wp-content\/uploads\/2026\/02\/little-free-library-300x225.jpg\" alt=\"The library at Bare Oaks Family Naturist Park\" class=\"wp-image-82307\" srcset=\"https:\/\/www.bareoaks.ca\/wp-content\/uploads\/2026\/02\/little-free-library-300x225.jpg 300w, https:\/\/www.bareoaks.ca\/wp-content\/uploads\/2026\/02\/little-free-library-16x12.jpg 16w, https:\/\/www.bareoaks.ca\/wp-content\/uploads\/2026\/02\/little-free-library-425x319.jpg 425w, https:\/\/www.bareoaks.ca\/wp-content\/uploads\/2026\/02\/little-free-library.jpg 640w\" sizes=\"auto, (max-width: 300px) 100vw, 300px\" \/><\/figure>\n<\/div>\n\n\n<p>Bien que la lib\u00e9ration du corps soit un acte physique, <a href=\"https:\/\/www.bareoaks.ca\/fr\/about-naturism\/\" type=\"page\" id=\"12\"><strong>Naturisme<\/strong><\/a> est en fait un exercice intellectuel. Reconna\u00eetre les dommages caus\u00e9s par l'objectivation et l'hypersexualisation de nos corps est une bataille de logique contre l'\u00e9motion intense de l'amour. <a href=\"https:\/\/www.bareoaks.ca\/fr\/gymnophobia\/\">gymnophobie<\/a>. Pour beaucoup, la lecture semble s'inscrire naturellement dans ce rajeunissement de l'esprit. Pas seulement pour en apprendre plus sur le naturisme, mais pour le simple plaisir de la sagesse, de la distraction et de l'amusement que l'on peut trouver dans les mots \u00e9crits.<\/p>\n\n\n\n<p>Pendant des ann\u00e9es, les membres et les visiteurs ont fait don de livres et la collection est devenue encombrante. En 2015, nous avons donc officialis\u00e9 la biblioth\u00e8que. Nous nous sommes inscrits aupr\u00e8s de <a href=\"https:\/\/map.lflapp.org\/6lDDf9oINRb\">LittleFreeLibrary.org<\/a>; Todd a construit de magnifiques \u00e9tag\u00e8res et Judy (en photo) les a organis\u00e9es (y compris une section enti\u00e8re pour les enfants). La biblioth\u00e8que se trouve au niveau inf\u00e9rieur du clubhouse.<\/p>\n\n\n\n<figure class=\"wp-block-pullquote has-text-align-center\"><blockquote><p><img loading=\"lazy\" decoding=\"async\" width=\"150\" height=\"32\" class=\"wp-image-82397\" style=\"width: 150px;\" src=\"https:\/\/www.bareoaks.ca\/wp-content\/uploads\/2026\/02\/LFL.webp\" alt=\"Little Free Library\" srcset=\"https:\/\/www.bareoaks.ca\/wp-content\/uploads\/2026\/02\/LFL.webp 1536w, https:\/\/www.bareoaks.ca\/wp-content\/uploads\/2026\/02\/LFL-300x64.webp 300w, https:\/\/www.bareoaks.ca\/wp-content\/uploads\/2026\/02\/LFL-1024x219.webp 1024w, https:\/\/www.bareoaks.ca\/wp-content\/uploads\/2026\/02\/LFL-768x165.webp 768w, https:\/\/www.bareoaks.ca\/wp-content\/uploads\/2026\/02\/LFL-18x4.webp 18w, https:\/\/www.bareoaks.ca\/wp-content\/uploads\/2026\/02\/LFL-425x91.webp 425w\" sizes=\"auto, (max-width: 150px) 100vw, 150px\" \/><br><strong><a href=\"https:\/\/map.lflapp.org\/6lDDf9oINRb\">Petite biblioth\u00e8que libre<\/a><br><\/strong><em>Charte # 22295<\/em><\/p><\/blockquote><\/figure>\n\n\n\n<p>Pour en savoir plus sur le naturisme ou sur des sujets li\u00e9s au mouvement naturiste, vous pouvez \u00e9galement consulter les sites suivants <a href=\"https:\/\/www.BareBoutique.ca\/\">la boutique Bare<\/a> qui propose une large s\u00e9lection de publications actuelles.<\/p>\n\n\n\n<p>Pour ceux qui souhaitent faire des recherches approfondies sur le naturisme, il existe un certain nombre de biblioth\u00e8ques poss\u00e9dant des collections sp\u00e9ciales sur le naturisme\/nudisme. La F\u00e9d\u00e9ration internationale des naturistes en donne la liste sur son site <a href=\"https:\/\/inf-fni.org\/about-inf-fni\/libraries-and-research\/\">site web<\/a>.<\/p>\n\n\n\n<h4 class=\"wp-block-heading\">Livres - la technologie \u00e9prouv\u00e9e : utilis\u00e9e en permanence depuis 1450 sans qu'aucun syst\u00e8me d'exploitation ne se soit fig\u00e9, n'ait plant\u00e9 ou ne soit tomb\u00e9 en panne.<\/h4>\n\n\n\n<ul class=\"wp-block-list\">\n<li>Activation instantan\u00e9e \u00e0 tout moment<\/li>\n\n\n\n<li>Aucune pile n'est n\u00e9cessaire - il fonctionnera \u00e9ternellement sans une seule charge.<\/li>\n\n\n\n<li>Syst\u00e8me d'exploitation universel<\/li>\n\n\n\n<li>Compatibilit\u00e9 ascendante et descendante avec toutes les versions<\/li>\n\n\n\n<li>Extr\u00eamement tol\u00e9rant aux environnements \u00e0 basse et haute temp\u00e9rature<\/li>\n\n\n\n<li>Imperm\u00e9able aux chocs et aux impacts<\/li>\n\n\n\n<li>Insensible aux ondes radio, aux champs magn\u00e9tiques et aux impulsions \u00e9lectromagn\u00e9tiques<\/li>\n\n\n\n<li>Peu co\u00fbteux \u00e0 remplacer en cas de perte ou d'endommagement<\/li>\n\n\n\n<li>Lisible en plein soleil<\/li>\n\n\n\n<li>Susceptible d'\u00eatre endommag\u00e9e par l'eau, elle peut parfois \u00eatre r\u00e9activ\u00e9e par le s\u00e9chage.<\/li>\n\n\n\n<li>Compatible avec la technologie des signets<\/li>\n\n\n\n<li>Acc\u00e8s imm\u00e9diat \u00e0 n'importe quelle partie gr\u00e2ce au syst\u00e8me de num\u00e9rotation des pages<\/li>\n\n\n\n<li>Fonctionne dans de multiples environnements (canap\u00e9, lit, toilettes, etc...)<\/li>\n\n\n\n<li>Aucune limitation g\u00e9ographique ou culturelle \u00ac fonctionne dans tous les pays<\/li>\n\n\n\n<li>Utilisation autoris\u00e9e dans les avions en vol, pendant le d\u00e9collage et l'atterrissage<\/li>\n\n\n\n<li>Fonctionne la nuit avec l'ajout d'une petite quantit\u00e9 de lumi\u00e8re<\/li>\n\n\n\n<li>Respectueux de l'environnement - 100% recyclable, aucun gaz \u00e0 effet de serre ni aucune pollution ne sont g\u00e9n\u00e9r\u00e9s pendant l'utilisation.<\/li>\n<\/ul>","protected":false},"excerpt":{"rendered":"<p>La petite biblioth\u00e8que gratuite du parc naturiste familial de Bare Oaks contient une vari\u00e9t\u00e9 de livres \u00e0 lire pour le plaisir ou l'\u00e9ducation.<a class=\"more-link\" href=\"https:\/\/www.bareoaks.ca\/fr\/lfl\/\">Lire la suite \u2192<\/a><\/p>","protected":false},"author":73,"featured_media":82307,"parent":0,"menu_order":0,"comment_status":"closed","ping_status":"closed","template":"","meta":{"_themeisle_gutenberg_block_has_review":false,"footnotes":""},"class_list":["entry","author-sdeschenes","has-excerpt","post-82297","page","type-page","status-publish","has-post-thumbnail"],"yoast_head":"<!-- This site is optimized with the Yoast SEO plugin v27.4 - https:\/\/yoast.com\/product\/yoast-seo-wordpress\/ -->\n<title>The Library &#8226; Bare Oaks Family Naturist Park<\/title>\n<meta name=\"description\" content=\"The library at Bare Oaks Family Naturist Park contains a variety of books to read for pleasure or education.\" \/>\n<meta name=\"robots\" content=\"index, follow, max-snippet:-1, max-image-preview:large, max-video-preview:-1\" \/>\n<link rel=\"canonical\" href=\"https:\/\/www.bareoaks.ca\/fr\/lfl\/\" \/>\n<meta property=\"og:locale\" content=\"fr_CA\" \/>\n<meta property=\"og:type\" content=\"article\" \/>\n<meta property=\"og:title\" content=\"The Library &#8226; Bare Oaks Family Naturist Park\" \/>\n<meta property=\"og:description\" content=\"The library at Bare Oaks Family Naturist Park contains a variety of books to read for pleasure or education.\" \/>\n<meta property=\"og:url\" content=\"https:\/\/www.bareoaks.ca\/fr\/lfl\/\" \/>\n<meta property=\"og:site_name\" content=\"Bare Oaks Family Naturist Park\" \/>\n<meta property=\"article:publisher\" content=\"https:\/\/www.facebook.com\/BareOaksPark\" \/>\n<meta property=\"article:modified_time\" content=\"2026-02-04T15:45:19+00:00\" \/>\n<meta property=\"og:image\" content=\"https:\/\/www.bareoaks.ca\/wp-content\/uploads\/2026\/02\/little-free-library.jpg\" \/>\n\t<meta property=\"og:image:width\" content=\"640\" \/>\n\t<meta property=\"og:image:height\" content=\"480\" \/>\n\t<meta property=\"og:image:type\" content=\"image\/jpeg\" \/>\n<meta name=\"twitter:card\" content=\"summary_large_image\" \/>\n<meta name=\"twitter:site\" content=\"@BareOaksPark\" \/>\n<meta name=\"twitter:label1\" content=\"Estimation du temps de lecture\" \/>\n\t<meta name=\"twitter:data1\" content=\"2 minutes\" \/>\n<script type=\"application\/ld+json\" class=\"yoast-schema-graph\">{\"@context\":\"https:\\\/\\\/schema.org\",\"@graph\":[{\"@type\":\"WebPage\",\"@id\":\"https:\\\/\\\/www.bareoaks.ca\\\/lfl\\\/\",\"url\":\"https:\\\/\\\/www.bareoaks.ca\\\/lfl\\\/\",\"name\":\"The Library &#8226; Bare Oaks Family Naturist Park\",\"isPartOf\":{\"@id\":\"https:\\\/\\\/www.bareoaks.ca\\\/#website\"},\"primaryImageOfPage\":{\"@id\":\"https:\\\/\\\/www.bareoaks.ca\\\/lfl\\\/#primaryimage\"},\"image\":{\"@id\":\"https:\\\/\\\/www.bareoaks.ca\\\/lfl\\\/#primaryimage\"},\"thumbnailUrl\":\"https:\\\/\\\/www.bareoaks.ca\\\/wp-content\\\/uploads\\\/2026\\\/02\\\/little-free-library.jpg\",\"datePublished\":\"2026-02-03T22:06:19+00:00\",\"dateModified\":\"2026-02-04T15:45:19+00:00\",\"description\":\"The library at Bare Oaks Family Naturist Park contains a variety of books to read for pleasure or education.\",\"breadcrumb\":{\"@id\":\"https:\\\/\\\/www.bareoaks.ca\\\/lfl\\\/#breadcrumb\"},\"inLanguage\":\"fr-CA\",\"potentialAction\":[{\"@type\":\"ReadAction\",\"target\":[\"https:\\\/\\\/www.bareoaks.ca\\\/lfl\\\/\"]}]},{\"@type\":\"ImageObject\",\"inLanguage\":\"fr-CA\",\"@id\":\"https:\\\/\\\/www.bareoaks.ca\\\/lfl\\\/#primaryimage\",\"url\":\"https:\\\/\\\/www.bareoaks.ca\\\/wp-content\\\/uploads\\\/2026\\\/02\\\/little-free-library.jpg\",\"contentUrl\":\"https:\\\/\\\/www.bareoaks.ca\\\/wp-content\\\/uploads\\\/2026\\\/02\\\/little-free-library.jpg\",\"width\":640,\"height\":480,\"caption\":\"The library at Bare Oaks Family Naturist Park\"},{\"@type\":\"BreadcrumbList\",\"@id\":\"https:\\\/\\\/www.bareoaks.ca\\\/lfl\\\/#breadcrumb\",\"itemListElement\":[{\"@type\":\"ListItem\",\"position\":1,\"name\":\"Home\",\"item\":\"https:\\\/\\\/www.bareoaks.ca\\\/\"},{\"@type\":\"ListItem\",\"position\":2,\"name\":\"The Library\"}]},{\"@type\":\"WebSite\",\"@id\":\"https:\\\/\\\/www.bareoaks.ca\\\/#website\",\"url\":\"https:\\\/\\\/www.bareoaks.ca\\\/\",\"name\":\"Bare Oaks Family Naturist Park\",\"description\":\"Traditional naturist values in a modern setting\",\"publisher\":{\"@id\":\"https:\\\/\\\/www.bareoaks.ca\\\/#organization\"},\"potentialAction\":[{\"@type\":\"SearchAction\",\"target\":{\"@type\":\"EntryPoint\",\"urlTemplate\":\"https:\\\/\\\/www.bareoaks.ca\\\/?s={search_term_string}\"},\"query-input\":{\"@type\":\"PropertyValueSpecification\",\"valueRequired\":true,\"valueName\":\"search_term_string\"}}],\"inLanguage\":\"fr-CA\"},{\"@type\":\"Organization\",\"@id\":\"https:\\\/\\\/www.bareoaks.ca\\\/#organization\",\"name\":\"Bare Oaks Family Naturist Park\",\"url\":\"https:\\\/\\\/www.bareoaks.ca\\\/\",\"logo\":{\"@type\":\"ImageObject\",\"inLanguage\":\"fr-CA\",\"@id\":\"https:\\\/\\\/www.bareoaks.ca\\\/#\\\/schema\\\/logo\\\/image\\\/\",\"url\":\"https:\\\/\\\/www.bareoaks.ca\\\/wp-content\\\/uploads\\\/2025\\\/07\\\/BareOaksLogo_website.png\",\"contentUrl\":\"https:\\\/\\\/www.bareoaks.ca\\\/wp-content\\\/uploads\\\/2025\\\/07\\\/BareOaksLogo_website.png\",\"width\":250,\"height\":132,\"caption\":\"Bare Oaks Family Naturist Park\"},\"image\":{\"@id\":\"https:\\\/\\\/www.bareoaks.ca\\\/#\\\/schema\\\/logo\\\/image\\\/\"},\"sameAs\":[\"https:\\\/\\\/www.facebook.com\\\/BareOaksPark\",\"https:\\\/\\\/x.com\\\/BareOaksPark\",\"https:\\\/\\\/www.instagram.com\\\/bareoaks\\\/\",\"http:\\\/\\\/www.linkedin.com\\\/company\\\/bare-oaks-family-naturist-park\",\"https:\\\/\\\/www.youtube.com\\\/user\\\/BareOaks\",\"https:\\\/\\\/en.wikipedia.org\\\/wiki\\\/Bare_Oaks_Family_Naturist_Park\"]}]}<\/script>\n<!-- \/ Yoast SEO plugin. -->","yoast_head_json":{"title":"The Library &#8226; Bare Oaks Family Naturist Park","description":"The library at Bare Oaks Family Naturist Park contains a variety of books to read for pleasure or education.","robots":{"index":"index","follow":"follow","max-snippet":"max-snippet:-1","max-image-preview":"max-image-preview:large","max-video-preview":"max-video-preview:-1"},"canonical":"https:\/\/www.bareoaks.ca\/fr\/lfl\/","og_locale":"fr_CA","og_type":"article","og_title":"The Library &#8226; Bare Oaks Family Naturist Park","og_description":"The library at Bare Oaks Family Naturist Park contains a variety of books to read for pleasure or education.","og_url":"https:\/\/www.bareoaks.ca\/fr\/lfl\/","og_site_name":"Bare Oaks Family Naturist Park","article_publisher":"https:\/\/www.facebook.com\/BareOaksPark","article_modified_time":"2026-02-04T15:45:19+00:00","og_image":[{"width":640,"height":480,"url":"https:\/\/www.bareoaks.ca\/wp-content\/uploads\/2026\/02\/little-free-library.jpg","type":"image\/jpeg"}],"twitter_card":"summary_large_image","twitter_site":"@BareOaksPark","twitter_misc":{"Estimation du temps de lecture":"2 minutes"},"schema":{"@context":"https:\/\/schema.org","@graph":[{"@type":"WebPage","@id":"https:\/\/www.bareoaks.ca\/lfl\/","url":"https:\/\/www.bareoaks.ca\/lfl\/","name":"The Library &#8226; Bare Oaks Family Naturist Park","isPartOf":{"@id":"https:\/\/www.bareoaks.ca\/#website"},"primaryImageOfPage":{"@id":"https:\/\/www.bareoaks.ca\/lfl\/#primaryimage"},"image":{"@id":"https:\/\/www.bareoaks.ca\/lfl\/#primaryimage"},"thumbnailUrl":"https:\/\/www.bareoaks.ca\/wp-content\/uploads\/2026\/02\/little-free-library.jpg","datePublished":"2026-02-03T22:06:19+00:00","dateModified":"2026-02-04T15:45:19+00:00","description":"The library at Bare Oaks Family Naturist Park contains a variety of books to read for pleasure or education.","breadcrumb":{"@id":"https:\/\/www.bareoaks.ca\/lfl\/#breadcrumb"},"inLanguage":"fr-CA","potentialAction":[{"@type":"ReadAction","target":["https:\/\/www.bareoaks.ca\/lfl\/"]}]},{"@type":"ImageObject","inLanguage":"fr-CA","@id":"https:\/\/www.bareoaks.ca\/lfl\/#primaryimage","url":"https:\/\/www.bareoaks.ca\/wp-content\/uploads\/2026\/02\/little-free-library.jpg","contentUrl":"https:\/\/www.bareoaks.ca\/wp-content\/uploads\/2026\/02\/little-free-library.jpg","width":640,"height":480,"caption":"The library at Bare Oaks Family Naturist Park"},{"@type":"BreadcrumbList","@id":"https:\/\/www.bareoaks.ca\/lfl\/#breadcrumb","itemListElement":[{"@type":"ListItem","position":1,"name":"Home","item":"https:\/\/www.bareoaks.ca\/"},{"@type":"ListItem","position":2,"name":"The Library"}]},{"@type":"WebSite","@id":"https:\/\/www.bareoaks.ca\/#website","url":"https:\/\/www.bareoaks.ca\/","name":"Parc naturiste familial Bare Oaks","description":"Des valeurs naturistes traditionnelles dans un cadre moderne","publisher":{"@id":"https:\/\/www.bareoaks.ca\/#organization"},"potentialAction":[{"@type":"SearchAction","target":{"@type":"EntryPoint","urlTemplate":"https:\/\/www.bareoaks.ca\/?s={search_term_string}"},"query-input":{"@type":"PropertyValueSpecification","valueRequired":true,"valueName":"search_term_string"}}],"inLanguage":"fr-CA"},{"@type":"Organization","@id":"https:\/\/www.bareoaks.ca\/#organization","name":"Parc naturiste familial Bare Oaks","url":"https:\/\/www.bareoaks.ca\/","logo":{"@type":"ImageObject","inLanguage":"fr-CA","@id":"https:\/\/www.bareoaks.ca\/#\/schema\/logo\/image\/","url":"https:\/\/www.bareoaks.ca\/wp-content\/uploads\/2025\/07\/BareOaksLogo_website.png","contentUrl":"https:\/\/www.bareoaks.ca\/wp-content\/uploads\/2025\/07\/BareOaksLogo_website.png","width":250,"height":132,"caption":"Bare Oaks Family Naturist Park"},"image":{"@id":"https:\/\/www.bareoaks.ca\/#\/schema\/logo\/image\/"},"sameAs":["https:\/\/www.facebook.com\/BareOaksPark","https:\/\/x.com\/BareOaksPark","https:\/\/www.instagram.com\/bareoaks\/","http:\/\/www.linkedin.com\/company\/bare-oaks-family-naturist-park","https:\/\/www.youtube.com\/user\/BareOaks","https:\/\/en.wikipedia.org\/wiki\/Bare_Oaks_Family_Naturist_Park"]}]}},"_links":{"self":[{"href":"https:\/\/www.bareoaks.ca\/fr\/wp-json\/wp\/v2\/pages\/82297","targetHints":{"allow":["GET"]}}],"collection":[{"href":"https:\/\/www.bareoaks.ca\/fr\/wp-json\/wp\/v2\/pages"}],"about":[{"href":"https:\/\/www.bareoaks.ca\/fr\/wp-json\/wp\/v2\/types\/page"}],"author":[{"embeddable":true,"href":"https:\/\/www.bareoaks.ca\/fr\/wp-json\/wp\/v2\/users\/73"}],"replies":[{"embeddable":true,"href":"https:\/\/www.bareoaks.ca\/fr\/wp-json\/wp\/v2\/comments?post=82297"}],"version-history":[{"count":8,"href":"https:\/\/www.bareoaks.ca\/fr\/wp-json\/wp\/v2\/pages\/82297\/revisions"}],"predecessor-version":[{"id":82457,"href":"https:\/\/www.bareoaks.ca\/fr\/wp-json\/wp\/v2\/pages\/82297\/revisions\/82457"}],"wp:featuredmedia":[{"embeddable":true,"href":"https:\/\/www.bareoaks.ca\/fr\/wp-json\/wp\/v2\/media\/82307"}],"wp:attachment":[{"href":"https:\/\/www.bareoaks.ca\/fr\/wp-json\/wp\/v2\/media?parent=82297"}],"curies":[{"name":"wp","href":"https:\/\/api.w.org\/{rel}","templated":true}]}}