{"id":9,"date":"2010-03-02T22:10:02","date_gmt":"2010-03-03T03:10:02","guid":{"rendered":"http:\/\/ww1.bareoaks.ca\/?page_id=9"},"modified":"2021-12-28T11:59:31","modified_gmt":"2021-12-28T16:59:31","slug":"why-nudity-is-required","status":"publish","type":"page","link":"https:\/\/www.bareoaks.ca\/fr\/why-nudity-is-required\/","title":{"rendered":"Pourquoi la nudit\u00e9 est-elle n\u00e9cessaire ?"},"content":{"rendered":"<figure class=\"wp-block-image is-style-default\"><img loading=\"lazy\" decoding=\"async\" width=\"1040\" height=\"250\" src=\"https:\/\/www.bareoaks.ca\/wp-content\/uploads\/2010\/03\/why-nude-1040x250.jpg\" alt=\"\" class=\"wp-image-28393\" srcset=\"https:\/\/www.bareoaks.ca\/wp-content\/uploads\/2010\/03\/why-nude-1040x250.jpg 1040w, https:\/\/www.bareoaks.ca\/wp-content\/uploads\/2010\/03\/why-nude-1040x250-300x72.jpg 300w, https:\/\/www.bareoaks.ca\/wp-content\/uploads\/2010\/03\/why-nude-1040x250-768x185.jpg 768w, https:\/\/www.bareoaks.ca\/wp-content\/uploads\/2010\/03\/why-nude-1040x250-1024x246.jpg 1024w, https:\/\/www.bareoaks.ca\/wp-content\/uploads\/2010\/03\/why-nude-1040x250-425x102.jpg 425w\" sizes=\"auto, (max-width: 1040px) 100vw, 1040px\" \/><\/figure>\n\n\n\n<p>Le parc naturiste familial de Bare Oaks a pour devise \"Des valeurs naturistes traditionnelles dans un cadre moderne\".<\/p>\n\n\n\n<p>La partie \"valeurs traditionnelles\" r\u00e9sulte de notre observation que de nombreux clubs naturistes ont perdu la philosophie du naturisme. Pour beaucoup, le naturisme n'est qu'une activit\u00e9 r\u00e9cr\u00e9ative occasionnelle repr\u00e9sentant simplement une alternative au port du maillot de bain. Les aspects sociaux, psychologiques, environnementaux et moraux du mouvement ont disparu. Bien que nous ne voulions pas revenir \u00e0 l'\u00e9poque de la gymnastique su\u00e9doise obligatoire, du v\u00e9g\u00e9tarisme et de l'interdiction de l'alcool et du tabac, nous voulons r\u00e9introduire le naturisme en tant que philosophie et mode de vie. Bien s\u00fbr, ce n'est pas pour tout le monde, mais chacun peut choisir si Bare Oaks lui convient. Nous n'essayons pas de plaire \u00e0 tout le monde. Bare Oaks existe pour ceux qui sont passionn\u00e9s par le naturisme.<\/p>\n\n\n\n<p>Les gens se demandent souvent pourquoi, si les naturistes sont si tol\u00e9rants envers les autres, Bare Oaks ne permet pas aux gens de rester habill\u00e9s s'ils le souhaitent (lorsque l'environnement le permet, bien s\u00fbr !). (Lorsque l'environnement le permet, bien s\u00fbr !) \u00c0 premi\u00e8re vue, cet appel \u00e0 la tol\u00e9rance semble tr\u00e8s logique. Cet appel et l'aspiration \u00e0 \u00eatre plus inclusif ont \u00e9t\u00e9 les moteurs du mouvement de l'option vestimentaire au cours des derni\u00e8res d\u00e9cennies.<\/p>\n\n\n\n<p>Ce serait formidable si nous vivions dans une utopie o\u00f9 personne ne se soucierait de ce que nous portons et o\u00f9 nous pourrions \u00eatre nus partout o\u00f9 nous le d\u00e9sirons. Cela pourrait \u00eatre possible un jour. Mais dans notre monde, c'est <img loading=\"lazy\" decoding=\"async\" class=\"alignnone wp-image-28413 size-full\" style=\"float: right; margin: 10px;\" src=\"https:\/\/www.bareoaks.ca\/wp-content\/uploads\/2010\/03\/dock.jpg\" alt=\"\" width=\"250\" height=\"179\">impossible, en raison d'une pression sociale constante qui favorise une honte corporelle incroyable et une obsession de l'habillement. Ces messages sont profond\u00e9ment ancr\u00e9s chez la plupart des gens depuis l'enfance et sont constamment renforc\u00e9s par la fa\u00e7on dont notre monde est construit et par les r\u00e9actions des autres. La peur de la nudit\u00e9 et du corps est si profond\u00e9ment ancr\u00e9e dans le psychisme de la plupart des gens qu'elle est devenue subconsciente, instinctive et \u00e9motionnelle.<\/p>\n\n\n\n<p>Il existe de nombreuses variantes de l'option vestimentaire dans le monde. Elles ne fonctionnent g\u00e9n\u00e9ralement pas, car elles ne sont pas ind\u00e9pendantes du reste du monde. Les lieux de naturisme sont un sous-ensemble de la soci\u00e9t\u00e9, et non une culture v\u00e9ritablement ind\u00e9pendante. Puisque les pressions du monde textile sont omnipr\u00e9sentes dans le naturisme, nous devons appliquer une pression \u00e9gale et \u00e9quilibr\u00e9e dans les clubs naturistes pour maintenir les valeurs naturistes.<\/p>\n\n\n\n<p>Le naturisme \u00e0 Bare Oaks ne peut donc pas \u00eatre vestimentaire, car nous le sommes :<\/p>\n\n\n\n<h4 class=\"wp-block-heading\">Vivre une philosophie<\/h4>\n\n\n\n<p>Le naturisme est une philosophie de vie. C'est une fa\u00e7on de penser, d'agir et de regarder le reste du monde. Nous encourageons le respect de soi, des autres et de l'environnement. La nudit\u00e9 compl\u00e8te est un \u00e9l\u00e9ment fondamental de ces valeurs.<\/p>\n\n\n\n<hr class=\"wp-block-separator is-style-wide\"\/>\n\n\n\n<h4 class=\"paragraph_style_1 wp-block-heading\">Lutter contre un conditionnement social puissant<\/h4>\n\n\n\n<p class=\"paragraph_style\">M\u00eame les naturistes de longue date \u00e9prouvent un certain malaise face \u00e0 la nudit\u00e9 dans certaines situations. Qu'il s'agisse de danser, de manger dans un restaurant ou de s'asseoir dans certaines positions, beaucoup d'entre nous ressentent encore cette g\u00eane. En raison des influences ext\u00e9rieures incessantes mentionn\u00e9es ci-dessus, personne ne fait un choix vraiment libre lorsqu'il choisit de rester habill\u00e9. Dans cette exp\u00e9rience sociale que nous appelons naturisme, nous devons aider toutes les personnes \u00e0 se sentir plus \u00e0 l'aise avec leur corps dans toutes les situations.<\/p>\n\n\n\n<div class=\"wp-block-columns is-layout-flex wp-container-core-columns-is-layout-9d6595d7 wp-block-columns-is-layout-flex\">\n<div class=\"wp-block-column is-layout-flow wp-block-column-is-layout-flow\" style=\"flex-basis:60%\">\n<p>Dans les clubs naturistes, certains hommes portent des shorts pour marcher parce qu'ils estiment que c'est plus confortable. S'agit-il d'un confort physique ou psychologique ? Une femme naturiste a affirm\u00e9 un jour qu'elle se sentait plus f\u00e9minine avec une \u00e9charpe. Comment peut-elle consid\u00e9rer qu'un morceau de tissu est plus f\u00e9minin que sa propre forme naturelle ? Lorsqu'on lui a demand\u00e9 pourquoi il enroulait sa serviette autour de sa taille, un jeune homme naturiste a expliqu\u00e9 que c'\u00e9tait la fa\u00e7on la plus pratique de la transporter. Est-il vraiment plus facile de l'envelopper que de la jeter sur l'\u00e9paule ? S'agit-il de commodit\u00e9 ou de rationalisation ?<\/p>\n\n\n\n<p>Dans tous les exemples ci-dessus, les personnes croyaient vraiment \u00e0 ce qu'elles disaient. L'inconscient est extr\u00eamement dou\u00e9 pour rationaliser les raisons des d\u00e9sagr\u00e9ments \u00e9motionnels cr\u00e9\u00e9s par la nudit\u00e9.<\/p>\n<\/div>\n\n\n\n<div class=\"wp-block-column color-columns-block-yellow indent-40px is-layout-flow wp-block-column-is-layout-flow\" style=\"flex-basis:40%\">\n<h3 class=\"wp-block-heading\">Qu'en est-il des nouveaux venus ?<\/h3>\n\n\n\n<p>Nous comprenons que les personnes qui d\u00e9couvrent le naturisme ont besoin d'un temps d'adaptation. Si vous ou un membre de votre groupe d\u00e9cide de rester habill\u00e9 pendant cette p\u00e9riode d'adaptation, veuillez respecter les autres. Soyez discret. Trouvez un endroit calme o\u00f9 vous pourrez prendre le temps de vous adapter. Les v\u00eatements ne sont jamais autoris\u00e9s pendant la baignade ou l'utilisation du sauna, du bain \u00e0 remous ou des douches.<\/p>\n<\/div>\n<\/div>\n\n\n\n<h4 class=\"paragraph_style_1 wp-block-heading\">Promouvoir l'\u00e9galit\u00e9<\/h4>\n\n\n\n<div class=\"wp-block-image is-style-default\"><figure class=\"alignleft\"><img loading=\"lazy\" decoding=\"async\" width=\"250\" height=\"375\" src=\"https:\/\/www.bareoaks.ca\/wp-content\/uploads\/2010\/03\/walk.jpg\" alt=\"\" class=\"wp-image-28423\" srcset=\"https:\/\/www.bareoaks.ca\/wp-content\/uploads\/2010\/03\/walk.jpg 250w, https:\/\/www.bareoaks.ca\/wp-content\/uploads\/2010\/03\/walk-200x300.jpg 200w\" sizes=\"auto, (max-width: 250px) 100vw, 250px\" \/><\/figure><\/div>\n\n\n\n<p class=\"paragraph_style\">Les v\u00eatements sont utilis\u00e9s pour indiquer le statut social, \u00e9conomique, politique ou professionnel. Nous utilisons les v\u00eatements non seulement pour prot\u00e9ger notre corps lorsque nous avons honte, mais aussi pour nous \u00e9lever socialement. Cela conduit \u00e0 un cycle sans fin o\u00f9 les gens cherchent \u00e0 surpasser les autres, ou au moins \u00e0 les \u00e9galer. En retirant nos v\u00eatements, nous montrons notre respect pour les autres par une v\u00e9ritable modestie.<\/p>\n\n\n\n<p>Comme l'a d\u00e9clar\u00e9 Marc-Alain Descamps, brillant psychologue social fran\u00e7ais dont les trait\u00e9s sur le naturisme comptent parmi les meilleurs, \"l'octroi visuel r\u00e9ciproque de la nudit\u00e9 compl\u00e8te d\u00e9samorce la relation exhibitionniste\/voyeur\". Si une personne est habill\u00e9e alors que les autres sont nues, il est difficile, m\u00eame pour un naturiste, de s'\u00e9loigner compl\u00e8tement du voyeurisme. Inversement, une personne nue devant des personnes habill\u00e9es, comme un mannequin nu posant pour des photographes, comporte certains \u00e9l\u00e9ments d'exhibitionnisme.<\/p>\n\n\n\n<hr class=\"wp-block-separator is-style-wide\"\/>\n\n\n\n<h4 class=\"paragraph_style_1 wp-block-heading\">Faciliter la t\u00e2che des nouveaux venus<\/h4>\n\n\n\n<p class=\"paragraph_style\">Bien qu'une politique de non port de v\u00eatements puisse sembler faciliter la t\u00e2che des nouveaux venus, nous savons d'exp\u00e9rience qu'elle ne fait que retarder ind\u00e9finiment la raison de leur visite. Plus il y a de personnes nues, plus il est facile pour les visiteurs de se d\u00e9shabiller pour la premi\u00e8re fois. Comme cela a \u00e9t\u00e9 largement rapport\u00e9, lorsque les gens brisent enfin leur conditionnement social dans un environnement naturiste, ils se sentent g\u00e9n\u00e9ralement \u00e0 l'aise dans un court laps de temps, parfois seulement quelques minutes.<\/p>\n\n\n\n<hr class=\"wp-block-separator is-style-wide\"\/>\n\n\n\n<h4 class=\"paragraph_style_1 wp-block-heading\">Exclusion des individus aberrants<\/h4>\n\n\n\n<p class=\"paragraph_style\">Il est regrettable que certains membres de notre soci\u00e9t\u00e9 aient d\u00e9velopp\u00e9 une vision de la sexualit\u00e9 et du corps incompatible avec les valeurs naturistes. Puisque leur intention de visiter un environnement naturiste est inappropri\u00e9e, ils doivent \u00eatre exclus. Lorsqu'ils sont oblig\u00e9s de se mettre nus, ils se sentent g\u00e9n\u00e9ralement vuln\u00e9rables parce que les id\u00e9aux naturistes ne correspondent pas \u00e0 leur attitude. Elles partent alors, ou leur intention devient visible et on leur demande de partir.<\/p>\n\n\n\n<hr class=\"wp-block-separator is-style-wide\"\/>\n\n\n\n<h4 class=\"paragraph_style_1 wp-block-heading\">Tenir compagnie \u00e0 des personnes partageant les m\u00eames id\u00e9es<\/h4>\n\n\n\n<p>Le monde est tellement intol\u00e9rant \u00e0 l'\u00e9gard de nos valeurs que nous passons la majeure partie de notre temps \u00e0 les ressentir comme une agression ; \u00e0 tel point que de nombreux naturistes ont peur de parler de leurs convictions \u00e0 d'autres personnes. Une visite dans un club naturiste devrait \u00eatre l'occasion de se sentir entour\u00e9 de personnes partageant la m\u00eame passion.<\/p>","protected":false},"excerpt":{"rendered":"<p>La maxime du Bare Oaks Family Naturist Park est \"Les valeurs traditionnelles du naturisme dans un cadre moderne\". La partie \"valeurs traditionnelles\" r\u00e9sulte de notre observation que de nombreux clubs naturistes ont perdu la philosophie du naturisme. Pour beaucoup, le naturisme n'est qu'une activit\u00e9 r\u00e9cr\u00e9ative occasionnelle repr\u00e9sentant simplement une alternative au port du maillot de bain. Les aspects sociaux, psychologiques, environnementaux et moraux du mouvement ont disparu. Bien que nous ne voulions pas revenir \u00e0 l'\u00e9poque de la gymnastique su\u00e9doise obligatoire, du v\u00e9g\u00e9tarisme et de l'interdiction de l'alcool et du tabac, nous voulons r\u00e9introduire le naturisme en tant que philosophie et mode de vie. Bien s\u00fbr, ce n'est pas pour tout le monde, mais chacun peut faire son choix<a class=\"more-link\" href=\"https:\/\/www.bareoaks.ca\/fr\/why-nudity-is-required\/\">Lire la suite \u2192<\/a><\/p>","protected":false},"author":73,"featured_media":0,"parent":0,"menu_order":16,"comment_status":"closed","ping_status":"closed","template":"","meta":{"_themeisle_gutenberg_block_has_review":false,"footnotes":""},"class_list":["entry","author-sdeschenes","post-9","page","type-page","status-publish"],"yoast_head":"<!-- This site is optimized with the Yoast SEO plugin v27.3 - https:\/\/yoast.com\/product\/yoast-seo-wordpress\/ -->\n<title>Why Nudity is Required &#8226; Bare Oaks Family Naturist Park<\/title>\n<meta name=\"description\" content=\"Why nudity is required at Bare Oaks Family Naturist Park.\" \/>\n<meta name=\"robots\" content=\"index, follow, max-snippet:-1, max-image-preview:large, max-video-preview:-1\" \/>\n<link rel=\"canonical\" href=\"https:\/\/www.bareoaks.ca\/fr\/why-nudity-is-required\/\" \/>\n<meta property=\"og:locale\" content=\"fr_CA\" \/>\n<meta property=\"og:type\" content=\"article\" \/>\n<meta property=\"og:title\" content=\"Why Nudity is Required &#8226; Bare Oaks Family Naturist Park\" \/>\n<meta property=\"og:description\" content=\"Why nudity is required at Bare Oaks Family Naturist Park.\" \/>\n<meta property=\"og:url\" content=\"https:\/\/www.bareoaks.ca\/fr\/why-nudity-is-required\/\" \/>\n<meta property=\"og:site_name\" content=\"Bare Oaks Family Naturist Park\" \/>\n<meta property=\"article:publisher\" content=\"https:\/\/www.facebook.com\/BareOaksPark\" \/>\n<meta property=\"article:modified_time\" content=\"2021-12-28T16:59:31+00:00\" \/>\n<meta property=\"og:image\" content=\"https:\/\/www.bareoaks.ca\/wp-content\/uploads\/2010\/03\/why-nude-1040x250.jpg\" \/>\n<meta name=\"twitter:card\" content=\"summary_large_image\" \/>\n<meta name=\"twitter:site\" content=\"@BareOaksPark\" \/>\n<meta name=\"twitter:label1\" content=\"Estimation du temps de lecture\" \/>\n\t<meta name=\"twitter:data1\" content=\"6 minutes\" \/>\n<script type=\"application\/ld+json\" class=\"yoast-schema-graph\">{\"@context\":\"https:\\\/\\\/schema.org\",\"@graph\":[{\"@type\":\"WebPage\",\"@id\":\"https:\\\/\\\/www.bareoaks.ca\\\/why-nudity-is-required\\\/\",\"url\":\"https:\\\/\\\/www.bareoaks.ca\\\/why-nudity-is-required\\\/\",\"name\":\"Why Nudity is Required &#8226; Bare Oaks Family Naturist Park\",\"isPartOf\":{\"@id\":\"https:\\\/\\\/www.bareoaks.ca\\\/#website\"},\"primaryImageOfPage\":{\"@id\":\"https:\\\/\\\/www.bareoaks.ca\\\/why-nudity-is-required\\\/#primaryimage\"},\"image\":{\"@id\":\"https:\\\/\\\/www.bareoaks.ca\\\/why-nudity-is-required\\\/#primaryimage\"},\"thumbnailUrl\":\"https:\\\/\\\/www.bareoaks.ca\\\/wp-content\\\/uploads\\\/2010\\\/03\\\/why-nude-1040x250.jpg\",\"datePublished\":\"2010-03-03T03:10:02+00:00\",\"dateModified\":\"2021-12-28T16:59:31+00:00\",\"description\":\"Why nudity is required at Bare Oaks Family Naturist Park.\",\"breadcrumb\":{\"@id\":\"https:\\\/\\\/www.bareoaks.ca\\\/why-nudity-is-required\\\/#breadcrumb\"},\"inLanguage\":\"fr-CA\",\"potentialAction\":[{\"@type\":\"ReadAction\",\"target\":[\"https:\\\/\\\/www.bareoaks.ca\\\/why-nudity-is-required\\\/\"]}]},{\"@type\":\"ImageObject\",\"inLanguage\":\"fr-CA\",\"@id\":\"https:\\\/\\\/www.bareoaks.ca\\\/why-nudity-is-required\\\/#primaryimage\",\"url\":\"https:\\\/\\\/www.bareoaks.ca\\\/wp-content\\\/uploads\\\/2010\\\/03\\\/why-nude-1040x250.jpg\",\"contentUrl\":\"https:\\\/\\\/www.bareoaks.ca\\\/wp-content\\\/uploads\\\/2010\\\/03\\\/why-nude-1040x250.jpg\"},{\"@type\":\"BreadcrumbList\",\"@id\":\"https:\\\/\\\/www.bareoaks.ca\\\/why-nudity-is-required\\\/#breadcrumb\",\"itemListElement\":[{\"@type\":\"ListItem\",\"position\":1,\"name\":\"Home\",\"item\":\"https:\\\/\\\/www.bareoaks.ca\\\/\"},{\"@type\":\"ListItem\",\"position\":2,\"name\":\"Why Nudity is Required\"}]},{\"@type\":\"WebSite\",\"@id\":\"https:\\\/\\\/www.bareoaks.ca\\\/#website\",\"url\":\"https:\\\/\\\/www.bareoaks.ca\\\/\",\"name\":\"Bare Oaks Family Naturist Park\",\"description\":\"Traditional naturist values in a modern setting\",\"publisher\":{\"@id\":\"https:\\\/\\\/www.bareoaks.ca\\\/#organization\"},\"potentialAction\":[{\"@type\":\"SearchAction\",\"target\":{\"@type\":\"EntryPoint\",\"urlTemplate\":\"https:\\\/\\\/www.bareoaks.ca\\\/?s={search_term_string}\"},\"query-input\":{\"@type\":\"PropertyValueSpecification\",\"valueRequired\":true,\"valueName\":\"search_term_string\"}}],\"inLanguage\":\"fr-CA\"},{\"@type\":\"Organization\",\"@id\":\"https:\\\/\\\/www.bareoaks.ca\\\/#organization\",\"name\":\"Bare Oaks Family Naturist Park\",\"url\":\"https:\\\/\\\/www.bareoaks.ca\\\/\",\"logo\":{\"@type\":\"ImageObject\",\"inLanguage\":\"fr-CA\",\"@id\":\"https:\\\/\\\/www.bareoaks.ca\\\/#\\\/schema\\\/logo\\\/image\\\/\",\"url\":\"https:\\\/\\\/www.bareoaks.ca\\\/wp-content\\\/uploads\\\/2025\\\/07\\\/BareOaksLogo_website.png\",\"contentUrl\":\"https:\\\/\\\/www.bareoaks.ca\\\/wp-content\\\/uploads\\\/2025\\\/07\\\/BareOaksLogo_website.png\",\"width\":250,\"height\":132,\"caption\":\"Bare Oaks Family Naturist Park\"},\"image\":{\"@id\":\"https:\\\/\\\/www.bareoaks.ca\\\/#\\\/schema\\\/logo\\\/image\\\/\"},\"sameAs\":[\"https:\\\/\\\/www.facebook.com\\\/BareOaksPark\",\"https:\\\/\\\/x.com\\\/BareOaksPark\",\"https:\\\/\\\/www.instagram.com\\\/bareoaks\\\/\",\"http:\\\/\\\/www.linkedin.com\\\/company\\\/bare-oaks-family-naturist-park\",\"https:\\\/\\\/www.youtube.com\\\/user\\\/BareOaks\",\"https:\\\/\\\/en.wikipedia.org\\\/wiki\\\/Bare_Oaks_Family_Naturist_Park\"]}]}<\/script>\n<!-- \/ Yoast SEO plugin. -->","yoast_head_json":{"title":"Pourquoi la nudit\u00e9 est n\u00e9cessaire - Bare Oaks Family Naturist Park","description":"Pourquoi la nudit\u00e9 est-elle obligatoire au Bare Oaks Family Naturist Park ?","robots":{"index":"index","follow":"follow","max-snippet":"max-snippet:-1","max-image-preview":"max-image-preview:large","max-video-preview":"max-video-preview:-1"},"canonical":"https:\/\/www.bareoaks.ca\/fr\/why-nudity-is-required\/","og_locale":"fr_CA","og_type":"article","og_title":"Why Nudity is Required &#8226; Bare Oaks Family Naturist Park","og_description":"Why nudity is required at Bare Oaks Family Naturist Park.","og_url":"https:\/\/www.bareoaks.ca\/fr\/why-nudity-is-required\/","og_site_name":"Bare Oaks Family Naturist Park","article_publisher":"https:\/\/www.facebook.com\/BareOaksPark","article_modified_time":"2021-12-28T16:59:31+00:00","og_image":[{"url":"https:\/\/www.bareoaks.ca\/wp-content\/uploads\/2010\/03\/why-nude-1040x250.jpg","type":"","width":"","height":""}],"twitter_card":"summary_large_image","twitter_site":"@BareOaksPark","twitter_misc":{"Estimation du temps de lecture":"6 minutes"},"schema":{"@context":"https:\/\/schema.org","@graph":[{"@type":"WebPage","@id":"https:\/\/www.bareoaks.ca\/why-nudity-is-required\/","url":"https:\/\/www.bareoaks.ca\/why-nudity-is-required\/","name":"Pourquoi la nudit\u00e9 est n\u00e9cessaire - Bare Oaks Family Naturist Park","isPartOf":{"@id":"https:\/\/www.bareoaks.ca\/#website"},"primaryImageOfPage":{"@id":"https:\/\/www.bareoaks.ca\/why-nudity-is-required\/#primaryimage"},"image":{"@id":"https:\/\/www.bareoaks.ca\/why-nudity-is-required\/#primaryimage"},"thumbnailUrl":"https:\/\/www.bareoaks.ca\/wp-content\/uploads\/2010\/03\/why-nude-1040x250.jpg","datePublished":"2010-03-03T03:10:02+00:00","dateModified":"2021-12-28T16:59:31+00:00","description":"Pourquoi la nudit\u00e9 est-elle obligatoire au Bare Oaks Family Naturist Park ?","breadcrumb":{"@id":"https:\/\/www.bareoaks.ca\/why-nudity-is-required\/#breadcrumb"},"inLanguage":"fr-CA","potentialAction":[{"@type":"ReadAction","target":["https:\/\/www.bareoaks.ca\/why-nudity-is-required\/"]}]},{"@type":"ImageObject","inLanguage":"fr-CA","@id":"https:\/\/www.bareoaks.ca\/why-nudity-is-required\/#primaryimage","url":"https:\/\/www.bareoaks.ca\/wp-content\/uploads\/2010\/03\/why-nude-1040x250.jpg","contentUrl":"https:\/\/www.bareoaks.ca\/wp-content\/uploads\/2010\/03\/why-nude-1040x250.jpg"},{"@type":"BreadcrumbList","@id":"https:\/\/www.bareoaks.ca\/why-nudity-is-required\/#breadcrumb","itemListElement":[{"@type":"ListItem","position":1,"name":"Home","item":"https:\/\/www.bareoaks.ca\/"},{"@type":"ListItem","position":2,"name":"Why Nudity is Required"}]},{"@type":"WebSite","@id":"https:\/\/www.bareoaks.ca\/#website","url":"https:\/\/www.bareoaks.ca\/","name":"Parc naturiste familial Bare Oaks","description":"Des valeurs naturistes traditionnelles dans un cadre moderne","publisher":{"@id":"https:\/\/www.bareoaks.ca\/#organization"},"potentialAction":[{"@type":"SearchAction","target":{"@type":"EntryPoint","urlTemplate":"https:\/\/www.bareoaks.ca\/?s={search_term_string}"},"query-input":{"@type":"PropertyValueSpecification","valueRequired":true,"valueName":"search_term_string"}}],"inLanguage":"fr-CA"},{"@type":"Organization","@id":"https:\/\/www.bareoaks.ca\/#organization","name":"Parc naturiste familial Bare Oaks","url":"https:\/\/www.bareoaks.ca\/","logo":{"@type":"ImageObject","inLanguage":"fr-CA","@id":"https:\/\/www.bareoaks.ca\/#\/schema\/logo\/image\/","url":"https:\/\/www.bareoaks.ca\/wp-content\/uploads\/2025\/07\/BareOaksLogo_website.png","contentUrl":"https:\/\/www.bareoaks.ca\/wp-content\/uploads\/2025\/07\/BareOaksLogo_website.png","width":250,"height":132,"caption":"Bare Oaks Family Naturist Park"},"image":{"@id":"https:\/\/www.bareoaks.ca\/#\/schema\/logo\/image\/"},"sameAs":["https:\/\/www.facebook.com\/BareOaksPark","https:\/\/x.com\/BareOaksPark","https:\/\/www.instagram.com\/bareoaks\/","http:\/\/www.linkedin.com\/company\/bare-oaks-family-naturist-park","https:\/\/www.youtube.com\/user\/BareOaks","https:\/\/en.wikipedia.org\/wiki\/Bare_Oaks_Family_Naturist_Park"]}]}},"_links":{"self":[{"href":"https:\/\/www.bareoaks.ca\/fr\/wp-json\/wp\/v2\/pages\/9","targetHints":{"allow":["GET"]}}],"collection":[{"href":"https:\/\/www.bareoaks.ca\/fr\/wp-json\/wp\/v2\/pages"}],"about":[{"href":"https:\/\/www.bareoaks.ca\/fr\/wp-json\/wp\/v2\/types\/page"}],"author":[{"embeddable":true,"href":"https:\/\/www.bareoaks.ca\/fr\/wp-json\/wp\/v2\/users\/73"}],"replies":[{"embeddable":true,"href":"https:\/\/www.bareoaks.ca\/fr\/wp-json\/wp\/v2\/comments?post=9"}],"version-history":[{"count":18,"href":"https:\/\/www.bareoaks.ca\/fr\/wp-json\/wp\/v2\/pages\/9\/revisions"}],"predecessor-version":[{"id":72637,"href":"https:\/\/www.bareoaks.ca\/fr\/wp-json\/wp\/v2\/pages\/9\/revisions\/72637"}],"wp:attachment":[{"href":"https:\/\/www.bareoaks.ca\/fr\/wp-json\/wp\/v2\/media?parent=9"}],"curies":[{"name":"wp","href":"https:\/\/api.w.org\/{rel}","templated":true}]}}